{"id":770,"date":"2021-03-18T14:45:57","date_gmt":"2021-03-18T20:45:57","guid":{"rendered":"https:\/\/mivoot.com\/gt\/?page_id=770"},"modified":"2026-02-11T22:29:29","modified_gmt":"2026-02-12T04:29:29","slug":"politicas-de-envio","status":"publish","type":"page","link":"https:\/\/mivoot.com\/gt\/politicas-de-envio\/","title":{"rendered":"Pol\u00edticas de envi\u00f3"},"content":{"rendered":"<div class=\"container section-title-container\" ><h1 class=\"section-title section-title-bold-center\"><b><\/b><span class=\"section-title-main\" style=\"color:rgb(221, 129, 58);\"><i class=\"icon-gift\" ><\/i>POLITICAS DE ENVIO<\/span><b><\/b><\/h1><\/div>\n\n<p><img fetchpriority=\"high\" decoding=\"async\" class=\"alignnone size-full wp-image-28839\" src=\"https:\/\/mivoot.com\/gt\/wp-content\/uploads\/2025\/06\/Envios.png\" alt=\"\" width=\"1280\" height=\"720\" srcset=\"https:\/\/mivoot.com\/gt\/wp-content\/uploads\/2025\/06\/Envios.png 1280w, https:\/\/mivoot.com\/gt\/wp-content\/uploads\/2025\/06\/Envios-410x231.png 410w, https:\/\/mivoot.com\/gt\/wp-content\/uploads\/2025\/06\/Envios-64x36.png 64w, https:\/\/mivoot.com\/gt\/wp-content\/uploads\/2025\/06\/Envios-300x169.png 300w, https:\/\/mivoot.com\/gt\/wp-content\/uploads\/2025\/06\/Envios-768x432.png 768w, https:\/\/mivoot.com\/gt\/wp-content\/uploads\/2025\/06\/Envios-600x338.png 600w\" sizes=\"(max-width: 1280px) 100vw, 1280px\" \/><\/p>\n<p>Todos tus paquetes son enviados desde nuestra bodega Central garantizando que el mismo es completamente nuevo y sellado te presentamos las diferentes forma de envios a todo el pais<\/p>\n\t<div id=\"text-2935597523\" class=\"text\">\n\t\t\n\n<h2>Env\u00edos en Ciudad de Guatemala &#8211; CDGT<\/h2>\n<p>A Ciudad de Guatemala el envi\u00f3 se realiza con nuestros mensajeros utilizamos una log\u00edstica previamente definida para entregas optimas en el menor tiempo posible y asi mismo <span class=\"s1\"><span lang=\"ES-MX\">asegurar la puntualidad y confianza en las entregas de la mercader\u00eda. <\/span><\/span><span class=\"apple-converted-space\"><span lang=\"ES-MX\">\u00a0<\/span><\/span><\/p>\n<p>Las tarifas de env\u00edo son las siguientes:<\/p>\n<ul>\n<li style=\"list-style-type: none;\">\n<ul>\n<li>Municipio de Guatemala: Q30.00<\/li>\n<li>Municipios del departamento de Guatemala Q35**<\/li>\n<li>Carretera al Salvador y atl\u00e1ntico: Q.50.00**<\/li>\n<li>Env\u00edo express Q15.00 (adicionales)<\/li>\n<\/ul>\n<\/li>\n<\/ul>\n<p style=\"padding-left: 40px;\"><span style=\"font-family: Arial;\">**incluye<\/span>: Ciudad Guatemala, Mixco, Villa Nueva, Amatitl\u00e1n, Santa Catarina Pinula, Hasta Km. 25 Carretera a El Salvador, Hasta Km 15 Carretera al Atl\u00e1ntico<\/p>\n<p style=\"padding-left: 40px;\">**No incluye despacho y entregas <span class=\"s1\"><span lang=\"ES-MX\">en zonas rojas y\/o restringidas<\/span><\/span><\/p>\n<hr \/>\n<h3>Env\u00edo Express<\/h3>\n<p>Si todos los productos de tu pedido est\u00e1n disponibles para entrega r\u00e1pida y haces tu compra entre 6am y 12:30pm, te ofrecemos la opci\u00f3n de entrega express en menos de 4 horas.\u00a0 Esta tiene un costo de Q15.00.\u00a0<\/p>\n<p>el envi\u00f3 se realiza con nuestro aliado log\u00edstico\u00a0<\/p>\n<p><img decoding=\"async\" class=\"alignleft\" src=\"https:\/\/app.goboxful.com\/_next\/image?url=https%3A%2F%2Fboxful.sfo3.digitaloceanspaces.com%2FcouriersLogos%2Fpedidosya.png&amp;w=256&amp;q=75\" alt=\"PedidosYa! logo\" width=\"62\" height=\"62\" \/>\u00a0 Entrega el mismo d\u00eda, hora m\u00e1xima de recolecci\u00f3n 15hrs<\/p>\n<p>tu pedido debe de ser ya completado y confirmado para poder optar con entrega urgente. (notifica a ventas que deseas este servicio)<\/p>\n<p>* Actualmente solo est\u00e1 disponible en los alrededores de la Ciudad de Guatemala.<\/p>\n<ul>\n<li class=\"p1\"><span class=\"s1\"><b><span lang=\"ES-MX\">Tiempos de entrega<\/span><\/b><\/span><span class=\"s1\"><span lang=\"ES-MX\">:<\/span><\/span><span class=\"apple-converted-space\"><span lang=\"ES-MX\">\u00a0\u00a0<\/span><\/span><span class=\"s1\"><span lang=\"ES-MX\">estos tiempos de entrega pueden variar de acuerdo a las circunstancias de tr\u00e1nsito y que se presente en la transportaci\u00f3n.<\/span><\/span><\/li>\n<\/ul>\n<p>\u00a0<\/p>\n<hr \/>\n<h3>Env\u00edos al Interior del pa\u00eds<\/h3>\n<center><a href=\"https:\/\/www.kemik.gt\/2014\/09\/25\/envios-a-toda-guatemala\/caex\/#main\" rel=\"attachment wp-att-87222\"><img decoding=\"async\" class=\"alignnonewp-image-87222 lazyloaded\" src=\"https:\/\/www.kemik.gt\/wp-content\/uploads\/2014\/09\/caex.png\" sizes=\"(max-width: 275px) 100vw, 275px\" srcset=\"https:\/\/static.kemikcdn.com\/2014\/09\/caex.png 275w, https:\/\/static.kemikcdn.com\/2014\/09\/caex-150x31.png 150w\" alt=\"\" width=\"275\" height=\"56\" data-srcset=\"https:\/\/static.kemikcdn.com\/2014\/09\/caex.png 275w, https:\/\/static.kemikcdn.com\/2014\/09\/caex-150x31.png 150w\" data-src=\"https:\/\/www.kemik.gt\/wp-content\/uploads\/2014\/09\/caex.png\" \/><\/a><\/center><center><\/center>\n<p><strong>M\u00e9todo Compra Segura<\/strong> &#8211; Ahorro en tu compra, con nuestro beneficio compra segura obtienes un % porcentaje de descuento en tu compra solamente, t\u00fa seleccionas el m\u00e9todo de envi\u00f3 con el Courier de tu confianza.<\/p>\n<p>Tu pago debe de realizarse por medio de Deposito o transferencia bancaria \u00f3 pago con tarjeta de cr\u00e9dito o debito, el tiempo de entrega es de 2 a 3 dias h\u00e1biles, el costo de envi\u00f3 lo determina el Courier de tu confianza\u00a0<\/p>\n<p><strong>M\u00e9todo COD<\/strong> &#8211; Enviamos tu producto por medio de Cargo Expreso y tu pagas al recibir tu producto (COD Pago contra entrega) el costo de envi\u00f3 es desde Q50 y pagas el valor de tu producto m\u00e1s envi\u00f3 al recibir. Contra entrega (peso menor a 15 lbrs)<\/p>\n<p>*para compras mayores a Q4,500 aplica el 5% de recargo por el servicio COD<\/p>\n<p><strong>Envi\u00f3 Gratis &#8211; <\/strong>Si tu compra es por medio de transferencia bancaria deposito o tarjeta el envi\u00f3 es completamente Gratis en servicio CAEX SE (aplica a productos con peso menor a 15lbrs)<\/p>\n<hr \/>\n<p><span class=\"s1\"><b>P\u00f3liza<span lang=\"ES-MX\">\u00a0de Seguro:<\/span><\/b><\/span><span class=\"s1\"><span lang=\"ES-MX\"> el Courier cuenta con una p\u00f3liza de seguro dentro del territorio de Guatemala que cubrir\u00e1 el riesgo de robo o p\u00e9rdida total o parcial del producto en proceso de transporte hasta por un monto de seiscientos quetzales (Q.1600.0)<\/span><\/span><\/p>\n\t\t\n<style>\n#text-2935597523 {\n  line-height: 1.25;\n}\n<\/style>\n\t<\/div>\n\t\n<div class=\"container section-title-container\" ><h1 class=\"section-title section-title-bold-center\"><b><\/b><span class=\"section-title-main\" style=\"color:rgb(221, 129, 58);\"><i class=\"icon-checkmark\" ><\/i>Formas de pago<\/span><b><\/b><\/h1><\/div>\n\n\t<div id=\"text-1801530322\" class=\"text\">\n\t\t\n\n<p>Los medios de pagos que ofrecemos en mivoot.com a nuestros clientes son 100% seguros y garantizados adem\u00e1s se ajustan a tus necesidades<\/p>\n<p>Para garantizar una plataforma de comercio electr\u00f3nico segura, contamos con las siguientes formas de pago:<\/p>\n<ul>\n<li style=\"list-style-type: none;\">\n<ul>\n<li>Aceptamos tarjetas de cr\u00e9dito \/ d\u00e9bito<\/li>\n<li>Visa &#8211; Mastercard &#8211; Amex<\/li>\n<li>Neocuotas<\/li>\n<li>Master coutas<\/li>\n<li>Canje de puntos visa<\/li>\n<li>Pago de efectivo contra entrega\u00a0 \u00a0 *aplican restricciones<\/li>\n<li>Transferencia bancaria\/deposito a cuenta\u00a0<\/li>\n<li>ACH<\/li>\n<li>Pago por medio de app Zigi<\/li>\n<li>Pago por medio de VWay<\/li>\n<li>Pago por medio de Kash app<\/li>\n<\/ul>\n<\/li>\n<\/ul>\n<p>\u00a0<\/p>\n<p>\u00a0<\/p>\n<p><img loading=\"lazy\" decoding=\"async\" class=\"alignnonewp-image-8580\" src=\"https:\/\/mivoot.com\/gt\/wp-content\/uploads\/2022\/07\/VisaV.png\" alt=\"\" width=\"304\" height=\"83\" srcset=\"https:\/\/mivoot.com\/gt\/wp-content\/uploads\/2022\/07\/VisaV.png 458w, https:\/\/mivoot.com\/gt\/wp-content\/uploads\/2022\/07\/VisaV-410x112.png 410w, https:\/\/mivoot.com\/gt\/wp-content\/uploads\/2022\/07\/VisaV-64x17.png 64w, https:\/\/mivoot.com\/gt\/wp-content\/uploads\/2022\/07\/VisaV-300x82.png 300w\" sizes=\"(max-width: 304px) 100vw, 304px\" \/> \u00a0 \u00a0 \u00a0 <img loading=\"lazy\" decoding=\"async\" class=\"\" src=\"https:\/\/cdn-icons-png.freepik.com\/256\/5968\/5968245.png?semt=ais_incoming\" alt=\"Descarga iconos gratuitos de Logo American Express en PNG y SVG\" width=\"65\" height=\"65\" \/>\u00a0 \u00a0 \u00a0 \u00a0\u00a0<img loading=\"lazy\" decoding=\"async\" class=\"\" src=\"https:\/\/upload.wikimedia.org\/wikipedia\/commons\/8\/8a\/Bac_credomatic_logo.png\" alt=\"Archivo:Bac credomatic logo.png - Wikipedia, la enciclopedia libre\" width=\"185\" height=\"63\" \/>\u00a0 \u00a0 \u00a0 <img loading=\"lazy\" decoding=\"async\" class=\"alignnonewp-image-8582\" src=\"https:\/\/mivoot.com\/gt\/wp-content\/uploads\/2022\/07\/logo-vway.png\" alt=\"\" width=\"158\" height=\"77\" srcset=\"https:\/\/mivoot.com\/gt\/wp-content\/uploads\/2022\/07\/logo-vway.png 459w, https:\/\/mivoot.com\/gt\/wp-content\/uploads\/2022\/07\/logo-vway-410x200.png 410w, https:\/\/mivoot.com\/gt\/wp-content\/uploads\/2022\/07\/logo-vway-64x31.png 64w, https:\/\/mivoot.com\/gt\/wp-content\/uploads\/2022\/07\/logo-vway-300x146.png 300w\" sizes=\"(max-width: 158px) 100vw, 158px\" \/>\u00a0 \u00a0 \u00a0<img loading=\"lazy\" decoding=\"async\" class=\"alignnonewp-image-8583\" src=\"https:\/\/mivoot.com\/gt\/wp-content\/uploads\/2022\/07\/1200x600wa.png\" alt=\"\" width=\"158\" height=\"104\" srcset=\"https:\/\/mivoot.com\/gt\/wp-content\/uploads\/2022\/07\/1200x600wa.png 649w, https:\/\/mivoot.com\/gt\/wp-content\/uploads\/2022\/07\/1200x600wa-410x270.png 410w, https:\/\/mivoot.com\/gt\/wp-content\/uploads\/2022\/07\/1200x600wa-64x42.png 64w, https:\/\/mivoot.com\/gt\/wp-content\/uploads\/2022\/07\/1200x600wa-300x198.png 300w\" sizes=\"(max-width: 158px) 100vw, 158px\" \/>\u00a0 \u00a0 \u00a0 \u00a0 \u00a0<img loading=\"lazy\" decoding=\"async\" class=\"\" src=\"https:\/\/neonet.com.gt\/img\/web_site\/logos\/neolink_purple_left.png\" alt=\"NeoNet - NeoLink\" width=\"208\" height=\"46\" \/><\/p>\n\t\t\n<style>\n#text-1801530322 {\n  line-height: 1;\n}\n<\/style>\n\t<\/div>\n\t","protected":false},"excerpt":{"rendered":"","protected":false},"author":1,"featured_media":0,"parent":0,"menu_order":0,"comment_status":"closed","ping_status":"closed","template":"","meta":{"two_page_speed":[],"footnotes":""},"class_list":["post-770","page","type-page","status-publish","hentry"],"yoast_head":"<!-- This site is optimized with the Yoast SEO Premium plugin v25.7.1 (Yoast SEO v26.8) - https:\/\/yoast.com\/product\/yoast-seo-premium-wordpress\/ -->\n<title>Pol\u00edticas de envi\u00f3 - Mivoot<\/title>\n<meta name=\"robots\" content=\"index, follow, max-snippet:-1, max-image-preview:large, max-video-preview:-1\" \/>\n<link rel=\"canonical\" href=\"https:\/\/mivoot.com\/gt\/politicas-de-envio\/\" \/>\n<meta property=\"og:locale\" content=\"es_ES\" \/>\n<meta property=\"og:type\" content=\"article\" \/>\n<meta property=\"og:title\" content=\"Pol\u00edticas de envi\u00f3\" \/>\n<meta property=\"og:url\" content=\"https:\/\/mivoot.com\/gt\/politicas-de-envio\/\" \/>\n<meta property=\"og:site_name\" content=\"Mivoot\" \/>\n<meta property=\"article:publisher\" content=\"https:\/\/www.facebook.com\/mivootgt\" \/>\n<meta property=\"article:modified_time\" content=\"2026-02-12T04:29:29+00:00\" \/>\n<meta property=\"og:image\" content=\"https:\/\/mivoot.com\/gt\/wp-content\/uploads\/2025\/06\/Envios.png\" \/>\n\t<meta property=\"og:image:width\" content=\"1280\" \/>\n\t<meta property=\"og:image:height\" content=\"720\" \/>\n\t<meta property=\"og:image:type\" content=\"image\/png\" \/>\n<meta name=\"twitter:card\" content=\"summary_large_image\" \/>\n<meta name=\"twitter:label1\" content=\"Est. reading time\" \/>\n\t<meta name=\"twitter:data1\" content=\"5 minutos\" \/>\n<script type=\"application\/ld+json\" class=\"yoast-schema-graph\">{\"@context\":\"https:\/\/schema.org\",\"@graph\":[{\"@type\":\"WebPage\",\"@id\":\"https:\/\/mivoot.com\/gt\/politicas-de-envio\/\",\"url\":\"https:\/\/mivoot.com\/gt\/politicas-de-envio\/\",\"name\":\"Pol\u00edticas de envi\u00f3 - Mivoot\",\"isPartOf\":{\"@id\":\"https:\/\/mivoot.com\/gt\/#website\"},\"primaryImageOfPage\":{\"@id\":\"https:\/\/mivoot.com\/gt\/politicas-de-envio\/#primaryimage\"},\"image\":{\"@id\":\"https:\/\/mivoot.com\/gt\/politicas-de-envio\/#primaryimage\"},\"thumbnailUrl\":\"https:\/\/mivoot.com\/gt\/wp-content\/uploads\/2025\/06\/Envios.png\",\"datePublished\":\"2021-03-18T20:45:57+00:00\",\"dateModified\":\"2026-02-12T04:29:29+00:00\",\"breadcrumb\":{\"@id\":\"https:\/\/mivoot.com\/gt\/politicas-de-envio\/#breadcrumb\"},\"inLanguage\":\"es\",\"potentialAction\":[{\"@type\":\"ReadAction\",\"target\":[\"https:\/\/mivoot.com\/gt\/politicas-de-envio\/\"]}]},{\"@type\":\"ImageObject\",\"inLanguage\":\"es\",\"@id\":\"https:\/\/mivoot.com\/gt\/politicas-de-envio\/#primaryimage\",\"url\":\"https:\/\/mivoot.com\/gt\/wp-content\/uploads\/2025\/06\/Envios.png\",\"contentUrl\":\"https:\/\/mivoot.com\/gt\/wp-content\/uploads\/2025\/06\/Envios.png\",\"width\":1280,\"height\":720},{\"@type\":\"BreadcrumbList\",\"@id\":\"https:\/\/mivoot.com\/gt\/politicas-de-envio\/#breadcrumb\",\"itemListElement\":[{\"@type\":\"ListItem\",\"position\":1,\"name\":\"Inicio\",\"item\":\"https:\/\/mivoot.com\/gt\/\"},{\"@type\":\"ListItem\",\"position\":2,\"name\":\"Pol\u00edticas de envi\u00f3\"}]},{\"@type\":\"WebSite\",\"@id\":\"https:\/\/mivoot.com\/gt\/#website\",\"url\":\"https:\/\/mivoot.com\/gt\/\",\"name\":\"Mivoot\",\"description\":\"Mivoot Guatemala | Tienda Online\",\"publisher\":{\"@id\":\"https:\/\/mivoot.com\/gt\/#organization\"},\"alternateName\":\"mivoot\",\"potentialAction\":[{\"@type\":\"SearchAction\",\"target\":{\"@type\":\"EntryPoint\",\"urlTemplate\":\"https:\/\/mivoot.com\/gt\/?s={search_term_string}\"},\"query-input\":{\"@type\":\"PropertyValueSpecification\",\"valueRequired\":true,\"valueName\":\"search_term_string\"}}],\"inLanguage\":\"es\"},{\"@type\":\"Organization\",\"@id\":\"https:\/\/mivoot.com\/gt\/#organization\",\"name\":\"Mivoot Guatemala\",\"alternateName\":\"mivoot.com\",\"url\":\"https:\/\/mivoot.com\/gt\/\",\"logo\":{\"@type\":\"ImageObject\",\"inLanguage\":\"es\",\"@id\":\"https:\/\/mivoot.com\/gt\/#\/schema\/logo\/image\/\",\"url\":\"https:\/\/mivoot.com\/gt\/wp-content\/uploads\/2023\/03\/cropped-icon.png\",\"contentUrl\":\"https:\/\/mivoot.com\/gt\/wp-content\/uploads\/2023\/03\/cropped-icon.png\",\"width\":512,\"height\":512,\"caption\":\"Mivoot Guatemala\"},\"image\":{\"@id\":\"https:\/\/mivoot.com\/gt\/#\/schema\/logo\/image\/\"},\"sameAs\":[\"https:\/\/www.facebook.com\/mivootgt\",\"https:\/\/instagram.com\/mivoot\"]}]}<\/script>\n<!-- \/ Yoast SEO Premium plugin. -->","yoast_head_json":{"title":"Pol\u00edticas de envi\u00f3 - Mivoot","robots":{"index":"index","follow":"follow","max-snippet":"max-snippet:-1","max-image-preview":"max-image-preview:large","max-video-preview":"max-video-preview:-1"},"canonical":"https:\/\/mivoot.com\/gt\/politicas-de-envio\/","og_locale":"es_ES","og_type":"article","og_title":"Pol\u00edticas de envi\u00f3","og_url":"https:\/\/mivoot.com\/gt\/politicas-de-envio\/","og_site_name":"Mivoot","article_publisher":"https:\/\/www.facebook.com\/mivootgt","article_modified_time":"2026-02-12T04:29:29+00:00","og_image":[{"width":1280,"height":720,"url":"https:\/\/mivoot.com\/gt\/wp-content\/uploads\/2025\/06\/Envios.png","type":"image\/png"}],"twitter_card":"summary_large_image","twitter_misc":{"Est. reading time":"5 minutos"},"schema":{"@context":"https:\/\/schema.org","@graph":[{"@type":"WebPage","@id":"https:\/\/mivoot.com\/gt\/politicas-de-envio\/","url":"https:\/\/mivoot.com\/gt\/politicas-de-envio\/","name":"Pol\u00edticas de envi\u00f3 - Mivoot","isPartOf":{"@id":"https:\/\/mivoot.com\/gt\/#website"},"primaryImageOfPage":{"@id":"https:\/\/mivoot.com\/gt\/politicas-de-envio\/#primaryimage"},"image":{"@id":"https:\/\/mivoot.com\/gt\/politicas-de-envio\/#primaryimage"},"thumbnailUrl":"https:\/\/mivoot.com\/gt\/wp-content\/uploads\/2025\/06\/Envios.png","datePublished":"2021-03-18T20:45:57+00:00","dateModified":"2026-02-12T04:29:29+00:00","breadcrumb":{"@id":"https:\/\/mivoot.com\/gt\/politicas-de-envio\/#breadcrumb"},"inLanguage":"es","potentialAction":[{"@type":"ReadAction","target":["https:\/\/mivoot.com\/gt\/politicas-de-envio\/"]}]},{"@type":"ImageObject","inLanguage":"es","@id":"https:\/\/mivoot.com\/gt\/politicas-de-envio\/#primaryimage","url":"https:\/\/mivoot.com\/gt\/wp-content\/uploads\/2025\/06\/Envios.png","contentUrl":"https:\/\/mivoot.com\/gt\/wp-content\/uploads\/2025\/06\/Envios.png","width":1280,"height":720},{"@type":"BreadcrumbList","@id":"https:\/\/mivoot.com\/gt\/politicas-de-envio\/#breadcrumb","itemListElement":[{"@type":"ListItem","position":1,"name":"Inicio","item":"https:\/\/mivoot.com\/gt\/"},{"@type":"ListItem","position":2,"name":"Pol\u00edticas de envi\u00f3"}]},{"@type":"WebSite","@id":"https:\/\/mivoot.com\/gt\/#website","url":"https:\/\/mivoot.com\/gt\/","name":"Mivoot","description":"Mivoot Guatemala | Tienda Online","publisher":{"@id":"https:\/\/mivoot.com\/gt\/#organization"},"alternateName":"mivoot","potentialAction":[{"@type":"SearchAction","target":{"@type":"EntryPoint","urlTemplate":"https:\/\/mivoot.com\/gt\/?s={search_term_string}"},"query-input":{"@type":"PropertyValueSpecification","valueRequired":true,"valueName":"search_term_string"}}],"inLanguage":"es"},{"@type":"Organization","@id":"https:\/\/mivoot.com\/gt\/#organization","name":"Mivoot Guatemala","alternateName":"mivoot.com","url":"https:\/\/mivoot.com\/gt\/","logo":{"@type":"ImageObject","inLanguage":"es","@id":"https:\/\/mivoot.com\/gt\/#\/schema\/logo\/image\/","url":"https:\/\/mivoot.com\/gt\/wp-content\/uploads\/2023\/03\/cropped-icon.png","contentUrl":"https:\/\/mivoot.com\/gt\/wp-content\/uploads\/2023\/03\/cropped-icon.png","width":512,"height":512,"caption":"Mivoot Guatemala"},"image":{"@id":"https:\/\/mivoot.com\/gt\/#\/schema\/logo\/image\/"},"sameAs":["https:\/\/www.facebook.com\/mivootgt","https:\/\/instagram.com\/mivoot"]}]}},"jetpack_shortlink":"https:\/\/wp.me\/Pcr4Lo-cq","jetpack_sharing_enabled":true,"_links":{"self":[{"href":"https:\/\/mivoot.com\/gt\/wp-json\/wp\/v2\/pages\/770","targetHints":{"allow":["GET"]}}],"collection":[{"href":"https:\/\/mivoot.com\/gt\/wp-json\/wp\/v2\/pages"}],"about":[{"href":"https:\/\/mivoot.com\/gt\/wp-json\/wp\/v2\/types\/page"}],"author":[{"embeddable":true,"href":"https:\/\/mivoot.com\/gt\/wp-json\/wp\/v2\/users\/1"}],"replies":[{"embeddable":true,"href":"https:\/\/mivoot.com\/gt\/wp-json\/wp\/v2\/comments?post=770"}],"version-history":[{"count":20,"href":"https:\/\/mivoot.com\/gt\/wp-json\/wp\/v2\/pages\/770\/revisions"}],"predecessor-version":[{"id":32124,"href":"https:\/\/mivoot.com\/gt\/wp-json\/wp\/v2\/pages\/770\/revisions\/32124"}],"wp:attachment":[{"href":"https:\/\/mivoot.com\/gt\/wp-json\/wp\/v2\/media?parent=770"}],"curies":[{"name":"wp","href":"https:\/\/api.w.org\/{rel}","templated":true}]}}