{"id":9695,"date":"2022-08-12T21:27:28","date_gmt":"2022-08-13T03:27:28","guid":{"rendered":"https:\/\/mivoot.com\/gt\/?page_id=9695"},"modified":"2025-05-28T16:33:34","modified_gmt":"2025-05-28T22:33:34","slug":"como-comprar","status":"publish","type":"page","link":"https:\/\/mivoot.com\/gt\/como-comprar\/","title":{"rendered":"Como comprar"},"content":{"rendered":"<div class=\"grid12-12\">\n<h1 style=\"text-align: center;\"><strong><span style=\"font-size: 100%;\">\u00bfC\u00d3MO COMPRO?<\/span><\/strong><\/h1>\n<\/div>\n<div class=\"grid12-12\"><img decoding=\"async\" class=\" wp-image-27484 aligncenter\" src=\"https:\/\/mivoot.com\/gt\/wp-content\/uploads\/2025\/04\/ONLINE2.png\" alt=\"\" width=\"250\" height=\"136\" srcset=\"https:\/\/mivoot.com\/gt\/wp-content\/uploads\/2025\/04\/ONLINE2.png 358w, https:\/\/mivoot.com\/gt\/wp-content\/uploads\/2025\/04\/ONLINE2-64x35.png 64w, https:\/\/mivoot.com\/gt\/wp-content\/uploads\/2025\/04\/ONLINE2-300x163.png 300w\" sizes=\"(max-width: 250px) 100vw, 250px\" \/><\/div>\n<div>\u00a0<\/div>\n<p>Accede r\u00e1pidamente a nuestros productos, crea una cuenta en <strong>mivoot.com<\/strong> y adquiere tus productos favoritos en 90 segundos de forma r\u00e1pida y sencilla.<\/p>\n<ol>\n<li>Selecciona el (los) articulo(s) de tu inter\u00e9s y agr\u00e9galo a tu carro de compras.<\/li>\n<li>Procede con finalizar tu pedido completando tus datos (debes de tener una cuenta con tu correo y contrase\u00f1a)<\/li>\n<li>Completa el formulario con tus datos de facturaci\u00f3n y envi\u00f3<\/li>\n<li>Selecciona tu m\u00e9todo de pago y forma de envi\u00f3 a todo el pa\u00eds. (NO se necesita tarjeta de cr\u00e9dito o datos bancarios) puedes generar tu orden f\u00e1cil y r\u00e1pido<\/li>\n<li>Verifica que todo este correcto y finaliza tu pedido, te llegara a tu correo electr\u00f3nico la confirmaci\u00f3n de tu pedido.<\/li>\n<li>Listo! tu orden a sido recibida, un asesor te contactara para darle seguimiento y confirmar tu compra.<\/li>\n<\/ol>\n<p>As\u00ed de f\u00e1cil recuerda que los pedidos realizados directamente en nuestra p\u00e1gina web, se toman como prioridad por lo que dentro del horario laboral te estaremos contactando lo mas pronto posible para confirmar tu pedido. V\u00eda Whatsapp o por llamada, cotizaciones reflejan precio normal de los productos.<\/p>\n<p><em><strong>Nota:<\/strong> Pagina web \u00fanicamente solamente genera pedido y no solicita datos de tarjeta de cr\u00e9dito<\/em><\/p>\n<h4><strong>Envi\u00f3 a todo el pa\u00eds\u00a0<\/strong><\/h4>\n<p>Contamos con envi\u00f3 a Toda Guatemala conoce nuestras pol\u00edticas de envi\u00f3 <a href=\"https:\/\/mivoot.com\/gt\/politicas-de-envio\/\">click aqu\u00ed<\/a><\/p>\n<p>Manejamos tiempos de entrega de manera inmediata en d\u00edas y horas laborales a la ciudad capital recibe de 1 a 4 hrs (sujeto a cobertura) departamentos de 1 a 3 d\u00edas h\u00e1biles por medio de Cargo Expreso<\/p>\n<h4><strong>Recoge en Sucursal\u00a0<\/strong><\/h4>\n<p>Si deseas pasar a recoger a nuestra sucursal zona 11 CDGT (tiempo de entrega de 2 a 4 hrs) de Lunes a Viernes de 9:00 a.m. a 5:30 p.m,<strong> primero debes de realizar tu orden en l\u00ednea antes de llegar<\/strong>, para que tu producto este listo cuando nos visites.<\/p>\n<p>Nosotros te confirmaremos cuando tu pedido este listo en un periodo de 2 a 4 horas m\u00e1ximo en horas h\u00e1biles, te compartiremos nuestra ubicaci\u00f3n por medio de waze y direcci\u00f3n exacta para que te acerques exclusivamente a recoger con tu numero de Orden Generada en pagina web.<\/p>\n<p><em>*sucursal exclusivamente para recoger tus pedidos.<\/em><\/p>\n<h4><strong>Estado de tu pedido<\/strong><\/h4>\n<div>Cuando tu pedido cambie de estado, te avisaremos por correo electr\u00f3nico (email) y WhatsApp, Tambi\u00e9n puedes consultar el estado de tu pedido aqu\u00ed mismo en la web en tu cuenta mivoot.com<\/div>\n<div>\u00a0<\/div>\n<div><strong>Cotizaciones<\/strong><\/div>\n<div>\u00a0<\/div>\n<div>En mivoot priorizamos tus ordenes web, por lo que puedes generar la misma 24\/7 en cualquier momento y obtener el mejor precio en Efectivo &#8211; ACH o beneficio compra segura exclusivo en web, puedes solicitar tu cotizaci\u00f3n directamente con nuestros ejecutivos tomando en cuenta que aplica precios normales en compras al contado a excepci\u00f3n de clientes frecuentes con precio especial<\/div>\n<div>\u00a0<\/div>\n<div><strong>Productos bajo pedido<\/strong><\/div>\n<div>\u00a0<\/div>\n<div>Tiempo de entrega depender\u00e1 de la disponibilidad del fabricante<\/div>\n<div>Se solicita un anticipo del 30% al 60% de anticipo para concretar la orden.<\/div>\n<h4>\u00a0<\/h4>\n<h4><strong>Contacto<\/strong><\/h4>\n<div>Puedes escribirnos a nuestro<\/div>\n<ul>\n<li>\ud83d\udcf1WhatsApp 54397820<\/li>\n<li>\u260e\ufe0fPBX 24296387<\/li>\n<li>\u260e\ufe0fTel 38123846<\/li>\n<li>Cotizaciones a info@mivoot.com \/ ventas@mivoot.com<\/li>\n<\/ul>\n<h1>Formas de Pago<\/h1>\n<div><img fetchpriority=\"high\" decoding=\"async\" class=\"alignnonewp-image-9697\" src=\"https:\/\/mivoot.com\/gt\/wp-content\/uploads\/2022\/08\/Sin-titulo-3.png\" alt=\"\" width=\"442\" height=\"125\" srcset=\"https:\/\/mivoot.com\/gt\/wp-content\/uploads\/2022\/08\/Sin-titulo-3.png 491w, https:\/\/mivoot.com\/gt\/wp-content\/uploads\/2022\/08\/Sin-titulo-3-410x116.png 410w, https:\/\/mivoot.com\/gt\/wp-content\/uploads\/2022\/08\/Sin-titulo-3-64x18.png 64w, https:\/\/mivoot.com\/gt\/wp-content\/uploads\/2022\/08\/Sin-titulo-3-300x85.png 300w\" sizes=\"(max-width: 442px) 100vw, 442px\" \/><img decoding=\"async\" class=\"alignnonewp-image-9698\" style=\"font-size: 14.4px;\" src=\"https:\/\/mivoot.com\/gt\/wp-content\/uploads\/2022\/08\/Sin-titulo-4.png\" alt=\"\" width=\"337\" height=\"120\" srcset=\"https:\/\/mivoot.com\/gt\/wp-content\/uploads\/2022\/08\/Sin-titulo-4.png 390w, https:\/\/mivoot.com\/gt\/wp-content\/uploads\/2022\/08\/Sin-titulo-4-64x23.png 64w, https:\/\/mivoot.com\/gt\/wp-content\/uploads\/2022\/08\/Sin-titulo-4-300x107.png 300w\" sizes=\"(max-width: 337px) 100vw, 337px\" \/><img loading=\"lazy\" decoding=\"async\" class=\"wp-image-15986 alignleft\" src=\"https:\/\/mivoot.com\/gt\/wp-content\/uploads\/2023\/09\/TRANSFERENCIA-BANCARIA-4.png\" alt=\"\" width=\"392\" height=\"103\" srcset=\"https:\/\/mivoot.com\/gt\/wp-content\/uploads\/2023\/09\/TRANSFERENCIA-BANCARIA-4.png 985w, https:\/\/mivoot.com\/gt\/wp-content\/uploads\/2023\/09\/TRANSFERENCIA-BANCARIA-4-410x108.png 410w, https:\/\/mivoot.com\/gt\/wp-content\/uploads\/2023\/09\/TRANSFERENCIA-BANCARIA-4-64x17.png 64w, https:\/\/mivoot.com\/gt\/wp-content\/uploads\/2023\/09\/TRANSFERENCIA-BANCARIA-4-300x79.png 300w, https:\/\/mivoot.com\/gt\/wp-content\/uploads\/2023\/09\/TRANSFERENCIA-BANCARIA-4-768x203.png 768w, https:\/\/mivoot.com\/gt\/wp-content\/uploads\/2023\/09\/TRANSFERENCIA-BANCARIA-4-600x158.png 600w\" sizes=\"(max-width: 392px) 100vw, 392px\" \/><img loading=\"lazy\" decoding=\"async\" class=\"wp-image-15987 alignleft\" src=\"https:\/\/mivoot.com\/gt\/wp-content\/uploads\/2023\/09\/CUOTAS-3.png\" alt=\"\" width=\"420\" height=\"109\" srcset=\"https:\/\/mivoot.com\/gt\/wp-content\/uploads\/2023\/09\/CUOTAS-3.png 1000w, https:\/\/mivoot.com\/gt\/wp-content\/uploads\/2023\/09\/CUOTAS-3-410x107.png 410w, https:\/\/mivoot.com\/gt\/wp-content\/uploads\/2023\/09\/CUOTAS-3-64x17.png 64w, https:\/\/mivoot.com\/gt\/wp-content\/uploads\/2023\/09\/CUOTAS-3-300x78.png 300w, https:\/\/mivoot.com\/gt\/wp-content\/uploads\/2023\/09\/CUOTAS-3-768x200.png 768w, https:\/\/mivoot.com\/gt\/wp-content\/uploads\/2023\/09\/CUOTAS-3-600x156.png 600w\" sizes=\"(max-width: 420px) 100vw, 420px\" \/><\/div>\n<div>\u00a0<\/div>\n<div>\u00a0<\/div>\n<div>\u00a0<\/div>\n<div>\u00a0<\/div>\n<div>\u00a0<\/div>\n<div>\u00a0<\/div>\n<div>\u00a0<\/div>\n<div>\u00a0<\/div>\n","protected":false},"excerpt":{"rendered":"<p>\u00bfC\u00d3MO COMPRO? \u00a0 Accede r\u00e1pidamente a nuestros productos, crea una cuenta en mivoot.com y adquiere tus productos favoritos en 90 segundos de forma r\u00e1pida y sencilla. Selecciona el (los) articulo(s) de tu inter\u00e9s y agr\u00e9galo a tu carro de compras. Procede con finalizar tu pedido completando tus datos (debes de tener una cuenta con tu [&#8230;]\n","protected":false},"author":1,"featured_media":0,"parent":0,"menu_order":0,"comment_status":"closed","ping_status":"closed","template":"","meta":{"two_page_speed":[],"footnotes":""},"class_list":["post-9695","page","type-page","status-publish","hentry"],"yoast_head":"<!-- This site is optimized with the Yoast SEO Premium plugin v25.7.1 (Yoast SEO v26.8) - https:\/\/yoast.com\/product\/yoast-seo-premium-wordpress\/ -->\n<title>Como comprar - Mivoot<\/title>\n<meta name=\"robots\" content=\"index, follow, max-snippet:-1, max-image-preview:large, max-video-preview:-1\" \/>\n<link rel=\"canonical\" href=\"https:\/\/mivoot.com\/gt\/como-comprar\/\" \/>\n<meta property=\"og:locale\" content=\"es_ES\" \/>\n<meta property=\"og:type\" content=\"article\" \/>\n<meta property=\"og:title\" content=\"Como comprar\" \/>\n<meta property=\"og:description\" content=\"\u00bfC\u00d3MO COMPRO? \u00a0 Accede r\u00e1pidamente a nuestros productos, crea una cuenta en mivoot.com y adquiere tus productos favoritos en 90 segundos de forma r\u00e1pida y sencilla. Selecciona el (los) articulo(s) de tu inter\u00e9s y agr\u00e9galo a tu carro de compras. Procede con finalizar tu pedido completando tus datos (debes de tener una cuenta con tu [...]\" \/>\n<meta property=\"og:url\" content=\"https:\/\/mivoot.com\/gt\/como-comprar\/\" \/>\n<meta property=\"og:site_name\" content=\"Mivoot\" \/>\n<meta property=\"article:publisher\" content=\"https:\/\/www.facebook.com\/mivootgt\" \/>\n<meta property=\"article:modified_time\" content=\"2025-05-28T22:33:34+00:00\" \/>\n<meta property=\"og:image\" content=\"https:\/\/mivoot.com\/gt\/wp-content\/uploads\/2025\/04\/ONLINE2.png\" \/>\n\t<meta property=\"og:image:width\" content=\"358\" \/>\n\t<meta property=\"og:image:height\" content=\"195\" \/>\n\t<meta property=\"og:image:type\" content=\"image\/png\" \/>\n<meta name=\"twitter:card\" content=\"summary_large_image\" \/>\n<meta name=\"twitter:label1\" content=\"Est. reading time\" \/>\n\t<meta name=\"twitter:data1\" content=\"4 minutos\" \/>\n<script type=\"application\/ld+json\" class=\"yoast-schema-graph\">{\"@context\":\"https:\/\/schema.org\",\"@graph\":[{\"@type\":\"WebPage\",\"@id\":\"https:\/\/mivoot.com\/gt\/como-comprar\/\",\"url\":\"https:\/\/mivoot.com\/gt\/como-comprar\/\",\"name\":\"Como comprar - Mivoot\",\"isPartOf\":{\"@id\":\"https:\/\/mivoot.com\/gt\/#website\"},\"primaryImageOfPage\":{\"@id\":\"https:\/\/mivoot.com\/gt\/como-comprar\/#primaryimage\"},\"image\":{\"@id\":\"https:\/\/mivoot.com\/gt\/como-comprar\/#primaryimage\"},\"thumbnailUrl\":\"https:\/\/mivoot.com\/gt\/wp-content\/uploads\/2025\/04\/ONLINE2.png\",\"datePublished\":\"2022-08-13T03:27:28+00:00\",\"dateModified\":\"2025-05-28T22:33:34+00:00\",\"breadcrumb\":{\"@id\":\"https:\/\/mivoot.com\/gt\/como-comprar\/#breadcrumb\"},\"inLanguage\":\"es\",\"potentialAction\":[{\"@type\":\"ReadAction\",\"target\":[\"https:\/\/mivoot.com\/gt\/como-comprar\/\"]}]},{\"@type\":\"ImageObject\",\"inLanguage\":\"es\",\"@id\":\"https:\/\/mivoot.com\/gt\/como-comprar\/#primaryimage\",\"url\":\"https:\/\/mivoot.com\/gt\/wp-content\/uploads\/2025\/04\/ONLINE2.png\",\"contentUrl\":\"https:\/\/mivoot.com\/gt\/wp-content\/uploads\/2025\/04\/ONLINE2.png\",\"width\":358,\"height\":195},{\"@type\":\"BreadcrumbList\",\"@id\":\"https:\/\/mivoot.com\/gt\/como-comprar\/#breadcrumb\",\"itemListElement\":[{\"@type\":\"ListItem\",\"position\":1,\"name\":\"Inicio\",\"item\":\"https:\/\/mivoot.com\/gt\/\"},{\"@type\":\"ListItem\",\"position\":2,\"name\":\"Como comprar\"}]},{\"@type\":\"WebSite\",\"@id\":\"https:\/\/mivoot.com\/gt\/#website\",\"url\":\"https:\/\/mivoot.com\/gt\/\",\"name\":\"Mivoot\",\"description\":\"Mivoot Guatemala | Tienda Online\",\"publisher\":{\"@id\":\"https:\/\/mivoot.com\/gt\/#organization\"},\"alternateName\":\"mivoot\",\"potentialAction\":[{\"@type\":\"SearchAction\",\"target\":{\"@type\":\"EntryPoint\",\"urlTemplate\":\"https:\/\/mivoot.com\/gt\/?s={search_term_string}\"},\"query-input\":{\"@type\":\"PropertyValueSpecification\",\"valueRequired\":true,\"valueName\":\"search_term_string\"}}],\"inLanguage\":\"es\"},{\"@type\":\"Organization\",\"@id\":\"https:\/\/mivoot.com\/gt\/#organization\",\"name\":\"Mivoot Guatemala\",\"alternateName\":\"mivoot.com\",\"url\":\"https:\/\/mivoot.com\/gt\/\",\"logo\":{\"@type\":\"ImageObject\",\"inLanguage\":\"es\",\"@id\":\"https:\/\/mivoot.com\/gt\/#\/schema\/logo\/image\/\",\"url\":\"https:\/\/mivoot.com\/gt\/wp-content\/uploads\/2023\/03\/cropped-icon.png\",\"contentUrl\":\"https:\/\/mivoot.com\/gt\/wp-content\/uploads\/2023\/03\/cropped-icon.png\",\"width\":512,\"height\":512,\"caption\":\"Mivoot Guatemala\"},\"image\":{\"@id\":\"https:\/\/mivoot.com\/gt\/#\/schema\/logo\/image\/\"},\"sameAs\":[\"https:\/\/www.facebook.com\/mivootgt\",\"https:\/\/instagram.com\/mivoot\"]}]}<\/script>\n<!-- \/ Yoast SEO Premium plugin. -->","yoast_head_json":{"title":"Como comprar - Mivoot","robots":{"index":"index","follow":"follow","max-snippet":"max-snippet:-1","max-image-preview":"max-image-preview:large","max-video-preview":"max-video-preview:-1"},"canonical":"https:\/\/mivoot.com\/gt\/como-comprar\/","og_locale":"es_ES","og_type":"article","og_title":"Como comprar","og_description":"\u00bfC\u00d3MO COMPRO? \u00a0 Accede r\u00e1pidamente a nuestros productos, crea una cuenta en mivoot.com y adquiere tus productos favoritos en 90 segundos de forma r\u00e1pida y sencilla. Selecciona el (los) articulo(s) de tu inter\u00e9s y agr\u00e9galo a tu carro de compras. Procede con finalizar tu pedido completando tus datos (debes de tener una cuenta con tu [...]","og_url":"https:\/\/mivoot.com\/gt\/como-comprar\/","og_site_name":"Mivoot","article_publisher":"https:\/\/www.facebook.com\/mivootgt","article_modified_time":"2025-05-28T22:33:34+00:00","og_image":[{"width":358,"height":195,"url":"https:\/\/mivoot.com\/gt\/wp-content\/uploads\/2025\/04\/ONLINE2.png","type":"image\/png"}],"twitter_card":"summary_large_image","twitter_misc":{"Est. reading time":"4 minutos"},"schema":{"@context":"https:\/\/schema.org","@graph":[{"@type":"WebPage","@id":"https:\/\/mivoot.com\/gt\/como-comprar\/","url":"https:\/\/mivoot.com\/gt\/como-comprar\/","name":"Como comprar - Mivoot","isPartOf":{"@id":"https:\/\/mivoot.com\/gt\/#website"},"primaryImageOfPage":{"@id":"https:\/\/mivoot.com\/gt\/como-comprar\/#primaryimage"},"image":{"@id":"https:\/\/mivoot.com\/gt\/como-comprar\/#primaryimage"},"thumbnailUrl":"https:\/\/mivoot.com\/gt\/wp-content\/uploads\/2025\/04\/ONLINE2.png","datePublished":"2022-08-13T03:27:28+00:00","dateModified":"2025-05-28T22:33:34+00:00","breadcrumb":{"@id":"https:\/\/mivoot.com\/gt\/como-comprar\/#breadcrumb"},"inLanguage":"es","potentialAction":[{"@type":"ReadAction","target":["https:\/\/mivoot.com\/gt\/como-comprar\/"]}]},{"@type":"ImageObject","inLanguage":"es","@id":"https:\/\/mivoot.com\/gt\/como-comprar\/#primaryimage","url":"https:\/\/mivoot.com\/gt\/wp-content\/uploads\/2025\/04\/ONLINE2.png","contentUrl":"https:\/\/mivoot.com\/gt\/wp-content\/uploads\/2025\/04\/ONLINE2.png","width":358,"height":195},{"@type":"BreadcrumbList","@id":"https:\/\/mivoot.com\/gt\/como-comprar\/#breadcrumb","itemListElement":[{"@type":"ListItem","position":1,"name":"Inicio","item":"https:\/\/mivoot.com\/gt\/"},{"@type":"ListItem","position":2,"name":"Como comprar"}]},{"@type":"WebSite","@id":"https:\/\/mivoot.com\/gt\/#website","url":"https:\/\/mivoot.com\/gt\/","name":"Mivoot","description":"Mivoot Guatemala | Tienda Online","publisher":{"@id":"https:\/\/mivoot.com\/gt\/#organization"},"alternateName":"mivoot","potentialAction":[{"@type":"SearchAction","target":{"@type":"EntryPoint","urlTemplate":"https:\/\/mivoot.com\/gt\/?s={search_term_string}"},"query-input":{"@type":"PropertyValueSpecification","valueRequired":true,"valueName":"search_term_string"}}],"inLanguage":"es"},{"@type":"Organization","@id":"https:\/\/mivoot.com\/gt\/#organization","name":"Mivoot Guatemala","alternateName":"mivoot.com","url":"https:\/\/mivoot.com\/gt\/","logo":{"@type":"ImageObject","inLanguage":"es","@id":"https:\/\/mivoot.com\/gt\/#\/schema\/logo\/image\/","url":"https:\/\/mivoot.com\/gt\/wp-content\/uploads\/2023\/03\/cropped-icon.png","contentUrl":"https:\/\/mivoot.com\/gt\/wp-content\/uploads\/2023\/03\/cropped-icon.png","width":512,"height":512,"caption":"Mivoot Guatemala"},"image":{"@id":"https:\/\/mivoot.com\/gt\/#\/schema\/logo\/image\/"},"sameAs":["https:\/\/www.facebook.com\/mivootgt","https:\/\/instagram.com\/mivoot"]}]}},"jetpack_shortlink":"https:\/\/wp.me\/Pcr4Lo-2wn","jetpack_sharing_enabled":true,"_links":{"self":[{"href":"https:\/\/mivoot.com\/gt\/wp-json\/wp\/v2\/pages\/9695","targetHints":{"allow":["GET"]}}],"collection":[{"href":"https:\/\/mivoot.com\/gt\/wp-json\/wp\/v2\/pages"}],"about":[{"href":"https:\/\/mivoot.com\/gt\/wp-json\/wp\/v2\/types\/page"}],"author":[{"embeddable":true,"href":"https:\/\/mivoot.com\/gt\/wp-json\/wp\/v2\/users\/1"}],"replies":[{"embeddable":true,"href":"https:\/\/mivoot.com\/gt\/wp-json\/wp\/v2\/comments?post=9695"}],"version-history":[{"count":20,"href":"https:\/\/mivoot.com\/gt\/wp-json\/wp\/v2\/pages\/9695\/revisions"}],"predecessor-version":[{"id":28397,"href":"https:\/\/mivoot.com\/gt\/wp-json\/wp\/v2\/pages\/9695\/revisions\/28397"}],"wp:attachment":[{"href":"https:\/\/mivoot.com\/gt\/wp-json\/wp\/v2\/media?parent=9695"}],"curies":[{"name":"wp","href":"https:\/\/api.w.org\/{rel}","templated":true}]}}