{"id":10158,"date":"2022-09-15T20:58:20","date_gmt":"2022-09-16T02:58:20","guid":{"rendered":"https:\/\/mivoot.com\/gt\/?post_type=product&#038;p=10158"},"modified":"2024-05-30T11:39:27","modified_gmt":"2024-05-30T17:39:27","slug":"hikvision-sistema-de-intercomunicacion-de-video","status":"publish","type":"product","link":"https:\/\/mivoot.com\/gt\/producto\/hikvision-sistema-de-intercomunicacion-de-video\/","title":{"rendered":"Sistema de intercomunicaci\u00f3n de v\u00eddeo DS-KIS602 Hikvision"},"content":{"rendered":"<p>VIDEOPORTERO:<\/p>\n<table width=\"100%\">\n<tbody>\n<tr>\n<td width=\"40%\">Compatibilidad:<\/td>\n<td>Videoporteros IP Hikvision de II.era generaci\u00f3n<\/td>\n<\/tr>\n<tr>\n<td width=\"40%\">Bot\u00f3n del timbre:<\/td>\n<td>1\u00a0uds.<\/td>\n<\/tr>\n<tr>\n<td width=\"40%\"><u>Convertidor<\/u>:<\/td>\n<td>2.1\u00a0<u>Mpx<\/u>\u00a0CMOS<\/td>\n<\/tr>\n<tr>\n<td width=\"40%\">Resoluci\u00f3n de la c\u00e1mara:<\/td>\n<td>1920 x 1080\u00a0 &#8211;\u00a0<u>1080p<\/u><\/td>\n<\/tr>\n<tr>\n<td width=\"40%\"><u>\u00c1ngulo de visi\u00f3n de la c\u00e1mara<\/u>:<\/td>\n<td>180\u00a0\u00b0<\/td>\n<\/tr>\n<tr>\n<td width=\"40%\">M\u00e9todo de compresi\u00f3n de im\u00e1genes:<\/td>\n<td><u>H.264<\/u><\/td>\n<\/tr>\n<tr>\n<td width=\"40%\">Iluminador IR:<\/td>\n<td><\/td>\n<\/tr>\n<tr>\n<td width=\"40%\">Ethernet:<\/td>\n<td>10\/100 Mb\/s<\/td>\n<\/tr>\n<tr>\n<td width=\"40%\">Protocolo de red:<\/td>\n<td><u>TCP\/IP<\/u>, RTSP<\/td>\n<\/tr>\n<tr>\n<td width=\"40%\">Entradas de alarma:<\/td>\n<td>4\u00a0uds.<\/td>\n<\/tr>\n<tr>\n<td width=\"40%\">Salidas de rel\u00e9:<\/td>\n<td>2 x\u00a0NO\/NC<\/td>\n<\/tr>\n<tr>\n<td width=\"40%\">Algunas caracter\u00edsticas:<\/td>\n<td>\u00b7\u00a0 Comunicaci\u00f3n bidireccional,<\/p>\n<p>\u00b7\u00a0 Micr\u00f3fono integrado,<\/p>\n<p>\u00b7\u00a0 Altavoces incorporados,<\/p>\n<p>\u00b7\u00a0 Supresi\u00f3n de ruido y cancelaci\u00f3n de eco,<\/p>\n<p>\u00b7\u00a0 Detecci\u00f3n de manipulaci\u00f3n &#8211; remoci\u00f3n de la superficie de montaje,<\/p>\n<p>\u00b7\u00a0 El montaje de m\u00f3dulos de la serie DS-KD-xx se lleva a cabo en las carcasas dedicadas de la serie DS-KD-ACF (carcasas de empotrar) y DS-KD-ACW (carcasas de superficie)<\/td>\n<\/tr>\n<tr>\n<td width=\"40%\">Alimentaci\u00f3n:<\/td>\n<td>\u00b7\u00a0 <u>PoE (802.3af)<\/u>,<\/p>\n<p>\u00b7\u00a0 12\u00a0V\u00a0<u>DC<\/u><\/td>\n<\/tr>\n<tr>\n<td width=\"40%\">Consumo de energ\u00eda:<\/td>\n<td>\u2264 10\u00a0W<\/td>\n<\/tr>\n<tr>\n<td width=\"40%\">Temperatura de funcionamiento:<\/td>\n<td>-40\u00a0\u00b0C &#8230; 60\u00a0\u00b0C<\/td>\n<\/tr>\n<tr>\n<td width=\"40%\">Carcasa:<\/td>\n<td>Metal<\/td>\n<\/tr>\n<tr>\n<td width=\"40%\">Color:<\/td>\n<td>Negro<\/td>\n<\/tr>\n<tr>\n<td width=\"40%\"><u>Grado de protecci\u00f3n<\/u>:<\/td>\n<td><u>IP65<\/u><\/td>\n<\/tr>\n<tr>\n<td width=\"40%\">Peso:<\/td>\n<td>0.38\u00a0kg<\/td>\n<\/tr>\n<tr>\n<td width=\"40%\">Dimensiones:<\/td>\n<td>100\u00a0 x 98\u00a0 x 44\u00a0mm<\/td>\n<\/tr>\n<\/tbody>\n<\/table>\n<p><strong>PANEL INTERNO:<\/strong><\/p>\n<table width=\"100%\">\n<tbody>\n<tr>\n<td width=\"40%\">Compatibilidad:<\/td>\n<td>Videoporteros modulares IP Hikvision<\/td>\n<\/tr>\n<tr>\n<td width=\"40%\">Pantalla:<\/td>\n<td>7\u00a0&#8221; &#8211; pantalla t\u00e1ctil capacitiva<\/td>\n<\/tr>\n<tr>\n<td width=\"40%\"><u>Resoluci\u00f3n<\/u>:<\/td>\n<td>1024 x 600<\/td>\n<\/tr>\n<tr>\n<td width=\"40%\">Memoria interna:<\/td>\n<td>128\u00a0MB (incorporada)<\/td>\n<\/tr>\n<\/tbody>\n<\/table>\n<table width=\"100%\">\n<tbody>\n<tr>\n<td width=\"40%\">Control:<\/td>\n<td>pantalla t\u00e1ctil capacitiva<\/td>\n<\/tr>\n<tr>\n<td width=\"40%\"><u>Contrase\u00f1a de administrador predeterminada<\/u>:<\/td>\n<td>La contrase\u00f1a de administrador debe establecerse cuando se inicia por primera vez<\/td>\n<\/tr>\n<tr>\n<td width=\"40%\">Contrase\u00f1a predeterminada para la protecci\u00f3n de la zona:<\/td>\n<td>123456<\/td>\n<\/tr>\n<tr>\n<td width=\"40%\">Entradas de alarma:<\/td>\n<td>8<\/td>\n<\/tr>\n<tr>\n<td width=\"40%\">Salidas de alarma:<\/td>\n<td>2<\/td>\n<\/tr>\n<tr>\n<td width=\"40%\">Alimentaci\u00f3n:<\/td>\n<td>\u00b7\u00a0 <u>PoE (802.3af)<\/u>,<\/p>\n<p>\u00b7\u00a0 12\u00a0V\u00a0<u>DC<\/u><\/td>\n<\/tr>\n<tr>\n<td width=\"40%\">Consumo de energ\u00eda:<\/td>\n<td>\u2264 6\u00a0W<\/td>\n<\/tr>\n<tr>\n<td width=\"40%\">Color:<\/td>\n<td>Negro + Plata<\/td>\n<\/tr>\n<tr>\n<td width=\"40%\">Temperatura de funcionamiento:<\/td>\n<td>-10\u00a0\u00b0C &#8230; 55\u00a0\u00b0C<\/td>\n<\/tr>\n<tr>\n<td width=\"40%\">Peso:<\/td>\n<td>0.36\u00a0kg<\/td>\n<\/tr>\n<tr>\n<td width=\"40%\">Dimensiones:<\/td>\n<td>200\u00a0 x 140\u00a0 x 25\u00a0mm<\/td>\n<\/tr>\n<\/tbody>\n<\/table>\n","protected":false},"excerpt":{"rendered":"<p><span class=\"row_id_2932\">Caracter\u00edsticas principales<\/span>:<\/p>\n<ul>\n<li>M\u00d3DULO Wi-Fi &#8211; IEEE 802.11 b\/g\/n,<\/li>\n<li>Micr\u00f3fono integrado,<\/li>\n<li>Altavoces incorporados,<\/li>\n<li>Comunicaci\u00f3n bidireccional,<\/li>\n<li>Ajuste continuo de los par\u00e1metros del monitor: brillo, volumen del timbre y volumen de la conversaci\u00f3n,<\/li>\n<li>Captura autom\u00e1tica y almacenamiento de im\u00e1genes en ausencia de respuesta al bot\u00f3n del timbre,<\/li>\n<li>Soporte para c\u00e1maras IP Hikvision,<\/li>\n<li>Capacidad de comunicaci\u00f3n directa entre dos o m\u00e1s paneles,<\/li>\n<li>Grabaci\u00f3n de un corto mensaje de voz en ausencia de respuesta al bot\u00f3n del timbre<\/li>\n<li>Soporte para la captura de fotos durante videollamadas<\/li>\n<li>Soporte para tarjetas microSD max. 32\u00a0GB, 16\u00a0GB incluido<\/li>\n<li>El dispositivo es completamente configurable a trav\u00e9s del software\u00a0<strong>iVMS4200<\/strong>.<\/li>\n<li>Adem\u00e1s, el dispositivo puede trabajar con la aplicaci\u00f3n\u00a0<strong>Hik-Connect<\/strong>\u00a0para dispositivos m\u00f3viles<\/li>\n<\/ul>\n","protected":false},"featured_media":10161,"comment_status":"open","ping_status":"closed","template":"","meta":{"jetpack_publicize_message":"","jetpack_publicize_feature_enabled":true,"jetpack_social_post_already_shared":false,"jetpack_social_options":{"image_generator_settings":{"template":"highway","default_image_id":0,"font":"","enabled":false},"version":2}},"pwb-brand":[113],"product_brand":[],"product_cat":[356],"product_tag":[],"class_list":{"0":"post-10158","1":"product","2":"type-product","3":"status-publish","4":"has-post-thumbnail","6":"pwb-brand-hikvision","7":"product_cat-video-portero","9":"first","10":"instock","11":"taxable","12":"shipping-taxable","13":"purchasable","14":"product-type-simple"},"yoast_head":"<!-- This site is optimized with the Yoast SEO Premium plugin v25.7.1 (Yoast SEO v26.8) - https:\/\/yoast.com\/product\/yoast-seo-premium-wordpress\/ -->\n<title>Sistema de intercomunicaci\u00f3n de v\u00eddeo DS-KIS602 Hikvision - Mivoot<\/title>\n<meta name=\"robots\" content=\"index, follow, max-snippet:-1, max-image-preview:large, max-video-preview:-1\" \/>\n<link rel=\"canonical\" href=\"https:\/\/mivoot.com\/gt\/producto\/hikvision-sistema-de-intercomunicacion-de-video\/\" \/>\n<meta property=\"og:locale\" content=\"es_ES\" \/>\n<meta property=\"og:type\" content=\"article\" \/>\n<meta property=\"og:title\" content=\"Sistema de intercomunicaci\u00f3n de v\u00eddeo DS-KIS602 Hikvision\" \/>\n<meta property=\"og:description\" content=\"Caracter\u00edsticas principales:   M\u00d3DULO Wi-Fi - IEEE 802.11 b\/g\/n,  Micr\u00f3fono integrado,  Altavoces incorporados,  Comunicaci\u00f3n bidireccional,  Ajuste continuo de los par\u00e1metros del monitor: brillo, volumen del timbre y volumen de la conversaci\u00f3n,  Captura autom\u00e1tica y almacenamiento de im\u00e1genes en ausencia de respuesta al bot\u00f3n del timbre,  Soporte para c\u00e1maras IP Hikvision,  Capacidad de comunicaci\u00f3n directa entre dos o m\u00e1s paneles,  Grabaci\u00f3n de un corto mensaje de voz en ausencia de respuesta al bot\u00f3n del timbre  Soporte para la captura de fotos durante videollamadas  Soporte para tarjetas microSD max. 32\u00a0GB, 16\u00a0GB incluido  El dispositivo es completamente configurable a trav\u00e9s del software\u00a0iVMS4200.  Adem\u00e1s, el dispositivo puede trabajar con la aplicaci\u00f3n\u00a0Hik-Connect\u00a0para dispositivos m\u00f3viles\" \/>\n<meta property=\"og:url\" content=\"https:\/\/mivoot.com\/gt\/producto\/hikvision-sistema-de-intercomunicacion-de-video\/\" \/>\n<meta property=\"og:site_name\" content=\"Mivoot\" \/>\n<meta property=\"article:publisher\" content=\"https:\/\/www.facebook.com\/mivootgt\" \/>\n<meta property=\"article:modified_time\" content=\"2024-05-30T17:39:27+00:00\" \/>\n<meta property=\"og:image\" content=\"https:\/\/mivoot.com\/gt\/wp-content\/uploads\/2022\/09\/DS-KIS602-2.png\" \/>\n\t<meta property=\"og:image:width\" content=\"1280\" \/>\n\t<meta property=\"og:image:height\" content=\"648\" \/>\n\t<meta property=\"og:image:type\" content=\"image\/png\" \/>\n<meta name=\"twitter:card\" content=\"summary_large_image\" \/>\n<meta name=\"twitter:label1\" content=\"Est. reading time\" \/>\n\t<meta name=\"twitter:data1\" content=\"2 minutos\" \/>\n<script type=\"application\/ld+json\" class=\"yoast-schema-graph\">{\"@context\":\"https:\/\/schema.org\",\"@graph\":[{\"@type\":\"WebPage\",\"@id\":\"https:\/\/mivoot.com\/gt\/producto\/hikvision-sistema-de-intercomunicacion-de-video\/\",\"url\":\"https:\/\/mivoot.com\/gt\/producto\/hikvision-sistema-de-intercomunicacion-de-video\/\",\"name\":\"Sistema de intercomunicaci\u00f3n de v\u00eddeo DS-KIS602 Hikvision - Mivoot\",\"isPartOf\":{\"@id\":\"https:\/\/mivoot.com\/gt\/#website\"},\"primaryImageOfPage\":{\"@id\":\"https:\/\/mivoot.com\/gt\/producto\/hikvision-sistema-de-intercomunicacion-de-video\/#primaryimage\"},\"image\":{\"@id\":\"https:\/\/mivoot.com\/gt\/producto\/hikvision-sistema-de-intercomunicacion-de-video\/#primaryimage\"},\"thumbnailUrl\":\"https:\/\/mivoot.com\/gt\/wp-content\/uploads\/2022\/09\/DS-KIS602-2.png\",\"datePublished\":\"2022-09-16T02:58:20+00:00\",\"dateModified\":\"2024-05-30T17:39:27+00:00\",\"breadcrumb\":{\"@id\":\"https:\/\/mivoot.com\/gt\/producto\/hikvision-sistema-de-intercomunicacion-de-video\/#breadcrumb\"},\"inLanguage\":\"es\",\"potentialAction\":[{\"@type\":\"ReadAction\",\"target\":[\"https:\/\/mivoot.com\/gt\/producto\/hikvision-sistema-de-intercomunicacion-de-video\/\"]}]},{\"@type\":\"ImageObject\",\"inLanguage\":\"es\",\"@id\":\"https:\/\/mivoot.com\/gt\/producto\/hikvision-sistema-de-intercomunicacion-de-video\/#primaryimage\",\"url\":\"https:\/\/mivoot.com\/gt\/wp-content\/uploads\/2022\/09\/DS-KIS602-2.png\",\"contentUrl\":\"https:\/\/mivoot.com\/gt\/wp-content\/uploads\/2022\/09\/DS-KIS602-2.png\",\"width\":1280,\"height\":648},{\"@type\":\"BreadcrumbList\",\"@id\":\"https:\/\/mivoot.com\/gt\/producto\/hikvision-sistema-de-intercomunicacion-de-video\/#breadcrumb\",\"itemListElement\":[{\"@type\":\"ListItem\",\"position\":1,\"name\":\"Inicio\",\"item\":\"https:\/\/mivoot.com\/gt\/\"},{\"@type\":\"ListItem\",\"position\":2,\"name\":\"Productos\",\"item\":\"https:\/\/mivoot.com\/gt\/producto\/\"},{\"@type\":\"ListItem\",\"position\":3,\"name\":\"Hikvision\",\"item\":\"https:\/\/mivoot.com\/gt\/marca\/hikvision\/\"},{\"@type\":\"ListItem\",\"position\":4,\"name\":\"Sistema de intercomunicaci\u00f3n de v\u00eddeo DS-KIS602 Hikvision\"}]},{\"@type\":\"WebSite\",\"@id\":\"https:\/\/mivoot.com\/gt\/#website\",\"url\":\"https:\/\/mivoot.com\/gt\/\",\"name\":\"Mivoot\",\"description\":\"Mivoot Guatemala | Tienda Online\",\"publisher\":{\"@id\":\"https:\/\/mivoot.com\/gt\/#organization\"},\"alternateName\":\"mivoot\",\"potentialAction\":[{\"@type\":\"SearchAction\",\"target\":{\"@type\":\"EntryPoint\",\"urlTemplate\":\"https:\/\/mivoot.com\/gt\/?s={search_term_string}\"},\"query-input\":{\"@type\":\"PropertyValueSpecification\",\"valueRequired\":true,\"valueName\":\"search_term_string\"}}],\"inLanguage\":\"es\"},{\"@type\":\"Organization\",\"@id\":\"https:\/\/mivoot.com\/gt\/#organization\",\"name\":\"Mivoot Guatemala\",\"alternateName\":\"mivoot.com\",\"url\":\"https:\/\/mivoot.com\/gt\/\",\"logo\":{\"@type\":\"ImageObject\",\"inLanguage\":\"es\",\"@id\":\"https:\/\/mivoot.com\/gt\/#\/schema\/logo\/image\/\",\"url\":\"https:\/\/mivoot.com\/gt\/wp-content\/uploads\/2023\/03\/cropped-icon.png\",\"contentUrl\":\"https:\/\/mivoot.com\/gt\/wp-content\/uploads\/2023\/03\/cropped-icon.png\",\"width\":512,\"height\":512,\"caption\":\"Mivoot Guatemala\"},\"image\":{\"@id\":\"https:\/\/mivoot.com\/gt\/#\/schema\/logo\/image\/\"},\"sameAs\":[\"https:\/\/www.facebook.com\/mivootgt\",\"https:\/\/instagram.com\/mivoot\"]}]}<\/script>\n<!-- \/ Yoast SEO Premium plugin. -->","yoast_head_json":{"title":"Sistema de intercomunicaci\u00f3n de v\u00eddeo DS-KIS602 Hikvision - Mivoot","robots":{"index":"index","follow":"follow","max-snippet":"max-snippet:-1","max-image-preview":"max-image-preview:large","max-video-preview":"max-video-preview:-1"},"canonical":"https:\/\/mivoot.com\/gt\/producto\/hikvision-sistema-de-intercomunicacion-de-video\/","og_locale":"es_ES","og_type":"article","og_title":"Sistema de intercomunicaci\u00f3n de v\u00eddeo DS-KIS602 Hikvision","og_description":"Caracter\u00edsticas principales:   M\u00d3DULO Wi-Fi - IEEE 802.11 b\/g\/n,  Micr\u00f3fono integrado,  Altavoces incorporados,  Comunicaci\u00f3n bidireccional,  Ajuste continuo de los par\u00e1metros del monitor: brillo, volumen del timbre y volumen de la conversaci\u00f3n,  Captura autom\u00e1tica y almacenamiento de im\u00e1genes en ausencia de respuesta al bot\u00f3n del timbre,  Soporte para c\u00e1maras IP Hikvision,  Capacidad de comunicaci\u00f3n directa entre dos o m\u00e1s paneles,  Grabaci\u00f3n de un corto mensaje de voz en ausencia de respuesta al bot\u00f3n del timbre  Soporte para la captura de fotos durante videollamadas  Soporte para tarjetas microSD max. 32\u00a0GB, 16\u00a0GB incluido  El dispositivo es completamente configurable a trav\u00e9s del software\u00a0iVMS4200.  Adem\u00e1s, el dispositivo puede trabajar con la aplicaci\u00f3n\u00a0Hik-Connect\u00a0para dispositivos m\u00f3viles","og_url":"https:\/\/mivoot.com\/gt\/producto\/hikvision-sistema-de-intercomunicacion-de-video\/","og_site_name":"Mivoot","article_publisher":"https:\/\/www.facebook.com\/mivootgt","article_modified_time":"2024-05-30T17:39:27+00:00","og_image":[{"width":1280,"height":648,"url":"https:\/\/mivoot.com\/gt\/wp-content\/uploads\/2022\/09\/DS-KIS602-2.png","type":"image\/png"}],"twitter_card":"summary_large_image","twitter_misc":{"Est. reading time":"2 minutos"},"schema":{"@context":"https:\/\/schema.org","@graph":[{"@type":"WebPage","@id":"https:\/\/mivoot.com\/gt\/producto\/hikvision-sistema-de-intercomunicacion-de-video\/","url":"https:\/\/mivoot.com\/gt\/producto\/hikvision-sistema-de-intercomunicacion-de-video\/","name":"Sistema de intercomunicaci\u00f3n de v\u00eddeo DS-KIS602 Hikvision - Mivoot","isPartOf":{"@id":"https:\/\/mivoot.com\/gt\/#website"},"primaryImageOfPage":{"@id":"https:\/\/mivoot.com\/gt\/producto\/hikvision-sistema-de-intercomunicacion-de-video\/#primaryimage"},"image":{"@id":"https:\/\/mivoot.com\/gt\/producto\/hikvision-sistema-de-intercomunicacion-de-video\/#primaryimage"},"thumbnailUrl":"https:\/\/mivoot.com\/gt\/wp-content\/uploads\/2022\/09\/DS-KIS602-2.png","datePublished":"2022-09-16T02:58:20+00:00","dateModified":"2024-05-30T17:39:27+00:00","breadcrumb":{"@id":"https:\/\/mivoot.com\/gt\/producto\/hikvision-sistema-de-intercomunicacion-de-video\/#breadcrumb"},"inLanguage":"es","potentialAction":[{"@type":"ReadAction","target":["https:\/\/mivoot.com\/gt\/producto\/hikvision-sistema-de-intercomunicacion-de-video\/"]}]},{"@type":"ImageObject","inLanguage":"es","@id":"https:\/\/mivoot.com\/gt\/producto\/hikvision-sistema-de-intercomunicacion-de-video\/#primaryimage","url":"https:\/\/mivoot.com\/gt\/wp-content\/uploads\/2022\/09\/DS-KIS602-2.png","contentUrl":"https:\/\/mivoot.com\/gt\/wp-content\/uploads\/2022\/09\/DS-KIS602-2.png","width":1280,"height":648},{"@type":"BreadcrumbList","@id":"https:\/\/mivoot.com\/gt\/producto\/hikvision-sistema-de-intercomunicacion-de-video\/#breadcrumb","itemListElement":[{"@type":"ListItem","position":1,"name":"Inicio","item":"https:\/\/mivoot.com\/gt\/"},{"@type":"ListItem","position":2,"name":"Productos","item":"https:\/\/mivoot.com\/gt\/producto\/"},{"@type":"ListItem","position":3,"name":"Hikvision","item":"https:\/\/mivoot.com\/gt\/marca\/hikvision\/"},{"@type":"ListItem","position":4,"name":"Sistema de intercomunicaci\u00f3n de v\u00eddeo DS-KIS602 Hikvision"}]},{"@type":"WebSite","@id":"https:\/\/mivoot.com\/gt\/#website","url":"https:\/\/mivoot.com\/gt\/","name":"Mivoot","description":"Mivoot Guatemala | Tienda Online","publisher":{"@id":"https:\/\/mivoot.com\/gt\/#organization"},"alternateName":"mivoot","potentialAction":[{"@type":"SearchAction","target":{"@type":"EntryPoint","urlTemplate":"https:\/\/mivoot.com\/gt\/?s={search_term_string}"},"query-input":{"@type":"PropertyValueSpecification","valueRequired":true,"valueName":"search_term_string"}}],"inLanguage":"es"},{"@type":"Organization","@id":"https:\/\/mivoot.com\/gt\/#organization","name":"Mivoot Guatemala","alternateName":"mivoot.com","url":"https:\/\/mivoot.com\/gt\/","logo":{"@type":"ImageObject","inLanguage":"es","@id":"https:\/\/mivoot.com\/gt\/#\/schema\/logo\/image\/","url":"https:\/\/mivoot.com\/gt\/wp-content\/uploads\/2023\/03\/cropped-icon.png","contentUrl":"https:\/\/mivoot.com\/gt\/wp-content\/uploads\/2023\/03\/cropped-icon.png","width":512,"height":512,"caption":"Mivoot Guatemala"},"image":{"@id":"https:\/\/mivoot.com\/gt\/#\/schema\/logo\/image\/"},"sameAs":["https:\/\/www.facebook.com\/mivootgt","https:\/\/instagram.com\/mivoot"]}]}},"jetpack_publicize_connections":[],"jetpack_sharing_enabled":true,"brands":[{"id":113,"name":"Hikvision","slug":"hikvision"}],"_links":{"self":[{"href":"https:\/\/mivoot.com\/gt\/wp-json\/wp\/v2\/product\/10158","targetHints":{"allow":["GET"]}}],"collection":[{"href":"https:\/\/mivoot.com\/gt\/wp-json\/wp\/v2\/product"}],"about":[{"href":"https:\/\/mivoot.com\/gt\/wp-json\/wp\/v2\/types\/product"}],"replies":[{"embeddable":true,"href":"https:\/\/mivoot.com\/gt\/wp-json\/wp\/v2\/comments?post=10158"}],"version-history":[{"count":6,"href":"https:\/\/mivoot.com\/gt\/wp-json\/wp\/v2\/product\/10158\/revisions"}],"predecessor-version":[{"id":10784,"href":"https:\/\/mivoot.com\/gt\/wp-json\/wp\/v2\/product\/10158\/revisions\/10784"}],"wp:featuredmedia":[{"embeddable":true,"href":"https:\/\/mivoot.com\/gt\/wp-json\/wp\/v2\/media\/10161"}],"wp:attachment":[{"href":"https:\/\/mivoot.com\/gt\/wp-json\/wp\/v2\/media?parent=10158"}],"wp:term":[{"taxonomy":"pwb-brand","embeddable":true,"href":"https:\/\/mivoot.com\/gt\/wp-json\/wp\/v2\/pwb-brand?post=10158"},{"taxonomy":"product_brand","embeddable":true,"href":"https:\/\/mivoot.com\/gt\/wp-json\/wp\/v2\/product_brand?post=10158"},{"taxonomy":"product_cat","embeddable":true,"href":"https:\/\/mivoot.com\/gt\/wp-json\/wp\/v2\/product_cat?post=10158"},{"taxonomy":"product_tag","embeddable":true,"href":"https:\/\/mivoot.com\/gt\/wp-json\/wp\/v2\/product_tag?post=10158"}],"curies":[{"name":"wp","href":"https:\/\/api.w.org\/{rel}","templated":true}]}}