{"id":10198,"date":"2022-09-15T23:16:16","date_gmt":"2022-09-16T05:16:16","guid":{"rendered":"https:\/\/mivoot.com\/gt\/?post_type=product&#038;p=10198"},"modified":"2023-06-01T14:36:09","modified_gmt":"2023-06-01T20:36:09","slug":"bocina-jbl-boombox-2-color-militar","status":"publish","type":"product","link":"https:\/\/mivoot.com\/gt\/producto\/bocina-jbl-boombox-2-color-militar\/","title":{"rendered":"Bocina JBL Boombox 2  color militar"},"content":{"rendered":"<div class=\"group_fDXOr6EpR9\">\n<div class=\"name_fDXOr6EpR9 firstGroupInItem_fDXOr6EpR9\" data-selenium=\"specsItemGroupName\">Sistema de altavoces<\/div>\n<table class=\"table_fDXOr6EpR9\" data-selenium=\"specsItemGroupTable\">\n<tbody>\n<tr class=\"pair_fDXOr6EpR9\" data-selenium=\"specsItemGroupTableRow\">\n<td class=\"label_fDXOr6EpR9 \" data-selenium=\"specsItemGroupTableColumnLabel\">Salida de potencia<\/td>\n<td class=\"value_fDXOr6EpR9 \" data-selenium=\"specsItemGroupTableColumnValue\">4x40W<\/td>\n<\/tr>\n<tr class=\"pair_fDXOr6EpR9\" data-selenium=\"specsItemGroupTableRow\">\n<td class=\"label_fDXOr6EpR9\" data-selenium=\"specsItemGroupTableColumnLabel\">Conductores<\/td>\n<td class=\"value_fDXOr6EpR9\" data-selenium=\"specsItemGroupTableColumnValue\"><b>2<\/b>\u00a0altavoces de graves de 4&#8243; \/ 101,6 mm<br \/>\n<b>2<\/b>\u00a0altavoces de agudos de 0,75&#8243; \/ 19,05 mm<\/td>\n<\/tr>\n<tr class=\"pair_fDXOr6EpR9\" data-selenium=\"specsItemGroupTableRow\">\n<td class=\"label_fDXOr6EpR9\" data-selenium=\"specsItemGroupTableColumnLabel\">Respuesta frecuente<\/td>\n<td class=\"value_fDXOr6EpR9\" data-selenium=\"specsItemGroupTableColumnValue\">50 Hz a 20 kHz<\/td>\n<\/tr>\n<tr class=\"pair_fDXOr6EpR9\" data-selenium=\"specsItemGroupTableRow\">\n<td class=\"label_fDXOr6EpR9\" data-selenium=\"specsItemGroupTableColumnLabel\">Relaci\u00f3n se\u00f1al\/ruido<\/td>\n<td class=\"value_fDXOr6EpR9\" data-selenium=\"specsItemGroupTableColumnValue\">&gt;80dB<\/td>\n<\/tr>\n<\/tbody>\n<\/table>\n<p>&nbsp;<\/p>\n<\/div>\n<div class=\"group_fDXOr6EpR9\">\n<div class=\"name_fDXOr6EpR9\" data-selenium=\"specsItemGroupName\">Conectividad Bluetooth<\/div>\n<table class=\"table_fDXOr6EpR9\" data-selenium=\"specsItemGroupTable\">\n<tbody>\n<tr class=\"pair_fDXOr6EpR9\" data-selenium=\"specsItemGroupTableRow\">\n<td class=\"label_fDXOr6EpR9 \" data-selenium=\"specsItemGroupTableColumnLabel\">Bluetooth<\/td>\n<td class=\"value_fDXOr6EpR9 \" data-selenium=\"specsItemGroupTableColumnValue\">5.1<\/td>\n<\/tr>\n<tr class=\"pair_fDXOr6EpR9\" data-selenium=\"specsItemGroupTableRow\">\n<td class=\"label_fDXOr6EpR9\" data-selenium=\"specsItemGroupTableColumnLabel\">Perfiles de Bluetooth compatibles<\/td>\n<td class=\"value_fDXOr6EpR9\" data-selenium=\"specsItemGroupTableColumnValue\">A2DP 1.3<br \/>\nAVRCP 1.6<\/td>\n<\/tr>\n<tr class=\"pair_fDXOr6EpR9\" data-selenium=\"specsItemGroupTableRow\">\n<td class=\"label_fDXOr6EpR9\" data-selenium=\"specsItemGroupTableColumnLabel\">NFC<\/td>\n<td class=\"value_fDXOr6EpR9\" data-selenium=\"specsItemGroupTableColumnValue\">No<\/td>\n<\/tr>\n<tr class=\"pair_fDXOr6EpR9\" data-selenium=\"specsItemGroupTableRow\">\n<td class=\"label_fDXOr6EpR9\" data-selenium=\"specsItemGroupTableColumnLabel\">Potencia del transmisor<\/td>\n<td class=\"value_fDXOr6EpR9\" data-selenium=\"specsItemGroupTableColumnValue\">10dBm<\/td>\n<\/tr>\n<tr class=\"pair_fDXOr6EpR9\" data-selenium=\"specsItemGroupTableRow\">\n<td class=\"label_fDXOr6EpR9\" data-selenium=\"specsItemGroupTableColumnLabel\">Modulaci\u00f3n del transmisor Bluetooth<\/td>\n<td class=\"value_fDXOr6EpR9\" data-selenium=\"specsItemGroupTableColumnValue\">\u03c0\/4 DQPSK, 8DPSK, GFSK<\/td>\n<\/tr>\n<\/tbody>\n<\/table>\n<p>&nbsp;<\/p>\n<\/div>\n<div class=\"group_fDXOr6EpR9\">\n<div class=\"name_fDXOr6EpR9\" data-selenium=\"specsItemGroupName\">Conectividad por cable<\/div>\n<table class=\"table_fDXOr6EpR9\" data-selenium=\"specsItemGroupTable\">\n<tbody>\n<tr class=\"pair_fDXOr6EpR9\" data-selenium=\"specsItemGroupTableRow\">\n<td class=\"label_fDXOr6EpR9 \" data-selenium=\"specsItemGroupTableColumnLabel\">Entradas<\/td>\n<td class=\"value_fDXOr6EpR9 \" data-selenium=\"specsItemGroupTableColumnValue\"><b>1 x<\/b>\u00a0USB Micro-B (datos)<br \/>\n<b>1 x<\/b>\u00a01\/8&#8243;\/3,5 mm est\u00e9reo (audio)<\/td>\n<\/tr>\n<tr class=\"pair_fDXOr6EpR9\" data-selenium=\"specsItemGroupTableRow\">\n<td class=\"label_fDXOr6EpR9\" data-selenium=\"specsItemGroupTableColumnLabel\">Salidas<\/td>\n<td class=\"value_fDXOr6EpR9\" data-selenium=\"specsItemGroupTableColumnValue\"><b>1 x<\/b>\u00a0USB tipo A (alimentaci\u00f3n)<\/td>\n<\/tr>\n<tr class=\"pair_fDXOr6EpR9\" data-selenium=\"specsItemGroupTableRow\">\n<td class=\"label_fDXOr6EpR9\" data-selenium=\"specsItemGroupTableColumnLabel\">Salida de alimentaci\u00f3n USB<\/td>\n<td class=\"value_fDXOr6EpR9\" data-selenium=\"specsItemGroupTableColumnValue\">5 V CC a 2,0 A<\/td>\n<\/tr>\n<\/tbody>\n<\/table>\n<p>&nbsp;<\/p>\n<\/div>\n<div class=\"group_fDXOr6EpR9\">\n<div class=\"name_fDXOr6EpR9\" data-selenium=\"specsItemGroupName\">Bater\u00eda<\/div>\n<table class=\"table_fDXOr6EpR9\" data-selenium=\"specsItemGroupTable\">\n<tbody>\n<tr class=\"pair_fDXOr6EpR9\" data-selenium=\"specsItemGroupTableRow\">\n<td class=\"label_fDXOr6EpR9 \" data-selenium=\"specsItemGroupTableColumnLabel\">Capacidad de la bater\u00eda<\/td>\n<td class=\"value_fDXOr6EpR9 \" data-selenium=\"specsItemGroupTableColumnValue\">10.000 mAh<\/td>\n<\/tr>\n<tr class=\"pair_fDXOr6EpR9\" data-selenium=\"specsItemGroupTableRow\">\n<td class=\"label_fDXOr6EpR9\" data-selenium=\"specsItemGroupTableColumnLabel\">Qu\u00edmica de la bater\u00eda<\/td>\n<td class=\"value_fDXOr6EpR9\" data-selenium=\"specsItemGroupTableColumnValue\">Pol\u00edmero de iones de litio (LiPo)<\/td>\n<\/tr>\n<tr class=\"pair_fDXOr6EpR9\" data-selenium=\"specsItemGroupTableRow\">\n<td class=\"label_fDXOr6EpR9\" data-selenium=\"specsItemGroupTableColumnLabel\">Voltaje de la bater\u00eda<\/td>\n<td class=\"value_fDXOr6EpR9\" data-selenium=\"specsItemGroupTableColumnValue\">7,3 V<\/td>\n<\/tr>\n<tr class=\"pair_fDXOr6EpR9\" data-selenium=\"specsItemGroupTableRow\">\n<td class=\"label_fDXOr6EpR9\" data-selenium=\"specsItemGroupTableColumnLabel\">Duraci\u00f3n estimada de la bater\u00eda<\/td>\n<td class=\"value_fDXOr6EpR9\" data-selenium=\"specsItemGroupTableColumnValue\">24 horas<\/td>\n<\/tr>\n<\/tbody>\n<\/table>\n<p>&nbsp;<\/p>\n<\/div>\n<div class=\"group_fDXOr6EpR9\">\n<div class=\"name_fDXOr6EpR9\" data-selenium=\"specsItemGroupName\">Energ\u00eda<\/div>\n<table class=\"table_fDXOr6EpR9\" data-selenium=\"specsItemGroupTable\">\n<tbody>\n<tr class=\"pair_fDXOr6EpR9\" data-selenium=\"specsItemGroupTableRow\">\n<td class=\"label_fDXOr6EpR9 \" data-selenium=\"specsItemGroupTableColumnLabel\">Potencia de entrada de CC<\/td>\n<td class=\"value_fDXOr6EpR9 \" data-selenium=\"specsItemGroupTableColumnValue\">24 V CC a 4,2 A<\/td>\n<\/tr>\n<\/tbody>\n<\/table>\n<p>&nbsp;<\/p>\n<\/div>\n<div class=\"group_fDXOr6EpR9\">\n<div class=\"name_fDXOr6EpR9\" data-selenium=\"specsItemGroupName\">F\u00edsico<\/div>\n<table class=\"table_fDXOr6EpR9\" data-selenium=\"specsItemGroupTable\">\n<tbody>\n<tr class=\"pair_fDXOr6EpR9\" data-selenium=\"specsItemGroupTableRow\">\n<td class=\"label_fDXOr6EpR9 \" data-selenium=\"specsItemGroupTableColumnLabel\">Ranura para tarjeta de memoria<\/td>\n<td class=\"value_fDXOr6EpR9 \" data-selenium=\"specsItemGroupTableColumnValue\"><i>Ninguna<\/i><\/td>\n<\/tr>\n<tr class=\"pair_fDXOr6EpR9\" data-selenium=\"specsItemGroupTableRow\">\n<td class=\"label_fDXOr6EpR9\" data-selenium=\"specsItemGroupTableColumnLabel\">Clasificaci\u00f3n del IP<\/td>\n<td class=\"value_fDXOr6EpR9\" data-selenium=\"specsItemGroupTableColumnValue\">IPX7<\/td>\n<\/tr>\n<tr class=\"pair_fDXOr6EpR9\" data-selenium=\"specsItemGroupTableRow\">\n<td class=\"label_fDXOr6EpR9\" data-selenium=\"specsItemGroupTableColumnLabel\">Dimensiones (An. x Al. x Pr.)<\/td>\n<td class=\"value_fDXOr6EpR9\" data-selenium=\"specsItemGroupTableColumnValue\">19,1 x 7,9 x 10,1&#8243; \/ 48,51 x 20,07 x 25,65 cm<\/td>\n<\/tr>\n<tr class=\"pair_fDXOr6EpR9\" data-selenium=\"specsItemGroupTableRow\">\n<td class=\"label_fDXOr6EpR9\" data-selenium=\"specsItemGroupTableColumnLabel\">Peso<\/td>\n<td class=\"value_fDXOr6EpR9\" data-selenium=\"specsItemGroupTableColumnValue\">13,01 libras\/5,9 kg<\/td>\n<\/tr>\n<\/tbody>\n<\/table>\n<p>&nbsp;<\/p>\n<\/div>\n<div class=\"group_fDXOr6EpR9\">\n<div class=\"name_fDXOr6EpR9\" data-selenium=\"specsItemGroupName\">Informaci\u00f3n de embalaje<\/div>\n<table class=\"table_fDXOr6EpR9\" data-selenium=\"specsItemGroupTable\">\n<tbody>\n<tr class=\"pair_fDXOr6EpR9\" data-selenium=\"specsItemGroupTableRow\">\n<td class=\"label_fDXOr6EpR9 \" data-selenium=\"specsItemGroupTableColumnLabel\">peso del paquete<\/td>\n<td class=\"value_fDXOr6EpR9 \" data-selenium=\"specsItemGroupTableColumnValue\">17 libras<\/td>\n<\/tr>\n<tr class=\"pair_fDXOr6EpR9\" data-selenium=\"specsItemGroupTableRow\">\n<td class=\"label_fDXOr6EpR9\" data-selenium=\"specsItemGroupTableColumnLabel\">Dimensiones de la caja (LxAnxAl)<\/td>\n<td class=\"value_fDXOr6EpR9\" data-selenium=\"specsItemGroupTableColumnValue\">22 x 13 x 9.5&#8243;<\/td>\n<\/tr>\n<\/tbody>\n<\/table>\n<\/div>\n","protected":false},"excerpt":{"rendered":"<p><b>Divi\u00e9rtete con tus amigos en casa, en la playa o en el parque con el altavoz Bluetooth port\u00e1til Boombox 2<\/b>\u00a0resistente al agua IPX7\u00a0de\u00a0<b>JBL<\/b>\u00a0.\u00a0Esta bocina Bluetooth inal\u00e1mbrica brinda un sonido n\u00edtido, graves potentes, medios claros y agudos suaves con sus cuatro transductores activos: dos tweeters de 0,8&#8243; y dos woofers de 4&#8243;.<\/p>\n<div>\n<div class=\"productDescription_UbV5SNP5Eo\" data-selenium=\"overviewLongDescription\">\n<div class=\"js-injected-html text_UbV5SNP5Eo\">\n<p>Conecta f\u00e1cilmente tus dispositivos m\u00f3viles a este altavoz a trav\u00e9s de la tecnolog\u00eda Bluetooth 5.1, para que puedas reproducir todas tus canciones favoritas.\u00a0La bater\u00eda recargable de 10 000 mAh del Boombox 2 proporciona hasta 24 horas de funcionamiento con una carga completa y se puede recargar con el adaptador de corriente incluido.\u00a0Con su banco de energ\u00eda incorporado y su puerto USB tipo A, incluso puede cargar sus dispositivos m\u00f3viles con este altavoz inal\u00e1mbrico.<\/p>\n<\/div>\n<\/div>\n<\/div>\n<div class=\"feature_UbV5SNP5Eo\">\n<div class=\"feature_UbV5SNP5Eo\">\n<div>\n<div class=\"feature_UbV5SNP5Eo\">\n<div class=\"descriptionAsTitle_UbV5SNP5Eo\">\n<div class=\"js-injected-html text_UbV5SNP5Eo\">Con la funci\u00f3n JBL PartyBoost, este altavoz puede conectarse a otros altavoces compatibles para mejorar su m\u00fasica<\/div>\n<\/div>\n<\/div>\n<\/div>\n<div>\n<div class=\"feature_UbV5SNP5Eo\">\n<div class=\"descriptionAsTitle_UbV5SNP5Eo\">\n<div class=\"js-injected-html text_UbV5SNP5Eo\">Escuche todo el d\u00eda con una bater\u00eda de iones de litio recargable incorporada que admite hasta 24 horas de tiempo de reproducci\u00f3n.<\/div>\n<\/div>\n<\/div>\n<\/div>\n<div>\n<div class=\"feature_UbV5SNP5Eo\">\n<div class=\"descriptionAsTitle_UbV5SNP5Eo\">\n<div class=\"js-injected-html text_UbV5SNP5Eo\">Con\u00e9ctese de forma inal\u00e1mbrica a cualquier tel\u00e9fono inteligente o tableta a trav\u00e9s de la tecnolog\u00eda Bluetooth 5.1<\/div>\n<\/div>\n<\/div>\n<\/div>\n<\/div>\n<\/div>\n","protected":false},"featured_media":10200,"comment_status":"open","ping_status":"closed","template":"","meta":{"jetpack_publicize_message":"","jetpack_publicize_feature_enabled":true,"jetpack_social_post_already_shared":false,"jetpack_social_options":{"image_generator_settings":{"template":"highway","default_image_id":0,"font":"","enabled":false},"version":2}},"pwb-brand":[75],"product_brand":[],"product_cat":[26],"product_tag":[347],"class_list":{"0":"post-10198","1":"product","2":"type-product","3":"status-publish","4":"has-post-thumbnail","6":"pwb-brand-jbl","7":"product_cat-bocinas","8":"product_tag-jbl-bocina-bluetooth","10":"first","11":"instock","12":"sale","13":"taxable","14":"shipping-taxable","15":"purchasable","16":"product-type-simple"},"yoast_head":"<!-- This site is optimized with the Yoast SEO Premium plugin v25.7.1 (Yoast SEO v26.8) - https:\/\/yoast.com\/product\/yoast-seo-premium-wordpress\/ -->\n<title>Bocina JBL Boombox 2 color militar - Mivoot<\/title>\n<meta name=\"robots\" content=\"index, follow, max-snippet:-1, max-image-preview:large, max-video-preview:-1\" \/>\n<link rel=\"canonical\" href=\"https:\/\/mivoot.com\/gt\/producto\/bocina-jbl-boombox-2-color-militar\/\" \/>\n<meta property=\"og:locale\" content=\"es_ES\" \/>\n<meta property=\"og:type\" content=\"article\" \/>\n<meta property=\"og:title\" content=\"Bocina JBL Boombox 2 color militar\" \/>\n<meta property=\"og:description\" content=\"Divi\u00e9rtete con tus amigos en casa, en la playa o en el parque con el altavoz Bluetooth port\u00e1til Boombox 2\u00a0resistente al agua IPX7\u00a0de\u00a0JBL\u00a0.\u00a0Esta bocina Bluetooth inal\u00e1mbrica brinda un sonido n\u00edtido, graves potentes, medios claros y agudos suaves con sus cuatro transductores activos: dos tweeters de 0,8&quot; y dos woofers de 4&quot;.     Conecta f\u00e1cilmente tus dispositivos m\u00f3viles a este altavoz a trav\u00e9s de la tecnolog\u00eda Bluetooth 5.1, para que puedas reproducir todas tus canciones favoritas.\u00a0La bater\u00eda recargable de 10 000 mAh del Boombox 2 proporciona hasta 24 horas de funcionamiento con una carga completa y se puede recargar con el adaptador de corriente incluido.\u00a0Con su banco de energ\u00eda incorporado y su puerto USB tipo A, incluso puede cargar sus dispositivos m\u00f3viles con este altavoz inal\u00e1mbrico.          Con la funci\u00f3n JBL PartyBoost, este altavoz puede conectarse a otros altavoces compatibles para mejorar su m\u00fasica       Escuche todo el d\u00eda con una bater\u00eda de iones de litio recargable incorporada que admite hasta 24 horas de tiempo de reproducci\u00f3n.       Con\u00e9ctese de forma inal\u00e1mbrica a cualquier tel\u00e9fono inteligente o tableta a trav\u00e9s de la tecnolog\u00eda Bluetooth 5.1\" \/>\n<meta property=\"og:url\" content=\"https:\/\/mivoot.com\/gt\/producto\/bocina-jbl-boombox-2-color-militar\/\" \/>\n<meta property=\"og:site_name\" content=\"Mivoot\" \/>\n<meta property=\"article:publisher\" content=\"https:\/\/www.facebook.com\/mivootgt\" \/>\n<meta property=\"article:modified_time\" content=\"2023-06-01T20:36:09+00:00\" \/>\n<meta property=\"og:image\" content=\"https:\/\/mivoot.com\/gt\/wp-content\/uploads\/2022\/09\/JBL-BOOMBOX2-MILITAR-2.jpg\" \/>\n\t<meta property=\"og:image:width\" content=\"500\" \/>\n\t<meta property=\"og:image:height\" content=\"500\" \/>\n\t<meta property=\"og:image:type\" content=\"image\/jpeg\" \/>\n<meta name=\"twitter:card\" content=\"summary_large_image\" \/>\n<meta name=\"twitter:label1\" content=\"Est. reading time\" \/>\n\t<meta name=\"twitter:data1\" content=\"1 minuto\" \/>\n<script type=\"application\/ld+json\" class=\"yoast-schema-graph\">{\"@context\":\"https:\/\/schema.org\",\"@graph\":[{\"@type\":\"WebPage\",\"@id\":\"https:\/\/mivoot.com\/gt\/producto\/bocina-jbl-boombox-2-color-militar\/\",\"url\":\"https:\/\/mivoot.com\/gt\/producto\/bocina-jbl-boombox-2-color-militar\/\",\"name\":\"Bocina JBL Boombox 2 color militar - Mivoot\",\"isPartOf\":{\"@id\":\"https:\/\/mivoot.com\/gt\/#website\"},\"primaryImageOfPage\":{\"@id\":\"https:\/\/mivoot.com\/gt\/producto\/bocina-jbl-boombox-2-color-militar\/#primaryimage\"},\"image\":{\"@id\":\"https:\/\/mivoot.com\/gt\/producto\/bocina-jbl-boombox-2-color-militar\/#primaryimage\"},\"thumbnailUrl\":\"https:\/\/mivoot.com\/gt\/wp-content\/uploads\/2022\/09\/JBL-BOOMBOX2-MILITAR-2.jpg\",\"datePublished\":\"2022-09-16T05:16:16+00:00\",\"dateModified\":\"2023-06-01T20:36:09+00:00\",\"breadcrumb\":{\"@id\":\"https:\/\/mivoot.com\/gt\/producto\/bocina-jbl-boombox-2-color-militar\/#breadcrumb\"},\"inLanguage\":\"es\",\"potentialAction\":[{\"@type\":\"ReadAction\",\"target\":[\"https:\/\/mivoot.com\/gt\/producto\/bocina-jbl-boombox-2-color-militar\/\"]}]},{\"@type\":\"ImageObject\",\"inLanguage\":\"es\",\"@id\":\"https:\/\/mivoot.com\/gt\/producto\/bocina-jbl-boombox-2-color-militar\/#primaryimage\",\"url\":\"https:\/\/mivoot.com\/gt\/wp-content\/uploads\/2022\/09\/JBL-BOOMBOX2-MILITAR-2.jpg\",\"contentUrl\":\"https:\/\/mivoot.com\/gt\/wp-content\/uploads\/2022\/09\/JBL-BOOMBOX2-MILITAR-2.jpg\",\"width\":500,\"height\":500},{\"@type\":\"BreadcrumbList\",\"@id\":\"https:\/\/mivoot.com\/gt\/producto\/bocina-jbl-boombox-2-color-militar\/#breadcrumb\",\"itemListElement\":[{\"@type\":\"ListItem\",\"position\":1,\"name\":\"Inicio\",\"item\":\"https:\/\/mivoot.com\/gt\/\"},{\"@type\":\"ListItem\",\"position\":2,\"name\":\"Productos\",\"item\":\"https:\/\/mivoot.com\/gt\/producto\/\"},{\"@type\":\"ListItem\",\"position\":3,\"name\":\"JBL\",\"item\":\"https:\/\/mivoot.com\/gt\/marca\/jbl\/\"},{\"@type\":\"ListItem\",\"position\":4,\"name\":\"Bocina JBL Boombox 2 color militar\"}]},{\"@type\":\"WebSite\",\"@id\":\"https:\/\/mivoot.com\/gt\/#website\",\"url\":\"https:\/\/mivoot.com\/gt\/\",\"name\":\"Mivoot\",\"description\":\"Mivoot Guatemala | Tienda Online\",\"publisher\":{\"@id\":\"https:\/\/mivoot.com\/gt\/#organization\"},\"alternateName\":\"mivoot\",\"potentialAction\":[{\"@type\":\"SearchAction\",\"target\":{\"@type\":\"EntryPoint\",\"urlTemplate\":\"https:\/\/mivoot.com\/gt\/?s={search_term_string}\"},\"query-input\":{\"@type\":\"PropertyValueSpecification\",\"valueRequired\":true,\"valueName\":\"search_term_string\"}}],\"inLanguage\":\"es\"},{\"@type\":\"Organization\",\"@id\":\"https:\/\/mivoot.com\/gt\/#organization\",\"name\":\"Mivoot Guatemala\",\"alternateName\":\"mivoot.com\",\"url\":\"https:\/\/mivoot.com\/gt\/\",\"logo\":{\"@type\":\"ImageObject\",\"inLanguage\":\"es\",\"@id\":\"https:\/\/mivoot.com\/gt\/#\/schema\/logo\/image\/\",\"url\":\"https:\/\/mivoot.com\/gt\/wp-content\/uploads\/2023\/03\/cropped-icon.png\",\"contentUrl\":\"https:\/\/mivoot.com\/gt\/wp-content\/uploads\/2023\/03\/cropped-icon.png\",\"width\":512,\"height\":512,\"caption\":\"Mivoot Guatemala\"},\"image\":{\"@id\":\"https:\/\/mivoot.com\/gt\/#\/schema\/logo\/image\/\"},\"sameAs\":[\"https:\/\/www.facebook.com\/mivootgt\",\"https:\/\/instagram.com\/mivoot\"]}]}<\/script>\n<!-- \/ Yoast SEO Premium plugin. -->","yoast_head_json":{"title":"Bocina JBL Boombox 2 color militar - Mivoot","robots":{"index":"index","follow":"follow","max-snippet":"max-snippet:-1","max-image-preview":"max-image-preview:large","max-video-preview":"max-video-preview:-1"},"canonical":"https:\/\/mivoot.com\/gt\/producto\/bocina-jbl-boombox-2-color-militar\/","og_locale":"es_ES","og_type":"article","og_title":"Bocina JBL Boombox 2 color militar","og_description":"Divi\u00e9rtete con tus amigos en casa, en la playa o en el parque con el altavoz Bluetooth port\u00e1til Boombox 2\u00a0resistente al agua IPX7\u00a0de\u00a0JBL\u00a0.\u00a0Esta bocina Bluetooth inal\u00e1mbrica brinda un sonido n\u00edtido, graves potentes, medios claros y agudos suaves con sus cuatro transductores activos: dos tweeters de 0,8\" y dos woofers de 4\".     Conecta f\u00e1cilmente tus dispositivos m\u00f3viles a este altavoz a trav\u00e9s de la tecnolog\u00eda Bluetooth 5.1, para que puedas reproducir todas tus canciones favoritas.\u00a0La bater\u00eda recargable de 10 000 mAh del Boombox 2 proporciona hasta 24 horas de funcionamiento con una carga completa y se puede recargar con el adaptador de corriente incluido.\u00a0Con su banco de energ\u00eda incorporado y su puerto USB tipo A, incluso puede cargar sus dispositivos m\u00f3viles con este altavoz inal\u00e1mbrico.          Con la funci\u00f3n JBL PartyBoost, este altavoz puede conectarse a otros altavoces compatibles para mejorar su m\u00fasica       Escuche todo el d\u00eda con una bater\u00eda de iones de litio recargable incorporada que admite hasta 24 horas de tiempo de reproducci\u00f3n.       Con\u00e9ctese de forma inal\u00e1mbrica a cualquier tel\u00e9fono inteligente o tableta a trav\u00e9s de la tecnolog\u00eda Bluetooth 5.1","og_url":"https:\/\/mivoot.com\/gt\/producto\/bocina-jbl-boombox-2-color-militar\/","og_site_name":"Mivoot","article_publisher":"https:\/\/www.facebook.com\/mivootgt","article_modified_time":"2023-06-01T20:36:09+00:00","og_image":[{"width":500,"height":500,"url":"https:\/\/mivoot.com\/gt\/wp-content\/uploads\/2022\/09\/JBL-BOOMBOX2-MILITAR-2.jpg","type":"image\/jpeg"}],"twitter_card":"summary_large_image","twitter_misc":{"Est. reading time":"1 minuto"},"schema":{"@context":"https:\/\/schema.org","@graph":[{"@type":"WebPage","@id":"https:\/\/mivoot.com\/gt\/producto\/bocina-jbl-boombox-2-color-militar\/","url":"https:\/\/mivoot.com\/gt\/producto\/bocina-jbl-boombox-2-color-militar\/","name":"Bocina JBL Boombox 2 color militar - Mivoot","isPartOf":{"@id":"https:\/\/mivoot.com\/gt\/#website"},"primaryImageOfPage":{"@id":"https:\/\/mivoot.com\/gt\/producto\/bocina-jbl-boombox-2-color-militar\/#primaryimage"},"image":{"@id":"https:\/\/mivoot.com\/gt\/producto\/bocina-jbl-boombox-2-color-militar\/#primaryimage"},"thumbnailUrl":"https:\/\/mivoot.com\/gt\/wp-content\/uploads\/2022\/09\/JBL-BOOMBOX2-MILITAR-2.jpg","datePublished":"2022-09-16T05:16:16+00:00","dateModified":"2023-06-01T20:36:09+00:00","breadcrumb":{"@id":"https:\/\/mivoot.com\/gt\/producto\/bocina-jbl-boombox-2-color-militar\/#breadcrumb"},"inLanguage":"es","potentialAction":[{"@type":"ReadAction","target":["https:\/\/mivoot.com\/gt\/producto\/bocina-jbl-boombox-2-color-militar\/"]}]},{"@type":"ImageObject","inLanguage":"es","@id":"https:\/\/mivoot.com\/gt\/producto\/bocina-jbl-boombox-2-color-militar\/#primaryimage","url":"https:\/\/mivoot.com\/gt\/wp-content\/uploads\/2022\/09\/JBL-BOOMBOX2-MILITAR-2.jpg","contentUrl":"https:\/\/mivoot.com\/gt\/wp-content\/uploads\/2022\/09\/JBL-BOOMBOX2-MILITAR-2.jpg","width":500,"height":500},{"@type":"BreadcrumbList","@id":"https:\/\/mivoot.com\/gt\/producto\/bocina-jbl-boombox-2-color-militar\/#breadcrumb","itemListElement":[{"@type":"ListItem","position":1,"name":"Inicio","item":"https:\/\/mivoot.com\/gt\/"},{"@type":"ListItem","position":2,"name":"Productos","item":"https:\/\/mivoot.com\/gt\/producto\/"},{"@type":"ListItem","position":3,"name":"JBL","item":"https:\/\/mivoot.com\/gt\/marca\/jbl\/"},{"@type":"ListItem","position":4,"name":"Bocina JBL Boombox 2 color militar"}]},{"@type":"WebSite","@id":"https:\/\/mivoot.com\/gt\/#website","url":"https:\/\/mivoot.com\/gt\/","name":"Mivoot","description":"Mivoot Guatemala | Tienda Online","publisher":{"@id":"https:\/\/mivoot.com\/gt\/#organization"},"alternateName":"mivoot","potentialAction":[{"@type":"SearchAction","target":{"@type":"EntryPoint","urlTemplate":"https:\/\/mivoot.com\/gt\/?s={search_term_string}"},"query-input":{"@type":"PropertyValueSpecification","valueRequired":true,"valueName":"search_term_string"}}],"inLanguage":"es"},{"@type":"Organization","@id":"https:\/\/mivoot.com\/gt\/#organization","name":"Mivoot Guatemala","alternateName":"mivoot.com","url":"https:\/\/mivoot.com\/gt\/","logo":{"@type":"ImageObject","inLanguage":"es","@id":"https:\/\/mivoot.com\/gt\/#\/schema\/logo\/image\/","url":"https:\/\/mivoot.com\/gt\/wp-content\/uploads\/2023\/03\/cropped-icon.png","contentUrl":"https:\/\/mivoot.com\/gt\/wp-content\/uploads\/2023\/03\/cropped-icon.png","width":512,"height":512,"caption":"Mivoot Guatemala"},"image":{"@id":"https:\/\/mivoot.com\/gt\/#\/schema\/logo\/image\/"},"sameAs":["https:\/\/www.facebook.com\/mivootgt","https:\/\/instagram.com\/mivoot"]}]}},"jetpack_publicize_connections":[],"jetpack_sharing_enabled":true,"brands":[{"id":75,"name":"JBL","slug":"jbl"}],"_links":{"self":[{"href":"https:\/\/mivoot.com\/gt\/wp-json\/wp\/v2\/product\/10198","targetHints":{"allow":["GET"]}}],"collection":[{"href":"https:\/\/mivoot.com\/gt\/wp-json\/wp\/v2\/product"}],"about":[{"href":"https:\/\/mivoot.com\/gt\/wp-json\/wp\/v2\/types\/product"}],"replies":[{"embeddable":true,"href":"https:\/\/mivoot.com\/gt\/wp-json\/wp\/v2\/comments?post=10198"}],"version-history":[{"count":3,"href":"https:\/\/mivoot.com\/gt\/wp-json\/wp\/v2\/product\/10198\/revisions"}],"predecessor-version":[{"id":10204,"href":"https:\/\/mivoot.com\/gt\/wp-json\/wp\/v2\/product\/10198\/revisions\/10204"}],"wp:featuredmedia":[{"embeddable":true,"href":"https:\/\/mivoot.com\/gt\/wp-json\/wp\/v2\/media\/10200"}],"wp:attachment":[{"href":"https:\/\/mivoot.com\/gt\/wp-json\/wp\/v2\/media?parent=10198"}],"wp:term":[{"taxonomy":"pwb-brand","embeddable":true,"href":"https:\/\/mivoot.com\/gt\/wp-json\/wp\/v2\/pwb-brand?post=10198"},{"taxonomy":"product_brand","embeddable":true,"href":"https:\/\/mivoot.com\/gt\/wp-json\/wp\/v2\/product_brand?post=10198"},{"taxonomy":"product_cat","embeddable":true,"href":"https:\/\/mivoot.com\/gt\/wp-json\/wp\/v2\/product_cat?post=10198"},{"taxonomy":"product_tag","embeddable":true,"href":"https:\/\/mivoot.com\/gt\/wp-json\/wp\/v2\/product_tag?post=10198"}],"curies":[{"name":"wp","href":"https:\/\/api.w.org\/{rel}","templated":true}]}}