{"id":10233,"date":"2022-09-30T19:25:55","date_gmt":"2022-10-01T01:25:55","guid":{"rendered":"https:\/\/mivoot.com\/gt\/?post_type=product&#038;p=10233"},"modified":"2022-09-30T19:50:33","modified_gmt":"2022-10-01T01:50:33","slug":"auricular-razer-barracuda-x-gaming","status":"publish","type":"product","link":"https:\/\/mivoot.com\/gt\/producto\/auricular-razer-barracuda-x-gaming\/","title":{"rendered":"Auricular Razer Barracuda X Gaming"},"content":{"rendered":"<table>\n<tbody>\n<tr>\n<td>\n<h2 class=\"h4\" data-name=\"main-title\"><strong>CONFORT Y DURABILIDAD SUPREMAS<\/strong><\/h2>\n<div class=\"body-copy\">\n<p>Hechos para durar con una estructura robusta y ligera de aluminio y acero. Las almohadillas de espuma viscoel\u00e1stica con supresi\u00f3n de ruido pasiva incluyen tanto piel sint\u00e9tica como tejido aterciopelado transpirable para ofrecer m\u00e1ximo confort en sesiones maratonianas de League of Legends.<\/p>\n<\/div>\n<\/td>\n<td><strong style=\"font-size: 23.04px; font-family: inherit;\">TRANSDUCTORES PRO-G DE 50 MM LEGENDARIOS<\/strong><\/p>\n<div class=\"body-copy\">\n<p>Un dise\u00f1o exclusivo de malla h\u00edbrida ofrece una imagen espacial del sonido incre\u00edblemente clara y precisa con una respuesta de graves mejorada. Podr\u00e1s o\u00edr pisadas y se\u00f1ales ambientales con impresionante claridad y obtendr\u00e1s la ventaja competitiva que necesitas para ganar.<\/p>\n<\/div>\n<\/td>\n<td><strong style=\"font-size: 23.04px; font-family: inherit;\">BLUE VOICE<\/strong><\/p>\n<div class=\"body-copy\">\n<p>&nbsp;<\/p>\n<p>La tecnolog\u00eda de micr\u00f3fono BLUE VO!CE te ofrece una selecci\u00f3n de filtros de voz en tiempo real para reducir el ruido, a\u00f1adir compresi\u00f3n y eliminar el siseo. Adem\u00e1s, garantiza que tu voz suene m\u00e1s rica, limpia y profesional. Consigue comunicaciones de voz en el juego consistentes y con calidad de estudio con BLUE VO!CE a trav\u00e9s del software G HUB para juegos<\/p>\n<\/div>\n<\/td>\n<\/tr>\n<tr>\n<td>\n<h2 class=\"h4\" data-name=\"main-title\"><strong>SONIDO ENVOLVENTE DE PR\u00d3XIMA GENERACI\u00d3N<\/strong><\/h2>\n<div class=\"body-copy\">\n<p>&nbsp;<\/p>\n<p>DTS HEADPHONE:X 2.0 es la versi\u00f3n m\u00e1s reciente de la imagen espacial del sonido basada en objetos de DTS. La versi\u00f3n 2.0 lleva el sonido envolvente de 7.1 canales m\u00e1s lejos que nunca con una mejor reproducci\u00f3n de graves, claridad de audio y pistas de proximidad. Y lo que es m\u00e1s importante, un nuevo nivel de conciencia de la distancia diferencia entre el audio de campo cercano y el de campo lejano, por lo que la ubicaci\u00f3n de tus enemigos est\u00e1 m\u00e1s clara que nunca.<\/p>\n<\/div>\n<\/td>\n<td><strong style=\"font-size: 23.04px; font-family: inherit;\">ECUALIZACI\u00d3N CON OPTIMIZACI\u00d3N PROFESIONAL<\/strong><\/p>\n<div class=\"body-copy js-body-copy constrain-text-width text-gray3 left-align-text\">\n<div class=\"component-text text-block \">\n<p>Los perfiles de ecualizaci\u00f3n de audio optimizados por tus deportistas de eSports favoritos est\u00e1n ahora disponibles a trav\u00e9s del software para juegos G HUB. Puedes usar los perfiles de los profesionales tal y como est\u00e1n, o adaptarlos a tus propias especificaciones. Guarda tus perfiles favoritos en la tarjeta de sonido USB externa y aplica tu perfecta ecualizaci\u00f3n de audio a otras computadoras<\/p>\n<\/div>\n<\/div>\n<\/td>\n<td><strong style=\"font-size: 23.04px; font-family: inherit;\">TARJETA DE SONIDO AVANZADA<\/strong><\/p>\n<div class=\"body-copy js-body-copy constrain-text-width text-gray3 left-align-text\">\n<div class=\"component-text text-block \">\n<p>La tarjeta de sonido USB externa (DAC) ofrece un procesamiento de se\u00f1al digital n\u00edtido para comunicaciones de audio y voz en torneos. Progr\u00e1mala con el software Logitech G HUB para juegos y ll\u00e9vate tu configuraci\u00f3n de audio al torneo<\/p>\n<\/div>\n<\/div>\n<\/td>\n<\/tr>\n<tr>\n<td>\n<h2 class=\"h2\" data-name=\"main-title\"><strong>JUEGA COMO K\/DA<\/strong><\/h2>\n<div class=\"body-copy\">\n<p>Nuestra asociaci\u00f3n con League of Legends ha dado lugar a una colecci\u00f3n de equipamiento exclusivo inspirada directamente en el universo de K\/DA. Cada componente integra tecnolog\u00eda avanzada de juego de alto desempe\u00f1o, con la est\u00e9tica propia de K\/DA. Esto es todo lo que necesitas para o\u00edr, comunicarte y disparar en el momento preciso.<\/p>\n<p>&nbsp;<\/p>\n<h2><strong>&gt;EN LA CAJA:<\/strong><\/h2>\n<p>-Aud\u00edfonos con micr\u00f3fono PRO para juegos<br \/>\n-Almohadillas de piel sint\u00e9tica y espuma viscoel\u00e1stica<br \/>\n-Tarjeta de sonido USB externa<br \/>\n-Micr\u00f3fono extra\u00edble<br \/>\n-Cable de 2m con volumen y silenciamiento integrados<br \/>\n-Divisor en Y para puertos de micr\u00f3fono y aud\u00edfonos<br \/>\n-Documentaci\u00f3n del usuario<\/p>\n<\/div>\n<\/td>\n<td>\n<h2 class=\"h2\" data-name=\"main-title\"><strong>SERIE PRO<\/strong><\/h2>\n<div class=\"body-copy\">\n<p>Los PRO X se unen a un completo grupo de dispositivos y accesorios para juegos profesionales desarrollados en colaboraci\u00f3n con los principales profesionales de esports. Todos los dispositivos Logitech G PRO incorporan nuestras m\u00e1s avanzadas tecnolog\u00edas dise\u00f1adas con un \u00fanico prop\u00f3sito: ayudarte a ganar<\/p>\n<p>&nbsp;<\/p>\n<h2><strong>&gt;REQUISITOS<\/strong><\/h2>\n<p>-PC con puerto USB<br \/>\n-Windows\u00ae 7 o posteriores<br \/>\n-Conexi\u00f3n a Internet para descarga de software opcional7Las funciones avanzadas requieren un puerto USB y el software Logitech G HUB Descargable desde logitechG.com\/GHUB<\/p>\n<\/div>\n<\/td>\n<td>\n<h2><strong>&gt;ESPECIFICACIONES<\/strong><\/h2>\n<p>&nbsp;<\/p>\n<p>-CABLE DE PC: 2M<br \/>\n-RESPUESTA DE FRECUENCIA: 100 HZ-10 KHZ<\/p>\n<p>&gt;ESPECIFICACIONES F\u00cdSICAS: Longitud:138mm \/ Anchura:94mm \/ Altura:195mm<br \/>\n-Peso (sin cable): 320g<br \/>\n-Longitud de cable de PC: 2m<br \/>\n-Divisor de PC: 120mm<\/p>\n<p>&gt;ESPECIFICACIONES T\u00c9CNICAS<br \/>\n-Aud\u00edfono:<br \/>\n-Transductor: Malla h\u00edbrida PRO-G de 50 mm<br \/>\n-Im\u00e1n: Neodimio<br \/>\n-Respuesta de frecuencia: 20 Hz-20 kHz<br \/>\n-Impedancia: 35 ohmios<br \/>\n-Sensibilidad: 91,7 dB SPL a 1 mW y 1 cm<\/p>\n<p>&gt;Materiales:<br \/>\n-Horquilla: Aluminio<br \/>\n-Diadema: Acero<br \/>\n-Almohadillas de aud\u00edfonos y diadema: Piel sint\u00e9tica y espuma viscoel\u00e1stica<\/p>\n<p>&gt;Micr\u00f3fono Pro:<br \/>\n-Patr\u00f3n de captaci\u00f3n de micr\u00f3fono: Cardioide (unidireccional)<br \/>\n-Tipo: Condensador de electreto<br \/>\n-Tama\u00f1o: 6mm<br \/>\n-Respuesta de frecuencia: 100Hz-10kHz<\/td>\n<\/tr>\n<\/tbody>\n<\/table>\n","protected":false},"excerpt":{"rendered":"<h2 class=\"product-title js-text-auto\"><strong>AUD\u00cdFONOS CON MICR\u00d3FONO PRO X PARA JUEGOS<\/strong><\/h2>\n<p>Una edici\u00f3n exclusiva de nuestros aud\u00edfonos con micr\u00f3fono PRO X para juegos con el estilo emblem\u00e1tico oficial de League of Legends. Audio nitid\u00edsimo y comunicaciones profesionales para el mejor desempe\u00f1o en League of Legends.<\/p>\n<p>&nbsp;<\/p>\n<h2 class=\"h4\" data-analytics-title=\"play-with-legends\"><strong>JUEGA CON LEGENDS<\/strong><\/h2>\n<p>Presentamos una edici\u00f3n exclusiva de nuestros aud\u00edfonos con micr\u00f3fono PRO X para juegos. Los revestimos con los emblem\u00e1ticos colores de League of Legends. As\u00ed podr\u00e1s sumergirte completamente en tu juego favorito. Y garantizamos un audio nitid\u00edsimo y comunicaciones profesionales para un desempe\u00f1o genial en League of Legends.<\/p>\n","protected":false},"featured_media":10239,"comment_status":"open","ping_status":"closed","template":"","meta":{"jetpack_publicize_message":"","jetpack_publicize_feature_enabled":true,"jetpack_social_post_already_shared":false,"jetpack_social_options":{"image_generator_settings":{"template":"highway","default_image_id":0,"font":"","enabled":false},"version":2}},"pwb-brand":[323],"product_brand":[],"product_cat":[25,23,162],"product_tag":[],"class_list":{"0":"post-10233","1":"product","2":"type-product","3":"status-publish","4":"has-post-thumbnail","6":"pwb-brand-razer","7":"product_cat-audifonos-alambricos","8":"product_cat-audifonos-bluetooth","9":"product_cat-microfonos","11":"first","12":"instock","13":"taxable","14":"shipping-taxable","15":"purchasable","16":"product-type-simple"},"yoast_head":"<!-- This site is optimized with the Yoast SEO Premium plugin v25.7.1 (Yoast SEO v26.8) - https:\/\/yoast.com\/product\/yoast-seo-premium-wordpress\/ -->\n<title>Auricular Razer Barracuda X Gaming - Mivoot<\/title>\n<meta name=\"robots\" content=\"index, follow, max-snippet:-1, max-image-preview:large, max-video-preview:-1\" \/>\n<link rel=\"canonical\" href=\"https:\/\/mivoot.com\/gt\/producto\/auricular-razer-barracuda-x-gaming\/\" \/>\n<meta property=\"og:locale\" content=\"es_ES\" \/>\n<meta property=\"og:type\" content=\"article\" \/>\n<meta property=\"og:title\" content=\"Auricular Razer Barracuda X Gaming\" \/>\n<meta property=\"og:description\" content=\"AUD\u00cdFONOS CON MICR\u00d3FONO PRO X PARA JUEGOS Una edici\u00f3n exclusiva de nuestros aud\u00edfonos con micr\u00f3fono PRO X para juegos con el estilo emblem\u00e1tico oficial de League of Legends. Audio nitid\u00edsimo y comunicaciones profesionales para el mejor desempe\u00f1o en League of Legends.  &nbsp; JUEGA CON LEGENDS Presentamos una edici\u00f3n exclusiva de nuestros aud\u00edfonos con micr\u00f3fono PRO X para juegos. Los revestimos con los emblem\u00e1ticos colores de League of Legends. As\u00ed podr\u00e1s sumergirte completamente en tu juego favorito. Y garantizamos un audio nitid\u00edsimo y comunicaciones profesionales para un desempe\u00f1o genial en League of Legends.\" \/>\n<meta property=\"og:url\" content=\"https:\/\/mivoot.com\/gt\/producto\/auricular-razer-barracuda-x-gaming\/\" \/>\n<meta property=\"og:site_name\" content=\"Mivoot\" \/>\n<meta property=\"article:publisher\" content=\"https:\/\/www.facebook.com\/mivootgt\" \/>\n<meta property=\"article:modified_time\" content=\"2022-10-01T01:50:33+00:00\" \/>\n<meta property=\"og:image\" content=\"https:\/\/mivoot.com\/gt\/wp-content\/uploads\/2022\/09\/981-001105-5.jpg\" \/>\n\t<meta property=\"og:image:width\" content=\"1000\" \/>\n\t<meta property=\"og:image:height\" content=\"1000\" \/>\n\t<meta property=\"og:image:type\" content=\"image\/jpeg\" \/>\n<meta name=\"twitter:card\" content=\"summary_large_image\" \/>\n<meta name=\"twitter:label1\" content=\"Est. reading time\" \/>\n\t<meta name=\"twitter:data1\" content=\"3 minutos\" \/>\n<script type=\"application\/ld+json\" class=\"yoast-schema-graph\">{\"@context\":\"https:\/\/schema.org\",\"@graph\":[{\"@type\":\"WebPage\",\"@id\":\"https:\/\/mivoot.com\/gt\/producto\/auricular-razer-barracuda-x-gaming\/\",\"url\":\"https:\/\/mivoot.com\/gt\/producto\/auricular-razer-barracuda-x-gaming\/\",\"name\":\"Auricular Razer Barracuda X Gaming - Mivoot\",\"isPartOf\":{\"@id\":\"https:\/\/mivoot.com\/gt\/#website\"},\"primaryImageOfPage\":{\"@id\":\"https:\/\/mivoot.com\/gt\/producto\/auricular-razer-barracuda-x-gaming\/#primaryimage\"},\"image\":{\"@id\":\"https:\/\/mivoot.com\/gt\/producto\/auricular-razer-barracuda-x-gaming\/#primaryimage\"},\"thumbnailUrl\":\"https:\/\/mivoot.com\/gt\/wp-content\/uploads\/2022\/09\/981-001105-5.jpg\",\"datePublished\":\"2022-10-01T01:25:55+00:00\",\"dateModified\":\"2022-10-01T01:50:33+00:00\",\"breadcrumb\":{\"@id\":\"https:\/\/mivoot.com\/gt\/producto\/auricular-razer-barracuda-x-gaming\/#breadcrumb\"},\"inLanguage\":\"es\",\"potentialAction\":[{\"@type\":\"ReadAction\",\"target\":[\"https:\/\/mivoot.com\/gt\/producto\/auricular-razer-barracuda-x-gaming\/\"]}]},{\"@type\":\"ImageObject\",\"inLanguage\":\"es\",\"@id\":\"https:\/\/mivoot.com\/gt\/producto\/auricular-razer-barracuda-x-gaming\/#primaryimage\",\"url\":\"https:\/\/mivoot.com\/gt\/wp-content\/uploads\/2022\/09\/981-001105-5.jpg\",\"contentUrl\":\"https:\/\/mivoot.com\/gt\/wp-content\/uploads\/2022\/09\/981-001105-5.jpg\",\"width\":1000,\"height\":1000},{\"@type\":\"BreadcrumbList\",\"@id\":\"https:\/\/mivoot.com\/gt\/producto\/auricular-razer-barracuda-x-gaming\/#breadcrumb\",\"itemListElement\":[{\"@type\":\"ListItem\",\"position\":1,\"name\":\"Inicio\",\"item\":\"https:\/\/mivoot.com\/gt\/\"},{\"@type\":\"ListItem\",\"position\":2,\"name\":\"Productos\",\"item\":\"https:\/\/mivoot.com\/gt\/producto\/\"},{\"@type\":\"ListItem\",\"position\":3,\"name\":\"Razer\",\"item\":\"https:\/\/mivoot.com\/gt\/marca\/razer\/\"},{\"@type\":\"ListItem\",\"position\":4,\"name\":\"Auricular Razer Barracuda X Gaming\"}]},{\"@type\":\"WebSite\",\"@id\":\"https:\/\/mivoot.com\/gt\/#website\",\"url\":\"https:\/\/mivoot.com\/gt\/\",\"name\":\"Mivoot\",\"description\":\"Mivoot Guatemala | Tienda Online\",\"publisher\":{\"@id\":\"https:\/\/mivoot.com\/gt\/#organization\"},\"alternateName\":\"mivoot\",\"potentialAction\":[{\"@type\":\"SearchAction\",\"target\":{\"@type\":\"EntryPoint\",\"urlTemplate\":\"https:\/\/mivoot.com\/gt\/?s={search_term_string}\"},\"query-input\":{\"@type\":\"PropertyValueSpecification\",\"valueRequired\":true,\"valueName\":\"search_term_string\"}}],\"inLanguage\":\"es\"},{\"@type\":\"Organization\",\"@id\":\"https:\/\/mivoot.com\/gt\/#organization\",\"name\":\"Mivoot Guatemala\",\"alternateName\":\"mivoot.com\",\"url\":\"https:\/\/mivoot.com\/gt\/\",\"logo\":{\"@type\":\"ImageObject\",\"inLanguage\":\"es\",\"@id\":\"https:\/\/mivoot.com\/gt\/#\/schema\/logo\/image\/\",\"url\":\"https:\/\/mivoot.com\/gt\/wp-content\/uploads\/2023\/03\/cropped-icon.png\",\"contentUrl\":\"https:\/\/mivoot.com\/gt\/wp-content\/uploads\/2023\/03\/cropped-icon.png\",\"width\":512,\"height\":512,\"caption\":\"Mivoot Guatemala\"},\"image\":{\"@id\":\"https:\/\/mivoot.com\/gt\/#\/schema\/logo\/image\/\"},\"sameAs\":[\"https:\/\/www.facebook.com\/mivootgt\",\"https:\/\/instagram.com\/mivoot\"]}]}<\/script>\n<!-- \/ Yoast SEO Premium plugin. -->","yoast_head_json":{"title":"Auricular Razer Barracuda X Gaming - Mivoot","robots":{"index":"index","follow":"follow","max-snippet":"max-snippet:-1","max-image-preview":"max-image-preview:large","max-video-preview":"max-video-preview:-1"},"canonical":"https:\/\/mivoot.com\/gt\/producto\/auricular-razer-barracuda-x-gaming\/","og_locale":"es_ES","og_type":"article","og_title":"Auricular Razer Barracuda X Gaming","og_description":"AUD\u00cdFONOS CON MICR\u00d3FONO PRO X PARA JUEGOS Una edici\u00f3n exclusiva de nuestros aud\u00edfonos con micr\u00f3fono PRO X para juegos con el estilo emblem\u00e1tico oficial de League of Legends. Audio nitid\u00edsimo y comunicaciones profesionales para el mejor desempe\u00f1o en League of Legends.  &nbsp; JUEGA CON LEGENDS Presentamos una edici\u00f3n exclusiva de nuestros aud\u00edfonos con micr\u00f3fono PRO X para juegos. Los revestimos con los emblem\u00e1ticos colores de League of Legends. As\u00ed podr\u00e1s sumergirte completamente en tu juego favorito. Y garantizamos un audio nitid\u00edsimo y comunicaciones profesionales para un desempe\u00f1o genial en League of Legends.","og_url":"https:\/\/mivoot.com\/gt\/producto\/auricular-razer-barracuda-x-gaming\/","og_site_name":"Mivoot","article_publisher":"https:\/\/www.facebook.com\/mivootgt","article_modified_time":"2022-10-01T01:50:33+00:00","og_image":[{"width":1000,"height":1000,"url":"https:\/\/mivoot.com\/gt\/wp-content\/uploads\/2022\/09\/981-001105-5.jpg","type":"image\/jpeg"}],"twitter_card":"summary_large_image","twitter_misc":{"Est. reading time":"3 minutos"},"schema":{"@context":"https:\/\/schema.org","@graph":[{"@type":"WebPage","@id":"https:\/\/mivoot.com\/gt\/producto\/auricular-razer-barracuda-x-gaming\/","url":"https:\/\/mivoot.com\/gt\/producto\/auricular-razer-barracuda-x-gaming\/","name":"Auricular Razer Barracuda X Gaming - Mivoot","isPartOf":{"@id":"https:\/\/mivoot.com\/gt\/#website"},"primaryImageOfPage":{"@id":"https:\/\/mivoot.com\/gt\/producto\/auricular-razer-barracuda-x-gaming\/#primaryimage"},"image":{"@id":"https:\/\/mivoot.com\/gt\/producto\/auricular-razer-barracuda-x-gaming\/#primaryimage"},"thumbnailUrl":"https:\/\/mivoot.com\/gt\/wp-content\/uploads\/2022\/09\/981-001105-5.jpg","datePublished":"2022-10-01T01:25:55+00:00","dateModified":"2022-10-01T01:50:33+00:00","breadcrumb":{"@id":"https:\/\/mivoot.com\/gt\/producto\/auricular-razer-barracuda-x-gaming\/#breadcrumb"},"inLanguage":"es","potentialAction":[{"@type":"ReadAction","target":["https:\/\/mivoot.com\/gt\/producto\/auricular-razer-barracuda-x-gaming\/"]}]},{"@type":"ImageObject","inLanguage":"es","@id":"https:\/\/mivoot.com\/gt\/producto\/auricular-razer-barracuda-x-gaming\/#primaryimage","url":"https:\/\/mivoot.com\/gt\/wp-content\/uploads\/2022\/09\/981-001105-5.jpg","contentUrl":"https:\/\/mivoot.com\/gt\/wp-content\/uploads\/2022\/09\/981-001105-5.jpg","width":1000,"height":1000},{"@type":"BreadcrumbList","@id":"https:\/\/mivoot.com\/gt\/producto\/auricular-razer-barracuda-x-gaming\/#breadcrumb","itemListElement":[{"@type":"ListItem","position":1,"name":"Inicio","item":"https:\/\/mivoot.com\/gt\/"},{"@type":"ListItem","position":2,"name":"Productos","item":"https:\/\/mivoot.com\/gt\/producto\/"},{"@type":"ListItem","position":3,"name":"Razer","item":"https:\/\/mivoot.com\/gt\/marca\/razer\/"},{"@type":"ListItem","position":4,"name":"Auricular Razer Barracuda X Gaming"}]},{"@type":"WebSite","@id":"https:\/\/mivoot.com\/gt\/#website","url":"https:\/\/mivoot.com\/gt\/","name":"Mivoot","description":"Mivoot Guatemala | Tienda Online","publisher":{"@id":"https:\/\/mivoot.com\/gt\/#organization"},"alternateName":"mivoot","potentialAction":[{"@type":"SearchAction","target":{"@type":"EntryPoint","urlTemplate":"https:\/\/mivoot.com\/gt\/?s={search_term_string}"},"query-input":{"@type":"PropertyValueSpecification","valueRequired":true,"valueName":"search_term_string"}}],"inLanguage":"es"},{"@type":"Organization","@id":"https:\/\/mivoot.com\/gt\/#organization","name":"Mivoot Guatemala","alternateName":"mivoot.com","url":"https:\/\/mivoot.com\/gt\/","logo":{"@type":"ImageObject","inLanguage":"es","@id":"https:\/\/mivoot.com\/gt\/#\/schema\/logo\/image\/","url":"https:\/\/mivoot.com\/gt\/wp-content\/uploads\/2023\/03\/cropped-icon.png","contentUrl":"https:\/\/mivoot.com\/gt\/wp-content\/uploads\/2023\/03\/cropped-icon.png","width":512,"height":512,"caption":"Mivoot Guatemala"},"image":{"@id":"https:\/\/mivoot.com\/gt\/#\/schema\/logo\/image\/"},"sameAs":["https:\/\/www.facebook.com\/mivootgt","https:\/\/instagram.com\/mivoot"]}]}},"jetpack_publicize_connections":[],"jetpack_sharing_enabled":true,"brands":[{"id":323,"name":"Razer","slug":"razer"}],"_links":{"self":[{"href":"https:\/\/mivoot.com\/gt\/wp-json\/wp\/v2\/product\/10233","targetHints":{"allow":["GET"]}}],"collection":[{"href":"https:\/\/mivoot.com\/gt\/wp-json\/wp\/v2\/product"}],"about":[{"href":"https:\/\/mivoot.com\/gt\/wp-json\/wp\/v2\/types\/product"}],"replies":[{"embeddable":true,"href":"https:\/\/mivoot.com\/gt\/wp-json\/wp\/v2\/comments?post=10233"}],"version-history":[{"count":1,"href":"https:\/\/mivoot.com\/gt\/wp-json\/wp\/v2\/product\/10233\/revisions"}],"predecessor-version":[{"id":10243,"href":"https:\/\/mivoot.com\/gt\/wp-json\/wp\/v2\/product\/10233\/revisions\/10243"}],"wp:featuredmedia":[{"embeddable":true,"href":"https:\/\/mivoot.com\/gt\/wp-json\/wp\/v2\/media\/10239"}],"wp:attachment":[{"href":"https:\/\/mivoot.com\/gt\/wp-json\/wp\/v2\/media?parent=10233"}],"wp:term":[{"taxonomy":"pwb-brand","embeddable":true,"href":"https:\/\/mivoot.com\/gt\/wp-json\/wp\/v2\/pwb-brand?post=10233"},{"taxonomy":"product_brand","embeddable":true,"href":"https:\/\/mivoot.com\/gt\/wp-json\/wp\/v2\/product_brand?post=10233"},{"taxonomy":"product_cat","embeddable":true,"href":"https:\/\/mivoot.com\/gt\/wp-json\/wp\/v2\/product_cat?post=10233"},{"taxonomy":"product_tag","embeddable":true,"href":"https:\/\/mivoot.com\/gt\/wp-json\/wp\/v2\/product_tag?post=10233"}],"curies":[{"name":"wp","href":"https:\/\/api.w.org\/{rel}","templated":true}]}}