{"id":10368,"date":"2022-10-06T15:36:50","date_gmt":"2022-10-06T21:36:50","guid":{"rendered":"https:\/\/mivoot.com\/gt\/?post_type=product&#038;p=10368"},"modified":"2022-11-04T15:40:12","modified_gmt":"2022-11-04T21:40:12","slug":"telefono-ip-adicional-inalambrico-hd-para-w60p-w56p-yealink","status":"publish","type":"product","link":"https:\/\/mivoot.com\/gt\/producto\/telefono-ip-adicional-inalambrico-hd-para-w60p-w56p-yealink\/","title":{"rendered":"Tel\u00e9fono IP adicional Inal\u00e1mbrico HD para W60P\/W56P Yealink"},"content":{"rendered":"<p><strong>Auricular inal\u00e1mbrico DECT W56H<\/strong><\/p>\n<p>El auricular DECT inal\u00e1mbrico Yealink W56H es un tel\u00e9fono premium dise\u00f1ado con un hardware robusto, ideal para empresas que requieren una mayor capacidad para manejar una gran cantidad de llamadas.<\/p>\n<p><img decoding=\"async\" src=\"https:\/\/www.yealink.com\/upfiles\/products\/201709\/1505876868120.JPG\" alt=\"\" \/><\/p>\n<p>&nbsp;<\/p>\n<p>Calidad de audio de alta definici\u00f3n<\/p>\n<p>Basado en el est\u00e1ndar inal\u00e1mbrico CAT-iq2.0 DECT para ofrecer calidad de audio HD premium y estable para una comunicaci\u00f3n eficiente y clara.<\/p>\n<p><img fetchpriority=\"high\" decoding=\"async\" title=\"Auricular inal\u00e1mbrico DECT W56H\" src=\"https:\/\/www.yealink.com\/website-service\/attachment\/editor\/upload\/image\/20220413\/1649850814386083307.jpg\" alt=\"Auricular inal\u00e1mbrico DECT W56H\" width=\"330\" height=\"400\" border=\"0\" vspace=\"0\" \/><\/p>\n<p>&nbsp;<\/p>\n<p>Bater\u00eda de larga duraci\u00f3n<\/p>\n<p>Instalado con una bater\u00eda de iones de litio, listo para su gran carga de llamadas con 30 horas de tiempo de conversaci\u00f3n, 400 horas de tiempo en espera y capacidad de carga r\u00e1pida.<\/p>\n<p><img decoding=\"async\" title=\"Auricular inal\u00e1mbrico DECT W56H\" src=\"https:\/\/www.yealink.com\/website-service\/attachment\/editor\/upload\/image\/20220413\/1649850834079086893.jpg\" alt=\"Auricular inal\u00e1mbrico DECT W56H\" width=\"294\" height=\"400\" border=\"0\" vspace=\"0\" \/><\/p>\n<p>&nbsp;<\/p>\n<p>Caracter\u00edsticas enriquecidas<\/p>\n<p>Permite una adopci\u00f3n r\u00e1pida por parte del usuario y una integraci\u00f3n natural en el entorno de trabajo con un dise\u00f1o industrial cuidadoso, pantalla a color de 2,4&#8243; 240&#215;320 y funciones de telefon\u00eda enriquecidas.<\/p>\n<p><img decoding=\"async\" title=\"Auricular inal\u00e1mbrico DECT W56H\" src=\"https:\/\/www.yealink.com\/website-service\/attachment\/editor\/upload\/image\/20220413\/1649850861727099201.jpg\" alt=\"Auricular inal\u00e1mbrico DECT W56H\" width=\"330\" height=\"355\" border=\"0\" vspace=\"0\" \/><\/p>\n<p>Perfecta compatibilidad con la\u00a0base DECT Yealink W60B\/\u00a0<a title=\"w80B\" href=\"https:\/\/www.yealink.com\/en\/product-detail\/dect-phone-w80\" target=\"_blank\" rel=\"noopener\">W80B<\/a><\/p>\n<p>\u25cf\u00a0\u00a0El Yealink W60B es una potente base DECT escalable que admite hasta 8 tel\u00e9fonos, 8 cuentas SIP y 8 llamadas simult\u00e1neas.\u00a0Equipado con un hardware robusto y funciones ricas, se adapta perfectamente a su ajetreada oficina de tama\u00f1o peque\u00f1o a mediano.<\/p>\n<p>\u25cf\u00a0\u00a0La base DECT W60B de Yealink funciona a la perfecci\u00f3n con toda la gama de terminales y repetidores DECT de Yealink.<\/p>\n<p><img loading=\"lazy\" decoding=\"async\" title=\"Auricular inal\u00e1mbrico DECT W56H\" src=\"https:\/\/www.yealink.com\/website-service\/attachment\/editor\/upload\/image\/20220413\/1649839538143088877.png\" alt=\"Auricular inal\u00e1mbrico DECT W56H\" width=\"600\" height=\"374\" border=\"0\" vspace=\"0\" \/><\/p>\n<p>El Yealink W80B proporciona una soluci\u00f3n de roaming y entrega sin interrupciones, una experiencia de comunicaci\u00f3n estable y un servicio de implementaci\u00f3n simple que cubre m\u00faltiples escenarios, incluidos almacenes, hoteles, concesionarios autorizados de autom\u00f3viles, oficinas, tiendas minoristas y otros espacios grandes que necesitan usar la soluci\u00f3n Multi-Cell.<\/p>\n<p><img loading=\"lazy\" decoding=\"async\" title=\"Auricular inal\u00e1mbrico DECT W56H\" src=\"https:\/\/www.yealink.com\/website-service\/attachment\/editor\/upload\/image\/20220413\/1649848386809005797.jpg\" alt=\"Auricular inal\u00e1mbrico DECT W56H\" width=\"800\" height=\"488\" border=\"0\" vspace=\"0\" \/><\/p>\n<p>Yealink W60B y W80B admiten un aprovisionamiento eficiente y una implementaci\u00f3n masiva con el servicio de aprovisionamiento y redirecci\u00f3n de Yealink y el mecanismo de cabina para realizar un aprovisionamiento sin contacto.<\/p>\n","protected":false},"excerpt":{"rendered":"<p>Pantalla LCD a color de 2,4 pulgadas, 240 x 320<br \/>\nConexi\u00f3n de auriculares a trav\u00e9s de conector de 0.138 in<br \/>\nSonido HD excepcional con tecnolog\u00eda de banda ancha<br \/>\nElegante dise\u00f1o de teclado con iluminaci\u00f3n y bloqueo de teclado<br \/>\nHasta 400 horas de tiempo en espera<\/p>\n","protected":false},"featured_media":10377,"comment_status":"open","ping_status":"closed","template":"","meta":{"jetpack_publicize_message":"","jetpack_publicize_feature_enabled":true,"jetpack_social_post_already_shared":false,"jetpack_social_options":{"image_generator_settings":{"template":"highway","default_image_id":0,"font":"","enabled":false},"version":2}},"pwb-brand":[327],"product_brand":[],"product_cat":[329],"product_tag":[],"class_list":{"0":"post-10368","1":"product","2":"type-product","3":"status-publish","4":"has-post-thumbnail","6":"pwb-brand-yealink","7":"product_cat-telefonos-ip","9":"first","10":"instock","11":"taxable","12":"shipping-taxable","13":"purchasable","14":"product-type-simple"},"yoast_head":"<!-- This site is optimized with the Yoast SEO Premium plugin v25.7.1 (Yoast SEO v26.8) - https:\/\/yoast.com\/product\/yoast-seo-premium-wordpress\/ -->\n<title>Tel\u00e9fono IP adicional Inal\u00e1mbrico HD para W60P\/W56P Yealink - Mivoot<\/title>\n<meta name=\"robots\" content=\"index, follow, max-snippet:-1, max-image-preview:large, max-video-preview:-1\" \/>\n<link rel=\"canonical\" href=\"https:\/\/mivoot.com\/gt\/producto\/telefono-ip-adicional-inalambrico-hd-para-w60p-w56p-yealink\/\" \/>\n<meta property=\"og:locale\" content=\"es_ES\" \/>\n<meta property=\"og:type\" content=\"article\" \/>\n<meta property=\"og:title\" content=\"Tel\u00e9fono IP adicional Inal\u00e1mbrico HD para W60P\/W56P Yealink\" \/>\n<meta property=\"og:description\" content=\"Pantalla LCD a color de 2,4 pulgadas, 240 x 320 Conexi\u00f3n de auriculares a trav\u00e9s de conector de 0.138 in Sonido HD excepcional con tecnolog\u00eda de banda ancha Elegante dise\u00f1o de teclado con iluminaci\u00f3n y bloqueo de teclado Hasta 400 horas de tiempo en espera\" \/>\n<meta property=\"og:url\" content=\"https:\/\/mivoot.com\/gt\/producto\/telefono-ip-adicional-inalambrico-hd-para-w60p-w56p-yealink\/\" \/>\n<meta property=\"og:site_name\" content=\"Mivoot\" \/>\n<meta property=\"article:publisher\" content=\"https:\/\/www.facebook.com\/mivootgt\" \/>\n<meta property=\"article:modified_time\" content=\"2022-11-04T21:40:12+00:00\" \/>\n<meta property=\"og:image\" content=\"https:\/\/mivoot.com\/gt\/wp-content\/uploads\/2022\/10\/jhj.jpg\" \/>\n\t<meta property=\"og:image:width\" content=\"1500\" \/>\n\t<meta property=\"og:image:height\" content=\"1500\" \/>\n\t<meta property=\"og:image:type\" content=\"image\/jpeg\" \/>\n<meta name=\"twitter:card\" content=\"summary_large_image\" \/>\n<meta name=\"twitter:label1\" content=\"Est. reading time\" \/>\n\t<meta name=\"twitter:data1\" content=\"3 minutos\" \/>\n<script type=\"application\/ld+json\" class=\"yoast-schema-graph\">{\"@context\":\"https:\/\/schema.org\",\"@graph\":[{\"@type\":\"WebPage\",\"@id\":\"https:\/\/mivoot.com\/gt\/producto\/telefono-ip-adicional-inalambrico-hd-para-w60p-w56p-yealink\/\",\"url\":\"https:\/\/mivoot.com\/gt\/producto\/telefono-ip-adicional-inalambrico-hd-para-w60p-w56p-yealink\/\",\"name\":\"Tel\u00e9fono IP adicional Inal\u00e1mbrico HD para W60P\/W56P Yealink - Mivoot\",\"isPartOf\":{\"@id\":\"https:\/\/mivoot.com\/gt\/#website\"},\"primaryImageOfPage\":{\"@id\":\"https:\/\/mivoot.com\/gt\/producto\/telefono-ip-adicional-inalambrico-hd-para-w60p-w56p-yealink\/#primaryimage\"},\"image\":{\"@id\":\"https:\/\/mivoot.com\/gt\/producto\/telefono-ip-adicional-inalambrico-hd-para-w60p-w56p-yealink\/#primaryimage\"},\"thumbnailUrl\":\"https:\/\/mivoot.com\/gt\/wp-content\/uploads\/2022\/10\/jhj.jpg\",\"datePublished\":\"2022-10-06T21:36:50+00:00\",\"dateModified\":\"2022-11-04T21:40:12+00:00\",\"breadcrumb\":{\"@id\":\"https:\/\/mivoot.com\/gt\/producto\/telefono-ip-adicional-inalambrico-hd-para-w60p-w56p-yealink\/#breadcrumb\"},\"inLanguage\":\"es\",\"potentialAction\":[{\"@type\":\"ReadAction\",\"target\":[\"https:\/\/mivoot.com\/gt\/producto\/telefono-ip-adicional-inalambrico-hd-para-w60p-w56p-yealink\/\"]}]},{\"@type\":\"ImageObject\",\"inLanguage\":\"es\",\"@id\":\"https:\/\/mivoot.com\/gt\/producto\/telefono-ip-adicional-inalambrico-hd-para-w60p-w56p-yealink\/#primaryimage\",\"url\":\"https:\/\/mivoot.com\/gt\/wp-content\/uploads\/2022\/10\/jhj.jpg\",\"contentUrl\":\"https:\/\/mivoot.com\/gt\/wp-content\/uploads\/2022\/10\/jhj.jpg\",\"width\":1500,\"height\":1500},{\"@type\":\"BreadcrumbList\",\"@id\":\"https:\/\/mivoot.com\/gt\/producto\/telefono-ip-adicional-inalambrico-hd-para-w60p-w56p-yealink\/#breadcrumb\",\"itemListElement\":[{\"@type\":\"ListItem\",\"position\":1,\"name\":\"Inicio\",\"item\":\"https:\/\/mivoot.com\/gt\/\"},{\"@type\":\"ListItem\",\"position\":2,\"name\":\"Productos\",\"item\":\"https:\/\/mivoot.com\/gt\/producto\/\"},{\"@type\":\"ListItem\",\"position\":3,\"name\":\"YeaLink\",\"item\":\"https:\/\/mivoot.com\/gt\/marca\/yealink\/\"},{\"@type\":\"ListItem\",\"position\":4,\"name\":\"Tel\u00e9fono IP adicional Inal\u00e1mbrico HD para W60P\/W56P Yealink\"}]},{\"@type\":\"WebSite\",\"@id\":\"https:\/\/mivoot.com\/gt\/#website\",\"url\":\"https:\/\/mivoot.com\/gt\/\",\"name\":\"Mivoot\",\"description\":\"Mivoot Guatemala | Tienda Online\",\"publisher\":{\"@id\":\"https:\/\/mivoot.com\/gt\/#organization\"},\"alternateName\":\"mivoot\",\"potentialAction\":[{\"@type\":\"SearchAction\",\"target\":{\"@type\":\"EntryPoint\",\"urlTemplate\":\"https:\/\/mivoot.com\/gt\/?s={search_term_string}\"},\"query-input\":{\"@type\":\"PropertyValueSpecification\",\"valueRequired\":true,\"valueName\":\"search_term_string\"}}],\"inLanguage\":\"es\"},{\"@type\":\"Organization\",\"@id\":\"https:\/\/mivoot.com\/gt\/#organization\",\"name\":\"Mivoot Guatemala\",\"alternateName\":\"mivoot.com\",\"url\":\"https:\/\/mivoot.com\/gt\/\",\"logo\":{\"@type\":\"ImageObject\",\"inLanguage\":\"es\",\"@id\":\"https:\/\/mivoot.com\/gt\/#\/schema\/logo\/image\/\",\"url\":\"https:\/\/mivoot.com\/gt\/wp-content\/uploads\/2023\/03\/cropped-icon.png\",\"contentUrl\":\"https:\/\/mivoot.com\/gt\/wp-content\/uploads\/2023\/03\/cropped-icon.png\",\"width\":512,\"height\":512,\"caption\":\"Mivoot Guatemala\"},\"image\":{\"@id\":\"https:\/\/mivoot.com\/gt\/#\/schema\/logo\/image\/\"},\"sameAs\":[\"https:\/\/www.facebook.com\/mivootgt\",\"https:\/\/instagram.com\/mivoot\"]}]}<\/script>\n<!-- \/ Yoast SEO Premium plugin. -->","yoast_head_json":{"title":"Tel\u00e9fono IP adicional Inal\u00e1mbrico HD para W60P\/W56P Yealink - Mivoot","robots":{"index":"index","follow":"follow","max-snippet":"max-snippet:-1","max-image-preview":"max-image-preview:large","max-video-preview":"max-video-preview:-1"},"canonical":"https:\/\/mivoot.com\/gt\/producto\/telefono-ip-adicional-inalambrico-hd-para-w60p-w56p-yealink\/","og_locale":"es_ES","og_type":"article","og_title":"Tel\u00e9fono IP adicional Inal\u00e1mbrico HD para W60P\/W56P Yealink","og_description":"Pantalla LCD a color de 2,4 pulgadas, 240 x 320 Conexi\u00f3n de auriculares a trav\u00e9s de conector de 0.138 in Sonido HD excepcional con tecnolog\u00eda de banda ancha Elegante dise\u00f1o de teclado con iluminaci\u00f3n y bloqueo de teclado Hasta 400 horas de tiempo en espera","og_url":"https:\/\/mivoot.com\/gt\/producto\/telefono-ip-adicional-inalambrico-hd-para-w60p-w56p-yealink\/","og_site_name":"Mivoot","article_publisher":"https:\/\/www.facebook.com\/mivootgt","article_modified_time":"2022-11-04T21:40:12+00:00","og_image":[{"width":1500,"height":1500,"url":"https:\/\/mivoot.com\/gt\/wp-content\/uploads\/2022\/10\/jhj.jpg","type":"image\/jpeg"}],"twitter_card":"summary_large_image","twitter_misc":{"Est. reading time":"3 minutos"},"schema":{"@context":"https:\/\/schema.org","@graph":[{"@type":"WebPage","@id":"https:\/\/mivoot.com\/gt\/producto\/telefono-ip-adicional-inalambrico-hd-para-w60p-w56p-yealink\/","url":"https:\/\/mivoot.com\/gt\/producto\/telefono-ip-adicional-inalambrico-hd-para-w60p-w56p-yealink\/","name":"Tel\u00e9fono IP adicional Inal\u00e1mbrico HD para W60P\/W56P Yealink - Mivoot","isPartOf":{"@id":"https:\/\/mivoot.com\/gt\/#website"},"primaryImageOfPage":{"@id":"https:\/\/mivoot.com\/gt\/producto\/telefono-ip-adicional-inalambrico-hd-para-w60p-w56p-yealink\/#primaryimage"},"image":{"@id":"https:\/\/mivoot.com\/gt\/producto\/telefono-ip-adicional-inalambrico-hd-para-w60p-w56p-yealink\/#primaryimage"},"thumbnailUrl":"https:\/\/mivoot.com\/gt\/wp-content\/uploads\/2022\/10\/jhj.jpg","datePublished":"2022-10-06T21:36:50+00:00","dateModified":"2022-11-04T21:40:12+00:00","breadcrumb":{"@id":"https:\/\/mivoot.com\/gt\/producto\/telefono-ip-adicional-inalambrico-hd-para-w60p-w56p-yealink\/#breadcrumb"},"inLanguage":"es","potentialAction":[{"@type":"ReadAction","target":["https:\/\/mivoot.com\/gt\/producto\/telefono-ip-adicional-inalambrico-hd-para-w60p-w56p-yealink\/"]}]},{"@type":"ImageObject","inLanguage":"es","@id":"https:\/\/mivoot.com\/gt\/producto\/telefono-ip-adicional-inalambrico-hd-para-w60p-w56p-yealink\/#primaryimage","url":"https:\/\/mivoot.com\/gt\/wp-content\/uploads\/2022\/10\/jhj.jpg","contentUrl":"https:\/\/mivoot.com\/gt\/wp-content\/uploads\/2022\/10\/jhj.jpg","width":1500,"height":1500},{"@type":"BreadcrumbList","@id":"https:\/\/mivoot.com\/gt\/producto\/telefono-ip-adicional-inalambrico-hd-para-w60p-w56p-yealink\/#breadcrumb","itemListElement":[{"@type":"ListItem","position":1,"name":"Inicio","item":"https:\/\/mivoot.com\/gt\/"},{"@type":"ListItem","position":2,"name":"Productos","item":"https:\/\/mivoot.com\/gt\/producto\/"},{"@type":"ListItem","position":3,"name":"YeaLink","item":"https:\/\/mivoot.com\/gt\/marca\/yealink\/"},{"@type":"ListItem","position":4,"name":"Tel\u00e9fono IP adicional Inal\u00e1mbrico HD para W60P\/W56P Yealink"}]},{"@type":"WebSite","@id":"https:\/\/mivoot.com\/gt\/#website","url":"https:\/\/mivoot.com\/gt\/","name":"Mivoot","description":"Mivoot Guatemala | Tienda Online","publisher":{"@id":"https:\/\/mivoot.com\/gt\/#organization"},"alternateName":"mivoot","potentialAction":[{"@type":"SearchAction","target":{"@type":"EntryPoint","urlTemplate":"https:\/\/mivoot.com\/gt\/?s={search_term_string}"},"query-input":{"@type":"PropertyValueSpecification","valueRequired":true,"valueName":"search_term_string"}}],"inLanguage":"es"},{"@type":"Organization","@id":"https:\/\/mivoot.com\/gt\/#organization","name":"Mivoot Guatemala","alternateName":"mivoot.com","url":"https:\/\/mivoot.com\/gt\/","logo":{"@type":"ImageObject","inLanguage":"es","@id":"https:\/\/mivoot.com\/gt\/#\/schema\/logo\/image\/","url":"https:\/\/mivoot.com\/gt\/wp-content\/uploads\/2023\/03\/cropped-icon.png","contentUrl":"https:\/\/mivoot.com\/gt\/wp-content\/uploads\/2023\/03\/cropped-icon.png","width":512,"height":512,"caption":"Mivoot Guatemala"},"image":{"@id":"https:\/\/mivoot.com\/gt\/#\/schema\/logo\/image\/"},"sameAs":["https:\/\/www.facebook.com\/mivootgt","https:\/\/instagram.com\/mivoot"]}]}},"jetpack_publicize_connections":[],"jetpack_sharing_enabled":true,"brands":[{"id":327,"name":"YeaLink","slug":"yealink"}],"_links":{"self":[{"href":"https:\/\/mivoot.com\/gt\/wp-json\/wp\/v2\/product\/10368","targetHints":{"allow":["GET"]}}],"collection":[{"href":"https:\/\/mivoot.com\/gt\/wp-json\/wp\/v2\/product"}],"about":[{"href":"https:\/\/mivoot.com\/gt\/wp-json\/wp\/v2\/types\/product"}],"replies":[{"embeddable":true,"href":"https:\/\/mivoot.com\/gt\/wp-json\/wp\/v2\/comments?post=10368"}],"version-history":[{"count":3,"href":"https:\/\/mivoot.com\/gt\/wp-json\/wp\/v2\/product\/10368\/revisions"}],"predecessor-version":[{"id":10379,"href":"https:\/\/mivoot.com\/gt\/wp-json\/wp\/v2\/product\/10368\/revisions\/10379"}],"wp:featuredmedia":[{"embeddable":true,"href":"https:\/\/mivoot.com\/gt\/wp-json\/wp\/v2\/media\/10377"}],"wp:attachment":[{"href":"https:\/\/mivoot.com\/gt\/wp-json\/wp\/v2\/media?parent=10368"}],"wp:term":[{"taxonomy":"pwb-brand","embeddable":true,"href":"https:\/\/mivoot.com\/gt\/wp-json\/wp\/v2\/pwb-brand?post=10368"},{"taxonomy":"product_brand","embeddable":true,"href":"https:\/\/mivoot.com\/gt\/wp-json\/wp\/v2\/product_brand?post=10368"},{"taxonomy":"product_cat","embeddable":true,"href":"https:\/\/mivoot.com\/gt\/wp-json\/wp\/v2\/product_cat?post=10368"},{"taxonomy":"product_tag","embeddable":true,"href":"https:\/\/mivoot.com\/gt\/wp-json\/wp\/v2\/product_tag?post=10368"}],"curies":[{"name":"wp","href":"https:\/\/api.w.org\/{rel}","templated":true}]}}