{"id":10530,"date":"2022-10-14T22:28:20","date_gmt":"2022-10-15T04:28:20","guid":{"rendered":"https:\/\/mivoot.com\/gt\/?post_type=product&#038;p=10530"},"modified":"2025-02-21T14:55:19","modified_gmt":"2025-02-21T20:55:19","slug":"impresora-termica-usb-ethernet-zkp8008-zkteco","status":"publish","type":"product","link":"https:\/\/mivoot.com\/gt\/producto\/impresora-termica-usb-ethernet-zkp8008-zkteco\/","title":{"rendered":"Impresora T\u00e9rmica USB Ethernet ZKP8008 ZKTeco"},"content":{"rendered":"<div class=\"woocommerce-product-details__short-description\">\n<div class=\"text-gray-6 pix-mt-20\">\n<p>ZKP8008\u00a0es una impresora t\u00e9rmica de recibos de alto rendimiento con cortador autom\u00e1tico. Tiene buena calidad de impresi\u00f3n, alta velocidad de impresi\u00f3n y alta estabilidad, que es ampliamente utilizada en sistemas POS, industria de servicios de alimentos y muchos otros campos.<\/p>\n<\/div>\n<\/div>\n<div class=\"product_meta\">\n<div class=\"pix-py-20 pix-xd-divider-20 my-0 line-height-0\">\n<div class=\"pix-line-divider thin bg-dark-opacity-1 d-inline-block w-100\">\n<ul>\n<li class=\"pix-feature-list font-weight-bold py-2 d-flex align-items-center\"><span class=\"text-gray-7\">Ranura para cable oculta, especialmente dise\u00f1ada para montaje en pared<\/span><\/li>\n<li class=\"pix-feature-list font-weight-bold py-2 d-flex align-items-center\"><span class=\"text-gray-7\">Ligera y de forma limpia<\/span><\/li>\n<li class=\"pix-feature-list font-weight-bold py-2 d-flex align-items-center\"><span class=\"text-gray-7\">Impresi\u00f3n de alta calidad a bajo costo<\/span><\/li>\n<li class=\"pix-feature-list font-weight-bold py-2 d-flex align-items-center\"><span class=\"text-gray-7\">F\u00e1cil recarga de papel, f\u00e1cil mantenimiento y excelente estructura<\/span><\/li>\n<li class=\"pix-feature-list font-weight-bold py-2 d-flex align-items-center\"><span class=\"text-gray-7\">Bajo consumo de energ\u00eda y bajos costos operativos (sin cintas ni cartuchos de tinta)<\/span><\/li>\n<li class=\"pix-feature-list font-weight-bold py-2 d-flex align-items-center\"><span class=\"text-gray-7\">Compatible con el conjunto de instrucciones de impresi\u00f3n ESC \/ POS<\/span><\/li>\n<\/ul>\n<p><img fetchpriority=\"high\" decoding=\"async\" class=\"size-full wp-image-10542 aligncenter\" src=\"https:\/\/mivoot.com\/gt\/wp-content\/uploads\/2022\/10\/zkp8008-31-8ab0e3acfadfd4c9fd15870096836479-640-0.jpg\" alt=\"\" width=\"640\" height=\"640\" srcset=\"https:\/\/mivoot.com\/gt\/wp-content\/uploads\/2022\/10\/zkp8008-31-8ab0e3acfadfd4c9fd15870096836479-640-0.jpg 640w, https:\/\/mivoot.com\/gt\/wp-content\/uploads\/2022\/10\/zkp8008-31-8ab0e3acfadfd4c9fd15870096836479-640-0-250x250.jpg 250w, https:\/\/mivoot.com\/gt\/wp-content\/uploads\/2022\/10\/zkp8008-31-8ab0e3acfadfd4c9fd15870096836479-640-0-100x100.jpg 100w, https:\/\/mivoot.com\/gt\/wp-content\/uploads\/2022\/10\/zkp8008-31-8ab0e3acfadfd4c9fd15870096836479-640-0-410x410.jpg 410w, https:\/\/mivoot.com\/gt\/wp-content\/uploads\/2022\/10\/zkp8008-31-8ab0e3acfadfd4c9fd15870096836479-640-0-64x64.jpg 64w, https:\/\/mivoot.com\/gt\/wp-content\/uploads\/2022\/10\/zkp8008-31-8ab0e3acfadfd4c9fd15870096836479-640-0-300x300.jpg 300w, https:\/\/mivoot.com\/gt\/wp-content\/uploads\/2022\/10\/zkp8008-31-8ab0e3acfadfd4c9fd15870096836479-640-0-150x150.jpg 150w, https:\/\/mivoot.com\/gt\/wp-content\/uploads\/2022\/10\/zkp8008-31-8ab0e3acfadfd4c9fd15870096836479-640-0-50x50.jpg 50w\" sizes=\"(max-width: 640px) 100vw, 640px\" \/><\/p>\n<h4><b>INTRODUCCI\u00d3N DEL PRODUCTO<\/b><\/h4>\n<p>ZKP8008 es una impresora t\u00e9rmica de recibos de alto rendimiento con auto-cortador. Soporta la impression de alta velocidad y estabilidad, compatible con el sistema de ESC\/POS, id\u00f3neo para tiendas, restaurantes, control de sistemas, etc.<\/p>\n<h4><b>CARACTER\u00cdSTICAS<\/b><\/h4>\n<ul>\n<li>Impresora t\u00e9rmica de 80mm con auto-cortador.<\/li>\n<li>Impresi\u00f3n de alta velocidad y bajo ruido.<\/li>\n<li>Ranura para cables ocultas.<\/li>\n<li>Conexi\u00f3n a caj\u00f3n de efectivo.<\/li>\n<li>F\u00e1cil instalaci\u00f3n de papel y r\u00e1pido mantenimiento.<\/li>\n<li>Bajo consumo de energ\u00eda y bajos costos de operaci\u00f3n (no necesita cartuchos de tinta ni cintas).<\/li>\n<li>Id\u00f3neo para el sistema de ESC\/POS para tiendas, restaurantes, control de sistemas, etc.<\/li>\n<\/ul>\n<h4><b>IMPRESI\u00d3N<\/b><\/h4>\n<ul>\n<li>M\u00e9todo de Impresi\u00f3n: Impresi\u00f3n de l\u00edneas t\u00e9rmicas directas<\/li>\n<li>Velocidad de Impresi\u00f3n: 220mm\/sec<\/li>\n<li>Comandos de Impresi\u00f3n: Compatible con ESC\/POS<\/li>\n<li>Vida de Impresi\u00f3n: 100 km<\/li>\n<\/ul>\n<h4><strong>INTERFAZ<\/strong><\/h4>\n<ul>\n<li>USB<\/li>\n<\/ul>\n<h4><b>CARACTERES<\/b><\/h4>\n<ul>\n<li>Fuente A: 12*24 puntos, 1.5(An)*3.0(Al)mm<\/li>\n<li>Fuente B: 9*17 puntos, 1.1(An)*2.1(Al)mm<\/li>\n<li>Alfanum\u00e9rico: ASCII 12\u00d724dots<\/li>\n<\/ul>\n<h4><b>C\u00d3DIGO DE BARRAS<\/b><\/h4>\n<ul>\n<li>1D: UPC-A \/ UPC-E \/ JAN13(EAN13) \/ JAN8(EAN8) \/ CODABAR \/ ITF \/ CODE39 \/ CODE93 \/ CODE128<\/li>\n<\/ul>\n<h4><b>FUENTE DE PODER<\/b><\/h4>\n<ul>\n<li>Salida: DC 24V\/2.5A<\/li>\n<li>Caj\u00f3n de Dinero: DC 24V\/1A<\/li>\n<\/ul>\n<h4><b>PAPEL<\/b><\/h4>\n<ul>\n<li>Tipo de Papel: Rollo de papel de recibo t\u00e9rmico<\/li>\n<li>Espesor de Papel: 0.06-0.08mm<\/li>\n<li>Ancho de Papel: 79.5\u00b10.5mm (Ancho de impression: 72 mm)<\/li>\n<li>Diam\u00e9tro de Rollo: 83mm<\/li>\n<li>Cortador de Papel: Cortador autom\u00e1tico &#8211; Corte complete o parcial<\/li>\n<\/ul>\n<h4><b>AMBIENTE OPERATIVO<\/b><\/h4>\n<ul>\n<li>Temperatura: 5-45\u00b0C<\/li>\n<li>Humedad: 10%-80% Humedad Relativa<\/li>\n<li>Peso: 2KG<\/li>\n<li>Dimensiones: 192*145*133mm (L*An*Al)<\/li>\n<\/ul>\n<\/div>\n<p><img decoding=\"async\" class=\"size-full wp-image-10550 aligncenter\" src=\"https:\/\/mivoot.com\/gt\/wp-content\/uploads\/2022\/10\/zkp8008-51-8c6056cc9ff6c949b715870096837417-640-0.jpg\" alt=\"\" width=\"640\" height=\"640\" srcset=\"https:\/\/mivoot.com\/gt\/wp-content\/uploads\/2022\/10\/zkp8008-51-8c6056cc9ff6c949b715870096837417-640-0.jpg 640w, https:\/\/mivoot.com\/gt\/wp-content\/uploads\/2022\/10\/zkp8008-51-8c6056cc9ff6c949b715870096837417-640-0-250x250.jpg 250w, https:\/\/mivoot.com\/gt\/wp-content\/uploads\/2022\/10\/zkp8008-51-8c6056cc9ff6c949b715870096837417-640-0-100x100.jpg 100w, https:\/\/mivoot.com\/gt\/wp-content\/uploads\/2022\/10\/zkp8008-51-8c6056cc9ff6c949b715870096837417-640-0-410x410.jpg 410w, https:\/\/mivoot.com\/gt\/wp-content\/uploads\/2022\/10\/zkp8008-51-8c6056cc9ff6c949b715870096837417-640-0-64x64.jpg 64w, https:\/\/mivoot.com\/gt\/wp-content\/uploads\/2022\/10\/zkp8008-51-8c6056cc9ff6c949b715870096837417-640-0-300x300.jpg 300w, https:\/\/mivoot.com\/gt\/wp-content\/uploads\/2022\/10\/zkp8008-51-8c6056cc9ff6c949b715870096837417-640-0-150x150.jpg 150w, https:\/\/mivoot.com\/gt\/wp-content\/uploads\/2022\/10\/zkp8008-51-8c6056cc9ff6c949b715870096837417-640-0-50x50.jpg 50w\" sizes=\"(max-width: 640px) 100vw, 640px\" \/> <img decoding=\"async\" class=\"size-full wp-image-10548 aligncenter\" src=\"https:\/\/mivoot.com\/gt\/wp-content\/uploads\/2022\/10\/zkp8008-21-d007de0959a3c1f21915870096836562-640-0.jpg\" alt=\"\" width=\"640\" height=\"640\" srcset=\"https:\/\/mivoot.com\/gt\/wp-content\/uploads\/2022\/10\/zkp8008-21-d007de0959a3c1f21915870096836562-640-0.jpg 640w, https:\/\/mivoot.com\/gt\/wp-content\/uploads\/2022\/10\/zkp8008-21-d007de0959a3c1f21915870096836562-640-0-250x250.jpg 250w, https:\/\/mivoot.com\/gt\/wp-content\/uploads\/2022\/10\/zkp8008-21-d007de0959a3c1f21915870096836562-640-0-100x100.jpg 100w, https:\/\/mivoot.com\/gt\/wp-content\/uploads\/2022\/10\/zkp8008-21-d007de0959a3c1f21915870096836562-640-0-410x410.jpg 410w, https:\/\/mivoot.com\/gt\/wp-content\/uploads\/2022\/10\/zkp8008-21-d007de0959a3c1f21915870096836562-640-0-64x64.jpg 64w, https:\/\/mivoot.com\/gt\/wp-content\/uploads\/2022\/10\/zkp8008-21-d007de0959a3c1f21915870096836562-640-0-300x300.jpg 300w, https:\/\/mivoot.com\/gt\/wp-content\/uploads\/2022\/10\/zkp8008-21-d007de0959a3c1f21915870096836562-640-0-150x150.jpg 150w, https:\/\/mivoot.com\/gt\/wp-content\/uploads\/2022\/10\/zkp8008-21-d007de0959a3c1f21915870096836562-640-0-50x50.jpg 50w\" sizes=\"(max-width: 640px) 100vw, 640px\" \/><\/p>\n<\/div>\n<\/div>\n","protected":false},"excerpt":{"rendered":"<p>&#8211; M\u00e9todo de Impresi\u00f3n T\u00e9rmico directo<br \/>\n&#8211; Velocidad de Impresi\u00f3n 220 mm\/seg<br \/>\n&#8211; Ancho en Columnas Recibos 42<br \/>\n&#8211; Interface USB, LAN<br \/>\n&#8211; Ancho del papel 79,5\u00b10,5 mm (Ancho de impresi\u00f3n 72 mm)<br \/>\n&#8211; Comandos de Impresi\u00f3n: Compatible con ESC\/POS<br \/>\n&#8211; Vida de Impresi\u00f3n: 100 km<br \/>\n&#8211; Tipo de Papel: Rollo de papel de recibo t\u00e9rmico<br \/>\n&#8211; Espesor de Papel: 0.06-0.08mm<br \/>\n&#8211; Peso 2kg<br \/>\n&#8211; Dimensi\u00f3n 192 * 145 * 133 mm (largo x ancho x alto)<\/p>\n","protected":false},"featured_media":10551,"comment_status":"open","ping_status":"closed","template":"","meta":{"jetpack_publicize_message":"","jetpack_publicize_feature_enabled":true,"jetpack_social_post_already_shared":true,"jetpack_social_options":{"image_generator_settings":{"template":"highway","default_image_id":0,"font":"","enabled":false},"version":2}},"pwb-brand":[101],"product_brand":[],"product_cat":[174,305],"product_tag":[],"class_list":{"0":"post-10530","1":"product","2":"type-product","3":"status-publish","4":"has-post-thumbnail","6":"pwb-brand-zkteco-guatemala","7":"product_cat-imptermica","8":"product_cat-impresoratermicarecibos","10":"first","11":"instock","12":"sale","13":"taxable","14":"shipping-taxable","15":"purchasable","16":"product-type-simple"},"yoast_head":"<!-- This site is optimized with the Yoast SEO Premium plugin v25.7.1 (Yoast SEO v26.8) - https:\/\/yoast.com\/product\/yoast-seo-premium-wordpress\/ -->\n<title>Impresora T\u00e9rmica USB Ethernet ZKP8008 ZKTeco - Mivoot<\/title>\n<meta name=\"robots\" content=\"index, follow, max-snippet:-1, max-image-preview:large, max-video-preview:-1\" \/>\n<link rel=\"canonical\" href=\"https:\/\/mivoot.com\/gt\/producto\/impresora-termica-usb-ethernet-zkp8008-zkteco\/\" \/>\n<meta property=\"og:locale\" content=\"es_ES\" \/>\n<meta property=\"og:type\" content=\"article\" \/>\n<meta property=\"og:title\" content=\"Impresora T\u00e9rmica USB Ethernet ZKP8008 ZKTeco\" \/>\n<meta property=\"og:description\" content=\"- M\u00e9todo de Impresi\u00f3n T\u00e9rmico directo - Velocidad de Impresi\u00f3n 220 mm\/seg - Ancho en Columnas Recibos 42 - Interface USB, LAN - Ancho del papel 79,5\u00b10,5 mm (Ancho de impresi\u00f3n 72 mm) - Comandos de Impresi\u00f3n: Compatible con ESC\/POS - Vida de Impresi\u00f3n: 100 km - Tipo de Papel: Rollo de papel de recibo t\u00e9rmico - Espesor de Papel: 0.06-0.08mm - Peso 2kg - Dimensi\u00f3n 192 * 145 * 133 mm (largo x ancho x alto)\" \/>\n<meta property=\"og:url\" content=\"https:\/\/mivoot.com\/gt\/producto\/impresora-termica-usb-ethernet-zkp8008-zkteco\/\" \/>\n<meta property=\"og:site_name\" content=\"Mivoot\" \/>\n<meta property=\"article:publisher\" content=\"https:\/\/www.facebook.com\/mivootgt\" \/>\n<meta property=\"article:modified_time\" content=\"2025-02-21T20:55:19+00:00\" \/>\n<meta property=\"og:image\" content=\"https:\/\/mivoot.com\/gt\/wp-content\/uploads\/2022\/10\/zkp8008-11-9d6833484b5d90d18615870096834886-640-0.jpg\" \/>\n\t<meta property=\"og:image:width\" content=\"640\" \/>\n\t<meta property=\"og:image:height\" content=\"640\" \/>\n\t<meta property=\"og:image:type\" content=\"image\/jpeg\" \/>\n<meta name=\"twitter:card\" content=\"summary_large_image\" \/>\n<meta name=\"twitter:label1\" content=\"Est. reading time\" \/>\n\t<meta name=\"twitter:data1\" content=\"3 minutos\" \/>\n<script type=\"application\/ld+json\" class=\"yoast-schema-graph\">{\"@context\":\"https:\/\/schema.org\",\"@graph\":[{\"@type\":\"WebPage\",\"@id\":\"https:\/\/mivoot.com\/gt\/producto\/impresora-termica-usb-ethernet-zkp8008-zkteco\/\",\"url\":\"https:\/\/mivoot.com\/gt\/producto\/impresora-termica-usb-ethernet-zkp8008-zkteco\/\",\"name\":\"Impresora T\u00e9rmica USB Ethernet ZKP8008 ZKTeco - Mivoot\",\"isPartOf\":{\"@id\":\"https:\/\/mivoot.com\/gt\/#website\"},\"primaryImageOfPage\":{\"@id\":\"https:\/\/mivoot.com\/gt\/producto\/impresora-termica-usb-ethernet-zkp8008-zkteco\/#primaryimage\"},\"image\":{\"@id\":\"https:\/\/mivoot.com\/gt\/producto\/impresora-termica-usb-ethernet-zkp8008-zkteco\/#primaryimage\"},\"thumbnailUrl\":\"https:\/\/mivoot.com\/gt\/wp-content\/uploads\/2022\/10\/zkp8008-11-9d6833484b5d90d18615870096834886-640-0.jpg\",\"datePublished\":\"2022-10-15T04:28:20+00:00\",\"dateModified\":\"2025-02-21T20:55:19+00:00\",\"breadcrumb\":{\"@id\":\"https:\/\/mivoot.com\/gt\/producto\/impresora-termica-usb-ethernet-zkp8008-zkteco\/#breadcrumb\"},\"inLanguage\":\"es\",\"potentialAction\":[{\"@type\":\"ReadAction\",\"target\":[\"https:\/\/mivoot.com\/gt\/producto\/impresora-termica-usb-ethernet-zkp8008-zkteco\/\"]}]},{\"@type\":\"ImageObject\",\"inLanguage\":\"es\",\"@id\":\"https:\/\/mivoot.com\/gt\/producto\/impresora-termica-usb-ethernet-zkp8008-zkteco\/#primaryimage\",\"url\":\"https:\/\/mivoot.com\/gt\/wp-content\/uploads\/2022\/10\/zkp8008-11-9d6833484b5d90d18615870096834886-640-0.jpg\",\"contentUrl\":\"https:\/\/mivoot.com\/gt\/wp-content\/uploads\/2022\/10\/zkp8008-11-9d6833484b5d90d18615870096834886-640-0.jpg\",\"width\":640,\"height\":640},{\"@type\":\"BreadcrumbList\",\"@id\":\"https:\/\/mivoot.com\/gt\/producto\/impresora-termica-usb-ethernet-zkp8008-zkteco\/#breadcrumb\",\"itemListElement\":[{\"@type\":\"ListItem\",\"position\":1,\"name\":\"Inicio\",\"item\":\"https:\/\/mivoot.com\/gt\/\"},{\"@type\":\"ListItem\",\"position\":2,\"name\":\"Productos\",\"item\":\"https:\/\/mivoot.com\/gt\/producto\/\"},{\"@type\":\"ListItem\",\"position\":3,\"name\":\"ZKTeco\",\"item\":\"https:\/\/mivoot.com\/gt\/marca\/zkteco-guatemala\/\"},{\"@type\":\"ListItem\",\"position\":4,\"name\":\"Impresora T\u00e9rmica USB Ethernet ZKP8008 ZKTeco\"}]},{\"@type\":\"WebSite\",\"@id\":\"https:\/\/mivoot.com\/gt\/#website\",\"url\":\"https:\/\/mivoot.com\/gt\/\",\"name\":\"Mivoot\",\"description\":\"Mivoot Guatemala | Tienda Online\",\"publisher\":{\"@id\":\"https:\/\/mivoot.com\/gt\/#organization\"},\"alternateName\":\"mivoot\",\"potentialAction\":[{\"@type\":\"SearchAction\",\"target\":{\"@type\":\"EntryPoint\",\"urlTemplate\":\"https:\/\/mivoot.com\/gt\/?s={search_term_string}\"},\"query-input\":{\"@type\":\"PropertyValueSpecification\",\"valueRequired\":true,\"valueName\":\"search_term_string\"}}],\"inLanguage\":\"es\"},{\"@type\":\"Organization\",\"@id\":\"https:\/\/mivoot.com\/gt\/#organization\",\"name\":\"Mivoot Guatemala\",\"alternateName\":\"mivoot.com\",\"url\":\"https:\/\/mivoot.com\/gt\/\",\"logo\":{\"@type\":\"ImageObject\",\"inLanguage\":\"es\",\"@id\":\"https:\/\/mivoot.com\/gt\/#\/schema\/logo\/image\/\",\"url\":\"https:\/\/mivoot.com\/gt\/wp-content\/uploads\/2023\/03\/cropped-icon.png\",\"contentUrl\":\"https:\/\/mivoot.com\/gt\/wp-content\/uploads\/2023\/03\/cropped-icon.png\",\"width\":512,\"height\":512,\"caption\":\"Mivoot Guatemala\"},\"image\":{\"@id\":\"https:\/\/mivoot.com\/gt\/#\/schema\/logo\/image\/\"},\"sameAs\":[\"https:\/\/www.facebook.com\/mivootgt\",\"https:\/\/instagram.com\/mivoot\"]}]}<\/script>\n<!-- \/ Yoast SEO Premium plugin. -->","yoast_head_json":{"title":"Impresora T\u00e9rmica USB Ethernet ZKP8008 ZKTeco - Mivoot","robots":{"index":"index","follow":"follow","max-snippet":"max-snippet:-1","max-image-preview":"max-image-preview:large","max-video-preview":"max-video-preview:-1"},"canonical":"https:\/\/mivoot.com\/gt\/producto\/impresora-termica-usb-ethernet-zkp8008-zkteco\/","og_locale":"es_ES","og_type":"article","og_title":"Impresora T\u00e9rmica USB Ethernet ZKP8008 ZKTeco","og_description":"- M\u00e9todo de Impresi\u00f3n T\u00e9rmico directo - Velocidad de Impresi\u00f3n 220 mm\/seg - Ancho en Columnas Recibos 42 - Interface USB, LAN - Ancho del papel 79,5\u00b10,5 mm (Ancho de impresi\u00f3n 72 mm) - Comandos de Impresi\u00f3n: Compatible con ESC\/POS - Vida de Impresi\u00f3n: 100 km - Tipo de Papel: Rollo de papel de recibo t\u00e9rmico - Espesor de Papel: 0.06-0.08mm - Peso 2kg - Dimensi\u00f3n 192 * 145 * 133 mm (largo x ancho x alto)","og_url":"https:\/\/mivoot.com\/gt\/producto\/impresora-termica-usb-ethernet-zkp8008-zkteco\/","og_site_name":"Mivoot","article_publisher":"https:\/\/www.facebook.com\/mivootgt","article_modified_time":"2025-02-21T20:55:19+00:00","og_image":[{"width":640,"height":640,"url":"https:\/\/mivoot.com\/gt\/wp-content\/uploads\/2022\/10\/zkp8008-11-9d6833484b5d90d18615870096834886-640-0.jpg","type":"image\/jpeg"}],"twitter_card":"summary_large_image","twitter_misc":{"Est. reading time":"3 minutos"},"schema":{"@context":"https:\/\/schema.org","@graph":[{"@type":"WebPage","@id":"https:\/\/mivoot.com\/gt\/producto\/impresora-termica-usb-ethernet-zkp8008-zkteco\/","url":"https:\/\/mivoot.com\/gt\/producto\/impresora-termica-usb-ethernet-zkp8008-zkteco\/","name":"Impresora T\u00e9rmica USB Ethernet ZKP8008 ZKTeco - Mivoot","isPartOf":{"@id":"https:\/\/mivoot.com\/gt\/#website"},"primaryImageOfPage":{"@id":"https:\/\/mivoot.com\/gt\/producto\/impresora-termica-usb-ethernet-zkp8008-zkteco\/#primaryimage"},"image":{"@id":"https:\/\/mivoot.com\/gt\/producto\/impresora-termica-usb-ethernet-zkp8008-zkteco\/#primaryimage"},"thumbnailUrl":"https:\/\/mivoot.com\/gt\/wp-content\/uploads\/2022\/10\/zkp8008-11-9d6833484b5d90d18615870096834886-640-0.jpg","datePublished":"2022-10-15T04:28:20+00:00","dateModified":"2025-02-21T20:55:19+00:00","breadcrumb":{"@id":"https:\/\/mivoot.com\/gt\/producto\/impresora-termica-usb-ethernet-zkp8008-zkteco\/#breadcrumb"},"inLanguage":"es","potentialAction":[{"@type":"ReadAction","target":["https:\/\/mivoot.com\/gt\/producto\/impresora-termica-usb-ethernet-zkp8008-zkteco\/"]}]},{"@type":"ImageObject","inLanguage":"es","@id":"https:\/\/mivoot.com\/gt\/producto\/impresora-termica-usb-ethernet-zkp8008-zkteco\/#primaryimage","url":"https:\/\/mivoot.com\/gt\/wp-content\/uploads\/2022\/10\/zkp8008-11-9d6833484b5d90d18615870096834886-640-0.jpg","contentUrl":"https:\/\/mivoot.com\/gt\/wp-content\/uploads\/2022\/10\/zkp8008-11-9d6833484b5d90d18615870096834886-640-0.jpg","width":640,"height":640},{"@type":"BreadcrumbList","@id":"https:\/\/mivoot.com\/gt\/producto\/impresora-termica-usb-ethernet-zkp8008-zkteco\/#breadcrumb","itemListElement":[{"@type":"ListItem","position":1,"name":"Inicio","item":"https:\/\/mivoot.com\/gt\/"},{"@type":"ListItem","position":2,"name":"Productos","item":"https:\/\/mivoot.com\/gt\/producto\/"},{"@type":"ListItem","position":3,"name":"ZKTeco","item":"https:\/\/mivoot.com\/gt\/marca\/zkteco-guatemala\/"},{"@type":"ListItem","position":4,"name":"Impresora T\u00e9rmica USB Ethernet ZKP8008 ZKTeco"}]},{"@type":"WebSite","@id":"https:\/\/mivoot.com\/gt\/#website","url":"https:\/\/mivoot.com\/gt\/","name":"Mivoot","description":"Mivoot Guatemala | Tienda Online","publisher":{"@id":"https:\/\/mivoot.com\/gt\/#organization"},"alternateName":"mivoot","potentialAction":[{"@type":"SearchAction","target":{"@type":"EntryPoint","urlTemplate":"https:\/\/mivoot.com\/gt\/?s={search_term_string}"},"query-input":{"@type":"PropertyValueSpecification","valueRequired":true,"valueName":"search_term_string"}}],"inLanguage":"es"},{"@type":"Organization","@id":"https:\/\/mivoot.com\/gt\/#organization","name":"Mivoot Guatemala","alternateName":"mivoot.com","url":"https:\/\/mivoot.com\/gt\/","logo":{"@type":"ImageObject","inLanguage":"es","@id":"https:\/\/mivoot.com\/gt\/#\/schema\/logo\/image\/","url":"https:\/\/mivoot.com\/gt\/wp-content\/uploads\/2023\/03\/cropped-icon.png","contentUrl":"https:\/\/mivoot.com\/gt\/wp-content\/uploads\/2023\/03\/cropped-icon.png","width":512,"height":512,"caption":"Mivoot Guatemala"},"image":{"@id":"https:\/\/mivoot.com\/gt\/#\/schema\/logo\/image\/"},"sameAs":["https:\/\/www.facebook.com\/mivootgt","https:\/\/instagram.com\/mivoot"]}]}},"jetpack_publicize_connections":[],"jetpack_sharing_enabled":true,"brands":[{"id":101,"name":"ZKTeco","slug":"zkteco-guatemala"}],"_links":{"self":[{"href":"https:\/\/mivoot.com\/gt\/wp-json\/wp\/v2\/product\/10530","targetHints":{"allow":["GET"]}}],"collection":[{"href":"https:\/\/mivoot.com\/gt\/wp-json\/wp\/v2\/product"}],"about":[{"href":"https:\/\/mivoot.com\/gt\/wp-json\/wp\/v2\/types\/product"}],"replies":[{"embeddable":true,"href":"https:\/\/mivoot.com\/gt\/wp-json\/wp\/v2\/comments?post=10530"}],"version-history":[{"count":4,"href":"https:\/\/mivoot.com\/gt\/wp-json\/wp\/v2\/product\/10530\/revisions"}],"predecessor-version":[{"id":26615,"href":"https:\/\/mivoot.com\/gt\/wp-json\/wp\/v2\/product\/10530\/revisions\/26615"}],"wp:featuredmedia":[{"embeddable":true,"href":"https:\/\/mivoot.com\/gt\/wp-json\/wp\/v2\/media\/10551"}],"wp:attachment":[{"href":"https:\/\/mivoot.com\/gt\/wp-json\/wp\/v2\/media?parent=10530"}],"wp:term":[{"taxonomy":"pwb-brand","embeddable":true,"href":"https:\/\/mivoot.com\/gt\/wp-json\/wp\/v2\/pwb-brand?post=10530"},{"taxonomy":"product_brand","embeddable":true,"href":"https:\/\/mivoot.com\/gt\/wp-json\/wp\/v2\/product_brand?post=10530"},{"taxonomy":"product_cat","embeddable":true,"href":"https:\/\/mivoot.com\/gt\/wp-json\/wp\/v2\/product_cat?post=10530"},{"taxonomy":"product_tag","embeddable":true,"href":"https:\/\/mivoot.com\/gt\/wp-json\/wp\/v2\/product_tag?post=10530"}],"curies":[{"name":"wp","href":"https:\/\/api.w.org\/{rel}","templated":true}]}}