{"id":10555,"date":"2022-10-15T21:36:32","date_gmt":"2022-10-16T03:36:32","guid":{"rendered":"https:\/\/mivoot.com\/gt\/?post_type=product&#038;p=10555"},"modified":"2022-10-17T16:56:36","modified_gmt":"2022-10-17T22:56:36","slug":"impresora-termica-bluetooth-usb-rp-700-partner","status":"publish","type":"product","link":"https:\/\/mivoot.com\/gt\/producto\/impresora-termica-bluetooth-usb-rp-700-partner\/","title":{"rendered":"Impresora T\u00e9rmica Bluetooth USB IOS\/Win RP-700 Partner"},"content":{"rendered":"<table border=\"0\" width=\"100%\" cellspacing=\"0\" cellpadding=\"0\">\n<tbody>\n<tr>\n<td colspan=\"2\">\n<h2>Impresora t\u00e9rmica de recibos Partner Tech RP-700<\/h2>\n<\/td>\n<\/tr>\n<tr>\n<td colspan=\"2\">La mini impresora de recibos de alta velocidad RP-700 de Partner Tech es una soluci\u00f3n elegante para aplicaciones minoristas y hoteleras.\u00a0Ayuda a los comerciantes a presentar una imagen de marca moderna, ordenada y organizada que mejora las experiencias de los clientes y eclipsa a la competencia.<\/p>\n<p>Ofrezca una soluci\u00f3n que elimine el problema de las impresoras voluminosas que ocupan espacio.\u00a0El compacto RP-700 de Partner Tech est\u00e1 especialmente dise\u00f1ado para un funcionamiento flexible debajo o encima del mostrador.\u00a0El RP-700, que admite carga de papel superior y frontal, es adecuado para casi cualquier dise\u00f1o de mostrador.\u00a0En el modo de impresi\u00f3n Frontal, la RP-700 brinda la m\u00e1xima protecci\u00f3n contra el polvo y las salpicaduras de l\u00edquidos en restaurantes, bares y cocinas.\u00a0La conectividad de triple interfaz y el Bluetooth opcional brindan una conexi\u00f3n sin complicaciones.<\/td>\n<\/tr>\n<\/tbody>\n<\/table>\n<p>&nbsp;<\/p>\n<div class=\"fusion-fullwidth fullwidth-box nonhundred-percent-fullwidth non-hundred-percent-height-scrolling\">\n<div class=\"fusion-builder-row fusion-row \">\n<div class=\"fusion-layout-column fusion_builder_column fusion_builder_column_1_1 fusion-one-full fusion-column-first fusion-column-last 1_1\">\n<div class=\"fusion-column-wrapper\" data-bg-url=\"\">\n<div class=\"fusion-title title fusion-sep-none fusion-title-size-two fusion-border-below-title\">\n<h2 class=\"title-heading-left\" data-fontsize=\"30\" data-lineheight=\"36\">Caracter\u00edsticas<\/h2>\n<\/div>\n<\/div>\n<\/div>\n<\/div>\n<\/div>\n<div class=\"fusion-fullwidth fullwidth-box nonhundred-percent-fullwidth non-hundred-percent-height-scrolling\">\n<div class=\"fusion-builder-row fusion-row \">\n<div class=\"fusion-layout-column fusion_builder_column fusion_builder_column_1_2 fusion-one-half fusion-column-first 1_2\">\n<div class=\"fusion-column-wrapper\" data-bg-url=\"\">\n<div class=\"fusion-text\">\n<h3 data-fontsize=\"20\" data-lineheight=\"25\">Cosas buenas, paquete peque\u00f1o<\/h3>\n<p>La mini impresora de recibos de alta velocidad RP-700 de Partner Tech es una soluci\u00f3n elegante para aplicaciones minoristas y hoteleras.\u00a0Ayuda a los comerciantes a presentar una imagen de marca moderna, ordenada y organizada que mejora las experiencias de los clientes y eclipsa a la competencia.<\/p>\n<\/div>\n<div class=\"fusion-clearfix\"><span style=\"font-size: 20.16px;\">Mini pero poderoso<\/span><\/div>\n<\/div>\n<\/div>\n<div class=\"fusion-layout-column fusion_builder_column fusion_builder_column_1_2 fusion-one-half fusion-column-last 1_2\">\n<div class=\"fusion-column-wrapper\" data-bg-url=\"\">\n<div class=\"fusion-text\">\n<p>Ofrezca una soluci\u00f3n que elimine el problema de las impresoras voluminosas que ocupan espacio.\u00a0El compacto RP-700 de Partner Tech est\u00e1 especialmente dise\u00f1ado para un funcionamiento flexible debajo o encima del mostrador.\u00a0El RP-700, que admite carga de papel superior y frontal, es adecuado para casi cualquier dise\u00f1o de mostrador.\u00a0En el modo de impresi\u00f3n Frontal, la RP-700 brinda la m\u00e1xima protecci\u00f3n contra el polvo y las salpicaduras de l\u00edquidos en restaurantes, bares y cocinas.\u00a0La conectividad de triple interfaz y el Bluetooth opcional brindan una conexi\u00f3n sin problemas.<\/p>\n<\/div>\n<\/div>\n<\/div>\n<\/div>\n<\/div>\n","protected":false},"excerpt":{"rendered":"<p>M\u00e9todo de Impresi\u00f3n T\u00e9rmica Directa<br \/>\nVelocidad de Impresi\u00f3n 250 mm \/ segundo<br \/>\nAncho en Columnas MAX. 80 mm<br \/>\nInterface: USB + BT + Apple Mfi certified<br \/>\nAdmite papel de carga superior y frontal<br \/>\nImpresi\u00f3n de alta velocidad de 250 mm\/s, 203 ppp<\/p>\n<p><img decoding=\"async\" class=\"\" src=\"https:\/\/www.partnertechcorp.com\/wp-content\/uploads\/2018\/01\/Multi-logoEnergy-Star-1200x204.png\" width=\"194\" height=\"33\" \/><\/p>\n<p>\u200b<\/p>\n","protected":false},"featured_media":10561,"comment_status":"open","ping_status":"closed","template":"","meta":{"jetpack_publicize_message":"","jetpack_publicize_feature_enabled":true,"jetpack_social_post_already_shared":true,"jetpack_social_options":{"image_generator_settings":{"template":"highway","default_image_id":0,"font":"","enabled":false},"version":2}},"pwb-brand":[330],"product_brand":[],"product_cat":[174,305],"product_tag":[],"class_list":{"0":"post-10555","1":"product","2":"type-product","3":"status-publish","4":"has-post-thumbnail","6":"pwb-brand-partner","7":"product_cat-imptermica","8":"product_cat-impresoratermicarecibos","10":"first","11":"instock","12":"taxable","13":"shipping-taxable","14":"purchasable","15":"product-type-simple"},"yoast_head":"<!-- This site is optimized with the Yoast SEO Premium plugin v25.7.1 (Yoast SEO v26.8) - https:\/\/yoast.com\/product\/yoast-seo-premium-wordpress\/ -->\n<title>Impresora T\u00e9rmica Bluetooth USB IOS\/Win RP-700 Partner - Mivoot<\/title>\n<meta name=\"description\" content=\"La RP-700 es la miniimpresora t\u00e9rmica de recibos m\u00e1s eficiente para cualquier entorno minorista y de hosteler\u00eda. Es ideal para un funcionamiento flexible tanto en el modo de funcionamiento por debajo como por encima del mostrador. Con selecciones de colores de moda en blanco o negro, puede elegir cu\u00e1l funciona mejor para su tienda.\" \/>\n<meta name=\"robots\" content=\"index, follow, max-snippet:-1, max-image-preview:large, max-video-preview:-1\" \/>\n<link rel=\"canonical\" href=\"https:\/\/mivoot.com\/gt\/producto\/impresora-termica-bluetooth-usb-rp-700-partner\/\" \/>\n<meta property=\"og:locale\" content=\"es_ES\" \/>\n<meta property=\"og:type\" content=\"article\" \/>\n<meta property=\"og:title\" content=\"Impresora T\u00e9rmica Bluetooth USB IOS\/Win RP-700 Partner\" \/>\n<meta property=\"og:description\" content=\"La RP-700 es la miniimpresora t\u00e9rmica de recibos m\u00e1s eficiente para cualquier entorno minorista y de hosteler\u00eda. Es ideal para un funcionamiento flexible tanto en el modo de funcionamiento por debajo como por encima del mostrador. Con selecciones de colores de moda en blanco o negro, puede elegir cu\u00e1l funciona mejor para su tienda.\" \/>\n<meta property=\"og:url\" content=\"https:\/\/mivoot.com\/gt\/producto\/impresora-termica-bluetooth-usb-rp-700-partner\/\" \/>\n<meta property=\"og:site_name\" content=\"Mivoot\" \/>\n<meta property=\"article:publisher\" content=\"https:\/\/www.facebook.com\/mivootgt\" \/>\n<meta property=\"article:modified_time\" content=\"2022-10-17T22:56:36+00:00\" \/>\n<meta property=\"og:image\" content=\"https:\/\/mivoot.com\/gt\/wp-content\/uploads\/2022\/10\/RP-700-04-72-460x295-1.jpg\" \/>\n\t<meta property=\"og:image:width\" content=\"460\" \/>\n\t<meta property=\"og:image:height\" content=\"295\" \/>\n\t<meta property=\"og:image:type\" content=\"image\/jpeg\" \/>\n<meta name=\"twitter:card\" content=\"summary_large_image\" \/>\n<meta name=\"twitter:label1\" content=\"Est. reading time\" \/>\n\t<meta name=\"twitter:data1\" content=\"2 minutos\" \/>\n<script type=\"application\/ld+json\" class=\"yoast-schema-graph\">{\"@context\":\"https:\/\/schema.org\",\"@graph\":[{\"@type\":\"WebPage\",\"@id\":\"https:\/\/mivoot.com\/gt\/producto\/impresora-termica-bluetooth-usb-rp-700-partner\/\",\"url\":\"https:\/\/mivoot.com\/gt\/producto\/impresora-termica-bluetooth-usb-rp-700-partner\/\",\"name\":\"Impresora T\u00e9rmica Bluetooth USB IOS\/Win RP-700 Partner - Mivoot\",\"isPartOf\":{\"@id\":\"https:\/\/mivoot.com\/gt\/#website\"},\"primaryImageOfPage\":{\"@id\":\"https:\/\/mivoot.com\/gt\/producto\/impresora-termica-bluetooth-usb-rp-700-partner\/#primaryimage\"},\"image\":{\"@id\":\"https:\/\/mivoot.com\/gt\/producto\/impresora-termica-bluetooth-usb-rp-700-partner\/#primaryimage\"},\"thumbnailUrl\":\"https:\/\/mivoot.com\/gt\/wp-content\/uploads\/2022\/10\/RP-700-04-72-460x295-1.jpg\",\"datePublished\":\"2022-10-16T03:36:32+00:00\",\"dateModified\":\"2022-10-17T22:56:36+00:00\",\"description\":\"La RP-700 es la miniimpresora t\u00e9rmica de recibos m\u00e1s eficiente para cualquier entorno minorista y de hosteler\u00eda. Es ideal para un funcionamiento flexible tanto en el modo de funcionamiento por debajo como por encima del mostrador. Con selecciones de colores de moda en blanco o negro, puede elegir cu\u00e1l funciona mejor para su tienda.\",\"breadcrumb\":{\"@id\":\"https:\/\/mivoot.com\/gt\/producto\/impresora-termica-bluetooth-usb-rp-700-partner\/#breadcrumb\"},\"inLanguage\":\"es\",\"potentialAction\":[{\"@type\":\"ReadAction\",\"target\":[\"https:\/\/mivoot.com\/gt\/producto\/impresora-termica-bluetooth-usb-rp-700-partner\/\"]}]},{\"@type\":\"ImageObject\",\"inLanguage\":\"es\",\"@id\":\"https:\/\/mivoot.com\/gt\/producto\/impresora-termica-bluetooth-usb-rp-700-partner\/#primaryimage\",\"url\":\"https:\/\/mivoot.com\/gt\/wp-content\/uploads\/2022\/10\/RP-700-04-72-460x295-1.jpg\",\"contentUrl\":\"https:\/\/mivoot.com\/gt\/wp-content\/uploads\/2022\/10\/RP-700-04-72-460x295-1.jpg\",\"width\":460,\"height\":295},{\"@type\":\"BreadcrumbList\",\"@id\":\"https:\/\/mivoot.com\/gt\/producto\/impresora-termica-bluetooth-usb-rp-700-partner\/#breadcrumb\",\"itemListElement\":[{\"@type\":\"ListItem\",\"position\":1,\"name\":\"Inicio\",\"item\":\"https:\/\/mivoot.com\/gt\/\"},{\"@type\":\"ListItem\",\"position\":2,\"name\":\"Productos\",\"item\":\"https:\/\/mivoot.com\/gt\/producto\/\"},{\"@type\":\"ListItem\",\"position\":3,\"name\":\"Partner\",\"item\":\"https:\/\/mivoot.com\/gt\/marca\/partner\/\"},{\"@type\":\"ListItem\",\"position\":4,\"name\":\"Impresora T\u00e9rmica Bluetooth USB IOS\/Win RP-700 Partner\"}]},{\"@type\":\"WebSite\",\"@id\":\"https:\/\/mivoot.com\/gt\/#website\",\"url\":\"https:\/\/mivoot.com\/gt\/\",\"name\":\"Mivoot\",\"description\":\"Mivoot Guatemala | Tienda Online\",\"publisher\":{\"@id\":\"https:\/\/mivoot.com\/gt\/#organization\"},\"alternateName\":\"mivoot\",\"potentialAction\":[{\"@type\":\"SearchAction\",\"target\":{\"@type\":\"EntryPoint\",\"urlTemplate\":\"https:\/\/mivoot.com\/gt\/?s={search_term_string}\"},\"query-input\":{\"@type\":\"PropertyValueSpecification\",\"valueRequired\":true,\"valueName\":\"search_term_string\"}}],\"inLanguage\":\"es\"},{\"@type\":\"Organization\",\"@id\":\"https:\/\/mivoot.com\/gt\/#organization\",\"name\":\"Mivoot Guatemala\",\"alternateName\":\"mivoot.com\",\"url\":\"https:\/\/mivoot.com\/gt\/\",\"logo\":{\"@type\":\"ImageObject\",\"inLanguage\":\"es\",\"@id\":\"https:\/\/mivoot.com\/gt\/#\/schema\/logo\/image\/\",\"url\":\"https:\/\/mivoot.com\/gt\/wp-content\/uploads\/2023\/03\/cropped-icon.png\",\"contentUrl\":\"https:\/\/mivoot.com\/gt\/wp-content\/uploads\/2023\/03\/cropped-icon.png\",\"width\":512,\"height\":512,\"caption\":\"Mivoot Guatemala\"},\"image\":{\"@id\":\"https:\/\/mivoot.com\/gt\/#\/schema\/logo\/image\/\"},\"sameAs\":[\"https:\/\/www.facebook.com\/mivootgt\",\"https:\/\/instagram.com\/mivoot\"]}]}<\/script>\n<!-- \/ Yoast SEO Premium plugin. -->","yoast_head_json":{"title":"Impresora T\u00e9rmica Bluetooth USB IOS\/Win RP-700 Partner - Mivoot","description":"La RP-700 es la miniimpresora t\u00e9rmica de recibos m\u00e1s eficiente para cualquier entorno minorista y de hosteler\u00eda. Es ideal para un funcionamiento flexible tanto en el modo de funcionamiento por debajo como por encima del mostrador. Con selecciones de colores de moda en blanco o negro, puede elegir cu\u00e1l funciona mejor para su tienda.","robots":{"index":"index","follow":"follow","max-snippet":"max-snippet:-1","max-image-preview":"max-image-preview:large","max-video-preview":"max-video-preview:-1"},"canonical":"https:\/\/mivoot.com\/gt\/producto\/impresora-termica-bluetooth-usb-rp-700-partner\/","og_locale":"es_ES","og_type":"article","og_title":"Impresora T\u00e9rmica Bluetooth USB IOS\/Win RP-700 Partner","og_description":"La RP-700 es la miniimpresora t\u00e9rmica de recibos m\u00e1s eficiente para cualquier entorno minorista y de hosteler\u00eda. Es ideal para un funcionamiento flexible tanto en el modo de funcionamiento por debajo como por encima del mostrador. Con selecciones de colores de moda en blanco o negro, puede elegir cu\u00e1l funciona mejor para su tienda.","og_url":"https:\/\/mivoot.com\/gt\/producto\/impresora-termica-bluetooth-usb-rp-700-partner\/","og_site_name":"Mivoot","article_publisher":"https:\/\/www.facebook.com\/mivootgt","article_modified_time":"2022-10-17T22:56:36+00:00","og_image":[{"width":460,"height":295,"url":"https:\/\/mivoot.com\/gt\/wp-content\/uploads\/2022\/10\/RP-700-04-72-460x295-1.jpg","type":"image\/jpeg"}],"twitter_card":"summary_large_image","twitter_misc":{"Est. reading time":"2 minutos"},"schema":{"@context":"https:\/\/schema.org","@graph":[{"@type":"WebPage","@id":"https:\/\/mivoot.com\/gt\/producto\/impresora-termica-bluetooth-usb-rp-700-partner\/","url":"https:\/\/mivoot.com\/gt\/producto\/impresora-termica-bluetooth-usb-rp-700-partner\/","name":"Impresora T\u00e9rmica Bluetooth USB IOS\/Win RP-700 Partner - Mivoot","isPartOf":{"@id":"https:\/\/mivoot.com\/gt\/#website"},"primaryImageOfPage":{"@id":"https:\/\/mivoot.com\/gt\/producto\/impresora-termica-bluetooth-usb-rp-700-partner\/#primaryimage"},"image":{"@id":"https:\/\/mivoot.com\/gt\/producto\/impresora-termica-bluetooth-usb-rp-700-partner\/#primaryimage"},"thumbnailUrl":"https:\/\/mivoot.com\/gt\/wp-content\/uploads\/2022\/10\/RP-700-04-72-460x295-1.jpg","datePublished":"2022-10-16T03:36:32+00:00","dateModified":"2022-10-17T22:56:36+00:00","description":"La RP-700 es la miniimpresora t\u00e9rmica de recibos m\u00e1s eficiente para cualquier entorno minorista y de hosteler\u00eda. Es ideal para un funcionamiento flexible tanto en el modo de funcionamiento por debajo como por encima del mostrador. Con selecciones de colores de moda en blanco o negro, puede elegir cu\u00e1l funciona mejor para su tienda.","breadcrumb":{"@id":"https:\/\/mivoot.com\/gt\/producto\/impresora-termica-bluetooth-usb-rp-700-partner\/#breadcrumb"},"inLanguage":"es","potentialAction":[{"@type":"ReadAction","target":["https:\/\/mivoot.com\/gt\/producto\/impresora-termica-bluetooth-usb-rp-700-partner\/"]}]},{"@type":"ImageObject","inLanguage":"es","@id":"https:\/\/mivoot.com\/gt\/producto\/impresora-termica-bluetooth-usb-rp-700-partner\/#primaryimage","url":"https:\/\/mivoot.com\/gt\/wp-content\/uploads\/2022\/10\/RP-700-04-72-460x295-1.jpg","contentUrl":"https:\/\/mivoot.com\/gt\/wp-content\/uploads\/2022\/10\/RP-700-04-72-460x295-1.jpg","width":460,"height":295},{"@type":"BreadcrumbList","@id":"https:\/\/mivoot.com\/gt\/producto\/impresora-termica-bluetooth-usb-rp-700-partner\/#breadcrumb","itemListElement":[{"@type":"ListItem","position":1,"name":"Inicio","item":"https:\/\/mivoot.com\/gt\/"},{"@type":"ListItem","position":2,"name":"Productos","item":"https:\/\/mivoot.com\/gt\/producto\/"},{"@type":"ListItem","position":3,"name":"Partner","item":"https:\/\/mivoot.com\/gt\/marca\/partner\/"},{"@type":"ListItem","position":4,"name":"Impresora T\u00e9rmica Bluetooth USB IOS\/Win RP-700 Partner"}]},{"@type":"WebSite","@id":"https:\/\/mivoot.com\/gt\/#website","url":"https:\/\/mivoot.com\/gt\/","name":"Mivoot","description":"Mivoot Guatemala | Tienda Online","publisher":{"@id":"https:\/\/mivoot.com\/gt\/#organization"},"alternateName":"mivoot","potentialAction":[{"@type":"SearchAction","target":{"@type":"EntryPoint","urlTemplate":"https:\/\/mivoot.com\/gt\/?s={search_term_string}"},"query-input":{"@type":"PropertyValueSpecification","valueRequired":true,"valueName":"search_term_string"}}],"inLanguage":"es"},{"@type":"Organization","@id":"https:\/\/mivoot.com\/gt\/#organization","name":"Mivoot Guatemala","alternateName":"mivoot.com","url":"https:\/\/mivoot.com\/gt\/","logo":{"@type":"ImageObject","inLanguage":"es","@id":"https:\/\/mivoot.com\/gt\/#\/schema\/logo\/image\/","url":"https:\/\/mivoot.com\/gt\/wp-content\/uploads\/2023\/03\/cropped-icon.png","contentUrl":"https:\/\/mivoot.com\/gt\/wp-content\/uploads\/2023\/03\/cropped-icon.png","width":512,"height":512,"caption":"Mivoot Guatemala"},"image":{"@id":"https:\/\/mivoot.com\/gt\/#\/schema\/logo\/image\/"},"sameAs":["https:\/\/www.facebook.com\/mivootgt","https:\/\/instagram.com\/mivoot"]}]}},"jetpack_publicize_connections":[],"jetpack_sharing_enabled":true,"brands":[{"id":330,"name":"Partner","slug":"partner"}],"_links":{"self":[{"href":"https:\/\/mivoot.com\/gt\/wp-json\/wp\/v2\/product\/10555","targetHints":{"allow":["GET"]}}],"collection":[{"href":"https:\/\/mivoot.com\/gt\/wp-json\/wp\/v2\/product"}],"about":[{"href":"https:\/\/mivoot.com\/gt\/wp-json\/wp\/v2\/types\/product"}],"replies":[{"embeddable":true,"href":"https:\/\/mivoot.com\/gt\/wp-json\/wp\/v2\/comments?post=10555"}],"version-history":[{"count":6,"href":"https:\/\/mivoot.com\/gt\/wp-json\/wp\/v2\/product\/10555\/revisions"}],"predecessor-version":[{"id":10578,"href":"https:\/\/mivoot.com\/gt\/wp-json\/wp\/v2\/product\/10555\/revisions\/10578"}],"wp:featuredmedia":[{"embeddable":true,"href":"https:\/\/mivoot.com\/gt\/wp-json\/wp\/v2\/media\/10561"}],"wp:attachment":[{"href":"https:\/\/mivoot.com\/gt\/wp-json\/wp\/v2\/media?parent=10555"}],"wp:term":[{"taxonomy":"pwb-brand","embeddable":true,"href":"https:\/\/mivoot.com\/gt\/wp-json\/wp\/v2\/pwb-brand?post=10555"},{"taxonomy":"product_brand","embeddable":true,"href":"https:\/\/mivoot.com\/gt\/wp-json\/wp\/v2\/product_brand?post=10555"},{"taxonomy":"product_cat","embeddable":true,"href":"https:\/\/mivoot.com\/gt\/wp-json\/wp\/v2\/product_cat?post=10555"},{"taxonomy":"product_tag","embeddable":true,"href":"https:\/\/mivoot.com\/gt\/wp-json\/wp\/v2\/product_tag?post=10555"}],"curies":[{"name":"wp","href":"https:\/\/api.w.org\/{rel}","templated":true}]}}