{"id":11314,"date":"2022-12-01T13:17:05","date_gmt":"2022-12-01T19:17:05","guid":{"rendered":"https:\/\/mivoot.com\/gt\/?post_type=product&#038;p=11314"},"modified":"2024-05-23T16:58:30","modified_gmt":"2024-05-23T22:58:30","slug":"mochila-prelude-15-6-color-gris-hp","status":"publish","type":"product","link":"https:\/\/mivoot.com\/gt\/producto\/mochila-prelude-15-6-color-gris-hp\/","title":{"rendered":"Mochila Prelude 15.6&#8243; Color Gris HP"},"content":{"rendered":"<h2 class=\"product_title entry-title\">Mochila HP \u2013 Prelude de 15.6<\/h2>\n<p>&nbsp;<\/p>\n<ul>\n<li>Proteja su computadora port\u00e1til de golpes y raspaduras mientras pasa el d\u00eda con un nailon duradero exterior y un compartimento acolchado diagonal de 15,6 pulgadas.<\/li>\n<li>Lleve su bolso c\u00f3modamente con correas de hombro acolchadas ajustables o lev\u00e1ntelo f\u00e1cilmente.<\/li>\n<li>Fabricada con materiales resistentes para garantizar la durabilidad<\/li>\n<li>Se adapta a los equipos port\u00e1tiles de hasta 15,6\u2033 en diagonal.<\/li>\n<\/ul>\n<div id=\"selling\">\n<div class=\"block widget block-container block-key-selling-points\">\n<div class=\"block-content\">\n<h3>Protege tu tecnolog\u00eda<\/h3>\n<p>Proteja su computadora port\u00e1til de golpes y raspaduras mientras pasa el d\u00eda con un nailon duradero exterior y un compartimento acolchado diagonal de 15,6 pulgadas.<\/p>\n<h3>Ll\u00e9valo c\u00f3modamente<\/h3>\n<p>Lleve su bolso c\u00f3modamente con correas de hombro acolchadas ajustables o lev\u00e1ntelo f\u00e1cilmente.<\/p>\n<h3>Calidad en la que puede confiar<\/h3>\n<p>Fabricada con materiales resistentes para garantizar la durabilidad, esta mochila viene con un est\u00e1ndar de un a\u00f1o. garant\u00eda limitada. M\u00e1s de 20 pruebas de calidad, incluida la resistencia de las correas y las cremalleras, y la abrasi\u00f3n de la tela, aseg\u00farese de que sea una inversi\u00f3n digna.<\/p>\n<p><img decoding=\"async\" src=\"https:\/\/ssl-product-images.www8-hp.com\/digmedialib\/prodimg\/lowres\/c07960242.png\" \/><\/p>\n<div class=\"card two-column\">\n<div id=\"null\" class=\"content content-0-0-0 content-elements none y-center x-center\">\n<div class=\"element\"><\/div>\n<\/div>\n<\/div>\n<div class=\"card two-column\">\n<div id=\"undefined\" class=\"content content-0-1-0 content-elements none y-center x-left\">\n<div class=\"element\">\n<h1>Divinamente organizado<\/h1>\n<\/div>\n<div class=\"element\">\n<p id=\"normalText\">Mantenga el orden con un cierre superior, un compartimiento espec\u00edfico para su notebook de hasta 15,6&#8243; en diagonal y bolsillos internos y externos de f\u00e1cil acceso para sus cables, adaptadores, tel\u00e9fono, l\u00e1pices y todos los elementos que m\u00e1s usa.<\/p>\n<\/div>\n<p><img decoding=\"async\" src=\"https:\/\/storage.googleapis.com\/indexado\/assets\/concurso\/banner_HP_Generico_expertoHP.gif\" \/><\/p>\n<\/div>\n<\/div>\n<\/div>\n<\/div>\n<\/div>\n<div class=\"block processor-operating-ksp \"><\/div>\n<div id=\"contenidoIndexado\"><\/div>\n","protected":false},"excerpt":{"rendered":"<p>Tama\u00f1o m\u00e1ximo de pantalla: 39,6 cm (15.6&#8243;)<br \/>\nColor del producto: Gris<br \/>\nProteja su computadora port\u00e1til de golpes y raspaduras mientras pasa el d\u00eda con un nailon duradero exterior y un compartimento acolchado diagonal de 15,6 pulgadas.<br \/>\nLleve su bolso c\u00f3modamente con correas de hombro acolchadas ajustables o lev\u00e1ntelo f\u00e1cilmente.<br \/>\nFabricada con materiales resistentes para garantizar la durabilidad<br \/>\nDimensiones 41 x 28,6 x 9 cm<\/p>\n","protected":false},"featured_media":11321,"comment_status":"open","ping_status":"closed","template":"","meta":{"jetpack_publicize_message":"","jetpack_publicize_feature_enabled":true,"jetpack_social_post_already_shared":true,"jetpack_social_options":{"image_generator_settings":{"template":"highway","default_image_id":0,"font":"","enabled":false},"version":2}},"pwb-brand":[121],"product_brand":[],"product_cat":[27],"product_tag":[],"class_list":{"0":"post-11314","1":"product","2":"type-product","3":"status-publish","4":"has-post-thumbnail","6":"pwb-brand-hp","7":"product_cat-mochilas","9":"first","10":"instock","11":"taxable","12":"shipping-taxable","13":"purchasable","14":"product-type-simple"},"yoast_head":"<!-- This site is optimized with the Yoast SEO Premium plugin v25.7.1 (Yoast SEO v26.8) - https:\/\/yoast.com\/product\/yoast-seo-premium-wordpress\/ -->\n<title>Mochila Prelude 15.6&quot; Color Gris HP - Mivoot<\/title>\n<meta name=\"robots\" content=\"index, follow, max-snippet:-1, max-image-preview:large, max-video-preview:-1\" \/>\n<link rel=\"canonical\" href=\"https:\/\/mivoot.com\/gt\/producto\/mochila-prelude-15-6-color-gris-hp\/\" \/>\n<meta property=\"og:locale\" content=\"es_ES\" \/>\n<meta property=\"og:type\" content=\"article\" \/>\n<meta property=\"og:title\" content=\"Mochila Prelude 15.6&quot; Color Gris HP\" \/>\n<meta property=\"og:description\" content=\"Tama\u00f1o m\u00e1ximo de pantalla: 39,6 cm (15.6&quot;) Color del producto: Gris Proteja su computadora port\u00e1til de golpes y raspaduras mientras pasa el d\u00eda con un nailon duradero exterior y un compartimento acolchado diagonal de 15,6 pulgadas. Lleve su bolso c\u00f3modamente con correas de hombro acolchadas ajustables o lev\u00e1ntelo f\u00e1cilmente. Fabricada con materiales resistentes para garantizar la durabilidad Dimensiones 41 x 28,6 x 9 cm\" \/>\n<meta property=\"og:url\" content=\"https:\/\/mivoot.com\/gt\/producto\/mochila-prelude-15-6-color-gris-hp\/\" \/>\n<meta property=\"og:site_name\" content=\"Mivoot\" \/>\n<meta property=\"article:publisher\" content=\"https:\/\/www.facebook.com\/mivootgt\" \/>\n<meta property=\"article:modified_time\" content=\"2024-05-23T22:58:30+00:00\" \/>\n<meta property=\"og:image\" content=\"https:\/\/mivoot.com\/gt\/wp-content\/uploads\/2022\/12\/c07960184.png\" \/>\n\t<meta property=\"og:image:width\" content=\"474\" \/>\n\t<meta property=\"og:image:height\" content=\"356\" \/>\n\t<meta property=\"og:image:type\" content=\"image\/png\" \/>\n<meta name=\"twitter:card\" content=\"summary_large_image\" \/>\n<meta name=\"twitter:label1\" content=\"Est. reading time\" \/>\n\t<meta name=\"twitter:data1\" content=\"2 minutos\" \/>\n<script type=\"application\/ld+json\" class=\"yoast-schema-graph\">{\"@context\":\"https:\/\/schema.org\",\"@graph\":[{\"@type\":\"WebPage\",\"@id\":\"https:\/\/mivoot.com\/gt\/producto\/mochila-prelude-15-6-color-gris-hp\/\",\"url\":\"https:\/\/mivoot.com\/gt\/producto\/mochila-prelude-15-6-color-gris-hp\/\",\"name\":\"Mochila Prelude 15.6\\\" Color Gris HP - Mivoot\",\"isPartOf\":{\"@id\":\"https:\/\/mivoot.com\/gt\/#website\"},\"primaryImageOfPage\":{\"@id\":\"https:\/\/mivoot.com\/gt\/producto\/mochila-prelude-15-6-color-gris-hp\/#primaryimage\"},\"image\":{\"@id\":\"https:\/\/mivoot.com\/gt\/producto\/mochila-prelude-15-6-color-gris-hp\/#primaryimage\"},\"thumbnailUrl\":\"https:\/\/mivoot.com\/gt\/wp-content\/uploads\/2022\/12\/c07960184.png\",\"datePublished\":\"2022-12-01T19:17:05+00:00\",\"dateModified\":\"2024-05-23T22:58:30+00:00\",\"breadcrumb\":{\"@id\":\"https:\/\/mivoot.com\/gt\/producto\/mochila-prelude-15-6-color-gris-hp\/#breadcrumb\"},\"inLanguage\":\"es\",\"potentialAction\":[{\"@type\":\"ReadAction\",\"target\":[\"https:\/\/mivoot.com\/gt\/producto\/mochila-prelude-15-6-color-gris-hp\/\"]}]},{\"@type\":\"ImageObject\",\"inLanguage\":\"es\",\"@id\":\"https:\/\/mivoot.com\/gt\/producto\/mochila-prelude-15-6-color-gris-hp\/#primaryimage\",\"url\":\"https:\/\/mivoot.com\/gt\/wp-content\/uploads\/2022\/12\/c07960184.png\",\"contentUrl\":\"https:\/\/mivoot.com\/gt\/wp-content\/uploads\/2022\/12\/c07960184.png\",\"width\":474,\"height\":356},{\"@type\":\"BreadcrumbList\",\"@id\":\"https:\/\/mivoot.com\/gt\/producto\/mochila-prelude-15-6-color-gris-hp\/#breadcrumb\",\"itemListElement\":[{\"@type\":\"ListItem\",\"position\":1,\"name\":\"Inicio\",\"item\":\"https:\/\/mivoot.com\/gt\/\"},{\"@type\":\"ListItem\",\"position\":2,\"name\":\"Productos\",\"item\":\"https:\/\/mivoot.com\/gt\/producto\/\"},{\"@type\":\"ListItem\",\"position\":3,\"name\":\"HP\",\"item\":\"https:\/\/mivoot.com\/gt\/marca\/hp\/\"},{\"@type\":\"ListItem\",\"position\":4,\"name\":\"Mochila Prelude 15.6&#8243; Color Gris HP\"}]},{\"@type\":\"WebSite\",\"@id\":\"https:\/\/mivoot.com\/gt\/#website\",\"url\":\"https:\/\/mivoot.com\/gt\/\",\"name\":\"Mivoot\",\"description\":\"Mivoot Guatemala | Tienda Online\",\"publisher\":{\"@id\":\"https:\/\/mivoot.com\/gt\/#organization\"},\"alternateName\":\"mivoot\",\"potentialAction\":[{\"@type\":\"SearchAction\",\"target\":{\"@type\":\"EntryPoint\",\"urlTemplate\":\"https:\/\/mivoot.com\/gt\/?s={search_term_string}\"},\"query-input\":{\"@type\":\"PropertyValueSpecification\",\"valueRequired\":true,\"valueName\":\"search_term_string\"}}],\"inLanguage\":\"es\"},{\"@type\":\"Organization\",\"@id\":\"https:\/\/mivoot.com\/gt\/#organization\",\"name\":\"Mivoot Guatemala\",\"alternateName\":\"mivoot.com\",\"url\":\"https:\/\/mivoot.com\/gt\/\",\"logo\":{\"@type\":\"ImageObject\",\"inLanguage\":\"es\",\"@id\":\"https:\/\/mivoot.com\/gt\/#\/schema\/logo\/image\/\",\"url\":\"https:\/\/mivoot.com\/gt\/wp-content\/uploads\/2023\/03\/cropped-icon.png\",\"contentUrl\":\"https:\/\/mivoot.com\/gt\/wp-content\/uploads\/2023\/03\/cropped-icon.png\",\"width\":512,\"height\":512,\"caption\":\"Mivoot Guatemala\"},\"image\":{\"@id\":\"https:\/\/mivoot.com\/gt\/#\/schema\/logo\/image\/\"},\"sameAs\":[\"https:\/\/www.facebook.com\/mivootgt\",\"https:\/\/instagram.com\/mivoot\"]}]}<\/script>\n<!-- \/ Yoast SEO Premium plugin. -->","yoast_head_json":{"title":"Mochila Prelude 15.6\" Color Gris HP - Mivoot","robots":{"index":"index","follow":"follow","max-snippet":"max-snippet:-1","max-image-preview":"max-image-preview:large","max-video-preview":"max-video-preview:-1"},"canonical":"https:\/\/mivoot.com\/gt\/producto\/mochila-prelude-15-6-color-gris-hp\/","og_locale":"es_ES","og_type":"article","og_title":"Mochila Prelude 15.6\" Color Gris HP","og_description":"Tama\u00f1o m\u00e1ximo de pantalla: 39,6 cm (15.6\") Color del producto: Gris Proteja su computadora port\u00e1til de golpes y raspaduras mientras pasa el d\u00eda con un nailon duradero exterior y un compartimento acolchado diagonal de 15,6 pulgadas. Lleve su bolso c\u00f3modamente con correas de hombro acolchadas ajustables o lev\u00e1ntelo f\u00e1cilmente. Fabricada con materiales resistentes para garantizar la durabilidad Dimensiones 41 x 28,6 x 9 cm","og_url":"https:\/\/mivoot.com\/gt\/producto\/mochila-prelude-15-6-color-gris-hp\/","og_site_name":"Mivoot","article_publisher":"https:\/\/www.facebook.com\/mivootgt","article_modified_time":"2024-05-23T22:58:30+00:00","og_image":[{"width":474,"height":356,"url":"https:\/\/mivoot.com\/gt\/wp-content\/uploads\/2022\/12\/c07960184.png","type":"image\/png"}],"twitter_card":"summary_large_image","twitter_misc":{"Est. reading time":"2 minutos"},"schema":{"@context":"https:\/\/schema.org","@graph":[{"@type":"WebPage","@id":"https:\/\/mivoot.com\/gt\/producto\/mochila-prelude-15-6-color-gris-hp\/","url":"https:\/\/mivoot.com\/gt\/producto\/mochila-prelude-15-6-color-gris-hp\/","name":"Mochila Prelude 15.6\" Color Gris HP - Mivoot","isPartOf":{"@id":"https:\/\/mivoot.com\/gt\/#website"},"primaryImageOfPage":{"@id":"https:\/\/mivoot.com\/gt\/producto\/mochila-prelude-15-6-color-gris-hp\/#primaryimage"},"image":{"@id":"https:\/\/mivoot.com\/gt\/producto\/mochila-prelude-15-6-color-gris-hp\/#primaryimage"},"thumbnailUrl":"https:\/\/mivoot.com\/gt\/wp-content\/uploads\/2022\/12\/c07960184.png","datePublished":"2022-12-01T19:17:05+00:00","dateModified":"2024-05-23T22:58:30+00:00","breadcrumb":{"@id":"https:\/\/mivoot.com\/gt\/producto\/mochila-prelude-15-6-color-gris-hp\/#breadcrumb"},"inLanguage":"es","potentialAction":[{"@type":"ReadAction","target":["https:\/\/mivoot.com\/gt\/producto\/mochila-prelude-15-6-color-gris-hp\/"]}]},{"@type":"ImageObject","inLanguage":"es","@id":"https:\/\/mivoot.com\/gt\/producto\/mochila-prelude-15-6-color-gris-hp\/#primaryimage","url":"https:\/\/mivoot.com\/gt\/wp-content\/uploads\/2022\/12\/c07960184.png","contentUrl":"https:\/\/mivoot.com\/gt\/wp-content\/uploads\/2022\/12\/c07960184.png","width":474,"height":356},{"@type":"BreadcrumbList","@id":"https:\/\/mivoot.com\/gt\/producto\/mochila-prelude-15-6-color-gris-hp\/#breadcrumb","itemListElement":[{"@type":"ListItem","position":1,"name":"Inicio","item":"https:\/\/mivoot.com\/gt\/"},{"@type":"ListItem","position":2,"name":"Productos","item":"https:\/\/mivoot.com\/gt\/producto\/"},{"@type":"ListItem","position":3,"name":"HP","item":"https:\/\/mivoot.com\/gt\/marca\/hp\/"},{"@type":"ListItem","position":4,"name":"Mochila Prelude 15.6&#8243; Color Gris HP"}]},{"@type":"WebSite","@id":"https:\/\/mivoot.com\/gt\/#website","url":"https:\/\/mivoot.com\/gt\/","name":"Mivoot","description":"Mivoot Guatemala | Tienda Online","publisher":{"@id":"https:\/\/mivoot.com\/gt\/#organization"},"alternateName":"mivoot","potentialAction":[{"@type":"SearchAction","target":{"@type":"EntryPoint","urlTemplate":"https:\/\/mivoot.com\/gt\/?s={search_term_string}"},"query-input":{"@type":"PropertyValueSpecification","valueRequired":true,"valueName":"search_term_string"}}],"inLanguage":"es"},{"@type":"Organization","@id":"https:\/\/mivoot.com\/gt\/#organization","name":"Mivoot Guatemala","alternateName":"mivoot.com","url":"https:\/\/mivoot.com\/gt\/","logo":{"@type":"ImageObject","inLanguage":"es","@id":"https:\/\/mivoot.com\/gt\/#\/schema\/logo\/image\/","url":"https:\/\/mivoot.com\/gt\/wp-content\/uploads\/2023\/03\/cropped-icon.png","contentUrl":"https:\/\/mivoot.com\/gt\/wp-content\/uploads\/2023\/03\/cropped-icon.png","width":512,"height":512,"caption":"Mivoot Guatemala"},"image":{"@id":"https:\/\/mivoot.com\/gt\/#\/schema\/logo\/image\/"},"sameAs":["https:\/\/www.facebook.com\/mivootgt","https:\/\/instagram.com\/mivoot"]}]}},"jetpack_publicize_connections":[],"jetpack_sharing_enabled":true,"brands":[{"id":121,"name":"HP","slug":"hp"}],"_links":{"self":[{"href":"https:\/\/mivoot.com\/gt\/wp-json\/wp\/v2\/product\/11314","targetHints":{"allow":["GET"]}}],"collection":[{"href":"https:\/\/mivoot.com\/gt\/wp-json\/wp\/v2\/product"}],"about":[{"href":"https:\/\/mivoot.com\/gt\/wp-json\/wp\/v2\/types\/product"}],"replies":[{"embeddable":true,"href":"https:\/\/mivoot.com\/gt\/wp-json\/wp\/v2\/comments?post=11314"}],"version-history":[{"count":3,"href":"https:\/\/mivoot.com\/gt\/wp-json\/wp\/v2\/product\/11314\/revisions"}],"predecessor-version":[{"id":11323,"href":"https:\/\/mivoot.com\/gt\/wp-json\/wp\/v2\/product\/11314\/revisions\/11323"}],"wp:featuredmedia":[{"embeddable":true,"href":"https:\/\/mivoot.com\/gt\/wp-json\/wp\/v2\/media\/11321"}],"wp:attachment":[{"href":"https:\/\/mivoot.com\/gt\/wp-json\/wp\/v2\/media?parent=11314"}],"wp:term":[{"taxonomy":"pwb-brand","embeddable":true,"href":"https:\/\/mivoot.com\/gt\/wp-json\/wp\/v2\/pwb-brand?post=11314"},{"taxonomy":"product_brand","embeddable":true,"href":"https:\/\/mivoot.com\/gt\/wp-json\/wp\/v2\/product_brand?post=11314"},{"taxonomy":"product_cat","embeddable":true,"href":"https:\/\/mivoot.com\/gt\/wp-json\/wp\/v2\/product_cat?post=11314"},{"taxonomy":"product_tag","embeddable":true,"href":"https:\/\/mivoot.com\/gt\/wp-json\/wp\/v2\/product_tag?post=11314"}],"curies":[{"name":"wp","href":"https:\/\/api.w.org\/{rel}","templated":true}]}}