{"id":11330,"date":"2022-12-05T19:25:49","date_gmt":"2022-12-06T01:25:49","guid":{"rendered":"https:\/\/mivoot.com\/gt\/?post_type=product&#038;p=11330"},"modified":"2023-10-09T16:48:59","modified_gmt":"2023-10-09T22:48:59","slug":"altavoz-bocina-aura-studio-3-bt-harman-kardon","status":"publish","type":"product","link":"https:\/\/mivoot.com\/gt\/producto\/altavoz-bocina-aura-studio-3-bt-harman-kardon\/","title":{"rendered":"Altavoz Bocina Aura Studio 3 BT Harman Kardon"},"content":{"rendered":"<h2 class=\"a-spacing-mini\">Harman Kardon Aura Studio 3 &#8211; Elegante<\/h2>\n<div class=\"aplus-v2 desktop celwidget\" data-cel-widget=\"aplus\" data-csa-c-id=\"lqnqn7-ctm9ls-kkk3tg-55c6wf\">\n<div class=\"celwidget aplus-module module-2 aplus-standard\" data-cel-widget=\"aplus-module-2\" data-csa-c-id=\"69057n-vzmrux-hya8ks-wcy366\">\n<div class=\"a-expander-collapsed-height a-row a-expander-container a-expander-partial-collapse-container\" data-a-expander-name=\"aplus-module-expander\" data-a-expander-collapsed-height=\"700\">\n<div class=\"a-expander-content a-expander-partial-collapse-content\" aria-expanded=\"false\">\n<div class=\"aplus-module-wrapper apm-floatnone apm-fixed-width\">\n<div class=\"apm-sidemodule apm-spacing\">\n<div class=\"apm-sidemodule-textright\">\n<p>DISTINCTIVO Y ELEGANTEE arte del sonido hermoso. Con un dise\u00f1o abovedado, materiales de primera calidad y efectos de luz ambiental, el ic\u00f3nico Harman Kardon Aura Studio 3 hace una declaraci\u00f3n moderna en su hogar. EXCEPCIONAL SONIDO de 360 Gradestilo y sustancia. Los altavoces Harman Kardon Aura Studio 3 emiten un audio excepcional de 360 grados.<\/p>\n<p>Disfruta de un sonido m\u00e1s din\u00e1mico gracias a un potente subwoofer para una experiencia de escucha verdaderamente inmersiva.LUZ AMBIENTE Deje que la elegante iluminaci\u00f3n con efecto ondulaci\u00f3n imbuya a su habitaci\u00f3n con un ambiente tranquilo. Haz que cada escuche sea una experiencia impresionante para tus o\u00eddos y tus ojos. TRANSMISI\u00d3N INAL\u00c1MBRICA CON BLUETOOTH Transmite m\u00fasica de forma inal\u00e1mbrica a trav\u00e9s de Bluetooth para disfrutar de un sonido lleno de habitaci\u00f3n.<\/p>\n<p>ICONIC EN CUALQUIER PARTE Coloque el Harman Kardon Aura Studio 3 en cualquier lugar de tu hogar. Su forma elegante y su espacio m\u00ednimo se ajustan a la perfecci\u00f3n, creando una caracter\u00edstica impresionante que combina maravillosamente con su decoraci\u00f3n.<\/p>\n<\/div>\n<\/div>\n<\/div>\n<div><\/div>\n<\/div>\n<\/div>\n<\/div>\n<div class=\"celwidget aplus-module module-3 aplus-standard\" data-cel-widget=\"aplus-module-3\" data-csa-c-id=\"x7dkzt-yhzmde-mytak2-dtqtab\">\n<div class=\"a-expander-collapsed-height a-row a-expander-container a-expander-partial-collapse-container\" data-a-expander-name=\"aplus-module-expander\" data-a-expander-collapsed-height=\"700\">\n<div class=\"a-expander-content a-expander-partial-collapse-content\" aria-expanded=\"false\">\n<div class=\"aplus-module-wrapper apm-floatnone apm-fixed-width\">\n<div class=\"apm-sidemodule apm-spacing\">\n<div class=\"apm-sidemodule-imageright\"><img decoding=\"async\" class=\"a-spacing-mini\" src=\"https:\/\/m.media-amazon.com\/images\/S\/aplus-media\/sota\/1779389b-5602-45ca-b030-1f45a60bfa01.__CR250,0,1000,1000_PT0_SX300_V1___.jpg\" alt=\" \" data-src=\"https:\/\/m.media-amazon.com\/images\/S\/aplus-media\/sota\/1779389b-5602-45ca-b030-1f45a60bfa01.__CR250,0,1000,1000_PT0_SX300_V1___.jpg\" \/><\/div>\n<div class=\"apm-sidemodule-textleft\">\n<p>Eleva tu hogar con el dise\u00f1o atemporal y ic\u00f3nico del Harman Kardon Aura Studio 3 para 360 grados de hermoso sonido. Un impresionante altavoz Bluetooth que se ve tan bien como suena. Combina el audio que llena de habitaci\u00f3n con efectos de luz ambiental integrados, un movimiento de ondulaci\u00f3n de onda de agua para experimentar tu m\u00fasica de una manera nueva, visualmente din\u00e1mica. Con un dise\u00f1o abovedado tan discreto como su peque\u00f1o tama\u00f1o, esta pieza se combina maravillosamente con su decoraci\u00f3n, en cualquier habitaci\u00f3n de su hogar.<\/p>\n<div class=\"tab-content\">\n<div id=\"specs-tab\" class=\"tab-pane active\">\n<div class=\"row specs\" aria-multiselectable=\"true\">\n<div class=\"col-sm-6 hidden-xs hidden-sm\">\n<div class=\"col-sm-12 product-details\">\n<h3 class=\"title\">Detalles del producto<\/h3>\n<p>Haz tu hogar m\u00e1s elegante con el dise\u00f1o ic\u00f3nico e intemporal del Harman Kardon Aura Studio 3 para disfrutar de un hermoso sonido en 360\u00a0grados. Un altavoz Bluetooth impresionante con un aspecto tan hermoso como su sonido. Combina un sonido rico con efectos de luz ambiente integrados, un movimiento en forma de ondas de agua para experimentar la m\u00fasica de una forma nueva y visualmente din\u00e1mica. Su dise\u00f1o en c\u00fapula ocupa muy poco y se combina perfectamente con la decoraci\u00f3n en cualquier espacio de tu hogar.<\/p>\n<\/div>\n<div class=\"col-sm-12\">\n<h3 class=\"title\">Contenido de la caja<\/h3>\n<div class=\"white-box box-content col-sm-12\">\n<div class=\"col-sm-4\">\n<ul class=\"bullet whatsInBox\">\n<li>1 Harman Kardon Aura Studio 3<\/li>\n<li>1 Cable de alimentaci\u00f3n<\/li>\n<li>1 Gu\u00eda de inicio r\u00e1pido<\/li>\n<li>1 Hoja de seguridad<\/li>\n<li>1\u00a0Tarjeta de garant\u00eda<\/li>\n<\/ul>\n<\/div>\n<div class=\"col-sm-8\"><\/div>\n<\/div>\n<\/div>\n<\/div>\n<\/div>\n<\/div>\n<\/div>\n<\/div>\n<div id=\"heading-Caractersticasgenerales\" class=\"heading\">\n<h4 class=\"title\">Caracter\u00edsticas generales<\/h4>\n<\/div>\n<div id=\"Caractersticasgenerales\" class=\"\" aria-labelledby=\"heading-Caractersticasgenerales\">\n<div class=\"body\">\n<div class=\"row eachLineItem\"><span class=\"col-xs-6\">Versi\u00f3n Bluetooth<\/span><span class=\"col-xs-5 col-xs-offset-1 rightAlignedItem\">4.2<\/span><\/div>\n<div class=\"row eachLineItem\"><span class=\"col-xs-6\">Compatibilidad<\/span><span class=\"col-xs-5 col-xs-offset-1 rightAlignedItem\">A2DP 1.3, AVRCP 1.6<\/span><\/div>\n<div class=\"row eachLineItem\"><span class=\"col-xs-6\">Transductores<\/span><span class=\"col-xs-5 col-xs-offset-1 rightAlignedItem\">Gama media-alta<\/span><\/div>\n<div class=\"row eachLineItem\"><span class=\"col-xs-6\">Potencia nominal<\/span><span class=\"col-xs-5 col-xs-offset-1 rightAlignedItem\">2 x 15W RMS + 1 x 100W RMS<\/span><\/div>\n<div class=\"row eachLineItem\"><span class=\"col-xs-6\">Intervalo de frecuencias<\/span><span class=\"col-xs-5 col-xs-offset-1 rightAlignedItem\">45\u00a0Hz \u2013 20\u00a0KHz (-6\u00a0dB)<\/span><\/div>\n<div class=\"row eachLineItem\"><span class=\"col-xs-6\">Relaci\u00f3n se\u00f1al\/ruido<\/span><span class=\"col-xs-5 col-xs-offset-1 rightAlignedItem\">80\u00a0dB a 15\u00a0W (gama media-alta); 80\u00a0dB a 100\u00a0W (subwoofer)<\/span><\/div>\n<div class=\"row eachLineItem\"><span class=\"col-xs-6\">Alimentaci\u00f3n<\/span><span class=\"col-xs-5 col-xs-offset-1 rightAlignedItem\">100\u00a0&#8211;\u00a0240\u00a0V &#8211; 50\/60\u00a0Hz<\/span><\/div>\n<div class=\"row eachLineItem\"><span class=\"col-xs-6\">Potencia del transmisor Bluetooth<\/span><span class=\"col-xs-5 col-xs-offset-1 rightAlignedItem\">0 \u2013 9\u00a0dBm<\/span><\/div>\n<div class=\"row eachLineItem\"><span class=\"col-xs-6\">Alcance de frecuencia del transmisor Bluetooth<\/span><span class=\"col-xs-5 col-xs-offset-1 rightAlignedItem\">2,402 \u2013 2,480GHz<\/span><\/div>\n<div class=\"row eachLineItem\"><span class=\"col-xs-6\">Modulaci\u00f3n del transmisor Bluetooth<\/span><span class=\"col-xs-5 col-xs-offset-1 rightAlignedItem\">GFSK, \u03c0\/4 DQPSK, 8DPSK<\/span><\/div>\n<div class=\"row eachLineItem\"><span class=\"col-xs-6\">Dimensiones (Alto x Ancho x Profundidad)<\/span><span class=\"col-xs-5 col-xs-offset-1 rightAlignedItem\">283.6\u00a0x\u00a0232\u00a0x\u00a0232\u00a0mm<\/span><\/div>\n<div class=\"row eachLineItem\"><span class=\"col-xs-6\">Peso:3.6kg (7.9lb)<\/span><span class=\"col-xs-5 col-md-offset-1 rightAlignedItem\">S\u00ed<\/span><\/div>\n<\/div>\n<div><img decoding=\"async\" class=\"img-responsive productBoxImage lazyloaded\" src=\"https:\/\/www.harmanaudio.com.mx\/on\/demandware.static\/-\/Sites-masterCatalog_Harman\/default\/dwd006f216\/pdp\/\/HK_Aura_Studio_3_Box_Image_1605x1605px.png\" alt=\"whats in box\" data-src=\"\/on\/demandware.static\/-\/Sites-masterCatalog_Harman\/default\/dwd006f216\/pdp\/\/HK_Aura_Studio_3_Box_Image_1605x1605px.png\" \/><\/div>\n<\/div>\n<\/div>\n<\/div>\n<\/div>\n<\/div>\n<\/div>\n<\/div>\n","protected":false},"excerpt":{"rendered":"<p>Dise\u00f1o distintivo y elegante<br \/>\nSonido excepcional de 360 grados<br \/>\nIluminaci\u00f3n ambiental<br \/>\nPotencia nominal2 x 15W RMS + 1 x 100W RMS<br \/>\nDimensiones (Alto x Ancho x Profundidad)283.6\u00a0x\u00a0232\u00a0x\u00a0232\u00a0mm<br \/>\nTransmisi\u00f3n inal\u00e1mbrica con Bluetooth<br \/>\nComponentes incluidos: 1 cable de alimentaci\u00f3n Harman Kardon Aura Studio 3, 1 gu\u00eda de inicio r\u00e1pido, 1 hoja de seguridad<br \/>\nTipo de fuente de alimentaci\u00f3n: el\u00e9ctrico con cable<\/p>\n","protected":false},"featured_media":11338,"comment_status":"open","ping_status":"closed","template":"","meta":{"jetpack_publicize_message":"","jetpack_publicize_feature_enabled":true,"jetpack_social_post_already_shared":true,"jetpack_social_options":{"image_generator_settings":{"template":"highway","default_image_id":0,"font":"","enabled":false},"version":2}},"pwb-brand":[344],"product_brand":[],"product_cat":[26],"product_tag":[],"class_list":{"0":"post-11330","1":"product","2":"type-product","3":"status-publish","4":"has-post-thumbnail","6":"pwb-brand-harman-kardon","7":"product_cat-bocinas","9":"first","10":"instock","11":"taxable","12":"shipping-taxable","13":"purchasable","14":"product-type-simple"},"yoast_head":"<!-- This site is optimized with the Yoast SEO Premium plugin v25.7.1 (Yoast SEO v26.8) - https:\/\/yoast.com\/product\/yoast-seo-premium-wordpress\/ -->\n<title>Altavoz Bocina Aura Studio 3 BT Harman Kardon - Mivoot<\/title>\n<meta name=\"robots\" content=\"index, follow, max-snippet:-1, max-image-preview:large, max-video-preview:-1\" \/>\n<link rel=\"canonical\" href=\"https:\/\/mivoot.com\/gt\/producto\/altavoz-bocina-aura-studio-3-bt-harman-kardon\/\" \/>\n<meta property=\"og:locale\" content=\"es_ES\" \/>\n<meta property=\"og:type\" content=\"article\" \/>\n<meta property=\"og:title\" content=\"Altavoz Bocina Aura Studio 3 BT Harman Kardon\" \/>\n<meta property=\"og:description\" content=\"Dise\u00f1o distintivo y elegante Sonido excepcional de 360 grados Iluminaci\u00f3n ambiental Potencia nominal2 x 15W RMS + 1 x 100W RMS Dimensiones (Alto x Ancho x Profundidad)283.6\u00a0x\u00a0232\u00a0x\u00a0232\u00a0mm Transmisi\u00f3n inal\u00e1mbrica con Bluetooth Componentes incluidos: 1 cable de alimentaci\u00f3n Harman Kardon Aura Studio 3, 1 gu\u00eda de inicio r\u00e1pido, 1 hoja de seguridad Tipo de fuente de alimentaci\u00f3n: el\u00e9ctrico con cable\" \/>\n<meta property=\"og:url\" content=\"https:\/\/mivoot.com\/gt\/producto\/altavoz-bocina-aura-studio-3-bt-harman-kardon\/\" \/>\n<meta property=\"og:site_name\" content=\"Mivoot\" \/>\n<meta property=\"article:publisher\" content=\"https:\/\/www.facebook.com\/mivootgt\" \/>\n<meta property=\"article:modified_time\" content=\"2023-10-09T22:48:59+00:00\" \/>\n<meta property=\"og:image\" content=\"https:\/\/mivoot.com\/gt\/wp-content\/uploads\/2022\/12\/HK_AURA_STUDIO3_BACK_003_x4.jpg\" \/>\n\t<meta property=\"og:image:width\" content=\"626\" \/>\n\t<meta property=\"og:image:height\" content=\"626\" \/>\n\t<meta property=\"og:image:type\" content=\"image\/jpeg\" \/>\n<meta name=\"twitter:card\" content=\"summary_large_image\" \/>\n<meta name=\"twitter:label1\" content=\"Est. reading time\" \/>\n\t<meta name=\"twitter:data1\" content=\"3 minutos\" \/>\n<script type=\"application\/ld+json\" class=\"yoast-schema-graph\">{\"@context\":\"https:\/\/schema.org\",\"@graph\":[{\"@type\":\"WebPage\",\"@id\":\"https:\/\/mivoot.com\/gt\/producto\/altavoz-bocina-aura-studio-3-bt-harman-kardon\/\",\"url\":\"https:\/\/mivoot.com\/gt\/producto\/altavoz-bocina-aura-studio-3-bt-harman-kardon\/\",\"name\":\"Altavoz Bocina Aura Studio 3 BT Harman Kardon - Mivoot\",\"isPartOf\":{\"@id\":\"https:\/\/mivoot.com\/gt\/#website\"},\"primaryImageOfPage\":{\"@id\":\"https:\/\/mivoot.com\/gt\/producto\/altavoz-bocina-aura-studio-3-bt-harman-kardon\/#primaryimage\"},\"image\":{\"@id\":\"https:\/\/mivoot.com\/gt\/producto\/altavoz-bocina-aura-studio-3-bt-harman-kardon\/#primaryimage\"},\"thumbnailUrl\":\"https:\/\/mivoot.com\/gt\/wp-content\/uploads\/2022\/12\/HK_AURA_STUDIO3_BACK_003_x4.jpg\",\"datePublished\":\"2022-12-06T01:25:49+00:00\",\"dateModified\":\"2023-10-09T22:48:59+00:00\",\"breadcrumb\":{\"@id\":\"https:\/\/mivoot.com\/gt\/producto\/altavoz-bocina-aura-studio-3-bt-harman-kardon\/#breadcrumb\"},\"inLanguage\":\"es\",\"potentialAction\":[{\"@type\":\"ReadAction\",\"target\":[\"https:\/\/mivoot.com\/gt\/producto\/altavoz-bocina-aura-studio-3-bt-harman-kardon\/\"]}]},{\"@type\":\"ImageObject\",\"inLanguage\":\"es\",\"@id\":\"https:\/\/mivoot.com\/gt\/producto\/altavoz-bocina-aura-studio-3-bt-harman-kardon\/#primaryimage\",\"url\":\"https:\/\/mivoot.com\/gt\/wp-content\/uploads\/2022\/12\/HK_AURA_STUDIO3_BACK_003_x4.jpg\",\"contentUrl\":\"https:\/\/mivoot.com\/gt\/wp-content\/uploads\/2022\/12\/HK_AURA_STUDIO3_BACK_003_x4.jpg\",\"width\":626,\"height\":626},{\"@type\":\"BreadcrumbList\",\"@id\":\"https:\/\/mivoot.com\/gt\/producto\/altavoz-bocina-aura-studio-3-bt-harman-kardon\/#breadcrumb\",\"itemListElement\":[{\"@type\":\"ListItem\",\"position\":1,\"name\":\"Inicio\",\"item\":\"https:\/\/mivoot.com\/gt\/\"},{\"@type\":\"ListItem\",\"position\":2,\"name\":\"Productos\",\"item\":\"https:\/\/mivoot.com\/gt\/producto\/\"},{\"@type\":\"ListItem\",\"position\":3,\"name\":\"Harman Kardon\",\"item\":\"https:\/\/mivoot.com\/gt\/marca\/harman-kardon\/\"},{\"@type\":\"ListItem\",\"position\":4,\"name\":\"Altavoz Bocina Aura Studio 3 BT Harman Kardon\"}]},{\"@type\":\"WebSite\",\"@id\":\"https:\/\/mivoot.com\/gt\/#website\",\"url\":\"https:\/\/mivoot.com\/gt\/\",\"name\":\"Mivoot\",\"description\":\"Mivoot Guatemala | Tienda Online\",\"publisher\":{\"@id\":\"https:\/\/mivoot.com\/gt\/#organization\"},\"alternateName\":\"mivoot\",\"potentialAction\":[{\"@type\":\"SearchAction\",\"target\":{\"@type\":\"EntryPoint\",\"urlTemplate\":\"https:\/\/mivoot.com\/gt\/?s={search_term_string}\"},\"query-input\":{\"@type\":\"PropertyValueSpecification\",\"valueRequired\":true,\"valueName\":\"search_term_string\"}}],\"inLanguage\":\"es\"},{\"@type\":\"Organization\",\"@id\":\"https:\/\/mivoot.com\/gt\/#organization\",\"name\":\"Mivoot Guatemala\",\"alternateName\":\"mivoot.com\",\"url\":\"https:\/\/mivoot.com\/gt\/\",\"logo\":{\"@type\":\"ImageObject\",\"inLanguage\":\"es\",\"@id\":\"https:\/\/mivoot.com\/gt\/#\/schema\/logo\/image\/\",\"url\":\"https:\/\/mivoot.com\/gt\/wp-content\/uploads\/2023\/03\/cropped-icon.png\",\"contentUrl\":\"https:\/\/mivoot.com\/gt\/wp-content\/uploads\/2023\/03\/cropped-icon.png\",\"width\":512,\"height\":512,\"caption\":\"Mivoot Guatemala\"},\"image\":{\"@id\":\"https:\/\/mivoot.com\/gt\/#\/schema\/logo\/image\/\"},\"sameAs\":[\"https:\/\/www.facebook.com\/mivootgt\",\"https:\/\/instagram.com\/mivoot\"]}]}<\/script>\n<!-- \/ Yoast SEO Premium plugin. -->","yoast_head_json":{"title":"Altavoz Bocina Aura Studio 3 BT Harman Kardon - Mivoot","robots":{"index":"index","follow":"follow","max-snippet":"max-snippet:-1","max-image-preview":"max-image-preview:large","max-video-preview":"max-video-preview:-1"},"canonical":"https:\/\/mivoot.com\/gt\/producto\/altavoz-bocina-aura-studio-3-bt-harman-kardon\/","og_locale":"es_ES","og_type":"article","og_title":"Altavoz Bocina Aura Studio 3 BT Harman Kardon","og_description":"Dise\u00f1o distintivo y elegante Sonido excepcional de 360 grados Iluminaci\u00f3n ambiental Potencia nominal2 x 15W RMS + 1 x 100W RMS Dimensiones (Alto x Ancho x Profundidad)283.6\u00a0x\u00a0232\u00a0x\u00a0232\u00a0mm Transmisi\u00f3n inal\u00e1mbrica con Bluetooth Componentes incluidos: 1 cable de alimentaci\u00f3n Harman Kardon Aura Studio 3, 1 gu\u00eda de inicio r\u00e1pido, 1 hoja de seguridad Tipo de fuente de alimentaci\u00f3n: el\u00e9ctrico con cable","og_url":"https:\/\/mivoot.com\/gt\/producto\/altavoz-bocina-aura-studio-3-bt-harman-kardon\/","og_site_name":"Mivoot","article_publisher":"https:\/\/www.facebook.com\/mivootgt","article_modified_time":"2023-10-09T22:48:59+00:00","og_image":[{"width":626,"height":626,"url":"https:\/\/mivoot.com\/gt\/wp-content\/uploads\/2022\/12\/HK_AURA_STUDIO3_BACK_003_x4.jpg","type":"image\/jpeg"}],"twitter_card":"summary_large_image","twitter_misc":{"Est. reading time":"3 minutos"},"schema":{"@context":"https:\/\/schema.org","@graph":[{"@type":"WebPage","@id":"https:\/\/mivoot.com\/gt\/producto\/altavoz-bocina-aura-studio-3-bt-harman-kardon\/","url":"https:\/\/mivoot.com\/gt\/producto\/altavoz-bocina-aura-studio-3-bt-harman-kardon\/","name":"Altavoz Bocina Aura Studio 3 BT Harman Kardon - Mivoot","isPartOf":{"@id":"https:\/\/mivoot.com\/gt\/#website"},"primaryImageOfPage":{"@id":"https:\/\/mivoot.com\/gt\/producto\/altavoz-bocina-aura-studio-3-bt-harman-kardon\/#primaryimage"},"image":{"@id":"https:\/\/mivoot.com\/gt\/producto\/altavoz-bocina-aura-studio-3-bt-harman-kardon\/#primaryimage"},"thumbnailUrl":"https:\/\/mivoot.com\/gt\/wp-content\/uploads\/2022\/12\/HK_AURA_STUDIO3_BACK_003_x4.jpg","datePublished":"2022-12-06T01:25:49+00:00","dateModified":"2023-10-09T22:48:59+00:00","breadcrumb":{"@id":"https:\/\/mivoot.com\/gt\/producto\/altavoz-bocina-aura-studio-3-bt-harman-kardon\/#breadcrumb"},"inLanguage":"es","potentialAction":[{"@type":"ReadAction","target":["https:\/\/mivoot.com\/gt\/producto\/altavoz-bocina-aura-studio-3-bt-harman-kardon\/"]}]},{"@type":"ImageObject","inLanguage":"es","@id":"https:\/\/mivoot.com\/gt\/producto\/altavoz-bocina-aura-studio-3-bt-harman-kardon\/#primaryimage","url":"https:\/\/mivoot.com\/gt\/wp-content\/uploads\/2022\/12\/HK_AURA_STUDIO3_BACK_003_x4.jpg","contentUrl":"https:\/\/mivoot.com\/gt\/wp-content\/uploads\/2022\/12\/HK_AURA_STUDIO3_BACK_003_x4.jpg","width":626,"height":626},{"@type":"BreadcrumbList","@id":"https:\/\/mivoot.com\/gt\/producto\/altavoz-bocina-aura-studio-3-bt-harman-kardon\/#breadcrumb","itemListElement":[{"@type":"ListItem","position":1,"name":"Inicio","item":"https:\/\/mivoot.com\/gt\/"},{"@type":"ListItem","position":2,"name":"Productos","item":"https:\/\/mivoot.com\/gt\/producto\/"},{"@type":"ListItem","position":3,"name":"Harman Kardon","item":"https:\/\/mivoot.com\/gt\/marca\/harman-kardon\/"},{"@type":"ListItem","position":4,"name":"Altavoz Bocina Aura Studio 3 BT Harman Kardon"}]},{"@type":"WebSite","@id":"https:\/\/mivoot.com\/gt\/#website","url":"https:\/\/mivoot.com\/gt\/","name":"Mivoot","description":"Mivoot Guatemala | Tienda Online","publisher":{"@id":"https:\/\/mivoot.com\/gt\/#organization"},"alternateName":"mivoot","potentialAction":[{"@type":"SearchAction","target":{"@type":"EntryPoint","urlTemplate":"https:\/\/mivoot.com\/gt\/?s={search_term_string}"},"query-input":{"@type":"PropertyValueSpecification","valueRequired":true,"valueName":"search_term_string"}}],"inLanguage":"es"},{"@type":"Organization","@id":"https:\/\/mivoot.com\/gt\/#organization","name":"Mivoot Guatemala","alternateName":"mivoot.com","url":"https:\/\/mivoot.com\/gt\/","logo":{"@type":"ImageObject","inLanguage":"es","@id":"https:\/\/mivoot.com\/gt\/#\/schema\/logo\/image\/","url":"https:\/\/mivoot.com\/gt\/wp-content\/uploads\/2023\/03\/cropped-icon.png","contentUrl":"https:\/\/mivoot.com\/gt\/wp-content\/uploads\/2023\/03\/cropped-icon.png","width":512,"height":512,"caption":"Mivoot Guatemala"},"image":{"@id":"https:\/\/mivoot.com\/gt\/#\/schema\/logo\/image\/"},"sameAs":["https:\/\/www.facebook.com\/mivootgt","https:\/\/instagram.com\/mivoot"]}]}},"jetpack_publicize_connections":[],"jetpack_sharing_enabled":true,"brands":[{"id":344,"name":"Harman Kardon","slug":"harman-kardon"}],"_links":{"self":[{"href":"https:\/\/mivoot.com\/gt\/wp-json\/wp\/v2\/product\/11330","targetHints":{"allow":["GET"]}}],"collection":[{"href":"https:\/\/mivoot.com\/gt\/wp-json\/wp\/v2\/product"}],"about":[{"href":"https:\/\/mivoot.com\/gt\/wp-json\/wp\/v2\/types\/product"}],"replies":[{"embeddable":true,"href":"https:\/\/mivoot.com\/gt\/wp-json\/wp\/v2\/comments?post=11330"}],"version-history":[{"count":1,"href":"https:\/\/mivoot.com\/gt\/wp-json\/wp\/v2\/product\/11330\/revisions"}],"predecessor-version":[{"id":11332,"href":"https:\/\/mivoot.com\/gt\/wp-json\/wp\/v2\/product\/11330\/revisions\/11332"}],"wp:featuredmedia":[{"embeddable":true,"href":"https:\/\/mivoot.com\/gt\/wp-json\/wp\/v2\/media\/11338"}],"wp:attachment":[{"href":"https:\/\/mivoot.com\/gt\/wp-json\/wp\/v2\/media?parent=11330"}],"wp:term":[{"taxonomy":"pwb-brand","embeddable":true,"href":"https:\/\/mivoot.com\/gt\/wp-json\/wp\/v2\/pwb-brand?post=11330"},{"taxonomy":"product_brand","embeddable":true,"href":"https:\/\/mivoot.com\/gt\/wp-json\/wp\/v2\/product_brand?post=11330"},{"taxonomy":"product_cat","embeddable":true,"href":"https:\/\/mivoot.com\/gt\/wp-json\/wp\/v2\/product_cat?post=11330"},{"taxonomy":"product_tag","embeddable":true,"href":"https:\/\/mivoot.com\/gt\/wp-json\/wp\/v2\/product_tag?post=11330"}],"curies":[{"name":"wp","href":"https:\/\/api.w.org\/{rel}","templated":true}]}}