{"id":11469,"date":"2023-01-03T19:01:59","date_gmt":"2023-01-04T01:01:59","guid":{"rendered":"https:\/\/mivoot.com\/gt\/?post_type=product&#038;p=11469"},"modified":"2024-04-06T12:40:12","modified_gmt":"2024-04-06T18:40:12","slug":"control-de-asistencia-facial-light-lface10-zkteco","status":"publish","type":"product","link":"https:\/\/mivoot.com\/gt\/producto\/control-de-asistencia-facial-light-lface10-zkteco\/","title":{"rendered":"Control de Asistencia Facial Light LFace10 ZKTeco"},"content":{"rendered":"<p><img decoding=\"async\" src=\"https:\/\/4820964.app.netsuite.com\/core\/media\/media.nl?id=13235120&amp;c=4820964&amp;h=b_q5LnWSQaGedD4IufCc-FjkoKeC4gkQ0UOhlA7HWYs8wYdd\" \/><\/p>\n<p>LFace10 es una versi\u00f3n completamente mejorada del dispositivo de reconocimiento facial de infrarrojo cercano KF10. LFace10 utiliza algoritmos de reconocimiento facial visible light de ingenier\u00eda inteligente y la \u00faltima tecnolog\u00eda de visi\u00f3n por computadora. Mejora el rendimiento de identificaci\u00f3n con un reconocimiento r\u00e1pido y est\u00e1 equipado con el \u00faltimo algoritmo de suplantaci\u00f3n anti-spoofing para el reconocimiento facial contra casi todos los tipos de ataques de fotos y videos falsos, mejorando el rendimiento de seguridad en todos los aspectos.<\/p>\n<p><img decoding=\"async\" src=\"https:\/\/tvc.mx\/media\/557823\/Control-Asistencia-Facial-Visible-Light-Funci%C3%B3n-SSR-LFACE10-ZKTeco-TVC-Banner2.png\" \/><\/p>\n<p>El LFace10 tambi\u00e9n es compatible con la funci\u00f3n de informe SSR, conveniente para que los usuarios organicen turnos y vean susInformes de asistencia.<\/p>\n<div class=\"row\">\n<div class=\"col-sm-4\">\n<div><strong>Caracter\u00edsticas principales:<\/strong><\/p>\n<ul>\n<li>Eventos: 50,000<\/li>\n<li>Comunicaci\u00f3n: Puerto USB<\/li>\n<li>Funciones est\u00e1ndar:\u00a0DST, Consulta de auto servicio, cambio de estado autom\u00e1tico, entrada T9, C\u00e1mara, ID de usuarios de 9 d\u00edgitos, Programaci\u00f3n de alarma, SSR (Reportes e Excel)*.<\/li>\n<li>CPU de doble n\u00facleo de 1 GHz, 256 MB de RAM \/ 256 MB de flash, c\u00e1mara binocular de 1 MP<\/li>\n<li>Sistema Operativo: Linux<\/li>\n<li>Algoritmos Biom\u00e9tricos: ZKLiveFace V3.5<\/li>\n<li>Velocidad de Reconocimiento Facial: 1 segundo<\/li>\n<\/ul>\n<\/div>\n<\/div>\n<div class=\"col-sm-4\">\n<div><strong>Caracter\u00edsticas F\u00edsicas y El\u00e9ctricas:<\/strong><\/p>\n<ul>\n<li>Fuente de Alimentaci\u00f3n: 5V 2A<\/li>\n<li>Humedad de Operaci\u00f3n: 20% to 80%<\/li>\n<li>Temperatura de Operaci\u00f3n: 0\u00b0C to 45\u00b0C<\/li>\n<li>Dimensiones (W*H*D): 98 *160 * 27.72 (mm)<\/li>\n<\/ul>\n<\/div>\n<\/div>\n<div class=\"col-sm-4\">\n<div><strong>Caracter\u00edsticas Destacadas:<\/strong>*SSR (Informe de Autoservicio)<\/p>\n<p>Generaci\u00f3n autom\u00e1tica de informes<\/p>\n<p>Exportaci\u00f3n con un clic a USB<\/p>\n<p>Generaci\u00f3n con un clic de la tostadora de servicio, estad\u00edsticas de asistencia, registros de asistencia; asistencia de los empleados de un vistazo<\/p>\n<\/div>\n<p><img decoding=\"async\" src=\"https:\/\/4820964.app.netsuite.com\/core\/media\/media.nl?id=10407562&amp;c=4820964&amp;h=C7l8ulC91z_o0L-kJkO6fz5KIJ4QziIOX1TS2GxoWtEWBG3K\" \/><\/p>\n<p><strong>Informaci\u00f3n Adicional<\/strong><\/p>\n<p>Temperatura de Operaci\u00f3n: 0\u00b0c a 45\u00b0c<br \/>\nDimensiones: 98 x 160 x 27.72 mm<\/p>\n<p><strong>Energ\u00eda<\/strong><\/p>\n<p>Voltaje de Operaci\u00f3n 5V DC<\/p>\n<p><img decoding=\"async\" src=\"https:\/\/tvc.mx\/media\/458355\/Control-de-Acceso-y-Asistencia-Caracter%C3%ADsticas-LFACE10-ZKTECO.png\" alt=\" \" \/><\/p>\n<p><img decoding=\"async\" src=\"https:\/\/tvc.mx\/media\/466444\/Control-Asistencia-Facial-Visible-Light-Funci%C3%B3n-SSR-LFACE10-ZKTeco-TVC-Complemento2.png\" alt=\" \" \/><\/p>\n<\/div>\n<h2>Funci\u00f3n SSR<\/h2>\n<p class=\"ql-align-justify\">El\u00a0<strong>LFACE10<\/strong>\u00a0cuenta con la funci\u00f3n\u00a0<strong>SSR<\/strong>\u00a0(<em>Self Service Report<\/em>) la cual nos permitir\u00e1n\u00a0<u>realizar las configuraciones de asistencia directamente en el dispositivo<\/u>\u00a0(creaci\u00f3n de Horarios, Turnos y Calendarios) con ello nos da la facilidad de poder generar y descargar reportes sencillos de asistencia directamente a una unidad de almacenamiento (<u>mejor conocidas como USB<\/u>)<\/p>\n<p class=\"ql-align-justify\">Tambi\u00e9n podemos exportar o importar plantillas en Excel (del Personal, Horarios, Turnos, etc) as\u00ed facilitando el capturado de informaci\u00f3n en el equipo.<\/p>\n<p><img decoding=\"async\" src=\"https:\/\/tvc.mx\/media\/466460\/Control-Asistencia-Facial-Visible-Light-Funci%C3%B3n-SSR-LFACE10-ZKTeco-TVC-Complemento3.png\" alt=\" \" \/><\/p>\n<p><iframe title=\"LFACE10 UNBOXING\" width=\"1020\" height=\"574\" src=\"https:\/\/www.youtube.com\/embed\/J6o-u1qzeNQ?feature=oembed&#038;enablejsapi=1&#038;origin=https:\/\/mivoot.com\" frameborder=\"0\" allow=\"accelerometer; autoplay; clipboard-write; encrypted-media; gyroscope; picture-in-picture; web-share\" allowfullscreen><\/iframe><\/p>\n<\/div>\n","protected":false},"excerpt":{"rendered":"<p>Rostros 100<br \/>\nContrase\u00f1as 100<br \/>\nEventos: 50,000<br \/>\nComunicaci\u00f3n: Puerto USB<br \/>\nFunciones est\u00e1ndar: DST, Consulta de auto servicio, cambio de estado autom\u00e1tico, entrada T9, C\u00e1mara, ID de usuarios de 9 d\u00edgitos, Programaci\u00f3n de alarma, SSR (Reportes e Excel)*.<br \/>\nSistema Operativo: Linux<br \/>\nAlgoritmo anti-spoofing contra ataques de impresi\u00f3n<br \/>\nEst\u00e1ndar con software SSR Excel integrado<br \/>\nM\u00faltiples idiomas disponibles<br \/>\nReconocimiento facial de Luz Visible Velocidad de Reconocimiento Facial: 1 segundo<br \/>\nGeneraci\u00f3n autom\u00e1tica de informes<br \/>\nHost USB est\u00e1ndar para soportar carga y descarga Exportaci\u00f3n con un clic a USB<\/p>\n","protected":false},"featured_media":11475,"comment_status":"open","ping_status":"closed","template":"","meta":{"jetpack_publicize_message":"","jetpack_publicize_feature_enabled":true,"jetpack_social_post_already_shared":true,"jetpack_social_options":{"image_generator_settings":{"template":"highway","default_image_id":0,"font":"","enabled":false},"version":2}},"pwb-brand":[101],"product_brand":[],"product_cat":[19],"product_tag":[516,346],"class_list":{"0":"post-11469","1":"product","2":"type-product","3":"status-publish","4":"has-post-thumbnail","6":"pwb-brand-zkteco-guatemala","7":"product_cat-control-de-acceso","8":"product_tag-biometrico-zkteco","9":"product_tag-control-de-asistencia","11":"first","12":"instock","13":"sale","14":"taxable","15":"shipping-taxable","16":"purchasable","17":"product-type-simple"},"yoast_head":"<!-- This site is optimized with the Yoast SEO Premium plugin v25.7.1 (Yoast SEO v26.8) - https:\/\/yoast.com\/product\/yoast-seo-premium-wordpress\/ -->\n<title>Control de Asistencia Facial Light LFace10 ZKTeco - Mivoot<\/title>\n<meta name=\"robots\" content=\"index, follow, max-snippet:-1, max-image-preview:large, max-video-preview:-1\" \/>\n<link rel=\"canonical\" href=\"https:\/\/mivoot.com\/gt\/producto\/control-de-asistencia-facial-light-lface10-zkteco\/\" \/>\n<meta property=\"og:locale\" content=\"es_ES\" \/>\n<meta property=\"og:type\" content=\"article\" \/>\n<meta property=\"og:title\" content=\"Control de Asistencia Facial Light LFace10 ZKTeco\" \/>\n<meta property=\"og:description\" content=\"Rostros 100 Contrase\u00f1as 100 Eventos: 50,000 Comunicaci\u00f3n: Puerto USB Funciones est\u00e1ndar: DST, Consulta de auto servicio, cambio de estado autom\u00e1tico, entrada T9, C\u00e1mara, ID de usuarios de 9 d\u00edgitos, Programaci\u00f3n de alarma, SSR (Reportes e Excel)*. Sistema Operativo: Linux Algoritmo anti-spoofing contra ataques de impresi\u00f3n Est\u00e1ndar con software SSR Excel integrado M\u00faltiples idiomas disponibles Reconocimiento facial de Luz Visible Velocidad de Reconocimiento Facial: 1 segundo Generaci\u00f3n autom\u00e1tica de informes Host USB est\u00e1ndar para soportar carga y descarga Exportaci\u00f3n con un clic a USB\" \/>\n<meta property=\"og:url\" content=\"https:\/\/mivoot.com\/gt\/producto\/control-de-asistencia-facial-light-lface10-zkteco\/\" \/>\n<meta property=\"og:site_name\" content=\"Mivoot\" \/>\n<meta property=\"article:publisher\" content=\"https:\/\/www.facebook.com\/mivootgt\" \/>\n<meta property=\"article:modified_time\" content=\"2024-04-06T18:40:12+00:00\" \/>\n<meta property=\"og:image\" content=\"https:\/\/mivoot.com\/gt\/wp-content\/uploads\/2023\/01\/LFACE10-l.png\" \/>\n\t<meta property=\"og:image:width\" content=\"1000\" \/>\n\t<meta property=\"og:image:height\" content=\"1000\" \/>\n\t<meta property=\"og:image:type\" content=\"image\/png\" \/>\n<meta name=\"twitter:card\" content=\"summary_large_image\" \/>\n<meta name=\"twitter:label1\" content=\"Est. reading time\" \/>\n\t<meta name=\"twitter:data1\" content=\"3 minutos\" \/>\n<script type=\"application\/ld+json\" class=\"yoast-schema-graph\">{\"@context\":\"https:\/\/schema.org\",\"@graph\":[{\"@type\":\"WebPage\",\"@id\":\"https:\/\/mivoot.com\/gt\/producto\/control-de-asistencia-facial-light-lface10-zkteco\/\",\"url\":\"https:\/\/mivoot.com\/gt\/producto\/control-de-asistencia-facial-light-lface10-zkteco\/\",\"name\":\"Control de Asistencia Facial Light LFace10 ZKTeco - Mivoot\",\"isPartOf\":{\"@id\":\"https:\/\/mivoot.com\/gt\/#website\"},\"primaryImageOfPage\":{\"@id\":\"https:\/\/mivoot.com\/gt\/producto\/control-de-asistencia-facial-light-lface10-zkteco\/#primaryimage\"},\"image\":{\"@id\":\"https:\/\/mivoot.com\/gt\/producto\/control-de-asistencia-facial-light-lface10-zkteco\/#primaryimage\"},\"thumbnailUrl\":\"https:\/\/mivoot.com\/gt\/wp-content\/uploads\/2023\/01\/LFACE10-l.png\",\"datePublished\":\"2023-01-04T01:01:59+00:00\",\"dateModified\":\"2024-04-06T18:40:12+00:00\",\"breadcrumb\":{\"@id\":\"https:\/\/mivoot.com\/gt\/producto\/control-de-asistencia-facial-light-lface10-zkteco\/#breadcrumb\"},\"inLanguage\":\"es\",\"potentialAction\":[{\"@type\":\"ReadAction\",\"target\":[\"https:\/\/mivoot.com\/gt\/producto\/control-de-asistencia-facial-light-lface10-zkteco\/\"]}]},{\"@type\":\"ImageObject\",\"inLanguage\":\"es\",\"@id\":\"https:\/\/mivoot.com\/gt\/producto\/control-de-asistencia-facial-light-lface10-zkteco\/#primaryimage\",\"url\":\"https:\/\/mivoot.com\/gt\/wp-content\/uploads\/2023\/01\/LFACE10-l.png\",\"contentUrl\":\"https:\/\/mivoot.com\/gt\/wp-content\/uploads\/2023\/01\/LFACE10-l.png\",\"width\":1000,\"height\":1000},{\"@type\":\"BreadcrumbList\",\"@id\":\"https:\/\/mivoot.com\/gt\/producto\/control-de-asistencia-facial-light-lface10-zkteco\/#breadcrumb\",\"itemListElement\":[{\"@type\":\"ListItem\",\"position\":1,\"name\":\"Inicio\",\"item\":\"https:\/\/mivoot.com\/gt\/\"},{\"@type\":\"ListItem\",\"position\":2,\"name\":\"Productos\",\"item\":\"https:\/\/mivoot.com\/gt\/producto\/\"},{\"@type\":\"ListItem\",\"position\":3,\"name\":\"ZKTeco\",\"item\":\"https:\/\/mivoot.com\/gt\/marca\/zkteco-guatemala\/\"},{\"@type\":\"ListItem\",\"position\":4,\"name\":\"Control de Asistencia Facial Light LFace10 ZKTeco\"}]},{\"@type\":\"WebSite\",\"@id\":\"https:\/\/mivoot.com\/gt\/#website\",\"url\":\"https:\/\/mivoot.com\/gt\/\",\"name\":\"Mivoot\",\"description\":\"Mivoot Guatemala | Tienda Online\",\"publisher\":{\"@id\":\"https:\/\/mivoot.com\/gt\/#organization\"},\"alternateName\":\"mivoot\",\"potentialAction\":[{\"@type\":\"SearchAction\",\"target\":{\"@type\":\"EntryPoint\",\"urlTemplate\":\"https:\/\/mivoot.com\/gt\/?s={search_term_string}\"},\"query-input\":{\"@type\":\"PropertyValueSpecification\",\"valueRequired\":true,\"valueName\":\"search_term_string\"}}],\"inLanguage\":\"es\"},{\"@type\":\"Organization\",\"@id\":\"https:\/\/mivoot.com\/gt\/#organization\",\"name\":\"Mivoot Guatemala\",\"alternateName\":\"mivoot.com\",\"url\":\"https:\/\/mivoot.com\/gt\/\",\"logo\":{\"@type\":\"ImageObject\",\"inLanguage\":\"es\",\"@id\":\"https:\/\/mivoot.com\/gt\/#\/schema\/logo\/image\/\",\"url\":\"https:\/\/mivoot.com\/gt\/wp-content\/uploads\/2023\/03\/cropped-icon.png\",\"contentUrl\":\"https:\/\/mivoot.com\/gt\/wp-content\/uploads\/2023\/03\/cropped-icon.png\",\"width\":512,\"height\":512,\"caption\":\"Mivoot Guatemala\"},\"image\":{\"@id\":\"https:\/\/mivoot.com\/gt\/#\/schema\/logo\/image\/\"},\"sameAs\":[\"https:\/\/www.facebook.com\/mivootgt\",\"https:\/\/instagram.com\/mivoot\"]}]}<\/script>\n<!-- \/ Yoast SEO Premium plugin. -->","yoast_head_json":{"title":"Control de Asistencia Facial Light LFace10 ZKTeco - Mivoot","robots":{"index":"index","follow":"follow","max-snippet":"max-snippet:-1","max-image-preview":"max-image-preview:large","max-video-preview":"max-video-preview:-1"},"canonical":"https:\/\/mivoot.com\/gt\/producto\/control-de-asistencia-facial-light-lface10-zkteco\/","og_locale":"es_ES","og_type":"article","og_title":"Control de Asistencia Facial Light LFace10 ZKTeco","og_description":"Rostros 100 Contrase\u00f1as 100 Eventos: 50,000 Comunicaci\u00f3n: Puerto USB Funciones est\u00e1ndar: DST, Consulta de auto servicio, cambio de estado autom\u00e1tico, entrada T9, C\u00e1mara, ID de usuarios de 9 d\u00edgitos, Programaci\u00f3n de alarma, SSR (Reportes e Excel)*. Sistema Operativo: Linux Algoritmo anti-spoofing contra ataques de impresi\u00f3n Est\u00e1ndar con software SSR Excel integrado M\u00faltiples idiomas disponibles Reconocimiento facial de Luz Visible Velocidad de Reconocimiento Facial: 1 segundo Generaci\u00f3n autom\u00e1tica de informes Host USB est\u00e1ndar para soportar carga y descarga Exportaci\u00f3n con un clic a USB","og_url":"https:\/\/mivoot.com\/gt\/producto\/control-de-asistencia-facial-light-lface10-zkteco\/","og_site_name":"Mivoot","article_publisher":"https:\/\/www.facebook.com\/mivootgt","article_modified_time":"2024-04-06T18:40:12+00:00","og_image":[{"width":1000,"height":1000,"url":"https:\/\/mivoot.com\/gt\/wp-content\/uploads\/2023\/01\/LFACE10-l.png","type":"image\/png"}],"twitter_card":"summary_large_image","twitter_misc":{"Est. reading time":"3 minutos"},"schema":{"@context":"https:\/\/schema.org","@graph":[{"@type":"WebPage","@id":"https:\/\/mivoot.com\/gt\/producto\/control-de-asistencia-facial-light-lface10-zkteco\/","url":"https:\/\/mivoot.com\/gt\/producto\/control-de-asistencia-facial-light-lface10-zkteco\/","name":"Control de Asistencia Facial Light LFace10 ZKTeco - Mivoot","isPartOf":{"@id":"https:\/\/mivoot.com\/gt\/#website"},"primaryImageOfPage":{"@id":"https:\/\/mivoot.com\/gt\/producto\/control-de-asistencia-facial-light-lface10-zkteco\/#primaryimage"},"image":{"@id":"https:\/\/mivoot.com\/gt\/producto\/control-de-asistencia-facial-light-lface10-zkteco\/#primaryimage"},"thumbnailUrl":"https:\/\/mivoot.com\/gt\/wp-content\/uploads\/2023\/01\/LFACE10-l.png","datePublished":"2023-01-04T01:01:59+00:00","dateModified":"2024-04-06T18:40:12+00:00","breadcrumb":{"@id":"https:\/\/mivoot.com\/gt\/producto\/control-de-asistencia-facial-light-lface10-zkteco\/#breadcrumb"},"inLanguage":"es","potentialAction":[{"@type":"ReadAction","target":["https:\/\/mivoot.com\/gt\/producto\/control-de-asistencia-facial-light-lface10-zkteco\/"]}]},{"@type":"ImageObject","inLanguage":"es","@id":"https:\/\/mivoot.com\/gt\/producto\/control-de-asistencia-facial-light-lface10-zkteco\/#primaryimage","url":"https:\/\/mivoot.com\/gt\/wp-content\/uploads\/2023\/01\/LFACE10-l.png","contentUrl":"https:\/\/mivoot.com\/gt\/wp-content\/uploads\/2023\/01\/LFACE10-l.png","width":1000,"height":1000},{"@type":"BreadcrumbList","@id":"https:\/\/mivoot.com\/gt\/producto\/control-de-asistencia-facial-light-lface10-zkteco\/#breadcrumb","itemListElement":[{"@type":"ListItem","position":1,"name":"Inicio","item":"https:\/\/mivoot.com\/gt\/"},{"@type":"ListItem","position":2,"name":"Productos","item":"https:\/\/mivoot.com\/gt\/producto\/"},{"@type":"ListItem","position":3,"name":"ZKTeco","item":"https:\/\/mivoot.com\/gt\/marca\/zkteco-guatemala\/"},{"@type":"ListItem","position":4,"name":"Control de Asistencia Facial Light LFace10 ZKTeco"}]},{"@type":"WebSite","@id":"https:\/\/mivoot.com\/gt\/#website","url":"https:\/\/mivoot.com\/gt\/","name":"Mivoot","description":"Mivoot Guatemala | Tienda Online","publisher":{"@id":"https:\/\/mivoot.com\/gt\/#organization"},"alternateName":"mivoot","potentialAction":[{"@type":"SearchAction","target":{"@type":"EntryPoint","urlTemplate":"https:\/\/mivoot.com\/gt\/?s={search_term_string}"},"query-input":{"@type":"PropertyValueSpecification","valueRequired":true,"valueName":"search_term_string"}}],"inLanguage":"es"},{"@type":"Organization","@id":"https:\/\/mivoot.com\/gt\/#organization","name":"Mivoot Guatemala","alternateName":"mivoot.com","url":"https:\/\/mivoot.com\/gt\/","logo":{"@type":"ImageObject","inLanguage":"es","@id":"https:\/\/mivoot.com\/gt\/#\/schema\/logo\/image\/","url":"https:\/\/mivoot.com\/gt\/wp-content\/uploads\/2023\/03\/cropped-icon.png","contentUrl":"https:\/\/mivoot.com\/gt\/wp-content\/uploads\/2023\/03\/cropped-icon.png","width":512,"height":512,"caption":"Mivoot Guatemala"},"image":{"@id":"https:\/\/mivoot.com\/gt\/#\/schema\/logo\/image\/"},"sameAs":["https:\/\/www.facebook.com\/mivootgt","https:\/\/instagram.com\/mivoot"]}]}},"jetpack_publicize_connections":[],"jetpack_sharing_enabled":true,"brands":[{"id":101,"name":"ZKTeco","slug":"zkteco-guatemala"}],"_links":{"self":[{"href":"https:\/\/mivoot.com\/gt\/wp-json\/wp\/v2\/product\/11469","targetHints":{"allow":["GET"]}}],"collection":[{"href":"https:\/\/mivoot.com\/gt\/wp-json\/wp\/v2\/product"}],"about":[{"href":"https:\/\/mivoot.com\/gt\/wp-json\/wp\/v2\/types\/product"}],"replies":[{"embeddable":true,"href":"https:\/\/mivoot.com\/gt\/wp-json\/wp\/v2\/comments?post=11469"}],"version-history":[{"count":1,"href":"https:\/\/mivoot.com\/gt\/wp-json\/wp\/v2\/product\/11469\/revisions"}],"predecessor-version":[{"id":11480,"href":"https:\/\/mivoot.com\/gt\/wp-json\/wp\/v2\/product\/11469\/revisions\/11480"}],"wp:featuredmedia":[{"embeddable":true,"href":"https:\/\/mivoot.com\/gt\/wp-json\/wp\/v2\/media\/11475"}],"wp:attachment":[{"href":"https:\/\/mivoot.com\/gt\/wp-json\/wp\/v2\/media?parent=11469"}],"wp:term":[{"taxonomy":"pwb-brand","embeddable":true,"href":"https:\/\/mivoot.com\/gt\/wp-json\/wp\/v2\/pwb-brand?post=11469"},{"taxonomy":"product_brand","embeddable":true,"href":"https:\/\/mivoot.com\/gt\/wp-json\/wp\/v2\/product_brand?post=11469"},{"taxonomy":"product_cat","embeddable":true,"href":"https:\/\/mivoot.com\/gt\/wp-json\/wp\/v2\/product_cat?post=11469"},{"taxonomy":"product_tag","embeddable":true,"href":"https:\/\/mivoot.com\/gt\/wp-json\/wp\/v2\/product_tag?post=11469"}],"curies":[{"name":"wp","href":"https:\/\/api.w.org\/{rel}","templated":true}]}}