{"id":11514,"date":"2023-01-10T15:38:28","date_gmt":"2023-01-10T21:38:28","guid":{"rendered":"https:\/\/mivoot.com\/gt\/?post_type=product&#038;p=11514"},"modified":"2024-04-06T12:39:03","modified_gmt":"2024-04-06T18:39:03","slug":"control-de-asistencia-biometrico-y-facial-k1t341-hikvision","status":"publish","type":"product","link":"https:\/\/mivoot.com\/gt\/producto\/control-de-asistencia-biometrico-y-facial-k1t341-hikvision\/","title":{"rendered":"Control de Asistencia Biom\u00e9trico y Facial K1T341 HikVision"},"content":{"rendered":"<h1>Biom\u00e9trico Hikvision DS-K1T341AM facial <span class=\"prod_name-content\">Terminal de acceso frontal serie Value<\/span><\/h1>\n<ul class=\"product_description_item-list\">\n<li class=\" product_description_item\">Alerta de uso de m\u00e1scara forzada: si la cara de reconocimiento no usa una m\u00e1scara, el dispositivo generar\u00e1 un recordatorio de voz.\u00a0Al mismo tiempo, se fallar\u00e1 la autenticaci\u00f3n o la asistencia.<\/li>\n<li class=\" product_description_item\">Alerta de uso de m\u00e1scara facial: si la cara que reconoce no usa una m\u00e1scara, el dispositivo emitir\u00e1 un recordatorio de voz.\u00a0Al mismo tiempo, la autenticaci\u00f3n o asistencia es v\u00e1lida<\/li>\n<li class=\" product_description_item\">Capacidad Max.3000 caras y Max.3000 tarjetas<\/li>\n<li class=\" product_description_item\">Soporta TCP\/IP<\/li>\n<li class=\" product_description_item\">Terminal de reconocimiento facial, pantalla t\u00e1ctil LCD de 4,3 pulgadas, lente gran angular de 2 megap\u00edxeles, m\u00f3dulo de lectura de tarjetas Mifare incorporado<\/li>\n<li class=\" product_description_item\">Soporta ISUP5.0, ISAPI<\/li>\n<li class=\" product_description_item\">Configuraci\u00f3n a trav\u00e9s del cliente web<\/li>\n<li class=\" product_description_item\">Reconocimiento facial.\u00a0Distancia: 0,3 ma 1,5 m<\/li>\n<li class=\" product_description_item\">Audio bidireccional con software de cliente, estaci\u00f3n interior y estaci\u00f3n principal<\/li>\n<li class=\" product_description_item\">Duraci\u00f3n \uff1c 0,2 s\/Usuario<\/li>\n<li class=\" product_description_item\">Tasa de precisi\u00f3n \u2265 99%;\u00a0IP65<\/li>\n<\/ul>\n<section class=\"caracteristicas-camara-video\">\n<div class=\"caracteristicascamara-video\">\n<div class=\"caracteristicas-camara-video-desc\">\n<h3>Caracter\u00edsticas Hikvision DS-K1T341AM<\/h3>\n<ul>\n<li>Captura vinculaci\u00f3n y almacenamiento de im\u00e1genes capturadas.<\/li>\n<li>Transmite la tarjeta y los datos del usuario desde o hacia el software del cliente a trav\u00e9s del protocolo TCP \/ IP y guarda los datos en el software del cliente.<\/li>\n<li>Importa im\u00e1genes desde la unidad USB al dispositivo o exporta im\u00e1genes, eventos, desde el dispositivo a la unidad USB<\/li>\n<li>Operaci\u00f3n aut\u00f3noma<\/li>\n<li>Administre, busque y configure los datos del dispositivo despu\u00e9s de iniciar sesi\u00f3n en el dispositivo localmente<\/li>\n<\/ul>\n<\/div>\n<\/div>\n<\/section>\n<section class=\"camara-especificaciones\">\n<div class=\"camaraespecificaciones\">\n<div class=\"camara-especificaciones-img\"><img decoding=\"async\" src=\"https:\/\/hikvision.lat\/img\/termico\/ds-k1t341amf-dimenciones.jpg\" alt=\"\" \/><\/div>\n<div class=\"camara-especificaciones-desc\">\n<p><b>Pantalla<\/b><\/p>\n<ul>\n<li aria-level=\"1\">Dimensiones4.3-inch<\/li>\n<li aria-level=\"1\">TipoLCD<\/li>\n<li aria-level=\"1\">M\u00e9todo De Operaci\u00f3nCapacitive touch screen<\/li>\n<\/ul>\n<p><b>V\u00eddeo<\/b><\/p>\n<ul>\n<li aria-level=\"1\">Pixel2 MP<\/li>\n<li aria-level=\"1\">Lente\u00d7 2<\/li>\n<\/ul>\n<p><b>Audio<\/b><\/p>\n<ul>\n<li aria-level=\"1\">Calidad Del TonoNoise suppression and echo cancellation<\/li>\n<\/ul>\n<p><b>Red<\/b><\/p>\n<ul>\n<li aria-level=\"1\">Red Cableada10 M\/100 M\/1000 M self-adaptive<\/li>\n<li aria-level=\"1\">Protocolo De Comunicaci\u00f3nSDK; ISUP; ISAPI; HTTPS; HikCentral Pro OpenAPI; Hik-ProConnect OpenAPI<\/li>\n<\/ul>\n<p><b>Interfaz<\/b><\/p>\n<ul>\n<li aria-level=\"1\">Interfaz De Red1<\/li>\n<li aria-level=\"1\">RS-4851<\/li>\n<li aria-level=\"1\">Wiegand1<\/li>\n<li aria-level=\"1\">Salida De Cerradura1<\/li>\n<li aria-level=\"1\">Bot\u00f3n De Salida1<\/li>\n<li aria-level=\"1\">Entrada De Contacto De Puerta1<\/li>\n<li aria-level=\"1\">Interfaz De Energ\u00eda2-pin<\/li>\n<\/ul>\n<p><b>Capacidad<\/b><\/p>\n<ul>\n<li aria-level=\"1\">Capacidad De Tarjetas3,000<\/li>\n<li aria-level=\"1\">Capacidad De Caras3,000<\/li>\n<li aria-level=\"1\">Capacidad De Eventos150,000<\/li>\n<\/ul>\n<p><b>Autenticaci\u00f3n<\/b><\/p>\n<ul>\n<li aria-level=\"1\">Tipo De TarjetaMifare 1 card<\/li>\n<li aria-level=\"1\">Frecuencia De Lectura De Tarjeta13.56MHz<\/li>\n<li aria-level=\"1\">Duraci\u00f3n De Reconocimiento Facial\uff1c 0.2 s<\/li>\n<li aria-level=\"1\">Tasa De Precisi\u00f3n De Reconocimiento Facial\uff1e99%<\/li>\n<li aria-level=\"1\">Distancia De Reconocimiento Facial0.3 to 1.5 m<\/li>\n<\/ul>\n<p><b>Funci\u00f3n<\/b><\/p>\n<ul>\n<li aria-level=\"1\">Reconocimiento De C\u00f3digo QRSupport<\/li>\n<li aria-level=\"1\">Face Anti-SpoofingSupport<\/li>\n<li aria-level=\"1\">Mensaje De AudioSupport<\/li>\n<li aria-level=\"1\">Sincronizaci\u00f3n De TiempoSupport<\/li>\n<\/ul>\n<p><b>General<\/b><\/p>\n<ul>\n<li aria-level=\"1\">ButtonTouch Screen<\/li>\n<li aria-level=\"1\">M\u00e9todo De Fuente De Alimentaci\u00f3n2 pin connecter<\/li>\n<li aria-level=\"1\">Temperatura De Trabajo-30 \u00b0C to 60 \u00b0C (-22 \u00b0F to 140 \u00b0F)<\/li>\n<li aria-level=\"1\">Humedad De Trabajo0 to 90% (No condensing)<\/li>\n<li aria-level=\"1\">Dimensiones172.5 mm \u00d7 83.2 mm \u00d7 22.7 mm (6.79\u2033 \u00d7 3.27\u2033 \u00d7 0.89\u2033)<\/li>\n<li aria-level=\"1\">Instalaci\u00f3nSurface mounting<\/li>\n<li aria-level=\"1\">IdiomaEnglish, Spanish (South America), Arabic, Thai, Indonesian, Russian, Vietnamese, Portuguese (Brazil)<\/li>\n<\/ul>\n<\/div>\n<p>&nbsp;<\/p>\n<\/div>\n<\/section>\n","protected":false},"excerpt":{"rendered":"<p>SDK para INTEGRACIONES PROPIAS<br \/>\nHuella\/Tarjeta\/Rostro\/QR\/Videoportero<br \/>\nDistancia de reconocimiento facial: 0,3 m a 1,5 m<br \/>\nCapacidad Max.3000 caras y Max.3000 tarjetas<br \/>\nSoporta TCP\/IP<br \/>\nTerminal de reconocimiento facial, pantalla t\u00e1ctil LCD de 4,3 pulgadas, lente gran angular de 2 megap\u00edxeles, m\u00f3dulo de lectura de tarjetas Mifare incorporado<\/p>\n","protected":false},"featured_media":11516,"comment_status":"open","ping_status":"closed","template":"","meta":{"jetpack_publicize_message":"","jetpack_publicize_feature_enabled":true,"jetpack_social_post_already_shared":true,"jetpack_social_options":{"image_generator_settings":{"template":"highway","default_image_id":0,"font":"","enabled":false},"version":2}},"pwb-brand":[113],"product_brand":[],"product_cat":[19],"product_tag":[354,346],"class_list":{"0":"post-11514","1":"product","2":"type-product","3":"status-publish","4":"has-post-thumbnail","6":"pwb-brand-hikvision","7":"product_cat-control-de-acceso","8":"product_tag-biometrico-hikvision","9":"product_tag-control-de-asistencia","11":"first","12":"instock","13":"taxable","14":"shipping-taxable","15":"purchasable","16":"product-type-simple"},"yoast_head":"<!-- This site is optimized with the Yoast SEO Premium plugin v25.7.1 (Yoast SEO v26.8) - https:\/\/yoast.com\/product\/yoast-seo-premium-wordpress\/ -->\n<title>Control de Asistencia Biom\u00e9trico y Facial K1T341 HikVision - Mivoot<\/title>\n<meta name=\"robots\" content=\"index, follow, max-snippet:-1, max-image-preview:large, max-video-preview:-1\" \/>\n<link rel=\"canonical\" href=\"https:\/\/mivoot.com\/gt\/producto\/control-de-asistencia-biometrico-y-facial-k1t341-hikvision\/\" \/>\n<meta property=\"og:locale\" content=\"es_ES\" \/>\n<meta property=\"og:type\" content=\"article\" \/>\n<meta property=\"og:title\" content=\"Control de Asistencia Biom\u00e9trico y Facial K1T341 HikVision\" \/>\n<meta property=\"og:description\" content=\"SDK para INTEGRACIONES PROPIAS Huella\/Tarjeta\/Rostro\/QR\/Videoportero Distancia de reconocimiento facial: 0,3 m a 1,5 m Capacidad Max.3000 caras y Max.3000 tarjetas Soporta TCP\/IP Terminal de reconocimiento facial, pantalla t\u00e1ctil LCD de 4,3 pulgadas, lente gran angular de 2 megap\u00edxeles, m\u00f3dulo de lectura de tarjetas Mifare incorporado\" \/>\n<meta property=\"og:url\" content=\"https:\/\/mivoot.com\/gt\/producto\/control-de-asistencia-biometrico-y-facial-k1t341-hikvision\/\" \/>\n<meta property=\"og:site_name\" content=\"Mivoot\" \/>\n<meta property=\"article:publisher\" content=\"https:\/\/www.facebook.com\/mivootgt\" \/>\n<meta property=\"article:modified_time\" content=\"2024-04-06T18:39:03+00:00\" \/>\n<meta property=\"og:image\" content=\"https:\/\/mivoot.com\/gt\/wp-content\/uploads\/2023\/01\/DSK1T341AMF-AD-4-l.webp\" \/>\n\t<meta property=\"og:image:width\" content=\"1000\" \/>\n\t<meta property=\"og:image:height\" content=\"1000\" \/>\n\t<meta property=\"og:image:type\" content=\"image\/webp\" \/>\n<meta name=\"twitter:card\" content=\"summary_large_image\" \/>\n<meta name=\"twitter:label1\" content=\"Est. reading time\" \/>\n\t<meta name=\"twitter:data1\" content=\"2 minutos\" \/>\n<script type=\"application\/ld+json\" class=\"yoast-schema-graph\">{\"@context\":\"https:\/\/schema.org\",\"@graph\":[{\"@type\":\"WebPage\",\"@id\":\"https:\/\/mivoot.com\/gt\/producto\/control-de-asistencia-biometrico-y-facial-k1t341-hikvision\/\",\"url\":\"https:\/\/mivoot.com\/gt\/producto\/control-de-asistencia-biometrico-y-facial-k1t341-hikvision\/\",\"name\":\"Control de Asistencia Biom\u00e9trico y Facial K1T341 HikVision - Mivoot\",\"isPartOf\":{\"@id\":\"https:\/\/mivoot.com\/gt\/#website\"},\"primaryImageOfPage\":{\"@id\":\"https:\/\/mivoot.com\/gt\/producto\/control-de-asistencia-biometrico-y-facial-k1t341-hikvision\/#primaryimage\"},\"image\":{\"@id\":\"https:\/\/mivoot.com\/gt\/producto\/control-de-asistencia-biometrico-y-facial-k1t341-hikvision\/#primaryimage\"},\"thumbnailUrl\":\"https:\/\/mivoot.com\/gt\/wp-content\/uploads\/2023\/01\/DSK1T341AMF-AD-4-l.webp\",\"datePublished\":\"2023-01-10T21:38:28+00:00\",\"dateModified\":\"2024-04-06T18:39:03+00:00\",\"breadcrumb\":{\"@id\":\"https:\/\/mivoot.com\/gt\/producto\/control-de-asistencia-biometrico-y-facial-k1t341-hikvision\/#breadcrumb\"},\"inLanguage\":\"es\",\"potentialAction\":[{\"@type\":\"ReadAction\",\"target\":[\"https:\/\/mivoot.com\/gt\/producto\/control-de-asistencia-biometrico-y-facial-k1t341-hikvision\/\"]}]},{\"@type\":\"ImageObject\",\"inLanguage\":\"es\",\"@id\":\"https:\/\/mivoot.com\/gt\/producto\/control-de-asistencia-biometrico-y-facial-k1t341-hikvision\/#primaryimage\",\"url\":\"https:\/\/mivoot.com\/gt\/wp-content\/uploads\/2023\/01\/DSK1T341AMF-AD-4-l.webp\",\"contentUrl\":\"https:\/\/mivoot.com\/gt\/wp-content\/uploads\/2023\/01\/DSK1T341AMF-AD-4-l.webp\",\"width\":1000,\"height\":1000},{\"@type\":\"BreadcrumbList\",\"@id\":\"https:\/\/mivoot.com\/gt\/producto\/control-de-asistencia-biometrico-y-facial-k1t341-hikvision\/#breadcrumb\",\"itemListElement\":[{\"@type\":\"ListItem\",\"position\":1,\"name\":\"Inicio\",\"item\":\"https:\/\/mivoot.com\/gt\/\"},{\"@type\":\"ListItem\",\"position\":2,\"name\":\"Productos\",\"item\":\"https:\/\/mivoot.com\/gt\/producto\/\"},{\"@type\":\"ListItem\",\"position\":3,\"name\":\"Hikvision\",\"item\":\"https:\/\/mivoot.com\/gt\/marca\/hikvision\/\"},{\"@type\":\"ListItem\",\"position\":4,\"name\":\"Control de Asistencia Biom\u00e9trico y Facial K1T341 HikVision\"}]},{\"@type\":\"WebSite\",\"@id\":\"https:\/\/mivoot.com\/gt\/#website\",\"url\":\"https:\/\/mivoot.com\/gt\/\",\"name\":\"Mivoot\",\"description\":\"Mivoot Guatemala | Tienda Online\",\"publisher\":{\"@id\":\"https:\/\/mivoot.com\/gt\/#organization\"},\"alternateName\":\"mivoot\",\"potentialAction\":[{\"@type\":\"SearchAction\",\"target\":{\"@type\":\"EntryPoint\",\"urlTemplate\":\"https:\/\/mivoot.com\/gt\/?s={search_term_string}\"},\"query-input\":{\"@type\":\"PropertyValueSpecification\",\"valueRequired\":true,\"valueName\":\"search_term_string\"}}],\"inLanguage\":\"es\"},{\"@type\":\"Organization\",\"@id\":\"https:\/\/mivoot.com\/gt\/#organization\",\"name\":\"Mivoot Guatemala\",\"alternateName\":\"mivoot.com\",\"url\":\"https:\/\/mivoot.com\/gt\/\",\"logo\":{\"@type\":\"ImageObject\",\"inLanguage\":\"es\",\"@id\":\"https:\/\/mivoot.com\/gt\/#\/schema\/logo\/image\/\",\"url\":\"https:\/\/mivoot.com\/gt\/wp-content\/uploads\/2023\/03\/cropped-icon.png\",\"contentUrl\":\"https:\/\/mivoot.com\/gt\/wp-content\/uploads\/2023\/03\/cropped-icon.png\",\"width\":512,\"height\":512,\"caption\":\"Mivoot Guatemala\"},\"image\":{\"@id\":\"https:\/\/mivoot.com\/gt\/#\/schema\/logo\/image\/\"},\"sameAs\":[\"https:\/\/www.facebook.com\/mivootgt\",\"https:\/\/instagram.com\/mivoot\"]}]}<\/script>\n<!-- \/ Yoast SEO Premium plugin. -->","yoast_head_json":{"title":"Control de Asistencia Biom\u00e9trico y Facial K1T341 HikVision - Mivoot","robots":{"index":"index","follow":"follow","max-snippet":"max-snippet:-1","max-image-preview":"max-image-preview:large","max-video-preview":"max-video-preview:-1"},"canonical":"https:\/\/mivoot.com\/gt\/producto\/control-de-asistencia-biometrico-y-facial-k1t341-hikvision\/","og_locale":"es_ES","og_type":"article","og_title":"Control de Asistencia Biom\u00e9trico y Facial K1T341 HikVision","og_description":"SDK para INTEGRACIONES PROPIAS Huella\/Tarjeta\/Rostro\/QR\/Videoportero Distancia de reconocimiento facial: 0,3 m a 1,5 m Capacidad Max.3000 caras y Max.3000 tarjetas Soporta TCP\/IP Terminal de reconocimiento facial, pantalla t\u00e1ctil LCD de 4,3 pulgadas, lente gran angular de 2 megap\u00edxeles, m\u00f3dulo de lectura de tarjetas Mifare incorporado","og_url":"https:\/\/mivoot.com\/gt\/producto\/control-de-asistencia-biometrico-y-facial-k1t341-hikvision\/","og_site_name":"Mivoot","article_publisher":"https:\/\/www.facebook.com\/mivootgt","article_modified_time":"2024-04-06T18:39:03+00:00","og_image":[{"width":1000,"height":1000,"url":"https:\/\/mivoot.com\/gt\/wp-content\/uploads\/2023\/01\/DSK1T341AMF-AD-4-l.webp","type":"image\/webp"}],"twitter_card":"summary_large_image","twitter_misc":{"Est. reading time":"2 minutos"},"schema":{"@context":"https:\/\/schema.org","@graph":[{"@type":"WebPage","@id":"https:\/\/mivoot.com\/gt\/producto\/control-de-asistencia-biometrico-y-facial-k1t341-hikvision\/","url":"https:\/\/mivoot.com\/gt\/producto\/control-de-asistencia-biometrico-y-facial-k1t341-hikvision\/","name":"Control de Asistencia Biom\u00e9trico y Facial K1T341 HikVision - Mivoot","isPartOf":{"@id":"https:\/\/mivoot.com\/gt\/#website"},"primaryImageOfPage":{"@id":"https:\/\/mivoot.com\/gt\/producto\/control-de-asistencia-biometrico-y-facial-k1t341-hikvision\/#primaryimage"},"image":{"@id":"https:\/\/mivoot.com\/gt\/producto\/control-de-asistencia-biometrico-y-facial-k1t341-hikvision\/#primaryimage"},"thumbnailUrl":"https:\/\/mivoot.com\/gt\/wp-content\/uploads\/2023\/01\/DSK1T341AMF-AD-4-l.webp","datePublished":"2023-01-10T21:38:28+00:00","dateModified":"2024-04-06T18:39:03+00:00","breadcrumb":{"@id":"https:\/\/mivoot.com\/gt\/producto\/control-de-asistencia-biometrico-y-facial-k1t341-hikvision\/#breadcrumb"},"inLanguage":"es","potentialAction":[{"@type":"ReadAction","target":["https:\/\/mivoot.com\/gt\/producto\/control-de-asistencia-biometrico-y-facial-k1t341-hikvision\/"]}]},{"@type":"ImageObject","inLanguage":"es","@id":"https:\/\/mivoot.com\/gt\/producto\/control-de-asistencia-biometrico-y-facial-k1t341-hikvision\/#primaryimage","url":"https:\/\/mivoot.com\/gt\/wp-content\/uploads\/2023\/01\/DSK1T341AMF-AD-4-l.webp","contentUrl":"https:\/\/mivoot.com\/gt\/wp-content\/uploads\/2023\/01\/DSK1T341AMF-AD-4-l.webp","width":1000,"height":1000},{"@type":"BreadcrumbList","@id":"https:\/\/mivoot.com\/gt\/producto\/control-de-asistencia-biometrico-y-facial-k1t341-hikvision\/#breadcrumb","itemListElement":[{"@type":"ListItem","position":1,"name":"Inicio","item":"https:\/\/mivoot.com\/gt\/"},{"@type":"ListItem","position":2,"name":"Productos","item":"https:\/\/mivoot.com\/gt\/producto\/"},{"@type":"ListItem","position":3,"name":"Hikvision","item":"https:\/\/mivoot.com\/gt\/marca\/hikvision\/"},{"@type":"ListItem","position":4,"name":"Control de Asistencia Biom\u00e9trico y Facial K1T341 HikVision"}]},{"@type":"WebSite","@id":"https:\/\/mivoot.com\/gt\/#website","url":"https:\/\/mivoot.com\/gt\/","name":"Mivoot","description":"Mivoot Guatemala | Tienda Online","publisher":{"@id":"https:\/\/mivoot.com\/gt\/#organization"},"alternateName":"mivoot","potentialAction":[{"@type":"SearchAction","target":{"@type":"EntryPoint","urlTemplate":"https:\/\/mivoot.com\/gt\/?s={search_term_string}"},"query-input":{"@type":"PropertyValueSpecification","valueRequired":true,"valueName":"search_term_string"}}],"inLanguage":"es"},{"@type":"Organization","@id":"https:\/\/mivoot.com\/gt\/#organization","name":"Mivoot Guatemala","alternateName":"mivoot.com","url":"https:\/\/mivoot.com\/gt\/","logo":{"@type":"ImageObject","inLanguage":"es","@id":"https:\/\/mivoot.com\/gt\/#\/schema\/logo\/image\/","url":"https:\/\/mivoot.com\/gt\/wp-content\/uploads\/2023\/03\/cropped-icon.png","contentUrl":"https:\/\/mivoot.com\/gt\/wp-content\/uploads\/2023\/03\/cropped-icon.png","width":512,"height":512,"caption":"Mivoot Guatemala"},"image":{"@id":"https:\/\/mivoot.com\/gt\/#\/schema\/logo\/image\/"},"sameAs":["https:\/\/www.facebook.com\/mivootgt","https:\/\/instagram.com\/mivoot"]}]}},"jetpack_publicize_connections":[],"jetpack_sharing_enabled":true,"brands":[{"id":113,"name":"Hikvision","slug":"hikvision"}],"_links":{"self":[{"href":"https:\/\/mivoot.com\/gt\/wp-json\/wp\/v2\/product\/11514","targetHints":{"allow":["GET"]}}],"collection":[{"href":"https:\/\/mivoot.com\/gt\/wp-json\/wp\/v2\/product"}],"about":[{"href":"https:\/\/mivoot.com\/gt\/wp-json\/wp\/v2\/types\/product"}],"replies":[{"embeddable":true,"href":"https:\/\/mivoot.com\/gt\/wp-json\/wp\/v2\/comments?post=11514"}],"version-history":[{"count":3,"href":"https:\/\/mivoot.com\/gt\/wp-json\/wp\/v2\/product\/11514\/revisions"}],"predecessor-version":[{"id":11526,"href":"https:\/\/mivoot.com\/gt\/wp-json\/wp\/v2\/product\/11514\/revisions\/11526"}],"wp:featuredmedia":[{"embeddable":true,"href":"https:\/\/mivoot.com\/gt\/wp-json\/wp\/v2\/media\/11516"}],"wp:attachment":[{"href":"https:\/\/mivoot.com\/gt\/wp-json\/wp\/v2\/media?parent=11514"}],"wp:term":[{"taxonomy":"pwb-brand","embeddable":true,"href":"https:\/\/mivoot.com\/gt\/wp-json\/wp\/v2\/pwb-brand?post=11514"},{"taxonomy":"product_brand","embeddable":true,"href":"https:\/\/mivoot.com\/gt\/wp-json\/wp\/v2\/product_brand?post=11514"},{"taxonomy":"product_cat","embeddable":true,"href":"https:\/\/mivoot.com\/gt\/wp-json\/wp\/v2\/product_cat?post=11514"},{"taxonomy":"product_tag","embeddable":true,"href":"https:\/\/mivoot.com\/gt\/wp-json\/wp\/v2\/product_tag?post=11514"}],"curies":[{"name":"wp","href":"https:\/\/api.w.org\/{rel}","templated":true}]}}