{"id":11674,"date":"2023-02-03T09:38:34","date_gmt":"2023-02-03T15:38:34","guid":{"rendered":"https:\/\/mivoot.com\/gt\/?post_type=product&#038;p=11674"},"modified":"2025-11-11T18:13:39","modified_gmt":"2025-11-12T00:13:39","slug":"altavoz-jbl-partybox-110","status":"publish","type":"product","link":"https:\/\/mivoot.com\/gt\/producto\/altavoz-jbl-partybox-110\/","title":{"rendered":"Altavoz JBL Partybox 110"},"content":{"rendered":"\t\t<div data-elementor-type=\"product-post\" data-elementor-id=\"11674\" class=\"elementor elementor-11674\">\n\t\t\t\t\t\t<section class=\"elementor-section elementor-top-section elementor-element elementor-element-2c117d0 elementor-section-boxed elementor-section-height-default elementor-section-height-default\" data-id=\"2c117d0\" data-element_type=\"section\">\n\t\t\t\t\t\t<div class=\"elementor-container elementor-column-gap-default\">\n\t\t\t\t\t<div class=\"elementor-column elementor-col-50 elementor-top-column elementor-element elementor-element-c3c383e\" data-id=\"c3c383e\" data-element_type=\"column\">\n\t\t\t<div class=\"elementor-widget-wrap elementor-element-populated\">\n\t\t\t\t\t\t<div class=\"elementor-element elementor-element-d8207c2 elementor-widget elementor-widget-text-editor\" data-id=\"d8207c2\" data-element_type=\"widget\" data-widget_type=\"text-editor.default\">\n\t\t\t\t<div class=\"elementor-widget-container\">\n\t\t\t\t\t\t\t\t\t<h3>Potente sonido JBL Original Pro<\/h3><p>Tanto si est\u00e1s en casa como al aire libre, el JBL PartyBox 110 hace que tu m\u00fasica sea incre\u00edble con dos niveles de bajos profundos y ajustables y el potente sonido JBL Original Pro.<\/p>\t\t\t\t\t\t\t\t<\/div>\n\t\t\t\t<\/div>\n\t\t\t\t\t<\/div>\n\t\t<\/div>\n\t\t\t\t<div class=\"elementor-column elementor-col-50 elementor-top-column elementor-element elementor-element-971823a\" data-id=\"971823a\" data-element_type=\"column\">\n\t\t\t<div class=\"elementor-widget-wrap elementor-element-populated\">\n\t\t\t\t\t\t<div class=\"elementor-element elementor-element-48d03db elementor-widget elementor-widget-text-editor\" data-id=\"48d03db\" data-element_type=\"widget\" data-widget_type=\"text-editor.default\">\n\t\t\t\t<div class=\"elementor-widget-container\">\n\t\t\t\t\t\t\t\t\t<p><img decoding=\"async\" src=\"https:\/\/www.jbl.com.gt\/on\/demandware.static\/-\/Sites-masterCatalog_Harman\/default\/dwdf10fa21\/pdp\/JBL_Partybox_110_Lifestyle01_904x560px.png\" alt=\"Potente sonido JBL Original Pro\" \/><\/p>\t\t\t\t\t\t\t\t<\/div>\n\t\t\t\t<\/div>\n\t\t\t\t\t<\/div>\n\t\t<\/div>\n\t\t\t\t\t<\/div>\n\t\t<\/section>\n\t\t\t\t<section class=\"elementor-section elementor-top-section elementor-element elementor-element-df1a25b elementor-section-boxed elementor-section-height-default elementor-section-height-default\" data-id=\"df1a25b\" data-element_type=\"section\">\n\t\t\t\t\t\t<div class=\"elementor-container elementor-column-gap-default\">\n\t\t\t\t\t<div class=\"elementor-column elementor-col-50 elementor-top-column elementor-element elementor-element-464531a\" data-id=\"464531a\" data-element_type=\"column\">\n\t\t\t<div class=\"elementor-widget-wrap elementor-element-populated\">\n\t\t\t\t\t\t<div class=\"elementor-element elementor-element-49b1cfa elementor-widget elementor-widget-text-editor\" data-id=\"49b1cfa\" data-element_type=\"widget\" data-widget_type=\"text-editor.default\">\n\t\t\t\t<div class=\"elementor-widget-container\">\n\t\t\t\t\t\t\t\t\t<p><img decoding=\"async\" src=\"https:\/\/www.jbl.com.co\/on\/demandware.static\/-\/Sites-masterCatalog_Harman\/default\/dw0361f521\/pdp\/JBL_Partybox_110_Lifestyle02_904x560px.png\" alt=\"El juego de luces din\u00e1mico se sincroniza con el ritmo\" \/><\/p>\t\t\t\t\t\t\t\t<\/div>\n\t\t\t\t<\/div>\n\t\t\t\t\t<\/div>\n\t\t<\/div>\n\t\t\t\t<div class=\"elementor-column elementor-col-50 elementor-top-column elementor-element elementor-element-83e8f4b\" data-id=\"83e8f4b\" data-element_type=\"column\">\n\t\t\t<div class=\"elementor-widget-wrap elementor-element-populated\">\n\t\t\t\t\t\t<div class=\"elementor-element elementor-element-75c328d elementor-widget elementor-widget-text-editor\" data-id=\"75c328d\" data-element_type=\"widget\" data-widget_type=\"text-editor.default\">\n\t\t\t\t<div class=\"elementor-widget-container\">\n\t\t\t\t\t\t\t\t\t<h3>El juego de luces din\u00e1mico se sincroniza con el ritmo<\/h3><p>Cualquier tipo de m\u00fasica es mejor con un juego de luces din\u00e1mico. Los colores sincronizados con el ritmo hacen que quieras mover los pies, mientras que las luces estrobosc\u00f3picas y patrones personalizables deslumbran la mirada. Es una experiencia audiovisual \u00fanica e inmersiva que transforma cualquier fiesta en una obra de arte.<\/p>\t\t\t\t\t\t\t\t<\/div>\n\t\t\t\t<\/div>\n\t\t\t\t\t<\/div>\n\t\t<\/div>\n\t\t\t\t\t<\/div>\n\t\t<\/section>\n\t\t\t\t<section class=\"elementor-section elementor-top-section elementor-element elementor-element-2bf494b elementor-section-boxed elementor-section-height-default elementor-section-height-default\" data-id=\"2bf494b\" data-element_type=\"section\">\n\t\t\t\t\t\t<div class=\"elementor-container elementor-column-gap-default\">\n\t\t\t\t\t<div class=\"elementor-column elementor-col-50 elementor-top-column elementor-element elementor-element-275d101\" data-id=\"275d101\" data-element_type=\"column\">\n\t\t\t<div class=\"elementor-widget-wrap elementor-element-populated\">\n\t\t\t\t\t\t<div class=\"elementor-element elementor-element-9d1d092 elementor-widget elementor-widget-text-editor\" data-id=\"9d1d092\" data-element_type=\"widget\" data-widget_type=\"text-editor.default\">\n\t\t\t\t<div class=\"elementor-widget-container\">\n\t\t\t\t\t\t\t\t\t<h3>12\u00a0horas de tiempo de reproducci\u00f3n<\/h3><p>Anima la fiesta durante todo el d\u00eda o toda la noche. Con 12\u00a0horas de tiempo de reproducci\u00f3n y una bater\u00eda recargable integrada, el ritmo seguir\u00e1 (y seguir\u00e1).<\/p>\t\t\t\t\t\t\t\t<\/div>\n\t\t\t\t<\/div>\n\t\t\t\t\t<\/div>\n\t\t<\/div>\n\t\t\t\t<div class=\"elementor-column elementor-col-50 elementor-top-column elementor-element elementor-element-d9c9b6c\" data-id=\"d9c9b6c\" data-element_type=\"column\">\n\t\t\t<div class=\"elementor-widget-wrap elementor-element-populated\">\n\t\t\t\t\t\t<div class=\"elementor-element elementor-element-6af77c5 elementor-widget elementor-widget-text-editor\" data-id=\"6af77c5\" data-element_type=\"widget\" data-widget_type=\"text-editor.default\">\n\t\t\t\t<div class=\"elementor-widget-container\">\n\t\t\t\t\t\t\t\t\t<p><img decoding=\"async\" src=\"https:\/\/www.jbl.com.co\/on\/demandware.static\/-\/Sites-masterCatalog_Harman\/default\/dw4cd33052\/pdp\/JBL_Partybox_110_Lifestyle03_904x560px.png\" alt=\"12\u00a0horas de tiempo de reproducci\u00f3n\" \/><\/p>\t\t\t\t\t\t\t\t<\/div>\n\t\t\t\t<\/div>\n\t\t\t\t\t<\/div>\n\t\t<\/div>\n\t\t\t\t\t<\/div>\n\t\t<\/section>\n\t\t\t\t<section class=\"elementor-section elementor-top-section elementor-element elementor-element-4db7dd9 elementor-section-boxed elementor-section-height-default elementor-section-height-default\" data-id=\"4db7dd9\" data-element_type=\"section\">\n\t\t\t\t\t\t<div class=\"elementor-container elementor-column-gap-default\">\n\t\t\t\t\t<div class=\"elementor-column elementor-col-100 elementor-top-column elementor-element elementor-element-411b396\" data-id=\"411b396\" data-element_type=\"column\">\n\t\t\t<div class=\"elementor-widget-wrap elementor-element-populated\">\n\t\t\t\t\t\t<div class=\"elementor-element elementor-element-f40b9bd elementor-widget elementor-widget-text-editor\" data-id=\"f40b9bd\" data-element_type=\"widget\" data-widget_type=\"text-editor.default\">\n\t\t\t\t<div class=\"elementor-widget-container\">\n\t\t\t\t\t\t\t\t\t<div class=\"pagebuilder-column-group\" data-content-type=\"column-group\" data-grid-size=\"12\" data-element=\"main\" data-pb-style=\"6248F6E9256D9\"><div class=\"pagebuilder-column\" data-content-type=\"column\" data-appearance=\"full-height\" data-background-images=\"{}\" data-element=\"main\" data-pb-style=\"6248F6E9256E6\"><figure data-content-type=\"image\" data-appearance=\"full-width\" data-element=\"main\" data-pb-style=\"6248F6E9256F1\"><img decoding=\"async\" class=\"pagebuilder-mobile-hidden\" title=\"\" src=\"https:\/\/nissei.com\/media\/wysiwyg\/icon_JBL_IPX4_1_.png\" alt=\"\" data-element=\"desktop_image\" data-pb-style=\"6248F6E9256FD\" \/><\/figure><div data-content-type=\"text\" data-appearance=\"default\" data-element=\"main\" data-pb-style=\"6248F6E925714\"><h3><strong>\u00cdndice de estanqueidad IPX4<\/strong><\/h3><p><span data-pb-style=\"6248F6E925720\">Si tus invitados bailan en la playa o bebiendo algo junto a la piscina, el JBL PartyBox 110 es a prueba de salpicaduras IPX4 para que nunca tengas que preocuparte si la fiesta se vuelve salvaje y pasada por agua.<\/span><\/p><\/div><\/div><div class=\"pagebuilder-column\" data-content-type=\"column\" data-appearance=\"full-height\" data-background-images=\"{}\" data-element=\"main\" data-pb-style=\"6248F6E92572C\"><figure data-content-type=\"image\" data-appearance=\"full-width\" data-element=\"main\" data-pb-style=\"6248F6E925738\"><img decoding=\"async\" class=\"pagebuilder-mobile-hidden\" title=\"\" src=\"https:\/\/nissei.com\/media\/wysiwyg\/icon_JBL_Guitar_and_Mic_Inputs_1.png\" alt=\"\" data-element=\"desktop_image\" data-pb-style=\"6248F6E925744\" \/><\/figure><div data-content-type=\"text\" data-appearance=\"default\" data-element=\"main\" data-pb-style=\"6248F6E92575C\"><h3><strong>Entradas para micr\u00f3fono y guitarra<\/strong><\/h3><p><span data-pb-style=\"6248F6E925768\">Con las entradas para micr\u00f3fono y guitarra, puedes mostrar tus talentos mientras cantas y tocas al comp\u00e1s. \u00a1No solo sonar\u00e1s genial, sino que tambi\u00e9n lucir\u00e1s genial, con el juego de luces perfecto para bailar!<\/span><\/p><\/div><\/div><div class=\"pagebuilder-column\" data-content-type=\"column\" data-appearance=\"full-height\" data-background-images=\"{}\" data-element=\"main\" data-pb-style=\"6248F6E925774\"><figure data-content-type=\"image\" data-appearance=\"full-width\" data-element=\"main\" data-pb-style=\"6248F6E925780\"><img decoding=\"async\" class=\"pagebuilder-mobile-hidden\" title=\"\" src=\"https:\/\/nissei.com\/media\/wysiwyg\/icon_JBL_Check_3.png\" alt=\"\" data-element=\"desktop_image\" data-pb-style=\"6248F6E92578B\" \/><\/figure><div data-content-type=\"text\" data-appearance=\"default\" data-element=\"main\" data-pb-style=\"6248F6E9257A3\"><h3><strong>Aplicaci\u00f3n PartyBox<\/strong><\/h3><p><span data-pb-style=\"6248F6E9257AE\">La aplicaci\u00f3n JBL PartyBox facilita m\u00e1s que nunca controlar tu m\u00fasica, actualizar la configuraci\u00f3n y personalizar los colores y patrones de tu juego de luces para disfrutar del ambiente de fiesta perfecto.<\/span><\/p><\/div><\/div><\/div><div class=\"pagebuilder-column-group\" data-content-type=\"column-group\" data-grid-size=\"12\" data-element=\"main\" data-pb-style=\"6248F6E9257BA\"><div class=\"pagebuilder-column\" data-content-type=\"column\" data-appearance=\"full-height\" data-background-images=\"{}\" data-element=\"main\" data-pb-style=\"6248F6E9257C6\">\u00a0<\/div><div class=\"pagebuilder-column\" data-content-type=\"column\" data-appearance=\"full-height\" data-background-images=\"{}\" data-element=\"main\" data-pb-style=\"6248F6E9257D3\"><figure data-content-type=\"image\" data-appearance=\"full-width\" data-element=\"main\" data-pb-style=\"6248F6E9257DE\"><img decoding=\"async\" class=\"pagebuilder-mobile-hidden\" title=\"\" src=\"https:\/\/nissei.com\/media\/wysiwyg\/icon_JBL_USB_Playback.png\" alt=\"\" data-element=\"desktop_image\" data-pb-style=\"6248F6E9257EA\" \/><\/figure><div data-content-type=\"text\" data-appearance=\"default\" data-element=\"main\" data-pb-style=\"6248F6E925802\"><h3><strong>Reproducci\u00f3n multifuente<\/strong><\/h3><p><span data-pb-style=\"6248F6E92580D\">Transmite tus canciones de forma inal\u00e1mbrica a trav\u00e9s de Bluetooth, conecta una memoria USB o conecta con un cable auxiliar. El JBL PartyBox 110 ofrece la m\u00e1xima adaptabilidad para tu m\u00fasica.<\/span><\/p><\/div><\/div><div class=\"pagebuilder-column\" data-content-type=\"column\" data-appearance=\"full-height\" data-background-images=\"{}\" data-element=\"main\" data-pb-style=\"6248F6E92583F\"><figure data-content-type=\"image\" data-appearance=\"full-width\" data-element=\"main\" data-pb-style=\"6248F6E92584F\"><img decoding=\"async\" class=\"pagebuilder-mobile-hidden\" title=\"\" src=\"https:\/\/nissei.com\/media\/wysiwyg\/icon_JBL_Check_1_.png\" alt=\"\" data-element=\"desktop_image\" data-pb-style=\"6248F6E92585C\" \/><\/figure><div data-content-type=\"text\" data-appearance=\"default\" data-element=\"main\" data-pb-style=\"6248F6E925874\"><h3><strong>Empareja tus altavoces para obtener un sonido a\u00fan mayor<\/strong><\/h3><p><span data-pb-style=\"6248F6E92587F\">\u00bfUn JBL PartyBox no basta? Empareja dos altavoces con un cable o con tecnolog\u00eda inal\u00e1mbrica con est\u00e9reo True Wireless (TWS) para obtener un sonido a\u00fan m\u00e1s grande e intenso.<\/span><\/p><\/div><\/div><\/div>\t\t\t\t\t\t\t\t<\/div>\n\t\t\t\t<\/div>\n\t\t\t\t\t<\/div>\n\t\t<\/div>\n\t\t\t\t\t<\/div>\n\t\t<\/section>\n\t\t\t\t<section class=\"elementor-section elementor-top-section elementor-element elementor-element-f7f377a elementor-section-boxed elementor-section-height-default elementor-section-height-default\" data-id=\"f7f377a\" data-element_type=\"section\">\n\t\t\t\t\t\t<div class=\"elementor-container elementor-column-gap-default\">\n\t\t\t\t\t<div class=\"elementor-column elementor-col-100 elementor-top-column elementor-element elementor-element-b033b4e\" data-id=\"b033b4e\" data-element_type=\"column\">\n\t\t\t<div class=\"elementor-widget-wrap elementor-element-populated\">\n\t\t\t\t\t\t<div class=\"elementor-element elementor-element-bfa6e26 elementor-widget elementor-widget-text-editor\" data-id=\"bfa6e26\" data-element_type=\"widget\" data-widget_type=\"text-editor.default\">\n\t\t\t\t<div class=\"elementor-widget-container\">\n\t\t\t\t\t\t\t\t\t<h4>Empieza la fiesta con un potente sonido y un juego de luces din\u00e1mico<\/h4><div class=\"spec-row\"><span class=\"spec-key -full\">Lleva una dimensi\u00f3n totalmente nueva a cualquier fiesta con los exclusivos anillos de luces LED din\u00e1micos, sincronizados con el potente sonido y los bajos profundos del PartyBox 110. Ll\u00e9vate el PartyBox dondequiera que vayas con el dise\u00f1o a prueba de salpicaduras y conecta una guitarra y un micr\u00f3fono para disfrutar de la experiencia inmersiva definitiva. Con un amplificador de bajos y el potente sonido JBL Original Pro, tus amigos no solo escuchar\u00e1n la m\u00fasica, sino que la sentir\u00e1n durante 12 horas de reproducci\u00f3n para que la fiesta siga durante todo el d\u00eda o la noche. Utiliza la aplicaci\u00f3n PartyBox para tener un control total mientras transmites tus canciones de forma inal\u00e1mbrica.<\/span><\/div><div>\u00a0<\/div><div><ul><li><span data-contrast=\"none\"><strong>Tecnolog\u00eda inal\u00e1mbrica:<\/strong>\u00a0Bluetooth 5.1<\/span><\/li><li><span data-contrast=\"none\"><strong>Potencia de:<\/strong>\u00a0160 W RMS<\/span><\/li><li><span data-contrast=\"none\"><strong>Duraci\u00f3n de la bater\u00eda:<\/strong>\u00a012\u00a0horas aprox.<\/span><\/li><li><span data-contrast=\"none\"><strong>Tiempo de carga:<\/strong>\u00a03.5\u00a0horas aprox.<\/span><\/li><li><span data-contrast=\"none\"><strong>Impermeabilidad:<\/strong>\u00a0IPX4<\/span><\/li><\/ul><\/div>\t\t\t\t\t\t\t\t<\/div>\n\t\t\t\t<\/div>\n\t\t\t\t\t<\/div>\n\t\t<\/div>\n\t\t\t\t\t<\/div>\n\t\t<\/section>\n\t\t\t\t<\/div>\n\t\t","protected":false},"excerpt":{"rendered":"<p>Altavoz para fiestas port\u00e1til con un potente sonido de 160\u00a0W, luces incorporadas y dise\u00f1o a prueba de salpicaduras.<br \/>\nTiempo de reproducci\u00f3n de musica 12h<br \/>\nPotencia de salida 160W<br \/>\nDimensiones (cm) 29.5 x 56.8 x 30.0<br \/>\nWeight (kgs) 10.84<br \/>\nCharging time (hrs) 3.5<\/p>\n","protected":false},"featured_media":11690,"comment_status":"open","ping_status":"closed","template":"","meta":{"jetpack_publicize_message":"","jetpack_publicize_feature_enabled":true,"jetpack_social_post_already_shared":true,"jetpack_social_options":{"image_generator_settings":{"template":"highway","default_image_id":0,"font":"","enabled":false},"version":2}},"pwb-brand":[75],"product_brand":[],"product_cat":[26],"product_tag":[349],"class_list":{"0":"post-11674","1":"product","2":"type-product","3":"status-publish","4":"has-post-thumbnail","6":"pwb-brand-jbl","7":"product_cat-bocinas","8":"product_tag-jbl-party-box","10":"first","11":"instock","12":"sale","13":"taxable","14":"shipping-taxable","15":"purchasable","16":"product-type-simple"},"yoast_head":"<!-- This site is optimized with the Yoast SEO Premium plugin v25.7.1 (Yoast SEO v26.8) - https:\/\/yoast.com\/product\/yoast-seo-premium-wordpress\/ -->\n<title>Altavoz JBL Partybox 110 - Mivoot<\/title>\n<meta name=\"robots\" content=\"index, follow, max-snippet:-1, max-image-preview:large, max-video-preview:-1\" \/>\n<link rel=\"canonical\" href=\"https:\/\/mivoot.com\/gt\/producto\/altavoz-jbl-partybox-110\/\" \/>\n<meta property=\"og:locale\" content=\"es_ES\" \/>\n<meta property=\"og:type\" content=\"article\" \/>\n<meta property=\"og:title\" content=\"Altavoz JBL Partybox 110\" \/>\n<meta property=\"og:description\" content=\"Altavoz para fiestas port\u00e1til con un potente sonido de 160\u00a0W, luces incorporadas y dise\u00f1o a prueba de salpicaduras. Tiempo de reproducci\u00f3n de musica 12h Potencia de salida 160W Dimensiones (cm) 29.5 x 56.8 x 30.0 Weight (kgs) 10.84 Charging time (hrs) 3.5\" \/>\n<meta property=\"og:url\" content=\"https:\/\/mivoot.com\/gt\/producto\/altavoz-jbl-partybox-110\/\" \/>\n<meta property=\"og:site_name\" content=\"Mivoot\" \/>\n<meta property=\"article:publisher\" content=\"https:\/\/www.facebook.com\/mivootgt\" \/>\n<meta property=\"article:modified_time\" content=\"2025-11-12T00:13:39+00:00\" \/>\n<meta property=\"og:image\" content=\"https:\/\/mivoot.com\/gt\/wp-content\/uploads\/2023\/02\/PORTADA-1.jpg\" \/>\n\t<meta property=\"og:image:width\" content=\"1030\" \/>\n\t<meta property=\"og:image:height\" content=\"1030\" \/>\n\t<meta property=\"og:image:type\" content=\"image\/jpeg\" \/>\n<meta name=\"twitter:card\" content=\"summary_large_image\" \/>\n<script type=\"application\/ld+json\" class=\"yoast-schema-graph\">{\"@context\":\"https:\/\/schema.org\",\"@graph\":[{\"@type\":\"WebPage\",\"@id\":\"https:\/\/mivoot.com\/gt\/producto\/altavoz-jbl-partybox-110\/\",\"url\":\"https:\/\/mivoot.com\/gt\/producto\/altavoz-jbl-partybox-110\/\",\"name\":\"Altavoz JBL Partybox 110 - Mivoot\",\"isPartOf\":{\"@id\":\"https:\/\/mivoot.com\/gt\/#website\"},\"primaryImageOfPage\":{\"@id\":\"https:\/\/mivoot.com\/gt\/producto\/altavoz-jbl-partybox-110\/#primaryimage\"},\"image\":{\"@id\":\"https:\/\/mivoot.com\/gt\/producto\/altavoz-jbl-partybox-110\/#primaryimage\"},\"thumbnailUrl\":\"https:\/\/mivoot.com\/gt\/wp-content\/uploads\/2023\/02\/PORTADA-1.jpg\",\"datePublished\":\"2023-02-03T15:38:34+00:00\",\"dateModified\":\"2025-11-12T00:13:39+00:00\",\"breadcrumb\":{\"@id\":\"https:\/\/mivoot.com\/gt\/producto\/altavoz-jbl-partybox-110\/#breadcrumb\"},\"inLanguage\":\"es\",\"potentialAction\":[{\"@type\":\"ReadAction\",\"target\":[\"https:\/\/mivoot.com\/gt\/producto\/altavoz-jbl-partybox-110\/\"]}]},{\"@type\":\"ImageObject\",\"inLanguage\":\"es\",\"@id\":\"https:\/\/mivoot.com\/gt\/producto\/altavoz-jbl-partybox-110\/#primaryimage\",\"url\":\"https:\/\/mivoot.com\/gt\/wp-content\/uploads\/2023\/02\/PORTADA-1.jpg\",\"contentUrl\":\"https:\/\/mivoot.com\/gt\/wp-content\/uploads\/2023\/02\/PORTADA-1.jpg\",\"width\":1030,\"height\":1030},{\"@type\":\"BreadcrumbList\",\"@id\":\"https:\/\/mivoot.com\/gt\/producto\/altavoz-jbl-partybox-110\/#breadcrumb\",\"itemListElement\":[{\"@type\":\"ListItem\",\"position\":1,\"name\":\"Inicio\",\"item\":\"https:\/\/mivoot.com\/gt\/\"},{\"@type\":\"ListItem\",\"position\":2,\"name\":\"Productos\",\"item\":\"https:\/\/mivoot.com\/gt\/producto\/\"},{\"@type\":\"ListItem\",\"position\":3,\"name\":\"JBL\",\"item\":\"https:\/\/mivoot.com\/gt\/marca\/jbl\/\"},{\"@type\":\"ListItem\",\"position\":4,\"name\":\"Altavoz JBL Partybox 110\"}]},{\"@type\":\"WebSite\",\"@id\":\"https:\/\/mivoot.com\/gt\/#website\",\"url\":\"https:\/\/mivoot.com\/gt\/\",\"name\":\"Mivoot\",\"description\":\"Mivoot Guatemala | Tienda Online\",\"publisher\":{\"@id\":\"https:\/\/mivoot.com\/gt\/#organization\"},\"alternateName\":\"mivoot\",\"potentialAction\":[{\"@type\":\"SearchAction\",\"target\":{\"@type\":\"EntryPoint\",\"urlTemplate\":\"https:\/\/mivoot.com\/gt\/?s={search_term_string}\"},\"query-input\":{\"@type\":\"PropertyValueSpecification\",\"valueRequired\":true,\"valueName\":\"search_term_string\"}}],\"inLanguage\":\"es\"},{\"@type\":\"Organization\",\"@id\":\"https:\/\/mivoot.com\/gt\/#organization\",\"name\":\"Mivoot Guatemala\",\"alternateName\":\"mivoot.com\",\"url\":\"https:\/\/mivoot.com\/gt\/\",\"logo\":{\"@type\":\"ImageObject\",\"inLanguage\":\"es\",\"@id\":\"https:\/\/mivoot.com\/gt\/#\/schema\/logo\/image\/\",\"url\":\"https:\/\/mivoot.com\/gt\/wp-content\/uploads\/2023\/03\/cropped-icon.png\",\"contentUrl\":\"https:\/\/mivoot.com\/gt\/wp-content\/uploads\/2023\/03\/cropped-icon.png\",\"width\":512,\"height\":512,\"caption\":\"Mivoot Guatemala\"},\"image\":{\"@id\":\"https:\/\/mivoot.com\/gt\/#\/schema\/logo\/image\/\"},\"sameAs\":[\"https:\/\/www.facebook.com\/mivootgt\",\"https:\/\/instagram.com\/mivoot\"]}]}<\/script>\n<!-- \/ Yoast SEO Premium plugin. -->","yoast_head_json":{"title":"Altavoz JBL Partybox 110 - Mivoot","robots":{"index":"index","follow":"follow","max-snippet":"max-snippet:-1","max-image-preview":"max-image-preview:large","max-video-preview":"max-video-preview:-1"},"canonical":"https:\/\/mivoot.com\/gt\/producto\/altavoz-jbl-partybox-110\/","og_locale":"es_ES","og_type":"article","og_title":"Altavoz JBL Partybox 110","og_description":"Altavoz para fiestas port\u00e1til con un potente sonido de 160\u00a0W, luces incorporadas y dise\u00f1o a prueba de salpicaduras. Tiempo de reproducci\u00f3n de musica 12h Potencia de salida 160W Dimensiones (cm) 29.5 x 56.8 x 30.0 Weight (kgs) 10.84 Charging time (hrs) 3.5","og_url":"https:\/\/mivoot.com\/gt\/producto\/altavoz-jbl-partybox-110\/","og_site_name":"Mivoot","article_publisher":"https:\/\/www.facebook.com\/mivootgt","article_modified_time":"2025-11-12T00:13:39+00:00","og_image":[{"width":1030,"height":1030,"url":"https:\/\/mivoot.com\/gt\/wp-content\/uploads\/2023\/02\/PORTADA-1.jpg","type":"image\/jpeg"}],"twitter_card":"summary_large_image","schema":{"@context":"https:\/\/schema.org","@graph":[{"@type":"WebPage","@id":"https:\/\/mivoot.com\/gt\/producto\/altavoz-jbl-partybox-110\/","url":"https:\/\/mivoot.com\/gt\/producto\/altavoz-jbl-partybox-110\/","name":"Altavoz JBL Partybox 110 - Mivoot","isPartOf":{"@id":"https:\/\/mivoot.com\/gt\/#website"},"primaryImageOfPage":{"@id":"https:\/\/mivoot.com\/gt\/producto\/altavoz-jbl-partybox-110\/#primaryimage"},"image":{"@id":"https:\/\/mivoot.com\/gt\/producto\/altavoz-jbl-partybox-110\/#primaryimage"},"thumbnailUrl":"https:\/\/mivoot.com\/gt\/wp-content\/uploads\/2023\/02\/PORTADA-1.jpg","datePublished":"2023-02-03T15:38:34+00:00","dateModified":"2025-11-12T00:13:39+00:00","breadcrumb":{"@id":"https:\/\/mivoot.com\/gt\/producto\/altavoz-jbl-partybox-110\/#breadcrumb"},"inLanguage":"es","potentialAction":[{"@type":"ReadAction","target":["https:\/\/mivoot.com\/gt\/producto\/altavoz-jbl-partybox-110\/"]}]},{"@type":"ImageObject","inLanguage":"es","@id":"https:\/\/mivoot.com\/gt\/producto\/altavoz-jbl-partybox-110\/#primaryimage","url":"https:\/\/mivoot.com\/gt\/wp-content\/uploads\/2023\/02\/PORTADA-1.jpg","contentUrl":"https:\/\/mivoot.com\/gt\/wp-content\/uploads\/2023\/02\/PORTADA-1.jpg","width":1030,"height":1030},{"@type":"BreadcrumbList","@id":"https:\/\/mivoot.com\/gt\/producto\/altavoz-jbl-partybox-110\/#breadcrumb","itemListElement":[{"@type":"ListItem","position":1,"name":"Inicio","item":"https:\/\/mivoot.com\/gt\/"},{"@type":"ListItem","position":2,"name":"Productos","item":"https:\/\/mivoot.com\/gt\/producto\/"},{"@type":"ListItem","position":3,"name":"JBL","item":"https:\/\/mivoot.com\/gt\/marca\/jbl\/"},{"@type":"ListItem","position":4,"name":"Altavoz JBL Partybox 110"}]},{"@type":"WebSite","@id":"https:\/\/mivoot.com\/gt\/#website","url":"https:\/\/mivoot.com\/gt\/","name":"Mivoot","description":"Mivoot Guatemala | Tienda Online","publisher":{"@id":"https:\/\/mivoot.com\/gt\/#organization"},"alternateName":"mivoot","potentialAction":[{"@type":"SearchAction","target":{"@type":"EntryPoint","urlTemplate":"https:\/\/mivoot.com\/gt\/?s={search_term_string}"},"query-input":{"@type":"PropertyValueSpecification","valueRequired":true,"valueName":"search_term_string"}}],"inLanguage":"es"},{"@type":"Organization","@id":"https:\/\/mivoot.com\/gt\/#organization","name":"Mivoot Guatemala","alternateName":"mivoot.com","url":"https:\/\/mivoot.com\/gt\/","logo":{"@type":"ImageObject","inLanguage":"es","@id":"https:\/\/mivoot.com\/gt\/#\/schema\/logo\/image\/","url":"https:\/\/mivoot.com\/gt\/wp-content\/uploads\/2023\/03\/cropped-icon.png","contentUrl":"https:\/\/mivoot.com\/gt\/wp-content\/uploads\/2023\/03\/cropped-icon.png","width":512,"height":512,"caption":"Mivoot Guatemala"},"image":{"@id":"https:\/\/mivoot.com\/gt\/#\/schema\/logo\/image\/"},"sameAs":["https:\/\/www.facebook.com\/mivootgt","https:\/\/instagram.com\/mivoot"]}]}},"jetpack_publicize_connections":[],"jetpack_sharing_enabled":true,"brands":[{"id":75,"name":"JBL","slug":"jbl"}],"_links":{"self":[{"href":"https:\/\/mivoot.com\/gt\/wp-json\/wp\/v2\/product\/11674","targetHints":{"allow":["GET"]}}],"collection":[{"href":"https:\/\/mivoot.com\/gt\/wp-json\/wp\/v2\/product"}],"about":[{"href":"https:\/\/mivoot.com\/gt\/wp-json\/wp\/v2\/types\/product"}],"replies":[{"embeddable":true,"href":"https:\/\/mivoot.com\/gt\/wp-json\/wp\/v2\/comments?post=11674"}],"version-history":[{"count":4,"href":"https:\/\/mivoot.com\/gt\/wp-json\/wp\/v2\/product\/11674\/revisions"}],"predecessor-version":[{"id":11695,"href":"https:\/\/mivoot.com\/gt\/wp-json\/wp\/v2\/product\/11674\/revisions\/11695"}],"wp:featuredmedia":[{"embeddable":true,"href":"https:\/\/mivoot.com\/gt\/wp-json\/wp\/v2\/media\/11690"}],"wp:attachment":[{"href":"https:\/\/mivoot.com\/gt\/wp-json\/wp\/v2\/media?parent=11674"}],"wp:term":[{"taxonomy":"pwb-brand","embeddable":true,"href":"https:\/\/mivoot.com\/gt\/wp-json\/wp\/v2\/pwb-brand?post=11674"},{"taxonomy":"product_brand","embeddable":true,"href":"https:\/\/mivoot.com\/gt\/wp-json\/wp\/v2\/product_brand?post=11674"},{"taxonomy":"product_cat","embeddable":true,"href":"https:\/\/mivoot.com\/gt\/wp-json\/wp\/v2\/product_cat?post=11674"},{"taxonomy":"product_tag","embeddable":true,"href":"https:\/\/mivoot.com\/gt\/wp-json\/wp\/v2\/product_tag?post=11674"}],"curies":[{"name":"wp","href":"https:\/\/api.w.org\/{rel}","templated":true}]}}