{"id":11751,"date":"2023-02-06T14:21:16","date_gmt":"2023-02-06T20:21:16","guid":{"rendered":"https:\/\/mivoot.com\/gt\/?post_type=product&#038;p=11751"},"modified":"2023-04-24T16:14:47","modified_gmt":"2023-04-24T22:14:47","slug":"terminal-pos-inteligente-biometrico-todo-en-uno-zkbio510-zkteco","status":"publish","type":"product","link":"https:\/\/mivoot.com\/gt\/producto\/terminal-pos-inteligente-biometrico-todo-en-uno-zkbio510-zkteco\/","title":{"rendered":"Terminal POS Inteligente Biom\u00e9trico Todo en Uno Intel Celeron 64GB SSD 4GB Ram sin SO ZKBIO510 ZKTeco"},"content":{"rendered":"<h1 class=\"product_title entry-title wd-entities-title\">Estaci\u00f3n Todo en Uno para POS \u2013 ZKTeco ZKBIO510 \u2013 All in One \u2013 Pantalla T\u00e1ctil 15\u2033 \u2013 Celeron \u2013 RAM 4GB, Disco 32GB SSD \u2013 Sin Sistema Operativo<\/h1>\n<h2>Especificaciones T\u00e9cnicas<\/h2>\n<table class=\"table table-striped\">\n<tbody>\n<tr class=\"secondbg\">\n<td><strong>Sistema<\/strong><\/td>\n<td><\/td>\n<\/tr>\n<tr class=\"firstbg\">\n<td>Procesador<\/td>\n<td>Procesador Intel\u00ae Celeron J1900 de cuatro n\u00facleos (2,0 GHz)<\/td>\n<\/tr>\n<tr class=\"secondbg\">\n<td>Memoria del Sistema<\/td>\n<td>2GB est\u00e1ndar, DDR3L 1333MHz (m\u00e1ximo 8GB)<\/td>\n<\/tr>\n<tr class=\"firstbg\">\n<td>Almacenamiento<\/td>\n<td>SSD Msata est\u00e1ndar de 32 GB, 1 * 2.5 &#8220;HDD \/ 2.5&#8221; SSD<\/td>\n<\/tr>\n<tr class=\"secondbg\">\n<td>Sistema Operativo Compatible<\/td>\n<td>Windows 7,Windows 8, Windows 10 IoT Enterprise, POS Ready 7,Linux<\/td>\n<\/tr>\n<tr class=\"firstbg\">\n<td>Audio<\/td>\n<td>Realtek ALC662<\/td>\n<\/tr>\n<tr class=\"secondbg\">\n<td><strong>Pantalla<\/strong><\/td>\n<td><\/td>\n<\/tr>\n<tr class=\"firstbg\">\n<td>Tipo<\/td>\n<td>LCD TFT de 15 &#8220;, retroiluminaci\u00f3n LED<\/td>\n<\/tr>\n<tr class=\"secondbg\">\n<td>Resoluci\u00f3n<\/td>\n<td>1024\u00d7768<\/td>\n<\/tr>\n<tr class=\"firstbg\">\n<td>Panel T\u00e1ctil<\/td>\n<td>Capacitiva proyectada o resistiva anal\u00f3gica de cinco cables<\/td>\n<\/tr>\n<tr class=\"secondbg\">\n<td>Panel del cliente<\/td>\n<td>LED (tubo digital 8C)<\/td>\n<\/tr>\n<tr class=\"firstbg\">\n<td><strong>Puertos Externos<\/strong><\/td>\n<td><\/td>\n<\/tr>\n<tr class=\"secondbg\">\n<td>VGA<\/td>\n<td>1*DB-15<\/td>\n<\/tr>\n<tr class=\"firstbg\">\n<td>USB<\/td>\n<td>5*USB2.0,1*USB3.0<\/td>\n<\/tr>\n<tr class=\"secondbg\">\n<td>Serial<\/td>\n<td>1 * RS232 (m\u00e1ximo 4 piezas)<\/td>\n<\/tr>\n<tr class=\"firstbg\">\n<td>LAN<\/td>\n<td>1*RJ45<\/td>\n<\/tr>\n<tr class=\"secondbg\">\n<td>Audio<\/td>\n<td>1 * salida de l\u00ednea<\/td>\n<\/tr>\n<tr class=\"firstbg\">\n<td><strong>Poder<\/strong><\/td>\n<td><\/td>\n<\/tr>\n<tr class=\"secondbg\">\n<td>Fuente de Alimentaci\u00f3n<\/td>\n<td>Adaptador 12V DC 5A<\/td>\n<\/tr>\n<tr class=\"firstbg\">\n<td><strong>Ambiental f\u00edsico<\/strong><\/td>\n<td><\/td>\n<\/tr>\n<tr class=\"secondbg\">\n<td>Temperatura de funcionamiento<\/td>\n<td>0\u2103 ~35 \u2103 al 20% -80% de humedad<\/td>\n<\/tr>\n<tr class=\"firstbg\">\n<td>Temperatura de Almacenamiento<\/td>\n<td>-20\u2103 ~55 \u2103 al 20% -80% de humedad<\/td>\n<\/tr>\n<tr class=\"secondbg\">\n<td>Certificaci\u00f3n<\/td>\n<td>CE, FCC<\/td>\n<\/tr>\n<tr class=\"firstbg\">\n<td>Color<\/td>\n<td>Negro<\/td>\n<\/tr>\n<tr class=\"secondbg\">\n<td><strong>Opciones y perif\u00e9ricos<\/strong><\/td>\n<td><\/td>\n<\/tr>\n<tr class=\"firstbg\">\n<td>Pantalla Secundaria<\/td>\n<td>15\u201d TFT LCD<\/td>\n<\/tr>\n<tr class=\"secondbg\">\n<td>Pantalla de Cliente<\/td>\n<td>VFD (2 * 20 l\u00edneas)<\/td>\n<\/tr>\n<tr class=\"firstbg\">\n<td>Lector de Banda Magn\u00e9tica<\/td>\n<td>3 pistas<\/td>\n<\/tr>\n<tr class=\"secondbg\">\n<td>Huella Digital<\/td>\n<td>Lector de huellas digitales USB (SLK20R)<\/td>\n<\/tr>\n<\/tbody>\n<\/table>\n","protected":false},"excerpt":{"rendered":"<p>Pantalla LED LCD de 15\u201d sin bisel<br \/>\nProcesador Intel Celeron J1900 2.0GHz<br \/>\nMemoria RAM 4GB<br \/>\nAlmacenamiento 64 GB SSD<br \/>\nPantalla Tactil Tipo LCD TFT de 15 &#8220;, retroiluminaci\u00f3n LED<br \/>\nResoluci\u00f3n 1024\u00d7768<br \/>\nPuertos 5 USB, RS232, LAN, VGA<br \/>\nPantalla Est\u00e1ndar con tubo digital de alta definici\u00f3n 8C<br \/>\nInstalaci\u00f3n y mantenimiento m\u00e1s r\u00e1pidos<br \/>\n**No incluye sistema operativo verificar los compatibles<\/p>\n","protected":false},"featured_media":11777,"comment_status":"open","ping_status":"closed","template":"","meta":{"jetpack_publicize_message":"","jetpack_publicize_feature_enabled":true,"jetpack_social_post_already_shared":true,"jetpack_social_options":{"image_generator_settings":{"template":"highway","default_image_id":0,"font":"","enabled":false},"version":2}},"pwb-brand":[101],"product_brand":[],"product_cat":[309],"product_tag":[],"class_list":{"0":"post-11751","1":"product","2":"type-product","3":"status-publish","4":"has-post-thumbnail","6":"pwb-brand-zkteco-guatemala","7":"product_cat-monitoresallinone","9":"first","10":"instock","11":"taxable","12":"shipping-taxable","13":"purchasable","14":"product-type-simple"},"yoast_head":"<!-- This site is optimized with the Yoast SEO Premium plugin v25.7.1 (Yoast SEO v26.8) - https:\/\/yoast.com\/product\/yoast-seo-premium-wordpress\/ -->\n<title>Terminal POS Inteligente Biom\u00e9trico Todo en Uno Intel Celeron 64GB SSD 4GB Ram sin SO ZKBIO510 ZKTeco - Mivoot<\/title>\n<meta name=\"robots\" content=\"index, follow, max-snippet:-1, max-image-preview:large, max-video-preview:-1\" \/>\n<link rel=\"canonical\" href=\"https:\/\/mivoot.com\/gt\/producto\/terminal-pos-inteligente-biometrico-todo-en-uno-zkbio510-zkteco\/\" \/>\n<meta property=\"og:locale\" content=\"es_ES\" \/>\n<meta property=\"og:type\" content=\"article\" \/>\n<meta property=\"og:title\" content=\"Terminal POS Inteligente Biom\u00e9trico Todo en Uno Intel Celeron 64GB SSD 4GB Ram sin SO ZKBIO510 ZKTeco\" \/>\n<meta property=\"og:description\" content=\"Pantalla LED LCD de 15\u201d sin bisel Procesador Intel Celeron J1900 2.0GHz Memoria RAM 4GB Almacenamiento 64 GB SSD Pantalla Tactil Tipo LCD TFT de 15 &quot;, retroiluminaci\u00f3n LED Resoluci\u00f3n 1024\u00d7768 Puertos 5 USB, RS232, LAN, VGA Pantalla Est\u00e1ndar con tubo digital de alta definici\u00f3n 8C Instalaci\u00f3n y mantenimiento m\u00e1s r\u00e1pidos **No incluye sistema operativo verificar los compatibles\" \/>\n<meta property=\"og:url\" content=\"https:\/\/mivoot.com\/gt\/producto\/terminal-pos-inteligente-biometrico-todo-en-uno-zkbio510-zkteco\/\" \/>\n<meta property=\"og:site_name\" content=\"Mivoot\" \/>\n<meta property=\"article:publisher\" content=\"https:\/\/www.facebook.com\/mivootgt\" \/>\n<meta property=\"article:modified_time\" content=\"2023-04-24T22:14:47+00:00\" \/>\n<meta property=\"og:image\" content=\"https:\/\/mivoot.com\/gt\/wp-content\/uploads\/2023\/02\/portada.png\" \/>\n\t<meta property=\"og:image:width\" content=\"705\" \/>\n\t<meta property=\"og:image:height\" content=\"705\" \/>\n\t<meta property=\"og:image:type\" content=\"image\/png\" \/>\n<meta name=\"twitter:card\" content=\"summary_large_image\" \/>\n<meta name=\"twitter:label1\" content=\"Est. reading time\" \/>\n\t<meta name=\"twitter:data1\" content=\"1 minuto\" \/>\n<script type=\"application\/ld+json\" class=\"yoast-schema-graph\">{\"@context\":\"https:\/\/schema.org\",\"@graph\":[{\"@type\":\"WebPage\",\"@id\":\"https:\/\/mivoot.com\/gt\/producto\/terminal-pos-inteligente-biometrico-todo-en-uno-zkbio510-zkteco\/\",\"url\":\"https:\/\/mivoot.com\/gt\/producto\/terminal-pos-inteligente-biometrico-todo-en-uno-zkbio510-zkteco\/\",\"name\":\"Terminal POS Inteligente Biom\u00e9trico Todo en Uno Intel Celeron 64GB SSD 4GB Ram sin SO ZKBIO510 ZKTeco - Mivoot\",\"isPartOf\":{\"@id\":\"https:\/\/mivoot.com\/gt\/#website\"},\"primaryImageOfPage\":{\"@id\":\"https:\/\/mivoot.com\/gt\/producto\/terminal-pos-inteligente-biometrico-todo-en-uno-zkbio510-zkteco\/#primaryimage\"},\"image\":{\"@id\":\"https:\/\/mivoot.com\/gt\/producto\/terminal-pos-inteligente-biometrico-todo-en-uno-zkbio510-zkteco\/#primaryimage\"},\"thumbnailUrl\":\"https:\/\/mivoot.com\/gt\/wp-content\/uploads\/2023\/02\/portada.png\",\"datePublished\":\"2023-02-06T20:21:16+00:00\",\"dateModified\":\"2023-04-24T22:14:47+00:00\",\"breadcrumb\":{\"@id\":\"https:\/\/mivoot.com\/gt\/producto\/terminal-pos-inteligente-biometrico-todo-en-uno-zkbio510-zkteco\/#breadcrumb\"},\"inLanguage\":\"es\",\"potentialAction\":[{\"@type\":\"ReadAction\",\"target\":[\"https:\/\/mivoot.com\/gt\/producto\/terminal-pos-inteligente-biometrico-todo-en-uno-zkbio510-zkteco\/\"]}]},{\"@type\":\"ImageObject\",\"inLanguage\":\"es\",\"@id\":\"https:\/\/mivoot.com\/gt\/producto\/terminal-pos-inteligente-biometrico-todo-en-uno-zkbio510-zkteco\/#primaryimage\",\"url\":\"https:\/\/mivoot.com\/gt\/wp-content\/uploads\/2023\/02\/portada.png\",\"contentUrl\":\"https:\/\/mivoot.com\/gt\/wp-content\/uploads\/2023\/02\/portada.png\",\"width\":705,\"height\":705},{\"@type\":\"BreadcrumbList\",\"@id\":\"https:\/\/mivoot.com\/gt\/producto\/terminal-pos-inteligente-biometrico-todo-en-uno-zkbio510-zkteco\/#breadcrumb\",\"itemListElement\":[{\"@type\":\"ListItem\",\"position\":1,\"name\":\"Inicio\",\"item\":\"https:\/\/mivoot.com\/gt\/\"},{\"@type\":\"ListItem\",\"position\":2,\"name\":\"Productos\",\"item\":\"https:\/\/mivoot.com\/gt\/producto\/\"},{\"@type\":\"ListItem\",\"position\":3,\"name\":\"ZKTeco\",\"item\":\"https:\/\/mivoot.com\/gt\/marca\/zkteco-guatemala\/\"},{\"@type\":\"ListItem\",\"position\":4,\"name\":\"Terminal POS Inteligente Biom\u00e9trico Todo en Uno Intel Celeron 64GB SSD 4GB Ram sin SO ZKBIO510 ZKTeco\"}]},{\"@type\":\"WebSite\",\"@id\":\"https:\/\/mivoot.com\/gt\/#website\",\"url\":\"https:\/\/mivoot.com\/gt\/\",\"name\":\"Mivoot\",\"description\":\"Mivoot Guatemala | Tienda Online\",\"publisher\":{\"@id\":\"https:\/\/mivoot.com\/gt\/#organization\"},\"alternateName\":\"mivoot\",\"potentialAction\":[{\"@type\":\"SearchAction\",\"target\":{\"@type\":\"EntryPoint\",\"urlTemplate\":\"https:\/\/mivoot.com\/gt\/?s={search_term_string}\"},\"query-input\":{\"@type\":\"PropertyValueSpecification\",\"valueRequired\":true,\"valueName\":\"search_term_string\"}}],\"inLanguage\":\"es\"},{\"@type\":\"Organization\",\"@id\":\"https:\/\/mivoot.com\/gt\/#organization\",\"name\":\"Mivoot Guatemala\",\"alternateName\":\"mivoot.com\",\"url\":\"https:\/\/mivoot.com\/gt\/\",\"logo\":{\"@type\":\"ImageObject\",\"inLanguage\":\"es\",\"@id\":\"https:\/\/mivoot.com\/gt\/#\/schema\/logo\/image\/\",\"url\":\"https:\/\/mivoot.com\/gt\/wp-content\/uploads\/2023\/03\/cropped-icon.png\",\"contentUrl\":\"https:\/\/mivoot.com\/gt\/wp-content\/uploads\/2023\/03\/cropped-icon.png\",\"width\":512,\"height\":512,\"caption\":\"Mivoot Guatemala\"},\"image\":{\"@id\":\"https:\/\/mivoot.com\/gt\/#\/schema\/logo\/image\/\"},\"sameAs\":[\"https:\/\/www.facebook.com\/mivootgt\",\"https:\/\/instagram.com\/mivoot\"]}]}<\/script>\n<!-- \/ Yoast SEO Premium plugin. -->","yoast_head_json":{"title":"Terminal POS Inteligente Biom\u00e9trico Todo en Uno Intel Celeron 64GB SSD 4GB Ram sin SO ZKBIO510 ZKTeco - Mivoot","robots":{"index":"index","follow":"follow","max-snippet":"max-snippet:-1","max-image-preview":"max-image-preview:large","max-video-preview":"max-video-preview:-1"},"canonical":"https:\/\/mivoot.com\/gt\/producto\/terminal-pos-inteligente-biometrico-todo-en-uno-zkbio510-zkteco\/","og_locale":"es_ES","og_type":"article","og_title":"Terminal POS Inteligente Biom\u00e9trico Todo en Uno Intel Celeron 64GB SSD 4GB Ram sin SO ZKBIO510 ZKTeco","og_description":"Pantalla LED LCD de 15\u201d sin bisel Procesador Intel Celeron J1900 2.0GHz Memoria RAM 4GB Almacenamiento 64 GB SSD Pantalla Tactil Tipo LCD TFT de 15 \", retroiluminaci\u00f3n LED Resoluci\u00f3n 1024\u00d7768 Puertos 5 USB, RS232, LAN, VGA Pantalla Est\u00e1ndar con tubo digital de alta definici\u00f3n 8C Instalaci\u00f3n y mantenimiento m\u00e1s r\u00e1pidos **No incluye sistema operativo verificar los compatibles","og_url":"https:\/\/mivoot.com\/gt\/producto\/terminal-pos-inteligente-biometrico-todo-en-uno-zkbio510-zkteco\/","og_site_name":"Mivoot","article_publisher":"https:\/\/www.facebook.com\/mivootgt","article_modified_time":"2023-04-24T22:14:47+00:00","og_image":[{"width":705,"height":705,"url":"https:\/\/mivoot.com\/gt\/wp-content\/uploads\/2023\/02\/portada.png","type":"image\/png"}],"twitter_card":"summary_large_image","twitter_misc":{"Est. reading time":"1 minuto"},"schema":{"@context":"https:\/\/schema.org","@graph":[{"@type":"WebPage","@id":"https:\/\/mivoot.com\/gt\/producto\/terminal-pos-inteligente-biometrico-todo-en-uno-zkbio510-zkteco\/","url":"https:\/\/mivoot.com\/gt\/producto\/terminal-pos-inteligente-biometrico-todo-en-uno-zkbio510-zkteco\/","name":"Terminal POS Inteligente Biom\u00e9trico Todo en Uno Intel Celeron 64GB SSD 4GB Ram sin SO ZKBIO510 ZKTeco - Mivoot","isPartOf":{"@id":"https:\/\/mivoot.com\/gt\/#website"},"primaryImageOfPage":{"@id":"https:\/\/mivoot.com\/gt\/producto\/terminal-pos-inteligente-biometrico-todo-en-uno-zkbio510-zkteco\/#primaryimage"},"image":{"@id":"https:\/\/mivoot.com\/gt\/producto\/terminal-pos-inteligente-biometrico-todo-en-uno-zkbio510-zkteco\/#primaryimage"},"thumbnailUrl":"https:\/\/mivoot.com\/gt\/wp-content\/uploads\/2023\/02\/portada.png","datePublished":"2023-02-06T20:21:16+00:00","dateModified":"2023-04-24T22:14:47+00:00","breadcrumb":{"@id":"https:\/\/mivoot.com\/gt\/producto\/terminal-pos-inteligente-biometrico-todo-en-uno-zkbio510-zkteco\/#breadcrumb"},"inLanguage":"es","potentialAction":[{"@type":"ReadAction","target":["https:\/\/mivoot.com\/gt\/producto\/terminal-pos-inteligente-biometrico-todo-en-uno-zkbio510-zkteco\/"]}]},{"@type":"ImageObject","inLanguage":"es","@id":"https:\/\/mivoot.com\/gt\/producto\/terminal-pos-inteligente-biometrico-todo-en-uno-zkbio510-zkteco\/#primaryimage","url":"https:\/\/mivoot.com\/gt\/wp-content\/uploads\/2023\/02\/portada.png","contentUrl":"https:\/\/mivoot.com\/gt\/wp-content\/uploads\/2023\/02\/portada.png","width":705,"height":705},{"@type":"BreadcrumbList","@id":"https:\/\/mivoot.com\/gt\/producto\/terminal-pos-inteligente-biometrico-todo-en-uno-zkbio510-zkteco\/#breadcrumb","itemListElement":[{"@type":"ListItem","position":1,"name":"Inicio","item":"https:\/\/mivoot.com\/gt\/"},{"@type":"ListItem","position":2,"name":"Productos","item":"https:\/\/mivoot.com\/gt\/producto\/"},{"@type":"ListItem","position":3,"name":"ZKTeco","item":"https:\/\/mivoot.com\/gt\/marca\/zkteco-guatemala\/"},{"@type":"ListItem","position":4,"name":"Terminal POS Inteligente Biom\u00e9trico Todo en Uno Intel Celeron 64GB SSD 4GB Ram sin SO ZKBIO510 ZKTeco"}]},{"@type":"WebSite","@id":"https:\/\/mivoot.com\/gt\/#website","url":"https:\/\/mivoot.com\/gt\/","name":"Mivoot","description":"Mivoot Guatemala | Tienda Online","publisher":{"@id":"https:\/\/mivoot.com\/gt\/#organization"},"alternateName":"mivoot","potentialAction":[{"@type":"SearchAction","target":{"@type":"EntryPoint","urlTemplate":"https:\/\/mivoot.com\/gt\/?s={search_term_string}"},"query-input":{"@type":"PropertyValueSpecification","valueRequired":true,"valueName":"search_term_string"}}],"inLanguage":"es"},{"@type":"Organization","@id":"https:\/\/mivoot.com\/gt\/#organization","name":"Mivoot Guatemala","alternateName":"mivoot.com","url":"https:\/\/mivoot.com\/gt\/","logo":{"@type":"ImageObject","inLanguage":"es","@id":"https:\/\/mivoot.com\/gt\/#\/schema\/logo\/image\/","url":"https:\/\/mivoot.com\/gt\/wp-content\/uploads\/2023\/03\/cropped-icon.png","contentUrl":"https:\/\/mivoot.com\/gt\/wp-content\/uploads\/2023\/03\/cropped-icon.png","width":512,"height":512,"caption":"Mivoot Guatemala"},"image":{"@id":"https:\/\/mivoot.com\/gt\/#\/schema\/logo\/image\/"},"sameAs":["https:\/\/www.facebook.com\/mivootgt","https:\/\/instagram.com\/mivoot"]}]}},"jetpack_publicize_connections":[],"jetpack_sharing_enabled":true,"brands":[{"id":101,"name":"ZKTeco","slug":"zkteco-guatemala"}],"_links":{"self":[{"href":"https:\/\/mivoot.com\/gt\/wp-json\/wp\/v2\/product\/11751","targetHints":{"allow":["GET"]}}],"collection":[{"href":"https:\/\/mivoot.com\/gt\/wp-json\/wp\/v2\/product"}],"about":[{"href":"https:\/\/mivoot.com\/gt\/wp-json\/wp\/v2\/types\/product"}],"replies":[{"embeddable":true,"href":"https:\/\/mivoot.com\/gt\/wp-json\/wp\/v2\/comments?post=11751"}],"version-history":[{"count":4,"href":"https:\/\/mivoot.com\/gt\/wp-json\/wp\/v2\/product\/11751\/revisions"}],"predecessor-version":[{"id":12516,"href":"https:\/\/mivoot.com\/gt\/wp-json\/wp\/v2\/product\/11751\/revisions\/12516"}],"wp:featuredmedia":[{"embeddable":true,"href":"https:\/\/mivoot.com\/gt\/wp-json\/wp\/v2\/media\/11777"}],"wp:attachment":[{"href":"https:\/\/mivoot.com\/gt\/wp-json\/wp\/v2\/media?parent=11751"}],"wp:term":[{"taxonomy":"pwb-brand","embeddable":true,"href":"https:\/\/mivoot.com\/gt\/wp-json\/wp\/v2\/pwb-brand?post=11751"},{"taxonomy":"product_brand","embeddable":true,"href":"https:\/\/mivoot.com\/gt\/wp-json\/wp\/v2\/product_brand?post=11751"},{"taxonomy":"product_cat","embeddable":true,"href":"https:\/\/mivoot.com\/gt\/wp-json\/wp\/v2\/product_cat?post=11751"},{"taxonomy":"product_tag","embeddable":true,"href":"https:\/\/mivoot.com\/gt\/wp-json\/wp\/v2\/product_tag?post=11751"}],"curies":[{"name":"wp","href":"https:\/\/api.w.org\/{rel}","templated":true}]}}