{"id":11780,"date":"2023-02-08T22:01:43","date_gmt":"2023-02-09T04:01:43","guid":{"rendered":"https:\/\/mivoot.com\/gt\/?post_type=product&#038;p=11780"},"modified":"2024-04-06T12:07:12","modified_gmt":"2024-04-06T18:07:12","slug":"timbre-y-video-portero-kit-analogico-zkteco","status":"publish","type":"product","link":"https:\/\/mivoot.com\/gt\/producto\/timbre-y-video-portero-kit-analogico-zkteco\/","title":{"rendered":"Timbre y Video portero KIT Anal\u00f3gico ZKTeco"},"content":{"rendered":"<h2 class=\"js-product-name h2 h1-md \" data-store=\"product-name-67800727\">Kit Videoportero de Intercomunicaci\u00f3n VDP03-B3 con Monitor LCD de 7&#8243; y Timbre Protecci\u00f3n contra Agua e Impactos, Apertura de Puerta, C\u00e1mara de Seguridad y Sistema de Visi\u00f3n nocturna<\/h2>\n<p><img decoding=\"async\" src=\"https:\/\/d26lpennugtm8s.cloudfront.net\/stores\/855\/772\/rte\/base64_img_67800727-a9351ead3e2df0b1d1598acd95696683.png\" \/><\/p>\n<p><strong>Timbre Videoportero Anal\u00f3gico<\/strong><\/p>\n<p>El Kit VDP03-B3 es la soluci\u00f3n de videoportero ideal y econ\u00f3mica que incluye un monitor de pantalla TFT de 7 pulgadas de dise\u00f1o delgado, un frente de calle de metal para exterior con clasificaci\u00f3n IP54, as\u00ed como los accesorios y soportes.<\/p>\n<div class=\"pix-el-text slide-in-container w-100 \">\n<p class=\" text-gray-7 \">Adem\u00e1s, la instalaci\u00f3n practica y la transparente intercomunicaci\u00f3n le ofrecen una experiencia excelente m\u00e1s all\u00e1 de la imaginaci\u00f3n.<\/p>\n<\/div>\n<div id=\"duo-icon-17778331\" class=\"slide-in-container w-100 \">\n<div class=\"py-2 \">\n<div class=\"pix-feature-list font-weight-bold py-2 d-flex align-items-center\"><span class=\"text-gray-7\">Monitor TFT en color de 7\u201d<\/span><\/div>\n<div class=\"pix-feature-list font-weight-bold py-2 d-flex align-items-center\"><span class=\"text-gray-7\">Botones t\u00e1ctiles incorporados en el panel<\/span><\/div>\n<div class=\"pix-feature-list font-weight-bold py-2 d-flex align-items-center\"><span class=\"text-gray-7\">Comunicaci\u00f3n de audio bidireccional a trav\u00e9s de la red anal\u00f3gica<\/span><\/div>\n<div class=\"pix-feature-list font-weight-bold py-2 d-flex align-items-center\"><span class=\"text-gray-7\">Soporta la conexi\u00f3n de hasta 4 monitores<\/span><\/div>\n<div><\/div>\n<\/div>\n<div><img decoding=\"async\" src=\"https:\/\/d26lpennugtm8s.cloudfront.net\/stores\/855\/772\/rte\/base64_img_67800727-4afb6603e2f523fc2388adb7d4b71964.png\" \/><\/div>\n<\/div>\n<div><\/div>\n<div><img decoding=\"async\" src=\"https:\/\/tvc.mx\/media\/505372\/ZKTECO-VDP03-B3-Kit-VDP-MONITOR-7-PULGADAS-OV1.png\" alt=\" \" \/><\/div>\n<div><\/div>\n<div>\n<div class=\"row\"  id=\"row-1986107579\">\n\t<div id=\"col-415275416\" class=\"col medium-1\/2 large-6\"  >\n\t\t<div class=\"col-inner\"  >\n\t\t\t\n\t\t\t\n<h2>Caracter\u00edsticas Frente de Calle<\/h2>\n<ul>\n<li class=\"ql-align-justify\">Frente de Calle con timbre exterior que cuenta con cubierta impermeable.<\/li>\n<li class=\"ql-align-justify\">C\u00e1mara 1mp.<\/li>\n<li class=\"ql-align-justify\">\u00c1ngulo de visi\u00f3n de 87 grados.<\/li>\n<li class=\"ql-align-justify\">Visi\u00f3n nocturna.<\/li>\n<li class=\"ql-align-justify\">Dise\u00f1o a prueba de lluvia y anti-vandalismo.<\/li>\n<li class=\"ql-align-justify\">Alimentaci\u00f3n suministrada por el monitor.<\/li>\n<\/ul>\n\t\t<\/div>\n\t\t\t<\/div>\n\n\t\n\n\t<div id=\"col-397274376\" class=\"col medium-1\/2 large-6\"  >\n\t\t<div class=\"col-inner\"  >\n\t\t\t\n\t\t\t\n<img decoding=\"async\" src=\"https:\/\/tvc.mx\/media\/505380\/ZKTECO-VDP03-B3-Kit-VDP-FRENTE-DE-CALLE-OV2.png\" alt=\" ssssssssssssss\" \/><\/p>\n\t\t<\/div>\n\t\t\t<\/div>\n\n\t\n<\/div>\n<\/div>\n<div><\/div>\n<div><div class=\"row\"  id=\"row-1910299941\">\n\t<div id=\"col-4151986\" class=\"col medium-1\/2 large-6\"  >\n\t\t<div class=\"col-inner\"  >\n\t\t\t\n\t\t\t\n<img decoding=\"async\" src=\"https:\/\/tvc.mx\/media\/505388\/ZKTECO-VDP03-B3-Kit-VDP-MONITOR-7-PULGADAS-OV4.png\" alt=\" \" \/>\t\t<\/div>\n\t\t\t<\/div>\n\n\t\n\n\t<div id=\"col-1238045619\" class=\"col medium-1\/2 large-6\"  >\n\t\t<div class=\"col-inner\"  >\n\t\t\t\n\t\t\t\n<h2>Especificaciones T\u00e9cnicas Monitor<\/h2>\n<ul>\n<li class=\"ql-align-justify\">Sistema operativo Linux.<\/li>\n<li class=\"ql-align-justify\">Resoluci\u00f3n de pantalla: 800*480.<\/li>\n<li class=\"ql-align-justify\">Altavoces duales, 8\u03a9 \/ 2W.<\/li>\n<li class=\"ql-align-justify\">M\u00e9todo de cableado: 4 Hilos ( Distancia m\u00e1xima 100 mts. ).<\/li>\n<li class=\"ql-align-justify\">M\u00e9todo de instalaci\u00f3n: Montaje en pared interior.<\/li>\n<li class=\"ql-align-justify\">Color blanco, pl\u00e1stico ABS.<\/li>\n<li class=\"ql-align-justify\">Temperatura de trabajo: -20\u00b0C a +60\u00b0C.<\/li>\n<li class=\"ql-align-justify\">Dimensiones (Ancho*Alto*Largo): 195*132*13 (mm).<\/li>\n<\/ul>\n\t\t<\/div>\n\t\t\t<\/div>\n\n\t\n<\/div>\n<\/div>\n<div><\/div>\n<div>\n<h2>Incluye<\/h2>\n<p class=\"text-muted\"><img decoding=\"async\" src=\"https:\/\/tvc.mx\/media\/513271\/ZKTECO-VDP03-B3-Kit-VDP-MONITOR-7-PULGADAS-FRENTE-DE-CALLE-ARNES-BASE-FUENTE-INCLUYE17.png\" alt=\" \" \/><\/p>\n<ul>\n<li class=\"ql-align-justify\">Monitor de 4.3&#8243;.<\/li>\n<li class=\"ql-align-justify\">Base de instalaci\u00f3n para monitor.<\/li>\n<li class=\"ql-align-justify\">Frente de calle con montaje de instalaci\u00f3n.<\/li>\n<li class=\"ql-align-justify\">Fuente de alimentaci\u00f3n (15v &#8211; 1.2a).<\/li>\n<li class=\"ql-align-justify\">Cables y accesorios de montaje.<\/li>\n<li class=\"ql-align-justify\">Cable de conexi\u00f3n 5 hilos de 1mt.<\/li>\n<\/ul>\n<h3>INSTALACION DE 2 CAMARAS<\/h3>\n<\/div>\n<div>\n<p class=\"wysiwyg-text-align-justify\">El kit de video portero\u00a0VDPO3-B3 KIT\u00a0es una soluci\u00f3n sencilla pero eficiente para residencias y hogares, dicho kit incluye lo que es:<\/p>\n<ul>\n<li>Frente de calle<\/li>\n<li>Monitor<\/li>\n<li>Fuente de alimentaci\u00f3n<\/li>\n<\/ul>\n<p class=\"wysiwyg-text-align-justify\">La interconexi\u00f3n entre el frente y el monitor o monitores, se realiza por medio de 4 hilos:<\/p>\n<ul>\n<li class=\"wysiwyg-text-align-justify\">Rojo &#8211; Power<\/li>\n<li class=\"wysiwyg-text-align-justify\">Negro &#8211; GND<\/li>\n<li class=\"wysiwyg-text-align-justify\">Azul &#8211; Audio<\/li>\n<li class=\"wysiwyg-text-align-justify\">Amarillo &#8211; Video<\/li>\n<\/ul>\n<p><em><strong>Nota: La fuente de alimentaci\u00f3n es de 15 VDC a 1.2 A.\u00a0<\/strong><\/em><\/p>\n<p class=\"wysiwyg-text-align-justify\">A continuaci\u00f3n se muestra un diagrama de conexi\u00f3n entre ambos equipos, para el cableado se recomienda usar\u00a0<span class=\"wysiwyg-underline\"><em><strong>CABLE DE ALARMA de 4 hilos calibre 18 &#8220;4C\/18 AWG<\/strong>&#8220;<\/em><\/span>\u00a0y la distancia m\u00e1xima del cableado no sea mayor a<strong><span class=\"wysiwyg-underline\">\u00a0<em>80 metros.<\/em><\/span><\/strong><\/p>\n<p><img decoding=\"async\" src=\"https:\/\/tecnosinergia.zendesk.com\/hc\/article_attachments\/360094462092\/Conexi_n_frente_y_monitor_ZKTECO.png\" alt=\"Conexi_n_frente_y_monitor_ZKTECO.png\" \/><\/p>\n<p class=\"wysiwyg-text-align-justify\">Nota: Cada monitor debe ir conectado con su fuente individual de 15vcd.<\/p>\n<p class=\"wysiwyg-text-align-justify\">Al igual que otros video porteros, permite la apertura de una puerta por medio de un pulso en su bornera Lock, solo que a diferencia de los otros, el\u00a0<em><strong>pulso<\/strong><\/em>\u00a0del frente de calle es\u00a0<em><strong>HUMEDO<\/strong><\/em>, es decir, entre sus borneras manda voltaje, dicho voltaje es a\u00a0<em><strong>15 VDC\u00a0<\/strong><\/em>y no se puede cambiar.<\/p>\n<p class=\"wysiwyg-text-align-justify\">Se debe utilizar un relevador auxiliar para invertir el pulso de h\u00famedo a seco, el relevador recomendado es\u00a0<strong>SR-2112-C7AQ.\u00a0<\/strong><\/p>\n<p class=\"wysiwyg-text-align-justify\">A continuaci\u00f3n se muestra un diagrama de conexi\u00f3n de un electroiman con la ayuda del relevador.<\/p>\n<p class=\"wysiwyg-text-align-justify\"><img decoding=\"async\" src=\"https:\/\/tecnosinergia.zendesk.com\/hc\/article_attachments\/360094478952\/Conexi_n_vp_ZK_y_electroiman.png\" alt=\"Conexi_n_vp_ZK_y_electroiman.png\" \/><\/p>\n<p class=\"wysiwyg-text-align-justify\"><span class=\"wysiwyg-underline\"><em><strong>En el mismo diagrama se usa una fuente auxiliar de 12 VDC a 3 A, ya que los electroimanes, pistones, electro chapas, normalmente se alimentan a 12 VDC. Para este cableado se recomienda usar de igual forma el cable de alarma de 4 hilos calibre 18 &#8220;4C\/18 AWG&#8221;<\/strong><\/em><\/span><\/p>\n<\/div>\n","protected":false},"excerpt":{"rendered":"<p>Intercomunicaci\u00f3n con el frente de calle.<br \/>\nPantalla TFT-LCD HD de 7 pulgadas.<br \/>\nApertura de puerta.<br \/>\nBot\u00f3n de no molestar o bloqueo de llamada.<br \/>\nDiferentes tonos de llamada.<br \/>\nControl de volumen.<br \/>\nControl de brillo en la imagen.<br \/>\nControl de color en la imagen.<\/p>\n","protected":false},"featured_media":11783,"comment_status":"open","ping_status":"closed","template":"","meta":{"jetpack_publicize_message":"","jetpack_publicize_feature_enabled":true,"jetpack_social_post_already_shared":true,"jetpack_social_options":{"image_generator_settings":{"template":"highway","default_image_id":0,"font":"","enabled":false},"version":2}},"pwb-brand":[101],"product_brand":[],"product_cat":[356],"product_tag":[],"class_list":{"0":"post-11780","1":"product","2":"type-product","3":"status-publish","4":"has-post-thumbnail","6":"pwb-brand-zkteco-guatemala","7":"product_cat-video-portero","9":"first","10":"instock","11":"sale","12":"taxable","13":"shipping-taxable","14":"purchasable","15":"product-type-simple"},"yoast_head":"<!-- This site is optimized with the Yoast SEO Premium plugin v25.7.1 (Yoast SEO v26.8) - https:\/\/yoast.com\/product\/yoast-seo-premium-wordpress\/ -->\n<title>Timbre y Video portero KIT Anal\u00f3gico ZKTeco - Mivoot<\/title>\n<meta name=\"robots\" content=\"index, follow, max-snippet:-1, max-image-preview:large, max-video-preview:-1\" \/>\n<link rel=\"canonical\" href=\"https:\/\/mivoot.com\/gt\/producto\/timbre-y-video-portero-kit-analogico-zkteco\/\" \/>\n<meta property=\"og:locale\" content=\"es_ES\" \/>\n<meta property=\"og:type\" content=\"article\" \/>\n<meta property=\"og:title\" content=\"Timbre y Video portero KIT Anal\u00f3gico ZKTeco\" \/>\n<meta property=\"og:description\" content=\"Intercomunicaci\u00f3n con el frente de calle. Pantalla TFT-LCD HD de 7 pulgadas. Apertura de puerta. Bot\u00f3n de no molestar o bloqueo de llamada. Diferentes tonos de llamada. Control de volumen. Control de brillo en la imagen. Control de color en la imagen.\" \/>\n<meta property=\"og:url\" content=\"https:\/\/mivoot.com\/gt\/producto\/timbre-y-video-portero-kit-analogico-zkteco\/\" \/>\n<meta property=\"og:site_name\" content=\"Mivoot\" \/>\n<meta property=\"article:publisher\" content=\"https:\/\/www.facebook.com\/mivootgt\" \/>\n<meta property=\"article:modified_time\" content=\"2024-04-06T18:07:12+00:00\" \/>\n<meta property=\"og:image\" content=\"https:\/\/mivoot.com\/gt\/wp-content\/uploads\/2023\/02\/Monitor-para-Videoportero-a-Color-4.3-LCD-ZKTeco-VDPI-B3-800x800-1.jpg\" \/>\n\t<meta property=\"og:image:width\" content=\"800\" \/>\n\t<meta property=\"og:image:height\" content=\"800\" \/>\n\t<meta property=\"og:image:type\" content=\"image\/jpeg\" \/>\n<meta name=\"twitter:card\" content=\"summary_large_image\" \/>\n<meta name=\"twitter:label1\" content=\"Est. reading time\" \/>\n\t<meta name=\"twitter:data1\" content=\"4 minutos\" \/>\n<script type=\"application\/ld+json\" class=\"yoast-schema-graph\">{\"@context\":\"https:\/\/schema.org\",\"@graph\":[{\"@type\":\"WebPage\",\"@id\":\"https:\/\/mivoot.com\/gt\/producto\/timbre-y-video-portero-kit-analogico-zkteco\/\",\"url\":\"https:\/\/mivoot.com\/gt\/producto\/timbre-y-video-portero-kit-analogico-zkteco\/\",\"name\":\"Timbre y Video portero KIT Anal\u00f3gico ZKTeco - Mivoot\",\"isPartOf\":{\"@id\":\"https:\/\/mivoot.com\/gt\/#website\"},\"primaryImageOfPage\":{\"@id\":\"https:\/\/mivoot.com\/gt\/producto\/timbre-y-video-portero-kit-analogico-zkteco\/#primaryimage\"},\"image\":{\"@id\":\"https:\/\/mivoot.com\/gt\/producto\/timbre-y-video-portero-kit-analogico-zkteco\/#primaryimage\"},\"thumbnailUrl\":\"https:\/\/mivoot.com\/gt\/wp-content\/uploads\/2023\/02\/Monitor-para-Videoportero-a-Color-4.3-LCD-ZKTeco-VDPI-B3-800x800-1.jpg\",\"datePublished\":\"2023-02-09T04:01:43+00:00\",\"dateModified\":\"2024-04-06T18:07:12+00:00\",\"breadcrumb\":{\"@id\":\"https:\/\/mivoot.com\/gt\/producto\/timbre-y-video-portero-kit-analogico-zkteco\/#breadcrumb\"},\"inLanguage\":\"es\",\"potentialAction\":[{\"@type\":\"ReadAction\",\"target\":[\"https:\/\/mivoot.com\/gt\/producto\/timbre-y-video-portero-kit-analogico-zkteco\/\"]}]},{\"@type\":\"ImageObject\",\"inLanguage\":\"es\",\"@id\":\"https:\/\/mivoot.com\/gt\/producto\/timbre-y-video-portero-kit-analogico-zkteco\/#primaryimage\",\"url\":\"https:\/\/mivoot.com\/gt\/wp-content\/uploads\/2023\/02\/Monitor-para-Videoportero-a-Color-4.3-LCD-ZKTeco-VDPI-B3-800x800-1.jpg\",\"contentUrl\":\"https:\/\/mivoot.com\/gt\/wp-content\/uploads\/2023\/02\/Monitor-para-Videoportero-a-Color-4.3-LCD-ZKTeco-VDPI-B3-800x800-1.jpg\",\"width\":800,\"height\":800},{\"@type\":\"BreadcrumbList\",\"@id\":\"https:\/\/mivoot.com\/gt\/producto\/timbre-y-video-portero-kit-analogico-zkteco\/#breadcrumb\",\"itemListElement\":[{\"@type\":\"ListItem\",\"position\":1,\"name\":\"Inicio\",\"item\":\"https:\/\/mivoot.com\/gt\/\"},{\"@type\":\"ListItem\",\"position\":2,\"name\":\"Productos\",\"item\":\"https:\/\/mivoot.com\/gt\/producto\/\"},{\"@type\":\"ListItem\",\"position\":3,\"name\":\"ZKTeco\",\"item\":\"https:\/\/mivoot.com\/gt\/marca\/zkteco-guatemala\/\"},{\"@type\":\"ListItem\",\"position\":4,\"name\":\"Timbre y Video portero KIT Anal\u00f3gico ZKTeco\"}]},{\"@type\":\"WebSite\",\"@id\":\"https:\/\/mivoot.com\/gt\/#website\",\"url\":\"https:\/\/mivoot.com\/gt\/\",\"name\":\"Mivoot\",\"description\":\"Mivoot Guatemala | Tienda Online\",\"publisher\":{\"@id\":\"https:\/\/mivoot.com\/gt\/#organization\"},\"alternateName\":\"mivoot\",\"potentialAction\":[{\"@type\":\"SearchAction\",\"target\":{\"@type\":\"EntryPoint\",\"urlTemplate\":\"https:\/\/mivoot.com\/gt\/?s={search_term_string}\"},\"query-input\":{\"@type\":\"PropertyValueSpecification\",\"valueRequired\":true,\"valueName\":\"search_term_string\"}}],\"inLanguage\":\"es\"},{\"@type\":\"Organization\",\"@id\":\"https:\/\/mivoot.com\/gt\/#organization\",\"name\":\"Mivoot Guatemala\",\"alternateName\":\"mivoot.com\",\"url\":\"https:\/\/mivoot.com\/gt\/\",\"logo\":{\"@type\":\"ImageObject\",\"inLanguage\":\"es\",\"@id\":\"https:\/\/mivoot.com\/gt\/#\/schema\/logo\/image\/\",\"url\":\"https:\/\/mivoot.com\/gt\/wp-content\/uploads\/2023\/03\/cropped-icon.png\",\"contentUrl\":\"https:\/\/mivoot.com\/gt\/wp-content\/uploads\/2023\/03\/cropped-icon.png\",\"width\":512,\"height\":512,\"caption\":\"Mivoot Guatemala\"},\"image\":{\"@id\":\"https:\/\/mivoot.com\/gt\/#\/schema\/logo\/image\/\"},\"sameAs\":[\"https:\/\/www.facebook.com\/mivootgt\",\"https:\/\/instagram.com\/mivoot\"]}]}<\/script>\n<!-- \/ Yoast SEO Premium plugin. -->","yoast_head_json":{"title":"Timbre y Video portero KIT Anal\u00f3gico ZKTeco - Mivoot","robots":{"index":"index","follow":"follow","max-snippet":"max-snippet:-1","max-image-preview":"max-image-preview:large","max-video-preview":"max-video-preview:-1"},"canonical":"https:\/\/mivoot.com\/gt\/producto\/timbre-y-video-portero-kit-analogico-zkteco\/","og_locale":"es_ES","og_type":"article","og_title":"Timbre y Video portero KIT Anal\u00f3gico ZKTeco","og_description":"Intercomunicaci\u00f3n con el frente de calle. Pantalla TFT-LCD HD de 7 pulgadas. Apertura de puerta. Bot\u00f3n de no molestar o bloqueo de llamada. Diferentes tonos de llamada. Control de volumen. Control de brillo en la imagen. Control de color en la imagen.","og_url":"https:\/\/mivoot.com\/gt\/producto\/timbre-y-video-portero-kit-analogico-zkteco\/","og_site_name":"Mivoot","article_publisher":"https:\/\/www.facebook.com\/mivootgt","article_modified_time":"2024-04-06T18:07:12+00:00","og_image":[{"width":800,"height":800,"url":"https:\/\/mivoot.com\/gt\/wp-content\/uploads\/2023\/02\/Monitor-para-Videoportero-a-Color-4.3-LCD-ZKTeco-VDPI-B3-800x800-1.jpg","type":"image\/jpeg"}],"twitter_card":"summary_large_image","twitter_misc":{"Est. reading time":"4 minutos"},"schema":{"@context":"https:\/\/schema.org","@graph":[{"@type":"WebPage","@id":"https:\/\/mivoot.com\/gt\/producto\/timbre-y-video-portero-kit-analogico-zkteco\/","url":"https:\/\/mivoot.com\/gt\/producto\/timbre-y-video-portero-kit-analogico-zkteco\/","name":"Timbre y Video portero KIT Anal\u00f3gico ZKTeco - Mivoot","isPartOf":{"@id":"https:\/\/mivoot.com\/gt\/#website"},"primaryImageOfPage":{"@id":"https:\/\/mivoot.com\/gt\/producto\/timbre-y-video-portero-kit-analogico-zkteco\/#primaryimage"},"image":{"@id":"https:\/\/mivoot.com\/gt\/producto\/timbre-y-video-portero-kit-analogico-zkteco\/#primaryimage"},"thumbnailUrl":"https:\/\/mivoot.com\/gt\/wp-content\/uploads\/2023\/02\/Monitor-para-Videoportero-a-Color-4.3-LCD-ZKTeco-VDPI-B3-800x800-1.jpg","datePublished":"2023-02-09T04:01:43+00:00","dateModified":"2024-04-06T18:07:12+00:00","breadcrumb":{"@id":"https:\/\/mivoot.com\/gt\/producto\/timbre-y-video-portero-kit-analogico-zkteco\/#breadcrumb"},"inLanguage":"es","potentialAction":[{"@type":"ReadAction","target":["https:\/\/mivoot.com\/gt\/producto\/timbre-y-video-portero-kit-analogico-zkteco\/"]}]},{"@type":"ImageObject","inLanguage":"es","@id":"https:\/\/mivoot.com\/gt\/producto\/timbre-y-video-portero-kit-analogico-zkteco\/#primaryimage","url":"https:\/\/mivoot.com\/gt\/wp-content\/uploads\/2023\/02\/Monitor-para-Videoportero-a-Color-4.3-LCD-ZKTeco-VDPI-B3-800x800-1.jpg","contentUrl":"https:\/\/mivoot.com\/gt\/wp-content\/uploads\/2023\/02\/Monitor-para-Videoportero-a-Color-4.3-LCD-ZKTeco-VDPI-B3-800x800-1.jpg","width":800,"height":800},{"@type":"BreadcrumbList","@id":"https:\/\/mivoot.com\/gt\/producto\/timbre-y-video-portero-kit-analogico-zkteco\/#breadcrumb","itemListElement":[{"@type":"ListItem","position":1,"name":"Inicio","item":"https:\/\/mivoot.com\/gt\/"},{"@type":"ListItem","position":2,"name":"Productos","item":"https:\/\/mivoot.com\/gt\/producto\/"},{"@type":"ListItem","position":3,"name":"ZKTeco","item":"https:\/\/mivoot.com\/gt\/marca\/zkteco-guatemala\/"},{"@type":"ListItem","position":4,"name":"Timbre y Video portero KIT Anal\u00f3gico ZKTeco"}]},{"@type":"WebSite","@id":"https:\/\/mivoot.com\/gt\/#website","url":"https:\/\/mivoot.com\/gt\/","name":"Mivoot","description":"Mivoot Guatemala | Tienda Online","publisher":{"@id":"https:\/\/mivoot.com\/gt\/#organization"},"alternateName":"mivoot","potentialAction":[{"@type":"SearchAction","target":{"@type":"EntryPoint","urlTemplate":"https:\/\/mivoot.com\/gt\/?s={search_term_string}"},"query-input":{"@type":"PropertyValueSpecification","valueRequired":true,"valueName":"search_term_string"}}],"inLanguage":"es"},{"@type":"Organization","@id":"https:\/\/mivoot.com\/gt\/#organization","name":"Mivoot Guatemala","alternateName":"mivoot.com","url":"https:\/\/mivoot.com\/gt\/","logo":{"@type":"ImageObject","inLanguage":"es","@id":"https:\/\/mivoot.com\/gt\/#\/schema\/logo\/image\/","url":"https:\/\/mivoot.com\/gt\/wp-content\/uploads\/2023\/03\/cropped-icon.png","contentUrl":"https:\/\/mivoot.com\/gt\/wp-content\/uploads\/2023\/03\/cropped-icon.png","width":512,"height":512,"caption":"Mivoot Guatemala"},"image":{"@id":"https:\/\/mivoot.com\/gt\/#\/schema\/logo\/image\/"},"sameAs":["https:\/\/www.facebook.com\/mivootgt","https:\/\/instagram.com\/mivoot"]}]}},"jetpack_publicize_connections":[],"jetpack_sharing_enabled":true,"brands":[{"id":101,"name":"ZKTeco","slug":"zkteco-guatemala"}],"_links":{"self":[{"href":"https:\/\/mivoot.com\/gt\/wp-json\/wp\/v2\/product\/11780","targetHints":{"allow":["GET"]}}],"collection":[{"href":"https:\/\/mivoot.com\/gt\/wp-json\/wp\/v2\/product"}],"about":[{"href":"https:\/\/mivoot.com\/gt\/wp-json\/wp\/v2\/types\/product"}],"replies":[{"embeddable":true,"href":"https:\/\/mivoot.com\/gt\/wp-json\/wp\/v2\/comments?post=11780"}],"version-history":[{"count":2,"href":"https:\/\/mivoot.com\/gt\/wp-json\/wp\/v2\/product\/11780\/revisions"}],"predecessor-version":[{"id":11789,"href":"https:\/\/mivoot.com\/gt\/wp-json\/wp\/v2\/product\/11780\/revisions\/11789"}],"wp:featuredmedia":[{"embeddable":true,"href":"https:\/\/mivoot.com\/gt\/wp-json\/wp\/v2\/media\/11783"}],"wp:attachment":[{"href":"https:\/\/mivoot.com\/gt\/wp-json\/wp\/v2\/media?parent=11780"}],"wp:term":[{"taxonomy":"pwb-brand","embeddable":true,"href":"https:\/\/mivoot.com\/gt\/wp-json\/wp\/v2\/pwb-brand?post=11780"},{"taxonomy":"product_brand","embeddable":true,"href":"https:\/\/mivoot.com\/gt\/wp-json\/wp\/v2\/product_brand?post=11780"},{"taxonomy":"product_cat","embeddable":true,"href":"https:\/\/mivoot.com\/gt\/wp-json\/wp\/v2\/product_cat?post=11780"},{"taxonomy":"product_tag","embeddable":true,"href":"https:\/\/mivoot.com\/gt\/wp-json\/wp\/v2\/product_tag?post=11780"}],"curies":[{"name":"wp","href":"https:\/\/api.w.org\/{rel}","templated":true}]}}