{"id":11792,"date":"2023-02-08T22:33:02","date_gmt":"2023-02-09T04:33:02","guid":{"rendered":"https:\/\/mivoot.com\/gt\/?post_type=product&#038;p=11792"},"modified":"2024-04-06T12:07:34","modified_gmt":"2024-04-06T18:07:34","slug":"timbre-video-portero-wi-fi-kit-zkteco","status":"publish","type":"product","link":"https:\/\/mivoot.com\/gt\/producto\/timbre-video-portero-wi-fi-kit-zkteco\/","title":{"rendered":"Timbre Video Portero Wi-Fi Kit ZKTeco"},"content":{"rendered":"<div class=\"b-top\">\n<div class=\"woocommerce-product-details__short-description\">\n<p>El sistema de videoportero ZKTeco\u00a0<strong>VK07-C02<\/strong>\u00a0cuenta con una pantalla LCD a color TFT de 7\u201d y alta resoluci\u00f3n de 1080p con un marco de fotos digital.\u00a0Es compatible con la aplicaci\u00f3n Tuya para responder y desbloquear puertas de forma remota.\u00a0Adem\u00e1s, el volumen del intercomunicador es ajustable.\u00a0Admitir\u00e1 una tarjeta TF de hasta 128 GB donde puede guardar varias im\u00e1genes y videos<\/p>\n<\/div>\n<h2>Caracter\u00edsticas de ZKTeco VK07-C02<\/h2>\n<\/div>\n<div class=\"s-top\">\n<div class=\"wpb_text_column wpb_content_element\">\n<div class=\"wpb_wrapper\">\n<ul>\n<li>Pantalla LCD a color TFT de 7\u201d<\/li>\n<li>Responda y desbloquee la puerta de forma remota mediante la aplicaci\u00f3n ZSmart.<\/li>\n<li>1080P de alta resoluci\u00f3n con marco de fotos digital<\/li>\n<li>V\u00eddeos Full HD por estaci\u00f3n de inquilinos<\/li>\n<li>Fondo de pantalla y melod\u00edas personalizadas<\/li>\n<li>Habla\/desbloquea de forma remota con la aplicaci\u00f3n ZSmart<\/li>\n<li>m\u00e1x.\u00a0Tarjeta TF de 128G para guardar fotos y videos<\/li>\n<li>Intercomunicaci\u00f3n interna entre estaciones de trabajo de inquilinos<\/li>\n<li>El puesto de inquilinos puede monitorear la entrada en cualquier momento<\/li>\n<li>Funci\u00f3n de desbloqueo de puerta\/port\u00f3n desde cualquier estaci\u00f3n de inquilino<\/li>\n<li>intercomunicador manos libres<\/li>\n<li>Varias opciones de tono de llamada<\/li>\n<li>Contraste y brillo ajustables<\/li>\n<li>Volumen de intercomunicaci\u00f3n ajustable<\/li>\n<li>Compensaci\u00f3n de luz negra con c\u00e1mara de visi\u00f3n nocturna infrarroja<\/li>\n<\/ul>\n<\/div>\n<\/div>\n<\/div>\n<div id=\"wd-637c9a555253b\" class=\"title-wrapper wd-wpb set-mb-s reset-last-child wd-rs-637c9a555253b wd-title-color-primary wd-title-style-underlined text-left wd-underline-colored\">\n<div class=\"liner-continer\">\n<h3 class=\"woodmart-title-container title wd-font-weight- wd-fontsize-l\">Especificaci\u00f3n del sistema de videoportero ZKTeco VK07-C02<\/h3>\n<\/div>\n<\/div>\n<div class=\"wpb_text_column wpb_content_element\">\n<div class=\"wpb_wrapper\">\n<ul>\n<li>Resoluci\u00f3n LCD (H*V) 1024*600<\/li>\n<li>Temperatura de funcionamiento -40\u00b0C a +50\u00b0C<\/li>\n<li>Humedad de funcionamiento 10% a 90%<\/li>\n<li>Fuente de alimentaci\u00f3n de CA de 100 V a 240 V, 50 Hz<\/li>\n<li>Distancia efectiva 100m (4*0.3mm2)<\/li>\n<li>c\u00e1mara 1080P<\/li>\n<li>Dimensi\u00f3n de la estaci\u00f3n del inquilino (mm) 184*126*22,5<\/li>\n<li>Dimensi\u00f3n de la estaci\u00f3n de entrada (mm) 133*48*21<\/li>\n<li>Certificado<\/li>\n<li>CE, FCC, RoHS<\/li>\n<\/ul>\n<p><a href=\"https:\/\/mivoot.com\/gt\/wp-content\/uploads\/2023\/02\/VK07-C02.pdf\">FICHA TECNICA VK07-C02<\/a><\/p>\n<\/div>\n<\/div>\n<p><iframe title=\"ZKTeco VK07-C02 Video Door Phone | Digi-Mark Solution\" width=\"1020\" height=\"574\" src=\"https:\/\/www.youtube.com\/embed\/67RL14yyse8?feature=oembed&#038;enablejsapi=1&#038;origin=https:\/\/mivoot.com\" frameborder=\"0\" allow=\"accelerometer; autoplay; clipboard-write; encrypted-media; gyroscope; picture-in-picture; web-share\" allowfullscreen><\/iframe><\/p>\n<p>&nbsp;<\/p>\n<p><a href=\"https:\/\/fb.watch\/iAbA61oT6x\/\">https:\/\/fb.watch\/iAbA61oT6x\/<\/a><\/p>\n","protected":false},"excerpt":{"rendered":"<p>Lente gran angular AHD1080P\/2MP de 3,2 mm, con corte IR, \u00e1ngulo de 148\u00b0<br \/>\ncon visi\u00f3n nocturna, LED infrarrojo5PCS<br \/>\nAdecuado para diferentes cerraduras electr\u00f3nicas<br \/>\nCaja de aleaci\u00f3n de aluminio + se\u00f1al de interruptor de soporte de vidrio de 1080P-720P-CVBS<br \/>\nPantalla t\u00e1ctil capacitiva de 7 \u2033<br \/>\nConexi\u00f3n wifi 2.4G a internet<br \/>\nFunciona con la aplicaci\u00f3n Tuya<br \/>\nEntrada de video AHD\/TVI\/CVI\/CVBS<br \/>\nCompatible con tarjeta SD de 128G como m\u00e1ximo Hablando\/Desbloqueando\/Monitoreando\/Llamadas internas\/Llamadas de transferencia Marco de fotos, reloj y mensaje de voz Detecci\u00f3n de movimiento para 4 canales<br \/>\n3 estilos diferentes Men\u00fa de interfaz de usuario para selecci\u00f3n<br \/>\nSoporte 6 monitores interiores, 2 panel de llamada, 3 Cerraduras y 2 c\u00e1maras \/ Alarmas Pl\u00e1stico ABS<\/p>\n","protected":false},"featured_media":11795,"comment_status":"open","ping_status":"closed","template":"","meta":{"jetpack_publicize_message":"","jetpack_publicize_feature_enabled":true,"jetpack_social_post_already_shared":true,"jetpack_social_options":{"image_generator_settings":{"template":"highway","default_image_id":0,"font":"","enabled":false},"version":2}},"pwb-brand":[101],"product_brand":[],"product_cat":[356],"product_tag":[],"class_list":{"0":"post-11792","1":"product","2":"type-product","3":"status-publish","4":"has-post-thumbnail","6":"pwb-brand-zkteco-guatemala","7":"product_cat-video-portero","9":"first","10":"instock","11":"sale","12":"taxable","13":"shipping-taxable","14":"purchasable","15":"product-type-simple"},"yoast_head":"<!-- This site is optimized with the Yoast SEO Premium plugin v25.7.1 (Yoast SEO v26.8) - https:\/\/yoast.com\/product\/yoast-seo-premium-wordpress\/ -->\n<title>Timbre Video Portero Wi-Fi Kit ZKTeco - Mivoot<\/title>\n<meta name=\"robots\" content=\"index, follow, max-snippet:-1, max-image-preview:large, max-video-preview:-1\" \/>\n<link rel=\"canonical\" href=\"https:\/\/mivoot.com\/gt\/producto\/timbre-video-portero-wi-fi-kit-zkteco\/\" \/>\n<meta property=\"og:locale\" content=\"es_ES\" \/>\n<meta property=\"og:type\" content=\"article\" \/>\n<meta property=\"og:title\" content=\"Timbre Video Portero Wi-Fi Kit ZKTeco\" \/>\n<meta property=\"og:description\" content=\"Lente gran angular AHD1080P\/2MP de 3,2 mm, con corte IR, \u00e1ngulo de 148\u00b0 con visi\u00f3n nocturna, LED infrarrojo5PCS Adecuado para diferentes cerraduras electr\u00f3nicas Caja de aleaci\u00f3n de aluminio + se\u00f1al de interruptor de soporte de vidrio de 1080P-720P-CVBS Pantalla t\u00e1ctil capacitiva de 7 \u2033 Conexi\u00f3n wifi 2.4G a internet Funciona con la aplicaci\u00f3n Tuya Entrada de video AHD\/TVI\/CVI\/CVBS Compatible con tarjeta SD de 128G como m\u00e1ximo Hablando\/Desbloqueando\/Monitoreando\/Llamadas internas\/Llamadas de transferencia Marco de fotos, reloj y mensaje de voz Detecci\u00f3n de movimiento para 4 canales 3 estilos diferentes Men\u00fa de interfaz de usuario para selecci\u00f3n Soporte 6 monitores interiores, 2 panel de llamada, 3 Cerraduras y 2 c\u00e1maras \/ Alarmas Pl\u00e1stico ABS\" \/>\n<meta property=\"og:url\" content=\"https:\/\/mivoot.com\/gt\/producto\/timbre-video-portero-wi-fi-kit-zkteco\/\" \/>\n<meta property=\"og:site_name\" content=\"Mivoot\" \/>\n<meta property=\"article:publisher\" content=\"https:\/\/www.facebook.com\/mivootgt\" \/>\n<meta property=\"article:modified_time\" content=\"2024-04-06T18:07:34+00:00\" \/>\n<meta property=\"og:image\" content=\"https:\/\/mivoot.com\/gt\/wp-content\/uploads\/2023\/02\/VK07-C02.png\" \/>\n\t<meta property=\"og:image:width\" content=\"500\" \/>\n\t<meta property=\"og:image:height\" content=\"500\" \/>\n\t<meta property=\"og:image:type\" content=\"image\/png\" \/>\n<meta name=\"twitter:card\" content=\"summary_large_image\" \/>\n<meta name=\"twitter:label1\" content=\"Est. reading time\" \/>\n\t<meta name=\"twitter:data1\" content=\"2 minutos\" \/>\n<script type=\"application\/ld+json\" class=\"yoast-schema-graph\">{\"@context\":\"https:\/\/schema.org\",\"@graph\":[{\"@type\":\"WebPage\",\"@id\":\"https:\/\/mivoot.com\/gt\/producto\/timbre-video-portero-wi-fi-kit-zkteco\/\",\"url\":\"https:\/\/mivoot.com\/gt\/producto\/timbre-video-portero-wi-fi-kit-zkteco\/\",\"name\":\"Timbre Video Portero Wi-Fi Kit ZKTeco - Mivoot\",\"isPartOf\":{\"@id\":\"https:\/\/mivoot.com\/gt\/#website\"},\"primaryImageOfPage\":{\"@id\":\"https:\/\/mivoot.com\/gt\/producto\/timbre-video-portero-wi-fi-kit-zkteco\/#primaryimage\"},\"image\":{\"@id\":\"https:\/\/mivoot.com\/gt\/producto\/timbre-video-portero-wi-fi-kit-zkteco\/#primaryimage\"},\"thumbnailUrl\":\"https:\/\/mivoot.com\/gt\/wp-content\/uploads\/2023\/02\/VK07-C02.png\",\"datePublished\":\"2023-02-09T04:33:02+00:00\",\"dateModified\":\"2024-04-06T18:07:34+00:00\",\"breadcrumb\":{\"@id\":\"https:\/\/mivoot.com\/gt\/producto\/timbre-video-portero-wi-fi-kit-zkteco\/#breadcrumb\"},\"inLanguage\":\"es\",\"potentialAction\":[{\"@type\":\"ReadAction\",\"target\":[\"https:\/\/mivoot.com\/gt\/producto\/timbre-video-portero-wi-fi-kit-zkteco\/\"]}]},{\"@type\":\"ImageObject\",\"inLanguage\":\"es\",\"@id\":\"https:\/\/mivoot.com\/gt\/producto\/timbre-video-portero-wi-fi-kit-zkteco\/#primaryimage\",\"url\":\"https:\/\/mivoot.com\/gt\/wp-content\/uploads\/2023\/02\/VK07-C02.png\",\"contentUrl\":\"https:\/\/mivoot.com\/gt\/wp-content\/uploads\/2023\/02\/VK07-C02.png\",\"width\":500,\"height\":500},{\"@type\":\"BreadcrumbList\",\"@id\":\"https:\/\/mivoot.com\/gt\/producto\/timbre-video-portero-wi-fi-kit-zkteco\/#breadcrumb\",\"itemListElement\":[{\"@type\":\"ListItem\",\"position\":1,\"name\":\"Inicio\",\"item\":\"https:\/\/mivoot.com\/gt\/\"},{\"@type\":\"ListItem\",\"position\":2,\"name\":\"Productos\",\"item\":\"https:\/\/mivoot.com\/gt\/producto\/\"},{\"@type\":\"ListItem\",\"position\":3,\"name\":\"ZKTeco\",\"item\":\"https:\/\/mivoot.com\/gt\/marca\/zkteco-guatemala\/\"},{\"@type\":\"ListItem\",\"position\":4,\"name\":\"Timbre Video Portero Wi-Fi Kit ZKTeco\"}]},{\"@type\":\"WebSite\",\"@id\":\"https:\/\/mivoot.com\/gt\/#website\",\"url\":\"https:\/\/mivoot.com\/gt\/\",\"name\":\"Mivoot\",\"description\":\"Mivoot Guatemala | Tienda Online\",\"publisher\":{\"@id\":\"https:\/\/mivoot.com\/gt\/#organization\"},\"alternateName\":\"mivoot\",\"potentialAction\":[{\"@type\":\"SearchAction\",\"target\":{\"@type\":\"EntryPoint\",\"urlTemplate\":\"https:\/\/mivoot.com\/gt\/?s={search_term_string}\"},\"query-input\":{\"@type\":\"PropertyValueSpecification\",\"valueRequired\":true,\"valueName\":\"search_term_string\"}}],\"inLanguage\":\"es\"},{\"@type\":\"Organization\",\"@id\":\"https:\/\/mivoot.com\/gt\/#organization\",\"name\":\"Mivoot Guatemala\",\"alternateName\":\"mivoot.com\",\"url\":\"https:\/\/mivoot.com\/gt\/\",\"logo\":{\"@type\":\"ImageObject\",\"inLanguage\":\"es\",\"@id\":\"https:\/\/mivoot.com\/gt\/#\/schema\/logo\/image\/\",\"url\":\"https:\/\/mivoot.com\/gt\/wp-content\/uploads\/2023\/03\/cropped-icon.png\",\"contentUrl\":\"https:\/\/mivoot.com\/gt\/wp-content\/uploads\/2023\/03\/cropped-icon.png\",\"width\":512,\"height\":512,\"caption\":\"Mivoot Guatemala\"},\"image\":{\"@id\":\"https:\/\/mivoot.com\/gt\/#\/schema\/logo\/image\/\"},\"sameAs\":[\"https:\/\/www.facebook.com\/mivootgt\",\"https:\/\/instagram.com\/mivoot\"]}]}<\/script>\n<!-- \/ Yoast SEO Premium plugin. -->","yoast_head_json":{"title":"Timbre Video Portero Wi-Fi Kit ZKTeco - Mivoot","robots":{"index":"index","follow":"follow","max-snippet":"max-snippet:-1","max-image-preview":"max-image-preview:large","max-video-preview":"max-video-preview:-1"},"canonical":"https:\/\/mivoot.com\/gt\/producto\/timbre-video-portero-wi-fi-kit-zkteco\/","og_locale":"es_ES","og_type":"article","og_title":"Timbre Video Portero Wi-Fi Kit ZKTeco","og_description":"Lente gran angular AHD1080P\/2MP de 3,2 mm, con corte IR, \u00e1ngulo de 148\u00b0 con visi\u00f3n nocturna, LED infrarrojo5PCS Adecuado para diferentes cerraduras electr\u00f3nicas Caja de aleaci\u00f3n de aluminio + se\u00f1al de interruptor de soporte de vidrio de 1080P-720P-CVBS Pantalla t\u00e1ctil capacitiva de 7 \u2033 Conexi\u00f3n wifi 2.4G a internet Funciona con la aplicaci\u00f3n Tuya Entrada de video AHD\/TVI\/CVI\/CVBS Compatible con tarjeta SD de 128G como m\u00e1ximo Hablando\/Desbloqueando\/Monitoreando\/Llamadas internas\/Llamadas de transferencia Marco de fotos, reloj y mensaje de voz Detecci\u00f3n de movimiento para 4 canales 3 estilos diferentes Men\u00fa de interfaz de usuario para selecci\u00f3n Soporte 6 monitores interiores, 2 panel de llamada, 3 Cerraduras y 2 c\u00e1maras \/ Alarmas Pl\u00e1stico ABS","og_url":"https:\/\/mivoot.com\/gt\/producto\/timbre-video-portero-wi-fi-kit-zkteco\/","og_site_name":"Mivoot","article_publisher":"https:\/\/www.facebook.com\/mivootgt","article_modified_time":"2024-04-06T18:07:34+00:00","og_image":[{"width":500,"height":500,"url":"https:\/\/mivoot.com\/gt\/wp-content\/uploads\/2023\/02\/VK07-C02.png","type":"image\/png"}],"twitter_card":"summary_large_image","twitter_misc":{"Est. reading time":"2 minutos"},"schema":{"@context":"https:\/\/schema.org","@graph":[{"@type":"WebPage","@id":"https:\/\/mivoot.com\/gt\/producto\/timbre-video-portero-wi-fi-kit-zkteco\/","url":"https:\/\/mivoot.com\/gt\/producto\/timbre-video-portero-wi-fi-kit-zkteco\/","name":"Timbre Video Portero Wi-Fi Kit ZKTeco - Mivoot","isPartOf":{"@id":"https:\/\/mivoot.com\/gt\/#website"},"primaryImageOfPage":{"@id":"https:\/\/mivoot.com\/gt\/producto\/timbre-video-portero-wi-fi-kit-zkteco\/#primaryimage"},"image":{"@id":"https:\/\/mivoot.com\/gt\/producto\/timbre-video-portero-wi-fi-kit-zkteco\/#primaryimage"},"thumbnailUrl":"https:\/\/mivoot.com\/gt\/wp-content\/uploads\/2023\/02\/VK07-C02.png","datePublished":"2023-02-09T04:33:02+00:00","dateModified":"2024-04-06T18:07:34+00:00","breadcrumb":{"@id":"https:\/\/mivoot.com\/gt\/producto\/timbre-video-portero-wi-fi-kit-zkteco\/#breadcrumb"},"inLanguage":"es","potentialAction":[{"@type":"ReadAction","target":["https:\/\/mivoot.com\/gt\/producto\/timbre-video-portero-wi-fi-kit-zkteco\/"]}]},{"@type":"ImageObject","inLanguage":"es","@id":"https:\/\/mivoot.com\/gt\/producto\/timbre-video-portero-wi-fi-kit-zkteco\/#primaryimage","url":"https:\/\/mivoot.com\/gt\/wp-content\/uploads\/2023\/02\/VK07-C02.png","contentUrl":"https:\/\/mivoot.com\/gt\/wp-content\/uploads\/2023\/02\/VK07-C02.png","width":500,"height":500},{"@type":"BreadcrumbList","@id":"https:\/\/mivoot.com\/gt\/producto\/timbre-video-portero-wi-fi-kit-zkteco\/#breadcrumb","itemListElement":[{"@type":"ListItem","position":1,"name":"Inicio","item":"https:\/\/mivoot.com\/gt\/"},{"@type":"ListItem","position":2,"name":"Productos","item":"https:\/\/mivoot.com\/gt\/producto\/"},{"@type":"ListItem","position":3,"name":"ZKTeco","item":"https:\/\/mivoot.com\/gt\/marca\/zkteco-guatemala\/"},{"@type":"ListItem","position":4,"name":"Timbre Video Portero Wi-Fi Kit ZKTeco"}]},{"@type":"WebSite","@id":"https:\/\/mivoot.com\/gt\/#website","url":"https:\/\/mivoot.com\/gt\/","name":"Mivoot","description":"Mivoot Guatemala | Tienda Online","publisher":{"@id":"https:\/\/mivoot.com\/gt\/#organization"},"alternateName":"mivoot","potentialAction":[{"@type":"SearchAction","target":{"@type":"EntryPoint","urlTemplate":"https:\/\/mivoot.com\/gt\/?s={search_term_string}"},"query-input":{"@type":"PropertyValueSpecification","valueRequired":true,"valueName":"search_term_string"}}],"inLanguage":"es"},{"@type":"Organization","@id":"https:\/\/mivoot.com\/gt\/#organization","name":"Mivoot Guatemala","alternateName":"mivoot.com","url":"https:\/\/mivoot.com\/gt\/","logo":{"@type":"ImageObject","inLanguage":"es","@id":"https:\/\/mivoot.com\/gt\/#\/schema\/logo\/image\/","url":"https:\/\/mivoot.com\/gt\/wp-content\/uploads\/2023\/03\/cropped-icon.png","contentUrl":"https:\/\/mivoot.com\/gt\/wp-content\/uploads\/2023\/03\/cropped-icon.png","width":512,"height":512,"caption":"Mivoot Guatemala"},"image":{"@id":"https:\/\/mivoot.com\/gt\/#\/schema\/logo\/image\/"},"sameAs":["https:\/\/www.facebook.com\/mivootgt","https:\/\/instagram.com\/mivoot"]}]}},"jetpack_publicize_connections":[],"jetpack_sharing_enabled":true,"brands":[{"id":101,"name":"ZKTeco","slug":"zkteco-guatemala"}],"_links":{"self":[{"href":"https:\/\/mivoot.com\/gt\/wp-json\/wp\/v2\/product\/11792","targetHints":{"allow":["GET"]}}],"collection":[{"href":"https:\/\/mivoot.com\/gt\/wp-json\/wp\/v2\/product"}],"about":[{"href":"https:\/\/mivoot.com\/gt\/wp-json\/wp\/v2\/types\/product"}],"replies":[{"embeddable":true,"href":"https:\/\/mivoot.com\/gt\/wp-json\/wp\/v2\/comments?post=11792"}],"version-history":[{"count":2,"href":"https:\/\/mivoot.com\/gt\/wp-json\/wp\/v2\/product\/11792\/revisions"}],"predecessor-version":[{"id":11797,"href":"https:\/\/mivoot.com\/gt\/wp-json\/wp\/v2\/product\/11792\/revisions\/11797"}],"wp:featuredmedia":[{"embeddable":true,"href":"https:\/\/mivoot.com\/gt\/wp-json\/wp\/v2\/media\/11795"}],"wp:attachment":[{"href":"https:\/\/mivoot.com\/gt\/wp-json\/wp\/v2\/media?parent=11792"}],"wp:term":[{"taxonomy":"pwb-brand","embeddable":true,"href":"https:\/\/mivoot.com\/gt\/wp-json\/wp\/v2\/pwb-brand?post=11792"},{"taxonomy":"product_brand","embeddable":true,"href":"https:\/\/mivoot.com\/gt\/wp-json\/wp\/v2\/product_brand?post=11792"},{"taxonomy":"product_cat","embeddable":true,"href":"https:\/\/mivoot.com\/gt\/wp-json\/wp\/v2\/product_cat?post=11792"},{"taxonomy":"product_tag","embeddable":true,"href":"https:\/\/mivoot.com\/gt\/wp-json\/wp\/v2\/product_tag?post=11792"}],"curies":[{"name":"wp","href":"https:\/\/api.w.org\/{rel}","templated":true}]}}