{"id":11888,"date":"2023-02-10T17:25:06","date_gmt":"2023-02-10T23:25:06","guid":{"rendered":"https:\/\/mivoot.com\/gt\/?post_type=product&#038;p=11888"},"modified":"2023-02-26T19:24:34","modified_gmt":"2023-02-27T01:24:34","slug":"inversor-de-ca-de-2000w-slimline-wagam","status":"publish","type":"product","link":"https:\/\/mivoot.com\/gt\/producto\/inversor-de-ca-de-2000w-slimline-wagam\/","title":{"rendered":"Inversor de CA de 2000W SlimLine Wagam"},"content":{"rendered":"<p><center><img decoding=\"async\" src=\"https:\/\/cdn.shopify.com\/s\/files\/1\/0062\/6052\/3111\/files\/3724_ES_box_2021-0108_left.png?v=1629135353\" alt=\"Inversor de corriente Wagan Tech SlimLine\" \/><\/center><span>\u00a1Compacto y potente!\u00a03 salidas de CA con TrueRated Power\u2122.\u00a0\u00a12000 vatios continuos, sin excepciones!<\/span><\/p>\n<p><strong><span>Inversor Wagan Tech SlimLine 2000 Watt<\/span><\/strong><br \/>\n<span>Nuestro inversor SlimLine 2000W es de alto rendimiento, compacto y delgado;\u00a0de ah\u00ed la raz\u00f3n por la que se encuentra en nuestra familia Slimline de inversores de potencia.\u00a0Hemos denominado a esta l\u00ednea &#8220;Slimline&#8221; porque todos los inversores son de alto rendimiento pero lo m\u00e1s delgados y compactos posible.<\/span><\/p>\n<p><strong><span>Caracter\u00edsticas<\/span><\/strong><br \/>\n<span>Siguiendo el ejemplo de su hermano mayor, el inversor SlimLine 2000W es peque\u00f1o en tama\u00f1o, pero ofrece un gran rendimiento.\u00a02000 vatios de potencia TrueRated, 3 recept\u00e1culos de CA (toma de corriente de pared) como los que encontrar\u00eda en su hogar, ventiladores de enfriamiento t\u00e9rmico y una gran cantidad de dispositivos de seguridad incorporados, \u00a1el inversor SlimLine de 2000 W es exactamente lo que ha estado buscando!<\/span><\/p>\n<p><strong><span>Detalles de los componentes frontales<\/span><\/strong><br \/>\n<span>En la parte frontal del inversor SlimLine de 2000 W, encontrar\u00e1 3 tomacorrientes de CA est\u00e1ndar de EE. UU. de 3 clavijas, puerto remoto, luz LED de falla roja, luz LED de alimentaci\u00f3n verde, rejillas de ventilaci\u00f3n, interruptor de alimentaci\u00f3n y la brida de montaje frontal.<\/span><\/p>\n<p><strong><span>Detalles de los componentes traseros<\/span><\/strong><br \/>\n<span>La parte trasera del inversor SlimLine de 2000 W ofrece: terminal de bater\u00eda roscado negro (negativo), terminal de bater\u00eda roscado rojo (positivo), terminal de uni\u00f3n de neutro a tierra (tuerca de mariposa), brida de montaje y los dos ventiladores de enfriamiento t\u00e9rmico.<\/span><\/p>\n<p><strong><span>TrueRated Power<\/span><\/strong><br \/>\n<span>TrueRated Power es el t\u00e9rmino acu\u00f1ado por Wagan Tech para la verdad en la publicidad y el rendimiento.\u00a0En pocas palabras, nuestros inversores TrueRated se prueban a plena carga (el n\u00famero impreso en el inversor) y mantendr\u00e1n esa carga de forma continua durante 24 horas.<\/span><\/p>\n<p><span>Por ejemplo, nuestro inversor SlimLine de 500 vatios funcionar\u00e1 durante 24 horas seguidas con una carga de 500 vatios.\u00a0Nuestros candidatos afirman &#8220;vataje continuo&#8221; cuando, de hecho, la mayor\u00eda solo tiene una potencia nominal de 20 minutos de vataje continuo.\u00a0Despu\u00e9s de 20 minutos, la potencia de salida de los competidores se reducir\u00e1 hasta en un 25 % de su potencia declarada (en un inversor de 500 vatios, \u00a1eso puede significar una p\u00e9rdida de 125 vatios!).<\/span><\/p>\n<p><img decoding=\"async\" src=\"https:\/\/cdn.shopify.com\/s\/files\/1\/0062\/6052\/3111\/files\/TrueRated_Graph_Editedx1000.png?v=1662669027\" alt=\"gr\u00e1fico de clasificaci\u00f3n verdadera\" \/><\/p>\n<p><strong><span>\u00bfEs este el inversor adecuado para usted?<\/span><\/strong><br \/>\n<span>Si tiene problemas para decidir qu\u00e9 inversor es el adecuado para sus necesidades o tiene problemas para comprender la confusa nomenclatura de los inversores, consulte nuestro<\/span><a tabindex=\"0\" title=\"\u00bfQu\u00e9 es un inversor de corriente y qu\u00e9 inversor necesito?  \u00bfQu\u00e9 hace un inversor de corriente?\" href=\"https:\/\/wagan.com\/blogs\/news\/video-what-is-a-power-inverter-and-which-inverter-do-i-need-what-does-a-power-inverter-do\" target=\"_blank\" rel=\"noopener noreferrer\"><span>blog de inversores<\/span><\/a><span>para obtener una mejor comprensi\u00f3n de lo que est\u00e1 buscando.<\/span><a tabindex=\"0\" title=\"\u00bfQu\u00e9 es un inversor de corriente y qu\u00e9 inversor necesito?  \u00bfQu\u00e9 hace un inversor de corriente?\" href=\"https:\/\/wagan.com\/blogs\/news\/video-what-is-a-power-inverter-and-which-inverter-do-i-need-what-does-a-power-inverter-do\" target=\"_blank\" rel=\"noopener noreferrer\"><span>\u00a1Haga clic aqu\u00ed!<\/span><\/a><\/p>\n<p><strong><span>Aplicaciones de 2000 vatios<\/span><\/strong><br \/>\n<span>En su veh\u00edculo, bote, motocicleta, RV, cami\u00f3n, Camper, puerta trasera, campamento, juegos de f\u00fatbol para ni\u00f1os o en cualquier lugar donde necesite convertir la energ\u00eda de CC (bater\u00eda) en energ\u00eda de CA (dom\u00e9stica) es donde el inversor SlimLine 2000W \u00a1brillar\u00e1!\u00a02000 vatios continuos significa que puede hacer funcionar su electrodom\u00e9stico sin preocuparse de que el inversor SlimLine 2000W lo decepcione como inversores menores.\u00a0\u00a1La licuadora, el televisor, los sistemas de juegos, el refrigerador, el microondas, la computadora, los electrodom\u00e9sticos de cocina y otros aparatos electr\u00f3nicos dom\u00e9sticos pueden funcionar!*<\/span><\/p>\n<p><strong><span>Lista r\u00e1pida de funciones<\/span><\/strong><\/p>\n<ul>\n<li><span>Potencia real nominal continua de 2000 vatios<\/span><\/li>\n<li><span>Potencia de sobretensi\u00f3n de 4500 vatios<\/span><\/li>\n<li><span>Protecciones de seguridad incorporadas<\/span><\/li>\n<li><span>Enfriado por ventilador t\u00e9rmico doble<\/span><\/li>\n<li><span>Alarma de bater\u00eda baja + apagado autom\u00e1tico<\/span><\/li>\n<li><span>Puntos de montaje incorporados<\/span><\/li>\n<li><span>Neutro a tierra conectado\/tierra verdadera<\/span><\/li>\n<\/ul>\n","protected":false},"excerpt":{"rendered":"<p>Potencia real nominal continua de 2000 vatios<br \/>\nPotencia de sobretensi\u00f3n de 4500 vatios<br \/>\nProtecciones de seguridad incorporadas<br \/>\nEnfriado por ventilador t\u00e9rmico doble<br \/>\nAlarma de bater\u00eda baja + apagado autom\u00e1tico<br \/>\nPuntos de montaje incorporados<br \/>\nNeutro a tierra conectado\/tierra verdadera<\/p>\n","protected":false},"featured_media":11891,"comment_status":"open","ping_status":"closed","template":"","meta":{"jetpack_publicize_message":"","jetpack_publicize_feature_enabled":true,"jetpack_social_post_already_shared":true,"jetpack_social_options":{"image_generator_settings":{"template":"highway","default_image_id":0,"font":"","enabled":false},"version":2}},"pwb-brand":[170],"product_brand":[],"product_cat":[226],"product_tag":[],"class_list":{"0":"post-11888","1":"product","2":"type-product","3":"status-publish","4":"has-post-thumbnail","6":"pwb-brand-wagan","7":"product_cat-inversor","9":"first","10":"instock","11":"taxable","12":"shipping-taxable","13":"purchasable","14":"product-type-simple"},"yoast_head":"<!-- This site is optimized with the Yoast SEO Premium plugin v25.7.1 (Yoast SEO v26.8) - https:\/\/yoast.com\/product\/yoast-seo-premium-wordpress\/ -->\n<title>Inversor de CA de 2000W SlimLine Wagam - Mivoot<\/title>\n<meta name=\"robots\" content=\"index, follow, max-snippet:-1, max-image-preview:large, max-video-preview:-1\" \/>\n<link rel=\"canonical\" href=\"https:\/\/mivoot.com\/gt\/producto\/inversor-de-ca-de-2000w-slimline-wagam\/\" \/>\n<meta property=\"og:locale\" content=\"es_ES\" \/>\n<meta property=\"og:type\" content=\"article\" \/>\n<meta property=\"og:title\" content=\"Inversor de CA de 2000W SlimLine Wagam\" \/>\n<meta property=\"og:description\" content=\"Potencia real nominal continua de 2000 vatios Potencia de sobretensi\u00f3n de 4500 vatios Protecciones de seguridad incorporadas Enfriado por ventilador t\u00e9rmico doble Alarma de bater\u00eda baja + apagado autom\u00e1tico Puntos de montaje incorporados Neutro a tierra conectado\/tierra verdadera\" \/>\n<meta property=\"og:url\" content=\"https:\/\/mivoot.com\/gt\/producto\/inversor-de-ca-de-2000w-slimline-wagam\/\" \/>\n<meta property=\"og:site_name\" content=\"Mivoot\" \/>\n<meta property=\"article:publisher\" content=\"https:\/\/www.facebook.com\/mivootgt\" \/>\n<meta property=\"article:modified_time\" content=\"2023-02-27T01:24:34+00:00\" \/>\n<meta property=\"og:image\" content=\"https:\/\/mivoot.com\/gt\/wp-content\/uploads\/2023\/02\/3724_product_main_1024x1024@2x.webp\" \/>\n\t<meta property=\"og:image:width\" content=\"2048\" \/>\n\t<meta property=\"og:image:height\" content=\"2048\" \/>\n\t<meta property=\"og:image:type\" content=\"image\/webp\" \/>\n<meta name=\"twitter:card\" content=\"summary_large_image\" \/>\n<meta name=\"twitter:label1\" content=\"Est. reading time\" \/>\n\t<meta name=\"twitter:data1\" content=\"3 minutos\" \/>\n<script type=\"application\/ld+json\" class=\"yoast-schema-graph\">{\"@context\":\"https:\/\/schema.org\",\"@graph\":[{\"@type\":\"WebPage\",\"@id\":\"https:\/\/mivoot.com\/gt\/producto\/inversor-de-ca-de-2000w-slimline-wagam\/\",\"url\":\"https:\/\/mivoot.com\/gt\/producto\/inversor-de-ca-de-2000w-slimline-wagam\/\",\"name\":\"Inversor de CA de 2000W SlimLine Wagam - Mivoot\",\"isPartOf\":{\"@id\":\"https:\/\/mivoot.com\/gt\/#website\"},\"primaryImageOfPage\":{\"@id\":\"https:\/\/mivoot.com\/gt\/producto\/inversor-de-ca-de-2000w-slimline-wagam\/#primaryimage\"},\"image\":{\"@id\":\"https:\/\/mivoot.com\/gt\/producto\/inversor-de-ca-de-2000w-slimline-wagam\/#primaryimage\"},\"thumbnailUrl\":\"https:\/\/mivoot.com\/gt\/wp-content\/uploads\/2023\/02\/3724_product_main_1024x1024@2x.webp\",\"datePublished\":\"2023-02-10T23:25:06+00:00\",\"dateModified\":\"2023-02-27T01:24:34+00:00\",\"breadcrumb\":{\"@id\":\"https:\/\/mivoot.com\/gt\/producto\/inversor-de-ca-de-2000w-slimline-wagam\/#breadcrumb\"},\"inLanguage\":\"es\",\"potentialAction\":[{\"@type\":\"ReadAction\",\"target\":[\"https:\/\/mivoot.com\/gt\/producto\/inversor-de-ca-de-2000w-slimline-wagam\/\"]}]},{\"@type\":\"ImageObject\",\"inLanguage\":\"es\",\"@id\":\"https:\/\/mivoot.com\/gt\/producto\/inversor-de-ca-de-2000w-slimline-wagam\/#primaryimage\",\"url\":\"https:\/\/mivoot.com\/gt\/wp-content\/uploads\/2023\/02\/3724_product_main_1024x1024@2x.webp\",\"contentUrl\":\"https:\/\/mivoot.com\/gt\/wp-content\/uploads\/2023\/02\/3724_product_main_1024x1024@2x.webp\",\"width\":2048,\"height\":2048},{\"@type\":\"BreadcrumbList\",\"@id\":\"https:\/\/mivoot.com\/gt\/producto\/inversor-de-ca-de-2000w-slimline-wagam\/#breadcrumb\",\"itemListElement\":[{\"@type\":\"ListItem\",\"position\":1,\"name\":\"Inicio\",\"item\":\"https:\/\/mivoot.com\/gt\/\"},{\"@type\":\"ListItem\",\"position\":2,\"name\":\"Productos\",\"item\":\"https:\/\/mivoot.com\/gt\/producto\/\"},{\"@type\":\"ListItem\",\"position\":3,\"name\":\"Wagan\",\"item\":\"https:\/\/mivoot.com\/gt\/marca\/wagan\/\"},{\"@type\":\"ListItem\",\"position\":4,\"name\":\"Inversor de CA de 2000W SlimLine Wagam\"}]},{\"@type\":\"WebSite\",\"@id\":\"https:\/\/mivoot.com\/gt\/#website\",\"url\":\"https:\/\/mivoot.com\/gt\/\",\"name\":\"Mivoot\",\"description\":\"Mivoot Guatemala | Tienda Online\",\"publisher\":{\"@id\":\"https:\/\/mivoot.com\/gt\/#organization\"},\"alternateName\":\"mivoot\",\"potentialAction\":[{\"@type\":\"SearchAction\",\"target\":{\"@type\":\"EntryPoint\",\"urlTemplate\":\"https:\/\/mivoot.com\/gt\/?s={search_term_string}\"},\"query-input\":{\"@type\":\"PropertyValueSpecification\",\"valueRequired\":true,\"valueName\":\"search_term_string\"}}],\"inLanguage\":\"es\"},{\"@type\":\"Organization\",\"@id\":\"https:\/\/mivoot.com\/gt\/#organization\",\"name\":\"Mivoot Guatemala\",\"alternateName\":\"mivoot.com\",\"url\":\"https:\/\/mivoot.com\/gt\/\",\"logo\":{\"@type\":\"ImageObject\",\"inLanguage\":\"es\",\"@id\":\"https:\/\/mivoot.com\/gt\/#\/schema\/logo\/image\/\",\"url\":\"https:\/\/mivoot.com\/gt\/wp-content\/uploads\/2023\/03\/cropped-icon.png\",\"contentUrl\":\"https:\/\/mivoot.com\/gt\/wp-content\/uploads\/2023\/03\/cropped-icon.png\",\"width\":512,\"height\":512,\"caption\":\"Mivoot Guatemala\"},\"image\":{\"@id\":\"https:\/\/mivoot.com\/gt\/#\/schema\/logo\/image\/\"},\"sameAs\":[\"https:\/\/www.facebook.com\/mivootgt\",\"https:\/\/instagram.com\/mivoot\"]}]}<\/script>\n<!-- \/ Yoast SEO Premium plugin. -->","yoast_head_json":{"title":"Inversor de CA de 2000W SlimLine Wagam - Mivoot","robots":{"index":"index","follow":"follow","max-snippet":"max-snippet:-1","max-image-preview":"max-image-preview:large","max-video-preview":"max-video-preview:-1"},"canonical":"https:\/\/mivoot.com\/gt\/producto\/inversor-de-ca-de-2000w-slimline-wagam\/","og_locale":"es_ES","og_type":"article","og_title":"Inversor de CA de 2000W SlimLine Wagam","og_description":"Potencia real nominal continua de 2000 vatios Potencia de sobretensi\u00f3n de 4500 vatios Protecciones de seguridad incorporadas Enfriado por ventilador t\u00e9rmico doble Alarma de bater\u00eda baja + apagado autom\u00e1tico Puntos de montaje incorporados Neutro a tierra conectado\/tierra verdadera","og_url":"https:\/\/mivoot.com\/gt\/producto\/inversor-de-ca-de-2000w-slimline-wagam\/","og_site_name":"Mivoot","article_publisher":"https:\/\/www.facebook.com\/mivootgt","article_modified_time":"2023-02-27T01:24:34+00:00","og_image":[{"width":2048,"height":2048,"url":"https:\/\/mivoot.com\/gt\/wp-content\/uploads\/2023\/02\/3724_product_main_1024x1024@2x.webp","type":"image\/webp"}],"twitter_card":"summary_large_image","twitter_misc":{"Est. reading time":"3 minutos"},"schema":{"@context":"https:\/\/schema.org","@graph":[{"@type":"WebPage","@id":"https:\/\/mivoot.com\/gt\/producto\/inversor-de-ca-de-2000w-slimline-wagam\/","url":"https:\/\/mivoot.com\/gt\/producto\/inversor-de-ca-de-2000w-slimline-wagam\/","name":"Inversor de CA de 2000W SlimLine Wagam - Mivoot","isPartOf":{"@id":"https:\/\/mivoot.com\/gt\/#website"},"primaryImageOfPage":{"@id":"https:\/\/mivoot.com\/gt\/producto\/inversor-de-ca-de-2000w-slimline-wagam\/#primaryimage"},"image":{"@id":"https:\/\/mivoot.com\/gt\/producto\/inversor-de-ca-de-2000w-slimline-wagam\/#primaryimage"},"thumbnailUrl":"https:\/\/mivoot.com\/gt\/wp-content\/uploads\/2023\/02\/3724_product_main_1024x1024@2x.webp","datePublished":"2023-02-10T23:25:06+00:00","dateModified":"2023-02-27T01:24:34+00:00","breadcrumb":{"@id":"https:\/\/mivoot.com\/gt\/producto\/inversor-de-ca-de-2000w-slimline-wagam\/#breadcrumb"},"inLanguage":"es","potentialAction":[{"@type":"ReadAction","target":["https:\/\/mivoot.com\/gt\/producto\/inversor-de-ca-de-2000w-slimline-wagam\/"]}]},{"@type":"ImageObject","inLanguage":"es","@id":"https:\/\/mivoot.com\/gt\/producto\/inversor-de-ca-de-2000w-slimline-wagam\/#primaryimage","url":"https:\/\/mivoot.com\/gt\/wp-content\/uploads\/2023\/02\/3724_product_main_1024x1024@2x.webp","contentUrl":"https:\/\/mivoot.com\/gt\/wp-content\/uploads\/2023\/02\/3724_product_main_1024x1024@2x.webp","width":2048,"height":2048},{"@type":"BreadcrumbList","@id":"https:\/\/mivoot.com\/gt\/producto\/inversor-de-ca-de-2000w-slimline-wagam\/#breadcrumb","itemListElement":[{"@type":"ListItem","position":1,"name":"Inicio","item":"https:\/\/mivoot.com\/gt\/"},{"@type":"ListItem","position":2,"name":"Productos","item":"https:\/\/mivoot.com\/gt\/producto\/"},{"@type":"ListItem","position":3,"name":"Wagan","item":"https:\/\/mivoot.com\/gt\/marca\/wagan\/"},{"@type":"ListItem","position":4,"name":"Inversor de CA de 2000W SlimLine Wagam"}]},{"@type":"WebSite","@id":"https:\/\/mivoot.com\/gt\/#website","url":"https:\/\/mivoot.com\/gt\/","name":"Mivoot","description":"Mivoot Guatemala | Tienda Online","publisher":{"@id":"https:\/\/mivoot.com\/gt\/#organization"},"alternateName":"mivoot","potentialAction":[{"@type":"SearchAction","target":{"@type":"EntryPoint","urlTemplate":"https:\/\/mivoot.com\/gt\/?s={search_term_string}"},"query-input":{"@type":"PropertyValueSpecification","valueRequired":true,"valueName":"search_term_string"}}],"inLanguage":"es"},{"@type":"Organization","@id":"https:\/\/mivoot.com\/gt\/#organization","name":"Mivoot Guatemala","alternateName":"mivoot.com","url":"https:\/\/mivoot.com\/gt\/","logo":{"@type":"ImageObject","inLanguage":"es","@id":"https:\/\/mivoot.com\/gt\/#\/schema\/logo\/image\/","url":"https:\/\/mivoot.com\/gt\/wp-content\/uploads\/2023\/03\/cropped-icon.png","contentUrl":"https:\/\/mivoot.com\/gt\/wp-content\/uploads\/2023\/03\/cropped-icon.png","width":512,"height":512,"caption":"Mivoot Guatemala"},"image":{"@id":"https:\/\/mivoot.com\/gt\/#\/schema\/logo\/image\/"},"sameAs":["https:\/\/www.facebook.com\/mivootgt","https:\/\/instagram.com\/mivoot"]}]}},"jetpack_publicize_connections":[],"jetpack_sharing_enabled":true,"brands":[{"id":170,"name":"Wagan","slug":"wagan"}],"_links":{"self":[{"href":"https:\/\/mivoot.com\/gt\/wp-json\/wp\/v2\/product\/11888","targetHints":{"allow":["GET"]}}],"collection":[{"href":"https:\/\/mivoot.com\/gt\/wp-json\/wp\/v2\/product"}],"about":[{"href":"https:\/\/mivoot.com\/gt\/wp-json\/wp\/v2\/types\/product"}],"replies":[{"embeddable":true,"href":"https:\/\/mivoot.com\/gt\/wp-json\/wp\/v2\/comments?post=11888"}],"version-history":[{"count":1,"href":"https:\/\/mivoot.com\/gt\/wp-json\/wp\/v2\/product\/11888\/revisions"}],"predecessor-version":[{"id":11894,"href":"https:\/\/mivoot.com\/gt\/wp-json\/wp\/v2\/product\/11888\/revisions\/11894"}],"wp:featuredmedia":[{"embeddable":true,"href":"https:\/\/mivoot.com\/gt\/wp-json\/wp\/v2\/media\/11891"}],"wp:attachment":[{"href":"https:\/\/mivoot.com\/gt\/wp-json\/wp\/v2\/media?parent=11888"}],"wp:term":[{"taxonomy":"pwb-brand","embeddable":true,"href":"https:\/\/mivoot.com\/gt\/wp-json\/wp\/v2\/pwb-brand?post=11888"},{"taxonomy":"product_brand","embeddable":true,"href":"https:\/\/mivoot.com\/gt\/wp-json\/wp\/v2\/product_brand?post=11888"},{"taxonomy":"product_cat","embeddable":true,"href":"https:\/\/mivoot.com\/gt\/wp-json\/wp\/v2\/product_cat?post=11888"},{"taxonomy":"product_tag","embeddable":true,"href":"https:\/\/mivoot.com\/gt\/wp-json\/wp\/v2\/product_tag?post=11888"}],"curies":[{"name":"wp","href":"https:\/\/api.w.org\/{rel}","templated":true}]}}