{"id":11976,"date":"2023-02-26T20:15:05","date_gmt":"2023-02-27T02:15:05","guid":{"rendered":"https:\/\/mivoot.com\/gt\/?post_type=product&#038;p=11976"},"modified":"2026-03-25T11:25:43","modified_gmt":"2026-03-25T17:25:43","slug":"lector-de-huella-usb-hid-u-are-u-4500","status":"publish","type":"product","link":"https:\/\/mivoot.com\/gt\/producto\/lector-de-huella-usb-hid-u-are-u-4500\/","title":{"rendered":"Lector de Huella USB HID U.are.U 4500"},"content":{"rendered":"<h2>URU4500 HID Lector USB para Autentificacion Unidactilar \/ Incluye SDK para Desarrollos<\/h2>\n<p>El lector de huellas dactilares U.are.U 4500 es un perif\u00e9rico perfecto para los usuarios\u00a0individuales de escritorio as\u00ed como para usuarios m\u00faltiples en ambientes compartidos.<\/p>\n<p>U.r.U 4500 es utilizado en diferentes sectores que van desde tiendas de conveniencia retails hasta Instituciones Financieras. Gracias a su tecnolog\u00eda de escaneo logra una calidad e imagen de huellas dactilares excelente. Es sencillo y seguro de utilizar ya que el lector captura y cifra la imagen de la huella de manera r\u00e1pida y autom\u00e1tica.<\/p>\n<p>El lector de huella U.are.U. 4500 is un dispositivo potente y al mismo tiempo elegante dise\u00f1ado para la identificaci\u00f3n de personas por medio de la huella. Su dise\u00f1o compacto permite adecuarse a entornos de oficina con espacios reducidos, permaneciendo en su lugar, sin problemas, gracias a su cubierta inferior especial que evita que resbale.<\/p>\n<p>U.are.U irradia un brillo azul que proporciona presencia inintrusiva en entornos con bajos niveles de luz que no afectan lugares que cuentan con otras fuentes de iluminaci\u00f3n importantes, como es el caso de las luces de alarma en instituciones de cuidado de la salud.<\/p>\n<p>Para usarlo, simplemente coloque el dedo en la ventana transparente, y el lector, de manera r\u00e1pida y autom\u00e1tica, escanear\u00e1 la huella. Para mayor retroalimentaci\u00f3n, una luz roja indica que la imagen de huella ha sido capturada. La calibraci\u00f3n y transferencia de datos sobre la interfaz USB se realiza de manera autom\u00e1tica gracias a los componentes electr\u00f3nicos incorporados.<\/p>\n<p>Los lectores DigitalPersona utilizan tecnolog\u00eda \u00f3ptica de escaneo de huella para ofrecer im\u00e1genes de alta calidad, amplia \u00e1rea de captura y confiabilidad superior. El lector U.are.U 4500 y el Motor de Reconocimiento de Huella de Digital Persona\u00ae tienen una habilidad sin comparaci\u00f3n para autentificar incluso las huellas m\u00e1s complejas de manera exacta y r\u00e1pida, independientemente del \u00e1ngulo de colocaci\u00f3n del dedo.<\/p>\n<p><strong>Caracter\u00edsticas clave:<\/strong><\/p>\n<ul>\n<li>Factor de Forma Peque\u00f1a<\/li>\n<li>Excelente calidad de imagen<\/li>\n<li>Captura r\u00e1pida de im\u00e1genes<\/li>\n<li>Datos de huellas dactilares encriptados<\/li>\n<li>Compatible con los SDK biom\u00e9tricos de DigitalPersona<\/li>\n<\/ul>\n<p>El lector de huellas dactilares DigitalPersona 4500 est\u00e1 dise\u00f1ado para usarse con una gama completa de software HID Global, incluidas nuestras soluciones de autenticaci\u00f3n, as\u00ed como la mayor\u00eda de nuestros kits de desarrollo de software SDK biom\u00e9trico DigitalPersona.\u00a0Ya sea que sea un cliente empresarial o un integrador de sistemas, las soluciones de verificaci\u00f3n de identidad biom\u00e9trica de HID brindan una extensi\u00f3n natural para su sistema y aplicaciones de seguridad.<\/p>\n<h3>Drivers<\/h3>\n<p><a href=\"https:\/\/www.mediafire.com\/file\/7zmrd23nq020ge2\/HID4500_wbf_driver_5.0.0.5-MIVOOT.zip\/file\"><img decoding=\"async\" class=\"alignnone size-full wp-image-12772\" src=\"https:\/\/mivoot.com\/gt\/wp-content\/uploads\/2023\/03\/ICON-1-e1679426421597.png\" alt=\"\" width=\"45\" height=\"45\" \/><\/a>\u00a0 Descarga el Software HID<\/p>\n","protected":false},"excerpt":{"rendered":"<p>&#8211; Technology Optical fingerprint scanning<br \/>\n&#8211; DigitalPersona Fingerprint Image HID Nuevo logo<br \/>\n&#8211; Resoluci\u00f3n: 512 PPP \/ 512dpi<br \/>\n&#8211; \u00c1rea de captura de escaneo: 14.6 mm y 18 mm (longitud nominal) +-\/ 3 mm<br \/>\n&#8211; Compatible con USB 1.0 1.1 y 2.0<br \/>\n&#8211; Escala de frises de 8 bits (256 niveles de gris)<br \/>\n&#8211; Tipo de sensor: \u00f3ptico<br \/>\n&#8211; Cumplimiento de normas FCC Clase B , CE, ICES, BSMI, MIC, USB, WHQL.<br \/>\n&#8211; Voltaje de Alimentaci\u00f3n: 5 V 100 mA<br \/>\n&#8211; Dimensiones: 65 x 36 mm.<br \/>\n&#8211; Peso: 105 g<\/p>\n<p>Ideal para Traspasos en SAT &#8211; Cajas Rurales &#8211; Inicios de Sesi\u00f3n &#8211; Autenticaci\u00f3n<\/p>\n","protected":false},"featured_media":11981,"comment_status":"open","ping_status":"closed","template":"","meta":{"jetpack_publicize_message":"","jetpack_publicize_feature_enabled":true,"jetpack_social_post_already_shared":true,"jetpack_social_options":{"image_generator_settings":{"template":"highway","default_image_id":0,"font":"","enabled":false},"version":2}},"pwb-brand":[420],"product_brand":[],"product_cat":[19,371],"product_tag":[],"class_list":{"0":"post-11976","1":"product","2":"type-product","3":"status-publish","4":"has-post-thumbnail","6":"pwb-brand-hid","7":"product_cat-control-de-acceso","8":"product_cat-control-de-acceso-accesorios","10":"first","11":"instock","12":"taxable","13":"shipping-taxable","14":"purchasable","15":"product-type-simple"},"yoast_head":"<!-- This site is optimized with the Yoast SEO Premium plugin v25.7.1 (Yoast SEO v26.8) - https:\/\/yoast.com\/product\/yoast-seo-premium-wordpress\/ -->\n<title>Lector de Huella USB HID U.are.U 4500 - Mivoot<\/title>\n<meta name=\"robots\" content=\"index, follow, max-snippet:-1, max-image-preview:large, max-video-preview:-1\" \/>\n<link rel=\"canonical\" href=\"https:\/\/mivoot.com\/gt\/producto\/lector-de-huella-usb-hid-u-are-u-4500\/\" \/>\n<meta property=\"og:locale\" content=\"es_ES\" \/>\n<meta property=\"og:type\" content=\"article\" \/>\n<meta property=\"og:title\" content=\"Lector de Huella USB HID U.are.U 4500 - Mivoot\" \/>\n<meta property=\"og:description\" content=\"- Technology Optical fingerprint scanning - DigitalPersona Fingerprint Image HID Nuevo logo - Resoluci\u00f3n: 512 PPP \/ 512dpi - \u00c1rea de captura de escaneo: 14.6 mm y 18 mm (longitud nominal) +-\/ 3 mm - Compatible con USB 1.0 1.1 y 2.0 - Escala de frises de 8 bits (256 niveles de gris) - Tipo de sensor: \u00f3ptico - Cumplimiento de normas FCC Clase B , CE, ICES, BSMI, MIC, USB, WHQL. - Voltaje de Alimentaci\u00f3n: 5 V 100 mA - Dimensiones: 65 x 36 mm. - Peso: 105 g  Ideal para Traspasos en SAT - Cajas Rurales - Inicios de Sesi\u00f3n - Autenticaci\u00f3n\" \/>\n<meta property=\"og:url\" content=\"https:\/\/mivoot.com\/gt\/producto\/lector-de-huella-usb-hid-u-are-u-4500\/\" \/>\n<meta property=\"og:site_name\" content=\"Mivoot\" \/>\n<meta property=\"article:publisher\" content=\"https:\/\/www.facebook.com\/mivootgt\" \/>\n<meta property=\"article:modified_time\" content=\"2026-03-25T17:25:43+00:00\" \/>\n<meta property=\"og:image\" content=\"https:\/\/mivoot.com\/gt\/wp-content\/uploads\/2023\/02\/UB1250-1.png\" \/>\n\t<meta property=\"og:image:width\" content=\"280\" \/>\n\t<meta property=\"og:image:height\" content=\"240\" \/>\n\t<meta property=\"og:image:type\" content=\"image\/png\" \/>\n<meta name=\"twitter:card\" content=\"summary_large_image\" \/>\n<meta name=\"twitter:label1\" content=\"Est. reading time\" \/>\n\t<meta name=\"twitter:data1\" content=\"3 minutos\" \/>\n<script type=\"application\/ld+json\" class=\"yoast-schema-graph\">{\"@context\":\"https:\/\/schema.org\",\"@graph\":[{\"@type\":\"WebPage\",\"@id\":\"https:\/\/mivoot.com\/gt\/producto\/lector-de-huella-usb-hid-u-are-u-4500\/\",\"url\":\"https:\/\/mivoot.com\/gt\/producto\/lector-de-huella-usb-hid-u-are-u-4500\/\",\"name\":\"Lector de Huella USB HID U.are.U 4500 - Mivoot\",\"isPartOf\":{\"@id\":\"https:\/\/mivoot.com\/gt\/#website\"},\"primaryImageOfPage\":{\"@id\":\"https:\/\/mivoot.com\/gt\/producto\/lector-de-huella-usb-hid-u-are-u-4500\/#primaryimage\"},\"image\":{\"@id\":\"https:\/\/mivoot.com\/gt\/producto\/lector-de-huella-usb-hid-u-are-u-4500\/#primaryimage\"},\"thumbnailUrl\":\"https:\/\/mivoot.com\/gt\/wp-content\/uploads\/2023\/02\/UB1250-1.png\",\"datePublished\":\"2023-02-27T02:15:05+00:00\",\"dateModified\":\"2026-03-25T17:25:43+00:00\",\"breadcrumb\":{\"@id\":\"https:\/\/mivoot.com\/gt\/producto\/lector-de-huella-usb-hid-u-are-u-4500\/#breadcrumb\"},\"inLanguage\":\"es\",\"potentialAction\":[{\"@type\":\"ReadAction\",\"target\":[\"https:\/\/mivoot.com\/gt\/producto\/lector-de-huella-usb-hid-u-are-u-4500\/\"]}]},{\"@type\":\"ImageObject\",\"inLanguage\":\"es\",\"@id\":\"https:\/\/mivoot.com\/gt\/producto\/lector-de-huella-usb-hid-u-are-u-4500\/#primaryimage\",\"url\":\"https:\/\/mivoot.com\/gt\/wp-content\/uploads\/2023\/02\/UB1250-1.png\",\"contentUrl\":\"https:\/\/mivoot.com\/gt\/wp-content\/uploads\/2023\/02\/UB1250-1.png\",\"width\":280,\"height\":240},{\"@type\":\"BreadcrumbList\",\"@id\":\"https:\/\/mivoot.com\/gt\/producto\/lector-de-huella-usb-hid-u-are-u-4500\/#breadcrumb\",\"itemListElement\":[{\"@type\":\"ListItem\",\"position\":1,\"name\":\"Inicio\",\"item\":\"https:\/\/mivoot.com\/gt\/\"},{\"@type\":\"ListItem\",\"position\":2,\"name\":\"Productos\",\"item\":\"https:\/\/mivoot.com\/gt\/producto\/\"},{\"@type\":\"ListItem\",\"position\":3,\"name\":\"HID\",\"item\":\"https:\/\/mivoot.com\/gt\/marca\/hid\/\"},{\"@type\":\"ListItem\",\"position\":4,\"name\":\"Lector de Huella USB HID U.are.U 4500\"}]},{\"@type\":\"WebSite\",\"@id\":\"https:\/\/mivoot.com\/gt\/#website\",\"url\":\"https:\/\/mivoot.com\/gt\/\",\"name\":\"Mivoot\",\"description\":\"Mivoot Guatemala | Tienda Online\",\"publisher\":{\"@id\":\"https:\/\/mivoot.com\/gt\/#organization\"},\"alternateName\":\"mivoot\",\"potentialAction\":[{\"@type\":\"SearchAction\",\"target\":{\"@type\":\"EntryPoint\",\"urlTemplate\":\"https:\/\/mivoot.com\/gt\/?s={search_term_string}\"},\"query-input\":{\"@type\":\"PropertyValueSpecification\",\"valueRequired\":true,\"valueName\":\"search_term_string\"}}],\"inLanguage\":\"es\"},{\"@type\":\"Organization\",\"@id\":\"https:\/\/mivoot.com\/gt\/#organization\",\"name\":\"Mivoot Guatemala\",\"alternateName\":\"mivoot.com\",\"url\":\"https:\/\/mivoot.com\/gt\/\",\"logo\":{\"@type\":\"ImageObject\",\"inLanguage\":\"es\",\"@id\":\"https:\/\/mivoot.com\/gt\/#\/schema\/logo\/image\/\",\"url\":\"https:\/\/mivoot.com\/gt\/wp-content\/uploads\/2023\/03\/cropped-icon.png\",\"contentUrl\":\"https:\/\/mivoot.com\/gt\/wp-content\/uploads\/2023\/03\/cropped-icon.png\",\"width\":512,\"height\":512,\"caption\":\"Mivoot Guatemala\"},\"image\":{\"@id\":\"https:\/\/mivoot.com\/gt\/#\/schema\/logo\/image\/\"},\"sameAs\":[\"https:\/\/www.facebook.com\/mivootgt\",\"https:\/\/instagram.com\/mivoot\"]}]}<\/script>\n<!-- \/ Yoast SEO Premium plugin. -->","yoast_head_json":{"title":"Lector de Huella USB HID U.are.U 4500 - Mivoot","robots":{"index":"index","follow":"follow","max-snippet":"max-snippet:-1","max-image-preview":"max-image-preview:large","max-video-preview":"max-video-preview:-1"},"canonical":"https:\/\/mivoot.com\/gt\/producto\/lector-de-huella-usb-hid-u-are-u-4500\/","og_locale":"es_ES","og_type":"article","og_title":"Lector de Huella USB HID U.are.U 4500 - Mivoot","og_description":"- Technology Optical fingerprint scanning - DigitalPersona Fingerprint Image HID Nuevo logo - Resoluci\u00f3n: 512 PPP \/ 512dpi - \u00c1rea de captura de escaneo: 14.6 mm y 18 mm (longitud nominal) +-\/ 3 mm - Compatible con USB 1.0 1.1 y 2.0 - Escala de frises de 8 bits (256 niveles de gris) - Tipo de sensor: \u00f3ptico - Cumplimiento de normas FCC Clase B , CE, ICES, BSMI, MIC, USB, WHQL. - Voltaje de Alimentaci\u00f3n: 5 V 100 mA - Dimensiones: 65 x 36 mm. - Peso: 105 g  Ideal para Traspasos en SAT - Cajas Rurales - Inicios de Sesi\u00f3n - Autenticaci\u00f3n","og_url":"https:\/\/mivoot.com\/gt\/producto\/lector-de-huella-usb-hid-u-are-u-4500\/","og_site_name":"Mivoot","article_publisher":"https:\/\/www.facebook.com\/mivootgt","article_modified_time":"2026-03-25T17:25:43+00:00","og_image":[{"width":280,"height":240,"url":"https:\/\/mivoot.com\/gt\/wp-content\/uploads\/2023\/02\/UB1250-1.png","type":"image\/png"}],"twitter_card":"summary_large_image","twitter_misc":{"Est. reading time":"3 minutos"},"schema":{"@context":"https:\/\/schema.org","@graph":[{"@type":"WebPage","@id":"https:\/\/mivoot.com\/gt\/producto\/lector-de-huella-usb-hid-u-are-u-4500\/","url":"https:\/\/mivoot.com\/gt\/producto\/lector-de-huella-usb-hid-u-are-u-4500\/","name":"Lector de Huella USB HID U.are.U 4500 - Mivoot","isPartOf":{"@id":"https:\/\/mivoot.com\/gt\/#website"},"primaryImageOfPage":{"@id":"https:\/\/mivoot.com\/gt\/producto\/lector-de-huella-usb-hid-u-are-u-4500\/#primaryimage"},"image":{"@id":"https:\/\/mivoot.com\/gt\/producto\/lector-de-huella-usb-hid-u-are-u-4500\/#primaryimage"},"thumbnailUrl":"https:\/\/mivoot.com\/gt\/wp-content\/uploads\/2023\/02\/UB1250-1.png","datePublished":"2023-02-27T02:15:05+00:00","dateModified":"2026-03-25T17:25:43+00:00","breadcrumb":{"@id":"https:\/\/mivoot.com\/gt\/producto\/lector-de-huella-usb-hid-u-are-u-4500\/#breadcrumb"},"inLanguage":"es","potentialAction":[{"@type":"ReadAction","target":["https:\/\/mivoot.com\/gt\/producto\/lector-de-huella-usb-hid-u-are-u-4500\/"]}]},{"@type":"ImageObject","inLanguage":"es","@id":"https:\/\/mivoot.com\/gt\/producto\/lector-de-huella-usb-hid-u-are-u-4500\/#primaryimage","url":"https:\/\/mivoot.com\/gt\/wp-content\/uploads\/2023\/02\/UB1250-1.png","contentUrl":"https:\/\/mivoot.com\/gt\/wp-content\/uploads\/2023\/02\/UB1250-1.png","width":280,"height":240},{"@type":"BreadcrumbList","@id":"https:\/\/mivoot.com\/gt\/producto\/lector-de-huella-usb-hid-u-are-u-4500\/#breadcrumb","itemListElement":[{"@type":"ListItem","position":1,"name":"Inicio","item":"https:\/\/mivoot.com\/gt\/"},{"@type":"ListItem","position":2,"name":"Productos","item":"https:\/\/mivoot.com\/gt\/producto\/"},{"@type":"ListItem","position":3,"name":"HID","item":"https:\/\/mivoot.com\/gt\/marca\/hid\/"},{"@type":"ListItem","position":4,"name":"Lector de Huella USB HID U.are.U 4500"}]},{"@type":"WebSite","@id":"https:\/\/mivoot.com\/gt\/#website","url":"https:\/\/mivoot.com\/gt\/","name":"Mivoot","description":"Mivoot Guatemala | Tienda Online","publisher":{"@id":"https:\/\/mivoot.com\/gt\/#organization"},"alternateName":"mivoot","potentialAction":[{"@type":"SearchAction","target":{"@type":"EntryPoint","urlTemplate":"https:\/\/mivoot.com\/gt\/?s={search_term_string}"},"query-input":{"@type":"PropertyValueSpecification","valueRequired":true,"valueName":"search_term_string"}}],"inLanguage":"es"},{"@type":"Organization","@id":"https:\/\/mivoot.com\/gt\/#organization","name":"Mivoot Guatemala","alternateName":"mivoot.com","url":"https:\/\/mivoot.com\/gt\/","logo":{"@type":"ImageObject","inLanguage":"es","@id":"https:\/\/mivoot.com\/gt\/#\/schema\/logo\/image\/","url":"https:\/\/mivoot.com\/gt\/wp-content\/uploads\/2023\/03\/cropped-icon.png","contentUrl":"https:\/\/mivoot.com\/gt\/wp-content\/uploads\/2023\/03\/cropped-icon.png","width":512,"height":512,"caption":"Mivoot Guatemala"},"image":{"@id":"https:\/\/mivoot.com\/gt\/#\/schema\/logo\/image\/"},"sameAs":["https:\/\/www.facebook.com\/mivootgt","https:\/\/instagram.com\/mivoot"]}]}},"jetpack_publicize_connections":[],"jetpack_sharing_enabled":true,"brands":[{"id":420,"name":"HID","slug":"hid"}],"_links":{"self":[{"href":"https:\/\/mivoot.com\/gt\/wp-json\/wp\/v2\/product\/11976","targetHints":{"allow":["GET"]}}],"collection":[{"href":"https:\/\/mivoot.com\/gt\/wp-json\/wp\/v2\/product"}],"about":[{"href":"https:\/\/mivoot.com\/gt\/wp-json\/wp\/v2\/types\/product"}],"replies":[{"embeddable":true,"href":"https:\/\/mivoot.com\/gt\/wp-json\/wp\/v2\/comments?post=11976"}],"version-history":[{"count":4,"href":"https:\/\/mivoot.com\/gt\/wp-json\/wp\/v2\/product\/11976\/revisions"}],"predecessor-version":[{"id":19269,"href":"https:\/\/mivoot.com\/gt\/wp-json\/wp\/v2\/product\/11976\/revisions\/19269"}],"wp:featuredmedia":[{"embeddable":true,"href":"https:\/\/mivoot.com\/gt\/wp-json\/wp\/v2\/media\/11981"}],"wp:attachment":[{"href":"https:\/\/mivoot.com\/gt\/wp-json\/wp\/v2\/media?parent=11976"}],"wp:term":[{"taxonomy":"pwb-brand","embeddable":true,"href":"https:\/\/mivoot.com\/gt\/wp-json\/wp\/v2\/pwb-brand?post=11976"},{"taxonomy":"product_brand","embeddable":true,"href":"https:\/\/mivoot.com\/gt\/wp-json\/wp\/v2\/product_brand?post=11976"},{"taxonomy":"product_cat","embeddable":true,"href":"https:\/\/mivoot.com\/gt\/wp-json\/wp\/v2\/product_cat?post=11976"},{"taxonomy":"product_tag","embeddable":true,"href":"https:\/\/mivoot.com\/gt\/wp-json\/wp\/v2\/product_tag?post=11976"}],"curies":[{"name":"wp","href":"https:\/\/api.w.org\/{rel}","templated":true}]}}