{"id":12000,"date":"2023-02-27T15:51:24","date_gmt":"2023-02-27T21:51:24","guid":{"rendered":"https:\/\/mivoot.com\/gt\/?post_type=product&#038;p=12000"},"modified":"2023-03-02T14:17:35","modified_gmt":"2023-03-02T20:17:35","slug":"monitor-adicional-para-video-portero-wi-fi-zkteco","status":"publish","type":"product","link":"https:\/\/mivoot.com\/gt\/producto\/monitor-adicional-para-video-portero-wi-fi-zkteco\/","title":{"rendered":"Monitor adicional para Video Portero Wi-Fi ZKTeco"},"content":{"rendered":"<h2>Pantalla timbre anal\u00f3gico ZKTeco VT07-C02<\/h2>\n<p>&#8211; Pantalla t\u00e1ctil capacitiva de 7 pulgadas.<br \/>\n&#8211; Conexi\u00f3n Wifi 2.4G a internet.<br \/>\n&#8211; Trabajar con la aplicaci\u00f3n Tuya.<br \/>\n&#8211; Entrada de v\u00eddeo AHD\/TVI\/CVI\/CVBS.<br \/>\n&#8211; Admite tarjeta SD max.128G.<br \/>\n&#8211; Hablar\/Desbloquear\/Monitoreo\/Llamadas internas\/Transferir llamadas.<br \/>\n&#8211; Marco de fotos y reloj y mensaje de voz.<br \/>\n&#8211; Detecci\u00f3n de movimiento para 4 canales.<br \/>\n&#8211; Men\u00fa de interfaz de usuario de 3 estilos diferentes para la selecci\u00f3n.<br \/>\n&#8211; Admite 6 monitores interiores, 2 paneles de llamada, 3 Cerraduras y 2 c\u00e1maras \/Alarmas.<br \/>\n&#8211; Pl\u00e1stico ABS.<br \/>\n&#8211; Este producto es una estaci\u00f3n interior de v\u00eddeo dedicada para el kit VK07-C02.<\/p>\n","protected":false},"excerpt":{"rendered":"<p>&#8211; Pantalla t\u00e1ctil capacitiva de 7 pulgadas.<br \/>\n&#8211; Conexi\u00f3n Wifi 2.4G a internet.<br \/>\n&#8211; Trabajar con la aplicaci\u00f3n Tuya.<br \/>\n&#8211; Entrada de v\u00eddeo AHD\/TVI\/CVI\/CVBS.<br \/>\n&#8211; Admite tarjeta SD max.128G.<br \/>\n&#8211; Hablar\/Desbloquear\/Monitoreo\/Llamadas internas\/Transferir llamadas.<br \/>\n&#8211; Marco de fotos y reloj y mensaje de voz.<br \/>\n&#8211; Detecci\u00f3n de movimiento para 4 canales.<br \/>\n&#8211; Men\u00fa de interfaz de usuario de 3 estilos diferentes para la selecci\u00f3n.<br \/>\n&#8211; Admite 6 monitores interiores, 2 paneles de llamada, 3 Cerraduras y 2 c\u00e1maras \/Alarmas.<br \/>\n&#8211; Pl\u00e1stico ABS.<br \/>\n&#8211; Este producto es una estaci\u00f3n interior de v\u00eddeo dedicada para el kit VK07-C02.<\/p>\n","protected":false},"featured_media":12003,"comment_status":"open","ping_status":"closed","template":"","meta":{"jetpack_publicize_message":"","jetpack_publicize_feature_enabled":true,"jetpack_social_post_already_shared":true,"jetpack_social_options":{"image_generator_settings":{"template":"highway","default_image_id":0,"font":"","enabled":false},"version":2}},"pwb-brand":[101],"product_brand":[],"product_cat":[356],"product_tag":[],"class_list":{"0":"post-12000","1":"product","2":"type-product","3":"status-publish","4":"has-post-thumbnail","6":"pwb-brand-zkteco-guatemala","7":"product_cat-video-portero","9":"first","10":"instock","11":"taxable","12":"shipping-taxable","13":"purchasable","14":"product-type-simple"},"yoast_head":"<!-- This site is optimized with the Yoast SEO Premium plugin v25.7.1 (Yoast SEO v26.8) - https:\/\/yoast.com\/product\/yoast-seo-premium-wordpress\/ -->\n<title>Monitor adicional para Video Portero Wi-Fi ZKTeco - Mivoot<\/title>\n<meta name=\"robots\" content=\"index, follow, max-snippet:-1, max-image-preview:large, max-video-preview:-1\" \/>\n<link rel=\"canonical\" href=\"https:\/\/mivoot.com\/gt\/producto\/monitor-adicional-para-video-portero-wi-fi-zkteco\/\" \/>\n<meta property=\"og:locale\" content=\"es_ES\" \/>\n<meta property=\"og:type\" content=\"article\" \/>\n<meta property=\"og:title\" content=\"Monitor adicional para Video Portero Wi-Fi ZKTeco\" \/>\n<meta property=\"og:description\" content=\"- Pantalla t\u00e1ctil capacitiva de 7 pulgadas. - Conexi\u00f3n Wifi 2.4G a internet. - Trabajar con la aplicaci\u00f3n Tuya. - Entrada de v\u00eddeo AHD\/TVI\/CVI\/CVBS. - Admite tarjeta SD max.128G. - Hablar\/Desbloquear\/Monitoreo\/Llamadas internas\/Transferir llamadas. - Marco de fotos y reloj y mensaje de voz. - Detecci\u00f3n de movimiento para 4 canales. - Men\u00fa de interfaz de usuario de 3 estilos diferentes para la selecci\u00f3n. - Admite 6 monitores interiores, 2 paneles de llamada, 3 Cerraduras y 2 c\u00e1maras \/Alarmas. - Pl\u00e1stico ABS. - Este producto es una estaci\u00f3n interior de v\u00eddeo dedicada para el kit VK07-C02.\" \/>\n<meta property=\"og:url\" content=\"https:\/\/mivoot.com\/gt\/producto\/monitor-adicional-para-video-portero-wi-fi-zkteco\/\" \/>\n<meta property=\"og:site_name\" content=\"Mivoot\" \/>\n<meta property=\"article:publisher\" content=\"https:\/\/www.facebook.com\/mivootgt\" \/>\n<meta property=\"article:modified_time\" content=\"2023-03-02T20:17:35+00:00\" \/>\n<meta property=\"og:image\" content=\"https:\/\/mivoot.com\/gt\/wp-content\/uploads\/2023\/02\/p_67994_ZKTECO-VK07-C02-Kit.jpg\" \/>\n\t<meta property=\"og:image:width\" content=\"600\" \/>\n\t<meta property=\"og:image:height\" content=\"428\" \/>\n\t<meta property=\"og:image:type\" content=\"image\/jpeg\" \/>\n<meta name=\"twitter:card\" content=\"summary_large_image\" \/>\n<meta name=\"twitter:label1\" content=\"Est. reading time\" \/>\n\t<meta name=\"twitter:data1\" content=\"1 minuto\" \/>\n<script type=\"application\/ld+json\" class=\"yoast-schema-graph\">{\"@context\":\"https:\/\/schema.org\",\"@graph\":[{\"@type\":\"WebPage\",\"@id\":\"https:\/\/mivoot.com\/gt\/producto\/monitor-adicional-para-video-portero-wi-fi-zkteco\/\",\"url\":\"https:\/\/mivoot.com\/gt\/producto\/monitor-adicional-para-video-portero-wi-fi-zkteco\/\",\"name\":\"Monitor adicional para Video Portero Wi-Fi ZKTeco - Mivoot\",\"isPartOf\":{\"@id\":\"https:\/\/mivoot.com\/gt\/#website\"},\"primaryImageOfPage\":{\"@id\":\"https:\/\/mivoot.com\/gt\/producto\/monitor-adicional-para-video-portero-wi-fi-zkteco\/#primaryimage\"},\"image\":{\"@id\":\"https:\/\/mivoot.com\/gt\/producto\/monitor-adicional-para-video-portero-wi-fi-zkteco\/#primaryimage\"},\"thumbnailUrl\":\"https:\/\/mivoot.com\/gt\/wp-content\/uploads\/2023\/02\/p_67994_ZKTECO-VK07-C02-Kit.jpg\",\"datePublished\":\"2023-02-27T21:51:24+00:00\",\"dateModified\":\"2023-03-02T20:17:35+00:00\",\"breadcrumb\":{\"@id\":\"https:\/\/mivoot.com\/gt\/producto\/monitor-adicional-para-video-portero-wi-fi-zkteco\/#breadcrumb\"},\"inLanguage\":\"es\",\"potentialAction\":[{\"@type\":\"ReadAction\",\"target\":[\"https:\/\/mivoot.com\/gt\/producto\/monitor-adicional-para-video-portero-wi-fi-zkteco\/\"]}]},{\"@type\":\"ImageObject\",\"inLanguage\":\"es\",\"@id\":\"https:\/\/mivoot.com\/gt\/producto\/monitor-adicional-para-video-portero-wi-fi-zkteco\/#primaryimage\",\"url\":\"https:\/\/mivoot.com\/gt\/wp-content\/uploads\/2023\/02\/p_67994_ZKTECO-VK07-C02-Kit.jpg\",\"contentUrl\":\"https:\/\/mivoot.com\/gt\/wp-content\/uploads\/2023\/02\/p_67994_ZKTECO-VK07-C02-Kit.jpg\",\"width\":600,\"height\":428},{\"@type\":\"BreadcrumbList\",\"@id\":\"https:\/\/mivoot.com\/gt\/producto\/monitor-adicional-para-video-portero-wi-fi-zkteco\/#breadcrumb\",\"itemListElement\":[{\"@type\":\"ListItem\",\"position\":1,\"name\":\"Inicio\",\"item\":\"https:\/\/mivoot.com\/gt\/\"},{\"@type\":\"ListItem\",\"position\":2,\"name\":\"Productos\",\"item\":\"https:\/\/mivoot.com\/gt\/producto\/\"},{\"@type\":\"ListItem\",\"position\":3,\"name\":\"ZKTeco\",\"item\":\"https:\/\/mivoot.com\/gt\/marca\/zkteco-guatemala\/\"},{\"@type\":\"ListItem\",\"position\":4,\"name\":\"Monitor adicional para Video Portero Wi-Fi ZKTeco\"}]},{\"@type\":\"WebSite\",\"@id\":\"https:\/\/mivoot.com\/gt\/#website\",\"url\":\"https:\/\/mivoot.com\/gt\/\",\"name\":\"Mivoot\",\"description\":\"Mivoot Guatemala | Tienda Online\",\"publisher\":{\"@id\":\"https:\/\/mivoot.com\/gt\/#organization\"},\"alternateName\":\"mivoot\",\"potentialAction\":[{\"@type\":\"SearchAction\",\"target\":{\"@type\":\"EntryPoint\",\"urlTemplate\":\"https:\/\/mivoot.com\/gt\/?s={search_term_string}\"},\"query-input\":{\"@type\":\"PropertyValueSpecification\",\"valueRequired\":true,\"valueName\":\"search_term_string\"}}],\"inLanguage\":\"es\"},{\"@type\":\"Organization\",\"@id\":\"https:\/\/mivoot.com\/gt\/#organization\",\"name\":\"Mivoot Guatemala\",\"alternateName\":\"mivoot.com\",\"url\":\"https:\/\/mivoot.com\/gt\/\",\"logo\":{\"@type\":\"ImageObject\",\"inLanguage\":\"es\",\"@id\":\"https:\/\/mivoot.com\/gt\/#\/schema\/logo\/image\/\",\"url\":\"https:\/\/mivoot.com\/gt\/wp-content\/uploads\/2023\/03\/cropped-icon.png\",\"contentUrl\":\"https:\/\/mivoot.com\/gt\/wp-content\/uploads\/2023\/03\/cropped-icon.png\",\"width\":512,\"height\":512,\"caption\":\"Mivoot Guatemala\"},\"image\":{\"@id\":\"https:\/\/mivoot.com\/gt\/#\/schema\/logo\/image\/\"},\"sameAs\":[\"https:\/\/www.facebook.com\/mivootgt\",\"https:\/\/instagram.com\/mivoot\"]}]}<\/script>\n<!-- \/ Yoast SEO Premium plugin. -->","yoast_head_json":{"title":"Monitor adicional para Video Portero Wi-Fi ZKTeco - Mivoot","robots":{"index":"index","follow":"follow","max-snippet":"max-snippet:-1","max-image-preview":"max-image-preview:large","max-video-preview":"max-video-preview:-1"},"canonical":"https:\/\/mivoot.com\/gt\/producto\/monitor-adicional-para-video-portero-wi-fi-zkteco\/","og_locale":"es_ES","og_type":"article","og_title":"Monitor adicional para Video Portero Wi-Fi ZKTeco","og_description":"- Pantalla t\u00e1ctil capacitiva de 7 pulgadas. - Conexi\u00f3n Wifi 2.4G a internet. - Trabajar con la aplicaci\u00f3n Tuya. - Entrada de v\u00eddeo AHD\/TVI\/CVI\/CVBS. - Admite tarjeta SD max.128G. - Hablar\/Desbloquear\/Monitoreo\/Llamadas internas\/Transferir llamadas. - Marco de fotos y reloj y mensaje de voz. - Detecci\u00f3n de movimiento para 4 canales. - Men\u00fa de interfaz de usuario de 3 estilos diferentes para la selecci\u00f3n. - Admite 6 monitores interiores, 2 paneles de llamada, 3 Cerraduras y 2 c\u00e1maras \/Alarmas. - Pl\u00e1stico ABS. - Este producto es una estaci\u00f3n interior de v\u00eddeo dedicada para el kit VK07-C02.","og_url":"https:\/\/mivoot.com\/gt\/producto\/monitor-adicional-para-video-portero-wi-fi-zkteco\/","og_site_name":"Mivoot","article_publisher":"https:\/\/www.facebook.com\/mivootgt","article_modified_time":"2023-03-02T20:17:35+00:00","og_image":[{"width":600,"height":428,"url":"https:\/\/mivoot.com\/gt\/wp-content\/uploads\/2023\/02\/p_67994_ZKTECO-VK07-C02-Kit.jpg","type":"image\/jpeg"}],"twitter_card":"summary_large_image","twitter_misc":{"Est. reading time":"1 minuto"},"schema":{"@context":"https:\/\/schema.org","@graph":[{"@type":"WebPage","@id":"https:\/\/mivoot.com\/gt\/producto\/monitor-adicional-para-video-portero-wi-fi-zkteco\/","url":"https:\/\/mivoot.com\/gt\/producto\/monitor-adicional-para-video-portero-wi-fi-zkteco\/","name":"Monitor adicional para Video Portero Wi-Fi ZKTeco - Mivoot","isPartOf":{"@id":"https:\/\/mivoot.com\/gt\/#website"},"primaryImageOfPage":{"@id":"https:\/\/mivoot.com\/gt\/producto\/monitor-adicional-para-video-portero-wi-fi-zkteco\/#primaryimage"},"image":{"@id":"https:\/\/mivoot.com\/gt\/producto\/monitor-adicional-para-video-portero-wi-fi-zkteco\/#primaryimage"},"thumbnailUrl":"https:\/\/mivoot.com\/gt\/wp-content\/uploads\/2023\/02\/p_67994_ZKTECO-VK07-C02-Kit.jpg","datePublished":"2023-02-27T21:51:24+00:00","dateModified":"2023-03-02T20:17:35+00:00","breadcrumb":{"@id":"https:\/\/mivoot.com\/gt\/producto\/monitor-adicional-para-video-portero-wi-fi-zkteco\/#breadcrumb"},"inLanguage":"es","potentialAction":[{"@type":"ReadAction","target":["https:\/\/mivoot.com\/gt\/producto\/monitor-adicional-para-video-portero-wi-fi-zkteco\/"]}]},{"@type":"ImageObject","inLanguage":"es","@id":"https:\/\/mivoot.com\/gt\/producto\/monitor-adicional-para-video-portero-wi-fi-zkteco\/#primaryimage","url":"https:\/\/mivoot.com\/gt\/wp-content\/uploads\/2023\/02\/p_67994_ZKTECO-VK07-C02-Kit.jpg","contentUrl":"https:\/\/mivoot.com\/gt\/wp-content\/uploads\/2023\/02\/p_67994_ZKTECO-VK07-C02-Kit.jpg","width":600,"height":428},{"@type":"BreadcrumbList","@id":"https:\/\/mivoot.com\/gt\/producto\/monitor-adicional-para-video-portero-wi-fi-zkteco\/#breadcrumb","itemListElement":[{"@type":"ListItem","position":1,"name":"Inicio","item":"https:\/\/mivoot.com\/gt\/"},{"@type":"ListItem","position":2,"name":"Productos","item":"https:\/\/mivoot.com\/gt\/producto\/"},{"@type":"ListItem","position":3,"name":"ZKTeco","item":"https:\/\/mivoot.com\/gt\/marca\/zkteco-guatemala\/"},{"@type":"ListItem","position":4,"name":"Monitor adicional para Video Portero Wi-Fi ZKTeco"}]},{"@type":"WebSite","@id":"https:\/\/mivoot.com\/gt\/#website","url":"https:\/\/mivoot.com\/gt\/","name":"Mivoot","description":"Mivoot Guatemala | Tienda Online","publisher":{"@id":"https:\/\/mivoot.com\/gt\/#organization"},"alternateName":"mivoot","potentialAction":[{"@type":"SearchAction","target":{"@type":"EntryPoint","urlTemplate":"https:\/\/mivoot.com\/gt\/?s={search_term_string}"},"query-input":{"@type":"PropertyValueSpecification","valueRequired":true,"valueName":"search_term_string"}}],"inLanguage":"es"},{"@type":"Organization","@id":"https:\/\/mivoot.com\/gt\/#organization","name":"Mivoot Guatemala","alternateName":"mivoot.com","url":"https:\/\/mivoot.com\/gt\/","logo":{"@type":"ImageObject","inLanguage":"es","@id":"https:\/\/mivoot.com\/gt\/#\/schema\/logo\/image\/","url":"https:\/\/mivoot.com\/gt\/wp-content\/uploads\/2023\/03\/cropped-icon.png","contentUrl":"https:\/\/mivoot.com\/gt\/wp-content\/uploads\/2023\/03\/cropped-icon.png","width":512,"height":512,"caption":"Mivoot Guatemala"},"image":{"@id":"https:\/\/mivoot.com\/gt\/#\/schema\/logo\/image\/"},"sameAs":["https:\/\/www.facebook.com\/mivootgt","https:\/\/instagram.com\/mivoot"]}]}},"jetpack_publicize_connections":[],"jetpack_sharing_enabled":true,"brands":[{"id":101,"name":"ZKTeco","slug":"zkteco-guatemala"}],"_links":{"self":[{"href":"https:\/\/mivoot.com\/gt\/wp-json\/wp\/v2\/product\/12000","targetHints":{"allow":["GET"]}}],"collection":[{"href":"https:\/\/mivoot.com\/gt\/wp-json\/wp\/v2\/product"}],"about":[{"href":"https:\/\/mivoot.com\/gt\/wp-json\/wp\/v2\/types\/product"}],"replies":[{"embeddable":true,"href":"https:\/\/mivoot.com\/gt\/wp-json\/wp\/v2\/comments?post=12000"}],"version-history":[{"count":1,"href":"https:\/\/mivoot.com\/gt\/wp-json\/wp\/v2\/product\/12000\/revisions"}],"predecessor-version":[{"id":12004,"href":"https:\/\/mivoot.com\/gt\/wp-json\/wp\/v2\/product\/12000\/revisions\/12004"}],"wp:featuredmedia":[{"embeddable":true,"href":"https:\/\/mivoot.com\/gt\/wp-json\/wp\/v2\/media\/12003"}],"wp:attachment":[{"href":"https:\/\/mivoot.com\/gt\/wp-json\/wp\/v2\/media?parent=12000"}],"wp:term":[{"taxonomy":"pwb-brand","embeddable":true,"href":"https:\/\/mivoot.com\/gt\/wp-json\/wp\/v2\/pwb-brand?post=12000"},{"taxonomy":"product_brand","embeddable":true,"href":"https:\/\/mivoot.com\/gt\/wp-json\/wp\/v2\/product_brand?post=12000"},{"taxonomy":"product_cat","embeddable":true,"href":"https:\/\/mivoot.com\/gt\/wp-json\/wp\/v2\/product_cat?post=12000"},{"taxonomy":"product_tag","embeddable":true,"href":"https:\/\/mivoot.com\/gt\/wp-json\/wp\/v2\/product_tag?post=12000"}],"curies":[{"name":"wp","href":"https:\/\/api.w.org\/{rel}","templated":true}]}}