{"id":12091,"date":"2023-03-02T11:30:43","date_gmt":"2023-03-02T17:30:43","guid":{"rendered":"https:\/\/mivoot.com\/gt\/?post_type=product&#038;p=12091"},"modified":"2024-04-06T12:34:45","modified_gmt":"2024-04-06T18:34:45","slug":"terminal-biometrica-asistencia-y-control-de-acceso-palma-y-huella-digital-p160-adms-zkteco","status":"publish","type":"product","link":"https:\/\/mivoot.com\/gt\/producto\/terminal-biometrica-asistencia-y-control-de-acceso-palma-y-huella-digital-p160-adms-zkteco\/","title":{"rendered":"Terminal Biom\u00e9trica Asistencia y Control de Acceso Palma y Huella Digital P160 ADMS ZKTeco"},"content":{"rendered":"<h2>Terminal Biom\u00e9trica Asistencia y Control de Acceso Palma y Huella Digital P160 ADMS ZKTeco<\/h2>\n<p><img decoding=\"async\" src=\"https:\/\/tvc.mx\/media\/557915\/Control-Acceso-Asistencia-Simple-TarjetasID-Huellas-Palmas-P160ID-ZKTeco-TVC-Banner2.png\" \/><\/p>\n<p>P160 es una terminal multi-biom\u00e9trica para aplicaciones de Tiempo y Asistencia con funciones de Control de Acceso b\u00e1sicos ya que puede ser conectada con cerraduras el\u00e9ctricas, sensores de puertas y botones de salidas adem\u00e1s cuenta con el m\u00e1s reciente algoritmo de reconocimiento de palma, huella digital y tarjetas RFID.<\/p>\n<p>Cuenta con el m\u00e1s reciente algoritmo de reconocimiento de palma y huella digital que con su optimizada tecnolog\u00eda puede almacenar hasta 600 plantillas de palma y hasta 3.000 de huellas digitales.<\/p>\n<ul>\n<li>Dise\u00f1o ergon\u00f3mico y elegante.<\/li>\n<li>Verificaci\u00f3n en menos de 1 segundo.<\/li>\n<li>Sencilla e intuitiva interfaz de usuario.<\/li>\n<li>Avanzados algoritmos biom\u00e9tricos de reconocimiento de palma y huella digital.<\/li>\n<li>Interfaz de comunicaci\u00f3n TCP\/IP, USB-Host.<\/li>\n<\/ul>\n<p><strong>Interfaz de Comunicaci\u00f3n:<\/strong>\u00a0TCP\/IP, USB(Host)<\/p>\n<p><strong>Funci\u00f3n ADMS<\/strong>\u00a0Ready<\/p>\n<p><strong>Interfaz de Acceso:<\/strong><\/p>\n<ul>\n<li>Relevador para Control de Acceso<\/li>\n<li>Conexi\u00f3n para Bot\u00f3n de Salida<\/li>\n<li>Conexi\u00f3n para Impresora (RS232)<\/li>\n<li>Entrada Auxiliar<\/li>\n<li>Salida de Alarma<\/li>\n<\/ul>\n<table width=\"717\">\n<tbody>\n<tr class=\"secondbg\">\n<td class=\"et4\" colspan=\"2\" width=\"398\" height=\"20\">Especificaciones t\u00e9cnicas<\/td>\n<\/tr>\n<tr class=\"firstbg\">\n<td class=\"et5\" width=\"199\" height=\"19\">Monitor<\/td>\n<td class=\"et6\" width=\"518\" height=\"19\">Pantalla a color TFT de 2,8 pulgadas<\/td>\n<\/tr>\n<tr class=\"secondbg\">\n<td class=\"et5\" width=\"199\" height=\"19\">Capacidad de palma<\/td>\n<td class=\"et6\" width=\"518\" height=\"19\">600 (est\u00e1ndar)<\/td>\n<\/tr>\n<tr class=\"firstbg\">\n<td class=\"et5\" width=\"199\" height=\"19\">Capacidad de huellas dactilares<\/td>\n<td class=\"et6\" width=\"518\" height=\"19\">3,000<\/td>\n<\/tr>\n<tr class=\"secondbg\">\n<td class=\"et5\" width=\"199\" height=\"19\">Capacidad de la tarjeta de identificaci\u00f3n<\/td>\n<td class=\"et6\" width=\"518\" height=\"19\">10,000 (Opcional)<\/td>\n<\/tr>\n<tr class=\"firstbg\">\n<td class=\"et5\" width=\"199\" height=\"19\">Capacidad de registros<\/td>\n<td class=\"et6\" width=\"518\" height=\"19\">100,000<\/td>\n<\/tr>\n<tr class=\"secondbg\">\n<td class=\"et5\" width=\"199\" height=\"19\">Comunicaci\u00f3n<\/td>\n<td class=\"et6\" width=\"518\" height=\"19\">TCP\/IP, host USB, Wi-Fi (opcional)<\/td>\n<\/tr>\n<tr class=\"firstbg\">\n<td class=\"et7\" width=\"199\" height=\"36\">Funciones est\u00e1ndar<\/td>\n<td class=\"et6\" width=\"518\" height=\"36\">Cambio autom\u00e1tico de estado, consulta de autoservicio, c\u00f3digo de trabajo, entrada T9,<br \/>\nID de usuario de 9 d\u00edgitos, horario de verano, timbre programado, SMS, impresora RS232<br \/>\nM\u00f3dulo de CA 1: bot\u00f3n de salida, cerradura de puerta, alarma, SALIDA DE 12 V, ENTRADA AUX.<\/td>\n<\/tr>\n<tr class=\"secondbg\">\n<td class=\"et7\" width=\"199\" height=\"48\">Funci\u00f3n opcional<\/td>\n<td class=\"et6\" width=\"518\" height=\"48\">Tarjeta de identificaci\u00f3n, tarjeta IC, POE, 3G\/4G, m\u00f3dulo de bater\u00eda, ADMSM\u00f3dulo de CA 2: bot\u00f3n de salida, bloqueo de puerta, alarma, salida de 12 V, entrada auxiliar, sensor de puerta, RS485, entrada\/salida Wiegand<\/td>\n<\/tr>\n<tr class=\"firstbg\">\n<td class=\"et5\" width=\"199\" height=\"19\">Fuente de alimentaci\u00f3n<\/td>\n<td class=\"et6\" width=\"518\" height=\"19\">12V 1.5A<\/td>\n<\/tr>\n<tr class=\"secondbg\">\n<td class=\"et5\" width=\"199\" height=\"19\">Velocidad de verificaci\u00f3n<\/td>\n<td class=\"et6\" width=\"518\" height=\"19\">\u22641 segundo<\/td>\n<\/tr>\n<tr class=\"firstbg\">\n<td class=\"et5\" width=\"199\" height=\"19\">Temperatura de funcionamiento<\/td>\n<td class=\"et6\" width=\"518\" height=\"19\">0 \u2013 45 \u00b0C<\/td>\n<\/tr>\n<tr class=\"secondbg\">\n<td class=\"et5\" width=\"199\" height=\"19\">Humedad de funcionamiento<\/td>\n<td class=\"et6\" width=\"518\" height=\"19\">20%\u00a0\u2013\u00a080%<\/td>\n<\/tr>\n<tr class=\"firstbg\">\n<td class=\"et5\" width=\"199\" height=\"19\">Dimensiones<\/td>\n<td class=\"et6\" width=\"518\" height=\"19\">179,95 x 134,94 x 38,5 mm<\/td>\n<\/tr>\n<\/tbody>\n<\/table>\n<p><img fetchpriority=\"high\" decoding=\"async\" class=\"jetpack-lazy-image jetpack-lazy-image--handled\" src=\"https:\/\/i0.wp.com\/www.zkteco.me\/assets\/uploads\/products\/7f998db7eb5a42250dda78e44de718a0.png?w=1020&amp;ssl=1\" width=\"506\" height=\"561\" data-recalc-dims=\"1\" data-lazy-loaded=\"1\" \/><\/p>\n<p>&nbsp;<\/p>\n<p><iframe title=\"P160 Promotional Video\" src=\"https:\/\/www.youtube.com\/embed\/rMjCvDf1D98?feature=oembed\" width=\"1020\" height=\"574\" frameborder=\"0\" allowfullscreen=\"allowfullscreen\" data-mce-fragment=\"1\"><\/iframe><\/p>\n","protected":false},"excerpt":{"rendered":"<p>&#8211; 600 palmas, 3.000 huellas, 10.000 tarjetas y 100.000 eventos<br \/>\n&#8211; Dise\u00f1o ergon\u00f3mico y elegante<br \/>\n&#8211; Velicaci\u00f3n en menos de 1 segundo<br \/>\n&#8211; Sencilla e intuitiva interfaz de usuario<br \/>\n&#8211; Avanzados algoritmos biom\u00e9tricos de reconocimiento de palma y huella digital<br \/>\n&#8211; Interfaz de comunicaci\u00f3n TCP\/IP, USB-Host<br \/>\n<strong>Incluye Actualizaci\u00f3n ADMS<\/strong><\/p>\n","protected":false},"featured_media":12093,"comment_status":"open","ping_status":"closed","template":"","meta":{"jetpack_publicize_message":"","jetpack_publicize_feature_enabled":true,"jetpack_social_post_already_shared":true,"jetpack_social_options":{"image_generator_settings":{"template":"highway","default_image_id":0,"font":"","enabled":false},"version":2}},"pwb-brand":[101],"product_brand":[],"product_cat":[19],"product_tag":[516,321,346],"class_list":{"0":"post-12091","1":"product","2":"type-product","3":"status-publish","4":"has-post-thumbnail","6":"pwb-brand-zkteco-guatemala","7":"product_cat-control-de-acceso","8":"product_tag-biometrico-zkteco","9":"product_tag-control-de-acceso","10":"product_tag-control-de-asistencia","12":"first","13":"instock","14":"sale","15":"taxable","16":"shipping-taxable","17":"purchasable","18":"product-type-simple"},"yoast_head":"<!-- This site is optimized with the Yoast SEO Premium plugin v25.7.1 (Yoast SEO v26.8) - https:\/\/yoast.com\/product\/yoast-seo-premium-wordpress\/ -->\n<title>Terminal Biom\u00e9trica Asistencia y Control de Acceso Palma y Huella Digital P160 ADMS ZKTeco - Mivoot<\/title>\n<meta name=\"robots\" content=\"index, follow, max-snippet:-1, max-image-preview:large, max-video-preview:-1\" \/>\n<link rel=\"canonical\" href=\"https:\/\/mivoot.com\/gt\/producto\/terminal-biometrica-asistencia-y-control-de-acceso-palma-y-huella-digital-p160-adms-zkteco\/\" \/>\n<meta property=\"og:locale\" content=\"es_ES\" \/>\n<meta property=\"og:type\" content=\"article\" \/>\n<meta property=\"og:title\" content=\"Terminal Biom\u00e9trica Asistencia y Control de Acceso Palma y Huella Digital P160 ADMS ZKTeco\" \/>\n<meta property=\"og:description\" content=\"- 600 palmas, 3.000 huellas, 10.000 tarjetas y 100.000 eventos - Dise\u00f1o ergon\u00f3mico y elegante - Velicaci\u00f3n en menos de 1 segundo - Sencilla e intuitiva interfaz de usuario - Avanzados algoritmos biom\u00e9tricos de reconocimiento de palma y huella digital - Interfaz de comunicaci\u00f3n TCP\/IP, USB-Host Incluye Actualizaci\u00f3n ADMS\" \/>\n<meta property=\"og:url\" content=\"https:\/\/mivoot.com\/gt\/producto\/terminal-biometrica-asistencia-y-control-de-acceso-palma-y-huella-digital-p160-adms-zkteco\/\" \/>\n<meta property=\"og:site_name\" content=\"Mivoot\" \/>\n<meta property=\"article:publisher\" content=\"https:\/\/www.facebook.com\/mivootgt\" \/>\n<meta property=\"article:modified_time\" content=\"2024-04-06T18:34:45+00:00\" \/>\n<meta property=\"og:image\" content=\"https:\/\/mivoot.com\/gt\/wp-content\/uploads\/2023\/03\/acczkt-p160id.jpg\" \/>\n\t<meta property=\"og:image:width\" content=\"560\" \/>\n\t<meta property=\"og:image:height\" content=\"560\" \/>\n\t<meta property=\"og:image:type\" content=\"image\/jpeg\" \/>\n<meta name=\"twitter:card\" content=\"summary_large_image\" \/>\n<meta name=\"twitter:label1\" content=\"Est. reading time\" \/>\n\t<meta name=\"twitter:data1\" content=\"2 minutos\" \/>\n<script type=\"application\/ld+json\" class=\"yoast-schema-graph\">{\"@context\":\"https:\/\/schema.org\",\"@graph\":[{\"@type\":\"WebPage\",\"@id\":\"https:\/\/mivoot.com\/gt\/producto\/terminal-biometrica-asistencia-y-control-de-acceso-palma-y-huella-digital-p160-adms-zkteco\/\",\"url\":\"https:\/\/mivoot.com\/gt\/producto\/terminal-biometrica-asistencia-y-control-de-acceso-palma-y-huella-digital-p160-adms-zkteco\/\",\"name\":\"Terminal Biom\u00e9trica Asistencia y Control de Acceso Palma y Huella Digital P160 ADMS ZKTeco - Mivoot\",\"isPartOf\":{\"@id\":\"https:\/\/mivoot.com\/gt\/#website\"},\"primaryImageOfPage\":{\"@id\":\"https:\/\/mivoot.com\/gt\/producto\/terminal-biometrica-asistencia-y-control-de-acceso-palma-y-huella-digital-p160-adms-zkteco\/#primaryimage\"},\"image\":{\"@id\":\"https:\/\/mivoot.com\/gt\/producto\/terminal-biometrica-asistencia-y-control-de-acceso-palma-y-huella-digital-p160-adms-zkteco\/#primaryimage\"},\"thumbnailUrl\":\"https:\/\/mivoot.com\/gt\/wp-content\/uploads\/2023\/03\/acczkt-p160id.jpg\",\"datePublished\":\"2023-03-02T17:30:43+00:00\",\"dateModified\":\"2024-04-06T18:34:45+00:00\",\"breadcrumb\":{\"@id\":\"https:\/\/mivoot.com\/gt\/producto\/terminal-biometrica-asistencia-y-control-de-acceso-palma-y-huella-digital-p160-adms-zkteco\/#breadcrumb\"},\"inLanguage\":\"es\",\"potentialAction\":[{\"@type\":\"ReadAction\",\"target\":[\"https:\/\/mivoot.com\/gt\/producto\/terminal-biometrica-asistencia-y-control-de-acceso-palma-y-huella-digital-p160-adms-zkteco\/\"]}]},{\"@type\":\"ImageObject\",\"inLanguage\":\"es\",\"@id\":\"https:\/\/mivoot.com\/gt\/producto\/terminal-biometrica-asistencia-y-control-de-acceso-palma-y-huella-digital-p160-adms-zkteco\/#primaryimage\",\"url\":\"https:\/\/mivoot.com\/gt\/wp-content\/uploads\/2023\/03\/acczkt-p160id.jpg\",\"contentUrl\":\"https:\/\/mivoot.com\/gt\/wp-content\/uploads\/2023\/03\/acczkt-p160id.jpg\",\"width\":560,\"height\":560},{\"@type\":\"BreadcrumbList\",\"@id\":\"https:\/\/mivoot.com\/gt\/producto\/terminal-biometrica-asistencia-y-control-de-acceso-palma-y-huella-digital-p160-adms-zkteco\/#breadcrumb\",\"itemListElement\":[{\"@type\":\"ListItem\",\"position\":1,\"name\":\"Inicio\",\"item\":\"https:\/\/mivoot.com\/gt\/\"},{\"@type\":\"ListItem\",\"position\":2,\"name\":\"Productos\",\"item\":\"https:\/\/mivoot.com\/gt\/producto\/\"},{\"@type\":\"ListItem\",\"position\":3,\"name\":\"ZKTeco\",\"item\":\"https:\/\/mivoot.com\/gt\/marca\/zkteco-guatemala\/\"},{\"@type\":\"ListItem\",\"position\":4,\"name\":\"Terminal Biom\u00e9trica Asistencia y Control de Acceso Palma y Huella Digital P160 ADMS ZKTeco\"}]},{\"@type\":\"WebSite\",\"@id\":\"https:\/\/mivoot.com\/gt\/#website\",\"url\":\"https:\/\/mivoot.com\/gt\/\",\"name\":\"Mivoot\",\"description\":\"Mivoot Guatemala | Tienda Online\",\"publisher\":{\"@id\":\"https:\/\/mivoot.com\/gt\/#organization\"},\"alternateName\":\"mivoot\",\"potentialAction\":[{\"@type\":\"SearchAction\",\"target\":{\"@type\":\"EntryPoint\",\"urlTemplate\":\"https:\/\/mivoot.com\/gt\/?s={search_term_string}\"},\"query-input\":{\"@type\":\"PropertyValueSpecification\",\"valueRequired\":true,\"valueName\":\"search_term_string\"}}],\"inLanguage\":\"es\"},{\"@type\":\"Organization\",\"@id\":\"https:\/\/mivoot.com\/gt\/#organization\",\"name\":\"Mivoot Guatemala\",\"alternateName\":\"mivoot.com\",\"url\":\"https:\/\/mivoot.com\/gt\/\",\"logo\":{\"@type\":\"ImageObject\",\"inLanguage\":\"es\",\"@id\":\"https:\/\/mivoot.com\/gt\/#\/schema\/logo\/image\/\",\"url\":\"https:\/\/mivoot.com\/gt\/wp-content\/uploads\/2023\/03\/cropped-icon.png\",\"contentUrl\":\"https:\/\/mivoot.com\/gt\/wp-content\/uploads\/2023\/03\/cropped-icon.png\",\"width\":512,\"height\":512,\"caption\":\"Mivoot Guatemala\"},\"image\":{\"@id\":\"https:\/\/mivoot.com\/gt\/#\/schema\/logo\/image\/\"},\"sameAs\":[\"https:\/\/www.facebook.com\/mivootgt\",\"https:\/\/instagram.com\/mivoot\"]}]}<\/script>\n<!-- \/ Yoast SEO Premium plugin. -->","yoast_head_json":{"title":"Terminal Biom\u00e9trica Asistencia y Control de Acceso Palma y Huella Digital P160 ADMS ZKTeco - Mivoot","robots":{"index":"index","follow":"follow","max-snippet":"max-snippet:-1","max-image-preview":"max-image-preview:large","max-video-preview":"max-video-preview:-1"},"canonical":"https:\/\/mivoot.com\/gt\/producto\/terminal-biometrica-asistencia-y-control-de-acceso-palma-y-huella-digital-p160-adms-zkteco\/","og_locale":"es_ES","og_type":"article","og_title":"Terminal Biom\u00e9trica Asistencia y Control de Acceso Palma y Huella Digital P160 ADMS ZKTeco","og_description":"- 600 palmas, 3.000 huellas, 10.000 tarjetas y 100.000 eventos - Dise\u00f1o ergon\u00f3mico y elegante - Velicaci\u00f3n en menos de 1 segundo - Sencilla e intuitiva interfaz de usuario - Avanzados algoritmos biom\u00e9tricos de reconocimiento de palma y huella digital - Interfaz de comunicaci\u00f3n TCP\/IP, USB-Host Incluye Actualizaci\u00f3n ADMS","og_url":"https:\/\/mivoot.com\/gt\/producto\/terminal-biometrica-asistencia-y-control-de-acceso-palma-y-huella-digital-p160-adms-zkteco\/","og_site_name":"Mivoot","article_publisher":"https:\/\/www.facebook.com\/mivootgt","article_modified_time":"2024-04-06T18:34:45+00:00","og_image":[{"width":560,"height":560,"url":"https:\/\/mivoot.com\/gt\/wp-content\/uploads\/2023\/03\/acczkt-p160id.jpg","type":"image\/jpeg"}],"twitter_card":"summary_large_image","twitter_misc":{"Est. reading time":"2 minutos"},"schema":{"@context":"https:\/\/schema.org","@graph":[{"@type":"WebPage","@id":"https:\/\/mivoot.com\/gt\/producto\/terminal-biometrica-asistencia-y-control-de-acceso-palma-y-huella-digital-p160-adms-zkteco\/","url":"https:\/\/mivoot.com\/gt\/producto\/terminal-biometrica-asistencia-y-control-de-acceso-palma-y-huella-digital-p160-adms-zkteco\/","name":"Terminal Biom\u00e9trica Asistencia y Control de Acceso Palma y Huella Digital P160 ADMS ZKTeco - Mivoot","isPartOf":{"@id":"https:\/\/mivoot.com\/gt\/#website"},"primaryImageOfPage":{"@id":"https:\/\/mivoot.com\/gt\/producto\/terminal-biometrica-asistencia-y-control-de-acceso-palma-y-huella-digital-p160-adms-zkteco\/#primaryimage"},"image":{"@id":"https:\/\/mivoot.com\/gt\/producto\/terminal-biometrica-asistencia-y-control-de-acceso-palma-y-huella-digital-p160-adms-zkteco\/#primaryimage"},"thumbnailUrl":"https:\/\/mivoot.com\/gt\/wp-content\/uploads\/2023\/03\/acczkt-p160id.jpg","datePublished":"2023-03-02T17:30:43+00:00","dateModified":"2024-04-06T18:34:45+00:00","breadcrumb":{"@id":"https:\/\/mivoot.com\/gt\/producto\/terminal-biometrica-asistencia-y-control-de-acceso-palma-y-huella-digital-p160-adms-zkteco\/#breadcrumb"},"inLanguage":"es","potentialAction":[{"@type":"ReadAction","target":["https:\/\/mivoot.com\/gt\/producto\/terminal-biometrica-asistencia-y-control-de-acceso-palma-y-huella-digital-p160-adms-zkteco\/"]}]},{"@type":"ImageObject","inLanguage":"es","@id":"https:\/\/mivoot.com\/gt\/producto\/terminal-biometrica-asistencia-y-control-de-acceso-palma-y-huella-digital-p160-adms-zkteco\/#primaryimage","url":"https:\/\/mivoot.com\/gt\/wp-content\/uploads\/2023\/03\/acczkt-p160id.jpg","contentUrl":"https:\/\/mivoot.com\/gt\/wp-content\/uploads\/2023\/03\/acczkt-p160id.jpg","width":560,"height":560},{"@type":"BreadcrumbList","@id":"https:\/\/mivoot.com\/gt\/producto\/terminal-biometrica-asistencia-y-control-de-acceso-palma-y-huella-digital-p160-adms-zkteco\/#breadcrumb","itemListElement":[{"@type":"ListItem","position":1,"name":"Inicio","item":"https:\/\/mivoot.com\/gt\/"},{"@type":"ListItem","position":2,"name":"Productos","item":"https:\/\/mivoot.com\/gt\/producto\/"},{"@type":"ListItem","position":3,"name":"ZKTeco","item":"https:\/\/mivoot.com\/gt\/marca\/zkteco-guatemala\/"},{"@type":"ListItem","position":4,"name":"Terminal Biom\u00e9trica Asistencia y Control de Acceso Palma y Huella Digital P160 ADMS ZKTeco"}]},{"@type":"WebSite","@id":"https:\/\/mivoot.com\/gt\/#website","url":"https:\/\/mivoot.com\/gt\/","name":"Mivoot","description":"Mivoot Guatemala | Tienda Online","publisher":{"@id":"https:\/\/mivoot.com\/gt\/#organization"},"alternateName":"mivoot","potentialAction":[{"@type":"SearchAction","target":{"@type":"EntryPoint","urlTemplate":"https:\/\/mivoot.com\/gt\/?s={search_term_string}"},"query-input":{"@type":"PropertyValueSpecification","valueRequired":true,"valueName":"search_term_string"}}],"inLanguage":"es"},{"@type":"Organization","@id":"https:\/\/mivoot.com\/gt\/#organization","name":"Mivoot Guatemala","alternateName":"mivoot.com","url":"https:\/\/mivoot.com\/gt\/","logo":{"@type":"ImageObject","inLanguage":"es","@id":"https:\/\/mivoot.com\/gt\/#\/schema\/logo\/image\/","url":"https:\/\/mivoot.com\/gt\/wp-content\/uploads\/2023\/03\/cropped-icon.png","contentUrl":"https:\/\/mivoot.com\/gt\/wp-content\/uploads\/2023\/03\/cropped-icon.png","width":512,"height":512,"caption":"Mivoot Guatemala"},"image":{"@id":"https:\/\/mivoot.com\/gt\/#\/schema\/logo\/image\/"},"sameAs":["https:\/\/www.facebook.com\/mivootgt","https:\/\/instagram.com\/mivoot"]}]}},"jetpack_publicize_connections":[],"jetpack_sharing_enabled":true,"brands":[{"id":101,"name":"ZKTeco","slug":"zkteco-guatemala"}],"_links":{"self":[{"href":"https:\/\/mivoot.com\/gt\/wp-json\/wp\/v2\/product\/12091","targetHints":{"allow":["GET"]}}],"collection":[{"href":"https:\/\/mivoot.com\/gt\/wp-json\/wp\/v2\/product"}],"about":[{"href":"https:\/\/mivoot.com\/gt\/wp-json\/wp\/v2\/types\/product"}],"replies":[{"embeddable":true,"href":"https:\/\/mivoot.com\/gt\/wp-json\/wp\/v2\/comments?post=12091"}],"version-history":[{"count":4,"href":"https:\/\/mivoot.com\/gt\/wp-json\/wp\/v2\/product\/12091\/revisions"}],"predecessor-version":[{"id":12102,"href":"https:\/\/mivoot.com\/gt\/wp-json\/wp\/v2\/product\/12091\/revisions\/12102"}],"wp:featuredmedia":[{"embeddable":true,"href":"https:\/\/mivoot.com\/gt\/wp-json\/wp\/v2\/media\/12093"}],"wp:attachment":[{"href":"https:\/\/mivoot.com\/gt\/wp-json\/wp\/v2\/media?parent=12091"}],"wp:term":[{"taxonomy":"pwb-brand","embeddable":true,"href":"https:\/\/mivoot.com\/gt\/wp-json\/wp\/v2\/pwb-brand?post=12091"},{"taxonomy":"product_brand","embeddable":true,"href":"https:\/\/mivoot.com\/gt\/wp-json\/wp\/v2\/product_brand?post=12091"},{"taxonomy":"product_cat","embeddable":true,"href":"https:\/\/mivoot.com\/gt\/wp-json\/wp\/v2\/product_cat?post=12091"},{"taxonomy":"product_tag","embeddable":true,"href":"https:\/\/mivoot.com\/gt\/wp-json\/wp\/v2\/product_tag?post=12091"}],"curies":[{"name":"wp","href":"https:\/\/api.w.org\/{rel}","templated":true}]}}