{"id":12119,"date":"2023-03-02T14:11:03","date_gmt":"2023-03-02T20:11:03","guid":{"rendered":"https:\/\/mivoot.com\/gt\/?post_type=product&#038;p=12119"},"modified":"2023-03-02T14:11:06","modified_gmt":"2023-03-02T20:11:06","slug":"monitor-para-videportero-a-color-de-4-3-lcd-zkteco","status":"publish","type":"product","link":"https:\/\/mivoot.com\/gt\/producto\/monitor-para-videportero-a-color-de-4-3-lcd-zkteco\/","title":{"rendered":"Monitor para Videportero a Color de 4.3&#8243; LCD ZKTeco"},"content":{"rendered":"<div class=\"row aling-items-center padding-bottom-2x\">\n<div class=\"col-lg-12\">\n<p><img decoding=\"async\" class=\"overview-center-img-web\" src=\"https:\/\/tvc.mx\/media\/570351\/ZKTECO-ZKT2210001-VDPI-B3-MONITOR-PARA-VIDEOPORTERO-ZK-BANNER.png\" alt=\"\" \/><\/p>\n<p class=\"ql-align-justify\">El modelo\u00a0<strong>VDPIB3<\/strong>\u00a0es un\u00a0<strong>monitor TFT LCD de 7&#8243;\u00a0<\/strong>a color de dise\u00f1o delgado y un moderno bot\u00f3n t\u00e1ctil que permite ajustar el Color \/ Brillo \/ Contraste \/ Volumen \/ Pantalla, etc. Es capaz de liberar una cerradura el\u00e9ctrica conectada al frente de calle, el m\u00e9todo de conexi\u00f3n\u00a0es mediante 4 hilos con cable RVV4 calibre 22 AWG permitiendo una<strong>\u00a0distancia m\u00e1xima de 100 metros.<\/strong><\/p>\n<\/div>\n<\/div>\n<div class=\"row align-items-center padding-bottom-2x\">\n<div class=\"col-md-5\"><img decoding=\"async\" class=\"d-block m-auto img-thumbnail\" src=\"https:\/\/tvc.mx\/media\/505762\/ZKTECO-VDPI3---MONITOR-7-PULGADAS-OV1.png\" alt=\" \" \/><\/div>\n<div class=\"col-md-7 text-md-left text-center\">\n<h2>Caracter\u00edsticas Principales<\/h2>\n<p class=\"text-muted\">\n<ul>\n<li class=\"ql-align-justify\">Intercomunicaci\u00f3n con el frente de calle.<\/li>\n<li class=\"ql-align-justify\">Apertura de puerta.<\/li>\n<li class=\"ql-align-justify\">Bot\u00f3n de no molestar o bloqueo de llamada.<\/li>\n<li class=\"ql-align-justify\">Diferentes tonos de llamada.<\/li>\n<li class=\"ql-align-justify\">Control de volumen.<\/li>\n<li class=\"ql-align-justify\">Control de brillo en la imagen.<\/li>\n<li class=\"ql-align-justify\">Control de color en la imagen.<\/li>\n<\/ul>\n<\/div>\n<\/div>\n","protected":false},"excerpt":{"rendered":"<p>Pantalla TFT-LCD HD de 7&#8243;.<br \/>\nResoluci\u00f3n de pantalla: 800*480 p\u00edxeles.<br \/>\nM\u00e9todo de cableado: 4 Hilos RVV4 calibre 22AWG ( Distancia m\u00e1xima 100 mts. ).<br \/>\nMontaje en interior.<br \/>\nColor blanco.<br \/>\nPl\u00e1stico ABS.<br \/>\nVariedad de 25 Tonos.<br \/>\nAlimentaci\u00f3n: CA 100 &#8211; 240V.<br \/>\nDimensiones (Ancho*Alto*Largo): 230*165*20 (mm).<br \/>\nPeso: 0.50 Kg.<\/p>\n","protected":false},"featured_media":12123,"comment_status":"open","ping_status":"closed","template":"","meta":{"jetpack_publicize_message":"","jetpack_publicize_feature_enabled":true,"jetpack_social_post_already_shared":true,"jetpack_social_options":{"image_generator_settings":{"template":"highway","default_image_id":0,"font":"","enabled":false},"version":2}},"pwb-brand":[101],"product_brand":[],"product_cat":[356],"product_tag":[],"class_list":{"0":"post-12119","1":"product","2":"type-product","3":"status-publish","4":"has-post-thumbnail","6":"pwb-brand-zkteco-guatemala","7":"product_cat-video-portero","9":"first","10":"instock","11":"taxable","12":"shipping-taxable","13":"purchasable","14":"product-type-simple"},"yoast_head":"<!-- This site is optimized with the Yoast SEO Premium plugin v25.7.1 (Yoast SEO v26.8) - https:\/\/yoast.com\/product\/yoast-seo-premium-wordpress\/ -->\n<title>Monitor para Videportero a Color de 4.3&quot; LCD ZKTeco - Mivoot<\/title>\n<meta name=\"robots\" content=\"index, follow, max-snippet:-1, max-image-preview:large, max-video-preview:-1\" \/>\n<link rel=\"canonical\" href=\"https:\/\/mivoot.com\/gt\/producto\/monitor-para-videportero-a-color-de-4-3-lcd-zkteco\/\" \/>\n<meta property=\"og:locale\" content=\"es_ES\" \/>\n<meta property=\"og:type\" content=\"article\" \/>\n<meta property=\"og:title\" content=\"Monitor para Videportero a Color de 4.3&quot; LCD ZKTeco\" \/>\n<meta property=\"og:description\" content=\"Pantalla TFT-LCD HD de 7&quot;. Resoluci\u00f3n de pantalla: 800*480 p\u00edxeles. M\u00e9todo de cableado: 4 Hilos RVV4 calibre 22AWG ( Distancia m\u00e1xima 100 mts. ). Montaje en interior. Color blanco. Pl\u00e1stico ABS. Variedad de 25 Tonos. Alimentaci\u00f3n: CA 100 - 240V. Dimensiones (Ancho*Alto*Largo): 230*165*20 (mm). Peso: 0.50 Kg.\" \/>\n<meta property=\"og:url\" content=\"https:\/\/mivoot.com\/gt\/producto\/monitor-para-videportero-a-color-de-4-3-lcd-zkteco\/\" \/>\n<meta property=\"og:site_name\" content=\"Mivoot\" \/>\n<meta property=\"article:publisher\" content=\"https:\/\/www.facebook.com\/mivootgt\" \/>\n<meta property=\"article:modified_time\" content=\"2023-03-02T20:11:06+00:00\" \/>\n<meta property=\"og:image\" content=\"https:\/\/mivoot.com\/gt\/wp-content\/uploads\/2023\/03\/ZKTECO-ZKT2210001-VDPI-B3-MONITOR-PARA-VIDEOPORTERO-CARRUSEL2.png\" \/>\n\t<meta property=\"og:image:width\" content=\"768\" \/>\n\t<meta property=\"og:image:height\" content=\"1024\" \/>\n\t<meta property=\"og:image:type\" content=\"image\/png\" \/>\n<meta name=\"twitter:card\" content=\"summary_large_image\" \/>\n<meta name=\"twitter:label1\" content=\"Est. reading time\" \/>\n\t<meta name=\"twitter:data1\" content=\"1 minuto\" \/>\n<script type=\"application\/ld+json\" class=\"yoast-schema-graph\">{\"@context\":\"https:\/\/schema.org\",\"@graph\":[{\"@type\":\"WebPage\",\"@id\":\"https:\/\/mivoot.com\/gt\/producto\/monitor-para-videportero-a-color-de-4-3-lcd-zkteco\/\",\"url\":\"https:\/\/mivoot.com\/gt\/producto\/monitor-para-videportero-a-color-de-4-3-lcd-zkteco\/\",\"name\":\"Monitor para Videportero a Color de 4.3\\\" LCD ZKTeco - Mivoot\",\"isPartOf\":{\"@id\":\"https:\/\/mivoot.com\/gt\/#website\"},\"primaryImageOfPage\":{\"@id\":\"https:\/\/mivoot.com\/gt\/producto\/monitor-para-videportero-a-color-de-4-3-lcd-zkteco\/#primaryimage\"},\"image\":{\"@id\":\"https:\/\/mivoot.com\/gt\/producto\/monitor-para-videportero-a-color-de-4-3-lcd-zkteco\/#primaryimage\"},\"thumbnailUrl\":\"https:\/\/mivoot.com\/gt\/wp-content\/uploads\/2023\/03\/ZKTECO-ZKT2210001-VDPI-B3-MONITOR-PARA-VIDEOPORTERO-CARRUSEL2.png\",\"datePublished\":\"2023-03-02T20:11:03+00:00\",\"dateModified\":\"2023-03-02T20:11:06+00:00\",\"breadcrumb\":{\"@id\":\"https:\/\/mivoot.com\/gt\/producto\/monitor-para-videportero-a-color-de-4-3-lcd-zkteco\/#breadcrumb\"},\"inLanguage\":\"es\",\"potentialAction\":[{\"@type\":\"ReadAction\",\"target\":[\"https:\/\/mivoot.com\/gt\/producto\/monitor-para-videportero-a-color-de-4-3-lcd-zkteco\/\"]}]},{\"@type\":\"ImageObject\",\"inLanguage\":\"es\",\"@id\":\"https:\/\/mivoot.com\/gt\/producto\/monitor-para-videportero-a-color-de-4-3-lcd-zkteco\/#primaryimage\",\"url\":\"https:\/\/mivoot.com\/gt\/wp-content\/uploads\/2023\/03\/ZKTECO-ZKT2210001-VDPI-B3-MONITOR-PARA-VIDEOPORTERO-CARRUSEL2.png\",\"contentUrl\":\"https:\/\/mivoot.com\/gt\/wp-content\/uploads\/2023\/03\/ZKTECO-ZKT2210001-VDPI-B3-MONITOR-PARA-VIDEOPORTERO-CARRUSEL2.png\",\"width\":768,\"height\":1024},{\"@type\":\"BreadcrumbList\",\"@id\":\"https:\/\/mivoot.com\/gt\/producto\/monitor-para-videportero-a-color-de-4-3-lcd-zkteco\/#breadcrumb\",\"itemListElement\":[{\"@type\":\"ListItem\",\"position\":1,\"name\":\"Inicio\",\"item\":\"https:\/\/mivoot.com\/gt\/\"},{\"@type\":\"ListItem\",\"position\":2,\"name\":\"Productos\",\"item\":\"https:\/\/mivoot.com\/gt\/producto\/\"},{\"@type\":\"ListItem\",\"position\":3,\"name\":\"ZKTeco\",\"item\":\"https:\/\/mivoot.com\/gt\/marca\/zkteco-guatemala\/\"},{\"@type\":\"ListItem\",\"position\":4,\"name\":\"Monitor para Videportero a Color de 4.3&#8243; LCD ZKTeco\"}]},{\"@type\":\"WebSite\",\"@id\":\"https:\/\/mivoot.com\/gt\/#website\",\"url\":\"https:\/\/mivoot.com\/gt\/\",\"name\":\"Mivoot\",\"description\":\"Mivoot Guatemala | Tienda Online\",\"publisher\":{\"@id\":\"https:\/\/mivoot.com\/gt\/#organization\"},\"alternateName\":\"mivoot\",\"potentialAction\":[{\"@type\":\"SearchAction\",\"target\":{\"@type\":\"EntryPoint\",\"urlTemplate\":\"https:\/\/mivoot.com\/gt\/?s={search_term_string}\"},\"query-input\":{\"@type\":\"PropertyValueSpecification\",\"valueRequired\":true,\"valueName\":\"search_term_string\"}}],\"inLanguage\":\"es\"},{\"@type\":\"Organization\",\"@id\":\"https:\/\/mivoot.com\/gt\/#organization\",\"name\":\"Mivoot Guatemala\",\"alternateName\":\"mivoot.com\",\"url\":\"https:\/\/mivoot.com\/gt\/\",\"logo\":{\"@type\":\"ImageObject\",\"inLanguage\":\"es\",\"@id\":\"https:\/\/mivoot.com\/gt\/#\/schema\/logo\/image\/\",\"url\":\"https:\/\/mivoot.com\/gt\/wp-content\/uploads\/2023\/03\/cropped-icon.png\",\"contentUrl\":\"https:\/\/mivoot.com\/gt\/wp-content\/uploads\/2023\/03\/cropped-icon.png\",\"width\":512,\"height\":512,\"caption\":\"Mivoot Guatemala\"},\"image\":{\"@id\":\"https:\/\/mivoot.com\/gt\/#\/schema\/logo\/image\/\"},\"sameAs\":[\"https:\/\/www.facebook.com\/mivootgt\",\"https:\/\/instagram.com\/mivoot\"]}]}<\/script>\n<!-- \/ Yoast SEO Premium plugin. -->","yoast_head_json":{"title":"Monitor para Videportero a Color de 4.3\" LCD ZKTeco - Mivoot","robots":{"index":"index","follow":"follow","max-snippet":"max-snippet:-1","max-image-preview":"max-image-preview:large","max-video-preview":"max-video-preview:-1"},"canonical":"https:\/\/mivoot.com\/gt\/producto\/monitor-para-videportero-a-color-de-4-3-lcd-zkteco\/","og_locale":"es_ES","og_type":"article","og_title":"Monitor para Videportero a Color de 4.3\" LCD ZKTeco","og_description":"Pantalla TFT-LCD HD de 7\". Resoluci\u00f3n de pantalla: 800*480 p\u00edxeles. M\u00e9todo de cableado: 4 Hilos RVV4 calibre 22AWG ( Distancia m\u00e1xima 100 mts. ). Montaje en interior. Color blanco. Pl\u00e1stico ABS. Variedad de 25 Tonos. Alimentaci\u00f3n: CA 100 - 240V. Dimensiones (Ancho*Alto*Largo): 230*165*20 (mm). Peso: 0.50 Kg.","og_url":"https:\/\/mivoot.com\/gt\/producto\/monitor-para-videportero-a-color-de-4-3-lcd-zkteco\/","og_site_name":"Mivoot","article_publisher":"https:\/\/www.facebook.com\/mivootgt","article_modified_time":"2023-03-02T20:11:06+00:00","og_image":[{"width":768,"height":1024,"url":"https:\/\/mivoot.com\/gt\/wp-content\/uploads\/2023\/03\/ZKTECO-ZKT2210001-VDPI-B3-MONITOR-PARA-VIDEOPORTERO-CARRUSEL2.png","type":"image\/png"}],"twitter_card":"summary_large_image","twitter_misc":{"Est. reading time":"1 minuto"},"schema":{"@context":"https:\/\/schema.org","@graph":[{"@type":"WebPage","@id":"https:\/\/mivoot.com\/gt\/producto\/monitor-para-videportero-a-color-de-4-3-lcd-zkteco\/","url":"https:\/\/mivoot.com\/gt\/producto\/monitor-para-videportero-a-color-de-4-3-lcd-zkteco\/","name":"Monitor para Videportero a Color de 4.3\" LCD ZKTeco - Mivoot","isPartOf":{"@id":"https:\/\/mivoot.com\/gt\/#website"},"primaryImageOfPage":{"@id":"https:\/\/mivoot.com\/gt\/producto\/monitor-para-videportero-a-color-de-4-3-lcd-zkteco\/#primaryimage"},"image":{"@id":"https:\/\/mivoot.com\/gt\/producto\/monitor-para-videportero-a-color-de-4-3-lcd-zkteco\/#primaryimage"},"thumbnailUrl":"https:\/\/mivoot.com\/gt\/wp-content\/uploads\/2023\/03\/ZKTECO-ZKT2210001-VDPI-B3-MONITOR-PARA-VIDEOPORTERO-CARRUSEL2.png","datePublished":"2023-03-02T20:11:03+00:00","dateModified":"2023-03-02T20:11:06+00:00","breadcrumb":{"@id":"https:\/\/mivoot.com\/gt\/producto\/monitor-para-videportero-a-color-de-4-3-lcd-zkteco\/#breadcrumb"},"inLanguage":"es","potentialAction":[{"@type":"ReadAction","target":["https:\/\/mivoot.com\/gt\/producto\/monitor-para-videportero-a-color-de-4-3-lcd-zkteco\/"]}]},{"@type":"ImageObject","inLanguage":"es","@id":"https:\/\/mivoot.com\/gt\/producto\/monitor-para-videportero-a-color-de-4-3-lcd-zkteco\/#primaryimage","url":"https:\/\/mivoot.com\/gt\/wp-content\/uploads\/2023\/03\/ZKTECO-ZKT2210001-VDPI-B3-MONITOR-PARA-VIDEOPORTERO-CARRUSEL2.png","contentUrl":"https:\/\/mivoot.com\/gt\/wp-content\/uploads\/2023\/03\/ZKTECO-ZKT2210001-VDPI-B3-MONITOR-PARA-VIDEOPORTERO-CARRUSEL2.png","width":768,"height":1024},{"@type":"BreadcrumbList","@id":"https:\/\/mivoot.com\/gt\/producto\/monitor-para-videportero-a-color-de-4-3-lcd-zkteco\/#breadcrumb","itemListElement":[{"@type":"ListItem","position":1,"name":"Inicio","item":"https:\/\/mivoot.com\/gt\/"},{"@type":"ListItem","position":2,"name":"Productos","item":"https:\/\/mivoot.com\/gt\/producto\/"},{"@type":"ListItem","position":3,"name":"ZKTeco","item":"https:\/\/mivoot.com\/gt\/marca\/zkteco-guatemala\/"},{"@type":"ListItem","position":4,"name":"Monitor para Videportero a Color de 4.3&#8243; LCD ZKTeco"}]},{"@type":"WebSite","@id":"https:\/\/mivoot.com\/gt\/#website","url":"https:\/\/mivoot.com\/gt\/","name":"Mivoot","description":"Mivoot Guatemala | Tienda Online","publisher":{"@id":"https:\/\/mivoot.com\/gt\/#organization"},"alternateName":"mivoot","potentialAction":[{"@type":"SearchAction","target":{"@type":"EntryPoint","urlTemplate":"https:\/\/mivoot.com\/gt\/?s={search_term_string}"},"query-input":{"@type":"PropertyValueSpecification","valueRequired":true,"valueName":"search_term_string"}}],"inLanguage":"es"},{"@type":"Organization","@id":"https:\/\/mivoot.com\/gt\/#organization","name":"Mivoot Guatemala","alternateName":"mivoot.com","url":"https:\/\/mivoot.com\/gt\/","logo":{"@type":"ImageObject","inLanguage":"es","@id":"https:\/\/mivoot.com\/gt\/#\/schema\/logo\/image\/","url":"https:\/\/mivoot.com\/gt\/wp-content\/uploads\/2023\/03\/cropped-icon.png","contentUrl":"https:\/\/mivoot.com\/gt\/wp-content\/uploads\/2023\/03\/cropped-icon.png","width":512,"height":512,"caption":"Mivoot Guatemala"},"image":{"@id":"https:\/\/mivoot.com\/gt\/#\/schema\/logo\/image\/"},"sameAs":["https:\/\/www.facebook.com\/mivootgt","https:\/\/instagram.com\/mivoot"]}]}},"jetpack_publicize_connections":[],"jetpack_sharing_enabled":true,"brands":[{"id":101,"name":"ZKTeco","slug":"zkteco-guatemala"}],"_links":{"self":[{"href":"https:\/\/mivoot.com\/gt\/wp-json\/wp\/v2\/product\/12119","targetHints":{"allow":["GET"]}}],"collection":[{"href":"https:\/\/mivoot.com\/gt\/wp-json\/wp\/v2\/product"}],"about":[{"href":"https:\/\/mivoot.com\/gt\/wp-json\/wp\/v2\/types\/product"}],"replies":[{"embeddable":true,"href":"https:\/\/mivoot.com\/gt\/wp-json\/wp\/v2\/comments?post=12119"}],"version-history":[{"count":1,"href":"https:\/\/mivoot.com\/gt\/wp-json\/wp\/v2\/product\/12119\/revisions"}],"predecessor-version":[{"id":12124,"href":"https:\/\/mivoot.com\/gt\/wp-json\/wp\/v2\/product\/12119\/revisions\/12124"}],"wp:featuredmedia":[{"embeddable":true,"href":"https:\/\/mivoot.com\/gt\/wp-json\/wp\/v2\/media\/12123"}],"wp:attachment":[{"href":"https:\/\/mivoot.com\/gt\/wp-json\/wp\/v2\/media?parent=12119"}],"wp:term":[{"taxonomy":"pwb-brand","embeddable":true,"href":"https:\/\/mivoot.com\/gt\/wp-json\/wp\/v2\/pwb-brand?post=12119"},{"taxonomy":"product_brand","embeddable":true,"href":"https:\/\/mivoot.com\/gt\/wp-json\/wp\/v2\/product_brand?post=12119"},{"taxonomy":"product_cat","embeddable":true,"href":"https:\/\/mivoot.com\/gt\/wp-json\/wp\/v2\/product_cat?post=12119"},{"taxonomy":"product_tag","embeddable":true,"href":"https:\/\/mivoot.com\/gt\/wp-json\/wp\/v2\/product_tag?post=12119"}],"curies":[{"name":"wp","href":"https:\/\/api.w.org\/{rel}","templated":true}]}}