{"id":12159,"date":"2023-03-07T16:29:11","date_gmt":"2023-03-07T22:29:11","guid":{"rendered":"https:\/\/mivoot.com\/gt\/?post_type=product&#038;p=12159"},"modified":"2024-05-21T12:50:12","modified_gmt":"2024-05-21T18:50:12","slug":"ups-apc-br1500m2-lm","status":"publish","type":"product","link":"https:\/\/mivoot.com\/gt\/producto\/ups-apc-br1500m2-lm\/","title":{"rendered":"UPS APC 900W 1500VA LCD AVR Iterativo BR1500M2-LM"},"content":{"rendered":"\t\t<div data-elementor-type=\"product-post\" data-elementor-id=\"12159\" class=\"elementor elementor-12159\">\n\t\t\t\t\t\t<section class=\"elementor-section elementor-top-section elementor-element elementor-element-cb1f061 elementor-section-boxed elementor-section-height-default elementor-section-height-default\" data-id=\"cb1f061\" data-element_type=\"section\">\n\t\t\t\t\t\t<div class=\"elementor-container elementor-column-gap-default\">\n\t\t\t\t\t<div class=\"elementor-column elementor-col-100 elementor-top-column elementor-element elementor-element-bc0645f\" data-id=\"bc0645f\" data-element_type=\"column\">\n\t\t\t<div class=\"elementor-widget-wrap elementor-element-populated\">\n\t\t\t\t\t\t<div class=\"elementor-element elementor-element-4291746 elementor-widget elementor-widget-text-editor\" data-id=\"4291746\" data-element_type=\"widget\" data-widget_type=\"text-editor.default\">\n\t\t\t\t<div class=\"elementor-widget-container\">\n\t\t\t\t\t\t\t\t\t<p><img decoding=\"async\" src=\"https:\/\/www.cyberpuerta.mx\/out\/productdescription\/longdescription\/APC\/BR1100M2-LM\/images\/apcpropuestacyberbr1100m2.jpg\" alt=\"APCpropuestacyberBR1100M2.jpg\" \/><\/p>\t\t\t\t\t\t\t\t<\/div>\n\t\t\t\t<\/div>\n\t\t\t\t\t<\/div>\n\t\t<\/div>\n\t\t\t\t\t<\/div>\n\t\t<\/section>\n\t\t\t\t<section class=\"elementor-section elementor-top-section elementor-element elementor-element-573becf6 elementor-section-boxed elementor-section-height-default elementor-section-height-default\" data-id=\"573becf6\" data-element_type=\"section\">\n\t\t\t\t\t\t<div class=\"elementor-container elementor-column-gap-default\">\n\t\t\t\t\t<div class=\"elementor-column elementor-col-100 elementor-top-column elementor-element elementor-element-154fe9af\" data-id=\"154fe9af\" data-element_type=\"column\">\n\t\t\t<div class=\"elementor-widget-wrap elementor-element-populated\">\n\t\t\t\t\t\t<div class=\"elementor-element elementor-element-4e65632a elementor-widget elementor-widget-text-editor\" data-id=\"4e65632a\" data-element_type=\"widget\" data-widget_type=\"text-editor.default\">\n\t\t\t\t<div class=\"elementor-widget-container\">\n\t\t\t\t\t\t\t\t\t<img decoding=\"async\" src=\"https:\/\/apcmexico.net\/wp-content\/uploads\/2019\/05\/Infografia-BX1500M-LM60.png\" alt=\"UPS APC Backups PRO-BR y BX- Los mejores UPs para Hogar y PYME\" \/>\t\t\t\t\t\t\t\t<\/div>\n\t\t\t\t<\/div>\n\t\t\t\t\t<\/div>\n\t\t<\/div>\n\t\t\t\t\t<\/div>\n\t\t<\/section>\n\t\t\t\t<section class=\"elementor-section elementor-top-section elementor-element elementor-element-58e0474 elementor-section-boxed elementor-section-height-default elementor-section-height-default\" data-id=\"58e0474\" data-element_type=\"section\">\n\t\t\t\t\t\t<div class=\"elementor-container elementor-column-gap-default\">\n\t\t\t\t\t<div class=\"elementor-column elementor-col-50 elementor-top-column elementor-element elementor-element-93a1311\" data-id=\"93a1311\" data-element_type=\"column\">\n\t\t\t<div class=\"elementor-widget-wrap elementor-element-populated\">\n\t\t\t\t\t\t<div class=\"elementor-element elementor-element-74a9a7b elementor-widget elementor-widget-text-editor\" data-id=\"74a9a7b\" data-element_type=\"widget\" data-widget_type=\"text-editor.default\">\n\t\t\t\t<div class=\"elementor-widget-container\">\n\t\t\t\t\t\t\t\t\t<p><img decoding=\"async\" src=\"https:\/\/www.cyberpuerta.mx\/out\/productdescription\/longdescription\/APC\/BR1100M2-LM\/images\/99821344861imagesforsemcampaigngmabanner1200x628a.jpg\" alt=\"99821344861ImagesforSEMcampaignGMABanner1200x628A.jpg\" \/><\/p>\t\t\t\t\t\t\t\t<\/div>\n\t\t\t\t<\/div>\n\t\t\t\t\t<\/div>\n\t\t<\/div>\n\t\t\t\t<div class=\"elementor-column elementor-col-50 elementor-top-column elementor-element elementor-element-1df385a\" data-id=\"1df385a\" data-element_type=\"column\">\n\t\t\t<div class=\"elementor-widget-wrap elementor-element-populated\">\n\t\t\t\t\t\t<div class=\"elementor-element elementor-element-b2be3e7 elementor-widget elementor-widget-text-editor\" data-id=\"b2be3e7\" data-element_type=\"widget\" data-widget_type=\"text-editor.default\">\n\t\t\t\t<div class=\"elementor-widget-container\">\n\t\t\t\t\t\t\t\t\t<h4><strong>Caracter\u00edsticas principales<\/strong><\/h4><ul><li class=\"technical-content-block\"><strong class=\"technical-content-block__category\">Capacidad el\u00e9ctrica de salida\u00a0<\/strong>600\u00a0Vatios \/\u00a01.1kVA<\/li><li class=\"technical-content-block\"><strong class=\"technical-content-block__category\">Conexiones de salida\u00a0<\/strong>(4) NEMA 5-15R (Protecci\u00f3n contra subidas de tensi\u00f3n)<br \/><div class=\"technical-content-block__data\"><div class=\"technical-content-block__value\">(6) NEMA 5-15R (Bater\u00eda de reserva )<\/div><\/div><\/li><li class=\"technical-content-block\"><strong class=\"technical-content-block__category\">Voltaje de salida nominal\u00a0<\/strong>120V<\/li><li class=\"technical-content-block\"><strong class=\"technical-content-block__category\">Voltaje Nominal de Entrada\u00a0<\/strong>120V<\/li><li class=\"technical-content-block\"><strong class=\"technical-content-block__category\">Tipo de Conexi\u00f3n de Entrada\u00a0<\/strong>NEMA 5-15P<\/li><li class=\"technical-content-block\"><strong class=\"technical-content-block__category\">Longitud de Cable\u00a0<\/strong>1.8metros<\/li><li class=\"technical-content-block\"><strong class=\"technical-content-block__category\">Corriente m\u00e1xima de entrada\u00a0<\/strong>12.0A<\/li><\/ul>\t\t\t\t\t\t\t\t<\/div>\n\t\t\t\t<\/div>\n\t\t\t\t\t<\/div>\n\t\t<\/div>\n\t\t\t\t\t<\/div>\n\t\t<\/section>\n\t\t\t\t<section class=\"elementor-section elementor-top-section elementor-element elementor-element-c9d37e1 elementor-section-boxed elementor-section-height-default elementor-section-height-default\" data-id=\"c9d37e1\" data-element_type=\"section\">\n\t\t\t\t\t\t<div class=\"elementor-container elementor-column-gap-default\">\n\t\t\t\t\t<div class=\"elementor-column elementor-col-50 elementor-top-column elementor-element elementor-element-b6d26e1\" data-id=\"b6d26e1\" data-element_type=\"column\">\n\t\t\t<div class=\"elementor-widget-wrap elementor-element-populated\">\n\t\t\t\t\t\t<div class=\"elementor-element elementor-element-5f76358 elementor-widget elementor-widget-text-editor\" data-id=\"5f76358\" data-element_type=\"widget\" data-widget_type=\"text-editor.default\">\n\t\t\t\t<div class=\"elementor-widget-container\">\n\t\t\t\t\t\t\t\t\t<p><img decoding=\"async\" src=\"https:\/\/images.pcel.com\/mkt\/fichas-tecnicas\/2019\/200216\/b_6_200216.jpg\" \/><\/p>\t\t\t\t\t\t\t\t<\/div>\n\t\t\t\t<\/div>\n\t\t\t\t\t<\/div>\n\t\t<\/div>\n\t\t\t\t<div class=\"elementor-column elementor-col-50 elementor-top-column elementor-element elementor-element-084fa6e\" data-id=\"084fa6e\" data-element_type=\"column\">\n\t\t\t<div class=\"elementor-widget-wrap elementor-element-populated\">\n\t\t\t\t\t\t<div class=\"elementor-element elementor-element-95c0ae5 elementor-widget elementor-widget-text-editor\" data-id=\"95c0ae5\" data-element_type=\"widget\" data-widget_type=\"text-editor.default\">\n\t\t\t\t<div class=\"elementor-widget-container\">\n\t\t\t\t\t\t\t\t\t<h3 class=\"titulo\">Autodiagn\u00f3stico autom\u00e1tico<\/h3><p class=\"paragraph\">Garantiza la detecci\u00f3n anticipada de posibles problemas mediante la realizaci\u00f3n de diagn\u00f3sticos peri\u00f3dicos de los componentes de las unidades UPS.<\/p>\t\t\t\t\t\t\t\t<\/div>\n\t\t\t\t<\/div>\n\t\t\t\t\t<\/div>\n\t\t<\/div>\n\t\t\t\t\t<\/div>\n\t\t<\/section>\n\t\t\t\t<section class=\"elementor-section elementor-top-section elementor-element elementor-element-3e0215e elementor-section-boxed elementor-section-height-default elementor-section-height-default\" data-id=\"3e0215e\" data-element_type=\"section\">\n\t\t\t\t\t\t<div class=\"elementor-container elementor-column-gap-default\">\n\t\t\t\t\t<div class=\"elementor-column elementor-col-50 elementor-top-column elementor-element elementor-element-25d2fc8\" data-id=\"25d2fc8\" data-element_type=\"column\">\n\t\t\t<div class=\"elementor-widget-wrap elementor-element-populated\">\n\t\t\t\t\t\t<div class=\"elementor-element elementor-element-d68297c elementor-widget elementor-widget-text-editor\" data-id=\"d68297c\" data-element_type=\"widget\" data-widget_type=\"text-editor.default\">\n\t\t\t\t<div class=\"elementor-widget-container\">\n\t\t\t\t\t\t\t\t\t<h3 class=\"titulo\">Boost AVR<\/h3><p class=\"paragraph\">Prolonga la vida \u00fatil de las bater\u00edas y maximiza el tiempo de autonom\u00eda al corregir las bajadas de tensi\u00f3n sin descargar la bater\u00eda.<\/p>\t\t\t\t\t\t\t\t<\/div>\n\t\t\t\t<\/div>\n\t\t\t\t\t<\/div>\n\t\t<\/div>\n\t\t\t\t<div class=\"elementor-column elementor-col-50 elementor-top-column elementor-element elementor-element-24e59c7\" data-id=\"24e59c7\" data-element_type=\"column\">\n\t\t\t<div class=\"elementor-widget-wrap elementor-element-populated\">\n\t\t\t\t\t\t<div class=\"elementor-element elementor-element-16425e2 elementor-widget elementor-widget-text-editor\" data-id=\"16425e2\" data-element_type=\"widget\" data-widget_type=\"text-editor.default\">\n\t\t\t\t<div class=\"elementor-widget-container\">\n\t\t\t\t\t\t\t\t\t<p><img decoding=\"async\" src=\"https:\/\/images.pcel.com\/mkt\/fichas-tecnicas\/2019\/200216\/b_7_200216.jpg\" \/><\/p>\t\t\t\t\t\t\t\t<\/div>\n\t\t\t\t<\/div>\n\t\t\t\t\t<\/div>\n\t\t<\/div>\n\t\t\t\t\t<\/div>\n\t\t<\/section>\n\t\t\t\t<section class=\"elementor-section elementor-top-section elementor-element elementor-element-4d84e51 elementor-section-boxed elementor-section-height-default elementor-section-height-default\" data-id=\"4d84e51\" data-element_type=\"section\">\n\t\t\t\t\t\t<div class=\"elementor-container elementor-column-gap-default\">\n\t\t\t\t\t<div class=\"elementor-column elementor-col-50 elementor-top-column elementor-element elementor-element-0fd6732\" data-id=\"0fd6732\" data-element_type=\"column\">\n\t\t\t<div class=\"elementor-widget-wrap elementor-element-populated\">\n\t\t\t\t\t\t<div class=\"elementor-element elementor-element-73b0c6f elementor-widget elementor-widget-text-editor\" data-id=\"73b0c6f\" data-element_type=\"widget\" data-widget_type=\"text-editor.default\">\n\t\t\t\t<div class=\"elementor-widget-container\">\n\t\t\t\t\t\t\t\t\t<p><img decoding=\"async\" src=\"https:\/\/images.pcel.com\/mkt\/fichas-tecnicas\/2019\/200216\/b_8_200216.jpg\" \/><\/p>\t\t\t\t\t\t\t\t<\/div>\n\t\t\t\t<\/div>\n\t\t\t\t\t<\/div>\n\t\t<\/div>\n\t\t\t\t<div class=\"elementor-column elementor-col-50 elementor-top-column elementor-element elementor-element-ada9bfd\" data-id=\"ada9bfd\" data-element_type=\"column\">\n\t\t\t<div class=\"elementor-widget-wrap elementor-element-populated\">\n\t\t\t\t\t\t<div class=\"elementor-element elementor-element-a60d160 elementor-widget elementor-widget-text-editor\" data-id=\"a60d160\" data-element_type=\"widget\" data-widget_type=\"text-editor.default\">\n\t\t\t\t<div class=\"elementor-widget-container\">\n\t\t\t\t\t\t\t\t\t<h3 class=\"titulo\">Tomas de salida con protecci\u00f3n de bater\u00edas y con protecci\u00f3n contra sobretensiones solamente<\/h3><p class=\"paragraph\">Reserva capacidad de potencia y autonom\u00eda para los equipos conectados que requieren respaldo de bater\u00edas a la vez que ofrece protecci\u00f3n contra sobretensiones \u00fanicamente para equipos secundarios en importancia.<\/p>\t\t\t\t\t\t\t\t<\/div>\n\t\t\t\t<\/div>\n\t\t\t\t\t<\/div>\n\t\t<\/div>\n\t\t\t\t\t<\/div>\n\t\t<\/section>\n\t\t\t\t<section class=\"elementor-section elementor-top-section elementor-element elementor-element-942f090 elementor-section-boxed elementor-section-height-default elementor-section-height-default\" data-id=\"942f090\" data-element_type=\"section\">\n\t\t\t\t\t\t<div class=\"elementor-container elementor-column-gap-default\">\n\t\t\t\t\t<div class=\"elementor-column elementor-col-50 elementor-top-column elementor-element elementor-element-995b6a9\" data-id=\"995b6a9\" data-element_type=\"column\">\n\t\t\t<div class=\"elementor-widget-wrap elementor-element-populated\">\n\t\t\t\t\t\t<div class=\"elementor-element elementor-element-93d8c16 elementor-widget elementor-widget-text-editor\" data-id=\"93d8c16\" data-element_type=\"widget\" data-widget_type=\"text-editor.default\">\n\t\t\t\t<div class=\"elementor-widget-container\">\n\t\t\t\t\t\t\t\t\t<p><img decoding=\"async\" src=\"https:\/\/www.cyberpuerta.mx\/out\/productdescription\/longdescription\/APC\/BR1100M2-LM\/images\/br1100m2lm5.jpg\" alt=\"BR1100M2LM5.jpg\" \/><\/p>\t\t\t\t\t\t\t\t<\/div>\n\t\t\t\t<\/div>\n\t\t\t\t\t<\/div>\n\t\t<\/div>\n\t\t\t\t<div class=\"elementor-column elementor-col-50 elementor-top-column elementor-element elementor-element-e3e4a7d\" data-id=\"e3e4a7d\" data-element_type=\"column\">\n\t\t\t<div class=\"elementor-widget-wrap elementor-element-populated\">\n\t\t\t\t\t\t<div class=\"elementor-element elementor-element-c280797 elementor-widget elementor-widget-text-editor\" data-id=\"c280797\" data-element_type=\"widget\" data-widget_type=\"text-editor.default\">\n\t\t\t\t<div class=\"elementor-widget-container\">\n\t\t\t\t\t\t\t\t\t<h4><strong>Capacidad de gesti\u00f3n<\/strong><\/h4><ul><li><strong>Alarmas sonoras.<\/strong>\u00a0Notificar\u00e1n los cambios que se produzcan en el estado del UPS y de la red el\u00e9ctrica.<\/li><li><strong>Notificaci\u00f3n de bater\u00eda desconectada.\u00a0<\/strong>Avisa cuando una bater\u00eda no puede ofrecer alimentaci\u00f3n.<\/li><li><strong>Gesti\u00f3n inteligente de la bater\u00eda.\u00a0<\/strong>Aumenta el rendimiento, duraci\u00f3n, carga y fiabilidad de las bater\u00edas.<\/li><li><strong>Modo verde.\u00a0<\/strong>Modo de funcionamiento pendiente de patente que deriva los componentes el\u00e9ctricos no utilizados en buenas condiciones para conseguir una elevada eficiencia de funcionamiento sin sacrificar la protecci\u00f3n.<\/li><li><strong>Puntos de transferencia de tensi\u00f3n personalizables.\u00a0<\/strong>Ajuste los puntos de tensi\u00f3n en los que su UPS pasa a modo de bater\u00eda para maximizar la vida \u00fatil de la bater\u00eda y proteger los sistemas electr\u00f3nicos sensibles.<\/li><li><strong>Sensibilidad a tensi\u00f3n personalizable.\u00a0<\/strong>Alterne entre los puntos de transferencia de tensi\u00f3n predeterminados en funci\u00f3n de la calidad del suministro (sensibilidad alta, media o baja) para maximizar la vida \u00fatil de la bater\u00eda y proteger los sistemas electr\u00f3nicos sensibles.<\/li><li><strong>Contactos espaciadas.\u00a0<\/strong>Permite conectar clavijas voluminosas sin bloquear el acceso a otros recept\u00e1culos.<\/li><li><strong>Capacidad de arranque en fr\u00edo.<\/strong>Proporciona una bater\u00eda temporal cuando la energ\u00eda se ha agotado.<\/li><li><strong>Comprobaci\u00f3n autom\u00e1tica. \u00a0<\/strong>Garantiza una detecci\u00f3n anticipada de la necesidad de reparar una bater\u00eda.<\/li><li><strong>Notificaci\u00f3n de fallo de bater\u00eda.\u00a0<\/strong>Presenta notificaci\u00f3n de errores de las bater\u00edas permitiendo el mantenimiento preventivo.<\/li><\/ul>\t\t\t\t\t\t\t\t<\/div>\n\t\t\t\t<\/div>\n\t\t\t\t\t<\/div>\n\t\t<\/div>\n\t\t\t\t\t<\/div>\n\t\t<\/section>\n\t\t\t\t<\/div>\n\t\t","protected":false},"excerpt":{"rendered":"<p>Tipo: UPS<br \/>\nCapacidad: 900 Watts \/ 1.5 kVA<br \/>\nVoltaje de salida: 120V<br \/>\nFrecuencia: 60Hz +\/- 3 Hz<br \/>\nTomas de salida: 6 NEMA 5-15R (Respaldo de bater\u00eda), 4 NEMA 5-15R (Supresor de picos), 2 Puertos USB<br \/>\nLongitud del cable: 1.83 Metros<br \/>\nDimensiones: 260mm X 100mm X 368mm<\/p>\n","protected":false},"featured_media":5633,"comment_status":"open","ping_status":"closed","template":"","meta":{"jetpack_publicize_message":"","jetpack_publicize_feature_enabled":true,"jetpack_social_post_already_shared":true,"jetpack_social_options":{"image_generator_settings":{"template":"highway","default_image_id":0,"font":"","enabled":false},"version":2}},"pwb-brand":[104],"product_brand":[],"product_cat":[178],"product_tag":[237,234,205],"class_list":{"0":"post-12159","1":"product","2":"type-product","3":"status-publish","4":"has-post-thumbnail","6":"pwb-brand-apc","7":"product_cat-ups","8":"product_tag-1100va","9":"product_tag-600w","10":"product_tag-ups-apc","12":"first","13":"instock","14":"taxable","15":"shipping-taxable","16":"purchasable","17":"product-type-simple"},"yoast_head":"<!-- This site is optimized with the Yoast SEO Premium plugin v25.7.1 (Yoast SEO v26.8) - https:\/\/yoast.com\/product\/yoast-seo-premium-wordpress\/ -->\n<title>UPS APC 900W 1500VA LCD AVR Iterativo BR1500M2-LM - Mivoot<\/title>\n<meta name=\"robots\" content=\"index, follow, max-snippet:-1, max-image-preview:large, max-video-preview:-1\" \/>\n<link rel=\"canonical\" href=\"https:\/\/mivoot.com\/gt\/producto\/ups-apc-br1500m2-lm\/\" \/>\n<meta property=\"og:locale\" content=\"es_ES\" \/>\n<meta property=\"og:type\" content=\"article\" \/>\n<meta property=\"og:title\" content=\"UPS APC 900W 1500VA LCD AVR Iterativo BR1500M2-LM\" \/>\n<meta property=\"og:description\" content=\"Tipo: UPS Capacidad: 900 Watts \/ 1.5 kVA Voltaje de salida: 120V Frecuencia: 60Hz +\/- 3 Hz Tomas de salida: 6 NEMA 5-15R (Respaldo de bater\u00eda), 4 NEMA 5-15R (Supresor de picos), 2 Puertos USB Longitud del cable: 1.83 Metros Dimensiones: 260mm X 100mm X 368mm\" \/>\n<meta property=\"og:url\" content=\"https:\/\/mivoot.com\/gt\/producto\/ups-apc-br1500m2-lm\/\" \/>\n<meta property=\"og:site_name\" content=\"Mivoot\" \/>\n<meta property=\"article:publisher\" content=\"https:\/\/www.facebook.com\/mivootgt\" \/>\n<meta property=\"article:modified_time\" content=\"2024-05-21T18:50:12+00:00\" \/>\n<meta property=\"og:image\" content=\"https:\/\/mivoot.com\/gt\/wp-content\/uploads\/2021\/09\/APC419-1.jpg\" \/>\n\t<meta property=\"og:image:width\" content=\"1000\" \/>\n\t<meta property=\"og:image:height\" content=\"1000\" \/>\n\t<meta property=\"og:image:type\" content=\"image\/jpeg\" \/>\n<meta name=\"twitter:card\" content=\"summary_large_image\" \/>\n<script type=\"application\/ld+json\" class=\"yoast-schema-graph\">{\"@context\":\"https:\/\/schema.org\",\"@graph\":[{\"@type\":\"WebPage\",\"@id\":\"https:\/\/mivoot.com\/gt\/producto\/ups-apc-br1500m2-lm\/\",\"url\":\"https:\/\/mivoot.com\/gt\/producto\/ups-apc-br1500m2-lm\/\",\"name\":\"UPS APC 900W 1500VA LCD AVR Iterativo BR1500M2-LM - Mivoot\",\"isPartOf\":{\"@id\":\"https:\/\/mivoot.com\/gt\/#website\"},\"primaryImageOfPage\":{\"@id\":\"https:\/\/mivoot.com\/gt\/producto\/ups-apc-br1500m2-lm\/#primaryimage\"},\"image\":{\"@id\":\"https:\/\/mivoot.com\/gt\/producto\/ups-apc-br1500m2-lm\/#primaryimage\"},\"thumbnailUrl\":\"https:\/\/mivoot.com\/gt\/wp-content\/uploads\/2021\/09\/APC419-1.jpg\",\"datePublished\":\"2023-03-07T22:29:11+00:00\",\"dateModified\":\"2024-05-21T18:50:12+00:00\",\"breadcrumb\":{\"@id\":\"https:\/\/mivoot.com\/gt\/producto\/ups-apc-br1500m2-lm\/#breadcrumb\"},\"inLanguage\":\"es\",\"potentialAction\":[{\"@type\":\"ReadAction\",\"target\":[\"https:\/\/mivoot.com\/gt\/producto\/ups-apc-br1500m2-lm\/\"]}]},{\"@type\":\"ImageObject\",\"inLanguage\":\"es\",\"@id\":\"https:\/\/mivoot.com\/gt\/producto\/ups-apc-br1500m2-lm\/#primaryimage\",\"url\":\"https:\/\/mivoot.com\/gt\/wp-content\/uploads\/2021\/09\/APC419-1.jpg\",\"contentUrl\":\"https:\/\/mivoot.com\/gt\/wp-content\/uploads\/2021\/09\/APC419-1.jpg\",\"width\":1000,\"height\":1000},{\"@type\":\"BreadcrumbList\",\"@id\":\"https:\/\/mivoot.com\/gt\/producto\/ups-apc-br1500m2-lm\/#breadcrumb\",\"itemListElement\":[{\"@type\":\"ListItem\",\"position\":1,\"name\":\"Inicio\",\"item\":\"https:\/\/mivoot.com\/gt\/\"},{\"@type\":\"ListItem\",\"position\":2,\"name\":\"Productos\",\"item\":\"https:\/\/mivoot.com\/gt\/producto\/\"},{\"@type\":\"ListItem\",\"position\":3,\"name\":\"APC\",\"item\":\"https:\/\/mivoot.com\/gt\/marca\/apc\/\"},{\"@type\":\"ListItem\",\"position\":4,\"name\":\"UPS APC 900W 1500VA LCD AVR Iterativo BR1500M2-LM\"}]},{\"@type\":\"WebSite\",\"@id\":\"https:\/\/mivoot.com\/gt\/#website\",\"url\":\"https:\/\/mivoot.com\/gt\/\",\"name\":\"Mivoot\",\"description\":\"Mivoot Guatemala | Tienda Online\",\"publisher\":{\"@id\":\"https:\/\/mivoot.com\/gt\/#organization\"},\"alternateName\":\"mivoot\",\"potentialAction\":[{\"@type\":\"SearchAction\",\"target\":{\"@type\":\"EntryPoint\",\"urlTemplate\":\"https:\/\/mivoot.com\/gt\/?s={search_term_string}\"},\"query-input\":{\"@type\":\"PropertyValueSpecification\",\"valueRequired\":true,\"valueName\":\"search_term_string\"}}],\"inLanguage\":\"es\"},{\"@type\":\"Organization\",\"@id\":\"https:\/\/mivoot.com\/gt\/#organization\",\"name\":\"Mivoot Guatemala\",\"alternateName\":\"mivoot.com\",\"url\":\"https:\/\/mivoot.com\/gt\/\",\"logo\":{\"@type\":\"ImageObject\",\"inLanguage\":\"es\",\"@id\":\"https:\/\/mivoot.com\/gt\/#\/schema\/logo\/image\/\",\"url\":\"https:\/\/mivoot.com\/gt\/wp-content\/uploads\/2023\/03\/cropped-icon.png\",\"contentUrl\":\"https:\/\/mivoot.com\/gt\/wp-content\/uploads\/2023\/03\/cropped-icon.png\",\"width\":512,\"height\":512,\"caption\":\"Mivoot Guatemala\"},\"image\":{\"@id\":\"https:\/\/mivoot.com\/gt\/#\/schema\/logo\/image\/\"},\"sameAs\":[\"https:\/\/www.facebook.com\/mivootgt\",\"https:\/\/instagram.com\/mivoot\"]}]}<\/script>\n<!-- \/ Yoast SEO Premium plugin. -->","yoast_head_json":{"title":"UPS APC 900W 1500VA LCD AVR Iterativo BR1500M2-LM - Mivoot","robots":{"index":"index","follow":"follow","max-snippet":"max-snippet:-1","max-image-preview":"max-image-preview:large","max-video-preview":"max-video-preview:-1"},"canonical":"https:\/\/mivoot.com\/gt\/producto\/ups-apc-br1500m2-lm\/","og_locale":"es_ES","og_type":"article","og_title":"UPS APC 900W 1500VA LCD AVR Iterativo BR1500M2-LM","og_description":"Tipo: UPS Capacidad: 900 Watts \/ 1.5 kVA Voltaje de salida: 120V Frecuencia: 60Hz +\/- 3 Hz Tomas de salida: 6 NEMA 5-15R (Respaldo de bater\u00eda), 4 NEMA 5-15R (Supresor de picos), 2 Puertos USB Longitud del cable: 1.83 Metros Dimensiones: 260mm X 100mm X 368mm","og_url":"https:\/\/mivoot.com\/gt\/producto\/ups-apc-br1500m2-lm\/","og_site_name":"Mivoot","article_publisher":"https:\/\/www.facebook.com\/mivootgt","article_modified_time":"2024-05-21T18:50:12+00:00","og_image":[{"width":1000,"height":1000,"url":"https:\/\/mivoot.com\/gt\/wp-content\/uploads\/2021\/09\/APC419-1.jpg","type":"image\/jpeg"}],"twitter_card":"summary_large_image","schema":{"@context":"https:\/\/schema.org","@graph":[{"@type":"WebPage","@id":"https:\/\/mivoot.com\/gt\/producto\/ups-apc-br1500m2-lm\/","url":"https:\/\/mivoot.com\/gt\/producto\/ups-apc-br1500m2-lm\/","name":"UPS APC 900W 1500VA LCD AVR Iterativo BR1500M2-LM - Mivoot","isPartOf":{"@id":"https:\/\/mivoot.com\/gt\/#website"},"primaryImageOfPage":{"@id":"https:\/\/mivoot.com\/gt\/producto\/ups-apc-br1500m2-lm\/#primaryimage"},"image":{"@id":"https:\/\/mivoot.com\/gt\/producto\/ups-apc-br1500m2-lm\/#primaryimage"},"thumbnailUrl":"https:\/\/mivoot.com\/gt\/wp-content\/uploads\/2021\/09\/APC419-1.jpg","datePublished":"2023-03-07T22:29:11+00:00","dateModified":"2024-05-21T18:50:12+00:00","breadcrumb":{"@id":"https:\/\/mivoot.com\/gt\/producto\/ups-apc-br1500m2-lm\/#breadcrumb"},"inLanguage":"es","potentialAction":[{"@type":"ReadAction","target":["https:\/\/mivoot.com\/gt\/producto\/ups-apc-br1500m2-lm\/"]}]},{"@type":"ImageObject","inLanguage":"es","@id":"https:\/\/mivoot.com\/gt\/producto\/ups-apc-br1500m2-lm\/#primaryimage","url":"https:\/\/mivoot.com\/gt\/wp-content\/uploads\/2021\/09\/APC419-1.jpg","contentUrl":"https:\/\/mivoot.com\/gt\/wp-content\/uploads\/2021\/09\/APC419-1.jpg","width":1000,"height":1000},{"@type":"BreadcrumbList","@id":"https:\/\/mivoot.com\/gt\/producto\/ups-apc-br1500m2-lm\/#breadcrumb","itemListElement":[{"@type":"ListItem","position":1,"name":"Inicio","item":"https:\/\/mivoot.com\/gt\/"},{"@type":"ListItem","position":2,"name":"Productos","item":"https:\/\/mivoot.com\/gt\/producto\/"},{"@type":"ListItem","position":3,"name":"APC","item":"https:\/\/mivoot.com\/gt\/marca\/apc\/"},{"@type":"ListItem","position":4,"name":"UPS APC 900W 1500VA LCD AVR Iterativo BR1500M2-LM"}]},{"@type":"WebSite","@id":"https:\/\/mivoot.com\/gt\/#website","url":"https:\/\/mivoot.com\/gt\/","name":"Mivoot","description":"Mivoot Guatemala | Tienda Online","publisher":{"@id":"https:\/\/mivoot.com\/gt\/#organization"},"alternateName":"mivoot","potentialAction":[{"@type":"SearchAction","target":{"@type":"EntryPoint","urlTemplate":"https:\/\/mivoot.com\/gt\/?s={search_term_string}"},"query-input":{"@type":"PropertyValueSpecification","valueRequired":true,"valueName":"search_term_string"}}],"inLanguage":"es"},{"@type":"Organization","@id":"https:\/\/mivoot.com\/gt\/#organization","name":"Mivoot Guatemala","alternateName":"mivoot.com","url":"https:\/\/mivoot.com\/gt\/","logo":{"@type":"ImageObject","inLanguage":"es","@id":"https:\/\/mivoot.com\/gt\/#\/schema\/logo\/image\/","url":"https:\/\/mivoot.com\/gt\/wp-content\/uploads\/2023\/03\/cropped-icon.png","contentUrl":"https:\/\/mivoot.com\/gt\/wp-content\/uploads\/2023\/03\/cropped-icon.png","width":512,"height":512,"caption":"Mivoot Guatemala"},"image":{"@id":"https:\/\/mivoot.com\/gt\/#\/schema\/logo\/image\/"},"sameAs":["https:\/\/www.facebook.com\/mivootgt","https:\/\/instagram.com\/mivoot"]}]}},"jetpack_publicize_connections":[],"jetpack_sharing_enabled":true,"brands":[{"id":104,"name":"APC","slug":"apc"}],"_links":{"self":[{"href":"https:\/\/mivoot.com\/gt\/wp-json\/wp\/v2\/product\/12159","targetHints":{"allow":["GET"]}}],"collection":[{"href":"https:\/\/mivoot.com\/gt\/wp-json\/wp\/v2\/product"}],"about":[{"href":"https:\/\/mivoot.com\/gt\/wp-json\/wp\/v2\/types\/product"}],"replies":[{"embeddable":true,"href":"https:\/\/mivoot.com\/gt\/wp-json\/wp\/v2\/comments?post=12159"}],"version-history":[{"count":5,"href":"https:\/\/mivoot.com\/gt\/wp-json\/wp\/v2\/product\/12159\/revisions"}],"predecessor-version":[{"id":19380,"href":"https:\/\/mivoot.com\/gt\/wp-json\/wp\/v2\/product\/12159\/revisions\/19380"}],"wp:featuredmedia":[{"embeddable":true,"href":"https:\/\/mivoot.com\/gt\/wp-json\/wp\/v2\/media\/5633"}],"wp:attachment":[{"href":"https:\/\/mivoot.com\/gt\/wp-json\/wp\/v2\/media?parent=12159"}],"wp:term":[{"taxonomy":"pwb-brand","embeddable":true,"href":"https:\/\/mivoot.com\/gt\/wp-json\/wp\/v2\/pwb-brand?post=12159"},{"taxonomy":"product_brand","embeddable":true,"href":"https:\/\/mivoot.com\/gt\/wp-json\/wp\/v2\/product_brand?post=12159"},{"taxonomy":"product_cat","embeddable":true,"href":"https:\/\/mivoot.com\/gt\/wp-json\/wp\/v2\/product_cat?post=12159"},{"taxonomy":"product_tag","embeddable":true,"href":"https:\/\/mivoot.com\/gt\/wp-json\/wp\/v2\/product_tag?post=12159"}],"curies":[{"name":"wp","href":"https:\/\/api.w.org\/{rel}","templated":true}]}}