{"id":12199,"date":"2023-03-10T21:20:57","date_gmt":"2023-03-11T03:20:57","guid":{"rendered":"https:\/\/mivoot.com\/gt\/?post_type=product&#038;p=12199"},"modified":"2023-03-10T21:22:18","modified_gmt":"2023-03-11T03:22:18","slug":"ventilador-potente-pedestal-20-50cm-ventisol","status":"publish","type":"product","link":"https:\/\/mivoot.com\/gt\/producto\/ventilador-potente-pedestal-20-50cm-ventisol\/","title":{"rendered":"Ventilador Potente Pedestal 20&#8243; &#8211; 50cm Ventisol"},"content":{"rendered":"<p><img decoding=\"async\" src=\"https:\/\/ventisol.com.br\/wp-content\/uploads\/2020\/09\/Ficha-Tecnica-Ventisol-VOC-Comercial-Bivolt-50cm-a-1024x448.jpg\" \/><\/p>\n<p>\u2022 Ideal para grandes espacios:<br \/>\nTiendas, escuelas, iglesias, restaurantes, industrias, ambientes que necesitan gran ventilaci\u00f3n.<br \/>\n\u2022 H\u00e9lices de pl\u00e1stico:<br \/>\nadem\u00e1s de fuertes, son livianas y aumentan la vida \u00fatil del motor.<br \/>\n\u2022 Pintura Electrost\u00e1tica:<br \/>\nRejilla con pintura de alta resistencia.<br \/>\n\u2022 Oscilaci\u00f3n horizontal autom\u00e1tica:<br \/>\nProporciona un mejor flujo de aire distribuido por todo el ambiente.<br \/>\n\u2022 Regulaci\u00f3n de altura manual:<br \/>\nAltura m\u00ednima 115cm, altura m\u00e1xima 170cm.<br \/>\n\u2022 Ajuste de inclinaci\u00f3n manual:<br \/>\nse puede ajustar seg\u00fan las necesidades.<br \/>\n\u2022 Control deslizante de velocidad:<br \/>\ncontrol deslizante de velocidad en la cubierta protectora del motor del ventilador.<\/p>\n","protected":false},"excerpt":{"rendered":"<p>Potente ventilador con pedestal de 20&#8243;<br \/>\nPalas de aluminio e interruptor giratorio<br \/>\n3 velocidades<br \/>\nOscilaci\u00f3n horizontal autom\u00e1tica<br \/>\nCabeza ajustable para enfriar el aire en un \u00e1ngulo amplio<br \/>\nTama\u00f1o: 24.01&#8243; X 19.29&#8243; X 62.2&#8243;<\/p>\n","protected":false},"featured_media":12202,"comment_status":"open","ping_status":"closed","template":"","meta":{"jetpack_publicize_message":"","jetpack_publicize_feature_enabled":true,"jetpack_social_post_already_shared":true,"jetpack_social_options":{"image_generator_settings":{"template":"highway","default_image_id":0,"font":"","enabled":false},"version":2}},"pwb-brand":[381],"product_brand":[],"product_cat":[289],"product_tag":[],"class_list":{"0":"post-12199","1":"product","2":"type-product","3":"status-publish","4":"has-post-thumbnail","6":"pwb-brand-ventisol","7":"product_cat-ventiladores-2","9":"first","10":"instock","11":"taxable","12":"shipping-taxable","13":"purchasable","14":"product-type-simple"},"yoast_head":"<!-- This site is optimized with the Yoast SEO Premium plugin v25.7.1 (Yoast SEO v26.8) - https:\/\/yoast.com\/product\/yoast-seo-premium-wordpress\/ -->\n<title>Ventilador Potente Pedestal 20&quot; - 50cm Ventisol - Mivoot<\/title>\n<meta name=\"robots\" content=\"index, follow, max-snippet:-1, max-image-preview:large, max-video-preview:-1\" \/>\n<link rel=\"canonical\" href=\"https:\/\/mivoot.com\/gt\/producto\/ventilador-potente-pedestal-20-50cm-ventisol\/\" \/>\n<meta property=\"og:locale\" content=\"es_ES\" \/>\n<meta property=\"og:type\" content=\"article\" \/>\n<meta property=\"og:title\" content=\"Ventilador Potente Pedestal 20&quot; - 50cm Ventisol\" \/>\n<meta property=\"og:description\" content=\"Potente ventilador con pedestal de 20&quot; Palas de aluminio e interruptor giratorio 3 velocidades Oscilaci\u00f3n horizontal autom\u00e1tica Cabeza ajustable para enfriar el aire en un \u00e1ngulo amplio Tama\u00f1o: 24.01&quot; X 19.29&quot; X 62.2&quot;\" \/>\n<meta property=\"og:url\" content=\"https:\/\/mivoot.com\/gt\/producto\/ventilador-potente-pedestal-20-50cm-ventisol\/\" \/>\n<meta property=\"og:site_name\" content=\"Mivoot\" \/>\n<meta property=\"article:publisher\" content=\"https:\/\/www.facebook.com\/mivootgt\" \/>\n<meta property=\"article:modified_time\" content=\"2023-03-11T03:22:18+00:00\" \/>\n<meta property=\"og:image\" content=\"https:\/\/mivoot.com\/gt\/wp-content\/uploads\/2023\/03\/c556615223db70ba29ef9a2abc8ca7453f3c10a2_HouseholdFans_401324_01.jpg\" \/>\n\t<meta property=\"og:image:width\" content=\"450\" \/>\n\t<meta property=\"og:image:height\" content=\"500\" \/>\n\t<meta property=\"og:image:type\" content=\"image\/jpeg\" \/>\n<meta name=\"twitter:card\" content=\"summary_large_image\" \/>\n<meta name=\"twitter:label1\" content=\"Est. reading time\" \/>\n\t<meta name=\"twitter:data1\" content=\"1 minuto\" \/>\n<script type=\"application\/ld+json\" class=\"yoast-schema-graph\">{\"@context\":\"https:\/\/schema.org\",\"@graph\":[{\"@type\":\"WebPage\",\"@id\":\"https:\/\/mivoot.com\/gt\/producto\/ventilador-potente-pedestal-20-50cm-ventisol\/\",\"url\":\"https:\/\/mivoot.com\/gt\/producto\/ventilador-potente-pedestal-20-50cm-ventisol\/\",\"name\":\"Ventilador Potente Pedestal 20\\\" - 50cm Ventisol - Mivoot\",\"isPartOf\":{\"@id\":\"https:\/\/mivoot.com\/gt\/#website\"},\"primaryImageOfPage\":{\"@id\":\"https:\/\/mivoot.com\/gt\/producto\/ventilador-potente-pedestal-20-50cm-ventisol\/#primaryimage\"},\"image\":{\"@id\":\"https:\/\/mivoot.com\/gt\/producto\/ventilador-potente-pedestal-20-50cm-ventisol\/#primaryimage\"},\"thumbnailUrl\":\"https:\/\/mivoot.com\/gt\/wp-content\/uploads\/2023\/03\/c556615223db70ba29ef9a2abc8ca7453f3c10a2_HouseholdFans_401324_01.jpg\",\"datePublished\":\"2023-03-11T03:20:57+00:00\",\"dateModified\":\"2023-03-11T03:22:18+00:00\",\"breadcrumb\":{\"@id\":\"https:\/\/mivoot.com\/gt\/producto\/ventilador-potente-pedestal-20-50cm-ventisol\/#breadcrumb\"},\"inLanguage\":\"es\",\"potentialAction\":[{\"@type\":\"ReadAction\",\"target\":[\"https:\/\/mivoot.com\/gt\/producto\/ventilador-potente-pedestal-20-50cm-ventisol\/\"]}]},{\"@type\":\"ImageObject\",\"inLanguage\":\"es\",\"@id\":\"https:\/\/mivoot.com\/gt\/producto\/ventilador-potente-pedestal-20-50cm-ventisol\/#primaryimage\",\"url\":\"https:\/\/mivoot.com\/gt\/wp-content\/uploads\/2023\/03\/c556615223db70ba29ef9a2abc8ca7453f3c10a2_HouseholdFans_401324_01.jpg\",\"contentUrl\":\"https:\/\/mivoot.com\/gt\/wp-content\/uploads\/2023\/03\/c556615223db70ba29ef9a2abc8ca7453f3c10a2_HouseholdFans_401324_01.jpg\",\"width\":450,\"height\":500},{\"@type\":\"BreadcrumbList\",\"@id\":\"https:\/\/mivoot.com\/gt\/producto\/ventilador-potente-pedestal-20-50cm-ventisol\/#breadcrumb\",\"itemListElement\":[{\"@type\":\"ListItem\",\"position\":1,\"name\":\"Inicio\",\"item\":\"https:\/\/mivoot.com\/gt\/\"},{\"@type\":\"ListItem\",\"position\":2,\"name\":\"Productos\",\"item\":\"https:\/\/mivoot.com\/gt\/producto\/\"},{\"@type\":\"ListItem\",\"position\":3,\"name\":\"Ventisol\",\"item\":\"https:\/\/mivoot.com\/gt\/marca\/ventisol\/\"},{\"@type\":\"ListItem\",\"position\":4,\"name\":\"Ventilador Potente Pedestal 20&#8243; &#8211; 50cm Ventisol\"}]},{\"@type\":\"WebSite\",\"@id\":\"https:\/\/mivoot.com\/gt\/#website\",\"url\":\"https:\/\/mivoot.com\/gt\/\",\"name\":\"Mivoot\",\"description\":\"Mivoot Guatemala | Tienda Online\",\"publisher\":{\"@id\":\"https:\/\/mivoot.com\/gt\/#organization\"},\"alternateName\":\"mivoot\",\"potentialAction\":[{\"@type\":\"SearchAction\",\"target\":{\"@type\":\"EntryPoint\",\"urlTemplate\":\"https:\/\/mivoot.com\/gt\/?s={search_term_string}\"},\"query-input\":{\"@type\":\"PropertyValueSpecification\",\"valueRequired\":true,\"valueName\":\"search_term_string\"}}],\"inLanguage\":\"es\"},{\"@type\":\"Organization\",\"@id\":\"https:\/\/mivoot.com\/gt\/#organization\",\"name\":\"Mivoot Guatemala\",\"alternateName\":\"mivoot.com\",\"url\":\"https:\/\/mivoot.com\/gt\/\",\"logo\":{\"@type\":\"ImageObject\",\"inLanguage\":\"es\",\"@id\":\"https:\/\/mivoot.com\/gt\/#\/schema\/logo\/image\/\",\"url\":\"https:\/\/mivoot.com\/gt\/wp-content\/uploads\/2023\/03\/cropped-icon.png\",\"contentUrl\":\"https:\/\/mivoot.com\/gt\/wp-content\/uploads\/2023\/03\/cropped-icon.png\",\"width\":512,\"height\":512,\"caption\":\"Mivoot Guatemala\"},\"image\":{\"@id\":\"https:\/\/mivoot.com\/gt\/#\/schema\/logo\/image\/\"},\"sameAs\":[\"https:\/\/www.facebook.com\/mivootgt\",\"https:\/\/instagram.com\/mivoot\"]}]}<\/script>\n<!-- \/ Yoast SEO Premium plugin. -->","yoast_head_json":{"title":"Ventilador Potente Pedestal 20\" - 50cm Ventisol - Mivoot","robots":{"index":"index","follow":"follow","max-snippet":"max-snippet:-1","max-image-preview":"max-image-preview:large","max-video-preview":"max-video-preview:-1"},"canonical":"https:\/\/mivoot.com\/gt\/producto\/ventilador-potente-pedestal-20-50cm-ventisol\/","og_locale":"es_ES","og_type":"article","og_title":"Ventilador Potente Pedestal 20\" - 50cm Ventisol","og_description":"Potente ventilador con pedestal de 20\" Palas de aluminio e interruptor giratorio 3 velocidades Oscilaci\u00f3n horizontal autom\u00e1tica Cabeza ajustable para enfriar el aire en un \u00e1ngulo amplio Tama\u00f1o: 24.01\" X 19.29\" X 62.2\"","og_url":"https:\/\/mivoot.com\/gt\/producto\/ventilador-potente-pedestal-20-50cm-ventisol\/","og_site_name":"Mivoot","article_publisher":"https:\/\/www.facebook.com\/mivootgt","article_modified_time":"2023-03-11T03:22:18+00:00","og_image":[{"width":450,"height":500,"url":"https:\/\/mivoot.com\/gt\/wp-content\/uploads\/2023\/03\/c556615223db70ba29ef9a2abc8ca7453f3c10a2_HouseholdFans_401324_01.jpg","type":"image\/jpeg"}],"twitter_card":"summary_large_image","twitter_misc":{"Est. reading time":"1 minuto"},"schema":{"@context":"https:\/\/schema.org","@graph":[{"@type":"WebPage","@id":"https:\/\/mivoot.com\/gt\/producto\/ventilador-potente-pedestal-20-50cm-ventisol\/","url":"https:\/\/mivoot.com\/gt\/producto\/ventilador-potente-pedestal-20-50cm-ventisol\/","name":"Ventilador Potente Pedestal 20\" - 50cm Ventisol - Mivoot","isPartOf":{"@id":"https:\/\/mivoot.com\/gt\/#website"},"primaryImageOfPage":{"@id":"https:\/\/mivoot.com\/gt\/producto\/ventilador-potente-pedestal-20-50cm-ventisol\/#primaryimage"},"image":{"@id":"https:\/\/mivoot.com\/gt\/producto\/ventilador-potente-pedestal-20-50cm-ventisol\/#primaryimage"},"thumbnailUrl":"https:\/\/mivoot.com\/gt\/wp-content\/uploads\/2023\/03\/c556615223db70ba29ef9a2abc8ca7453f3c10a2_HouseholdFans_401324_01.jpg","datePublished":"2023-03-11T03:20:57+00:00","dateModified":"2023-03-11T03:22:18+00:00","breadcrumb":{"@id":"https:\/\/mivoot.com\/gt\/producto\/ventilador-potente-pedestal-20-50cm-ventisol\/#breadcrumb"},"inLanguage":"es","potentialAction":[{"@type":"ReadAction","target":["https:\/\/mivoot.com\/gt\/producto\/ventilador-potente-pedestal-20-50cm-ventisol\/"]}]},{"@type":"ImageObject","inLanguage":"es","@id":"https:\/\/mivoot.com\/gt\/producto\/ventilador-potente-pedestal-20-50cm-ventisol\/#primaryimage","url":"https:\/\/mivoot.com\/gt\/wp-content\/uploads\/2023\/03\/c556615223db70ba29ef9a2abc8ca7453f3c10a2_HouseholdFans_401324_01.jpg","contentUrl":"https:\/\/mivoot.com\/gt\/wp-content\/uploads\/2023\/03\/c556615223db70ba29ef9a2abc8ca7453f3c10a2_HouseholdFans_401324_01.jpg","width":450,"height":500},{"@type":"BreadcrumbList","@id":"https:\/\/mivoot.com\/gt\/producto\/ventilador-potente-pedestal-20-50cm-ventisol\/#breadcrumb","itemListElement":[{"@type":"ListItem","position":1,"name":"Inicio","item":"https:\/\/mivoot.com\/gt\/"},{"@type":"ListItem","position":2,"name":"Productos","item":"https:\/\/mivoot.com\/gt\/producto\/"},{"@type":"ListItem","position":3,"name":"Ventisol","item":"https:\/\/mivoot.com\/gt\/marca\/ventisol\/"},{"@type":"ListItem","position":4,"name":"Ventilador Potente Pedestal 20&#8243; &#8211; 50cm Ventisol"}]},{"@type":"WebSite","@id":"https:\/\/mivoot.com\/gt\/#website","url":"https:\/\/mivoot.com\/gt\/","name":"Mivoot","description":"Mivoot Guatemala | Tienda Online","publisher":{"@id":"https:\/\/mivoot.com\/gt\/#organization"},"alternateName":"mivoot","potentialAction":[{"@type":"SearchAction","target":{"@type":"EntryPoint","urlTemplate":"https:\/\/mivoot.com\/gt\/?s={search_term_string}"},"query-input":{"@type":"PropertyValueSpecification","valueRequired":true,"valueName":"search_term_string"}}],"inLanguage":"es"},{"@type":"Organization","@id":"https:\/\/mivoot.com\/gt\/#organization","name":"Mivoot Guatemala","alternateName":"mivoot.com","url":"https:\/\/mivoot.com\/gt\/","logo":{"@type":"ImageObject","inLanguage":"es","@id":"https:\/\/mivoot.com\/gt\/#\/schema\/logo\/image\/","url":"https:\/\/mivoot.com\/gt\/wp-content\/uploads\/2023\/03\/cropped-icon.png","contentUrl":"https:\/\/mivoot.com\/gt\/wp-content\/uploads\/2023\/03\/cropped-icon.png","width":512,"height":512,"caption":"Mivoot Guatemala"},"image":{"@id":"https:\/\/mivoot.com\/gt\/#\/schema\/logo\/image\/"},"sameAs":["https:\/\/www.facebook.com\/mivootgt","https:\/\/instagram.com\/mivoot"]}]}},"jetpack_publicize_connections":[],"jetpack_sharing_enabled":true,"brands":[{"id":381,"name":"Ventisol","slug":"ventisol"}],"_links":{"self":[{"href":"https:\/\/mivoot.com\/gt\/wp-json\/wp\/v2\/product\/12199","targetHints":{"allow":["GET"]}}],"collection":[{"href":"https:\/\/mivoot.com\/gt\/wp-json\/wp\/v2\/product"}],"about":[{"href":"https:\/\/mivoot.com\/gt\/wp-json\/wp\/v2\/types\/product"}],"replies":[{"embeddable":true,"href":"https:\/\/mivoot.com\/gt\/wp-json\/wp\/v2\/comments?post=12199"}],"version-history":[{"count":1,"href":"https:\/\/mivoot.com\/gt\/wp-json\/wp\/v2\/product\/12199\/revisions"}],"predecessor-version":[{"id":12203,"href":"https:\/\/mivoot.com\/gt\/wp-json\/wp\/v2\/product\/12199\/revisions\/12203"}],"wp:featuredmedia":[{"embeddable":true,"href":"https:\/\/mivoot.com\/gt\/wp-json\/wp\/v2\/media\/12202"}],"wp:attachment":[{"href":"https:\/\/mivoot.com\/gt\/wp-json\/wp\/v2\/media?parent=12199"}],"wp:term":[{"taxonomy":"pwb-brand","embeddable":true,"href":"https:\/\/mivoot.com\/gt\/wp-json\/wp\/v2\/pwb-brand?post=12199"},{"taxonomy":"product_brand","embeddable":true,"href":"https:\/\/mivoot.com\/gt\/wp-json\/wp\/v2\/product_brand?post=12199"},{"taxonomy":"product_cat","embeddable":true,"href":"https:\/\/mivoot.com\/gt\/wp-json\/wp\/v2\/product_cat?post=12199"},{"taxonomy":"product_tag","embeddable":true,"href":"https:\/\/mivoot.com\/gt\/wp-json\/wp\/v2\/product_tag?post=12199"}],"curies":[{"name":"wp","href":"https:\/\/api.w.org\/{rel}","templated":true}]}}