{"id":12267,"date":"2023-03-13T17:10:03","date_gmt":"2023-03-13T23:10:03","guid":{"rendered":"https:\/\/mivoot.com\/gt\/?post_type=product&#038;p=12267"},"modified":"2023-03-13T17:37:05","modified_gmt":"2023-03-13T23:37:05","slug":"impresora-multifuncional-ecotank-l3210-epson","status":"publish","type":"product","link":"https:\/\/mivoot.com\/gt\/producto\/impresora-multifuncional-ecotank-l3210-epson\/","title":{"rendered":"Impresora Multifuncional USB Ecotank L3210 Epson"},"content":{"rendered":"<h3 class=\"name\">Impresora multifuncional 3 en 1 EcoTank L3210 con impresi\u00f3n 100% sin cartuchos<\/h3>\n<div class=\"description\">\n<p>La Impresora multifuncional 3 en 1 Epson EcoTank L3210\u00a0 ofrece a las familias, estudiantes y profesionales un costo de impresi\u00f3n ultra bajo, que te permite imprimir hasta\u00a0 4.500 p\u00e1ginas en negro o\u00a0 7.500 p\u00e1ginas a color con cada juego de botellas de repuesto<sup>4<\/sup>. La L3210\u00a0 ofrece total confiabilidad gracias a la tecnolog\u00eda Heat-Free de Epson, adem\u00e1s de una experiencia de recarga f\u00e1cil, limpia y sin errores con la tecnolog\u00eda EcoFit<sup>TM<\/sup>, y un dise\u00f1o de tanque frontal s\u00faper compacto que ocupa poco espacio y permite\u00a0 verificar f\u00e1cilmente los niveles de tinta<\/p>\n<ul>\n<li><strong>Conectividad Est\u00e1ndar:\u00a0<\/strong>USB de alta velocidad (compatible con USB 2.0)<\/li>\n<li>Inyecci\u00f3n de tinta Heat-FreeTM Micro Piezo de 4 colores (CMYK)<\/li>\n<li><strong>Resoluci\u00f3n M\u00e1xima de Impresi\u00f3n:\u00a0<\/strong>Hasta 5760 dpi x 1440 dpi<\/li>\n<li><strong>Velocidad de Impresi\u00f3n ISO:\u00a0<\/strong>Negro 10 ppm y color 5 ppm (A4\/carta)<\/li>\n<li><strong>Velocidad de Impresi\u00f3n:\u00a0<\/strong>Negro 33 ppm y color 15 ppm (borrador, A4\/carta<\/li>\n<li><strong>M\u00e1ximo Tama\u00f1o de Copia:\u00a0<\/strong>A4\/carta \u2013 600 dpi x 1.200 dpi<\/li>\n<li><strong>Capacidad de Papel:\u00a0<\/strong>Alimentaci\u00f3n trasera: hasta 100 hojas (A4\/Carta)<\/li>\n<li><strong>Tama\u00f1o de la cama plana del esc\u00e1ner:\u00a0<\/strong>216 mm x 297 mm<\/li>\n<\/ul>\n<\/div>\n<section class=\"s_text_image pt24\">\n<div class=\"container\">\n<div class=\"row align-items-center\">\n<div class=\"col-lg-6 pt16 pb16\">\n<p class=\"mb16\"><b><span>EPSON L3210<\/span><\/b><\/p>\n<p class=\"mb16 o_default_snippet_text\"><span>Dile adi\u00f3s a los cartuchos<\/span><\/p>\n<p class=\"mb16\"><span>Disfrute de un costo por p\u00e1gina ultra bajo\u00a0con este EcoTank multifunci\u00f3n sin cartuchos, perfecto para hogares modernos y ocupados.<\/span><\/p>\n<\/div>\n<div class=\"col-lg-6 pt16 pb16\">\n<div class=\"t_img_hover_1\"><img decoding=\"async\" class=\"img img-fluid mx-auto\" title=\"\" src=\"https:\/\/www.mytec.com.gt\/web\/image\/1059226\/6.1.png?access_token=7e8d5d59-b620-4e02-be03-d5a6641ca08a\" alt=\"Clarico-Text-Image\" data-original-title=\"\" aria-describedby=\"tooltip232874\" \/><\/div>\n<\/div>\n<\/div>\n<\/div>\n<\/section>\n<section class=\"s_text_block pt24\">\n<div class=\"container\">\n<div class=\"row\">\n<div class=\"pt32 pb32 col-lg-6\">\n<p class=\"lead\"><span>Epson L3210<\/span><\/p>\n<\/div>\n<div class=\"pt32 pb32 col-lg-6\"><span>Ahorre hasta un 90% en costos de impresi\u00f3n con las impresoras EcoTank sin cartuchos de Epson. Suministrados con botellas de tinta de alto rendimiento, los tanques de tinta integrados son f\u00e1ciles de llenar gracias a las botellas de tinta especialmente dise\u00f1adas. Sin cartuchos que reemplazar y caracter\u00edsticas de conectividad flexibles, esta es la impresora perfecta para cualquiera que busque impresiones de alta calidad a un costo por p\u00e1gina incre\u00edblemente bajo.<\/span><\/div>\n<\/div>\n<\/div>\n<\/section>\n<section class=\"s_text_block\">\n<div class=\"container\">\n<div class=\"row\">\n<div class=\"pt32 pb32 col-lg-6\">\n<p class=\"lead\"><span><b>Dile adi\u00f3sa los cartuchos<\/b><\/span><\/p>\n<p><span>Impresi\u00f3n, escaneo y copia en casa sin complicaciones: los tanques de tinta de capacidad ultra alta permiten recargas sin problemas y las botellas con cerradura con llave est\u00e1n dise\u00f1adas para que solo se pueda insertar el color correcto.<\/span><\/div>\n<div class=\"pt32 pb32 col-lg-6\">\n<p class=\"lead\"><span><b>Sigue ahorrando<\/b><\/span><\/p>\n<p><span>Esta impresora EcoTank le ahorra hasta un 90% en costos de impresi\u00f3n. Imprima hasta 8.100 p\u00e1ginas en negro y 6.500 en color, un juego de botellas de tinta de repuesto ofrece el equivalente a hasta 66 cartuchos de tinta.<\/span><\/div>\n<\/div>\n<\/div>\n<\/section>\n<section class=\"s_text_block\">\n<div class=\"container\">\n<div class=\"row\">\n<div class=\"pt32 pb32 col-lg-6\">\n<p class=\"lead\"><span><b>Repleto de caracter\u00edsticas<\/b><\/span><\/p>\n<p><span>Con una bandeja de papel posterior de 100 hojas, impresi\u00f3n de fotograf\u00edas sin bordes (hasta 10 x 15 cm) y velocidades de impresi\u00f3n de hasta 10 p\u00e1ginas por minuto, puede acelerar una variedad de tareas con facilidad.<\/span><\/div>\n<div class=\"pt32 pb32 col-lg-6\">\n<p class=\"lead\"><span><b>Tecnolog\u00eda sin calor<\/b><\/span><\/p>\n<p><span>Con la tecnolog\u00eda Micro Piezo Heat-Free, puede disfrutar de un consumo de energ\u00eda reducido. El cabezal de impresi\u00f3n tambi\u00e9n viene preinstalado, por lo que configurar su impresora es sencillo.<\/span><\/div>\n<\/div>\n<\/div>\n<\/section>\n<section class=\"s_text_image\">\n<div class=\"container\">\n<div class=\"row align-items-center\">\n<div class=\"col-lg-6 pt16 pb16\">\n<h2 class=\"te_s_it_heading text-uppercase\">CARACTERISTICAS CLAVE<\/h2>\n<div class=\"s_hr text-left pb32 pt8\">\n<hr class=\"border-600 s_hr_solid w-25 mr-auto s_hr_4px border-alpha\" \/>\n<\/div>\n<ul>\n<li>\n<p class=\"mb16 o_default_snippet_text\"><span>Impresi\u00f3n de muy bajo costo: Ahorre hasta un 90% en los costos de impresi\u00f3n<\/span><\/p>\n<\/li>\n<\/ul>\n<ul>\n<li>\n<p class=\"mb16\"><span>Botellas de tinta de repuesto de alto rendimiento: hasta 66 cartuchos de tinta de un solo juego de botellas de tinta<\/span><\/p>\n<\/li>\n<\/ul>\n<ul>\n<li>\n<p class=\"mb16\"><span>Sistema de tanque de tinta sin complicaciones: disfrute de recargas sin problemas con botellas con cerradura con llave y tanques frontales<\/span><\/p>\n<\/li>\n<\/ul>\n<ul>\n<li>\n<p class=\"mb16\"><span>Impresora multifunci\u00f3n: impresi\u00f3n, copia y escaneo e impresi\u00f3n de fotograf\u00edas sin bordes<\/span><\/p>\n<\/li>\n<\/ul>\n<\/div>\n<div class=\"col-lg-6 pt16 pb16\">\n<div class=\"t_img_hover_1\"><img decoding=\"async\" class=\"img img-fluid mx-auto\" title=\"\" src=\"https:\/\/www.mytec.com.gt\/web\/image\/1059262\/3.1-min.jpg?access_token=891760a9-8463-4d83-b4f6-af19b67058c5\" alt=\"Clarico-Text-Image\" data-original-title=\"\" aria-describedby=\"tooltip237102\" \/><\/div>\n<\/div>\n<\/div>\n<\/div>\n<\/section>\n<section class=\"s_text_block\">\n<div class=\"container\">\n<div class=\"row\">\n<div class=\"pt32 pb32 col-lg-10 offset-lg-2\">\n<p class=\"lead\"><span>Cartuchos de tinta<\/span><\/p>\n<\/div>\n<\/div>\n<\/div>\n<\/section>\n<section class=\"s_text_image\">\n<div class=\"container\">\n<div class=\"row align-items-center\">\n<div class=\"col-lg-1 offset-lg-2\">\n<div class=\"t_img_hover_1\"><img decoding=\"async\" class=\"img img-fluid mx-auto\" title=\"\" src=\"https:\/\/www.mytec.com.gt\/web\/image\/1059264\/7.png?access_token=118d9c01-c2a0-47ff-b57c-6e8971956d52\" alt=\"Clarico-Image-Text\" data-original-title=\"\" aria-describedby=\"tooltip839811\" \/> \u00a0<b style=\"color: #555555; font-size: 14.4px;\">BOTELLA DE TINTA NEGRA 103 ECOTANK\u00a0 <\/b><span style=\"color: #555555; font-size: 14.4px;\">4500 p\u00e1ginas<\/span><\/div>\n<\/div>\n<\/div>\n<\/div>\n<\/section>\n<section class=\"s_text_image\">\n<div class=\"container\">\n<div class=\"row align-items-center\">\n<div class=\"offset-lg-2 col-lg-1\">\n<div class=\"t_img_hover_1\"><img decoding=\"async\" class=\"img img-fluid mx-auto\" title=\"\" src=\"https:\/\/www.mytec.com.gt\/web\/image\/1059266\/8.png?access_token=20a97a0b-6cae-4d93-80cb-1d64d44bf39d\" alt=\"Clarico-Image-Text\" data-original-title=\"\" aria-describedby=\"tooltip839811\" \/> <b style=\"color: #555555; font-size: 14.4px;\">103 BOTELLA DE TINTA ECOTANK CYAN <\/b><span style=\"color: #555555; font-size: 14.4px;\">7.500 p\u00e1ginas<\/span><\/div>\n<\/div>\n<\/div>\n<\/div>\n<\/section>\n<section class=\"s_text_image\">\n<div class=\"container\">\n<div class=\"row align-items-center\">\n<div class=\"col-lg-1 offset-lg-2\">\n<div class=\"t_img_hover_1\"><img decoding=\"async\" class=\"img img-fluid mx-auto\" title=\"\" src=\"https:\/\/www.mytec.com.gt\/web\/image\/1059268\/9.png?access_token=d7dfb318-b3af-445e-a571-f92df5065b56\" alt=\"Clarico-Image-Text\" data-original-title=\"\" aria-describedby=\"tooltip839811\" \/> <b style=\"color: #555555; font-size: 14.4px;\">103 BOTELLA DE TINTA ECOTANK MAGENTA <\/b><span style=\"color: #555555; font-size: 14.4px;\">7.500 p\u00e1ginas<\/span><\/div>\n<\/div>\n<\/div>\n<\/div>\n<\/section>\n<section class=\"s_text_image\">\n<div class=\"container\">\n<div class=\"row align-items-center\">\n<div class=\"col-lg-1 offset-lg-2\">\n<div class=\"t_img_hover_1\"><img decoding=\"async\" class=\"img img-fluid mx-auto\" title=\"\" src=\"https:\/\/www.mytec.com.gt\/web\/image\/1059270\/10.png?access_token=32298451-ba2c-49d3-a091-ab40c17a5839\" alt=\"Clarico-Image-Text\" data-original-title=\"\" aria-describedby=\"tooltip839811\" \/> <b style=\"color: #555555; font-size: 14.4px;\">103 BOTELLA DE TINTA ECOTANK YELLOW <\/b><span style=\"color: #555555; font-size: 14.4px;\">7.500 p\u00e1ginas<\/span><\/div>\n<\/div>\n<\/div>\n<\/div>\n<\/section>\n","protected":false},"excerpt":{"rendered":"<p>&#8211; Impresora \/ Esc\u00e1ner \/ Copiadora<br \/>\n&#8211; D\u00faplex Manual<br \/>\n&#8211; Imprime 4.500 p\u00e1ginas en negro y 7.500 p\u00e1ginas a color<br \/>\n&#8211; Impresi\u00f3n de fotograf\u00edas sin bordes<br \/>\n&#8211; Resoluci\u00f3n M\u00e1xima de Impresi\u00f3n: Hasta 5760 dpi x 1440 dpi<br \/>\n&#8211; Velocidad m\u00e1xima 10 p\u00e1ginas\/Monocromo, 5 p\u00e1ginas\/Color por minuto<br \/>\n&#8211; Capacidad de Bandeja de salida 30 hojas<br \/>\n&#8211; M\u00e1ximo Tama\u00f1o de Copia: A4\/carta \u2013 600 dpi x 1.200 dpi<br \/>\n&#8211; Capacidad de Papel: Alimentaci\u00f3n trasera: hasta 100 hojas (A4\/Carta)<br \/>\n&#8211; Tama\u00f1o de la cama plana del esc\u00e1ner: 216 mm x 297 mm<br \/>\n&#8211; Interfaz USB<br \/>\n&#8211; Utiliza tinta Epson T544<br \/>\n&#8211; Conectividad Est\u00e1ndar: USB de alta velocidad (compatible con USB 2.0)<br \/>\n&#8211; Inyecci\u00f3n de tinta Heat-FreeTM Micro Piezo de 4 colores (CMYK)<\/p>\n","protected":false},"featured_media":12270,"comment_status":"open","ping_status":"closed","template":"","meta":{"jetpack_publicize_message":"","jetpack_publicize_feature_enabled":true,"jetpack_social_post_already_shared":true,"jetpack_social_options":{"image_generator_settings":{"template":"highway","default_image_id":0,"font":"","enabled":false},"version":2}},"pwb-brand":[188],"product_brand":[],"product_cat":[176],"product_tag":[],"class_list":{"0":"post-12267","1":"product","2":"type-product","3":"status-publish","4":"has-post-thumbnail","6":"pwb-brand-epson","7":"product_cat-impresora-multifuncional","9":"first","10":"instock","11":"taxable","12":"shipping-taxable","13":"purchasable","14":"product-type-simple"},"yoast_head":"<!-- This site is optimized with the Yoast SEO Premium plugin v25.7.1 (Yoast SEO v26.8) - https:\/\/yoast.com\/product\/yoast-seo-premium-wordpress\/ -->\n<title>Impresora Multifuncional USB Ecotank L3210 Epson - Mivoot<\/title>\n<meta name=\"robots\" content=\"index, follow, max-snippet:-1, max-image-preview:large, max-video-preview:-1\" \/>\n<link rel=\"canonical\" href=\"https:\/\/mivoot.com\/gt\/producto\/impresora-multifuncional-ecotank-l3210-epson\/\" \/>\n<meta property=\"og:locale\" content=\"es_ES\" \/>\n<meta property=\"og:type\" content=\"article\" \/>\n<meta property=\"og:title\" content=\"Impresora Multifuncional USB Ecotank L3210 Epson\" \/>\n<meta property=\"og:description\" content=\"- Impresora \/ Esc\u00e1ner \/ Copiadora - D\u00faplex Manual - Imprime 4.500 p\u00e1ginas en negro y 7.500 p\u00e1ginas a color - Impresi\u00f3n de fotograf\u00edas sin bordes - Resoluci\u00f3n M\u00e1xima de Impresi\u00f3n: Hasta 5760 dpi x 1440 dpi - Velocidad m\u00e1xima 10 p\u00e1ginas\/Monocromo, 5 p\u00e1ginas\/Color por minuto - Capacidad de Bandeja de salida 30 hojas - M\u00e1ximo Tama\u00f1o de Copia: A4\/carta \u2013 600 dpi x 1.200 dpi - Capacidad de Papel: Alimentaci\u00f3n trasera: hasta 100 hojas (A4\/Carta) - Tama\u00f1o de la cama plana del esc\u00e1ner: 216 mm x 297 mm - Interfaz USB - Utiliza tinta Epson T544 - Conectividad Est\u00e1ndar: USB de alta velocidad (compatible con USB 2.0) - Inyecci\u00f3n de tinta Heat-FreeTM Micro Piezo de 4 colores (CMYK)\" \/>\n<meta property=\"og:url\" content=\"https:\/\/mivoot.com\/gt\/producto\/impresora-multifuncional-ecotank-l3210-epson\/\" \/>\n<meta property=\"og:site_name\" content=\"Mivoot\" \/>\n<meta property=\"article:publisher\" content=\"https:\/\/www.facebook.com\/mivootgt\" \/>\n<meta property=\"article:modified_time\" content=\"2023-03-13T23:37:05+00:00\" \/>\n<meta property=\"og:image\" content=\"https:\/\/mivoot.com\/gt\/wp-content\/uploads\/2023\/03\/C11CJ68301-Impresora-Epson-multifuncional-EcoTank-L3210-3-en-1-conexion-USB.jpeg\" \/>\n\t<meta property=\"og:image:width\" content=\"500\" \/>\n\t<meta property=\"og:image:height\" content=\"500\" \/>\n\t<meta property=\"og:image:type\" content=\"image\/jpeg\" \/>\n<meta name=\"twitter:card\" content=\"summary_large_image\" \/>\n<meta name=\"twitter:label1\" content=\"Est. reading time\" \/>\n\t<meta name=\"twitter:data1\" content=\"4 minutos\" \/>\n<script type=\"application\/ld+json\" class=\"yoast-schema-graph\">{\"@context\":\"https:\/\/schema.org\",\"@graph\":[{\"@type\":\"WebPage\",\"@id\":\"https:\/\/mivoot.com\/gt\/producto\/impresora-multifuncional-ecotank-l3210-epson\/\",\"url\":\"https:\/\/mivoot.com\/gt\/producto\/impresora-multifuncional-ecotank-l3210-epson\/\",\"name\":\"Impresora Multifuncional USB Ecotank L3210 Epson - Mivoot\",\"isPartOf\":{\"@id\":\"https:\/\/mivoot.com\/gt\/#website\"},\"primaryImageOfPage\":{\"@id\":\"https:\/\/mivoot.com\/gt\/producto\/impresora-multifuncional-ecotank-l3210-epson\/#primaryimage\"},\"image\":{\"@id\":\"https:\/\/mivoot.com\/gt\/producto\/impresora-multifuncional-ecotank-l3210-epson\/#primaryimage\"},\"thumbnailUrl\":\"https:\/\/mivoot.com\/gt\/wp-content\/uploads\/2023\/03\/C11CJ68301-Impresora-Epson-multifuncional-EcoTank-L3210-3-en-1-conexion-USB.jpeg\",\"datePublished\":\"2023-03-13T23:10:03+00:00\",\"dateModified\":\"2023-03-13T23:37:05+00:00\",\"breadcrumb\":{\"@id\":\"https:\/\/mivoot.com\/gt\/producto\/impresora-multifuncional-ecotank-l3210-epson\/#breadcrumb\"},\"inLanguage\":\"es\",\"potentialAction\":[{\"@type\":\"ReadAction\",\"target\":[\"https:\/\/mivoot.com\/gt\/producto\/impresora-multifuncional-ecotank-l3210-epson\/\"]}]},{\"@type\":\"ImageObject\",\"inLanguage\":\"es\",\"@id\":\"https:\/\/mivoot.com\/gt\/producto\/impresora-multifuncional-ecotank-l3210-epson\/#primaryimage\",\"url\":\"https:\/\/mivoot.com\/gt\/wp-content\/uploads\/2023\/03\/C11CJ68301-Impresora-Epson-multifuncional-EcoTank-L3210-3-en-1-conexion-USB.jpeg\",\"contentUrl\":\"https:\/\/mivoot.com\/gt\/wp-content\/uploads\/2023\/03\/C11CJ68301-Impresora-Epson-multifuncional-EcoTank-L3210-3-en-1-conexion-USB.jpeg\",\"width\":500,\"height\":500},{\"@type\":\"BreadcrumbList\",\"@id\":\"https:\/\/mivoot.com\/gt\/producto\/impresora-multifuncional-ecotank-l3210-epson\/#breadcrumb\",\"itemListElement\":[{\"@type\":\"ListItem\",\"position\":1,\"name\":\"Inicio\",\"item\":\"https:\/\/mivoot.com\/gt\/\"},{\"@type\":\"ListItem\",\"position\":2,\"name\":\"Productos\",\"item\":\"https:\/\/mivoot.com\/gt\/producto\/\"},{\"@type\":\"ListItem\",\"position\":3,\"name\":\"Epson\",\"item\":\"https:\/\/mivoot.com\/gt\/marca\/epson\/\"},{\"@type\":\"ListItem\",\"position\":4,\"name\":\"Impresora Multifuncional USB Ecotank L3210 Epson\"}]},{\"@type\":\"WebSite\",\"@id\":\"https:\/\/mivoot.com\/gt\/#website\",\"url\":\"https:\/\/mivoot.com\/gt\/\",\"name\":\"Mivoot\",\"description\":\"Mivoot Guatemala | Tienda Online\",\"publisher\":{\"@id\":\"https:\/\/mivoot.com\/gt\/#organization\"},\"alternateName\":\"mivoot\",\"potentialAction\":[{\"@type\":\"SearchAction\",\"target\":{\"@type\":\"EntryPoint\",\"urlTemplate\":\"https:\/\/mivoot.com\/gt\/?s={search_term_string}\"},\"query-input\":{\"@type\":\"PropertyValueSpecification\",\"valueRequired\":true,\"valueName\":\"search_term_string\"}}],\"inLanguage\":\"es\"},{\"@type\":\"Organization\",\"@id\":\"https:\/\/mivoot.com\/gt\/#organization\",\"name\":\"Mivoot Guatemala\",\"alternateName\":\"mivoot.com\",\"url\":\"https:\/\/mivoot.com\/gt\/\",\"logo\":{\"@type\":\"ImageObject\",\"inLanguage\":\"es\",\"@id\":\"https:\/\/mivoot.com\/gt\/#\/schema\/logo\/image\/\",\"url\":\"https:\/\/mivoot.com\/gt\/wp-content\/uploads\/2023\/03\/cropped-icon.png\",\"contentUrl\":\"https:\/\/mivoot.com\/gt\/wp-content\/uploads\/2023\/03\/cropped-icon.png\",\"width\":512,\"height\":512,\"caption\":\"Mivoot Guatemala\"},\"image\":{\"@id\":\"https:\/\/mivoot.com\/gt\/#\/schema\/logo\/image\/\"},\"sameAs\":[\"https:\/\/www.facebook.com\/mivootgt\",\"https:\/\/instagram.com\/mivoot\"]}]}<\/script>\n<!-- \/ Yoast SEO Premium plugin. -->","yoast_head_json":{"title":"Impresora Multifuncional USB Ecotank L3210 Epson - Mivoot","robots":{"index":"index","follow":"follow","max-snippet":"max-snippet:-1","max-image-preview":"max-image-preview:large","max-video-preview":"max-video-preview:-1"},"canonical":"https:\/\/mivoot.com\/gt\/producto\/impresora-multifuncional-ecotank-l3210-epson\/","og_locale":"es_ES","og_type":"article","og_title":"Impresora Multifuncional USB Ecotank L3210 Epson","og_description":"- Impresora \/ Esc\u00e1ner \/ Copiadora - D\u00faplex Manual - Imprime 4.500 p\u00e1ginas en negro y 7.500 p\u00e1ginas a color - Impresi\u00f3n de fotograf\u00edas sin bordes - Resoluci\u00f3n M\u00e1xima de Impresi\u00f3n: Hasta 5760 dpi x 1440 dpi - Velocidad m\u00e1xima 10 p\u00e1ginas\/Monocromo, 5 p\u00e1ginas\/Color por minuto - Capacidad de Bandeja de salida 30 hojas - M\u00e1ximo Tama\u00f1o de Copia: A4\/carta \u2013 600 dpi x 1.200 dpi - Capacidad de Papel: Alimentaci\u00f3n trasera: hasta 100 hojas (A4\/Carta) - Tama\u00f1o de la cama plana del esc\u00e1ner: 216 mm x 297 mm - Interfaz USB - Utiliza tinta Epson T544 - Conectividad Est\u00e1ndar: USB de alta velocidad (compatible con USB 2.0) - Inyecci\u00f3n de tinta Heat-FreeTM Micro Piezo de 4 colores (CMYK)","og_url":"https:\/\/mivoot.com\/gt\/producto\/impresora-multifuncional-ecotank-l3210-epson\/","og_site_name":"Mivoot","article_publisher":"https:\/\/www.facebook.com\/mivootgt","article_modified_time":"2023-03-13T23:37:05+00:00","og_image":[{"width":500,"height":500,"url":"https:\/\/mivoot.com\/gt\/wp-content\/uploads\/2023\/03\/C11CJ68301-Impresora-Epson-multifuncional-EcoTank-L3210-3-en-1-conexion-USB.jpeg","type":"image\/jpeg"}],"twitter_card":"summary_large_image","twitter_misc":{"Est. reading time":"4 minutos"},"schema":{"@context":"https:\/\/schema.org","@graph":[{"@type":"WebPage","@id":"https:\/\/mivoot.com\/gt\/producto\/impresora-multifuncional-ecotank-l3210-epson\/","url":"https:\/\/mivoot.com\/gt\/producto\/impresora-multifuncional-ecotank-l3210-epson\/","name":"Impresora Multifuncional USB Ecotank L3210 Epson - Mivoot","isPartOf":{"@id":"https:\/\/mivoot.com\/gt\/#website"},"primaryImageOfPage":{"@id":"https:\/\/mivoot.com\/gt\/producto\/impresora-multifuncional-ecotank-l3210-epson\/#primaryimage"},"image":{"@id":"https:\/\/mivoot.com\/gt\/producto\/impresora-multifuncional-ecotank-l3210-epson\/#primaryimage"},"thumbnailUrl":"https:\/\/mivoot.com\/gt\/wp-content\/uploads\/2023\/03\/C11CJ68301-Impresora-Epson-multifuncional-EcoTank-L3210-3-en-1-conexion-USB.jpeg","datePublished":"2023-03-13T23:10:03+00:00","dateModified":"2023-03-13T23:37:05+00:00","breadcrumb":{"@id":"https:\/\/mivoot.com\/gt\/producto\/impresora-multifuncional-ecotank-l3210-epson\/#breadcrumb"},"inLanguage":"es","potentialAction":[{"@type":"ReadAction","target":["https:\/\/mivoot.com\/gt\/producto\/impresora-multifuncional-ecotank-l3210-epson\/"]}]},{"@type":"ImageObject","inLanguage":"es","@id":"https:\/\/mivoot.com\/gt\/producto\/impresora-multifuncional-ecotank-l3210-epson\/#primaryimage","url":"https:\/\/mivoot.com\/gt\/wp-content\/uploads\/2023\/03\/C11CJ68301-Impresora-Epson-multifuncional-EcoTank-L3210-3-en-1-conexion-USB.jpeg","contentUrl":"https:\/\/mivoot.com\/gt\/wp-content\/uploads\/2023\/03\/C11CJ68301-Impresora-Epson-multifuncional-EcoTank-L3210-3-en-1-conexion-USB.jpeg","width":500,"height":500},{"@type":"BreadcrumbList","@id":"https:\/\/mivoot.com\/gt\/producto\/impresora-multifuncional-ecotank-l3210-epson\/#breadcrumb","itemListElement":[{"@type":"ListItem","position":1,"name":"Inicio","item":"https:\/\/mivoot.com\/gt\/"},{"@type":"ListItem","position":2,"name":"Productos","item":"https:\/\/mivoot.com\/gt\/producto\/"},{"@type":"ListItem","position":3,"name":"Epson","item":"https:\/\/mivoot.com\/gt\/marca\/epson\/"},{"@type":"ListItem","position":4,"name":"Impresora Multifuncional USB Ecotank L3210 Epson"}]},{"@type":"WebSite","@id":"https:\/\/mivoot.com\/gt\/#website","url":"https:\/\/mivoot.com\/gt\/","name":"Mivoot","description":"Mivoot Guatemala | Tienda Online","publisher":{"@id":"https:\/\/mivoot.com\/gt\/#organization"},"alternateName":"mivoot","potentialAction":[{"@type":"SearchAction","target":{"@type":"EntryPoint","urlTemplate":"https:\/\/mivoot.com\/gt\/?s={search_term_string}"},"query-input":{"@type":"PropertyValueSpecification","valueRequired":true,"valueName":"search_term_string"}}],"inLanguage":"es"},{"@type":"Organization","@id":"https:\/\/mivoot.com\/gt\/#organization","name":"Mivoot Guatemala","alternateName":"mivoot.com","url":"https:\/\/mivoot.com\/gt\/","logo":{"@type":"ImageObject","inLanguage":"es","@id":"https:\/\/mivoot.com\/gt\/#\/schema\/logo\/image\/","url":"https:\/\/mivoot.com\/gt\/wp-content\/uploads\/2023\/03\/cropped-icon.png","contentUrl":"https:\/\/mivoot.com\/gt\/wp-content\/uploads\/2023\/03\/cropped-icon.png","width":512,"height":512,"caption":"Mivoot Guatemala"},"image":{"@id":"https:\/\/mivoot.com\/gt\/#\/schema\/logo\/image\/"},"sameAs":["https:\/\/www.facebook.com\/mivootgt","https:\/\/instagram.com\/mivoot"]}]}},"jetpack_publicize_connections":[],"jetpack_sharing_enabled":true,"brands":[{"id":188,"name":"Epson","slug":"epson"}],"_links":{"self":[{"href":"https:\/\/mivoot.com\/gt\/wp-json\/wp\/v2\/product\/12267","targetHints":{"allow":["GET"]}}],"collection":[{"href":"https:\/\/mivoot.com\/gt\/wp-json\/wp\/v2\/product"}],"about":[{"href":"https:\/\/mivoot.com\/gt\/wp-json\/wp\/v2\/types\/product"}],"replies":[{"embeddable":true,"href":"https:\/\/mivoot.com\/gt\/wp-json\/wp\/v2\/comments?post=12267"}],"version-history":[{"count":2,"href":"https:\/\/mivoot.com\/gt\/wp-json\/wp\/v2\/product\/12267\/revisions"}],"predecessor-version":[{"id":12276,"href":"https:\/\/mivoot.com\/gt\/wp-json\/wp\/v2\/product\/12267\/revisions\/12276"}],"wp:featuredmedia":[{"embeddable":true,"href":"https:\/\/mivoot.com\/gt\/wp-json\/wp\/v2\/media\/12270"}],"wp:attachment":[{"href":"https:\/\/mivoot.com\/gt\/wp-json\/wp\/v2\/media?parent=12267"}],"wp:term":[{"taxonomy":"pwb-brand","embeddable":true,"href":"https:\/\/mivoot.com\/gt\/wp-json\/wp\/v2\/pwb-brand?post=12267"},{"taxonomy":"product_brand","embeddable":true,"href":"https:\/\/mivoot.com\/gt\/wp-json\/wp\/v2\/product_brand?post=12267"},{"taxonomy":"product_cat","embeddable":true,"href":"https:\/\/mivoot.com\/gt\/wp-json\/wp\/v2\/product_cat?post=12267"},{"taxonomy":"product_tag","embeddable":true,"href":"https:\/\/mivoot.com\/gt\/wp-json\/wp\/v2\/product_tag?post=12267"}],"curies":[{"name":"wp","href":"https:\/\/api.w.org\/{rel}","templated":true}]}}