{"id":12314,"date":"2023-03-14T10:03:48","date_gmt":"2023-03-14T16:03:48","guid":{"rendered":"https:\/\/mivoot.com\/gt\/?post_type=product&#038;p=12314"},"modified":"2023-04-24T09:01:04","modified_gmt":"2023-04-24T15:01:04","slug":"smart-tv-32-led-hd-android-motorola","status":"publish","type":"product","link":"https:\/\/mivoot.com\/gt\/producto\/smart-tv-32-led-hd-android-motorola\/","title":{"rendered":"Smart TV 32&#8243; LED HD Android Motorola"},"content":{"rendered":"<p><span style=\"color: #000000;\">La Pantalla de 32\u2033 de Motorola, tiene un dise\u00f1o ultra delgado sin bordes para que vivas una experiencia sin l\u00edmites, con una calidad de imagen \u00fanica. Disfrut\u00e1 de las aplicaciones pre-instaladas como Netflix, YouTube y Prime V\u00eddeo. Divi\u00e9rtete en familia viendo tus series y pel\u00edculas favoritas.<\/span><\/p>\n<p><span style=\"color: #000000;\">La pantalla Motorola 32\u2033 HD presenta una nueva forma m\u00e1s inteligente de ver la televisi\u00f3n, con un dise\u00f1o atractivo y f\u00e1cil de navegar. Con Android TV disfrut\u00e1 de tu entretenimiento favorito, naveg\u00e1 en internet y mir\u00e1 tus videos en streaming. Adem\u00e1s, al contar con Google Play pod\u00e9s bajar f\u00e1cilmente aplicaciones y juegos al TV.<\/span><\/p>\n<p><span style=\"color: #000000;\">La pantalla Motorola te brinda sistema android 9 en el cual pod\u00e9s reproducir todo tu contenido, descubrir a\u00fan m\u00e1s contenido, obtener respuestas y controlar adicionalmente mas de tus dispositivos. Envi\u00e1 de forma simple y r\u00e1pida el contenido de tu tel\u00e9fono o computadora al televisor. Gracias a Chromecast Built-in el tema de compartir tu m\u00fasica, juegos, pel\u00edculas es muy f\u00e1cil. Basta s\u00f3lo con presionar el bot\u00f3n de Google Assistant en el control y pod\u00e9s pedirle a Google que haga cosas por vos, respuestas, descubrir contenido, reproducir contenido, planear tu d\u00eda y m\u00e1s.<\/span><\/p>\n<p><span style=\"color: #000000;\">La resoluci\u00f3n 4K de la pantalla Motorola 32\u2033 HD te ofrece m\u00e1s resoluci\u00f3n que las pantallas HD convencionales, im\u00e1genes HD con una claridad y nitidez incre\u00edbles. Adem\u00e1s, su panel innovador sin lavado de color proporciona una experiencia HD verdaderamente inmersiva y revolucionaria. Mir\u00e1 y escuch\u00e1 tus contenidos como quer\u00e9s. Disfrut\u00e1 de todos los detalles con una mejor precisi\u00f3n crom\u00e1tica. Dolby Multiscreen te brinda un sonido envolvente para tener una sensaci\u00f3n de espacio 3D.<\/span><\/p>\n<ul>\n<li>Aplicaciones pre-instaladas: Netflix, Primevideo y Youtube<\/li>\n<li>Memoria RAM 1 GB<\/li>\n<li>Memoria ROM 8 GB<\/li>\n<li>\n<div class=\"accTitle flex justify-between align-items-center\">\n<h5>CARACTER\u00cdSTICAS<\/h5>\n<\/div>\n<div class=\"accContent expandible expand\">\n<div class=\"table-wrapper\">\n<div class=\"table-wrapper\">\n<table>\n<tbody>\n<tr>\n<td>Marca<\/td>\n<td>Motorola<\/td>\n<\/tr>\n<tr>\n<td>Modelo<\/td>\n<td>MOT32HLC11<\/td>\n<\/tr>\n<tr>\n<td>Tama\u00f1o de la pantalla<\/td>\n<td>32&#8243;<\/td>\n<\/tr>\n<tr>\n<td>Tipo de pantalla<\/td>\n<td>LCD<\/td>\n<\/tr>\n<tr>\n<td>Resoluci\u00f3n<\/td>\n<td>1366\u00d7768<\/td>\n<\/tr>\n<tr>\n<td>Contraste<\/td>\n<td>900:1<\/td>\n<\/tr>\n<tr>\n<td>Tiempo de respuesta<\/td>\n<td>8 ms<\/td>\n<\/tr>\n<tr>\n<td>Escala de\u00a0visualizaci\u00f3n<\/td>\n<td>16:09<\/td>\n<\/tr>\n<tr>\n<td>Colores<\/td>\n<td>16.7m<\/td>\n<\/tr>\n<tr>\n<td>Luminancia central LCM de blanco<\/td>\n<td>Min:150cd\/m2;Typ:180cd\/m2<\/td>\n<\/tr>\n<tr>\n<td>GPU<\/td>\n<td>Mali G31 MP2\/Dual-core<\/td>\n<\/tr>\n<tr>\n<td>RAM<\/td>\n<td>1 GB<\/td>\n<\/tr>\n<tr>\n<td>ROM<\/td>\n<td>8 GB<\/td>\n<\/tr>\n<tr>\n<td>HDMI<\/td>\n<td>2<\/td>\n<\/tr>\n<tr>\n<td>USB<\/td>\n<td>2<\/td>\n<\/tr>\n<tr>\n<td>Sistema operativo<\/td>\n<td>Android 11<\/td>\n<\/tr>\n<tr>\n<td>Potencia Nominal<\/td>\n<td>75 W<\/td>\n<\/tr>\n<tr>\n<td>Dimensiones (Largo x Ancho x Alto)<\/td>\n<td>720 x 223 x 477 mm<\/td>\n<\/tr>\n<tr>\n<td>Peso<\/td>\n<td>39 Kg<\/td>\n<\/tr>\n<\/tbody>\n<\/table>\n<\/div>\n<\/div>\n<\/div>\n<\/li>\n<\/ul>\n","protected":false},"excerpt":{"rendered":"<p>Sistema operativo Android 11<br \/>\nResoluci\u00f3n HD 1366 x 768 p\u00edxeles.<br \/>\nMarcos sin bordes<br \/>\nAplicaciones pre-instaladas: Netflix, Primevideo y Youtube.<br \/>\nProcesador: ARM CORTEX-A55\/ 1. 45 GHz\/Quad core<br \/>\nGPU: Mali G31 MP2\/DUAL CORE<br \/>\nRAM: 1GB<br \/>\nROM: 8GB<br \/>\nSistema Operativo: Android 11<br \/>\nControl Remoto: Controlado por voz<br \/>\nControl remoto con asistente de Google<br \/>\nCromecast incorporado..<\/p>\n","protected":false},"featured_media":12317,"comment_status":"open","ping_status":"closed","template":"","meta":{"jetpack_publicize_message":"","jetpack_publicize_feature_enabled":true,"jetpack_social_post_already_shared":true,"jetpack_social_options":{"image_generator_settings":{"template":"highway","default_image_id":0,"font":"","enabled":false},"version":2}},"pwb-brand":[314],"product_brand":[],"product_cat":[284],"product_tag":[],"class_list":{"0":"post-12314","1":"product","2":"type-product","3":"status-publish","4":"has-post-thumbnail","6":"pwb-brand-motorola","7":"product_cat-televisores","9":"first","10":"instock","11":"taxable","12":"shipping-taxable","13":"purchasable","14":"product-type-simple"},"yoast_head":"<!-- This site is optimized with the Yoast SEO Premium plugin v25.7.1 (Yoast SEO v26.8) - https:\/\/yoast.com\/product\/yoast-seo-premium-wordpress\/ -->\n<title>Smart TV 32&quot; LED HD Android Motorola - Mivoot<\/title>\n<meta name=\"robots\" content=\"index, follow, max-snippet:-1, max-image-preview:large, max-video-preview:-1\" \/>\n<link rel=\"canonical\" href=\"https:\/\/mivoot.com\/gt\/producto\/smart-tv-32-led-hd-android-motorola\/\" \/>\n<meta property=\"og:locale\" content=\"es_ES\" \/>\n<meta property=\"og:type\" content=\"article\" \/>\n<meta property=\"og:title\" content=\"Smart TV 32&quot; LED HD Android Motorola\" \/>\n<meta property=\"og:description\" content=\"Sistema operativo Android 11 Resoluci\u00f3n HD 1366 x 768 p\u00edxeles. Marcos sin bordes Aplicaciones pre-instaladas: Netflix, Primevideo y Youtube. Procesador: ARM CORTEX-A55\/ 1. 45 GHz\/Quad core GPU: Mali G31 MP2\/DUAL CORE RAM: 1GB ROM: 8GB Sistema Operativo: Android 11 Control Remoto: Controlado por voz Control remoto con asistente de Google Cromecast incorporado..\" \/>\n<meta property=\"og:url\" content=\"https:\/\/mivoot.com\/gt\/producto\/smart-tv-32-led-hd-android-motorola\/\" \/>\n<meta property=\"og:site_name\" content=\"Mivoot\" \/>\n<meta property=\"article:publisher\" content=\"https:\/\/www.facebook.com\/mivootgt\" \/>\n<meta property=\"article:modified_time\" content=\"2023-04-24T15:01:04+00:00\" \/>\n<meta property=\"og:image\" content=\"https:\/\/mivoot.com\/gt\/wp-content\/uploads\/2023\/03\/MOT32HLC11-MOTOROLA-TV-1200X1200-1.-700x700-1.jpg\" \/>\n\t<meta property=\"og:image:width\" content=\"700\" \/>\n\t<meta property=\"og:image:height\" content=\"700\" \/>\n\t<meta property=\"og:image:type\" content=\"image\/jpeg\" \/>\n<meta name=\"twitter:card\" content=\"summary_large_image\" \/>\n<meta name=\"twitter:label1\" content=\"Est. reading time\" \/>\n\t<meta name=\"twitter:data1\" content=\"2 minutos\" \/>\n<script type=\"application\/ld+json\" class=\"yoast-schema-graph\">{\"@context\":\"https:\/\/schema.org\",\"@graph\":[{\"@type\":\"WebPage\",\"@id\":\"https:\/\/mivoot.com\/gt\/producto\/smart-tv-32-led-hd-android-motorola\/\",\"url\":\"https:\/\/mivoot.com\/gt\/producto\/smart-tv-32-led-hd-android-motorola\/\",\"name\":\"Smart TV 32\\\" LED HD Android Motorola - Mivoot\",\"isPartOf\":{\"@id\":\"https:\/\/mivoot.com\/gt\/#website\"},\"primaryImageOfPage\":{\"@id\":\"https:\/\/mivoot.com\/gt\/producto\/smart-tv-32-led-hd-android-motorola\/#primaryimage\"},\"image\":{\"@id\":\"https:\/\/mivoot.com\/gt\/producto\/smart-tv-32-led-hd-android-motorola\/#primaryimage\"},\"thumbnailUrl\":\"https:\/\/mivoot.com\/gt\/wp-content\/uploads\/2023\/03\/MOT32HLC11-MOTOROLA-TV-1200X1200-1.-700x700-1.jpg\",\"datePublished\":\"2023-03-14T16:03:48+00:00\",\"dateModified\":\"2023-04-24T15:01:04+00:00\",\"breadcrumb\":{\"@id\":\"https:\/\/mivoot.com\/gt\/producto\/smart-tv-32-led-hd-android-motorola\/#breadcrumb\"},\"inLanguage\":\"es\",\"potentialAction\":[{\"@type\":\"ReadAction\",\"target\":[\"https:\/\/mivoot.com\/gt\/producto\/smart-tv-32-led-hd-android-motorola\/\"]}]},{\"@type\":\"ImageObject\",\"inLanguage\":\"es\",\"@id\":\"https:\/\/mivoot.com\/gt\/producto\/smart-tv-32-led-hd-android-motorola\/#primaryimage\",\"url\":\"https:\/\/mivoot.com\/gt\/wp-content\/uploads\/2023\/03\/MOT32HLC11-MOTOROLA-TV-1200X1200-1.-700x700-1.jpg\",\"contentUrl\":\"https:\/\/mivoot.com\/gt\/wp-content\/uploads\/2023\/03\/MOT32HLC11-MOTOROLA-TV-1200X1200-1.-700x700-1.jpg\",\"width\":700,\"height\":700},{\"@type\":\"BreadcrumbList\",\"@id\":\"https:\/\/mivoot.com\/gt\/producto\/smart-tv-32-led-hd-android-motorola\/#breadcrumb\",\"itemListElement\":[{\"@type\":\"ListItem\",\"position\":1,\"name\":\"Inicio\",\"item\":\"https:\/\/mivoot.com\/gt\/\"},{\"@type\":\"ListItem\",\"position\":2,\"name\":\"Productos\",\"item\":\"https:\/\/mivoot.com\/gt\/producto\/\"},{\"@type\":\"ListItem\",\"position\":3,\"name\":\"Motorola\",\"item\":\"https:\/\/mivoot.com\/gt\/marca\/motorola\/\"},{\"@type\":\"ListItem\",\"position\":4,\"name\":\"Smart TV 32&#8243; LED HD Android Motorola\"}]},{\"@type\":\"WebSite\",\"@id\":\"https:\/\/mivoot.com\/gt\/#website\",\"url\":\"https:\/\/mivoot.com\/gt\/\",\"name\":\"Mivoot\",\"description\":\"Mivoot Guatemala | Tienda Online\",\"publisher\":{\"@id\":\"https:\/\/mivoot.com\/gt\/#organization\"},\"alternateName\":\"mivoot\",\"potentialAction\":[{\"@type\":\"SearchAction\",\"target\":{\"@type\":\"EntryPoint\",\"urlTemplate\":\"https:\/\/mivoot.com\/gt\/?s={search_term_string}\"},\"query-input\":{\"@type\":\"PropertyValueSpecification\",\"valueRequired\":true,\"valueName\":\"search_term_string\"}}],\"inLanguage\":\"es\"},{\"@type\":\"Organization\",\"@id\":\"https:\/\/mivoot.com\/gt\/#organization\",\"name\":\"Mivoot Guatemala\",\"alternateName\":\"mivoot.com\",\"url\":\"https:\/\/mivoot.com\/gt\/\",\"logo\":{\"@type\":\"ImageObject\",\"inLanguage\":\"es\",\"@id\":\"https:\/\/mivoot.com\/gt\/#\/schema\/logo\/image\/\",\"url\":\"https:\/\/mivoot.com\/gt\/wp-content\/uploads\/2023\/03\/cropped-icon.png\",\"contentUrl\":\"https:\/\/mivoot.com\/gt\/wp-content\/uploads\/2023\/03\/cropped-icon.png\",\"width\":512,\"height\":512,\"caption\":\"Mivoot Guatemala\"},\"image\":{\"@id\":\"https:\/\/mivoot.com\/gt\/#\/schema\/logo\/image\/\"},\"sameAs\":[\"https:\/\/www.facebook.com\/mivootgt\",\"https:\/\/instagram.com\/mivoot\"]}]}<\/script>\n<!-- \/ Yoast SEO Premium plugin. -->","yoast_head_json":{"title":"Smart TV 32\" LED HD Android Motorola - Mivoot","robots":{"index":"index","follow":"follow","max-snippet":"max-snippet:-1","max-image-preview":"max-image-preview:large","max-video-preview":"max-video-preview:-1"},"canonical":"https:\/\/mivoot.com\/gt\/producto\/smart-tv-32-led-hd-android-motorola\/","og_locale":"es_ES","og_type":"article","og_title":"Smart TV 32\" LED HD Android Motorola","og_description":"Sistema operativo Android 11 Resoluci\u00f3n HD 1366 x 768 p\u00edxeles. Marcos sin bordes Aplicaciones pre-instaladas: Netflix, Primevideo y Youtube. Procesador: ARM CORTEX-A55\/ 1. 45 GHz\/Quad core GPU: Mali G31 MP2\/DUAL CORE RAM: 1GB ROM: 8GB Sistema Operativo: Android 11 Control Remoto: Controlado por voz Control remoto con asistente de Google Cromecast incorporado..","og_url":"https:\/\/mivoot.com\/gt\/producto\/smart-tv-32-led-hd-android-motorola\/","og_site_name":"Mivoot","article_publisher":"https:\/\/www.facebook.com\/mivootgt","article_modified_time":"2023-04-24T15:01:04+00:00","og_image":[{"width":700,"height":700,"url":"https:\/\/mivoot.com\/gt\/wp-content\/uploads\/2023\/03\/MOT32HLC11-MOTOROLA-TV-1200X1200-1.-700x700-1.jpg","type":"image\/jpeg"}],"twitter_card":"summary_large_image","twitter_misc":{"Est. reading time":"2 minutos"},"schema":{"@context":"https:\/\/schema.org","@graph":[{"@type":"WebPage","@id":"https:\/\/mivoot.com\/gt\/producto\/smart-tv-32-led-hd-android-motorola\/","url":"https:\/\/mivoot.com\/gt\/producto\/smart-tv-32-led-hd-android-motorola\/","name":"Smart TV 32\" LED HD Android Motorola - Mivoot","isPartOf":{"@id":"https:\/\/mivoot.com\/gt\/#website"},"primaryImageOfPage":{"@id":"https:\/\/mivoot.com\/gt\/producto\/smart-tv-32-led-hd-android-motorola\/#primaryimage"},"image":{"@id":"https:\/\/mivoot.com\/gt\/producto\/smart-tv-32-led-hd-android-motorola\/#primaryimage"},"thumbnailUrl":"https:\/\/mivoot.com\/gt\/wp-content\/uploads\/2023\/03\/MOT32HLC11-MOTOROLA-TV-1200X1200-1.-700x700-1.jpg","datePublished":"2023-03-14T16:03:48+00:00","dateModified":"2023-04-24T15:01:04+00:00","breadcrumb":{"@id":"https:\/\/mivoot.com\/gt\/producto\/smart-tv-32-led-hd-android-motorola\/#breadcrumb"},"inLanguage":"es","potentialAction":[{"@type":"ReadAction","target":["https:\/\/mivoot.com\/gt\/producto\/smart-tv-32-led-hd-android-motorola\/"]}]},{"@type":"ImageObject","inLanguage":"es","@id":"https:\/\/mivoot.com\/gt\/producto\/smart-tv-32-led-hd-android-motorola\/#primaryimage","url":"https:\/\/mivoot.com\/gt\/wp-content\/uploads\/2023\/03\/MOT32HLC11-MOTOROLA-TV-1200X1200-1.-700x700-1.jpg","contentUrl":"https:\/\/mivoot.com\/gt\/wp-content\/uploads\/2023\/03\/MOT32HLC11-MOTOROLA-TV-1200X1200-1.-700x700-1.jpg","width":700,"height":700},{"@type":"BreadcrumbList","@id":"https:\/\/mivoot.com\/gt\/producto\/smart-tv-32-led-hd-android-motorola\/#breadcrumb","itemListElement":[{"@type":"ListItem","position":1,"name":"Inicio","item":"https:\/\/mivoot.com\/gt\/"},{"@type":"ListItem","position":2,"name":"Productos","item":"https:\/\/mivoot.com\/gt\/producto\/"},{"@type":"ListItem","position":3,"name":"Motorola","item":"https:\/\/mivoot.com\/gt\/marca\/motorola\/"},{"@type":"ListItem","position":4,"name":"Smart TV 32&#8243; LED HD Android Motorola"}]},{"@type":"WebSite","@id":"https:\/\/mivoot.com\/gt\/#website","url":"https:\/\/mivoot.com\/gt\/","name":"Mivoot","description":"Mivoot Guatemala | Tienda Online","publisher":{"@id":"https:\/\/mivoot.com\/gt\/#organization"},"alternateName":"mivoot","potentialAction":[{"@type":"SearchAction","target":{"@type":"EntryPoint","urlTemplate":"https:\/\/mivoot.com\/gt\/?s={search_term_string}"},"query-input":{"@type":"PropertyValueSpecification","valueRequired":true,"valueName":"search_term_string"}}],"inLanguage":"es"},{"@type":"Organization","@id":"https:\/\/mivoot.com\/gt\/#organization","name":"Mivoot Guatemala","alternateName":"mivoot.com","url":"https:\/\/mivoot.com\/gt\/","logo":{"@type":"ImageObject","inLanguage":"es","@id":"https:\/\/mivoot.com\/gt\/#\/schema\/logo\/image\/","url":"https:\/\/mivoot.com\/gt\/wp-content\/uploads\/2023\/03\/cropped-icon.png","contentUrl":"https:\/\/mivoot.com\/gt\/wp-content\/uploads\/2023\/03\/cropped-icon.png","width":512,"height":512,"caption":"Mivoot Guatemala"},"image":{"@id":"https:\/\/mivoot.com\/gt\/#\/schema\/logo\/image\/"},"sameAs":["https:\/\/www.facebook.com\/mivootgt","https:\/\/instagram.com\/mivoot"]}]}},"jetpack_publicize_connections":[],"jetpack_sharing_enabled":true,"brands":[{"id":314,"name":"Motorola","slug":"motorola"}],"_links":{"self":[{"href":"https:\/\/mivoot.com\/gt\/wp-json\/wp\/v2\/product\/12314","targetHints":{"allow":["GET"]}}],"collection":[{"href":"https:\/\/mivoot.com\/gt\/wp-json\/wp\/v2\/product"}],"about":[{"href":"https:\/\/mivoot.com\/gt\/wp-json\/wp\/v2\/types\/product"}],"replies":[{"embeddable":true,"href":"https:\/\/mivoot.com\/gt\/wp-json\/wp\/v2\/comments?post=12314"}],"version-history":[{"count":2,"href":"https:\/\/mivoot.com\/gt\/wp-json\/wp\/v2\/product\/12314\/revisions"}],"predecessor-version":[{"id":12321,"href":"https:\/\/mivoot.com\/gt\/wp-json\/wp\/v2\/product\/12314\/revisions\/12321"}],"wp:featuredmedia":[{"embeddable":true,"href":"https:\/\/mivoot.com\/gt\/wp-json\/wp\/v2\/media\/12317"}],"wp:attachment":[{"href":"https:\/\/mivoot.com\/gt\/wp-json\/wp\/v2\/media?parent=12314"}],"wp:term":[{"taxonomy":"pwb-brand","embeddable":true,"href":"https:\/\/mivoot.com\/gt\/wp-json\/wp\/v2\/pwb-brand?post=12314"},{"taxonomy":"product_brand","embeddable":true,"href":"https:\/\/mivoot.com\/gt\/wp-json\/wp\/v2\/product_brand?post=12314"},{"taxonomy":"product_cat","embeddable":true,"href":"https:\/\/mivoot.com\/gt\/wp-json\/wp\/v2\/product_cat?post=12314"},{"taxonomy":"product_tag","embeddable":true,"href":"https:\/\/mivoot.com\/gt\/wp-json\/wp\/v2\/product_tag?post=12314"}],"curies":[{"name":"wp","href":"https:\/\/api.w.org\/{rel}","templated":true}]}}