{"id":12342,"date":"2023-03-14T13:12:06","date_gmt":"2023-03-14T19:12:06","guid":{"rendered":"https:\/\/mivoot.com\/gt\/?post_type=product&#038;p=12342"},"modified":"2023-03-14T13:34:57","modified_gmt":"2023-03-14T19:34:57","slug":"telefono-ip-de-escritorio-2-cuentas-poe-t31-yealink","status":"publish","type":"product","link":"https:\/\/mivoot.com\/gt\/producto\/telefono-ip-de-escritorio-2-cuentas-poe-t31-yealink\/","title":{"rendered":"Tel\u00e9fono IP de escritorio 2 cuentas PoE T31 Yealink"},"content":{"rendered":"<h2>Tel\u00e9fono IP b\u00e1sico con 2 l\u00edneas y voz HD<\/h2>\n<p>Como un tel\u00e9fono IP de nivel b\u00e1sico muy moderno y amigable, Yealink SIP-T31 tiene una pantalla LCD gr\u00e1fica extra grande de 132&#215;64 p\u00edxeles con luz de fondo que brinda una experiencia visual clara para los usuarios. El T31 ofrece soporte para dos cuentas VoIP e incluye conferencias locales de 5 v\u00edas para maximizar la productividad. Al trabajar con el soporte ajustable de m\u00faltiples \u00e1ngulos, el tel\u00e9fono IP T31 le garantiza trabajar en diferentes situaciones. Las funciones potentes y f\u00e1ciles de usar junto con un precio razonable ofrecen una excelente soluci\u00f3n de comunicaciones de voz.<\/p>\n<h2>Tel\u00e9fono SIP profesional adaptable y polivalente, ideal para profesionales<\/h2>\n<p>La serie T3 de Yealink, y m\u00e1s concretamente\u00a0<strong>Yealink T31<\/strong>, est\u00e1 adaptada para peque\u00f1as y medianas empresas, as\u00ed como incluso para una instalaci\u00f3n en grandes corporaciones. Gracias a su pantalla LCD y sus funciones avanzadas la b\u00fasqueda de informaci\u00f3n y la utilizaci\u00f3n de su tel\u00e9fono ser\u00e1n muy sencillas y r\u00e1pidas.<\/p>\n<h3>Concentrado en su conversaci\u00f3n<\/h3>\n<p>Aproveche sus conversaciones con el dispositivo T31 y la calidad de audio de Yealink. Con su sonido Full D\u00faplex HD entender\u00e1 perfectamente a sus interlocutores y ellos tendr\u00e1n la oportunidad de escucharle perfectamente mediante el altavoz, como si de una reuni\u00f3n presencial se tratara. Obtendr\u00e1 una comunicaci\u00f3n eficaz, clara y agradable que adem\u00e1s podr\u00e1 escuchar mediante un auricular con cable de Jack 3,5mm lo que le permitir\u00e1 crear un entorno de concentraci\u00f3n. Adem\u00e1s, Yealink T31 se adapta a cualquier pr\u00f3tesis auditiva para asegurar que todas las personas pueden beneficiarse de un sonido cristalino.<\/p>\n<h3>Funcionalidades profesionales<\/h3>\n<p>Con su pantalla LCD HD y su interfaz podr\u00e1 acceder a todas las funcionalidades del tel\u00e9fono r\u00e1pidamente sin ning\u00fan tipo de error y sin necesidad de formaci\u00f3n complementaria para usar su dispositivo. Su tel\u00e9fono es compatible con Microsoft 365 y puede integrarse a su infraestructura para ser m\u00e1s eficaz y por ejemplo, para responder a una conferencia con un solo clic. Cuenta con una entrada de auriculares Jack 3,5mm. Adem\u00e1s, con sus 2 cuentas SIP le dar\u00e1 la posibilidad de tratar varias llamadas a la vez y transferirlas f\u00e1cilmente.<\/p>\n<h3>Integraci\u00f3n e instalaci\u00f3n sencillas<\/h3>\n<p>Su sistema Android le da la posibilidad de enlazar funciones al ecosistema de base de su empresa para adaptar el tel\u00e9fono a sus necesidades b\u00e1sicas. Para el desarrollo, el mantenimiento y el d\u00eda a d\u00eda este dispositivo incluye funciones centralizadas v\u00eda Microsoft Device Management Platform y Unify Square para una gesti\u00f3n f\u00e1cil.<\/p>\n<p><iframe src=\"https:\/\/www.youtube.com\/embed\/H18oZc1V7Fg\" width=\"560\" height=\"315\" frameborder=\"0\" data-mce-fragment=\"1\"><\/iframe><\/p>\n<p><strong>Caracter\u00edsticas:<\/strong><\/p>\n<ul>\n<li>Pantalla LCD 2.3&#8221;<\/li>\n<li>Resoluci\u00f3n de la pantalla 132&#215;64<\/li>\n<li>2 cuentas SIP<\/li>\n<li>2 teclas de memoria<\/li>\n<li>2 teclas de l\u00ednea LED<\/li>\n<li>5 teclas de navegaci\u00f3n<\/li>\n<li>Teclas de control de volumen<\/li>\n<li>6 teclas personalizables<\/li>\n<li>Soporte con 2 \u00e1ngulos ajustables<\/li>\n<li>Soporte Codec Opus<\/li>\n<li>Calidad de voz HD: altavoz y microauricular de mano<\/li>\n<li>Filtro inteligente de ruido<\/li>\n<li>Cancelaci\u00f3n de ruido<\/li>\n<li>Altavoz manos libres Full-D\u00faplex<\/li>\n<li>Conferencia local de 5 v\u00edas<\/li>\n<li>Agenda de hasta 1000 registros<\/li>\n<li>ID de llamada (nombre y n\u00famero)<\/li>\n<li>Interfaz de usuario en m\u00faltiples idiomas<\/li>\n<li>Lista negra<\/li>\n<li>Historial de llamadas: perdidas, recibidas, marcadas<\/li>\n<li>2 puertos Ethernet RJ45 10\/100M<\/li>\n<li>1 puerto RJ9 (para microauricular de mano)<\/li>\n<li>1 puerto RJ9 (para auriculares)<\/li>\n<li>Soporta descolgadores a distancia para conectar auriculares inal\u00e1mbricos<\/li>\n<li>Posibilidad de montar en pared<\/li>\n<li>Color gris cl\u00e1sico<\/li>\n<li>Dimensiones: 188x189x162x50mm<\/li>\n<\/ul>\n","protected":false},"excerpt":{"rendered":"<p>Tel\u00e9fono de escritorio con 2 cuentas SIP<br \/>\nConferencia para 5 participantes<br \/>\nFunciones programables para 6 botones<br \/>\nDos puertos Ethernet<br \/>\nPantalla LCD 2.3&#8221; para ver la informaci\u00f3n r\u00e1pidamente<br \/>\nCalidad de sonido HD Full D\u00faplex para llamadas claras<br \/>\nOpci\u00f3n de montaje en pared<br \/>\nCompatible con auriculares inal\u00e1mbricos<br \/>\nFirmware unificado<br \/>\nSoporte YDMP\/YMCS<br \/>\nSoporte de mesa con 2 \u00e1ngulos ajustables.<\/p>\n","protected":false},"featured_media":12345,"comment_status":"open","ping_status":"closed","template":"","meta":{"jetpack_publicize_message":"","jetpack_publicize_feature_enabled":true,"jetpack_social_post_already_shared":true,"jetpack_social_options":{"image_generator_settings":{"template":"highway","default_image_id":0,"font":"","enabled":false},"version":2}},"pwb-brand":[327],"product_brand":[],"product_cat":[329],"product_tag":[],"class_list":{"0":"post-12342","1":"product","2":"type-product","3":"status-publish","4":"has-post-thumbnail","6":"pwb-brand-yealink","7":"product_cat-telefonos-ip","9":"first","10":"instock","11":"taxable","12":"shipping-taxable","13":"purchasable","14":"product-type-simple"},"yoast_head":"<!-- This site is optimized with the Yoast SEO Premium plugin v25.7.1 (Yoast SEO v26.8) - https:\/\/yoast.com\/product\/yoast-seo-premium-wordpress\/ -->\n<title>Tel\u00e9fono IP de escritorio 2 cuentas PoE T31 Yealink - Mivoot<\/title>\n<meta name=\"robots\" content=\"index, follow, max-snippet:-1, max-image-preview:large, max-video-preview:-1\" \/>\n<link rel=\"canonical\" href=\"https:\/\/mivoot.com\/gt\/producto\/telefono-ip-de-escritorio-2-cuentas-poe-t31-yealink\/\" \/>\n<meta property=\"og:locale\" content=\"es_ES\" \/>\n<meta property=\"og:type\" content=\"article\" \/>\n<meta property=\"og:title\" content=\"Tel\u00e9fono IP de escritorio 2 cuentas PoE T31 Yealink\" \/>\n<meta property=\"og:description\" content=\"Tel\u00e9fono de escritorio con 2 cuentas SIP Conferencia para 5 participantes Funciones programables para 6 botones Dos puertos Ethernet Pantalla LCD 2.3&#039;&#039; para ver la informaci\u00f3n r\u00e1pidamente Calidad de sonido HD Full D\u00faplex para llamadas claras Opci\u00f3n de montaje en pared Compatible con auriculares inal\u00e1mbricos Firmware unificado Soporte YDMP\/YMCS Soporte de mesa con 2 \u00e1ngulos ajustables.\" \/>\n<meta property=\"og:url\" content=\"https:\/\/mivoot.com\/gt\/producto\/telefono-ip-de-escritorio-2-cuentas-poe-t31-yealink\/\" \/>\n<meta property=\"og:site_name\" content=\"Mivoot\" \/>\n<meta property=\"article:publisher\" content=\"https:\/\/www.facebook.com\/mivootgt\" \/>\n<meta property=\"article:modified_time\" content=\"2023-03-14T19:34:57+00:00\" \/>\n<meta property=\"og:image\" content=\"https:\/\/mivoot.com\/gt\/wp-content\/uploads\/2023\/03\/yeyey2.jpg\" \/>\n\t<meta property=\"og:image:width\" content=\"800\" \/>\n\t<meta property=\"og:image:height\" content=\"800\" \/>\n\t<meta property=\"og:image:type\" content=\"image\/jpeg\" \/>\n<meta name=\"twitter:card\" content=\"summary_large_image\" \/>\n<meta name=\"twitter:label1\" content=\"Est. reading time\" \/>\n\t<meta name=\"twitter:data1\" content=\"3 minutos\" \/>\n<script type=\"application\/ld+json\" class=\"yoast-schema-graph\">{\"@context\":\"https:\/\/schema.org\",\"@graph\":[{\"@type\":\"WebPage\",\"@id\":\"https:\/\/mivoot.com\/gt\/producto\/telefono-ip-de-escritorio-2-cuentas-poe-t31-yealink\/\",\"url\":\"https:\/\/mivoot.com\/gt\/producto\/telefono-ip-de-escritorio-2-cuentas-poe-t31-yealink\/\",\"name\":\"Tel\u00e9fono IP de escritorio 2 cuentas PoE T31 Yealink - Mivoot\",\"isPartOf\":{\"@id\":\"https:\/\/mivoot.com\/gt\/#website\"},\"primaryImageOfPage\":{\"@id\":\"https:\/\/mivoot.com\/gt\/producto\/telefono-ip-de-escritorio-2-cuentas-poe-t31-yealink\/#primaryimage\"},\"image\":{\"@id\":\"https:\/\/mivoot.com\/gt\/producto\/telefono-ip-de-escritorio-2-cuentas-poe-t31-yealink\/#primaryimage\"},\"thumbnailUrl\":\"https:\/\/mivoot.com\/gt\/wp-content\/uploads\/2023\/03\/yeyey2.jpg\",\"datePublished\":\"2023-03-14T19:12:06+00:00\",\"dateModified\":\"2023-03-14T19:34:57+00:00\",\"breadcrumb\":{\"@id\":\"https:\/\/mivoot.com\/gt\/producto\/telefono-ip-de-escritorio-2-cuentas-poe-t31-yealink\/#breadcrumb\"},\"inLanguage\":\"es\",\"potentialAction\":[{\"@type\":\"ReadAction\",\"target\":[\"https:\/\/mivoot.com\/gt\/producto\/telefono-ip-de-escritorio-2-cuentas-poe-t31-yealink\/\"]}]},{\"@type\":\"ImageObject\",\"inLanguage\":\"es\",\"@id\":\"https:\/\/mivoot.com\/gt\/producto\/telefono-ip-de-escritorio-2-cuentas-poe-t31-yealink\/#primaryimage\",\"url\":\"https:\/\/mivoot.com\/gt\/wp-content\/uploads\/2023\/03\/yeyey2.jpg\",\"contentUrl\":\"https:\/\/mivoot.com\/gt\/wp-content\/uploads\/2023\/03\/yeyey2.jpg\",\"width\":800,\"height\":800},{\"@type\":\"BreadcrumbList\",\"@id\":\"https:\/\/mivoot.com\/gt\/producto\/telefono-ip-de-escritorio-2-cuentas-poe-t31-yealink\/#breadcrumb\",\"itemListElement\":[{\"@type\":\"ListItem\",\"position\":1,\"name\":\"Inicio\",\"item\":\"https:\/\/mivoot.com\/gt\/\"},{\"@type\":\"ListItem\",\"position\":2,\"name\":\"Productos\",\"item\":\"https:\/\/mivoot.com\/gt\/producto\/\"},{\"@type\":\"ListItem\",\"position\":3,\"name\":\"YeaLink\",\"item\":\"https:\/\/mivoot.com\/gt\/marca\/yealink\/\"},{\"@type\":\"ListItem\",\"position\":4,\"name\":\"Tel\u00e9fono IP de escritorio 2 cuentas PoE T31 Yealink\"}]},{\"@type\":\"WebSite\",\"@id\":\"https:\/\/mivoot.com\/gt\/#website\",\"url\":\"https:\/\/mivoot.com\/gt\/\",\"name\":\"Mivoot\",\"description\":\"Mivoot Guatemala | Tienda Online\",\"publisher\":{\"@id\":\"https:\/\/mivoot.com\/gt\/#organization\"},\"alternateName\":\"mivoot\",\"potentialAction\":[{\"@type\":\"SearchAction\",\"target\":{\"@type\":\"EntryPoint\",\"urlTemplate\":\"https:\/\/mivoot.com\/gt\/?s={search_term_string}\"},\"query-input\":{\"@type\":\"PropertyValueSpecification\",\"valueRequired\":true,\"valueName\":\"search_term_string\"}}],\"inLanguage\":\"es\"},{\"@type\":\"Organization\",\"@id\":\"https:\/\/mivoot.com\/gt\/#organization\",\"name\":\"Mivoot Guatemala\",\"alternateName\":\"mivoot.com\",\"url\":\"https:\/\/mivoot.com\/gt\/\",\"logo\":{\"@type\":\"ImageObject\",\"inLanguage\":\"es\",\"@id\":\"https:\/\/mivoot.com\/gt\/#\/schema\/logo\/image\/\",\"url\":\"https:\/\/mivoot.com\/gt\/wp-content\/uploads\/2023\/03\/cropped-icon.png\",\"contentUrl\":\"https:\/\/mivoot.com\/gt\/wp-content\/uploads\/2023\/03\/cropped-icon.png\",\"width\":512,\"height\":512,\"caption\":\"Mivoot Guatemala\"},\"image\":{\"@id\":\"https:\/\/mivoot.com\/gt\/#\/schema\/logo\/image\/\"},\"sameAs\":[\"https:\/\/www.facebook.com\/mivootgt\",\"https:\/\/instagram.com\/mivoot\"]}]}<\/script>\n<!-- \/ Yoast SEO Premium plugin. -->","yoast_head_json":{"title":"Tel\u00e9fono IP de escritorio 2 cuentas PoE T31 Yealink - Mivoot","robots":{"index":"index","follow":"follow","max-snippet":"max-snippet:-1","max-image-preview":"max-image-preview:large","max-video-preview":"max-video-preview:-1"},"canonical":"https:\/\/mivoot.com\/gt\/producto\/telefono-ip-de-escritorio-2-cuentas-poe-t31-yealink\/","og_locale":"es_ES","og_type":"article","og_title":"Tel\u00e9fono IP de escritorio 2 cuentas PoE T31 Yealink","og_description":"Tel\u00e9fono de escritorio con 2 cuentas SIP Conferencia para 5 participantes Funciones programables para 6 botones Dos puertos Ethernet Pantalla LCD 2.3'' para ver la informaci\u00f3n r\u00e1pidamente Calidad de sonido HD Full D\u00faplex para llamadas claras Opci\u00f3n de montaje en pared Compatible con auriculares inal\u00e1mbricos Firmware unificado Soporte YDMP\/YMCS Soporte de mesa con 2 \u00e1ngulos ajustables.","og_url":"https:\/\/mivoot.com\/gt\/producto\/telefono-ip-de-escritorio-2-cuentas-poe-t31-yealink\/","og_site_name":"Mivoot","article_publisher":"https:\/\/www.facebook.com\/mivootgt","article_modified_time":"2023-03-14T19:34:57+00:00","og_image":[{"width":800,"height":800,"url":"https:\/\/mivoot.com\/gt\/wp-content\/uploads\/2023\/03\/yeyey2.jpg","type":"image\/jpeg"}],"twitter_card":"summary_large_image","twitter_misc":{"Est. reading time":"3 minutos"},"schema":{"@context":"https:\/\/schema.org","@graph":[{"@type":"WebPage","@id":"https:\/\/mivoot.com\/gt\/producto\/telefono-ip-de-escritorio-2-cuentas-poe-t31-yealink\/","url":"https:\/\/mivoot.com\/gt\/producto\/telefono-ip-de-escritorio-2-cuentas-poe-t31-yealink\/","name":"Tel\u00e9fono IP de escritorio 2 cuentas PoE T31 Yealink - Mivoot","isPartOf":{"@id":"https:\/\/mivoot.com\/gt\/#website"},"primaryImageOfPage":{"@id":"https:\/\/mivoot.com\/gt\/producto\/telefono-ip-de-escritorio-2-cuentas-poe-t31-yealink\/#primaryimage"},"image":{"@id":"https:\/\/mivoot.com\/gt\/producto\/telefono-ip-de-escritorio-2-cuentas-poe-t31-yealink\/#primaryimage"},"thumbnailUrl":"https:\/\/mivoot.com\/gt\/wp-content\/uploads\/2023\/03\/yeyey2.jpg","datePublished":"2023-03-14T19:12:06+00:00","dateModified":"2023-03-14T19:34:57+00:00","breadcrumb":{"@id":"https:\/\/mivoot.com\/gt\/producto\/telefono-ip-de-escritorio-2-cuentas-poe-t31-yealink\/#breadcrumb"},"inLanguage":"es","potentialAction":[{"@type":"ReadAction","target":["https:\/\/mivoot.com\/gt\/producto\/telefono-ip-de-escritorio-2-cuentas-poe-t31-yealink\/"]}]},{"@type":"ImageObject","inLanguage":"es","@id":"https:\/\/mivoot.com\/gt\/producto\/telefono-ip-de-escritorio-2-cuentas-poe-t31-yealink\/#primaryimage","url":"https:\/\/mivoot.com\/gt\/wp-content\/uploads\/2023\/03\/yeyey2.jpg","contentUrl":"https:\/\/mivoot.com\/gt\/wp-content\/uploads\/2023\/03\/yeyey2.jpg","width":800,"height":800},{"@type":"BreadcrumbList","@id":"https:\/\/mivoot.com\/gt\/producto\/telefono-ip-de-escritorio-2-cuentas-poe-t31-yealink\/#breadcrumb","itemListElement":[{"@type":"ListItem","position":1,"name":"Inicio","item":"https:\/\/mivoot.com\/gt\/"},{"@type":"ListItem","position":2,"name":"Productos","item":"https:\/\/mivoot.com\/gt\/producto\/"},{"@type":"ListItem","position":3,"name":"YeaLink","item":"https:\/\/mivoot.com\/gt\/marca\/yealink\/"},{"@type":"ListItem","position":4,"name":"Tel\u00e9fono IP de escritorio 2 cuentas PoE T31 Yealink"}]},{"@type":"WebSite","@id":"https:\/\/mivoot.com\/gt\/#website","url":"https:\/\/mivoot.com\/gt\/","name":"Mivoot","description":"Mivoot Guatemala | Tienda Online","publisher":{"@id":"https:\/\/mivoot.com\/gt\/#organization"},"alternateName":"mivoot","potentialAction":[{"@type":"SearchAction","target":{"@type":"EntryPoint","urlTemplate":"https:\/\/mivoot.com\/gt\/?s={search_term_string}"},"query-input":{"@type":"PropertyValueSpecification","valueRequired":true,"valueName":"search_term_string"}}],"inLanguage":"es"},{"@type":"Organization","@id":"https:\/\/mivoot.com\/gt\/#organization","name":"Mivoot Guatemala","alternateName":"mivoot.com","url":"https:\/\/mivoot.com\/gt\/","logo":{"@type":"ImageObject","inLanguage":"es","@id":"https:\/\/mivoot.com\/gt\/#\/schema\/logo\/image\/","url":"https:\/\/mivoot.com\/gt\/wp-content\/uploads\/2023\/03\/cropped-icon.png","contentUrl":"https:\/\/mivoot.com\/gt\/wp-content\/uploads\/2023\/03\/cropped-icon.png","width":512,"height":512,"caption":"Mivoot Guatemala"},"image":{"@id":"https:\/\/mivoot.com\/gt\/#\/schema\/logo\/image\/"},"sameAs":["https:\/\/www.facebook.com\/mivootgt","https:\/\/instagram.com\/mivoot"]}]}},"jetpack_publicize_connections":[],"jetpack_sharing_enabled":true,"brands":[{"id":327,"name":"YeaLink","slug":"yealink"}],"_links":{"self":[{"href":"https:\/\/mivoot.com\/gt\/wp-json\/wp\/v2\/product\/12342","targetHints":{"allow":["GET"]}}],"collection":[{"href":"https:\/\/mivoot.com\/gt\/wp-json\/wp\/v2\/product"}],"about":[{"href":"https:\/\/mivoot.com\/gt\/wp-json\/wp\/v2\/types\/product"}],"replies":[{"embeddable":true,"href":"https:\/\/mivoot.com\/gt\/wp-json\/wp\/v2\/comments?post=12342"}],"version-history":[{"count":1,"href":"https:\/\/mivoot.com\/gt\/wp-json\/wp\/v2\/product\/12342\/revisions"}],"predecessor-version":[{"id":12347,"href":"https:\/\/mivoot.com\/gt\/wp-json\/wp\/v2\/product\/12342\/revisions\/12347"}],"wp:featuredmedia":[{"embeddable":true,"href":"https:\/\/mivoot.com\/gt\/wp-json\/wp\/v2\/media\/12345"}],"wp:attachment":[{"href":"https:\/\/mivoot.com\/gt\/wp-json\/wp\/v2\/media?parent=12342"}],"wp:term":[{"taxonomy":"pwb-brand","embeddable":true,"href":"https:\/\/mivoot.com\/gt\/wp-json\/wp\/v2\/pwb-brand?post=12342"},{"taxonomy":"product_brand","embeddable":true,"href":"https:\/\/mivoot.com\/gt\/wp-json\/wp\/v2\/product_brand?post=12342"},{"taxonomy":"product_cat","embeddable":true,"href":"https:\/\/mivoot.com\/gt\/wp-json\/wp\/v2\/product_cat?post=12342"},{"taxonomy":"product_tag","embeddable":true,"href":"https:\/\/mivoot.com\/gt\/wp-json\/wp\/v2\/product_tag?post=12342"}],"curies":[{"name":"wp","href":"https:\/\/api.w.org\/{rel}","templated":true}]}}