{"id":12360,"date":"2023-03-14T14:10:21","date_gmt":"2023-03-14T20:10:21","guid":{"rendered":"https:\/\/mivoot.com\/gt\/?post_type=product&#038;p=12360"},"modified":"2023-03-17T19:46:25","modified_gmt":"2023-03-18T01:46:25","slug":"sistema-pos-all-in-one-intel-celeron-ji900-pte0105w-3nstar","status":"publish","type":"product","link":"https:\/\/mivoot.com\/gt\/producto\/sistema-pos-all-in-one-intel-celeron-ji900-pte0105w-3nstar\/","title":{"rendered":"Sistema POS All In One Intel Celeron JI900 4GB RAM 120GB SSD sin SO PTE0105 3nStar"},"content":{"rendered":"<h3 data-toggle=\"collapse\">SISTEMA DE PUNTO DE VENTA\u00a0\u00a0<strong>3NSTAR PTE0105 ALL-IN-ONE<\/strong><\/h3>\n<p>El sistema para punto de venta 3nStar PTE0105 ALL-IN-ONE \u00a0le ayuda a manejar sus aplicaciones m\u00e1s demandantes en el punto de venta.<\/p>\n<p>Es resistente al polvo y a derrames de l\u00edquido, permiti\u00e9ndole suministrar una experiencia \u00fanica a sus clientes con el moderno y vers\u00e1til sistema ALL-IN-ONE<\/p>\n<ul>\n<li>Pantalla t\u00e1ctil de 15 \u201c10 puntos capacitivos<\/li>\n<li>Placa madre industrial Intel Celeron J1900 Quad Core 2.0GHz<\/li>\n<li>4 GB de RAM expansible a 8 GB<\/li>\n<li>Disco duro de 120 GB SSD (unidad de estado s\u00f3lido)<\/li>\n<li>Wi-Fi banda dual 802.11ac, a \/ b \/ g, n y Bluetooth 4.0<\/li>\n<li>Puerto Ethernet RJ45 10 \/ 100M<\/li>\n<li>6 puertos USB, 4 puertos RS232, 1 paralelo, 1 VGA y 1 PS \/ 2<\/li>\n<li>Compatible con Windows 8.1 \/ 8 de 32 bits \/ 64 bits, Windows 7 de 32 bits \/ 64 bits, Windows ES 7\/8, Windows 10, Linux<\/li>\n<\/ul>\n","protected":false},"excerpt":{"rendered":"<p>Pantalla t\u00e1ctil de 15 \u201c10 puntos capacitivos<br \/>\nPlaca madre industrial Intel Celeron J1900 Quad Core 2.0GHz<br \/>\n4 GB de RAM expandible hasta 8GB<br \/>\n120GB de Almacenamiento SSD<br \/>\nUSB 6 Puertos<br \/>\nEthernet 10\/100\/1000M RJ45<br \/>\nRS232 3 RS232 DB9, 1 RS232 RJ45<br \/>\nEntrada Teclado 1 PS\/2<br \/>\nSalida VGA VGA M\u00e1xima Resoluci\u00f3n 2560*1600<br \/>\nSalida Audio Auricular 3.5mm<br \/>\nCompatible con Windows 8.1 8 32-bit\/64-bit, Windows 7 32-bit\/64-bit, Windows ES 7\/8, Windows 10, Linux (No incluye sistema operativo)<\/p>\n","protected":false},"featured_media":12363,"comment_status":"open","ping_status":"closed","template":"","meta":{"jetpack_publicize_message":"","jetpack_publicize_feature_enabled":true,"jetpack_social_post_already_shared":true,"jetpack_social_options":{"image_generator_settings":{"template":"highway","default_image_id":0,"font":"","enabled":false},"version":2}},"pwb-brand":[312],"product_brand":[],"product_cat":[309],"product_tag":[],"class_list":{"0":"post-12360","1":"product","2":"type-product","3":"status-publish","4":"has-post-thumbnail","6":"pwb-brand-3nstar","7":"product_cat-monitoresallinone","9":"first","10":"instock","11":"taxable","12":"shipping-taxable","13":"purchasable","14":"product-type-simple"},"yoast_head":"<!-- This site is optimized with the Yoast SEO Premium plugin v25.7.1 (Yoast SEO v26.8) - https:\/\/yoast.com\/product\/yoast-seo-premium-wordpress\/ -->\n<title>Sistema POS All In One Intel Celeron JI900 4GB RAM 120GB SSD sin SO PTE0105 3nStar - Mivoot<\/title>\n<meta name=\"robots\" content=\"index, follow, max-snippet:-1, max-image-preview:large, max-video-preview:-1\" \/>\n<link rel=\"canonical\" href=\"https:\/\/mivoot.com\/gt\/producto\/sistema-pos-all-in-one-intel-celeron-ji900-pte0105w-3nstar\/\" \/>\n<meta property=\"og:locale\" content=\"es_ES\" \/>\n<meta property=\"og:type\" content=\"article\" \/>\n<meta property=\"og:title\" content=\"Sistema POS All In One Intel Celeron JI900 4GB RAM 120GB SSD sin SO PTE0105 3nStar\" \/>\n<meta property=\"og:description\" content=\"Pantalla t\u00e1ctil de 15 \u201c10 puntos capacitivos Placa madre industrial Intel Celeron J1900 Quad Core 2.0GHz 4 GB de RAM expandible hasta 8GB 120GB de Almacenamiento SSD USB 6 Puertos Ethernet 10\/100\/1000M RJ45 RS232 3 RS232 DB9, 1 RS232 RJ45 Entrada Teclado 1 PS\/2 Salida VGA VGA M\u00e1xima Resoluci\u00f3n 2560*1600 Salida Audio Auricular 3.5mm Compatible con Windows 8.1 8 32-bit\/64-bit, Windows 7 32-bit\/64-bit, Windows ES 7\/8, Windows 10, Linux (No incluye sistema operativo)\" \/>\n<meta property=\"og:url\" content=\"https:\/\/mivoot.com\/gt\/producto\/sistema-pos-all-in-one-intel-celeron-ji900-pte0105w-3nstar\/\" \/>\n<meta property=\"og:site_name\" content=\"Mivoot\" \/>\n<meta property=\"article:publisher\" content=\"https:\/\/www.facebook.com\/mivootgt\" \/>\n<meta property=\"article:modified_time\" content=\"2023-03-18T01:46:25+00:00\" \/>\n<meta property=\"og:image\" content=\"https:\/\/mivoot.com\/gt\/wp-content\/uploads\/2023\/03\/PTE0105W-4-120-1000X1000-1-768x768-1.jpg\" \/>\n\t<meta property=\"og:image:width\" content=\"768\" \/>\n\t<meta property=\"og:image:height\" content=\"768\" \/>\n\t<meta property=\"og:image:type\" content=\"image\/jpeg\" \/>\n<meta name=\"twitter:card\" content=\"summary_large_image\" \/>\n<meta name=\"twitter:label1\" content=\"Est. reading time\" \/>\n\t<meta name=\"twitter:data1\" content=\"1 minuto\" \/>\n<script type=\"application\/ld+json\" class=\"yoast-schema-graph\">{\"@context\":\"https:\/\/schema.org\",\"@graph\":[{\"@type\":\"WebPage\",\"@id\":\"https:\/\/mivoot.com\/gt\/producto\/sistema-pos-all-in-one-intel-celeron-ji900-pte0105w-3nstar\/\",\"url\":\"https:\/\/mivoot.com\/gt\/producto\/sistema-pos-all-in-one-intel-celeron-ji900-pte0105w-3nstar\/\",\"name\":\"Sistema POS All In One Intel Celeron JI900 4GB RAM 120GB SSD sin SO PTE0105 3nStar - Mivoot\",\"isPartOf\":{\"@id\":\"https:\/\/mivoot.com\/gt\/#website\"},\"primaryImageOfPage\":{\"@id\":\"https:\/\/mivoot.com\/gt\/producto\/sistema-pos-all-in-one-intel-celeron-ji900-pte0105w-3nstar\/#primaryimage\"},\"image\":{\"@id\":\"https:\/\/mivoot.com\/gt\/producto\/sistema-pos-all-in-one-intel-celeron-ji900-pte0105w-3nstar\/#primaryimage\"},\"thumbnailUrl\":\"https:\/\/mivoot.com\/gt\/wp-content\/uploads\/2023\/03\/PTE0105W-4-120-1000X1000-1-768x768-1.jpg\",\"datePublished\":\"2023-03-14T20:10:21+00:00\",\"dateModified\":\"2023-03-18T01:46:25+00:00\",\"breadcrumb\":{\"@id\":\"https:\/\/mivoot.com\/gt\/producto\/sistema-pos-all-in-one-intel-celeron-ji900-pte0105w-3nstar\/#breadcrumb\"},\"inLanguage\":\"es\",\"potentialAction\":[{\"@type\":\"ReadAction\",\"target\":[\"https:\/\/mivoot.com\/gt\/producto\/sistema-pos-all-in-one-intel-celeron-ji900-pte0105w-3nstar\/\"]}]},{\"@type\":\"ImageObject\",\"inLanguage\":\"es\",\"@id\":\"https:\/\/mivoot.com\/gt\/producto\/sistema-pos-all-in-one-intel-celeron-ji900-pte0105w-3nstar\/#primaryimage\",\"url\":\"https:\/\/mivoot.com\/gt\/wp-content\/uploads\/2023\/03\/PTE0105W-4-120-1000X1000-1-768x768-1.jpg\",\"contentUrl\":\"https:\/\/mivoot.com\/gt\/wp-content\/uploads\/2023\/03\/PTE0105W-4-120-1000X1000-1-768x768-1.jpg\",\"width\":768,\"height\":768},{\"@type\":\"BreadcrumbList\",\"@id\":\"https:\/\/mivoot.com\/gt\/producto\/sistema-pos-all-in-one-intel-celeron-ji900-pte0105w-3nstar\/#breadcrumb\",\"itemListElement\":[{\"@type\":\"ListItem\",\"position\":1,\"name\":\"Inicio\",\"item\":\"https:\/\/mivoot.com\/gt\/\"},{\"@type\":\"ListItem\",\"position\":2,\"name\":\"Productos\",\"item\":\"https:\/\/mivoot.com\/gt\/producto\/\"},{\"@type\":\"ListItem\",\"position\":3,\"name\":\"3nStar\",\"item\":\"https:\/\/mivoot.com\/gt\/marca\/3nstar\/\"},{\"@type\":\"ListItem\",\"position\":4,\"name\":\"Sistema POS All In One Intel Celeron JI900 4GB RAM 120GB SSD sin SO PTE0105 3nStar\"}]},{\"@type\":\"WebSite\",\"@id\":\"https:\/\/mivoot.com\/gt\/#website\",\"url\":\"https:\/\/mivoot.com\/gt\/\",\"name\":\"Mivoot\",\"description\":\"Mivoot Guatemala | Tienda Online\",\"publisher\":{\"@id\":\"https:\/\/mivoot.com\/gt\/#organization\"},\"alternateName\":\"mivoot\",\"potentialAction\":[{\"@type\":\"SearchAction\",\"target\":{\"@type\":\"EntryPoint\",\"urlTemplate\":\"https:\/\/mivoot.com\/gt\/?s={search_term_string}\"},\"query-input\":{\"@type\":\"PropertyValueSpecification\",\"valueRequired\":true,\"valueName\":\"search_term_string\"}}],\"inLanguage\":\"es\"},{\"@type\":\"Organization\",\"@id\":\"https:\/\/mivoot.com\/gt\/#organization\",\"name\":\"Mivoot Guatemala\",\"alternateName\":\"mivoot.com\",\"url\":\"https:\/\/mivoot.com\/gt\/\",\"logo\":{\"@type\":\"ImageObject\",\"inLanguage\":\"es\",\"@id\":\"https:\/\/mivoot.com\/gt\/#\/schema\/logo\/image\/\",\"url\":\"https:\/\/mivoot.com\/gt\/wp-content\/uploads\/2023\/03\/cropped-icon.png\",\"contentUrl\":\"https:\/\/mivoot.com\/gt\/wp-content\/uploads\/2023\/03\/cropped-icon.png\",\"width\":512,\"height\":512,\"caption\":\"Mivoot Guatemala\"},\"image\":{\"@id\":\"https:\/\/mivoot.com\/gt\/#\/schema\/logo\/image\/\"},\"sameAs\":[\"https:\/\/www.facebook.com\/mivootgt\",\"https:\/\/instagram.com\/mivoot\"]}]}<\/script>\n<!-- \/ Yoast SEO Premium plugin. -->","yoast_head_json":{"title":"Sistema POS All In One Intel Celeron JI900 4GB RAM 120GB SSD sin SO PTE0105 3nStar - Mivoot","robots":{"index":"index","follow":"follow","max-snippet":"max-snippet:-1","max-image-preview":"max-image-preview:large","max-video-preview":"max-video-preview:-1"},"canonical":"https:\/\/mivoot.com\/gt\/producto\/sistema-pos-all-in-one-intel-celeron-ji900-pte0105w-3nstar\/","og_locale":"es_ES","og_type":"article","og_title":"Sistema POS All In One Intel Celeron JI900 4GB RAM 120GB SSD sin SO PTE0105 3nStar","og_description":"Pantalla t\u00e1ctil de 15 \u201c10 puntos capacitivos Placa madre industrial Intel Celeron J1900 Quad Core 2.0GHz 4 GB de RAM expandible hasta 8GB 120GB de Almacenamiento SSD USB 6 Puertos Ethernet 10\/100\/1000M RJ45 RS232 3 RS232 DB9, 1 RS232 RJ45 Entrada Teclado 1 PS\/2 Salida VGA VGA M\u00e1xima Resoluci\u00f3n 2560*1600 Salida Audio Auricular 3.5mm Compatible con Windows 8.1 8 32-bit\/64-bit, Windows 7 32-bit\/64-bit, Windows ES 7\/8, Windows 10, Linux (No incluye sistema operativo)","og_url":"https:\/\/mivoot.com\/gt\/producto\/sistema-pos-all-in-one-intel-celeron-ji900-pte0105w-3nstar\/","og_site_name":"Mivoot","article_publisher":"https:\/\/www.facebook.com\/mivootgt","article_modified_time":"2023-03-18T01:46:25+00:00","og_image":[{"width":768,"height":768,"url":"https:\/\/mivoot.com\/gt\/wp-content\/uploads\/2023\/03\/PTE0105W-4-120-1000X1000-1-768x768-1.jpg","type":"image\/jpeg"}],"twitter_card":"summary_large_image","twitter_misc":{"Est. reading time":"1 minuto"},"schema":{"@context":"https:\/\/schema.org","@graph":[{"@type":"WebPage","@id":"https:\/\/mivoot.com\/gt\/producto\/sistema-pos-all-in-one-intel-celeron-ji900-pte0105w-3nstar\/","url":"https:\/\/mivoot.com\/gt\/producto\/sistema-pos-all-in-one-intel-celeron-ji900-pte0105w-3nstar\/","name":"Sistema POS All In One Intel Celeron JI900 4GB RAM 120GB SSD sin SO PTE0105 3nStar - Mivoot","isPartOf":{"@id":"https:\/\/mivoot.com\/gt\/#website"},"primaryImageOfPage":{"@id":"https:\/\/mivoot.com\/gt\/producto\/sistema-pos-all-in-one-intel-celeron-ji900-pte0105w-3nstar\/#primaryimage"},"image":{"@id":"https:\/\/mivoot.com\/gt\/producto\/sistema-pos-all-in-one-intel-celeron-ji900-pte0105w-3nstar\/#primaryimage"},"thumbnailUrl":"https:\/\/mivoot.com\/gt\/wp-content\/uploads\/2023\/03\/PTE0105W-4-120-1000X1000-1-768x768-1.jpg","datePublished":"2023-03-14T20:10:21+00:00","dateModified":"2023-03-18T01:46:25+00:00","breadcrumb":{"@id":"https:\/\/mivoot.com\/gt\/producto\/sistema-pos-all-in-one-intel-celeron-ji900-pte0105w-3nstar\/#breadcrumb"},"inLanguage":"es","potentialAction":[{"@type":"ReadAction","target":["https:\/\/mivoot.com\/gt\/producto\/sistema-pos-all-in-one-intel-celeron-ji900-pte0105w-3nstar\/"]}]},{"@type":"ImageObject","inLanguage":"es","@id":"https:\/\/mivoot.com\/gt\/producto\/sistema-pos-all-in-one-intel-celeron-ji900-pte0105w-3nstar\/#primaryimage","url":"https:\/\/mivoot.com\/gt\/wp-content\/uploads\/2023\/03\/PTE0105W-4-120-1000X1000-1-768x768-1.jpg","contentUrl":"https:\/\/mivoot.com\/gt\/wp-content\/uploads\/2023\/03\/PTE0105W-4-120-1000X1000-1-768x768-1.jpg","width":768,"height":768},{"@type":"BreadcrumbList","@id":"https:\/\/mivoot.com\/gt\/producto\/sistema-pos-all-in-one-intel-celeron-ji900-pte0105w-3nstar\/#breadcrumb","itemListElement":[{"@type":"ListItem","position":1,"name":"Inicio","item":"https:\/\/mivoot.com\/gt\/"},{"@type":"ListItem","position":2,"name":"Productos","item":"https:\/\/mivoot.com\/gt\/producto\/"},{"@type":"ListItem","position":3,"name":"3nStar","item":"https:\/\/mivoot.com\/gt\/marca\/3nstar\/"},{"@type":"ListItem","position":4,"name":"Sistema POS All In One Intel Celeron JI900 4GB RAM 120GB SSD sin SO PTE0105 3nStar"}]},{"@type":"WebSite","@id":"https:\/\/mivoot.com\/gt\/#website","url":"https:\/\/mivoot.com\/gt\/","name":"Mivoot","description":"Mivoot Guatemala | Tienda Online","publisher":{"@id":"https:\/\/mivoot.com\/gt\/#organization"},"alternateName":"mivoot","potentialAction":[{"@type":"SearchAction","target":{"@type":"EntryPoint","urlTemplate":"https:\/\/mivoot.com\/gt\/?s={search_term_string}"},"query-input":{"@type":"PropertyValueSpecification","valueRequired":true,"valueName":"search_term_string"}}],"inLanguage":"es"},{"@type":"Organization","@id":"https:\/\/mivoot.com\/gt\/#organization","name":"Mivoot Guatemala","alternateName":"mivoot.com","url":"https:\/\/mivoot.com\/gt\/","logo":{"@type":"ImageObject","inLanguage":"es","@id":"https:\/\/mivoot.com\/gt\/#\/schema\/logo\/image\/","url":"https:\/\/mivoot.com\/gt\/wp-content\/uploads\/2023\/03\/cropped-icon.png","contentUrl":"https:\/\/mivoot.com\/gt\/wp-content\/uploads\/2023\/03\/cropped-icon.png","width":512,"height":512,"caption":"Mivoot Guatemala"},"image":{"@id":"https:\/\/mivoot.com\/gt\/#\/schema\/logo\/image\/"},"sameAs":["https:\/\/www.facebook.com\/mivootgt","https:\/\/instagram.com\/mivoot"]}]}},"jetpack_publicize_connections":[],"jetpack_sharing_enabled":true,"brands":[{"id":312,"name":"3nStar","slug":"3nstar"}],"_links":{"self":[{"href":"https:\/\/mivoot.com\/gt\/wp-json\/wp\/v2\/product\/12360","targetHints":{"allow":["GET"]}}],"collection":[{"href":"https:\/\/mivoot.com\/gt\/wp-json\/wp\/v2\/product"}],"about":[{"href":"https:\/\/mivoot.com\/gt\/wp-json\/wp\/v2\/types\/product"}],"replies":[{"embeddable":true,"href":"https:\/\/mivoot.com\/gt\/wp-json\/wp\/v2\/comments?post=12360"}],"version-history":[{"count":3,"href":"https:\/\/mivoot.com\/gt\/wp-json\/wp\/v2\/product\/12360\/revisions"}],"predecessor-version":[{"id":12515,"href":"https:\/\/mivoot.com\/gt\/wp-json\/wp\/v2\/product\/12360\/revisions\/12515"}],"wp:featuredmedia":[{"embeddable":true,"href":"https:\/\/mivoot.com\/gt\/wp-json\/wp\/v2\/media\/12363"}],"wp:attachment":[{"href":"https:\/\/mivoot.com\/gt\/wp-json\/wp\/v2\/media?parent=12360"}],"wp:term":[{"taxonomy":"pwb-brand","embeddable":true,"href":"https:\/\/mivoot.com\/gt\/wp-json\/wp\/v2\/pwb-brand?post=12360"},{"taxonomy":"product_brand","embeddable":true,"href":"https:\/\/mivoot.com\/gt\/wp-json\/wp\/v2\/product_brand?post=12360"},{"taxonomy":"product_cat","embeddable":true,"href":"https:\/\/mivoot.com\/gt\/wp-json\/wp\/v2\/product_cat?post=12360"},{"taxonomy":"product_tag","embeddable":true,"href":"https:\/\/mivoot.com\/gt\/wp-json\/wp\/v2\/product_tag?post=12360"}],"curies":[{"name":"wp","href":"https:\/\/api.w.org\/{rel}","templated":true}]}}