{"id":12435,"date":"2023-03-16T21:56:14","date_gmt":"2023-03-17T03:56:14","guid":{"rendered":"https:\/\/mivoot.com\/gt\/?post_type=product&#038;p=12435"},"modified":"2023-03-16T23:54:21","modified_gmt":"2023-03-17T05:54:21","slug":"audifonos-jbl-para-ninos-jr310bt-verde","status":"publish","type":"product","link":"https:\/\/mivoot.com\/gt\/producto\/audifonos-jbl-para-ninos-jr310bt-verde\/","title":{"rendered":"Aud\u00edfonos JBL para Ni\u00f1os Bluetooth Jr310BT Verde"},"content":{"rendered":"<h2>Un sonido legendario para j\u00f3venes o\u00eddos.<\/h2>\n<div class=\"spec-row\"><span class=\"spec-key -full\">Inocuos, ligeros y con un tama\u00f1o adaptado para ni\u00f1os, con los auriculares inal\u00e1mbricos JBL JR310BT los amantes de la m\u00fasica de m\u00e1s temprana edad pueden disfrutar de hasta 30 horas del legendario sonido JBL de forma segura. Los auriculares est\u00e1n dise\u00f1ados para no superar nunca los 85 dB de presi\u00f3n sonora con el fin de proteger la audici\u00f3n y disponen de controles que pueden manejar f\u00e1cilmente los ni\u00f1os. Una escucha c\u00f3moda y agradable para los ni\u00f1os, con banda de sujeci\u00f3n ajustable y almohadillas acolchadas. Y todos los auriculares son diferentes, ya que los JBL JR310BT pueden personalizarse sin problemas con las pegatinas reutilizables incluidas en el producto que a\u00f1aden un toque divertido.<\/span><\/div>\n<div><\/div>\n<div><div class=\"row\"  id=\"row-2050448199\">\n\t<div id=\"col-2002817390\" class=\"col medium-1\/2 large-6\"  >\n\t\t<div class=\"col-inner\"  >\n\t\t\t\n\t\t\t\n<h3>Sonido inocuo de JBL<\/h3>\n<p>El legendario sonido JBL adaptado ahora para no superar nunca los 85 dB de presi\u00f3n sonora, haci\u00e9ndolos inocuos para los mel\u00f3manos de menor edad.<\/p>\n\t\t<\/div>\n\t\t\t<\/div>\n\n\t\n\n\t<div id=\"col-1734827917\" class=\"col medium-1\/2 large-6\"  >\n\t\t<div class=\"col-inner\"  >\n\t\t\t\n\t\t\t\n<img decoding=\"async\" src=\"https:\/\/www.jbl.co.cr\/on\/demandware.static\/-\/Sites-masterCatalog_Harman\/default\/dwe58ae9e5\/pdp\/JBL_JR%20JB310BT_Lifestyle1.png\" alt=\"Sonido inocuo de JBL\" \/><\/p>\n\t\t<\/div>\n\t\t\t<\/div>\n\n\t\n<\/div><\/div>\n<div><div class=\"row\"  id=\"row-1132226566\">\n\t<div id=\"col-270828425\" class=\"col medium-1\/2 large-6\"  >\n\t\t<div class=\"col-inner\"  >\n\t\t\t\n\t\t\t\n<img decoding=\"async\" src=\"https:\/\/www.jbl.co.cr\/on\/demandware.static\/-\/Sites-masterCatalog_Harman\/default\/dw36681a9d\/pdp\/JBL_JR310_BT_LIFESTYLE2.png\" alt=\"Compatible con Bluetooth\" \/><\/p>\n\t\t<\/div>\n\t\t\t<\/div>\n\n\t\n\n\t<div id=\"col-1000768240\" class=\"col medium-1\/2 large-6\"  >\n\t\t<div class=\"col-inner\"  >\n\t\t\t\n\t\t\t\n<h3>Compatible con Bluetooth<\/h3>\n<p>Una conexi\u00f3n inal\u00e1mbrica con un alcance de hasta 15 metros de distancia significa que preocuparse por ning\u00fan cable.<\/p>\n<h3>Micr\u00f3fono integrado<\/h3>\n<p>Ayuda a tus hijos a permanecer conectados con el mundo con el micr\u00f3fono integrado. Pueden chatear f\u00e1cilmente con amigos y familiares durante los ratos de recreo o con los profesores mientras est\u00e1n ocupados.<\/p>\n\t\t<\/div>\n\t\t\t<\/div>\n\n\t\n<\/div><\/div>\n","protected":false},"excerpt":{"rendered":"<p>Bater\u00eda recargable con Carga r\u00e1pida.<br \/>\nDriver (mm): 32<br \/>\nSensibilidad del driver a 1kHz1mW (dB): 90<br \/>\nRespuesta de frecuencia din\u00e1mica: 20Hz \u2013 20kHz<br \/>\nImpedancia de entrada (ohms): 32<br \/>\nTiempo de juego m\u00e1ximo: 12 horas.<br \/>\nDuraci\u00f3n de la bater\u00eda de hasta 30 horas de m\u00fasica.<br \/>\nAud\u00edfonos especializados en la seguridad de los ni\u00f1os.<br \/>\nDiadema acolchada suave y almohadilladas para los o\u00eddos.<br \/>\nLos botones de control aptos para ni\u00f1os hacen que sea f\u00e1cil y seguro.<br \/>\nLos ni\u00f1os pueden personalizar sus aud\u00edfonos con las pegatinas que vienen en la caja.<\/p>\n","protected":false},"featured_media":12440,"comment_status":"open","ping_status":"closed","template":"","meta":{"jetpack_publicize_message":"","jetpack_publicize_feature_enabled":true,"jetpack_social_post_already_shared":true,"jetpack_social_options":{"image_generator_settings":{"template":"highway","default_image_id":0,"font":"","enabled":false},"version":2}},"pwb-brand":[75],"product_brand":[],"product_cat":[23],"product_tag":[350],"class_list":{"0":"post-12435","1":"product","2":"type-product","3":"status-publish","4":"has-post-thumbnail","6":"pwb-brand-jbl","7":"product_cat-audifonos-bluetooth","8":"product_tag-jbl-on-y-over-ear","10":"first","11":"instock","12":"taxable","13":"shipping-taxable","14":"purchasable","15":"product-type-simple"},"yoast_head":"<!-- This site is optimized with the Yoast SEO Premium plugin v25.7.1 (Yoast SEO v26.8) - https:\/\/yoast.com\/product\/yoast-seo-premium-wordpress\/ -->\n<title>Aud\u00edfonos JBL para Ni\u00f1os Bluetooth Jr310BT Verde - Mivoot<\/title>\n<meta name=\"description\" content=\"Aud\u00edfonos especializados en la seguridad de los ni\u00f1os.Diadema acolchada suave y almohadilladas para los o\u00eddos. Mivoot\" \/>\n<meta name=\"robots\" content=\"index, follow, max-snippet:-1, max-image-preview:large, max-video-preview:-1\" \/>\n<link rel=\"canonical\" href=\"https:\/\/mivoot.com\/gt\/producto\/audifonos-jbl-para-ninos-jr310bt-verde\/\" \/>\n<meta property=\"og:locale\" content=\"es_ES\" \/>\n<meta property=\"og:type\" content=\"article\" \/>\n<meta property=\"og:title\" content=\"Aud\u00edfonos JBL para Ni\u00f1os Bluetooth Jr310BT Verde\" \/>\n<meta property=\"og:description\" content=\"Aud\u00edfonos especializados en la seguridad de los ni\u00f1os.Diadema acolchada suave y almohadilladas para los o\u00eddos. Mivoot\" \/>\n<meta property=\"og:url\" content=\"https:\/\/mivoot.com\/gt\/producto\/audifonos-jbl-para-ninos-jr310bt-verde\/\" \/>\n<meta property=\"og:site_name\" content=\"Mivoot\" \/>\n<meta property=\"article:publisher\" content=\"https:\/\/www.facebook.com\/mivootgt\" \/>\n<meta property=\"article:modified_time\" content=\"2023-03-17T05:54:21+00:00\" \/>\n<meta property=\"og:image\" content=\"https:\/\/mivoot.com\/gt\/wp-content\/uploads\/2023\/03\/JBL_JR-310BT_Product-Image_Hero_Olive-Green.png\" \/>\n\t<meta property=\"og:image:width\" content=\"537\" \/>\n\t<meta property=\"og:image:height\" content=\"537\" \/>\n\t<meta property=\"og:image:type\" content=\"image\/png\" \/>\n<meta name=\"twitter:card\" content=\"summary_large_image\" \/>\n<meta name=\"twitter:label1\" content=\"Est. reading time\" \/>\n\t<meta name=\"twitter:data1\" content=\"2 minutos\" \/>\n<script type=\"application\/ld+json\" class=\"yoast-schema-graph\">{\"@context\":\"https:\/\/schema.org\",\"@graph\":[{\"@type\":\"WebPage\",\"@id\":\"https:\/\/mivoot.com\/gt\/producto\/audifonos-jbl-para-ninos-jr310bt-verde\/\",\"url\":\"https:\/\/mivoot.com\/gt\/producto\/audifonos-jbl-para-ninos-jr310bt-verde\/\",\"name\":\"Aud\u00edfonos JBL para Ni\u00f1os Bluetooth Jr310BT Verde - Mivoot\",\"isPartOf\":{\"@id\":\"https:\/\/mivoot.com\/gt\/#website\"},\"primaryImageOfPage\":{\"@id\":\"https:\/\/mivoot.com\/gt\/producto\/audifonos-jbl-para-ninos-jr310bt-verde\/#primaryimage\"},\"image\":{\"@id\":\"https:\/\/mivoot.com\/gt\/producto\/audifonos-jbl-para-ninos-jr310bt-verde\/#primaryimage\"},\"thumbnailUrl\":\"https:\/\/mivoot.com\/gt\/wp-content\/uploads\/2023\/03\/JBL_JR-310BT_Product-Image_Hero_Olive-Green.png\",\"datePublished\":\"2023-03-17T03:56:14+00:00\",\"dateModified\":\"2023-03-17T05:54:21+00:00\",\"description\":\"Aud\u00edfonos especializados en la seguridad de los ni\u00f1os.Diadema acolchada suave y almohadilladas para los o\u00eddos. Mivoot\",\"breadcrumb\":{\"@id\":\"https:\/\/mivoot.com\/gt\/producto\/audifonos-jbl-para-ninos-jr310bt-verde\/#breadcrumb\"},\"inLanguage\":\"es\",\"potentialAction\":[{\"@type\":\"ReadAction\",\"target\":[\"https:\/\/mivoot.com\/gt\/producto\/audifonos-jbl-para-ninos-jr310bt-verde\/\"]}]},{\"@type\":\"ImageObject\",\"inLanguage\":\"es\",\"@id\":\"https:\/\/mivoot.com\/gt\/producto\/audifonos-jbl-para-ninos-jr310bt-verde\/#primaryimage\",\"url\":\"https:\/\/mivoot.com\/gt\/wp-content\/uploads\/2023\/03\/JBL_JR-310BT_Product-Image_Hero_Olive-Green.png\",\"contentUrl\":\"https:\/\/mivoot.com\/gt\/wp-content\/uploads\/2023\/03\/JBL_JR-310BT_Product-Image_Hero_Olive-Green.png\",\"width\":537,\"height\":537},{\"@type\":\"BreadcrumbList\",\"@id\":\"https:\/\/mivoot.com\/gt\/producto\/audifonos-jbl-para-ninos-jr310bt-verde\/#breadcrumb\",\"itemListElement\":[{\"@type\":\"ListItem\",\"position\":1,\"name\":\"Inicio\",\"item\":\"https:\/\/mivoot.com\/gt\/\"},{\"@type\":\"ListItem\",\"position\":2,\"name\":\"Productos\",\"item\":\"https:\/\/mivoot.com\/gt\/producto\/\"},{\"@type\":\"ListItem\",\"position\":3,\"name\":\"JBL\",\"item\":\"https:\/\/mivoot.com\/gt\/marca\/jbl\/\"},{\"@type\":\"ListItem\",\"position\":4,\"name\":\"Aud\u00edfonos JBL para Ni\u00f1os Bluetooth Jr310BT Verde\"}]},{\"@type\":\"WebSite\",\"@id\":\"https:\/\/mivoot.com\/gt\/#website\",\"url\":\"https:\/\/mivoot.com\/gt\/\",\"name\":\"Mivoot\",\"description\":\"Mivoot Guatemala | Tienda Online\",\"publisher\":{\"@id\":\"https:\/\/mivoot.com\/gt\/#organization\"},\"alternateName\":\"mivoot\",\"potentialAction\":[{\"@type\":\"SearchAction\",\"target\":{\"@type\":\"EntryPoint\",\"urlTemplate\":\"https:\/\/mivoot.com\/gt\/?s={search_term_string}\"},\"query-input\":{\"@type\":\"PropertyValueSpecification\",\"valueRequired\":true,\"valueName\":\"search_term_string\"}}],\"inLanguage\":\"es\"},{\"@type\":\"Organization\",\"@id\":\"https:\/\/mivoot.com\/gt\/#organization\",\"name\":\"Mivoot Guatemala\",\"alternateName\":\"mivoot.com\",\"url\":\"https:\/\/mivoot.com\/gt\/\",\"logo\":{\"@type\":\"ImageObject\",\"inLanguage\":\"es\",\"@id\":\"https:\/\/mivoot.com\/gt\/#\/schema\/logo\/image\/\",\"url\":\"https:\/\/mivoot.com\/gt\/wp-content\/uploads\/2023\/03\/cropped-icon.png\",\"contentUrl\":\"https:\/\/mivoot.com\/gt\/wp-content\/uploads\/2023\/03\/cropped-icon.png\",\"width\":512,\"height\":512,\"caption\":\"Mivoot Guatemala\"},\"image\":{\"@id\":\"https:\/\/mivoot.com\/gt\/#\/schema\/logo\/image\/\"},\"sameAs\":[\"https:\/\/www.facebook.com\/mivootgt\",\"https:\/\/instagram.com\/mivoot\"]}]}<\/script>\n<!-- \/ Yoast SEO Premium plugin. -->","yoast_head_json":{"title":"Aud\u00edfonos JBL para Ni\u00f1os Bluetooth Jr310BT Verde - Mivoot","description":"Aud\u00edfonos especializados en la seguridad de los ni\u00f1os.Diadema acolchada suave y almohadilladas para los o\u00eddos. Mivoot","robots":{"index":"index","follow":"follow","max-snippet":"max-snippet:-1","max-image-preview":"max-image-preview:large","max-video-preview":"max-video-preview:-1"},"canonical":"https:\/\/mivoot.com\/gt\/producto\/audifonos-jbl-para-ninos-jr310bt-verde\/","og_locale":"es_ES","og_type":"article","og_title":"Aud\u00edfonos JBL para Ni\u00f1os Bluetooth Jr310BT Verde","og_description":"Aud\u00edfonos especializados en la seguridad de los ni\u00f1os.Diadema acolchada suave y almohadilladas para los o\u00eddos. Mivoot","og_url":"https:\/\/mivoot.com\/gt\/producto\/audifonos-jbl-para-ninos-jr310bt-verde\/","og_site_name":"Mivoot","article_publisher":"https:\/\/www.facebook.com\/mivootgt","article_modified_time":"2023-03-17T05:54:21+00:00","og_image":[{"width":537,"height":537,"url":"https:\/\/mivoot.com\/gt\/wp-content\/uploads\/2023\/03\/JBL_JR-310BT_Product-Image_Hero_Olive-Green.png","type":"image\/png"}],"twitter_card":"summary_large_image","twitter_misc":{"Est. reading time":"2 minutos"},"schema":{"@context":"https:\/\/schema.org","@graph":[{"@type":"WebPage","@id":"https:\/\/mivoot.com\/gt\/producto\/audifonos-jbl-para-ninos-jr310bt-verde\/","url":"https:\/\/mivoot.com\/gt\/producto\/audifonos-jbl-para-ninos-jr310bt-verde\/","name":"Aud\u00edfonos JBL para Ni\u00f1os Bluetooth Jr310BT Verde - Mivoot","isPartOf":{"@id":"https:\/\/mivoot.com\/gt\/#website"},"primaryImageOfPage":{"@id":"https:\/\/mivoot.com\/gt\/producto\/audifonos-jbl-para-ninos-jr310bt-verde\/#primaryimage"},"image":{"@id":"https:\/\/mivoot.com\/gt\/producto\/audifonos-jbl-para-ninos-jr310bt-verde\/#primaryimage"},"thumbnailUrl":"https:\/\/mivoot.com\/gt\/wp-content\/uploads\/2023\/03\/JBL_JR-310BT_Product-Image_Hero_Olive-Green.png","datePublished":"2023-03-17T03:56:14+00:00","dateModified":"2023-03-17T05:54:21+00:00","description":"Aud\u00edfonos especializados en la seguridad de los ni\u00f1os.Diadema acolchada suave y almohadilladas para los o\u00eddos. Mivoot","breadcrumb":{"@id":"https:\/\/mivoot.com\/gt\/producto\/audifonos-jbl-para-ninos-jr310bt-verde\/#breadcrumb"},"inLanguage":"es","potentialAction":[{"@type":"ReadAction","target":["https:\/\/mivoot.com\/gt\/producto\/audifonos-jbl-para-ninos-jr310bt-verde\/"]}]},{"@type":"ImageObject","inLanguage":"es","@id":"https:\/\/mivoot.com\/gt\/producto\/audifonos-jbl-para-ninos-jr310bt-verde\/#primaryimage","url":"https:\/\/mivoot.com\/gt\/wp-content\/uploads\/2023\/03\/JBL_JR-310BT_Product-Image_Hero_Olive-Green.png","contentUrl":"https:\/\/mivoot.com\/gt\/wp-content\/uploads\/2023\/03\/JBL_JR-310BT_Product-Image_Hero_Olive-Green.png","width":537,"height":537},{"@type":"BreadcrumbList","@id":"https:\/\/mivoot.com\/gt\/producto\/audifonos-jbl-para-ninos-jr310bt-verde\/#breadcrumb","itemListElement":[{"@type":"ListItem","position":1,"name":"Inicio","item":"https:\/\/mivoot.com\/gt\/"},{"@type":"ListItem","position":2,"name":"Productos","item":"https:\/\/mivoot.com\/gt\/producto\/"},{"@type":"ListItem","position":3,"name":"JBL","item":"https:\/\/mivoot.com\/gt\/marca\/jbl\/"},{"@type":"ListItem","position":4,"name":"Aud\u00edfonos JBL para Ni\u00f1os Bluetooth Jr310BT Verde"}]},{"@type":"WebSite","@id":"https:\/\/mivoot.com\/gt\/#website","url":"https:\/\/mivoot.com\/gt\/","name":"Mivoot","description":"Mivoot Guatemala | Tienda Online","publisher":{"@id":"https:\/\/mivoot.com\/gt\/#organization"},"alternateName":"mivoot","potentialAction":[{"@type":"SearchAction","target":{"@type":"EntryPoint","urlTemplate":"https:\/\/mivoot.com\/gt\/?s={search_term_string}"},"query-input":{"@type":"PropertyValueSpecification","valueRequired":true,"valueName":"search_term_string"}}],"inLanguage":"es"},{"@type":"Organization","@id":"https:\/\/mivoot.com\/gt\/#organization","name":"Mivoot Guatemala","alternateName":"mivoot.com","url":"https:\/\/mivoot.com\/gt\/","logo":{"@type":"ImageObject","inLanguage":"es","@id":"https:\/\/mivoot.com\/gt\/#\/schema\/logo\/image\/","url":"https:\/\/mivoot.com\/gt\/wp-content\/uploads\/2023\/03\/cropped-icon.png","contentUrl":"https:\/\/mivoot.com\/gt\/wp-content\/uploads\/2023\/03\/cropped-icon.png","width":512,"height":512,"caption":"Mivoot Guatemala"},"image":{"@id":"https:\/\/mivoot.com\/gt\/#\/schema\/logo\/image\/"},"sameAs":["https:\/\/www.facebook.com\/mivootgt","https:\/\/instagram.com\/mivoot"]}]}},"jetpack_publicize_connections":[],"jetpack_sharing_enabled":true,"brands":[{"id":75,"name":"JBL","slug":"jbl"}],"_links":{"self":[{"href":"https:\/\/mivoot.com\/gt\/wp-json\/wp\/v2\/product\/12435","targetHints":{"allow":["GET"]}}],"collection":[{"href":"https:\/\/mivoot.com\/gt\/wp-json\/wp\/v2\/product"}],"about":[{"href":"https:\/\/mivoot.com\/gt\/wp-json\/wp\/v2\/types\/product"}],"replies":[{"embeddable":true,"href":"https:\/\/mivoot.com\/gt\/wp-json\/wp\/v2\/comments?post=12435"}],"version-history":[{"count":3,"href":"https:\/\/mivoot.com\/gt\/wp-json\/wp\/v2\/product\/12435\/revisions"}],"predecessor-version":[{"id":12465,"href":"https:\/\/mivoot.com\/gt\/wp-json\/wp\/v2\/product\/12435\/revisions\/12465"}],"wp:featuredmedia":[{"embeddable":true,"href":"https:\/\/mivoot.com\/gt\/wp-json\/wp\/v2\/media\/12440"}],"wp:attachment":[{"href":"https:\/\/mivoot.com\/gt\/wp-json\/wp\/v2\/media?parent=12435"}],"wp:term":[{"taxonomy":"pwb-brand","embeddable":true,"href":"https:\/\/mivoot.com\/gt\/wp-json\/wp\/v2\/pwb-brand?post=12435"},{"taxonomy":"product_brand","embeddable":true,"href":"https:\/\/mivoot.com\/gt\/wp-json\/wp\/v2\/product_brand?post=12435"},{"taxonomy":"product_cat","embeddable":true,"href":"https:\/\/mivoot.com\/gt\/wp-json\/wp\/v2\/product_cat?post=12435"},{"taxonomy":"product_tag","embeddable":true,"href":"https:\/\/mivoot.com\/gt\/wp-json\/wp\/v2\/product_tag?post=12435"}],"curies":[{"name":"wp","href":"https:\/\/api.w.org\/{rel}","templated":true}]}}