{"id":12452,"date":"2023-03-16T22:26:25","date_gmt":"2023-03-17T04:26:25","guid":{"rendered":"https:\/\/mivoot.com\/gt\/?post_type=product&#038;p=12452"},"modified":"2024-09-16T11:35:24","modified_gmt":"2024-09-16T17:35:24","slug":"audifonos-jbl-quantum-300","status":"publish","type":"product","link":"https:\/\/mivoot.com\/gt\/producto\/audifonos-jbl-quantum-300\/","title":{"rendered":"Aud\u00edfonos JBL Quantum 300 Gaming"},"content":{"rendered":"<ul class=\"a-unordered-list a-vertical a-spacing-mini\">\n<li><span class=\"a-list-item\">En los juegos competitivos, el sonido es supervivencia, y JBL conoce el sonido excelente: desde la emoci\u00f3n de rastrear enemigos en juegos FPS hasta participar en batallas \u00e9picas de MOBA, el JBL Quantum 300 amplifica cada victoria en PC, Mac, Xbox, PS4 y Nintendo Switch.<\/span><\/li>\n<li><span class=\"a-list-item\">Cuenta con la tecnolog\u00eda de sonido JBL Quantum Surround que est\u00e1 dise\u00f1ada para brindar precisi\u00f3n y ofrece un audio de juego inmersivo para una ventaja competitiva, de modo que los usuarios nunca tengan que perder un paso, disparar o saltar durante el juego.<\/span><\/li>\n<li><span class=\"a-list-item\">Los auriculares para juegos JBL Quantum 300 incorporan un micr\u00f3fono boom con tecnolog\u00eda de cancelaci\u00f3n de eco, lo que permite a los usuarios concentrarse en la voz de sus compa\u00f1eros de equipo en lugar del ruido de fondo, para una comunicaci\u00f3n n\u00edtida.<\/span><\/li>\n<li><span class=\"a-list-item\">Las almohadillas de espuma viscoel\u00e1stica de los auriculares JBL Quantum 300 est\u00e1n recubiertas de cuero PU suave, lo que brinda comodidad para sesiones marat\u00f3nicas, adem\u00e1s de conexiones de adaptador USB y de 3,5 mm para juegos multiplataforma en PC, Mac, Xbox, PS4 y Nintendo Switch.<\/span><\/li>\n<li><span class=\"a-list-item\">Art\u00edculos entregados: JBL Quantum 300 auricular para juegos con cable sobre la oreja con micr\u00f3fono boom en negro, compatible con PC, Mac, Xbox, PlayStation, Nintendo Switch, dispositivos m\u00f3viles y VR.<\/span><\/li>\n<\/ul>\n<h3>Viva el juego al m\u00e1ximo con JBL QuantumSURROUND\u2122<\/h3>\n<p>Con el sonido de micr\u00f3fono elevado a\u00f1adido, el sistema JBL QuantumSURROUND\u2122, controlado por JBL QuantumENGINE PC, simula un sonido multicanal capaz de crear una sensaci\u00f3n envolvente y realista que imita la calidad de las salas de cine, d\u00e1ndole todas las ventajas que necesita para triunfar..<\/p>\n<p><img decoding=\"async\" src=\"https:\/\/www.jbl.com.gt\/on\/demandware.static\/-\/Sites-masterCatalog_Harman\/default\/dw6b45bb59\/pdp\/JBL_Quantum200_Q300_Lifestyle1.png\" alt=\"Viva el juego al m\u00e1ximo con JBL QuantumSURROUND\u2122\" \/><\/p>\n<h3>Sea el polo de atracci\u00f3n del juego con JBL QuantumSOUND Signature<\/h3>\n<p>Desde el sonido de unos sutiles pasos hasta la explosiones m\u00e1s fuertes. JBL QuantumSOUND Signature convierte en \u00e9pica cada escena. Los amplificadores de neodimio de 50\u00a0mm proporcionan una curva de sonido dise\u00f1ada especialmente para gaming. Sum\u00e9rjase en el espacio envolvente m\u00e1s realista para sacar partido de cada batalla.<\/p>\n<p><img decoding=\"async\" src=\"https:\/\/www.jbl.com.gt\/on\/demandware.static\/-\/Sites-masterCatalog_Harman\/default\/dwf1da466b\/pdp\/JBL_Quantum200_300_Lifestyle2.png\" alt=\"Sea el polo de atracci\u00f3n del juego con JBL QuantumSOUND Signature\" \/><\/p>\n<div class=\"accordion-content\">\n<div class=\"box-contents\">\n<p>&nbsp;<\/p>\n<\/div>\n<\/div>\n","protected":false},"excerpt":{"rendered":"<p>&#8211; Auriculares JBL Quantum 300<br \/>\n&#8211; Adaptador de audio USB<br \/>\n&#8211; Espuma para micr\u00f3fono con brazo<br \/>\n&#8211; Interfaz 3.5 mm \/ USB<br \/>\n&#8211; Impedancia 32 ohmios<br \/>\n&#8211; Largo de Cable 1.2 m<br \/>\n&#8211; Micr\u00f3fono Si<br \/>\n&#8211; Compatibilidad Auriculares (1.2m) + adaptador de audio USB (1.5m)<br \/>\n&#8211; Dimensiones 25 x 32 x 14 cm<br \/>\n&#8211; Peso 245g<\/p>\n","protected":false},"featured_media":12456,"comment_status":"open","ping_status":"closed","template":"","meta":{"jetpack_publicize_message":"","jetpack_publicize_feature_enabled":true,"jetpack_social_post_already_shared":true,"jetpack_social_options":{"image_generator_settings":{"template":"highway","default_image_id":0,"font":"","enabled":false},"version":2}},"pwb-brand":[75],"product_brand":[],"product_cat":[25],"product_tag":[388],"class_list":{"0":"post-12452","1":"product","2":"type-product","3":"status-publish","4":"has-post-thumbnail","6":"pwb-brand-jbl","7":"product_cat-audifonos-alambricos","8":"product_tag-jbl-gaming","10":"first","11":"instock","12":"taxable","13":"shipping-taxable","14":"purchasable","15":"product-type-simple"},"yoast_head":"<!-- This site is optimized with the Yoast SEO Premium plugin v25.7.1 (Yoast SEO v26.8) - https:\/\/yoast.com\/product\/yoast-seo-premium-wordpress\/ -->\n<title>Aud\u00edfonos JBL Quantum 300 Gaming - Mivoot<\/title>\n<meta name=\"robots\" content=\"index, follow, max-snippet:-1, max-image-preview:large, max-video-preview:-1\" \/>\n<link rel=\"canonical\" href=\"https:\/\/mivoot.com\/gt\/producto\/audifonos-jbl-quantum-300\/\" \/>\n<meta property=\"og:locale\" content=\"es_ES\" \/>\n<meta property=\"og:type\" content=\"article\" \/>\n<meta property=\"og:title\" content=\"Aud\u00edfonos JBL Quantum 300 Gaming\" \/>\n<meta property=\"og:description\" content=\"- Auriculares JBL Quantum 300 - Adaptador de audio USB - Espuma para micr\u00f3fono con brazo - Interfaz 3.5 mm \/ USB - Impedancia 32 ohmios - Largo de Cable 1.2 m - Micr\u00f3fono Si - Compatibilidad Auriculares (1.2m) + adaptador de audio USB (1.5m) - Dimensiones 25 x 32 x 14 cm - Peso 245g\" \/>\n<meta property=\"og:url\" content=\"https:\/\/mivoot.com\/gt\/producto\/audifonos-jbl-quantum-300\/\" \/>\n<meta property=\"og:site_name\" content=\"Mivoot\" \/>\n<meta property=\"article:publisher\" content=\"https:\/\/www.facebook.com\/mivootgt\" \/>\n<meta property=\"article:modified_time\" content=\"2024-09-16T17:35:24+00:00\" \/>\n<meta property=\"og:image\" content=\"https:\/\/mivoot.com\/gt\/wp-content\/uploads\/2023\/03\/JBLQUANTUM300BLKAM-1200x1200-1-768x768-1.jpg\" \/>\n\t<meta property=\"og:image:width\" content=\"768\" \/>\n\t<meta property=\"og:image:height\" content=\"768\" \/>\n\t<meta property=\"og:image:type\" content=\"image\/jpeg\" \/>\n<meta name=\"twitter:card\" content=\"summary_large_image\" \/>\n<meta name=\"twitter:label1\" content=\"Est. reading time\" \/>\n\t<meta name=\"twitter:data1\" content=\"2 minutos\" \/>\n<script type=\"application\/ld+json\" class=\"yoast-schema-graph\">{\"@context\":\"https:\/\/schema.org\",\"@graph\":[{\"@type\":\"WebPage\",\"@id\":\"https:\/\/mivoot.com\/gt\/producto\/audifonos-jbl-quantum-300\/\",\"url\":\"https:\/\/mivoot.com\/gt\/producto\/audifonos-jbl-quantum-300\/\",\"name\":\"Aud\u00edfonos JBL Quantum 300 Gaming - Mivoot\",\"isPartOf\":{\"@id\":\"https:\/\/mivoot.com\/gt\/#website\"},\"primaryImageOfPage\":{\"@id\":\"https:\/\/mivoot.com\/gt\/producto\/audifonos-jbl-quantum-300\/#primaryimage\"},\"image\":{\"@id\":\"https:\/\/mivoot.com\/gt\/producto\/audifonos-jbl-quantum-300\/#primaryimage\"},\"thumbnailUrl\":\"https:\/\/mivoot.com\/gt\/wp-content\/uploads\/2023\/03\/JBLQUANTUM300BLKAM-1200x1200-1-768x768-1.jpg\",\"datePublished\":\"2023-03-17T04:26:25+00:00\",\"dateModified\":\"2024-09-16T17:35:24+00:00\",\"breadcrumb\":{\"@id\":\"https:\/\/mivoot.com\/gt\/producto\/audifonos-jbl-quantum-300\/#breadcrumb\"},\"inLanguage\":\"es\",\"potentialAction\":[{\"@type\":\"ReadAction\",\"target\":[\"https:\/\/mivoot.com\/gt\/producto\/audifonos-jbl-quantum-300\/\"]}]},{\"@type\":\"ImageObject\",\"inLanguage\":\"es\",\"@id\":\"https:\/\/mivoot.com\/gt\/producto\/audifonos-jbl-quantum-300\/#primaryimage\",\"url\":\"https:\/\/mivoot.com\/gt\/wp-content\/uploads\/2023\/03\/JBLQUANTUM300BLKAM-1200x1200-1-768x768-1.jpg\",\"contentUrl\":\"https:\/\/mivoot.com\/gt\/wp-content\/uploads\/2023\/03\/JBLQUANTUM300BLKAM-1200x1200-1-768x768-1.jpg\",\"width\":768,\"height\":768},{\"@type\":\"BreadcrumbList\",\"@id\":\"https:\/\/mivoot.com\/gt\/producto\/audifonos-jbl-quantum-300\/#breadcrumb\",\"itemListElement\":[{\"@type\":\"ListItem\",\"position\":1,\"name\":\"Inicio\",\"item\":\"https:\/\/mivoot.com\/gt\/\"},{\"@type\":\"ListItem\",\"position\":2,\"name\":\"Productos\",\"item\":\"https:\/\/mivoot.com\/gt\/producto\/\"},{\"@type\":\"ListItem\",\"position\":3,\"name\":\"JBL\",\"item\":\"https:\/\/mivoot.com\/gt\/marca\/jbl\/\"},{\"@type\":\"ListItem\",\"position\":4,\"name\":\"Aud\u00edfonos JBL Quantum 300 Gaming\"}]},{\"@type\":\"WebSite\",\"@id\":\"https:\/\/mivoot.com\/gt\/#website\",\"url\":\"https:\/\/mivoot.com\/gt\/\",\"name\":\"Mivoot\",\"description\":\"Mivoot Guatemala | Tienda Online\",\"publisher\":{\"@id\":\"https:\/\/mivoot.com\/gt\/#organization\"},\"alternateName\":\"mivoot\",\"potentialAction\":[{\"@type\":\"SearchAction\",\"target\":{\"@type\":\"EntryPoint\",\"urlTemplate\":\"https:\/\/mivoot.com\/gt\/?s={search_term_string}\"},\"query-input\":{\"@type\":\"PropertyValueSpecification\",\"valueRequired\":true,\"valueName\":\"search_term_string\"}}],\"inLanguage\":\"es\"},{\"@type\":\"Organization\",\"@id\":\"https:\/\/mivoot.com\/gt\/#organization\",\"name\":\"Mivoot Guatemala\",\"alternateName\":\"mivoot.com\",\"url\":\"https:\/\/mivoot.com\/gt\/\",\"logo\":{\"@type\":\"ImageObject\",\"inLanguage\":\"es\",\"@id\":\"https:\/\/mivoot.com\/gt\/#\/schema\/logo\/image\/\",\"url\":\"https:\/\/mivoot.com\/gt\/wp-content\/uploads\/2023\/03\/cropped-icon.png\",\"contentUrl\":\"https:\/\/mivoot.com\/gt\/wp-content\/uploads\/2023\/03\/cropped-icon.png\",\"width\":512,\"height\":512,\"caption\":\"Mivoot Guatemala\"},\"image\":{\"@id\":\"https:\/\/mivoot.com\/gt\/#\/schema\/logo\/image\/\"},\"sameAs\":[\"https:\/\/www.facebook.com\/mivootgt\",\"https:\/\/instagram.com\/mivoot\"]}]}<\/script>\n<!-- \/ Yoast SEO Premium plugin. -->","yoast_head_json":{"title":"Aud\u00edfonos JBL Quantum 300 Gaming - Mivoot","robots":{"index":"index","follow":"follow","max-snippet":"max-snippet:-1","max-image-preview":"max-image-preview:large","max-video-preview":"max-video-preview:-1"},"canonical":"https:\/\/mivoot.com\/gt\/producto\/audifonos-jbl-quantum-300\/","og_locale":"es_ES","og_type":"article","og_title":"Aud\u00edfonos JBL Quantum 300 Gaming","og_description":"- Auriculares JBL Quantum 300 - Adaptador de audio USB - Espuma para micr\u00f3fono con brazo - Interfaz 3.5 mm \/ USB - Impedancia 32 ohmios - Largo de Cable 1.2 m - Micr\u00f3fono Si - Compatibilidad Auriculares (1.2m) + adaptador de audio USB (1.5m) - Dimensiones 25 x 32 x 14 cm - Peso 245g","og_url":"https:\/\/mivoot.com\/gt\/producto\/audifonos-jbl-quantum-300\/","og_site_name":"Mivoot","article_publisher":"https:\/\/www.facebook.com\/mivootgt","article_modified_time":"2024-09-16T17:35:24+00:00","og_image":[{"width":768,"height":768,"url":"https:\/\/mivoot.com\/gt\/wp-content\/uploads\/2023\/03\/JBLQUANTUM300BLKAM-1200x1200-1-768x768-1.jpg","type":"image\/jpeg"}],"twitter_card":"summary_large_image","twitter_misc":{"Est. reading time":"2 minutos"},"schema":{"@context":"https:\/\/schema.org","@graph":[{"@type":"WebPage","@id":"https:\/\/mivoot.com\/gt\/producto\/audifonos-jbl-quantum-300\/","url":"https:\/\/mivoot.com\/gt\/producto\/audifonos-jbl-quantum-300\/","name":"Aud\u00edfonos JBL Quantum 300 Gaming - Mivoot","isPartOf":{"@id":"https:\/\/mivoot.com\/gt\/#website"},"primaryImageOfPage":{"@id":"https:\/\/mivoot.com\/gt\/producto\/audifonos-jbl-quantum-300\/#primaryimage"},"image":{"@id":"https:\/\/mivoot.com\/gt\/producto\/audifonos-jbl-quantum-300\/#primaryimage"},"thumbnailUrl":"https:\/\/mivoot.com\/gt\/wp-content\/uploads\/2023\/03\/JBLQUANTUM300BLKAM-1200x1200-1-768x768-1.jpg","datePublished":"2023-03-17T04:26:25+00:00","dateModified":"2024-09-16T17:35:24+00:00","breadcrumb":{"@id":"https:\/\/mivoot.com\/gt\/producto\/audifonos-jbl-quantum-300\/#breadcrumb"},"inLanguage":"es","potentialAction":[{"@type":"ReadAction","target":["https:\/\/mivoot.com\/gt\/producto\/audifonos-jbl-quantum-300\/"]}]},{"@type":"ImageObject","inLanguage":"es","@id":"https:\/\/mivoot.com\/gt\/producto\/audifonos-jbl-quantum-300\/#primaryimage","url":"https:\/\/mivoot.com\/gt\/wp-content\/uploads\/2023\/03\/JBLQUANTUM300BLKAM-1200x1200-1-768x768-1.jpg","contentUrl":"https:\/\/mivoot.com\/gt\/wp-content\/uploads\/2023\/03\/JBLQUANTUM300BLKAM-1200x1200-1-768x768-1.jpg","width":768,"height":768},{"@type":"BreadcrumbList","@id":"https:\/\/mivoot.com\/gt\/producto\/audifonos-jbl-quantum-300\/#breadcrumb","itemListElement":[{"@type":"ListItem","position":1,"name":"Inicio","item":"https:\/\/mivoot.com\/gt\/"},{"@type":"ListItem","position":2,"name":"Productos","item":"https:\/\/mivoot.com\/gt\/producto\/"},{"@type":"ListItem","position":3,"name":"JBL","item":"https:\/\/mivoot.com\/gt\/marca\/jbl\/"},{"@type":"ListItem","position":4,"name":"Aud\u00edfonos JBL Quantum 300 Gaming"}]},{"@type":"WebSite","@id":"https:\/\/mivoot.com\/gt\/#website","url":"https:\/\/mivoot.com\/gt\/","name":"Mivoot","description":"Mivoot Guatemala | Tienda Online","publisher":{"@id":"https:\/\/mivoot.com\/gt\/#organization"},"alternateName":"mivoot","potentialAction":[{"@type":"SearchAction","target":{"@type":"EntryPoint","urlTemplate":"https:\/\/mivoot.com\/gt\/?s={search_term_string}"},"query-input":{"@type":"PropertyValueSpecification","valueRequired":true,"valueName":"search_term_string"}}],"inLanguage":"es"},{"@type":"Organization","@id":"https:\/\/mivoot.com\/gt\/#organization","name":"Mivoot Guatemala","alternateName":"mivoot.com","url":"https:\/\/mivoot.com\/gt\/","logo":{"@type":"ImageObject","inLanguage":"es","@id":"https:\/\/mivoot.com\/gt\/#\/schema\/logo\/image\/","url":"https:\/\/mivoot.com\/gt\/wp-content\/uploads\/2023\/03\/cropped-icon.png","contentUrl":"https:\/\/mivoot.com\/gt\/wp-content\/uploads\/2023\/03\/cropped-icon.png","width":512,"height":512,"caption":"Mivoot Guatemala"},"image":{"@id":"https:\/\/mivoot.com\/gt\/#\/schema\/logo\/image\/"},"sameAs":["https:\/\/www.facebook.com\/mivootgt","https:\/\/instagram.com\/mivoot"]}]}},"jetpack_publicize_connections":[],"jetpack_sharing_enabled":true,"brands":[{"id":75,"name":"JBL","slug":"jbl"}],"_links":{"self":[{"href":"https:\/\/mivoot.com\/gt\/wp-json\/wp\/v2\/product\/12452","targetHints":{"allow":["GET"]}}],"collection":[{"href":"https:\/\/mivoot.com\/gt\/wp-json\/wp\/v2\/product"}],"about":[{"href":"https:\/\/mivoot.com\/gt\/wp-json\/wp\/v2\/types\/product"}],"replies":[{"embeddable":true,"href":"https:\/\/mivoot.com\/gt\/wp-json\/wp\/v2\/comments?post=12452"}],"version-history":[{"count":5,"href":"https:\/\/mivoot.com\/gt\/wp-json\/wp\/v2\/product\/12452\/revisions"}],"predecessor-version":[{"id":22559,"href":"https:\/\/mivoot.com\/gt\/wp-json\/wp\/v2\/product\/12452\/revisions\/22559"}],"wp:featuredmedia":[{"embeddable":true,"href":"https:\/\/mivoot.com\/gt\/wp-json\/wp\/v2\/media\/12456"}],"wp:attachment":[{"href":"https:\/\/mivoot.com\/gt\/wp-json\/wp\/v2\/media?parent=12452"}],"wp:term":[{"taxonomy":"pwb-brand","embeddable":true,"href":"https:\/\/mivoot.com\/gt\/wp-json\/wp\/v2\/pwb-brand?post=12452"},{"taxonomy":"product_brand","embeddable":true,"href":"https:\/\/mivoot.com\/gt\/wp-json\/wp\/v2\/product_brand?post=12452"},{"taxonomy":"product_cat","embeddable":true,"href":"https:\/\/mivoot.com\/gt\/wp-json\/wp\/v2\/product_cat?post=12452"},{"taxonomy":"product_tag","embeddable":true,"href":"https:\/\/mivoot.com\/gt\/wp-json\/wp\/v2\/product_tag?post=12452"}],"curies":[{"name":"wp","href":"https:\/\/api.w.org\/{rel}","templated":true}]}}