{"id":12486,"date":"2023-03-17T19:13:38","date_gmt":"2023-03-18T01:13:38","guid":{"rendered":"https:\/\/mivoot.com\/gt\/?post_type=product&#038;p=12486"},"modified":"2023-03-17T19:19:14","modified_gmt":"2023-03-18T01:19:14","slug":"sistema-pos-todo-en-uno-15-celeron-j4125-e-series-2-elo","status":"publish","type":"product","link":"https:\/\/mivoot.com\/gt\/producto\/sistema-pos-todo-en-uno-15-celeron-j4125-e-series-2-elo\/","title":{"rendered":"Sistema POS Todo en Uno 15&#8243; Celeron J4125 4GB Ram 128GB SSD Sin SO E-Series 2 ELO"},"content":{"rendered":"<div class=\"txt\">\n<h1><span class=\"txt-blue\"><span>Serie E 2<\/span><\/span><span>sistema de punto de venta.<\/span><\/h1>\n<p><span>Dise\u00f1ado espec\u00edficamente para el punto de venta, el E-Series 2 ofrece una pantalla t\u00e1ctil de 15,6 pulgadas, el procesador Celeron de Intel de octava generaci\u00f3n y un concentrador de expansi\u00f3n integrado para conectar los perif\u00e9ricos que necesita.<\/span><\/p>\n<\/div>\n<div class=\"img\"><img fetchpriority=\"high\" decoding=\"async\" class=\"\" src=\"https:\/\/www.elotouch.com\/media\/wysiwyg\/E-Series\/header-img.png\" alt=\"Imagen de E-Series 2\" width=\"353\" height=\"358\" \/><img decoding=\"async\" class=\"\" src=\"https:\/\/www.elotouch.com\/media\/wysiwyg\/E-Series\/connect-pos.png\" alt=\"Imagen de E-Series 2\" width=\"605\" height=\"384\" \/><\/div>\n<div>\n<div class=\"txt\">\n<h2><span class=\"txt-blue\">Conectar todo <\/span><em>de sus<\/em>\u00a0accesorios POS.<\/h2>\n<p>Integrado en la base del soporte, el concentrador de expansi\u00f3n le permite conectar todo el soporte perif\u00e9rico de POS que necesita.\u00a0Desde cajas registradoras e impresoras hasta lectores de c\u00f3digos de barras y dispositivos de pago, hay conectividad para cubrirlo todo.<\/p>\n<h3>Windows o Linux.<span class=\"txt-blue\">Tu eliges.<\/span><\/h3>\n<p>La E-Series 2 utiliza el rendimiento y la seguridad probados en confiabilidad del procesador Celeron de octava generaci\u00f3n de Intel, los m\u00f3dulos de plataforma confiable integrados y el sistema operativo Windows 10.\u00a0Para mayor flexibilidad, la E-Series 2 ofrece modelos sin sistema operativo, todos probados previamente con los sistemas operativos Linux SuSE, Ubuntu y Red Hat.<\/p>\n<h3><span>Un sistema POS en el que puede confiar.<\/span><\/h3>\n<p><span>Rigurosamente probado y respaldado por una garant\u00eda de tres a\u00f1os.\u00a0Con una carcasa a prueba de salpicaduras y un dise\u00f1o reforzado para uso minorista, la E-Series 2 puede soportar las condiciones adversas asociadas con la mayor\u00eda de los entornos comerciales.<\/span><\/p>\n<\/div>\n<\/div>\n<h2>Especificaciones<\/h2>\n<table class=\"attribute\">\n<thead>\n<tr>\n<th colspan=\"3\">Modelo<\/th>\n<\/tr>\n<\/thead>\n<tbody>\n<tr>\n<td class=\"label\">Tipo<\/td>\n<td class=\"value\">Terminal Punto de Venta<\/td>\n<\/tr>\n<tr>\n<td class=\"label\">Marca<\/td>\n<td class=\"value\">Elo TouchSystems<\/td>\n<\/tr>\n<tr>\n<td class=\"label\">Modelo<\/td>\n<td class=\"value\">E135925<\/td>\n<\/tr>\n<tr>\n<td class=\"label\">N\u00famero de Parte<\/td>\n<td class=\"value\">E135925<\/td>\n<\/tr>\n<\/tbody>\n<\/table>\n<table class=\"attribute\">\n<thead>\n<tr>\n<th colspan=\"3\">Procesador<\/th>\n<\/tr>\n<\/thead>\n<tbody>\n<tr>\n<td class=\"label\">Marca<\/td>\n<td class=\"value\">Intel<\/td>\n<\/tr>\n<tr>\n<td class=\"label\">L\u00ednea<\/td>\n<td class=\"value\">Celeron<\/td>\n<\/tr>\n<tr>\n<td class=\"label\">Modelo<\/td>\n<td class=\"value\">J4125<\/td>\n<\/tr>\n<tr>\n<td class=\"label\">Velocidad<\/td>\n<td class=\"value\">(hasta 2.70 GHz)<\/td>\n<\/tr>\n<tr>\n<td class=\"label\">Cache<\/td>\n<td class=\"value\">4MB<\/td>\n<\/tr>\n<\/tbody>\n<\/table>\n<table class=\"attribute\">\n<thead>\n<tr>\n<th colspan=\"3\">Memoria<\/th>\n<\/tr>\n<\/thead>\n<tbody>\n<tr>\n<td class=\"label\">Capacidad<\/td>\n<td class=\"value\">4GB<\/td>\n<\/tr>\n<tr>\n<td class=\"label\">Tipo<\/td>\n<td class=\"value\">DDR4<\/td>\n<\/tr>\n<\/tbody>\n<\/table>\n<table class=\"attribute\">\n<thead>\n<tr>\n<th colspan=\"3\">Unidad de Estado S\u00f3lido<\/th>\n<\/tr>\n<\/thead>\n<tbody>\n<tr>\n<td class=\"label\">Capacidad<\/td>\n<td class=\"value\">128GB SATA M.2<\/td>\n<\/tr>\n<\/tbody>\n<\/table>\n<table class=\"attribute\">\n<thead>\n<tr>\n<th colspan=\"3\">Pantalla<\/th>\n<\/tr>\n<\/thead>\n<tbody>\n<tr>\n<td class=\"label\">Tipo<\/td>\n<td class=\"value\">LED<\/td>\n<\/tr>\n<tr>\n<td class=\"label\">Tama\u00f1o de Pantalla<\/td>\n<td class=\"value\">15.6&#8243;<\/td>\n<\/tr>\n<tr>\n<td class=\"label\">Resoluci\u00f3n<\/td>\n<td class=\"value\">1366 x 768<\/td>\n<\/tr>\n<\/tbody>\n<\/table>\n<table class=\"attribute\">\n<thead>\n<tr>\n<th colspan=\"3\">Gr\u00e1ficos<\/th>\n<\/tr>\n<\/thead>\n<tbody>\n<tr>\n<td class=\"label\">Serie<\/td>\n<td class=\"value\">UHD Graphics 600<\/td>\n<\/tr>\n<tr>\n<td class=\"label\">Tipo<\/td>\n<td class=\"value\">Video Integrado<\/td>\n<\/tr>\n<\/tbody>\n<\/table>\n<table class=\"attribute\">\n<thead>\n<tr>\n<th colspan=\"3\">Comunicaci\u00f3n<\/th>\n<\/tr>\n<\/thead>\n<tbody>\n<tr>\n<td class=\"label\">Red<\/td>\n<td class=\"value\">Ethernet<\/td>\n<\/tr>\n<\/tbody>\n<\/table>\n<table class=\"attribute last\">\n<thead>\n<tr>\n<th colspan=\"3\">Sistema Operativo<\/th>\n<\/tr>\n<\/thead>\n<tbody>\n<tr>\n<td class=\"label\">Sistema Operativo<\/td>\n<td class=\"value\">No Incluye<\/td>\n<\/tr>\n<\/tbody>\n<\/table>\n","protected":false},"excerpt":{"rendered":"<p>Elo I-Series 2.0<br \/>\nTodo en uno \u2013 Celeron J4125 \/ 2 GHz<br \/>\nRAM 4 GB<br \/>\nSSD 128 GB<br \/>\nUHD Graphics 600<br \/>\nGigE<br \/>\nSin SO (No incluye sistema operativo)<br \/>\nmonitor: LED 15.6\u2033 1366 x 768 (HD) pantalla t\u00e1ctil<br \/>\nnegro<\/p>\n","protected":false},"featured_media":12493,"comment_status":"open","ping_status":"closed","template":"","meta":{"jetpack_publicize_message":"","jetpack_publicize_feature_enabled":true,"jetpack_social_post_already_shared":true,"jetpack_social_options":{"image_generator_settings":{"template":"highway","default_image_id":0,"font":"","enabled":false},"version":2}},"pwb-brand":[333],"product_brand":[],"product_cat":[309],"product_tag":[],"class_list":{"0":"post-12486","1":"product","2":"type-product","3":"status-publish","4":"has-post-thumbnail","6":"pwb-brand-elo","7":"product_cat-monitoresallinone","9":"first","10":"instock","11":"taxable","12":"shipping-taxable","13":"purchasable","14":"product-type-simple"},"yoast_head":"<!-- This site is optimized with the Yoast SEO Premium plugin v25.7.1 (Yoast SEO v26.8) - https:\/\/yoast.com\/product\/yoast-seo-premium-wordpress\/ -->\n<title>Sistema POS Todo en Uno 15&quot; Celeron J4125 4GB Ram 128GB SSD Sin SO E-Series 2 ELO - Mivoot<\/title>\n<meta name=\"robots\" content=\"index, follow, max-snippet:-1, max-image-preview:large, max-video-preview:-1\" \/>\n<link rel=\"canonical\" href=\"https:\/\/mivoot.com\/gt\/producto\/sistema-pos-todo-en-uno-15-celeron-j4125-e-series-2-elo\/\" \/>\n<meta property=\"og:locale\" content=\"es_ES\" \/>\n<meta property=\"og:type\" content=\"article\" \/>\n<meta property=\"og:title\" content=\"Sistema POS Todo en Uno 15&quot; Celeron J4125 4GB Ram 128GB SSD Sin SO E-Series 2 ELO\" \/>\n<meta property=\"og:description\" content=\"Elo I-Series 2.0 Todo en uno \u2013 Celeron J4125 \/ 2 GHz  RAM 4 GB SSD 128 GB  UHD Graphics 600  GigE  Sin SO (No incluye sistema operativo) monitor: LED 15.6\u2033 1366 x 768 (HD) pantalla t\u00e1ctil  negro\" \/>\n<meta property=\"og:url\" content=\"https:\/\/mivoot.com\/gt\/producto\/sistema-pos-todo-en-uno-15-celeron-j4125-e-series-2-elo\/\" \/>\n<meta property=\"og:site_name\" content=\"Mivoot\" \/>\n<meta property=\"article:publisher\" content=\"https:\/\/www.facebook.com\/mivootgt\" \/>\n<meta property=\"article:modified_time\" content=\"2023-03-18T01:19:14+00:00\" \/>\n<meta property=\"og:image\" content=\"https:\/\/mivoot.com\/gt\/wp-content\/uploads\/2023\/03\/1-1710.jpg\" \/>\n\t<meta property=\"og:image:width\" content=\"1000\" \/>\n\t<meta property=\"og:image:height\" content=\"1000\" \/>\n\t<meta property=\"og:image:type\" content=\"image\/jpeg\" \/>\n<meta name=\"twitter:card\" content=\"summary_large_image\" \/>\n<meta name=\"twitter:label1\" content=\"Est. reading time\" \/>\n\t<meta name=\"twitter:data1\" content=\"2 minutos\" \/>\n<script type=\"application\/ld+json\" class=\"yoast-schema-graph\">{\"@context\":\"https:\/\/schema.org\",\"@graph\":[{\"@type\":\"WebPage\",\"@id\":\"https:\/\/mivoot.com\/gt\/producto\/sistema-pos-todo-en-uno-15-celeron-j4125-e-series-2-elo\/\",\"url\":\"https:\/\/mivoot.com\/gt\/producto\/sistema-pos-todo-en-uno-15-celeron-j4125-e-series-2-elo\/\",\"name\":\"Sistema POS Todo en Uno 15\\\" Celeron J4125 4GB Ram 128GB SSD Sin SO E-Series 2 ELO - Mivoot\",\"isPartOf\":{\"@id\":\"https:\/\/mivoot.com\/gt\/#website\"},\"primaryImageOfPage\":{\"@id\":\"https:\/\/mivoot.com\/gt\/producto\/sistema-pos-todo-en-uno-15-celeron-j4125-e-series-2-elo\/#primaryimage\"},\"image\":{\"@id\":\"https:\/\/mivoot.com\/gt\/producto\/sistema-pos-todo-en-uno-15-celeron-j4125-e-series-2-elo\/#primaryimage\"},\"thumbnailUrl\":\"https:\/\/mivoot.com\/gt\/wp-content\/uploads\/2023\/03\/1-1710.jpg\",\"datePublished\":\"2023-03-18T01:13:38+00:00\",\"dateModified\":\"2023-03-18T01:19:14+00:00\",\"breadcrumb\":{\"@id\":\"https:\/\/mivoot.com\/gt\/producto\/sistema-pos-todo-en-uno-15-celeron-j4125-e-series-2-elo\/#breadcrumb\"},\"inLanguage\":\"es\",\"potentialAction\":[{\"@type\":\"ReadAction\",\"target\":[\"https:\/\/mivoot.com\/gt\/producto\/sistema-pos-todo-en-uno-15-celeron-j4125-e-series-2-elo\/\"]}]},{\"@type\":\"ImageObject\",\"inLanguage\":\"es\",\"@id\":\"https:\/\/mivoot.com\/gt\/producto\/sistema-pos-todo-en-uno-15-celeron-j4125-e-series-2-elo\/#primaryimage\",\"url\":\"https:\/\/mivoot.com\/gt\/wp-content\/uploads\/2023\/03\/1-1710.jpg\",\"contentUrl\":\"https:\/\/mivoot.com\/gt\/wp-content\/uploads\/2023\/03\/1-1710.jpg\",\"width\":1000,\"height\":1000},{\"@type\":\"BreadcrumbList\",\"@id\":\"https:\/\/mivoot.com\/gt\/producto\/sistema-pos-todo-en-uno-15-celeron-j4125-e-series-2-elo\/#breadcrumb\",\"itemListElement\":[{\"@type\":\"ListItem\",\"position\":1,\"name\":\"Inicio\",\"item\":\"https:\/\/mivoot.com\/gt\/\"},{\"@type\":\"ListItem\",\"position\":2,\"name\":\"Productos\",\"item\":\"https:\/\/mivoot.com\/gt\/producto\/\"},{\"@type\":\"ListItem\",\"position\":3,\"name\":\"ELO\",\"item\":\"https:\/\/mivoot.com\/gt\/marca\/elo\/\"},{\"@type\":\"ListItem\",\"position\":4,\"name\":\"Sistema POS Todo en Uno 15&#8243; Celeron J4125 4GB Ram 128GB SSD Sin SO E-Series 2 ELO\"}]},{\"@type\":\"WebSite\",\"@id\":\"https:\/\/mivoot.com\/gt\/#website\",\"url\":\"https:\/\/mivoot.com\/gt\/\",\"name\":\"Mivoot\",\"description\":\"Mivoot Guatemala | Tienda Online\",\"publisher\":{\"@id\":\"https:\/\/mivoot.com\/gt\/#organization\"},\"alternateName\":\"mivoot\",\"potentialAction\":[{\"@type\":\"SearchAction\",\"target\":{\"@type\":\"EntryPoint\",\"urlTemplate\":\"https:\/\/mivoot.com\/gt\/?s={search_term_string}\"},\"query-input\":{\"@type\":\"PropertyValueSpecification\",\"valueRequired\":true,\"valueName\":\"search_term_string\"}}],\"inLanguage\":\"es\"},{\"@type\":\"Organization\",\"@id\":\"https:\/\/mivoot.com\/gt\/#organization\",\"name\":\"Mivoot Guatemala\",\"alternateName\":\"mivoot.com\",\"url\":\"https:\/\/mivoot.com\/gt\/\",\"logo\":{\"@type\":\"ImageObject\",\"inLanguage\":\"es\",\"@id\":\"https:\/\/mivoot.com\/gt\/#\/schema\/logo\/image\/\",\"url\":\"https:\/\/mivoot.com\/gt\/wp-content\/uploads\/2023\/03\/cropped-icon.png\",\"contentUrl\":\"https:\/\/mivoot.com\/gt\/wp-content\/uploads\/2023\/03\/cropped-icon.png\",\"width\":512,\"height\":512,\"caption\":\"Mivoot Guatemala\"},\"image\":{\"@id\":\"https:\/\/mivoot.com\/gt\/#\/schema\/logo\/image\/\"},\"sameAs\":[\"https:\/\/www.facebook.com\/mivootgt\",\"https:\/\/instagram.com\/mivoot\"]}]}<\/script>\n<!-- \/ Yoast SEO Premium plugin. -->","yoast_head_json":{"title":"Sistema POS Todo en Uno 15\" Celeron J4125 4GB Ram 128GB SSD Sin SO E-Series 2 ELO - Mivoot","robots":{"index":"index","follow":"follow","max-snippet":"max-snippet:-1","max-image-preview":"max-image-preview:large","max-video-preview":"max-video-preview:-1"},"canonical":"https:\/\/mivoot.com\/gt\/producto\/sistema-pos-todo-en-uno-15-celeron-j4125-e-series-2-elo\/","og_locale":"es_ES","og_type":"article","og_title":"Sistema POS Todo en Uno 15\" Celeron J4125 4GB Ram 128GB SSD Sin SO E-Series 2 ELO","og_description":"Elo I-Series 2.0 Todo en uno \u2013 Celeron J4125 \/ 2 GHz  RAM 4 GB SSD 128 GB  UHD Graphics 600  GigE  Sin SO (No incluye sistema operativo) monitor: LED 15.6\u2033 1366 x 768 (HD) pantalla t\u00e1ctil  negro","og_url":"https:\/\/mivoot.com\/gt\/producto\/sistema-pos-todo-en-uno-15-celeron-j4125-e-series-2-elo\/","og_site_name":"Mivoot","article_publisher":"https:\/\/www.facebook.com\/mivootgt","article_modified_time":"2023-03-18T01:19:14+00:00","og_image":[{"width":1000,"height":1000,"url":"https:\/\/mivoot.com\/gt\/wp-content\/uploads\/2023\/03\/1-1710.jpg","type":"image\/jpeg"}],"twitter_card":"summary_large_image","twitter_misc":{"Est. reading time":"2 minutos"},"schema":{"@context":"https:\/\/schema.org","@graph":[{"@type":"WebPage","@id":"https:\/\/mivoot.com\/gt\/producto\/sistema-pos-todo-en-uno-15-celeron-j4125-e-series-2-elo\/","url":"https:\/\/mivoot.com\/gt\/producto\/sistema-pos-todo-en-uno-15-celeron-j4125-e-series-2-elo\/","name":"Sistema POS Todo en Uno 15\" Celeron J4125 4GB Ram 128GB SSD Sin SO E-Series 2 ELO - Mivoot","isPartOf":{"@id":"https:\/\/mivoot.com\/gt\/#website"},"primaryImageOfPage":{"@id":"https:\/\/mivoot.com\/gt\/producto\/sistema-pos-todo-en-uno-15-celeron-j4125-e-series-2-elo\/#primaryimage"},"image":{"@id":"https:\/\/mivoot.com\/gt\/producto\/sistema-pos-todo-en-uno-15-celeron-j4125-e-series-2-elo\/#primaryimage"},"thumbnailUrl":"https:\/\/mivoot.com\/gt\/wp-content\/uploads\/2023\/03\/1-1710.jpg","datePublished":"2023-03-18T01:13:38+00:00","dateModified":"2023-03-18T01:19:14+00:00","breadcrumb":{"@id":"https:\/\/mivoot.com\/gt\/producto\/sistema-pos-todo-en-uno-15-celeron-j4125-e-series-2-elo\/#breadcrumb"},"inLanguage":"es","potentialAction":[{"@type":"ReadAction","target":["https:\/\/mivoot.com\/gt\/producto\/sistema-pos-todo-en-uno-15-celeron-j4125-e-series-2-elo\/"]}]},{"@type":"ImageObject","inLanguage":"es","@id":"https:\/\/mivoot.com\/gt\/producto\/sistema-pos-todo-en-uno-15-celeron-j4125-e-series-2-elo\/#primaryimage","url":"https:\/\/mivoot.com\/gt\/wp-content\/uploads\/2023\/03\/1-1710.jpg","contentUrl":"https:\/\/mivoot.com\/gt\/wp-content\/uploads\/2023\/03\/1-1710.jpg","width":1000,"height":1000},{"@type":"BreadcrumbList","@id":"https:\/\/mivoot.com\/gt\/producto\/sistema-pos-todo-en-uno-15-celeron-j4125-e-series-2-elo\/#breadcrumb","itemListElement":[{"@type":"ListItem","position":1,"name":"Inicio","item":"https:\/\/mivoot.com\/gt\/"},{"@type":"ListItem","position":2,"name":"Productos","item":"https:\/\/mivoot.com\/gt\/producto\/"},{"@type":"ListItem","position":3,"name":"ELO","item":"https:\/\/mivoot.com\/gt\/marca\/elo\/"},{"@type":"ListItem","position":4,"name":"Sistema POS Todo en Uno 15&#8243; Celeron J4125 4GB Ram 128GB SSD Sin SO E-Series 2 ELO"}]},{"@type":"WebSite","@id":"https:\/\/mivoot.com\/gt\/#website","url":"https:\/\/mivoot.com\/gt\/","name":"Mivoot","description":"Mivoot Guatemala | Tienda Online","publisher":{"@id":"https:\/\/mivoot.com\/gt\/#organization"},"alternateName":"mivoot","potentialAction":[{"@type":"SearchAction","target":{"@type":"EntryPoint","urlTemplate":"https:\/\/mivoot.com\/gt\/?s={search_term_string}"},"query-input":{"@type":"PropertyValueSpecification","valueRequired":true,"valueName":"search_term_string"}}],"inLanguage":"es"},{"@type":"Organization","@id":"https:\/\/mivoot.com\/gt\/#organization","name":"Mivoot Guatemala","alternateName":"mivoot.com","url":"https:\/\/mivoot.com\/gt\/","logo":{"@type":"ImageObject","inLanguage":"es","@id":"https:\/\/mivoot.com\/gt\/#\/schema\/logo\/image\/","url":"https:\/\/mivoot.com\/gt\/wp-content\/uploads\/2023\/03\/cropped-icon.png","contentUrl":"https:\/\/mivoot.com\/gt\/wp-content\/uploads\/2023\/03\/cropped-icon.png","width":512,"height":512,"caption":"Mivoot Guatemala"},"image":{"@id":"https:\/\/mivoot.com\/gt\/#\/schema\/logo\/image\/"},"sameAs":["https:\/\/www.facebook.com\/mivootgt","https:\/\/instagram.com\/mivoot"]}]}},"jetpack_publicize_connections":[],"jetpack_sharing_enabled":true,"brands":[{"id":333,"name":"ELO","slug":"elo"}],"_links":{"self":[{"href":"https:\/\/mivoot.com\/gt\/wp-json\/wp\/v2\/product\/12486","targetHints":{"allow":["GET"]}}],"collection":[{"href":"https:\/\/mivoot.com\/gt\/wp-json\/wp\/v2\/product"}],"about":[{"href":"https:\/\/mivoot.com\/gt\/wp-json\/wp\/v2\/types\/product"}],"replies":[{"embeddable":true,"href":"https:\/\/mivoot.com\/gt\/wp-json\/wp\/v2\/comments?post=12486"}],"version-history":[{"count":3,"href":"https:\/\/mivoot.com\/gt\/wp-json\/wp\/v2\/product\/12486\/revisions"}],"predecessor-version":[{"id":12496,"href":"https:\/\/mivoot.com\/gt\/wp-json\/wp\/v2\/product\/12486\/revisions\/12496"}],"wp:featuredmedia":[{"embeddable":true,"href":"https:\/\/mivoot.com\/gt\/wp-json\/wp\/v2\/media\/12493"}],"wp:attachment":[{"href":"https:\/\/mivoot.com\/gt\/wp-json\/wp\/v2\/media?parent=12486"}],"wp:term":[{"taxonomy":"pwb-brand","embeddable":true,"href":"https:\/\/mivoot.com\/gt\/wp-json\/wp\/v2\/pwb-brand?post=12486"},{"taxonomy":"product_brand","embeddable":true,"href":"https:\/\/mivoot.com\/gt\/wp-json\/wp\/v2\/product_brand?post=12486"},{"taxonomy":"product_cat","embeddable":true,"href":"https:\/\/mivoot.com\/gt\/wp-json\/wp\/v2\/product_cat?post=12486"},{"taxonomy":"product_tag","embeddable":true,"href":"https:\/\/mivoot.com\/gt\/wp-json\/wp\/v2\/product_tag?post=12486"}],"curies":[{"name":"wp","href":"https:\/\/api.w.org\/{rel}","templated":true}]}}