{"id":12543,"date":"2023-03-17T20:46:09","date_gmt":"2023-03-18T02:46:09","guid":{"rendered":"https:\/\/mivoot.com\/gt\/?post_type=product&#038;p=12543"},"modified":"2023-03-17T20:50:19","modified_gmt":"2023-03-18T02:50:19","slug":"audifonos-jbl-bluetooth-jr-460nc-azul","status":"publish","type":"product","link":"https:\/\/mivoot.com\/gt\/producto\/audifonos-jbl-bluetooth-jr-460nc-azul\/","title":{"rendered":"Aud\u00edfonos JBL Bluetooth JR 460NC Azul"},"content":{"rendered":"<h3 class=\"product-property-title\">Descripci\u00f3n del producto<\/h3>\n<div id=\"collapse-description\" class=\"desc-collapse showup\">Dise\u00f1o de Auricular: Sobre la oreja (Circumaural) Conexi\u00f3n del auricular: Venda Tipo de Controlar: Din\u00e1mica Tama\u00f1o del controlador: 1,3&#8243;\/32 mm Impedancia: 32 ohmios Cancelaci\u00f3n activa de ruido: S\u00ed Respuesta frecuente: 20 Hz a 20 kHz (inal\u00e1mbrico) Sensibilidad: 92 dB SPL a 1 kHz \/ 1 mW Limitaci\u00f3n de volumen: 85dB Modulaci\u00f3n inal\u00e1mbrica: Bluetooth: \u03c0\/4 DQPSK, 8DPSK, GFSK Bluetooth: 5.0 Perfiles de Bluetooth: HFP 1.6, AVRCP 1.5, A2DP 1.3 Frecuencia: Bluetooth: 2,4 GHz (2,4 a 2,4835 GHz) Potencia del transmisor Bluetooth: 10dBm Capacidad (mAh): 450 mAh Puerto de carga: USB-C Dimensiones de la caja (LxAnxAl): 9,55 x 7,6 x 2,2&#8243;<\/div>\n<div><\/div>\n<div><img decoding=\"async\" src=\"https:\/\/www.jbl.com.gt\/on\/demandware.static\/-\/Sites-masterCatalog_Harman\/default\/dwcd436205\/pdp\/JBL_JR460NC_Lifestyle_Image_904x560_01.png\" alt=\"Sonido inocuo de JBL\" \/><\/div>\n<div><\/div>\n<div>\n<div class=\"specs\">\n<div class=\"featuresHeading\" role=\"heading\" aria-level=\"2\">CARACTER\u00cdSTICAS<\/div>\n<ul>\n<li>Sonido seguro JBL<\/li>\n<li>Cancelaci\u00f3n activa de ruido<\/li>\n<li>Comunicarse con micr\u00f3fono incorporado<\/li>\n<li>Hasta 20 horas de duraci\u00f3n de la bater\u00eda y recarga r\u00e1pida<\/li>\n<li>Dise\u00f1ado para ni\u00f1os con controles f\u00e1ciles<\/li>\n<li>Cable de audio desmontable y conexi\u00f3n multipunto<\/li>\n<\/ul>\n<\/div>\n<p><img decoding=\"async\" src=\"https:\/\/www.jbl.com.gt\/on\/demandware.static\/-\/Sites-masterCatalog_Harman\/default\/dw3b0e6f68\/pdp\/JBL_JR460NC_Lifestyle_Image_904x560_02.png\" alt=\"Cancelaci\u00f3n de ruido activa\" \/><\/p>\n<ul>\n<li>Dise\u00f1o de Auricular: Sobre la oreja (Circumaural)<\/li>\n<li>Conexi\u00f3n del auricular: Venda<\/li>\n<li>Tipo de Controlar: Din\u00e1mica<\/li>\n<li>Tama\u00f1o del controlador: 1,3&#8243;\/32 mm<\/li>\n<li>Impedancia: 32 ohmios<\/li>\n<li>Cancelaci\u00f3n activa de ruido: S\u00ed<\/li>\n<li>Respuesta frecuente: 20 Hz a 20 kHz (inal\u00e1mbrico)<\/li>\n<li>Sensibilidad: 92 dB SPL a 1 kHz \/ 1 mW<\/li>\n<li>Limitaci\u00f3n de volumen: 85dB<\/li>\n<li>Modulaci\u00f3n inal\u00e1mbrica: Bluetooth: \u03c0\/4 DQPSK, 8DPSK, GFSK<\/li>\n<li>Bluetooth: 5.0<\/li>\n<li>Perfiles de Bluetooth: HFP 1.6, AVRCP 1.5, A2DP 1.3<\/li>\n<li>Frecuencia: Bluetooth: 2,4 GHz (2,4 a 2,4835 GHz)<\/li>\n<li>Potencia del transmisor Bluetooth: 10dBm<\/li>\n<li>Capacidad (mAh): 450 mAh<\/li>\n<li>Puerto de carga: USB-C<\/li>\n<li>Dimensiones de la caja (LxAnxAl): 9,55 x 7,6 x 2,2&#8243;<\/li>\n<\/ul>\n<p>&nbsp;<\/p>\n<\/div>\n","protected":false},"excerpt":{"rendered":"<p>Dise\u00f1o de Auricular: Sobre la oreja (Circumaural)<br \/>\nConexi\u00f3n del auricular: Venda<br \/>\nPlegable: No<br \/>\nTipo de Controlar: Din\u00e1mica<br \/>\nTama\u00f1o del controlador: 1,3&#8243;\/32 mm<br \/>\nImpedancia: 32 ohmios<br \/>\nCancelaci\u00f3n activa de ruido: S\u00ed<br \/>\nRespuesta frecuente: 20 Hz a 20 kHz (inal\u00e1mbrico)<br \/>\nSensibilidad: 92 dB SPL a 1 kHz \/ 1 mW<br \/>\nLimitaci\u00f3n de volumen: 85dB<br \/>\nPuerto de carga: USB-C<br \/>\nDimensiones de la caja (LxAnxAl): 9,55 x 7,6 x 2,2&#8243;<\/p>\n","protected":false},"featured_media":12564,"comment_status":"open","ping_status":"closed","template":"","meta":{"jetpack_publicize_message":"","jetpack_publicize_feature_enabled":true,"jetpack_social_post_already_shared":true,"jetpack_social_options":{"image_generator_settings":{"template":"highway","default_image_id":0,"font":"","enabled":false},"version":2}},"pwb-brand":[75],"product_brand":[],"product_cat":[23],"product_tag":[350],"class_list":{"0":"post-12543","1":"product","2":"type-product","3":"status-publish","4":"has-post-thumbnail","6":"pwb-brand-jbl","7":"product_cat-audifonos-bluetooth","8":"product_tag-jbl-on-y-over-ear","10":"first","11":"instock","12":"taxable","13":"shipping-taxable","14":"purchasable","15":"product-type-simple"},"yoast_head":"<!-- This site is optimized with the Yoast SEO Premium plugin v25.7.1 (Yoast SEO v26.8) - https:\/\/yoast.com\/product\/yoast-seo-premium-wordpress\/ -->\n<title>Aud\u00edfonos JBL Bluetooth JR 460NC Azul - Mivoot<\/title>\n<meta name=\"robots\" content=\"index, follow, max-snippet:-1, max-image-preview:large, max-video-preview:-1\" \/>\n<link rel=\"canonical\" href=\"https:\/\/mivoot.com\/gt\/producto\/audifonos-jbl-bluetooth-jr-460nc-azul\/\" \/>\n<meta property=\"og:locale\" content=\"es_ES\" \/>\n<meta property=\"og:type\" content=\"article\" \/>\n<meta property=\"og:title\" content=\"Aud\u00edfonos JBL Bluetooth JR 460NC Azul\" \/>\n<meta property=\"og:description\" content=\"Dise\u00f1o de Auricular: Sobre la oreja (Circumaural) Conexi\u00f3n del auricular: Venda Plegable: No Tipo de Controlar: Din\u00e1mica Tama\u00f1o del controlador: 1,3&quot;\/32 mm Impedancia: 32 ohmios Cancelaci\u00f3n activa de ruido: S\u00ed Respuesta frecuente: 20 Hz a 20 kHz (inal\u00e1mbrico) Sensibilidad: 92 dB SPL a 1 kHz \/ 1 mW Limitaci\u00f3n de volumen: 85dB Puerto de carga: USB-C Dimensiones de la caja (LxAnxAl): 9,55 x 7,6 x 2,2&quot;\" \/>\n<meta property=\"og:url\" content=\"https:\/\/mivoot.com\/gt\/producto\/audifonos-jbl-bluetooth-jr-460nc-azul\/\" \/>\n<meta property=\"og:site_name\" content=\"Mivoot\" \/>\n<meta property=\"article:publisher\" content=\"https:\/\/www.facebook.com\/mivootgt\" \/>\n<meta property=\"article:modified_time\" content=\"2023-03-18T02:50:19+00:00\" \/>\n<meta property=\"og:image\" content=\"https:\/\/mivoot.com\/gt\/wp-content\/uploads\/2023\/03\/JBLJR460NCBLUAM-JBL-1200x1200-1-768x768-1.jpg\" \/>\n\t<meta property=\"og:image:width\" content=\"768\" \/>\n\t<meta property=\"og:image:height\" content=\"768\" \/>\n\t<meta property=\"og:image:type\" content=\"image\/jpeg\" \/>\n<meta name=\"twitter:card\" content=\"summary_large_image\" \/>\n<meta name=\"twitter:label1\" content=\"Est. reading time\" \/>\n\t<meta name=\"twitter:data1\" content=\"2 minutos\" \/>\n<script type=\"application\/ld+json\" class=\"yoast-schema-graph\">{\"@context\":\"https:\/\/schema.org\",\"@graph\":[{\"@type\":\"WebPage\",\"@id\":\"https:\/\/mivoot.com\/gt\/producto\/audifonos-jbl-bluetooth-jr-460nc-azul\/\",\"url\":\"https:\/\/mivoot.com\/gt\/producto\/audifonos-jbl-bluetooth-jr-460nc-azul\/\",\"name\":\"Aud\u00edfonos JBL Bluetooth JR 460NC Azul - Mivoot\",\"isPartOf\":{\"@id\":\"https:\/\/mivoot.com\/gt\/#website\"},\"primaryImageOfPage\":{\"@id\":\"https:\/\/mivoot.com\/gt\/producto\/audifonos-jbl-bluetooth-jr-460nc-azul\/#primaryimage\"},\"image\":{\"@id\":\"https:\/\/mivoot.com\/gt\/producto\/audifonos-jbl-bluetooth-jr-460nc-azul\/#primaryimage\"},\"thumbnailUrl\":\"https:\/\/mivoot.com\/gt\/wp-content\/uploads\/2023\/03\/JBLJR460NCBLUAM-JBL-1200x1200-1-768x768-1.jpg\",\"datePublished\":\"2023-03-18T02:46:09+00:00\",\"dateModified\":\"2023-03-18T02:50:19+00:00\",\"breadcrumb\":{\"@id\":\"https:\/\/mivoot.com\/gt\/producto\/audifonos-jbl-bluetooth-jr-460nc-azul\/#breadcrumb\"},\"inLanguage\":\"es\",\"potentialAction\":[{\"@type\":\"ReadAction\",\"target\":[\"https:\/\/mivoot.com\/gt\/producto\/audifonos-jbl-bluetooth-jr-460nc-azul\/\"]}]},{\"@type\":\"ImageObject\",\"inLanguage\":\"es\",\"@id\":\"https:\/\/mivoot.com\/gt\/producto\/audifonos-jbl-bluetooth-jr-460nc-azul\/#primaryimage\",\"url\":\"https:\/\/mivoot.com\/gt\/wp-content\/uploads\/2023\/03\/JBLJR460NCBLUAM-JBL-1200x1200-1-768x768-1.jpg\",\"contentUrl\":\"https:\/\/mivoot.com\/gt\/wp-content\/uploads\/2023\/03\/JBLJR460NCBLUAM-JBL-1200x1200-1-768x768-1.jpg\",\"width\":768,\"height\":768},{\"@type\":\"BreadcrumbList\",\"@id\":\"https:\/\/mivoot.com\/gt\/producto\/audifonos-jbl-bluetooth-jr-460nc-azul\/#breadcrumb\",\"itemListElement\":[{\"@type\":\"ListItem\",\"position\":1,\"name\":\"Inicio\",\"item\":\"https:\/\/mivoot.com\/gt\/\"},{\"@type\":\"ListItem\",\"position\":2,\"name\":\"Productos\",\"item\":\"https:\/\/mivoot.com\/gt\/producto\/\"},{\"@type\":\"ListItem\",\"position\":3,\"name\":\"JBL\",\"item\":\"https:\/\/mivoot.com\/gt\/marca\/jbl\/\"},{\"@type\":\"ListItem\",\"position\":4,\"name\":\"Aud\u00edfonos JBL Bluetooth JR 460NC Azul\"}]},{\"@type\":\"WebSite\",\"@id\":\"https:\/\/mivoot.com\/gt\/#website\",\"url\":\"https:\/\/mivoot.com\/gt\/\",\"name\":\"Mivoot\",\"description\":\"Mivoot Guatemala | Tienda Online\",\"publisher\":{\"@id\":\"https:\/\/mivoot.com\/gt\/#organization\"},\"alternateName\":\"mivoot\",\"potentialAction\":[{\"@type\":\"SearchAction\",\"target\":{\"@type\":\"EntryPoint\",\"urlTemplate\":\"https:\/\/mivoot.com\/gt\/?s={search_term_string}\"},\"query-input\":{\"@type\":\"PropertyValueSpecification\",\"valueRequired\":true,\"valueName\":\"search_term_string\"}}],\"inLanguage\":\"es\"},{\"@type\":\"Organization\",\"@id\":\"https:\/\/mivoot.com\/gt\/#organization\",\"name\":\"Mivoot Guatemala\",\"alternateName\":\"mivoot.com\",\"url\":\"https:\/\/mivoot.com\/gt\/\",\"logo\":{\"@type\":\"ImageObject\",\"inLanguage\":\"es\",\"@id\":\"https:\/\/mivoot.com\/gt\/#\/schema\/logo\/image\/\",\"url\":\"https:\/\/mivoot.com\/gt\/wp-content\/uploads\/2023\/03\/cropped-icon.png\",\"contentUrl\":\"https:\/\/mivoot.com\/gt\/wp-content\/uploads\/2023\/03\/cropped-icon.png\",\"width\":512,\"height\":512,\"caption\":\"Mivoot Guatemala\"},\"image\":{\"@id\":\"https:\/\/mivoot.com\/gt\/#\/schema\/logo\/image\/\"},\"sameAs\":[\"https:\/\/www.facebook.com\/mivootgt\",\"https:\/\/instagram.com\/mivoot\"]}]}<\/script>\n<!-- \/ Yoast SEO Premium plugin. -->","yoast_head_json":{"title":"Aud\u00edfonos JBL Bluetooth JR 460NC Azul - Mivoot","robots":{"index":"index","follow":"follow","max-snippet":"max-snippet:-1","max-image-preview":"max-image-preview:large","max-video-preview":"max-video-preview:-1"},"canonical":"https:\/\/mivoot.com\/gt\/producto\/audifonos-jbl-bluetooth-jr-460nc-azul\/","og_locale":"es_ES","og_type":"article","og_title":"Aud\u00edfonos JBL Bluetooth JR 460NC Azul","og_description":"Dise\u00f1o de Auricular: Sobre la oreja (Circumaural) Conexi\u00f3n del auricular: Venda Plegable: No Tipo de Controlar: Din\u00e1mica Tama\u00f1o del controlador: 1,3\"\/32 mm Impedancia: 32 ohmios Cancelaci\u00f3n activa de ruido: S\u00ed Respuesta frecuente: 20 Hz a 20 kHz (inal\u00e1mbrico) Sensibilidad: 92 dB SPL a 1 kHz \/ 1 mW Limitaci\u00f3n de volumen: 85dB Puerto de carga: USB-C Dimensiones de la caja (LxAnxAl): 9,55 x 7,6 x 2,2\"","og_url":"https:\/\/mivoot.com\/gt\/producto\/audifonos-jbl-bluetooth-jr-460nc-azul\/","og_site_name":"Mivoot","article_publisher":"https:\/\/www.facebook.com\/mivootgt","article_modified_time":"2023-03-18T02:50:19+00:00","og_image":[{"width":768,"height":768,"url":"https:\/\/mivoot.com\/gt\/wp-content\/uploads\/2023\/03\/JBLJR460NCBLUAM-JBL-1200x1200-1-768x768-1.jpg","type":"image\/jpeg"}],"twitter_card":"summary_large_image","twitter_misc":{"Est. reading time":"2 minutos"},"schema":{"@context":"https:\/\/schema.org","@graph":[{"@type":"WebPage","@id":"https:\/\/mivoot.com\/gt\/producto\/audifonos-jbl-bluetooth-jr-460nc-azul\/","url":"https:\/\/mivoot.com\/gt\/producto\/audifonos-jbl-bluetooth-jr-460nc-azul\/","name":"Aud\u00edfonos JBL Bluetooth JR 460NC Azul - Mivoot","isPartOf":{"@id":"https:\/\/mivoot.com\/gt\/#website"},"primaryImageOfPage":{"@id":"https:\/\/mivoot.com\/gt\/producto\/audifonos-jbl-bluetooth-jr-460nc-azul\/#primaryimage"},"image":{"@id":"https:\/\/mivoot.com\/gt\/producto\/audifonos-jbl-bluetooth-jr-460nc-azul\/#primaryimage"},"thumbnailUrl":"https:\/\/mivoot.com\/gt\/wp-content\/uploads\/2023\/03\/JBLJR460NCBLUAM-JBL-1200x1200-1-768x768-1.jpg","datePublished":"2023-03-18T02:46:09+00:00","dateModified":"2023-03-18T02:50:19+00:00","breadcrumb":{"@id":"https:\/\/mivoot.com\/gt\/producto\/audifonos-jbl-bluetooth-jr-460nc-azul\/#breadcrumb"},"inLanguage":"es","potentialAction":[{"@type":"ReadAction","target":["https:\/\/mivoot.com\/gt\/producto\/audifonos-jbl-bluetooth-jr-460nc-azul\/"]}]},{"@type":"ImageObject","inLanguage":"es","@id":"https:\/\/mivoot.com\/gt\/producto\/audifonos-jbl-bluetooth-jr-460nc-azul\/#primaryimage","url":"https:\/\/mivoot.com\/gt\/wp-content\/uploads\/2023\/03\/JBLJR460NCBLUAM-JBL-1200x1200-1-768x768-1.jpg","contentUrl":"https:\/\/mivoot.com\/gt\/wp-content\/uploads\/2023\/03\/JBLJR460NCBLUAM-JBL-1200x1200-1-768x768-1.jpg","width":768,"height":768},{"@type":"BreadcrumbList","@id":"https:\/\/mivoot.com\/gt\/producto\/audifonos-jbl-bluetooth-jr-460nc-azul\/#breadcrumb","itemListElement":[{"@type":"ListItem","position":1,"name":"Inicio","item":"https:\/\/mivoot.com\/gt\/"},{"@type":"ListItem","position":2,"name":"Productos","item":"https:\/\/mivoot.com\/gt\/producto\/"},{"@type":"ListItem","position":3,"name":"JBL","item":"https:\/\/mivoot.com\/gt\/marca\/jbl\/"},{"@type":"ListItem","position":4,"name":"Aud\u00edfonos JBL Bluetooth JR 460NC Azul"}]},{"@type":"WebSite","@id":"https:\/\/mivoot.com\/gt\/#website","url":"https:\/\/mivoot.com\/gt\/","name":"Mivoot","description":"Mivoot Guatemala | Tienda Online","publisher":{"@id":"https:\/\/mivoot.com\/gt\/#organization"},"alternateName":"mivoot","potentialAction":[{"@type":"SearchAction","target":{"@type":"EntryPoint","urlTemplate":"https:\/\/mivoot.com\/gt\/?s={search_term_string}"},"query-input":{"@type":"PropertyValueSpecification","valueRequired":true,"valueName":"search_term_string"}}],"inLanguage":"es"},{"@type":"Organization","@id":"https:\/\/mivoot.com\/gt\/#organization","name":"Mivoot Guatemala","alternateName":"mivoot.com","url":"https:\/\/mivoot.com\/gt\/","logo":{"@type":"ImageObject","inLanguage":"es","@id":"https:\/\/mivoot.com\/gt\/#\/schema\/logo\/image\/","url":"https:\/\/mivoot.com\/gt\/wp-content\/uploads\/2023\/03\/cropped-icon.png","contentUrl":"https:\/\/mivoot.com\/gt\/wp-content\/uploads\/2023\/03\/cropped-icon.png","width":512,"height":512,"caption":"Mivoot Guatemala"},"image":{"@id":"https:\/\/mivoot.com\/gt\/#\/schema\/logo\/image\/"},"sameAs":["https:\/\/www.facebook.com\/mivootgt","https:\/\/instagram.com\/mivoot"]}]}},"jetpack_publicize_connections":[],"jetpack_sharing_enabled":true,"brands":[{"id":75,"name":"JBL","slug":"jbl"}],"_links":{"self":[{"href":"https:\/\/mivoot.com\/gt\/wp-json\/wp\/v2\/product\/12543","targetHints":{"allow":["GET"]}}],"collection":[{"href":"https:\/\/mivoot.com\/gt\/wp-json\/wp\/v2\/product"}],"about":[{"href":"https:\/\/mivoot.com\/gt\/wp-json\/wp\/v2\/types\/product"}],"replies":[{"embeddable":true,"href":"https:\/\/mivoot.com\/gt\/wp-json\/wp\/v2\/comments?post=12543"}],"version-history":[{"count":1,"href":"https:\/\/mivoot.com\/gt\/wp-json\/wp\/v2\/product\/12543\/revisions"}],"predecessor-version":[{"id":12563,"href":"https:\/\/mivoot.com\/gt\/wp-json\/wp\/v2\/product\/12543\/revisions\/12563"}],"wp:featuredmedia":[{"embeddable":true,"href":"https:\/\/mivoot.com\/gt\/wp-json\/wp\/v2\/media\/12564"}],"wp:attachment":[{"href":"https:\/\/mivoot.com\/gt\/wp-json\/wp\/v2\/media?parent=12543"}],"wp:term":[{"taxonomy":"pwb-brand","embeddable":true,"href":"https:\/\/mivoot.com\/gt\/wp-json\/wp\/v2\/pwb-brand?post=12543"},{"taxonomy":"product_brand","embeddable":true,"href":"https:\/\/mivoot.com\/gt\/wp-json\/wp\/v2\/product_brand?post=12543"},{"taxonomy":"product_cat","embeddable":true,"href":"https:\/\/mivoot.com\/gt\/wp-json\/wp\/v2\/product_cat?post=12543"},{"taxonomy":"product_tag","embeddable":true,"href":"https:\/\/mivoot.com\/gt\/wp-json\/wp\/v2\/product_tag?post=12543"}],"curies":[{"name":"wp","href":"https:\/\/api.w.org\/{rel}","templated":true}]}}