{"id":12633,"date":"2023-03-20T19:35:43","date_gmt":"2023-03-21T01:35:43","guid":{"rendered":"https:\/\/mivoot.com\/gt\/?post_type=product&#038;p=12633"},"modified":"2023-03-20T19:37:14","modified_gmt":"2023-03-21T01:37:14","slug":"micro-kiosco-verificador-de-precios-k10-3nstar","status":"publish","type":"product","link":"https:\/\/mivoot.com\/gt\/producto\/micro-kiosco-verificador-de-precios-k10-3nstar\/","title":{"rendered":"Micro Kiosco Verificador de Precios K10 3nStar"},"content":{"rendered":"<p>Mejore el servicio y la experiencia de sus clientes con el micro kiosco K10 de 3nStar. Este dispositivo basado en Android es compacto, f\u00e1cil de instalar y asequible permite a los minoristas poner el poder del autoservicio en cada pasillo o departamento. Por lo tanto, no importa en qu\u00e9 parte de la tienda se encuentren sus clientes, la ayuda nunca est\u00e1 a m\u00e1s de unos pasos de distancia.<br \/>\nLos clientes pueden verificar precio e inventario, saldo de su tarjeta de regalo o de su programa de lealtad, determinar la ubicaci\u00f3n de un producto y hasta llamar para solicitar asistencia, todo con el escaneo de un c\u00f3digo de barras o presionando un bot\u00f3n de la pantalla t\u00e1ctil.<\/p>\n<p><strong>Caracter\u00edsticas<\/strong><\/p>\n<ul>\n<li>Monitor de pantalla t\u00e1ctil de 10.1\u201d capacitiva de 10 puntos<\/li>\n<li>Android 7.1<\/li>\n<li>Esc\u00e1ner de c\u00f3digo de barras 1D \/ 2D integrado<\/li>\n<li>Lector NFC<\/li>\n<li>POE: alimentaci\u00f3n a trav\u00e9s de Ethernet<\/li>\n<li>Wi-Fi, Bluetooth Integrado<\/li>\n<li>Montage Vesa<\/li>\n<\/ul>\n<p><strong>Aplicaciones:<\/strong><\/p>\n<ul>\n<li>Verificador de precios<\/li>\n<li>Autoservicio<\/li>\n<li>Control de aeropuerto<\/li>\n<li>Control de acceso<\/li>\n<li>Control de tiempo y asistencia<\/li>\n<li>Control de producci\u00f3n<\/li>\n<\/ul>\n<table style=\"height: 663px;\" width=\"469\">\n<tbody>\n<tr>\n<td width=\"238\">Caracter\u00edsticas F\u00edsicas<\/td>\n<td width=\"415\"><\/td>\n<\/tr>\n<tr>\n<td width=\"238\">Construcci\u00f3n<\/td>\n<td width=\"415\">Aluminio Aleaci\u00f3n<\/td>\n<\/tr>\n<tr>\n<td width=\"238\">Color<\/td>\n<td width=\"415\">Negro<\/td>\n<\/tr>\n<tr>\n<td width=\"238\">Dimensiones<\/td>\n<td width=\"415\">266mm x 228mm x 40mm<\/td>\n<\/tr>\n<tr>\n<td width=\"238\">Peso<\/td>\n<td width=\"415\">2 kg.<\/td>\n<\/tr>\n<tr>\n<td width=\"238\">Desempe\u00f1o<\/td>\n<td width=\"415\"><\/td>\n<\/tr>\n<tr>\n<td width=\"238\">CPU<\/td>\n<td width=\"415\">Cuatro N\u00facleos ARM-A7\uff0c1.3GHz<\/td>\n<\/tr>\n<tr>\n<td width=\"238\">Memoria<\/td>\n<td width=\"415\">1GB RAM<\/td>\n<\/tr>\n<tr>\n<td width=\"238\">Almacenamiento<\/td>\n<td width=\"415\">8 GB<\/td>\n<\/tr>\n<tr>\n<td width=\"238\">Conectividad<\/td>\n<td width=\"415\"><\/td>\n<\/tr>\n<tr>\n<td width=\"238\">Wi-Fi<\/td>\n<td width=\"415\">802.11<\/td>\n<\/tr>\n<tr>\n<td width=\"238\">Bluetooth<\/td>\n<td width=\"415\">4.0<\/td>\n<\/tr>\n<tr>\n<td width=\"238\">Ethernet<\/td>\n<td width=\"415\">10\/100\/1000M RJ45 con POE<\/td>\n<\/tr>\n<tr>\n<td width=\"238\">USB<\/td>\n<td width=\"415\">1 USB OTG, 1 HOST USB<\/td>\n<\/tr>\n<tr>\n<td width=\"238\">Salida de Video<\/td>\n<td width=\"415\">1 HDMI<\/td>\n<\/tr>\n<tr>\n<td width=\"238\">Salida Audio<\/td>\n<td width=\"415\">3.5mm<\/td>\n<\/tr>\n<tr>\n<td width=\"238\">Sistema operativo<\/td>\n<td width=\"415\"><\/td>\n<\/tr>\n<tr>\n<td width=\"238\">Versi\u00f3n<\/td>\n<td width=\"415\">Android 7.1<\/td>\n<\/tr>\n<tr>\n<td width=\"238\">Pantalla T\u00e1ctil<\/td>\n<td width=\"415\"><\/td>\n<\/tr>\n<tr>\n<td width=\"238\">Tipo de pantalla t\u00e1ctil<\/td>\n<td width=\"415\">10 puntos capacitivos<\/td>\n<\/tr>\n<tr>\n<td width=\"238\">Transmitancia<\/td>\n<td width=\"415\">&gt;95%<\/td>\n<\/tr>\n<tr>\n<td width=\"238\">Numero de toques<\/td>\n<td width=\"415\">&gt;100,000,000<\/td>\n<\/tr>\n<tr>\n<td width=\"238\">Monitor<\/td>\n<td width=\"415\"><\/td>\n<\/tr>\n<tr>\n<td width=\"238\">Tipo<\/td>\n<td width=\"415\">10.1&#8243; TFT LCD, LED Contraluz<\/td>\n<\/tr>\n<tr>\n<td width=\"238\">Resoluci\u00f3n<\/td>\n<td width=\"415\">1280 * 800<\/td>\n<\/tr>\n<tr>\n<td width=\"238\">P\u00edxel<\/td>\n<td width=\"415\">0.1692 (H) x 0.1692 (V)<\/td>\n<\/tr>\n<tr>\n<td width=\"238\">Brillo (t\u00edpico)<\/td>\n<td width=\"415\">300 cd\/m2<\/td>\n<\/tr>\n<tr>\n<td width=\"238\">Contraste<\/td>\n<td width=\"415\">4000:1(T\u00edpico) 3000:1(Min)<\/td>\n<\/tr>\n<tr>\n<td width=\"238\">Numero de Colores<\/td>\n<td width=\"415\">16.7M<\/td>\n<\/tr>\n<tr>\n<td width=\"238\">Banda<\/td>\n<td width=\"415\">60Hz<\/td>\n<\/tr>\n<tr>\n<td width=\"238\">Vida \u00datil<\/td>\n<td width=\"415\">&gt;10,000 Horas<\/td>\n<\/tr>\n<tr>\n<td width=\"238\">Dispositivos de entrada<\/td>\n<td width=\"415\"><\/td>\n<\/tr>\n<tr>\n<td width=\"238\">Esc\u00e1ner de c\u00f3digo de barras<\/td>\n<td width=\"415\">1D\/2D 5mil, USB<\/td>\n<\/tr>\n<tr>\n<td width=\"238\">C\u00e1mara frontal<\/td>\n<td width=\"415\">2MP<\/td>\n<\/tr>\n<tr>\n<td width=\"238\">Lector NFC<\/td>\n<td width=\"415\">Baja frecuencia 125K, alta frecuencia NFC, 14443A, 13.56<\/td>\n<\/tr>\n<tr>\n<td width=\"238\">Fuente de alimentaci\u00f3n<\/td>\n<td width=\"415\"><\/td>\n<\/tr>\n<tr>\n<td width=\"238\">Consumo de energ\u00eda<\/td>\n<td width=\"415\">15W<\/td>\n<\/tr>\n<tr>\n<td width=\"238\">Salida del adaptador<\/td>\n<td width=\"415\">DC 12V.<\/td>\n<\/tr>\n<tr>\n<td width=\"238\">Entrada del adaptador<\/td>\n<td width=\"415\">AC 100-240V, 50-60HZ<\/td>\n<\/tr>\n<tr>\n<td width=\"238\">Ambientales<\/td>\n<td width=\"415\"><\/td>\n<\/tr>\n<tr>\n<td width=\"238\">Temperatura de funcionamiento<\/td>\n<td width=\"415\">0\u2103 a 50\u2103<\/td>\n<\/tr>\n<tr>\n<td width=\"238\">Humedad de funcionamiento<\/td>\n<td width=\"415\">\u226475\uff05<\/td>\n<\/tr>\n<tr>\n<td width=\"238\">Temperatura de almacenamiento<\/td>\n<td width=\"415\">15\u00b0C a 45\u00b0C<\/td>\n<\/tr>\n<tr>\n<td width=\"238\">Humedad de almacenamiento<\/td>\n<td width=\"415\">\u226475\uff05<\/td>\n<\/tr>\n<tr>\n<td width=\"238\">Empaque<\/td>\n<td width=\"415\"><\/td>\n<\/tr>\n<tr>\n<td width=\"238\">Contenido de la Caja<\/td>\n<td width=\"415\">Micro Kiosco, Adaptador, Cable Adaptador<\/td>\n<\/tr>\n<tr>\n<td width=\"238\">Tama\u00f1o de la caja<\/td>\n<td width=\"415\">345mm x 125mm x 335mm<\/td>\n<\/tr>\n<tr>\n<td width=\"238\">Peso bruto<\/td>\n<td width=\"415\">2.12 Kg.<\/td>\n<\/tr>\n<\/tbody>\n<\/table>\n","protected":false},"excerpt":{"rendered":"<p>&#8211; Monitor de pantalla t\u00e1ctil de 10.1\u201d capacitiva de 10 puntos<br \/>\n&#8211; Android 7.1<br \/>\n&#8211; Esc\u00e1ner de c\u00f3digo de barras 1D \/ 2D integrado<br \/>\n&#8211; Lector NFC<br \/>\n&#8211; POE: alimentaci\u00f3n a trav\u00e9s de Ethernet<br \/>\n&#8211; Wi-Fi, Bluetooth Integrado<br \/>\n&#8211; Montage Vesa<\/p>\n","protected":false},"featured_media":12637,"comment_status":"open","ping_status":"closed","template":"","meta":{"jetpack_publicize_message":"","jetpack_publicize_feature_enabled":true,"jetpack_social_post_already_shared":true,"jetpack_social_options":{"image_generator_settings":{"template":"highway","default_image_id":0,"font":"","enabled":false},"version":2}},"pwb-brand":[],"product_brand":[],"product_cat":[306,300],"product_tag":[],"class_list":{"0":"post-12633","1":"product","2":"type-product","3":"status-publish","4":"has-post-thumbnail","6":"product_cat-posmovil","7":"product_cat-codigobarras","9":"first","10":"instock","11":"taxable","12":"shipping-taxable","13":"purchasable","14":"product-type-simple"},"yoast_head":"<!-- This site is optimized with the Yoast SEO Premium plugin v25.7.1 (Yoast SEO v26.8) - https:\/\/yoast.com\/product\/yoast-seo-premium-wordpress\/ -->\n<title>Micro Kiosco Verificador de Precios K10 3nStar - Mivoot<\/title>\n<meta name=\"robots\" content=\"index, follow, max-snippet:-1, max-image-preview:large, max-video-preview:-1\" \/>\n<link rel=\"canonical\" href=\"https:\/\/mivoot.com\/gt\/producto\/micro-kiosco-verificador-de-precios-k10-3nstar\/\" \/>\n<meta property=\"og:locale\" content=\"es_ES\" \/>\n<meta property=\"og:type\" content=\"article\" \/>\n<meta property=\"og:title\" content=\"Micro Kiosco Verificador de Precios K10 3nStar\" \/>\n<meta property=\"og:description\" content=\"- Monitor de pantalla t\u00e1ctil de 10.1\u201d capacitiva de 10 puntos - Android 7.1 - Esc\u00e1ner de c\u00f3digo de barras 1D \/ 2D integrado - Lector NFC - POE: alimentaci\u00f3n a trav\u00e9s de Ethernet - Wi-Fi, Bluetooth Integrado - Montage Vesa\" \/>\n<meta property=\"og:url\" content=\"https:\/\/mivoot.com\/gt\/producto\/micro-kiosco-verificador-de-precios-k10-3nstar\/\" \/>\n<meta property=\"og:site_name\" content=\"Mivoot\" \/>\n<meta property=\"article:publisher\" content=\"https:\/\/www.facebook.com\/mivootgt\" \/>\n<meta property=\"article:modified_time\" content=\"2023-03-21T01:37:14+00:00\" \/>\n<meta property=\"og:image\" content=\"https:\/\/mivoot.com\/gt\/wp-content\/uploads\/2023\/03\/K10-slidly-side_conPantalla.png\" \/>\n\t<meta property=\"og:image:width\" content=\"500\" \/>\n\t<meta property=\"og:image:height\" content=\"500\" \/>\n\t<meta property=\"og:image:type\" content=\"image\/png\" \/>\n<meta name=\"twitter:card\" content=\"summary_large_image\" \/>\n<meta name=\"twitter:label1\" content=\"Est. reading time\" \/>\n\t<meta name=\"twitter:data1\" content=\"2 minutos\" \/>\n<script type=\"application\/ld+json\" class=\"yoast-schema-graph\">{\"@context\":\"https:\/\/schema.org\",\"@graph\":[{\"@type\":\"WebPage\",\"@id\":\"https:\/\/mivoot.com\/gt\/producto\/micro-kiosco-verificador-de-precios-k10-3nstar\/\",\"url\":\"https:\/\/mivoot.com\/gt\/producto\/micro-kiosco-verificador-de-precios-k10-3nstar\/\",\"name\":\"Micro Kiosco Verificador de Precios K10 3nStar - Mivoot\",\"isPartOf\":{\"@id\":\"https:\/\/mivoot.com\/gt\/#website\"},\"primaryImageOfPage\":{\"@id\":\"https:\/\/mivoot.com\/gt\/producto\/micro-kiosco-verificador-de-precios-k10-3nstar\/#primaryimage\"},\"image\":{\"@id\":\"https:\/\/mivoot.com\/gt\/producto\/micro-kiosco-verificador-de-precios-k10-3nstar\/#primaryimage\"},\"thumbnailUrl\":\"https:\/\/mivoot.com\/gt\/wp-content\/uploads\/2023\/03\/K10-slidly-side_conPantalla.png\",\"datePublished\":\"2023-03-21T01:35:43+00:00\",\"dateModified\":\"2023-03-21T01:37:14+00:00\",\"breadcrumb\":{\"@id\":\"https:\/\/mivoot.com\/gt\/producto\/micro-kiosco-verificador-de-precios-k10-3nstar\/#breadcrumb\"},\"inLanguage\":\"es\",\"potentialAction\":[{\"@type\":\"ReadAction\",\"target\":[\"https:\/\/mivoot.com\/gt\/producto\/micro-kiosco-verificador-de-precios-k10-3nstar\/\"]}]},{\"@type\":\"ImageObject\",\"inLanguage\":\"es\",\"@id\":\"https:\/\/mivoot.com\/gt\/producto\/micro-kiosco-verificador-de-precios-k10-3nstar\/#primaryimage\",\"url\":\"https:\/\/mivoot.com\/gt\/wp-content\/uploads\/2023\/03\/K10-slidly-side_conPantalla.png\",\"contentUrl\":\"https:\/\/mivoot.com\/gt\/wp-content\/uploads\/2023\/03\/K10-slidly-side_conPantalla.png\",\"width\":500,\"height\":500},{\"@type\":\"BreadcrumbList\",\"@id\":\"https:\/\/mivoot.com\/gt\/producto\/micro-kiosco-verificador-de-precios-k10-3nstar\/#breadcrumb\",\"itemListElement\":[{\"@type\":\"ListItem\",\"position\":1,\"name\":\"Inicio\",\"item\":\"https:\/\/mivoot.com\/gt\/\"},{\"@type\":\"ListItem\",\"position\":2,\"name\":\"Productos\",\"item\":\"https:\/\/mivoot.com\/gt\/producto\/\"},{\"@type\":\"ListItem\",\"position\":3,\"name\":\"Micro Kiosco Verificador de Precios K10 3nStar\"}]},{\"@type\":\"WebSite\",\"@id\":\"https:\/\/mivoot.com\/gt\/#website\",\"url\":\"https:\/\/mivoot.com\/gt\/\",\"name\":\"Mivoot\",\"description\":\"Mivoot Guatemala | Tienda Online\",\"publisher\":{\"@id\":\"https:\/\/mivoot.com\/gt\/#organization\"},\"alternateName\":\"mivoot\",\"potentialAction\":[{\"@type\":\"SearchAction\",\"target\":{\"@type\":\"EntryPoint\",\"urlTemplate\":\"https:\/\/mivoot.com\/gt\/?s={search_term_string}\"},\"query-input\":{\"@type\":\"PropertyValueSpecification\",\"valueRequired\":true,\"valueName\":\"search_term_string\"}}],\"inLanguage\":\"es\"},{\"@type\":\"Organization\",\"@id\":\"https:\/\/mivoot.com\/gt\/#organization\",\"name\":\"Mivoot Guatemala\",\"alternateName\":\"mivoot.com\",\"url\":\"https:\/\/mivoot.com\/gt\/\",\"logo\":{\"@type\":\"ImageObject\",\"inLanguage\":\"es\",\"@id\":\"https:\/\/mivoot.com\/gt\/#\/schema\/logo\/image\/\",\"url\":\"https:\/\/mivoot.com\/gt\/wp-content\/uploads\/2023\/03\/cropped-icon.png\",\"contentUrl\":\"https:\/\/mivoot.com\/gt\/wp-content\/uploads\/2023\/03\/cropped-icon.png\",\"width\":512,\"height\":512,\"caption\":\"Mivoot Guatemala\"},\"image\":{\"@id\":\"https:\/\/mivoot.com\/gt\/#\/schema\/logo\/image\/\"},\"sameAs\":[\"https:\/\/www.facebook.com\/mivootgt\",\"https:\/\/instagram.com\/mivoot\"]}]}<\/script>\n<!-- \/ Yoast SEO Premium plugin. -->","yoast_head_json":{"title":"Micro Kiosco Verificador de Precios K10 3nStar - Mivoot","robots":{"index":"index","follow":"follow","max-snippet":"max-snippet:-1","max-image-preview":"max-image-preview:large","max-video-preview":"max-video-preview:-1"},"canonical":"https:\/\/mivoot.com\/gt\/producto\/micro-kiosco-verificador-de-precios-k10-3nstar\/","og_locale":"es_ES","og_type":"article","og_title":"Micro Kiosco Verificador de Precios K10 3nStar","og_description":"- Monitor de pantalla t\u00e1ctil de 10.1\u201d capacitiva de 10 puntos - Android 7.1 - Esc\u00e1ner de c\u00f3digo de barras 1D \/ 2D integrado - Lector NFC - POE: alimentaci\u00f3n a trav\u00e9s de Ethernet - Wi-Fi, Bluetooth Integrado - Montage Vesa","og_url":"https:\/\/mivoot.com\/gt\/producto\/micro-kiosco-verificador-de-precios-k10-3nstar\/","og_site_name":"Mivoot","article_publisher":"https:\/\/www.facebook.com\/mivootgt","article_modified_time":"2023-03-21T01:37:14+00:00","og_image":[{"width":500,"height":500,"url":"https:\/\/mivoot.com\/gt\/wp-content\/uploads\/2023\/03\/K10-slidly-side_conPantalla.png","type":"image\/png"}],"twitter_card":"summary_large_image","twitter_misc":{"Est. reading time":"2 minutos"},"schema":{"@context":"https:\/\/schema.org","@graph":[{"@type":"WebPage","@id":"https:\/\/mivoot.com\/gt\/producto\/micro-kiosco-verificador-de-precios-k10-3nstar\/","url":"https:\/\/mivoot.com\/gt\/producto\/micro-kiosco-verificador-de-precios-k10-3nstar\/","name":"Micro Kiosco Verificador de Precios K10 3nStar - Mivoot","isPartOf":{"@id":"https:\/\/mivoot.com\/gt\/#website"},"primaryImageOfPage":{"@id":"https:\/\/mivoot.com\/gt\/producto\/micro-kiosco-verificador-de-precios-k10-3nstar\/#primaryimage"},"image":{"@id":"https:\/\/mivoot.com\/gt\/producto\/micro-kiosco-verificador-de-precios-k10-3nstar\/#primaryimage"},"thumbnailUrl":"https:\/\/mivoot.com\/gt\/wp-content\/uploads\/2023\/03\/K10-slidly-side_conPantalla.png","datePublished":"2023-03-21T01:35:43+00:00","dateModified":"2023-03-21T01:37:14+00:00","breadcrumb":{"@id":"https:\/\/mivoot.com\/gt\/producto\/micro-kiosco-verificador-de-precios-k10-3nstar\/#breadcrumb"},"inLanguage":"es","potentialAction":[{"@type":"ReadAction","target":["https:\/\/mivoot.com\/gt\/producto\/micro-kiosco-verificador-de-precios-k10-3nstar\/"]}]},{"@type":"ImageObject","inLanguage":"es","@id":"https:\/\/mivoot.com\/gt\/producto\/micro-kiosco-verificador-de-precios-k10-3nstar\/#primaryimage","url":"https:\/\/mivoot.com\/gt\/wp-content\/uploads\/2023\/03\/K10-slidly-side_conPantalla.png","contentUrl":"https:\/\/mivoot.com\/gt\/wp-content\/uploads\/2023\/03\/K10-slidly-side_conPantalla.png","width":500,"height":500},{"@type":"BreadcrumbList","@id":"https:\/\/mivoot.com\/gt\/producto\/micro-kiosco-verificador-de-precios-k10-3nstar\/#breadcrumb","itemListElement":[{"@type":"ListItem","position":1,"name":"Inicio","item":"https:\/\/mivoot.com\/gt\/"},{"@type":"ListItem","position":2,"name":"Productos","item":"https:\/\/mivoot.com\/gt\/producto\/"},{"@type":"ListItem","position":3,"name":"Micro Kiosco Verificador de Precios K10 3nStar"}]},{"@type":"WebSite","@id":"https:\/\/mivoot.com\/gt\/#website","url":"https:\/\/mivoot.com\/gt\/","name":"Mivoot","description":"Mivoot Guatemala | Tienda Online","publisher":{"@id":"https:\/\/mivoot.com\/gt\/#organization"},"alternateName":"mivoot","potentialAction":[{"@type":"SearchAction","target":{"@type":"EntryPoint","urlTemplate":"https:\/\/mivoot.com\/gt\/?s={search_term_string}"},"query-input":{"@type":"PropertyValueSpecification","valueRequired":true,"valueName":"search_term_string"}}],"inLanguage":"es"},{"@type":"Organization","@id":"https:\/\/mivoot.com\/gt\/#organization","name":"Mivoot Guatemala","alternateName":"mivoot.com","url":"https:\/\/mivoot.com\/gt\/","logo":{"@type":"ImageObject","inLanguage":"es","@id":"https:\/\/mivoot.com\/gt\/#\/schema\/logo\/image\/","url":"https:\/\/mivoot.com\/gt\/wp-content\/uploads\/2023\/03\/cropped-icon.png","contentUrl":"https:\/\/mivoot.com\/gt\/wp-content\/uploads\/2023\/03\/cropped-icon.png","width":512,"height":512,"caption":"Mivoot Guatemala"},"image":{"@id":"https:\/\/mivoot.com\/gt\/#\/schema\/logo\/image\/"},"sameAs":["https:\/\/www.facebook.com\/mivootgt","https:\/\/instagram.com\/mivoot"]}]}},"jetpack_publicize_connections":[],"jetpack_sharing_enabled":true,"brands":[],"_links":{"self":[{"href":"https:\/\/mivoot.com\/gt\/wp-json\/wp\/v2\/product\/12633","targetHints":{"allow":["GET"]}}],"collection":[{"href":"https:\/\/mivoot.com\/gt\/wp-json\/wp\/v2\/product"}],"about":[{"href":"https:\/\/mivoot.com\/gt\/wp-json\/wp\/v2\/types\/product"}],"replies":[{"embeddable":true,"href":"https:\/\/mivoot.com\/gt\/wp-json\/wp\/v2\/comments?post=12633"}],"version-history":[{"count":1,"href":"https:\/\/mivoot.com\/gt\/wp-json\/wp\/v2\/product\/12633\/revisions"}],"predecessor-version":[{"id":12640,"href":"https:\/\/mivoot.com\/gt\/wp-json\/wp\/v2\/product\/12633\/revisions\/12640"}],"wp:featuredmedia":[{"embeddable":true,"href":"https:\/\/mivoot.com\/gt\/wp-json\/wp\/v2\/media\/12637"}],"wp:attachment":[{"href":"https:\/\/mivoot.com\/gt\/wp-json\/wp\/v2\/media?parent=12633"}],"wp:term":[{"taxonomy":"pwb-brand","embeddable":true,"href":"https:\/\/mivoot.com\/gt\/wp-json\/wp\/v2\/pwb-brand?post=12633"},{"taxonomy":"product_brand","embeddable":true,"href":"https:\/\/mivoot.com\/gt\/wp-json\/wp\/v2\/product_brand?post=12633"},{"taxonomy":"product_cat","embeddable":true,"href":"https:\/\/mivoot.com\/gt\/wp-json\/wp\/v2\/product_cat?post=12633"},{"taxonomy":"product_tag","embeddable":true,"href":"https:\/\/mivoot.com\/gt\/wp-json\/wp\/v2\/product_tag?post=12633"}],"curies":[{"name":"wp","href":"https:\/\/api.w.org\/{rel}","templated":true}]}}