{"id":12699,"date":"2023-03-20T20:53:33","date_gmt":"2023-03-21T02:53:33","guid":{"rendered":"https:\/\/mivoot.com\/gt\/?post_type=product&#038;p=12699"},"modified":"2023-03-20T20:54:52","modified_gmt":"2023-03-21T02:54:52","slug":"silla-gerencial-con-reposabrazos-marsella-xtech","status":"publish","type":"product","link":"https:\/\/mivoot.com\/gt\/producto\/silla-gerencial-con-reposabrazos-marsella-xtech\/","title":{"rendered":"Silla Gerencial con Reposabrazos Marsella Xtech"},"content":{"rendered":"<div>\n<h3>Caracter\u00edsticas<\/h3>\n<ul>\n<li>Respaldo de malla contribuye a la circulaci\u00f3n del aire y a mantener una postura c\u00f3moda<\/li>\n<li>Se recomienda para 6 a 8 horas de uso intensivo<\/li>\n<li>Altura ajustable<\/li>\n<li>C\u00f3modos reposabrazos contribuyen a aliviar la presi\u00f3n en los hombros y en el cuello<\/li>\n<\/ul>\n<p><img decoding=\"async\" src=\"https:\/\/xtech-frontend.s3.amazonaws.com\/media\/img\/Fotos-Detalle-AM160GEN98-1.jpg\" \/><\/p>\n<h3>Especificaciones<\/h3>\n<p><b>Materiales<\/b><\/p>\n<ul>\n<li><b>Pl\u00e1stico:<\/b>\u00a00,25<\/li>\n<li><b>Tapiz:<\/b>\u00a00,2<\/li>\n<li><b>Espuma :<\/b>\u00a00,2<\/li>\n<li><b>Metal:<\/b>\u00a00,15<\/li>\n<li><b>Madera contrachapada:<\/b>\u00a00,2<\/li>\n<\/ul>\n<p><strong>Tama\u00f1o del producto<\/strong><\/p>\n<ul>\n<li><b>Largo(cm):<\/b>\u00a060<\/li>\n<li><b>Ancho(cm):<\/b>\u00a058,5<\/li>\n<li><b>Altura m\u00ednima(cm):<\/b>\u00a087<\/li>\n<li><b>Altura m\u00e1xima(cm):<\/b>\u00a097<\/li>\n<\/ul>\n<\/div>\n<div>\n<p><b>Peso del producto<\/b><\/p>\n<ul>\n<li><b>Peso neto(kg):<\/b>\u00a010,9<\/li>\n<\/ul>\n<p><b>Tama\u00f1o del empaque<\/b><\/p>\n<ul>\n<li><b>Largo(cm):<\/b>\u00a057<\/li>\n<li><b>Ancho(cm):<\/b>\u00a031,5<\/li>\n<li><b>Altura(cm):<\/b>\u00a058<\/li>\n<\/ul>\n<p><b>Peso con empaque<\/b><\/p>\n<ul>\n<li><b>Peso bruto (kg):<\/b>\u00a012,3<\/li>\n<\/ul>\n<\/div>\n<div>\n<p><b>Informaci\u00f3n adicional<\/b><\/p>\n<ul>\n<li><b>Admite peso de hasta :<\/b>\u00a090kg<\/li>\n<li><b>Cantidad\/Piezas \/ Cart\u00f3n:<\/b>\u00a01<\/li>\n<li><b>Color:<\/b>\u00a0Negro<\/li>\n<\/ul>\n<\/div>\n","protected":false},"excerpt":{"rendered":"<p>Color: Negro<br \/>\nCapacidad m\u00e1xima de carga : 90kg<br \/>\nRespaldo de malla contribuye a la circulaci\u00f3n del aire y a mantener una postura c\u00f3moda<br \/>\nSe recomienda para 6 a 8 horas de uso intensivo<br \/>\nAltura ajustable<br \/>\nC\u00f3modos reposabrazos contribuyen a aliviar la presi\u00f3n en los hombros y en el cuello<br \/>\nTama\u00f1o del producto: Largo(cm): 60, Ancho(cm): 58,5, Altura m\u00ednima(cm): 87, Altura m\u00e1xima(cm): 97<\/p>\n","protected":false},"featured_media":12704,"comment_status":"open","ping_status":"closed","template":"","meta":{"jetpack_publicize_message":"","jetpack_publicize_feature_enabled":true,"jetpack_social_post_already_shared":true,"jetpack_social_options":{"image_generator_settings":{"template":"highway","default_image_id":0,"font":"","enabled":false},"version":2}},"pwb-brand":[78],"product_brand":[],"product_cat":[46],"product_tag":[],"class_list":{"0":"post-12699","1":"product","2":"type-product","3":"status-publish","4":"has-post-thumbnail","6":"pwb-brand-xtech","7":"product_cat-sillas","9":"first","10":"instock","11":"taxable","12":"shipping-taxable","13":"product-type-simple"},"yoast_head":"<!-- This site is optimized with the Yoast SEO Premium plugin v25.7.1 (Yoast SEO v26.8) - https:\/\/yoast.com\/product\/yoast-seo-premium-wordpress\/ -->\n<title>Silla Gerencial con Reposabrazos Marsella Xtech - Mivoot<\/title>\n<meta name=\"robots\" content=\"index, follow, max-snippet:-1, max-image-preview:large, max-video-preview:-1\" \/>\n<link rel=\"canonical\" href=\"https:\/\/mivoot.com\/gt\/producto\/silla-gerencial-con-reposabrazos-marsella-xtech\/\" \/>\n<meta property=\"og:locale\" content=\"es_ES\" \/>\n<meta property=\"og:type\" content=\"article\" \/>\n<meta property=\"og:title\" content=\"Silla Gerencial con Reposabrazos Marsella Xtech\" \/>\n<meta property=\"og:description\" content=\"Color: Negro Capacidad m\u00e1xima de carga : 90kg Respaldo de malla contribuye a la circulaci\u00f3n del aire y a mantener una postura c\u00f3moda Se recomienda para 6 a 8 horas de uso intensivo Altura ajustable C\u00f3modos reposabrazos contribuyen a aliviar la presi\u00f3n en los hombros y en el cuello Tama\u00f1o del producto: Largo(cm): 60, Ancho(cm): 58,5, Altura m\u00ednima(cm): 87, Altura m\u00e1xima(cm): 97\" \/>\n<meta property=\"og:url\" content=\"https:\/\/mivoot.com\/gt\/producto\/silla-gerencial-con-reposabrazos-marsella-xtech\/\" \/>\n<meta property=\"og:site_name\" content=\"Mivoot\" \/>\n<meta property=\"article:publisher\" content=\"https:\/\/www.facebook.com\/mivootgt\" \/>\n<meta property=\"article:modified_time\" content=\"2023-03-21T02:54:52+00:00\" \/>\n<meta property=\"og:image\" content=\"https:\/\/mivoot.com\/gt\/wp-content\/uploads\/2023\/03\/silla.jpeg\" \/>\n\t<meta property=\"og:image:width\" content=\"350\" \/>\n\t<meta property=\"og:image:height\" content=\"370\" \/>\n\t<meta property=\"og:image:type\" content=\"image\/jpeg\" \/>\n<meta name=\"twitter:card\" content=\"summary_large_image\" \/>\n<meta name=\"twitter:label1\" content=\"Est. reading time\" \/>\n\t<meta name=\"twitter:data1\" content=\"1 minuto\" \/>\n<script type=\"application\/ld+json\" class=\"yoast-schema-graph\">{\"@context\":\"https:\/\/schema.org\",\"@graph\":[{\"@type\":\"WebPage\",\"@id\":\"https:\/\/mivoot.com\/gt\/producto\/silla-gerencial-con-reposabrazos-marsella-xtech\/\",\"url\":\"https:\/\/mivoot.com\/gt\/producto\/silla-gerencial-con-reposabrazos-marsella-xtech\/\",\"name\":\"Silla Gerencial con Reposabrazos Marsella Xtech - Mivoot\",\"isPartOf\":{\"@id\":\"https:\/\/mivoot.com\/gt\/#website\"},\"primaryImageOfPage\":{\"@id\":\"https:\/\/mivoot.com\/gt\/producto\/silla-gerencial-con-reposabrazos-marsella-xtech\/#primaryimage\"},\"image\":{\"@id\":\"https:\/\/mivoot.com\/gt\/producto\/silla-gerencial-con-reposabrazos-marsella-xtech\/#primaryimage\"},\"thumbnailUrl\":\"https:\/\/mivoot.com\/gt\/wp-content\/uploads\/2023\/03\/silla.jpeg\",\"datePublished\":\"2023-03-21T02:53:33+00:00\",\"dateModified\":\"2023-03-21T02:54:52+00:00\",\"breadcrumb\":{\"@id\":\"https:\/\/mivoot.com\/gt\/producto\/silla-gerencial-con-reposabrazos-marsella-xtech\/#breadcrumb\"},\"inLanguage\":\"es\",\"potentialAction\":[{\"@type\":\"ReadAction\",\"target\":[\"https:\/\/mivoot.com\/gt\/producto\/silla-gerencial-con-reposabrazos-marsella-xtech\/\"]}]},{\"@type\":\"ImageObject\",\"inLanguage\":\"es\",\"@id\":\"https:\/\/mivoot.com\/gt\/producto\/silla-gerencial-con-reposabrazos-marsella-xtech\/#primaryimage\",\"url\":\"https:\/\/mivoot.com\/gt\/wp-content\/uploads\/2023\/03\/silla.jpeg\",\"contentUrl\":\"https:\/\/mivoot.com\/gt\/wp-content\/uploads\/2023\/03\/silla.jpeg\",\"width\":350,\"height\":370},{\"@type\":\"BreadcrumbList\",\"@id\":\"https:\/\/mivoot.com\/gt\/producto\/silla-gerencial-con-reposabrazos-marsella-xtech\/#breadcrumb\",\"itemListElement\":[{\"@type\":\"ListItem\",\"position\":1,\"name\":\"Inicio\",\"item\":\"https:\/\/mivoot.com\/gt\/\"},{\"@type\":\"ListItem\",\"position\":2,\"name\":\"Productos\",\"item\":\"https:\/\/mivoot.com\/gt\/producto\/\"},{\"@type\":\"ListItem\",\"position\":3,\"name\":\"Xtech\",\"item\":\"https:\/\/mivoot.com\/gt\/marca\/xtech\/\"},{\"@type\":\"ListItem\",\"position\":4,\"name\":\"Silla Gerencial con Reposabrazos Marsella Xtech\"}]},{\"@type\":\"WebSite\",\"@id\":\"https:\/\/mivoot.com\/gt\/#website\",\"url\":\"https:\/\/mivoot.com\/gt\/\",\"name\":\"Mivoot\",\"description\":\"Mivoot Guatemala | Tienda Online\",\"publisher\":{\"@id\":\"https:\/\/mivoot.com\/gt\/#organization\"},\"alternateName\":\"mivoot\",\"potentialAction\":[{\"@type\":\"SearchAction\",\"target\":{\"@type\":\"EntryPoint\",\"urlTemplate\":\"https:\/\/mivoot.com\/gt\/?s={search_term_string}\"},\"query-input\":{\"@type\":\"PropertyValueSpecification\",\"valueRequired\":true,\"valueName\":\"search_term_string\"}}],\"inLanguage\":\"es\"},{\"@type\":\"Organization\",\"@id\":\"https:\/\/mivoot.com\/gt\/#organization\",\"name\":\"Mivoot Guatemala\",\"alternateName\":\"mivoot.com\",\"url\":\"https:\/\/mivoot.com\/gt\/\",\"logo\":{\"@type\":\"ImageObject\",\"inLanguage\":\"es\",\"@id\":\"https:\/\/mivoot.com\/gt\/#\/schema\/logo\/image\/\",\"url\":\"https:\/\/mivoot.com\/gt\/wp-content\/uploads\/2023\/03\/cropped-icon.png\",\"contentUrl\":\"https:\/\/mivoot.com\/gt\/wp-content\/uploads\/2023\/03\/cropped-icon.png\",\"width\":512,\"height\":512,\"caption\":\"Mivoot Guatemala\"},\"image\":{\"@id\":\"https:\/\/mivoot.com\/gt\/#\/schema\/logo\/image\/\"},\"sameAs\":[\"https:\/\/www.facebook.com\/mivootgt\",\"https:\/\/instagram.com\/mivoot\"]}]}<\/script>\n<!-- \/ Yoast SEO Premium plugin. -->","yoast_head_json":{"title":"Silla Gerencial con Reposabrazos Marsella Xtech - Mivoot","robots":{"index":"index","follow":"follow","max-snippet":"max-snippet:-1","max-image-preview":"max-image-preview:large","max-video-preview":"max-video-preview:-1"},"canonical":"https:\/\/mivoot.com\/gt\/producto\/silla-gerencial-con-reposabrazos-marsella-xtech\/","og_locale":"es_ES","og_type":"article","og_title":"Silla Gerencial con Reposabrazos Marsella Xtech","og_description":"Color: Negro Capacidad m\u00e1xima de carga : 90kg Respaldo de malla contribuye a la circulaci\u00f3n del aire y a mantener una postura c\u00f3moda Se recomienda para 6 a 8 horas de uso intensivo Altura ajustable C\u00f3modos reposabrazos contribuyen a aliviar la presi\u00f3n en los hombros y en el cuello Tama\u00f1o del producto: Largo(cm): 60, Ancho(cm): 58,5, Altura m\u00ednima(cm): 87, Altura m\u00e1xima(cm): 97","og_url":"https:\/\/mivoot.com\/gt\/producto\/silla-gerencial-con-reposabrazos-marsella-xtech\/","og_site_name":"Mivoot","article_publisher":"https:\/\/www.facebook.com\/mivootgt","article_modified_time":"2023-03-21T02:54:52+00:00","og_image":[{"width":350,"height":370,"url":"https:\/\/mivoot.com\/gt\/wp-content\/uploads\/2023\/03\/silla.jpeg","type":"image\/jpeg"}],"twitter_card":"summary_large_image","twitter_misc":{"Est. reading time":"1 minuto"},"schema":{"@context":"https:\/\/schema.org","@graph":[{"@type":"WebPage","@id":"https:\/\/mivoot.com\/gt\/producto\/silla-gerencial-con-reposabrazos-marsella-xtech\/","url":"https:\/\/mivoot.com\/gt\/producto\/silla-gerencial-con-reposabrazos-marsella-xtech\/","name":"Silla Gerencial con Reposabrazos Marsella Xtech - Mivoot","isPartOf":{"@id":"https:\/\/mivoot.com\/gt\/#website"},"primaryImageOfPage":{"@id":"https:\/\/mivoot.com\/gt\/producto\/silla-gerencial-con-reposabrazos-marsella-xtech\/#primaryimage"},"image":{"@id":"https:\/\/mivoot.com\/gt\/producto\/silla-gerencial-con-reposabrazos-marsella-xtech\/#primaryimage"},"thumbnailUrl":"https:\/\/mivoot.com\/gt\/wp-content\/uploads\/2023\/03\/silla.jpeg","datePublished":"2023-03-21T02:53:33+00:00","dateModified":"2023-03-21T02:54:52+00:00","breadcrumb":{"@id":"https:\/\/mivoot.com\/gt\/producto\/silla-gerencial-con-reposabrazos-marsella-xtech\/#breadcrumb"},"inLanguage":"es","potentialAction":[{"@type":"ReadAction","target":["https:\/\/mivoot.com\/gt\/producto\/silla-gerencial-con-reposabrazos-marsella-xtech\/"]}]},{"@type":"ImageObject","inLanguage":"es","@id":"https:\/\/mivoot.com\/gt\/producto\/silla-gerencial-con-reposabrazos-marsella-xtech\/#primaryimage","url":"https:\/\/mivoot.com\/gt\/wp-content\/uploads\/2023\/03\/silla.jpeg","contentUrl":"https:\/\/mivoot.com\/gt\/wp-content\/uploads\/2023\/03\/silla.jpeg","width":350,"height":370},{"@type":"BreadcrumbList","@id":"https:\/\/mivoot.com\/gt\/producto\/silla-gerencial-con-reposabrazos-marsella-xtech\/#breadcrumb","itemListElement":[{"@type":"ListItem","position":1,"name":"Inicio","item":"https:\/\/mivoot.com\/gt\/"},{"@type":"ListItem","position":2,"name":"Productos","item":"https:\/\/mivoot.com\/gt\/producto\/"},{"@type":"ListItem","position":3,"name":"Xtech","item":"https:\/\/mivoot.com\/gt\/marca\/xtech\/"},{"@type":"ListItem","position":4,"name":"Silla Gerencial con Reposabrazos Marsella Xtech"}]},{"@type":"WebSite","@id":"https:\/\/mivoot.com\/gt\/#website","url":"https:\/\/mivoot.com\/gt\/","name":"Mivoot","description":"Mivoot Guatemala | Tienda Online","publisher":{"@id":"https:\/\/mivoot.com\/gt\/#organization"},"alternateName":"mivoot","potentialAction":[{"@type":"SearchAction","target":{"@type":"EntryPoint","urlTemplate":"https:\/\/mivoot.com\/gt\/?s={search_term_string}"},"query-input":{"@type":"PropertyValueSpecification","valueRequired":true,"valueName":"search_term_string"}}],"inLanguage":"es"},{"@type":"Organization","@id":"https:\/\/mivoot.com\/gt\/#organization","name":"Mivoot Guatemala","alternateName":"mivoot.com","url":"https:\/\/mivoot.com\/gt\/","logo":{"@type":"ImageObject","inLanguage":"es","@id":"https:\/\/mivoot.com\/gt\/#\/schema\/logo\/image\/","url":"https:\/\/mivoot.com\/gt\/wp-content\/uploads\/2023\/03\/cropped-icon.png","contentUrl":"https:\/\/mivoot.com\/gt\/wp-content\/uploads\/2023\/03\/cropped-icon.png","width":512,"height":512,"caption":"Mivoot Guatemala"},"image":{"@id":"https:\/\/mivoot.com\/gt\/#\/schema\/logo\/image\/"},"sameAs":["https:\/\/www.facebook.com\/mivootgt","https:\/\/instagram.com\/mivoot"]}]}},"jetpack_publicize_connections":[],"jetpack_sharing_enabled":true,"brands":[{"id":78,"name":"Xtech","slug":"xtech"}],"_links":{"self":[{"href":"https:\/\/mivoot.com\/gt\/wp-json\/wp\/v2\/product\/12699","targetHints":{"allow":["GET"]}}],"collection":[{"href":"https:\/\/mivoot.com\/gt\/wp-json\/wp\/v2\/product"}],"about":[{"href":"https:\/\/mivoot.com\/gt\/wp-json\/wp\/v2\/types\/product"}],"replies":[{"embeddable":true,"href":"https:\/\/mivoot.com\/gt\/wp-json\/wp\/v2\/comments?post=12699"}],"version-history":[{"count":1,"href":"https:\/\/mivoot.com\/gt\/wp-json\/wp\/v2\/product\/12699\/revisions"}],"predecessor-version":[{"id":12705,"href":"https:\/\/mivoot.com\/gt\/wp-json\/wp\/v2\/product\/12699\/revisions\/12705"}],"wp:featuredmedia":[{"embeddable":true,"href":"https:\/\/mivoot.com\/gt\/wp-json\/wp\/v2\/media\/12704"}],"wp:attachment":[{"href":"https:\/\/mivoot.com\/gt\/wp-json\/wp\/v2\/media?parent=12699"}],"wp:term":[{"taxonomy":"pwb-brand","embeddable":true,"href":"https:\/\/mivoot.com\/gt\/wp-json\/wp\/v2\/pwb-brand?post=12699"},{"taxonomy":"product_brand","embeddable":true,"href":"https:\/\/mivoot.com\/gt\/wp-json\/wp\/v2\/product_brand?post=12699"},{"taxonomy":"product_cat","embeddable":true,"href":"https:\/\/mivoot.com\/gt\/wp-json\/wp\/v2\/product_cat?post=12699"},{"taxonomy":"product_tag","embeddable":true,"href":"https:\/\/mivoot.com\/gt\/wp-json\/wp\/v2\/product_tag?post=12699"}],"curies":[{"name":"wp","href":"https:\/\/api.w.org\/{rel}","templated":true}]}}