{"id":12713,"date":"2023-03-20T21:06:08","date_gmt":"2023-03-21T03:06:08","guid":{"rendered":"https:\/\/mivoot.com\/gt\/?post_type=product&#038;p=12713"},"modified":"2023-03-23T13:14:09","modified_gmt":"2023-03-23T19:14:09","slug":"silla-ejecutiva-con-reposabrazos-calabria-xtech","status":"publish","type":"product","link":"https:\/\/mivoot.com\/gt\/producto\/silla-ejecutiva-con-reposabrazos-calabria-xtech\/","title":{"rendered":"Silla Ejecutiva con Reposabrazos Calabria Xtech"},"content":{"rendered":"<div>\n<h3>Caracter\u00edsticas<\/h3>\n<ul>\n<li>S\u00edmil cuero de color negro<\/li>\n<li>S\u00f3lida estructura de acero garantiza mayor durabilidad<\/li>\n<li>El respaldo acolchado sostiene el \u00e1rea lumbar y acent\u00faa el contorno natural de la espalda<\/li>\n<li>C\u00f3modos reposabrazos contribuyen a aliviar la presi\u00f3n en los hombros y en el cuello<\/li>\n<\/ul>\n<p><img decoding=\"async\" src=\"https:\/\/xtech-frontend.s3.amazonaws.com\/media\/img\/AM160GEN32%20Detalle_1.jpg\" \/><\/p>\n<\/div>\n<div>\n<h3>Especificaciones<\/h3>\n<p><b>Materiales<\/b><\/p>\n<ul>\n<li><b>Pl\u00e1stico:<\/b>\u00a00,15<\/li>\n<li><b>PVC:<\/b>\u00a00,2<\/li>\n<li><b>Espuma :<\/b>\u00a00,2<\/li>\n<li><b>Metal:<\/b>\u00a00,25<\/li>\n<li><b>Madera contrachapada:<\/b>\u00a00,2<\/li>\n<\/ul>\n<p><strong>Tama\u00f1o del producto<\/strong><\/p>\n<ul>\n<li><b>Largo(cm):<\/b>\u00a065<\/li>\n<li><b>Ancho(cm):<\/b>\u00a067<\/li>\n<li><b>Altura m\u00ednima(cm):<\/b>\u00a0112<\/li>\n<li><b>Altura m\u00e1xima(cm):<\/b>\u00a0120,5<\/li>\n<\/ul>\n<\/div>\n<div>\n<p><b>Peso del producto<\/b><\/p>\n<ul>\n<li><b>Peso neto(kg):<\/b>\u00a014,2<\/li>\n<\/ul>\n<p><b>Tama\u00f1o del empaque<\/b><\/p>\n<ul>\n<li><b>Largo(cm):<\/b>\u00a061<\/li>\n<li><b>Ancho(cm):<\/b>\u00a029<\/li>\n<li><b>Altura(cm):<\/b>\u00a077,5<\/li>\n<\/ul>\n<p><b>Peso con empaque<\/b><\/p>\n<ul>\n<li><b>Peso bruto (kg):<\/b>\u00a016,4<\/li>\n<\/ul>\n<\/div>\n<div>\n<p><b>Informaci\u00f3n adicional<\/b><\/p>\n<ul>\n<li><b>Admite peso de hasta :<\/b>\u00a0120kg<\/li>\n<li><b>Cantidad\/Piezas \/ Cart\u00f3n:<\/b>\u00a01<\/li>\n<li><b>Color:<\/b>\u00a0Negro<\/li>\n<\/ul>\n<\/div>\n","protected":false},"excerpt":{"rendered":"<p>Color: Negro<br \/>\nCapacidad m\u00e1xima de carga : 120kg<br \/>\nTama\u00f1o del producto: Largo(cm): 65 Ancho(cm): 67 Altura m\u00ednima(cm): 112 Altura m\u00e1xima(cm): 120,5<\/p>\n","protected":false},"featured_media":12716,"comment_status":"open","ping_status":"closed","template":"","meta":{"jetpack_publicize_message":"","jetpack_publicize_feature_enabled":true,"jetpack_social_post_already_shared":true,"jetpack_social_options":{"image_generator_settings":{"template":"highway","default_image_id":0,"font":"","enabled":false},"version":2}},"pwb-brand":[78],"product_brand":[],"product_cat":[46],"product_tag":[],"class_list":{"0":"post-12713","1":"product","2":"type-product","3":"status-publish","4":"has-post-thumbnail","6":"pwb-brand-xtech","7":"product_cat-sillas","9":"first","10":"instock","11":"sale","12":"taxable","13":"shipping-taxable","14":"purchasable","15":"product-type-simple"},"yoast_head":"<!-- This site is optimized with the Yoast SEO Premium plugin v25.7.1 (Yoast SEO v26.8) - https:\/\/yoast.com\/product\/yoast-seo-premium-wordpress\/ -->\n<title>Silla Ejecutiva con Reposabrazos Calabria Xtech - Mivoot<\/title>\n<meta name=\"robots\" content=\"index, follow, max-snippet:-1, max-image-preview:large, max-video-preview:-1\" \/>\n<link rel=\"canonical\" href=\"https:\/\/mivoot.com\/gt\/producto\/silla-ejecutiva-con-reposabrazos-calabria-xtech\/\" \/>\n<meta property=\"og:locale\" content=\"es_ES\" \/>\n<meta property=\"og:type\" content=\"article\" \/>\n<meta property=\"og:title\" content=\"Silla Ejecutiva con Reposabrazos Calabria Xtech\" \/>\n<meta property=\"og:description\" content=\"Color: Negro Capacidad m\u00e1xima de carga : 120kg Tama\u00f1o del producto: Largo(cm): 65 Ancho(cm): 67 Altura m\u00ednima(cm): 112 Altura m\u00e1xima(cm): 120,5\" \/>\n<meta property=\"og:url\" content=\"https:\/\/mivoot.com\/gt\/producto\/silla-ejecutiva-con-reposabrazos-calabria-xtech\/\" \/>\n<meta property=\"og:site_name\" content=\"Mivoot\" \/>\n<meta property=\"article:publisher\" content=\"https:\/\/www.facebook.com\/mivootgt\" \/>\n<meta property=\"article:modified_time\" content=\"2023-03-23T19:14:09+00:00\" \/>\n<meta property=\"og:image\" content=\"https:\/\/mivoot.com\/gt\/wp-content\/uploads\/2023\/03\/AM160GEN32_land.jpg\" \/>\n\t<meta property=\"og:image:width\" content=\"600\" \/>\n\t<meta property=\"og:image:height\" content=\"600\" \/>\n\t<meta property=\"og:image:type\" content=\"image\/jpeg\" \/>\n<meta name=\"twitter:card\" content=\"summary_large_image\" \/>\n<meta name=\"twitter:label1\" content=\"Est. reading time\" \/>\n\t<meta name=\"twitter:data1\" content=\"1 minuto\" \/>\n<script type=\"application\/ld+json\" class=\"yoast-schema-graph\">{\"@context\":\"https:\/\/schema.org\",\"@graph\":[{\"@type\":\"WebPage\",\"@id\":\"https:\/\/mivoot.com\/gt\/producto\/silla-ejecutiva-con-reposabrazos-calabria-xtech\/\",\"url\":\"https:\/\/mivoot.com\/gt\/producto\/silla-ejecutiva-con-reposabrazos-calabria-xtech\/\",\"name\":\"Silla Ejecutiva con Reposabrazos Calabria Xtech - Mivoot\",\"isPartOf\":{\"@id\":\"https:\/\/mivoot.com\/gt\/#website\"},\"primaryImageOfPage\":{\"@id\":\"https:\/\/mivoot.com\/gt\/producto\/silla-ejecutiva-con-reposabrazos-calabria-xtech\/#primaryimage\"},\"image\":{\"@id\":\"https:\/\/mivoot.com\/gt\/producto\/silla-ejecutiva-con-reposabrazos-calabria-xtech\/#primaryimage\"},\"thumbnailUrl\":\"https:\/\/mivoot.com\/gt\/wp-content\/uploads\/2023\/03\/AM160GEN32_land.jpg\",\"datePublished\":\"2023-03-21T03:06:08+00:00\",\"dateModified\":\"2023-03-23T19:14:09+00:00\",\"breadcrumb\":{\"@id\":\"https:\/\/mivoot.com\/gt\/producto\/silla-ejecutiva-con-reposabrazos-calabria-xtech\/#breadcrumb\"},\"inLanguage\":\"es\",\"potentialAction\":[{\"@type\":\"ReadAction\",\"target\":[\"https:\/\/mivoot.com\/gt\/producto\/silla-ejecutiva-con-reposabrazos-calabria-xtech\/\"]}]},{\"@type\":\"ImageObject\",\"inLanguage\":\"es\",\"@id\":\"https:\/\/mivoot.com\/gt\/producto\/silla-ejecutiva-con-reposabrazos-calabria-xtech\/#primaryimage\",\"url\":\"https:\/\/mivoot.com\/gt\/wp-content\/uploads\/2023\/03\/AM160GEN32_land.jpg\",\"contentUrl\":\"https:\/\/mivoot.com\/gt\/wp-content\/uploads\/2023\/03\/AM160GEN32_land.jpg\",\"width\":600,\"height\":600},{\"@type\":\"BreadcrumbList\",\"@id\":\"https:\/\/mivoot.com\/gt\/producto\/silla-ejecutiva-con-reposabrazos-calabria-xtech\/#breadcrumb\",\"itemListElement\":[{\"@type\":\"ListItem\",\"position\":1,\"name\":\"Inicio\",\"item\":\"https:\/\/mivoot.com\/gt\/\"},{\"@type\":\"ListItem\",\"position\":2,\"name\":\"Productos\",\"item\":\"https:\/\/mivoot.com\/gt\/producto\/\"},{\"@type\":\"ListItem\",\"position\":3,\"name\":\"Xtech\",\"item\":\"https:\/\/mivoot.com\/gt\/marca\/xtech\/\"},{\"@type\":\"ListItem\",\"position\":4,\"name\":\"Silla Ejecutiva con Reposabrazos Calabria Xtech\"}]},{\"@type\":\"WebSite\",\"@id\":\"https:\/\/mivoot.com\/gt\/#website\",\"url\":\"https:\/\/mivoot.com\/gt\/\",\"name\":\"Mivoot\",\"description\":\"Mivoot Guatemala | Tienda Online\",\"publisher\":{\"@id\":\"https:\/\/mivoot.com\/gt\/#organization\"},\"alternateName\":\"mivoot\",\"potentialAction\":[{\"@type\":\"SearchAction\",\"target\":{\"@type\":\"EntryPoint\",\"urlTemplate\":\"https:\/\/mivoot.com\/gt\/?s={search_term_string}\"},\"query-input\":{\"@type\":\"PropertyValueSpecification\",\"valueRequired\":true,\"valueName\":\"search_term_string\"}}],\"inLanguage\":\"es\"},{\"@type\":\"Organization\",\"@id\":\"https:\/\/mivoot.com\/gt\/#organization\",\"name\":\"Mivoot Guatemala\",\"alternateName\":\"mivoot.com\",\"url\":\"https:\/\/mivoot.com\/gt\/\",\"logo\":{\"@type\":\"ImageObject\",\"inLanguage\":\"es\",\"@id\":\"https:\/\/mivoot.com\/gt\/#\/schema\/logo\/image\/\",\"url\":\"https:\/\/mivoot.com\/gt\/wp-content\/uploads\/2023\/03\/cropped-icon.png\",\"contentUrl\":\"https:\/\/mivoot.com\/gt\/wp-content\/uploads\/2023\/03\/cropped-icon.png\",\"width\":512,\"height\":512,\"caption\":\"Mivoot Guatemala\"},\"image\":{\"@id\":\"https:\/\/mivoot.com\/gt\/#\/schema\/logo\/image\/\"},\"sameAs\":[\"https:\/\/www.facebook.com\/mivootgt\",\"https:\/\/instagram.com\/mivoot\"]}]}<\/script>\n<!-- \/ Yoast SEO Premium plugin. -->","yoast_head_json":{"title":"Silla Ejecutiva con Reposabrazos Calabria Xtech - Mivoot","robots":{"index":"index","follow":"follow","max-snippet":"max-snippet:-1","max-image-preview":"max-image-preview:large","max-video-preview":"max-video-preview:-1"},"canonical":"https:\/\/mivoot.com\/gt\/producto\/silla-ejecutiva-con-reposabrazos-calabria-xtech\/","og_locale":"es_ES","og_type":"article","og_title":"Silla Ejecutiva con Reposabrazos Calabria Xtech","og_description":"Color: Negro Capacidad m\u00e1xima de carga : 120kg Tama\u00f1o del producto: Largo(cm): 65 Ancho(cm): 67 Altura m\u00ednima(cm): 112 Altura m\u00e1xima(cm): 120,5","og_url":"https:\/\/mivoot.com\/gt\/producto\/silla-ejecutiva-con-reposabrazos-calabria-xtech\/","og_site_name":"Mivoot","article_publisher":"https:\/\/www.facebook.com\/mivootgt","article_modified_time":"2023-03-23T19:14:09+00:00","og_image":[{"width":600,"height":600,"url":"https:\/\/mivoot.com\/gt\/wp-content\/uploads\/2023\/03\/AM160GEN32_land.jpg","type":"image\/jpeg"}],"twitter_card":"summary_large_image","twitter_misc":{"Est. reading time":"1 minuto"},"schema":{"@context":"https:\/\/schema.org","@graph":[{"@type":"WebPage","@id":"https:\/\/mivoot.com\/gt\/producto\/silla-ejecutiva-con-reposabrazos-calabria-xtech\/","url":"https:\/\/mivoot.com\/gt\/producto\/silla-ejecutiva-con-reposabrazos-calabria-xtech\/","name":"Silla Ejecutiva con Reposabrazos Calabria Xtech - Mivoot","isPartOf":{"@id":"https:\/\/mivoot.com\/gt\/#website"},"primaryImageOfPage":{"@id":"https:\/\/mivoot.com\/gt\/producto\/silla-ejecutiva-con-reposabrazos-calabria-xtech\/#primaryimage"},"image":{"@id":"https:\/\/mivoot.com\/gt\/producto\/silla-ejecutiva-con-reposabrazos-calabria-xtech\/#primaryimage"},"thumbnailUrl":"https:\/\/mivoot.com\/gt\/wp-content\/uploads\/2023\/03\/AM160GEN32_land.jpg","datePublished":"2023-03-21T03:06:08+00:00","dateModified":"2023-03-23T19:14:09+00:00","breadcrumb":{"@id":"https:\/\/mivoot.com\/gt\/producto\/silla-ejecutiva-con-reposabrazos-calabria-xtech\/#breadcrumb"},"inLanguage":"es","potentialAction":[{"@type":"ReadAction","target":["https:\/\/mivoot.com\/gt\/producto\/silla-ejecutiva-con-reposabrazos-calabria-xtech\/"]}]},{"@type":"ImageObject","inLanguage":"es","@id":"https:\/\/mivoot.com\/gt\/producto\/silla-ejecutiva-con-reposabrazos-calabria-xtech\/#primaryimage","url":"https:\/\/mivoot.com\/gt\/wp-content\/uploads\/2023\/03\/AM160GEN32_land.jpg","contentUrl":"https:\/\/mivoot.com\/gt\/wp-content\/uploads\/2023\/03\/AM160GEN32_land.jpg","width":600,"height":600},{"@type":"BreadcrumbList","@id":"https:\/\/mivoot.com\/gt\/producto\/silla-ejecutiva-con-reposabrazos-calabria-xtech\/#breadcrumb","itemListElement":[{"@type":"ListItem","position":1,"name":"Inicio","item":"https:\/\/mivoot.com\/gt\/"},{"@type":"ListItem","position":2,"name":"Productos","item":"https:\/\/mivoot.com\/gt\/producto\/"},{"@type":"ListItem","position":3,"name":"Xtech","item":"https:\/\/mivoot.com\/gt\/marca\/xtech\/"},{"@type":"ListItem","position":4,"name":"Silla Ejecutiva con Reposabrazos Calabria Xtech"}]},{"@type":"WebSite","@id":"https:\/\/mivoot.com\/gt\/#website","url":"https:\/\/mivoot.com\/gt\/","name":"Mivoot","description":"Mivoot Guatemala | Tienda Online","publisher":{"@id":"https:\/\/mivoot.com\/gt\/#organization"},"alternateName":"mivoot","potentialAction":[{"@type":"SearchAction","target":{"@type":"EntryPoint","urlTemplate":"https:\/\/mivoot.com\/gt\/?s={search_term_string}"},"query-input":{"@type":"PropertyValueSpecification","valueRequired":true,"valueName":"search_term_string"}}],"inLanguage":"es"},{"@type":"Organization","@id":"https:\/\/mivoot.com\/gt\/#organization","name":"Mivoot Guatemala","alternateName":"mivoot.com","url":"https:\/\/mivoot.com\/gt\/","logo":{"@type":"ImageObject","inLanguage":"es","@id":"https:\/\/mivoot.com\/gt\/#\/schema\/logo\/image\/","url":"https:\/\/mivoot.com\/gt\/wp-content\/uploads\/2023\/03\/cropped-icon.png","contentUrl":"https:\/\/mivoot.com\/gt\/wp-content\/uploads\/2023\/03\/cropped-icon.png","width":512,"height":512,"caption":"Mivoot Guatemala"},"image":{"@id":"https:\/\/mivoot.com\/gt\/#\/schema\/logo\/image\/"},"sameAs":["https:\/\/www.facebook.com\/mivootgt","https:\/\/instagram.com\/mivoot"]}]}},"jetpack_publicize_connections":[],"jetpack_sharing_enabled":true,"brands":[{"id":78,"name":"Xtech","slug":"xtech"}],"_links":{"self":[{"href":"https:\/\/mivoot.com\/gt\/wp-json\/wp\/v2\/product\/12713","targetHints":{"allow":["GET"]}}],"collection":[{"href":"https:\/\/mivoot.com\/gt\/wp-json\/wp\/v2\/product"}],"about":[{"href":"https:\/\/mivoot.com\/gt\/wp-json\/wp\/v2\/types\/product"}],"replies":[{"embeddable":true,"href":"https:\/\/mivoot.com\/gt\/wp-json\/wp\/v2\/comments?post=12713"}],"version-history":[{"count":1,"href":"https:\/\/mivoot.com\/gt\/wp-json\/wp\/v2\/product\/12713\/revisions"}],"predecessor-version":[{"id":12719,"href":"https:\/\/mivoot.com\/gt\/wp-json\/wp\/v2\/product\/12713\/revisions\/12719"}],"wp:featuredmedia":[{"embeddable":true,"href":"https:\/\/mivoot.com\/gt\/wp-json\/wp\/v2\/media\/12716"}],"wp:attachment":[{"href":"https:\/\/mivoot.com\/gt\/wp-json\/wp\/v2\/media?parent=12713"}],"wp:term":[{"taxonomy":"pwb-brand","embeddable":true,"href":"https:\/\/mivoot.com\/gt\/wp-json\/wp\/v2\/pwb-brand?post=12713"},{"taxonomy":"product_brand","embeddable":true,"href":"https:\/\/mivoot.com\/gt\/wp-json\/wp\/v2\/product_brand?post=12713"},{"taxonomy":"product_cat","embeddable":true,"href":"https:\/\/mivoot.com\/gt\/wp-json\/wp\/v2\/product_cat?post=12713"},{"taxonomy":"product_tag","embeddable":true,"href":"https:\/\/mivoot.com\/gt\/wp-json\/wp\/v2\/product_tag?post=12713"}],"curies":[{"name":"wp","href":"https:\/\/api.w.org\/{rel}","templated":true}]}}