{"id":12968,"date":"2023-03-23T21:53:26","date_gmt":"2023-03-24T03:53:26","guid":{"rendered":"https:\/\/mivoot.com\/gt\/?post_type=product&#038;p=12968"},"modified":"2024-03-26T13:01:41","modified_gmt":"2024-03-26T19:01:41","slug":"kit-audifonos-star-wars-mandalorian-primus","status":"publish","type":"product","link":"https:\/\/mivoot.com\/gt\/producto\/kit-audifonos-star-wars-mandalorian-primus\/","title":{"rendered":"Kit Aud\u00edfonos Star Wars Mandalorian Primus"},"content":{"rendered":"<h2>El set de juegos con micr\u00f3fono Mandalorian Primus Edici\u00f3n limitada.<\/h2>\n<p>Incluye los auriculares Arcus 200s TWS basados en la tecnolog\u00eda est\u00e9reo inal\u00e1mbrica verdadera TWS, que le brinda al jugador la ventaja competitiva gracias a su latencia \u00f3ptima de 56 ms, decodificaci\u00f3n de doble host ACC, 200s din\u00e1micos de 6 mm capaces de capturar el m\u00e1s m\u00ednimo detalle de acci\u00f3n, adem\u00e1s de un cargador port\u00e1til que dura hasta 3,5 ciclos. Modelo: ARCUS100T.<\/p>\n<p>Primus te trae el kit de juego Mandalorian Limited Edition, est\u00e1 dise\u00f1ado para entusiastas de juegos tanto en dispositivos m\u00f3viles como en PC. Primus presenta sus nuevos auriculares con micr\u00f3fono para videojuegos, especialmente dise\u00f1ados para el jugador serio que no quiere perder el m\u00e1s m\u00ednimo detalle de los videojuegos con alta carga de adrenalina.<\/p>\n<p>Adecuados para los efectos de sonido m\u00e1s realistas, estos incre\u00edbles auriculares ofrecen un audio brillante mediante los auriculares aislantes de ruido que seguramente te atraer\u00e1n al viaje m\u00e1s fant\u00e1stico. El arcus 100t tambi\u00e9n cuenta con un micr\u00f3fono desmontable que solo se centrar\u00e1 en tu voz, para que puedas concentrarte en mantenerte en la cima de tu juego<\/p>\n<p><img decoding=\"async\" src=\"https:\/\/i0.wp.com\/www.proinfoaccesorios.com\/wp-content\/uploads\/2022\/12\/Captura-de-pantalla-2022-12-13-194918.png?resize=1020%2C388&amp;ssl=1\" \/><\/p>\n<p><img decoding=\"async\" src=\"https:\/\/i0.wp.com\/primusgaming-frontend.s3.amazonaws.com\/media\/img\/banner-arcus100t-9-dk.png?resize=316%2C263&amp;ssl=1\" alt=\"banner-arcus100t-9-dk.png\" \/><\/p>\n","protected":false},"excerpt":{"rendered":"<p><strong>Auriculares Arcus 200s TWS<\/strong><br \/>\n&#8211; Tiempo de Carga: Estuche de carga + Audifonos 1.5Hrs<br \/>\n&#8211; Bater\u00eda de los aud\u00edfonos 1H<br \/>\n&#8211; True wireless earbuds inal\u00e1mbricos.<br \/>\n&#8211; Micr\u00f3fono integrado.<\/p>\n<p><strong>Auriculares Arcus 100T Gaming Stereo<\/strong><br \/>\n&#8211; Al\u00e1mbrico.<br \/>\n&#8211; Diadema autoajustable.<br \/>\n&#8211; Cable trenzado, TRRS de 3,5mm<br \/>\n&#8211; Micr\u00f3fono desmontable y flexible.<br \/>\n&#8211; Cascos giratorios.<br \/>\n&#8211; Compatibilidad multiplataforma.<br \/>\n&#8211; Controles de volumen y silenciamiento<\/p>\n","protected":false},"featured_media":12970,"comment_status":"open","ping_status":"closed","template":"","meta":{"jetpack_publicize_message":"","jetpack_publicize_feature_enabled":true,"jetpack_social_post_already_shared":true,"jetpack_social_options":{"image_generator_settings":{"template":"highway","default_image_id":0,"font":"","enabled":false},"version":2}},"pwb-brand":[192],"product_brand":[],"product_cat":[25,23],"product_tag":[394],"class_list":{"0":"post-12968","1":"product","2":"type-product","3":"status-publish","4":"has-post-thumbnail","6":"pwb-brand-primus-gaming","7":"product_cat-audifonos-alambricos","8":"product_cat-audifonos-bluetooth","9":"product_tag-star-wars-the-mandalorian","11":"first","12":"onbackorder","13":"taxable","14":"shipping-taxable","15":"purchasable","16":"product-type-simple"},"yoast_head":"<!-- This site is optimized with the Yoast SEO Premium plugin v25.7.1 (Yoast SEO v26.8) - https:\/\/yoast.com\/product\/yoast-seo-premium-wordpress\/ -->\n<title>Kit Aud\u00edfonos Star Wars Mandalorian Primus - Mivoot<\/title>\n<meta name=\"robots\" content=\"index, follow, max-snippet:-1, max-image-preview:large, max-video-preview:-1\" \/>\n<link rel=\"canonical\" href=\"https:\/\/mivoot.com\/gt\/producto\/kit-audifonos-star-wars-mandalorian-primus\/\" \/>\n<meta property=\"og:locale\" content=\"es_ES\" \/>\n<meta property=\"og:type\" content=\"article\" \/>\n<meta property=\"og:title\" content=\"Kit Aud\u00edfonos Star Wars Mandalorian Primus\" \/>\n<meta property=\"og:description\" content=\"Auriculares Arcus 200s TWS - Tiempo de Carga: Estuche de carga + Audifonos 1.5Hrs - Bater\u00eda de los aud\u00edfonos 1H - True wireless earbuds inal\u00e1mbricos. - Micr\u00f3fono integrado.  Auriculares Arcus 100T Gaming Stereo - Al\u00e1mbrico. - Diadema autoajustable. - Cable trenzado, TRRS de 3,5mm - Micr\u00f3fono desmontable y flexible. - Cascos giratorios. - Compatibilidad multiplataforma. - Controles de volumen y silenciamiento\" \/>\n<meta property=\"og:url\" content=\"https:\/\/mivoot.com\/gt\/producto\/kit-audifonos-star-wars-mandalorian-primus\/\" \/>\n<meta property=\"og:site_name\" content=\"Mivoot\" \/>\n<meta property=\"article:publisher\" content=\"https:\/\/www.facebook.com\/mivootgt\" \/>\n<meta property=\"article:modified_time\" content=\"2024-03-26T19:01:41+00:00\" \/>\n<meta property=\"og:image\" content=\"https:\/\/mivoot.com\/gt\/wp-content\/uploads\/2023\/03\/ki1.jpg\" \/>\n\t<meta property=\"og:image:width\" content=\"400\" \/>\n\t<meta property=\"og:image:height\" content=\"340\" \/>\n\t<meta property=\"og:image:type\" content=\"image\/jpeg\" \/>\n<meta name=\"twitter:card\" content=\"summary_large_image\" \/>\n<meta name=\"twitter:label1\" content=\"Est. reading time\" \/>\n\t<meta name=\"twitter:data1\" content=\"2 minutos\" \/>\n<script type=\"application\/ld+json\" class=\"yoast-schema-graph\">{\"@context\":\"https:\/\/schema.org\",\"@graph\":[{\"@type\":\"WebPage\",\"@id\":\"https:\/\/mivoot.com\/gt\/producto\/kit-audifonos-star-wars-mandalorian-primus\/\",\"url\":\"https:\/\/mivoot.com\/gt\/producto\/kit-audifonos-star-wars-mandalorian-primus\/\",\"name\":\"Kit Aud\u00edfonos Star Wars Mandalorian Primus - Mivoot\",\"isPartOf\":{\"@id\":\"https:\/\/mivoot.com\/gt\/#website\"},\"primaryImageOfPage\":{\"@id\":\"https:\/\/mivoot.com\/gt\/producto\/kit-audifonos-star-wars-mandalorian-primus\/#primaryimage\"},\"image\":{\"@id\":\"https:\/\/mivoot.com\/gt\/producto\/kit-audifonos-star-wars-mandalorian-primus\/#primaryimage\"},\"thumbnailUrl\":\"https:\/\/mivoot.com\/gt\/wp-content\/uploads\/2023\/03\/ki1.jpg\",\"datePublished\":\"2023-03-24T03:53:26+00:00\",\"dateModified\":\"2024-03-26T19:01:41+00:00\",\"breadcrumb\":{\"@id\":\"https:\/\/mivoot.com\/gt\/producto\/kit-audifonos-star-wars-mandalorian-primus\/#breadcrumb\"},\"inLanguage\":\"es\",\"potentialAction\":[{\"@type\":\"ReadAction\",\"target\":[\"https:\/\/mivoot.com\/gt\/producto\/kit-audifonos-star-wars-mandalorian-primus\/\"]}]},{\"@type\":\"ImageObject\",\"inLanguage\":\"es\",\"@id\":\"https:\/\/mivoot.com\/gt\/producto\/kit-audifonos-star-wars-mandalorian-primus\/#primaryimage\",\"url\":\"https:\/\/mivoot.com\/gt\/wp-content\/uploads\/2023\/03\/ki1.jpg\",\"contentUrl\":\"https:\/\/mivoot.com\/gt\/wp-content\/uploads\/2023\/03\/ki1.jpg\",\"width\":400,\"height\":340},{\"@type\":\"BreadcrumbList\",\"@id\":\"https:\/\/mivoot.com\/gt\/producto\/kit-audifonos-star-wars-mandalorian-primus\/#breadcrumb\",\"itemListElement\":[{\"@type\":\"ListItem\",\"position\":1,\"name\":\"Inicio\",\"item\":\"https:\/\/mivoot.com\/gt\/\"},{\"@type\":\"ListItem\",\"position\":2,\"name\":\"Productos\",\"item\":\"https:\/\/mivoot.com\/gt\/producto\/\"},{\"@type\":\"ListItem\",\"position\":3,\"name\":\"Primus Gaming\",\"item\":\"https:\/\/mivoot.com\/gt\/marca\/primus-gaming\/\"},{\"@type\":\"ListItem\",\"position\":4,\"name\":\"Kit Aud\u00edfonos Star Wars Mandalorian Primus\"}]},{\"@type\":\"WebSite\",\"@id\":\"https:\/\/mivoot.com\/gt\/#website\",\"url\":\"https:\/\/mivoot.com\/gt\/\",\"name\":\"Mivoot\",\"description\":\"Mivoot Guatemala | Tienda Online\",\"publisher\":{\"@id\":\"https:\/\/mivoot.com\/gt\/#organization\"},\"alternateName\":\"mivoot\",\"potentialAction\":[{\"@type\":\"SearchAction\",\"target\":{\"@type\":\"EntryPoint\",\"urlTemplate\":\"https:\/\/mivoot.com\/gt\/?s={search_term_string}\"},\"query-input\":{\"@type\":\"PropertyValueSpecification\",\"valueRequired\":true,\"valueName\":\"search_term_string\"}}],\"inLanguage\":\"es\"},{\"@type\":\"Organization\",\"@id\":\"https:\/\/mivoot.com\/gt\/#organization\",\"name\":\"Mivoot Guatemala\",\"alternateName\":\"mivoot.com\",\"url\":\"https:\/\/mivoot.com\/gt\/\",\"logo\":{\"@type\":\"ImageObject\",\"inLanguage\":\"es\",\"@id\":\"https:\/\/mivoot.com\/gt\/#\/schema\/logo\/image\/\",\"url\":\"https:\/\/mivoot.com\/gt\/wp-content\/uploads\/2023\/03\/cropped-icon.png\",\"contentUrl\":\"https:\/\/mivoot.com\/gt\/wp-content\/uploads\/2023\/03\/cropped-icon.png\",\"width\":512,\"height\":512,\"caption\":\"Mivoot Guatemala\"},\"image\":{\"@id\":\"https:\/\/mivoot.com\/gt\/#\/schema\/logo\/image\/\"},\"sameAs\":[\"https:\/\/www.facebook.com\/mivootgt\",\"https:\/\/instagram.com\/mivoot\"]}]}<\/script>\n<!-- \/ Yoast SEO Premium plugin. -->","yoast_head_json":{"title":"Kit Aud\u00edfonos Star Wars Mandalorian Primus - Mivoot","robots":{"index":"index","follow":"follow","max-snippet":"max-snippet:-1","max-image-preview":"max-image-preview:large","max-video-preview":"max-video-preview:-1"},"canonical":"https:\/\/mivoot.com\/gt\/producto\/kit-audifonos-star-wars-mandalorian-primus\/","og_locale":"es_ES","og_type":"article","og_title":"Kit Aud\u00edfonos Star Wars Mandalorian Primus","og_description":"Auriculares Arcus 200s TWS - Tiempo de Carga: Estuche de carga + Audifonos 1.5Hrs - Bater\u00eda de los aud\u00edfonos 1H - True wireless earbuds inal\u00e1mbricos. - Micr\u00f3fono integrado.  Auriculares Arcus 100T Gaming Stereo - Al\u00e1mbrico. - Diadema autoajustable. - Cable trenzado, TRRS de 3,5mm - Micr\u00f3fono desmontable y flexible. - Cascos giratorios. - Compatibilidad multiplataforma. - Controles de volumen y silenciamiento","og_url":"https:\/\/mivoot.com\/gt\/producto\/kit-audifonos-star-wars-mandalorian-primus\/","og_site_name":"Mivoot","article_publisher":"https:\/\/www.facebook.com\/mivootgt","article_modified_time":"2024-03-26T19:01:41+00:00","og_image":[{"width":400,"height":340,"url":"https:\/\/mivoot.com\/gt\/wp-content\/uploads\/2023\/03\/ki1.jpg","type":"image\/jpeg"}],"twitter_card":"summary_large_image","twitter_misc":{"Est. reading time":"2 minutos"},"schema":{"@context":"https:\/\/schema.org","@graph":[{"@type":"WebPage","@id":"https:\/\/mivoot.com\/gt\/producto\/kit-audifonos-star-wars-mandalorian-primus\/","url":"https:\/\/mivoot.com\/gt\/producto\/kit-audifonos-star-wars-mandalorian-primus\/","name":"Kit Aud\u00edfonos Star Wars Mandalorian Primus - Mivoot","isPartOf":{"@id":"https:\/\/mivoot.com\/gt\/#website"},"primaryImageOfPage":{"@id":"https:\/\/mivoot.com\/gt\/producto\/kit-audifonos-star-wars-mandalorian-primus\/#primaryimage"},"image":{"@id":"https:\/\/mivoot.com\/gt\/producto\/kit-audifonos-star-wars-mandalorian-primus\/#primaryimage"},"thumbnailUrl":"https:\/\/mivoot.com\/gt\/wp-content\/uploads\/2023\/03\/ki1.jpg","datePublished":"2023-03-24T03:53:26+00:00","dateModified":"2024-03-26T19:01:41+00:00","breadcrumb":{"@id":"https:\/\/mivoot.com\/gt\/producto\/kit-audifonos-star-wars-mandalorian-primus\/#breadcrumb"},"inLanguage":"es","potentialAction":[{"@type":"ReadAction","target":["https:\/\/mivoot.com\/gt\/producto\/kit-audifonos-star-wars-mandalorian-primus\/"]}]},{"@type":"ImageObject","inLanguage":"es","@id":"https:\/\/mivoot.com\/gt\/producto\/kit-audifonos-star-wars-mandalorian-primus\/#primaryimage","url":"https:\/\/mivoot.com\/gt\/wp-content\/uploads\/2023\/03\/ki1.jpg","contentUrl":"https:\/\/mivoot.com\/gt\/wp-content\/uploads\/2023\/03\/ki1.jpg","width":400,"height":340},{"@type":"BreadcrumbList","@id":"https:\/\/mivoot.com\/gt\/producto\/kit-audifonos-star-wars-mandalorian-primus\/#breadcrumb","itemListElement":[{"@type":"ListItem","position":1,"name":"Inicio","item":"https:\/\/mivoot.com\/gt\/"},{"@type":"ListItem","position":2,"name":"Productos","item":"https:\/\/mivoot.com\/gt\/producto\/"},{"@type":"ListItem","position":3,"name":"Primus Gaming","item":"https:\/\/mivoot.com\/gt\/marca\/primus-gaming\/"},{"@type":"ListItem","position":4,"name":"Kit Aud\u00edfonos Star Wars Mandalorian Primus"}]},{"@type":"WebSite","@id":"https:\/\/mivoot.com\/gt\/#website","url":"https:\/\/mivoot.com\/gt\/","name":"Mivoot","description":"Mivoot Guatemala | Tienda Online","publisher":{"@id":"https:\/\/mivoot.com\/gt\/#organization"},"alternateName":"mivoot","potentialAction":[{"@type":"SearchAction","target":{"@type":"EntryPoint","urlTemplate":"https:\/\/mivoot.com\/gt\/?s={search_term_string}"},"query-input":{"@type":"PropertyValueSpecification","valueRequired":true,"valueName":"search_term_string"}}],"inLanguage":"es"},{"@type":"Organization","@id":"https:\/\/mivoot.com\/gt\/#organization","name":"Mivoot Guatemala","alternateName":"mivoot.com","url":"https:\/\/mivoot.com\/gt\/","logo":{"@type":"ImageObject","inLanguage":"es","@id":"https:\/\/mivoot.com\/gt\/#\/schema\/logo\/image\/","url":"https:\/\/mivoot.com\/gt\/wp-content\/uploads\/2023\/03\/cropped-icon.png","contentUrl":"https:\/\/mivoot.com\/gt\/wp-content\/uploads\/2023\/03\/cropped-icon.png","width":512,"height":512,"caption":"Mivoot Guatemala"},"image":{"@id":"https:\/\/mivoot.com\/gt\/#\/schema\/logo\/image\/"},"sameAs":["https:\/\/www.facebook.com\/mivootgt","https:\/\/instagram.com\/mivoot"]}]}},"jetpack_publicize_connections":[],"jetpack_sharing_enabled":true,"brands":[{"id":192,"name":"Primus Gaming","slug":"primus-gaming"}],"_links":{"self":[{"href":"https:\/\/mivoot.com\/gt\/wp-json\/wp\/v2\/product\/12968","targetHints":{"allow":["GET"]}}],"collection":[{"href":"https:\/\/mivoot.com\/gt\/wp-json\/wp\/v2\/product"}],"about":[{"href":"https:\/\/mivoot.com\/gt\/wp-json\/wp\/v2\/types\/product"}],"replies":[{"embeddable":true,"href":"https:\/\/mivoot.com\/gt\/wp-json\/wp\/v2\/comments?post=12968"}],"version-history":[{"count":1,"href":"https:\/\/mivoot.com\/gt\/wp-json\/wp\/v2\/product\/12968\/revisions"}],"predecessor-version":[{"id":12976,"href":"https:\/\/mivoot.com\/gt\/wp-json\/wp\/v2\/product\/12968\/revisions\/12976"}],"wp:featuredmedia":[{"embeddable":true,"href":"https:\/\/mivoot.com\/gt\/wp-json\/wp\/v2\/media\/12970"}],"wp:attachment":[{"href":"https:\/\/mivoot.com\/gt\/wp-json\/wp\/v2\/media?parent=12968"}],"wp:term":[{"taxonomy":"pwb-brand","embeddable":true,"href":"https:\/\/mivoot.com\/gt\/wp-json\/wp\/v2\/pwb-brand?post=12968"},{"taxonomy":"product_brand","embeddable":true,"href":"https:\/\/mivoot.com\/gt\/wp-json\/wp\/v2\/product_brand?post=12968"},{"taxonomy":"product_cat","embeddable":true,"href":"https:\/\/mivoot.com\/gt\/wp-json\/wp\/v2\/product_cat?post=12968"},{"taxonomy":"product_tag","embeddable":true,"href":"https:\/\/mivoot.com\/gt\/wp-json\/wp\/v2\/product_tag?post=12968"}],"curies":[{"name":"wp","href":"https:\/\/api.w.org\/{rel}","templated":true}]}}