{"id":12977,"date":"2023-03-23T22:04:07","date_gmt":"2023-03-24T04:04:07","guid":{"rendered":"https:\/\/mivoot.com\/gt\/?post_type=product&#038;p=12977"},"modified":"2025-02-01T20:54:38","modified_gmt":"2025-02-02T02:54:38","slug":"audifonos-gaming-star-wars-the-mandalorian-arcus100t-primus","status":"publish","type":"product","link":"https:\/\/mivoot.com\/gt\/producto\/audifonos-gaming-star-wars-the-mandalorian-arcus100t-primus\/","title":{"rendered":"Aud\u00edfonos Gaming Star Wars The Mandalorian Arcus100T Primus"},"content":{"rendered":"<p>El comienzo de una aventura alucinante.<\/p>\n<p>Ostenta microparlantes de 50mm de alta precisi\u00f3n -la nitidez del audio, a la par con el preciso posicionamiento del sonido, crea una atm\u00f3sfera espectacular durante el juego.<\/p>\n<p>Ingenioso dise\u00f1o flotante -la banda el\u00e1stica modula autom\u00e1ticamente la tensi\u00f3n en el \u00f3ptimo nivel, aliviando la presi\u00f3n excesiva durante el uso<\/p>\n<table width=\"1421\">\n<tbody>\n<tr>\n<td>\n<div class=\"title-banner\" data-v-51bd3e9c=\"\">POTENTES MICROPARLANTES DE 50MM, DE ALTA PRECISI\u00d3N<\/div>\n<p><img decoding=\"async\" class=\"customsection-sep\" title=\"separador\" src=\"https:\/\/i0.wp.com\/primusgaming-frontend.s3.amazonaws.com\/media\/img\/franja-titulos.png?w=1020&amp;ssl=1\" alt=\"franja-titulos.png\" width=\"302\" height=\"3\" data-v-51bd3e9c=\"\" \/><\/p>\n<div class=\"text-banner\" data-v-51bd3e9c=\"\">Al impartir un sonido m\u00e1s n\u00edtido, equilibrado y con una impresionante acentuaci\u00f3n de graves, son capaces de crear una atm\u00f3sfera virtual mucho m\u00e1s cautivante e inmersiva durante el juego.<\/div>\n<div class=\"text-banner\" data-v-51bd3e9c=\"\"><\/div>\n<div class=\"text-banner\" data-v-51bd3e9c=\"\"><img fetchpriority=\"high\" decoding=\"async\" class=\"\" src=\"https:\/\/i0.wp.com\/primusgaming-frontend.s3.amazonaws.com\/media\/img\/banner-arcus100t-3-dk.png?resize=443%2C271&amp;ssl=1\" alt=\"banner-arcus100t-3-dk.png\" width=\"443\" height=\"271\" data-recalc-dims=\"1\" \/><\/div>\n<\/td>\n<td>\n<div class=\"title-banner\" data-v-51bd3e9c=\"\">MICR\u00d3FONO OMNIDIRECCIONAL<\/div>\n<p><img decoding=\"async\" class=\"customsection-sep\" title=\"separador\" src=\"https:\/\/i0.wp.com\/primusgaming-frontend.s3.amazonaws.com\/media\/img\/franja-titulos.png?w=1020&amp;ssl=1\" alt=\"franja-titulos.png\" width=\"302\" height=\"3\" data-v-51bd3e9c=\"\" \/><\/p>\n<div class=\"text-banner\" data-v-51bd3e9c=\"\">Flexible y totalmente desmontable, permite ajustarlo en la posici\u00f3n exacta o quitarlo con facilidad cuando no se necesita<\/div>\n<div class=\"text-banner\" data-v-51bd3e9c=\"\"><\/div>\n<div class=\"text-banner\" data-v-51bd3e9c=\"\"><img decoding=\"async\" class=\"\" src=\"https:\/\/i0.wp.com\/www.primusgaming.com\/animaciones\/diadema-3.png?resize=424%2C162&amp;ssl=1\" alt=\"diadema-3.png\" width=\"424\" height=\"162\" data-recalc-dims=\"1\" \/><\/div>\n<\/td>\n<td>\n<div class=\"title-banner\" data-v-51bd3e9c=\"\">PR\u00c1CTICA C\u00c1PSULA DE CONTROL EN L\u00cdNEA<\/div>\n<p><img decoding=\"async\" class=\"customsection-sep\" title=\"separador\" src=\"https:\/\/i0.wp.com\/primusgaming-frontend.s3.amazonaws.com\/media\/img\/franja-titulos.png?w=1020&amp;ssl=1\" alt=\"franja-titulos.png\" width=\"302\" height=\"3\" data-v-51bd3e9c=\"\" \/><\/p>\n<div class=\"text-banner\" data-v-51bd3e9c=\"\">Siempre est\u00e1 a tu alcance para regular el volumen, as\u00ed como para enmudecer el micr\u00f3fono cuando no quieras que los dem\u00e1s te escuchen<\/div>\n<div class=\"text-banner\" data-v-51bd3e9c=\"\"><\/div>\n<div class=\"text-banner\" data-v-51bd3e9c=\"\"><img loading=\"lazy\" decoding=\"async\" src=\"https:\/\/i0.wp.com\/primusgaming-frontend.s3.amazonaws.com\/media\/img\/banner-arcus100t-5-dk.png?w=1020&amp;ssl=1\" alt=\"banner-arcus100t-5-dk.png\" width=\"680\" height=\"550\" \/><\/div>\n<\/td>\n<\/tr>\n<tr>\n<td>\n<div class=\"title-banner\" data-v-51bd3e9c=\"\">\n<div class=\"title-banner\" data-v-51bd3e9c=\"\">COMPATIBILIDAD CON DIVERSAS PLATAFORMAS<\/div>\n<p><img decoding=\"async\" class=\"customsection-sep\" title=\"separador\" src=\"https:\/\/i0.wp.com\/primusgaming-frontend.s3.amazonaws.com\/media\/img\/franja-titulos.png?w=1020&amp;ssl=1\" alt=\"franja-titulos.png\" width=\"302\" height=\"3\" data-v-51bd3e9c=\"\" \/><\/p>\n<div class=\"text-banner\" data-v-51bd3e9c=\"\">\n<p>Los auriculares funcionan con PCs, computadoras port\u00e1tiles y consolas<\/p>\n<ul>\n<li>Cuenta con un cable \u00fanico TRRS para la conexi\u00f3n a cualquier dispositivo compatible de 3,5mm<\/li>\n<li>Incluye adaptador de dos conectores TRS para utilizarlo tambi\u00e9n con un PC de escritori<\/li>\n<\/ul>\n<p><img loading=\"lazy\" decoding=\"async\" class=\"\" src=\"https:\/\/i0.wp.com\/primusgaming-frontend.s3.amazonaws.com\/media\/img\/banner-arcus100t-6-dk.png?resize=444%2C288&amp;ssl=1\" alt=\"banner-arcus100t-6-dk.png\" width=\"444\" height=\"288\" data-recalc-dims=\"1\" \/><\/p>\n<\/div>\n<\/div>\n<\/td>\n<td>\n<div class=\"text-banner\" data-v-51bd3e9c=\"\">\n<div class=\"title-banner\" data-v-51bd3e9c=\"\">C\u00c1PSULAS GIRATORIAS<\/div>\n<p><img decoding=\"async\" class=\"customsection-sep\" title=\"separador\" src=\"https:\/\/i0.wp.com\/primusgaming-frontend.s3.amazonaws.com\/media\/img\/franja-titulos.png?w=1020&amp;ssl=1\" alt=\"franja-titulos.png\" width=\"302\" height=\"3\" data-v-51bd3e9c=\"\" \/><\/p>\n<div class=\"text-banner\" data-v-51bd3e9c=\"\">Las c\u00e1psulas con acolchado ultrasuave de cuerina se pliegan 90 grados para su f\u00e1cil transporte<\/div>\n<div data-v-51bd3e9c=\"\"><img loading=\"lazy\" decoding=\"async\" src=\"https:\/\/i0.wp.com\/primusgaming-frontend.s3.amazonaws.com\/media\/img\/banner-arcus100t-7-dk.png?w=1020&amp;ssl=1\" alt=\"banner-arcus100t-7-dk.png\" width=\"814\" height=\"551\" \/><\/div>\n<\/div>\n<\/td>\n<td>\n<div class=\"title-banner\" data-v-51bd3e9c=\"\">\n<div class=\"title-banner\" data-v-51bd3e9c=\"\">CONCEBIDOS PARA EL COMBATE<\/div>\n<p><img decoding=\"async\" class=\"customsection-sep\" title=\"separador\" src=\"https:\/\/i0.wp.com\/primusgaming-frontend.s3.amazonaws.com\/media\/img\/franja-titulos.png?w=1020&amp;ssl=1\" alt=\"franja-titulos.png\" width=\"302\" height=\"3\" data-v-51bd3e9c=\"\" \/><\/p>\n<div class=\"text-banner\" data-v-51bd3e9c=\"\">Cuenta con una estructura durable y muy liviana, la cual incluye un cable de conexi\u00f3n resistente que evita la formaci\u00f3n de nudos<\/div>\n<\/div>\n<p><img loading=\"lazy\" decoding=\"async\" src=\"https:\/\/i0.wp.com\/primusgaming-frontend.s3.amazonaws.com\/media\/img\/banner-arcus100t-8-dk.png?w=1020&amp;ssl=1\" alt=\"banner-arcus100t-8-dk.png\" width=\"785\" height=\"550\" \/><\/td>\n<\/tr>\n<\/tbody>\n<\/table>\n<table>\n<tbody>\n<tr>\n<td>\n<div class=\"text-banner\" data-v-51bd3e9c=\"\">\n<ul>\n<li>\n<div class=\"title-banner\" data-v-51bd3e9c=\"\">CONTENIDO DE LA CAJA<\/div>\n<p><img decoding=\"async\" class=\"customsection-sep\" title=\"separador\" src=\"https:\/\/i0.wp.com\/primusgaming-frontend.s3.amazonaws.com\/media\/img\/franja-titulos.png?w=1020&amp;ssl=1\" alt=\"franja-titulos.png\" width=\"302\" height=\"3\" data-v-51bd3e9c=\"\" \/><\/p>\n<div class=\"text-banner\" data-v-51bd3e9c=\"\">\n<ul>\n<li>Auriculares para videojuegos<\/li>\n<li>Cable adaptador de 3,5mm, de TRRS a TRS<\/li>\n<li>Gu\u00eda de configuraci\u00f3n r\u00e1pida<\/li>\n<li>Calcoman\u00eda con el logo de Primus<sup>\u00ae<\/sup><\/li>\n<li>Certificado de Autenticidad<\/li>\n<li>Pin coleccionable<\/li>\n<\/ul>\n<\/div>\n<p><img loading=\"lazy\" decoding=\"async\" class=\"\" src=\"https:\/\/i0.wp.com\/primusgaming-frontend.s3.amazonaws.com\/media\/img\/banner-arcus100t-9-dk.png?resize=316%2C263&amp;ssl=1\" alt=\"banner-arcus100t-9-dk.png\" width=\"316\" height=\"263\" data-recalc-dims=\"1\" \/><\/li>\n<\/ul>\n<\/div>\n<\/td>\n<\/tr>\n<\/tbody>\n<\/table>\n<div id=\"jp-relatedposts\" class=\"jp-relatedposts\"><\/div>\n","protected":false},"excerpt":{"rendered":"<p>Al\u00e1mbrico.<br \/>\nAuriculares para juegos<br \/>\nDiadema autoajustable.<br \/>\nCable trenzado, TRRS de 3,5mm<br \/>\nMicr\u00f3fono desmontable y flexible.<br \/>\nCascos giratorios.<br \/>\nCompatibilidad multiplataforma.<br \/>\nControles de volumen y silenciamiento.<\/p>\n","protected":false},"featured_media":12979,"comment_status":"open","ping_status":"closed","template":"","meta":{"jetpack_publicize_message":"","jetpack_publicize_feature_enabled":true,"jetpack_social_post_already_shared":true,"jetpack_social_options":{"image_generator_settings":{"template":"highway","default_image_id":0,"font":"","enabled":false},"version":2}},"pwb-brand":[192],"product_brand":[],"product_cat":[25],"product_tag":[394],"class_list":{"0":"post-12977","1":"product","2":"type-product","3":"status-publish","4":"has-post-thumbnail","6":"pwb-brand-primus-gaming","7":"product_cat-audifonos-alambricos","8":"product_tag-star-wars-the-mandalorian","10":"first","11":"onbackorder","12":"taxable","13":"shipping-taxable","14":"purchasable","15":"product-type-simple"},"yoast_head":"<!-- This site is optimized with the Yoast SEO Premium plugin v25.7.1 (Yoast SEO v26.8) - https:\/\/yoast.com\/product\/yoast-seo-premium-wordpress\/ -->\n<title>Aud\u00edfonos Gaming Star Wars The Mandalorian Arcus100T Primus - Mivoot<\/title>\n<meta name=\"robots\" content=\"index, follow, max-snippet:-1, max-image-preview:large, max-video-preview:-1\" \/>\n<link rel=\"canonical\" href=\"https:\/\/mivoot.com\/gt\/producto\/audifonos-gaming-star-wars-the-mandalorian-arcus100t-primus\/\" \/>\n<meta property=\"og:locale\" content=\"es_ES\" \/>\n<meta property=\"og:type\" content=\"article\" \/>\n<meta property=\"og:title\" content=\"Aud\u00edfonos Gaming Star Wars The Mandalorian Arcus100T Primus\" \/>\n<meta property=\"og:description\" content=\"Al\u00e1mbrico. Auriculares para juegos Diadema autoajustable. Cable trenzado, TRRS de 3,5mm Micr\u00f3fono desmontable y flexible. Cascos giratorios. Compatibilidad multiplataforma. Controles de volumen y silenciamiento.\" \/>\n<meta property=\"og:url\" content=\"https:\/\/mivoot.com\/gt\/producto\/audifonos-gaming-star-wars-the-mandalorian-arcus100t-primus\/\" \/>\n<meta property=\"og:site_name\" content=\"Mivoot\" \/>\n<meta property=\"article:publisher\" content=\"https:\/\/www.facebook.com\/mivootgt\" \/>\n<meta property=\"article:modified_time\" content=\"2025-02-02T02:54:38+00:00\" \/>\n<meta property=\"og:image\" content=\"https:\/\/mivoot.com\/gt\/wp-content\/uploads\/2023\/03\/2-130.webp\" \/>\n\t<meta property=\"og:image:width\" content=\"510\" \/>\n\t<meta property=\"og:image:height\" content=\"510\" \/>\n\t<meta property=\"og:image:type\" content=\"image\/webp\" \/>\n<meta name=\"twitter:card\" content=\"summary_large_image\" \/>\n<meta name=\"twitter:label1\" content=\"Est. reading time\" \/>\n\t<meta name=\"twitter:data1\" content=\"4 minutos\" \/>\n<script type=\"application\/ld+json\" class=\"yoast-schema-graph\">{\"@context\":\"https:\/\/schema.org\",\"@graph\":[{\"@type\":\"WebPage\",\"@id\":\"https:\/\/mivoot.com\/gt\/producto\/audifonos-gaming-star-wars-the-mandalorian-arcus100t-primus\/\",\"url\":\"https:\/\/mivoot.com\/gt\/producto\/audifonos-gaming-star-wars-the-mandalorian-arcus100t-primus\/\",\"name\":\"Aud\u00edfonos Gaming Star Wars The Mandalorian Arcus100T Primus - Mivoot\",\"isPartOf\":{\"@id\":\"https:\/\/mivoot.com\/gt\/#website\"},\"primaryImageOfPage\":{\"@id\":\"https:\/\/mivoot.com\/gt\/producto\/audifonos-gaming-star-wars-the-mandalorian-arcus100t-primus\/#primaryimage\"},\"image\":{\"@id\":\"https:\/\/mivoot.com\/gt\/producto\/audifonos-gaming-star-wars-the-mandalorian-arcus100t-primus\/#primaryimage\"},\"thumbnailUrl\":\"https:\/\/mivoot.com\/gt\/wp-content\/uploads\/2023\/03\/2-130.webp\",\"datePublished\":\"2023-03-24T04:04:07+00:00\",\"dateModified\":\"2025-02-02T02:54:38+00:00\",\"breadcrumb\":{\"@id\":\"https:\/\/mivoot.com\/gt\/producto\/audifonos-gaming-star-wars-the-mandalorian-arcus100t-primus\/#breadcrumb\"},\"inLanguage\":\"es\",\"potentialAction\":[{\"@type\":\"ReadAction\",\"target\":[\"https:\/\/mivoot.com\/gt\/producto\/audifonos-gaming-star-wars-the-mandalorian-arcus100t-primus\/\"]}]},{\"@type\":\"ImageObject\",\"inLanguage\":\"es\",\"@id\":\"https:\/\/mivoot.com\/gt\/producto\/audifonos-gaming-star-wars-the-mandalorian-arcus100t-primus\/#primaryimage\",\"url\":\"https:\/\/mivoot.com\/gt\/wp-content\/uploads\/2023\/03\/2-130.webp\",\"contentUrl\":\"https:\/\/mivoot.com\/gt\/wp-content\/uploads\/2023\/03\/2-130.webp\",\"width\":510,\"height\":510},{\"@type\":\"BreadcrumbList\",\"@id\":\"https:\/\/mivoot.com\/gt\/producto\/audifonos-gaming-star-wars-the-mandalorian-arcus100t-primus\/#breadcrumb\",\"itemListElement\":[{\"@type\":\"ListItem\",\"position\":1,\"name\":\"Inicio\",\"item\":\"https:\/\/mivoot.com\/gt\/\"},{\"@type\":\"ListItem\",\"position\":2,\"name\":\"Productos\",\"item\":\"https:\/\/mivoot.com\/gt\/producto\/\"},{\"@type\":\"ListItem\",\"position\":3,\"name\":\"Primus Gaming\",\"item\":\"https:\/\/mivoot.com\/gt\/marca\/primus-gaming\/\"},{\"@type\":\"ListItem\",\"position\":4,\"name\":\"Aud\u00edfonos Gaming Star Wars The Mandalorian Arcus100T Primus\"}]},{\"@type\":\"WebSite\",\"@id\":\"https:\/\/mivoot.com\/gt\/#website\",\"url\":\"https:\/\/mivoot.com\/gt\/\",\"name\":\"Mivoot\",\"description\":\"Mivoot Guatemala | Tienda Online\",\"publisher\":{\"@id\":\"https:\/\/mivoot.com\/gt\/#organization\"},\"alternateName\":\"mivoot\",\"potentialAction\":[{\"@type\":\"SearchAction\",\"target\":{\"@type\":\"EntryPoint\",\"urlTemplate\":\"https:\/\/mivoot.com\/gt\/?s={search_term_string}\"},\"query-input\":{\"@type\":\"PropertyValueSpecification\",\"valueRequired\":true,\"valueName\":\"search_term_string\"}}],\"inLanguage\":\"es\"},{\"@type\":\"Organization\",\"@id\":\"https:\/\/mivoot.com\/gt\/#organization\",\"name\":\"Mivoot Guatemala\",\"alternateName\":\"mivoot.com\",\"url\":\"https:\/\/mivoot.com\/gt\/\",\"logo\":{\"@type\":\"ImageObject\",\"inLanguage\":\"es\",\"@id\":\"https:\/\/mivoot.com\/gt\/#\/schema\/logo\/image\/\",\"url\":\"https:\/\/mivoot.com\/gt\/wp-content\/uploads\/2023\/03\/cropped-icon.png\",\"contentUrl\":\"https:\/\/mivoot.com\/gt\/wp-content\/uploads\/2023\/03\/cropped-icon.png\",\"width\":512,\"height\":512,\"caption\":\"Mivoot Guatemala\"},\"image\":{\"@id\":\"https:\/\/mivoot.com\/gt\/#\/schema\/logo\/image\/\"},\"sameAs\":[\"https:\/\/www.facebook.com\/mivootgt\",\"https:\/\/instagram.com\/mivoot\"]}]}<\/script>\n<!-- \/ Yoast SEO Premium plugin. -->","yoast_head_json":{"title":"Aud\u00edfonos Gaming Star Wars The Mandalorian Arcus100T Primus - Mivoot","robots":{"index":"index","follow":"follow","max-snippet":"max-snippet:-1","max-image-preview":"max-image-preview:large","max-video-preview":"max-video-preview:-1"},"canonical":"https:\/\/mivoot.com\/gt\/producto\/audifonos-gaming-star-wars-the-mandalorian-arcus100t-primus\/","og_locale":"es_ES","og_type":"article","og_title":"Aud\u00edfonos Gaming Star Wars The Mandalorian Arcus100T Primus","og_description":"Al\u00e1mbrico. Auriculares para juegos Diadema autoajustable. Cable trenzado, TRRS de 3,5mm Micr\u00f3fono desmontable y flexible. Cascos giratorios. Compatibilidad multiplataforma. Controles de volumen y silenciamiento.","og_url":"https:\/\/mivoot.com\/gt\/producto\/audifonos-gaming-star-wars-the-mandalorian-arcus100t-primus\/","og_site_name":"Mivoot","article_publisher":"https:\/\/www.facebook.com\/mivootgt","article_modified_time":"2025-02-02T02:54:38+00:00","og_image":[{"width":510,"height":510,"url":"https:\/\/mivoot.com\/gt\/wp-content\/uploads\/2023\/03\/2-130.webp","type":"image\/webp"}],"twitter_card":"summary_large_image","twitter_misc":{"Est. reading time":"4 minutos"},"schema":{"@context":"https:\/\/schema.org","@graph":[{"@type":"WebPage","@id":"https:\/\/mivoot.com\/gt\/producto\/audifonos-gaming-star-wars-the-mandalorian-arcus100t-primus\/","url":"https:\/\/mivoot.com\/gt\/producto\/audifonos-gaming-star-wars-the-mandalorian-arcus100t-primus\/","name":"Aud\u00edfonos Gaming Star Wars The Mandalorian Arcus100T Primus - Mivoot","isPartOf":{"@id":"https:\/\/mivoot.com\/gt\/#website"},"primaryImageOfPage":{"@id":"https:\/\/mivoot.com\/gt\/producto\/audifonos-gaming-star-wars-the-mandalorian-arcus100t-primus\/#primaryimage"},"image":{"@id":"https:\/\/mivoot.com\/gt\/producto\/audifonos-gaming-star-wars-the-mandalorian-arcus100t-primus\/#primaryimage"},"thumbnailUrl":"https:\/\/mivoot.com\/gt\/wp-content\/uploads\/2023\/03\/2-130.webp","datePublished":"2023-03-24T04:04:07+00:00","dateModified":"2025-02-02T02:54:38+00:00","breadcrumb":{"@id":"https:\/\/mivoot.com\/gt\/producto\/audifonos-gaming-star-wars-the-mandalorian-arcus100t-primus\/#breadcrumb"},"inLanguage":"es","potentialAction":[{"@type":"ReadAction","target":["https:\/\/mivoot.com\/gt\/producto\/audifonos-gaming-star-wars-the-mandalorian-arcus100t-primus\/"]}]},{"@type":"ImageObject","inLanguage":"es","@id":"https:\/\/mivoot.com\/gt\/producto\/audifonos-gaming-star-wars-the-mandalorian-arcus100t-primus\/#primaryimage","url":"https:\/\/mivoot.com\/gt\/wp-content\/uploads\/2023\/03\/2-130.webp","contentUrl":"https:\/\/mivoot.com\/gt\/wp-content\/uploads\/2023\/03\/2-130.webp","width":510,"height":510},{"@type":"BreadcrumbList","@id":"https:\/\/mivoot.com\/gt\/producto\/audifonos-gaming-star-wars-the-mandalorian-arcus100t-primus\/#breadcrumb","itemListElement":[{"@type":"ListItem","position":1,"name":"Inicio","item":"https:\/\/mivoot.com\/gt\/"},{"@type":"ListItem","position":2,"name":"Productos","item":"https:\/\/mivoot.com\/gt\/producto\/"},{"@type":"ListItem","position":3,"name":"Primus Gaming","item":"https:\/\/mivoot.com\/gt\/marca\/primus-gaming\/"},{"@type":"ListItem","position":4,"name":"Aud\u00edfonos Gaming Star Wars The Mandalorian Arcus100T Primus"}]},{"@type":"WebSite","@id":"https:\/\/mivoot.com\/gt\/#website","url":"https:\/\/mivoot.com\/gt\/","name":"Mivoot","description":"Mivoot Guatemala | Tienda Online","publisher":{"@id":"https:\/\/mivoot.com\/gt\/#organization"},"alternateName":"mivoot","potentialAction":[{"@type":"SearchAction","target":{"@type":"EntryPoint","urlTemplate":"https:\/\/mivoot.com\/gt\/?s={search_term_string}"},"query-input":{"@type":"PropertyValueSpecification","valueRequired":true,"valueName":"search_term_string"}}],"inLanguage":"es"},{"@type":"Organization","@id":"https:\/\/mivoot.com\/gt\/#organization","name":"Mivoot Guatemala","alternateName":"mivoot.com","url":"https:\/\/mivoot.com\/gt\/","logo":{"@type":"ImageObject","inLanguage":"es","@id":"https:\/\/mivoot.com\/gt\/#\/schema\/logo\/image\/","url":"https:\/\/mivoot.com\/gt\/wp-content\/uploads\/2023\/03\/cropped-icon.png","contentUrl":"https:\/\/mivoot.com\/gt\/wp-content\/uploads\/2023\/03\/cropped-icon.png","width":512,"height":512,"caption":"Mivoot Guatemala"},"image":{"@id":"https:\/\/mivoot.com\/gt\/#\/schema\/logo\/image\/"},"sameAs":["https:\/\/www.facebook.com\/mivootgt","https:\/\/instagram.com\/mivoot"]}]}},"jetpack_publicize_connections":[],"jetpack_sharing_enabled":true,"brands":[{"id":192,"name":"Primus Gaming","slug":"primus-gaming"}],"_links":{"self":[{"href":"https:\/\/mivoot.com\/gt\/wp-json\/wp\/v2\/product\/12977","targetHints":{"allow":["GET"]}}],"collection":[{"href":"https:\/\/mivoot.com\/gt\/wp-json\/wp\/v2\/product"}],"about":[{"href":"https:\/\/mivoot.com\/gt\/wp-json\/wp\/v2\/types\/product"}],"replies":[{"embeddable":true,"href":"https:\/\/mivoot.com\/gt\/wp-json\/wp\/v2\/comments?post=12977"}],"version-history":[{"count":1,"href":"https:\/\/mivoot.com\/gt\/wp-json\/wp\/v2\/product\/12977\/revisions"}],"predecessor-version":[{"id":12985,"href":"https:\/\/mivoot.com\/gt\/wp-json\/wp\/v2\/product\/12977\/revisions\/12985"}],"wp:featuredmedia":[{"embeddable":true,"href":"https:\/\/mivoot.com\/gt\/wp-json\/wp\/v2\/media\/12979"}],"wp:attachment":[{"href":"https:\/\/mivoot.com\/gt\/wp-json\/wp\/v2\/media?parent=12977"}],"wp:term":[{"taxonomy":"pwb-brand","embeddable":true,"href":"https:\/\/mivoot.com\/gt\/wp-json\/wp\/v2\/pwb-brand?post=12977"},{"taxonomy":"product_brand","embeddable":true,"href":"https:\/\/mivoot.com\/gt\/wp-json\/wp\/v2\/product_brand?post=12977"},{"taxonomy":"product_cat","embeddable":true,"href":"https:\/\/mivoot.com\/gt\/wp-json\/wp\/v2\/product_cat?post=12977"},{"taxonomy":"product_tag","embeddable":true,"href":"https:\/\/mivoot.com\/gt\/wp-json\/wp\/v2\/product_tag?post=12977"}],"curies":[{"name":"wp","href":"https:\/\/api.w.org\/{rel}","templated":true}]}}