{"id":13196,"date":"2023-03-26T15:37:05","date_gmt":"2023-03-26T21:37:05","guid":{"rendered":"https:\/\/mivoot.com\/gt\/?post_type=product&#038;p=13196"},"modified":"2023-03-26T15:37:07","modified_gmt":"2023-03-26T21:37:07","slug":"camara-domo-turbo-hd-fija-2mp-ir-20m-colorvu-hikvision","status":"publish","type":"product","link":"https:\/\/mivoot.com\/gt\/producto\/camara-domo-turbo-hd-fija-2mp-ir-20m-colorvu-hikvision\/","title":{"rendered":"C\u00e1mara Domo Turbo HD Fija 2MP IR 20m ColorVu Hikvision"},"content":{"rendered":"<h1 class=\"product_name \"><img decoding=\"async\" src=\"https:\/\/ftp3.syscom.mx\/usuarios\/xguereque\/Imagenes\/hikvision\/colorvu-2.jpg\" \/><\/h1>\n<div class=\"product-manufacturer pro_extra_info flex_container\">\n<p><span class=\"tech-specs-items-description__title--heading\"><span>C\u00e1mara<\/span><\/span><\/p>\n<ul class=\"tech-specs-items-description\" data-target=\"Camera\">\n<li class=\"tech-specs-items-description-list\"><span class=\"tech-specs-items-description__title\">Sensor De Imagen<\/span><span class=\"tech-specs-items-description__title-details\"><span>CMOS de 2 megap\u00edxeles<\/span><\/span><\/li>\n<li class=\"tech-specs-items-description-list\"><span class=\"tech-specs-items-description__title\">Max. Resoluci\u00f3n<\/span><span class=\"tech-specs-items-description__title-details\"><span>1920 (H) \u00d7 1080 (V)<\/span><\/span><\/li>\n<li class=\"tech-specs-items-description-list\"><span class=\"tech-specs-items-description__title\">Iluminaci\u00f3n M\u00ednima<\/span><span class=\"tech-specs-items-description__title-details\"><span>0.0005 Lux @ (F1.0, AGC ON), 0 Lux con luz blanca ON<\/span><\/span><\/li>\n<li class=\"tech-specs-items-description-list\"><span class=\"tech-specs-items-description__title\">Tiempo De Obturaci\u00f3n<\/span><span class=\"tech-specs-items-description__title-details\"><span>PAL: 1\/25 s a 1\/50 000 s; NTSC: 1\/30 s a 1\/50 000 s<\/span><\/span><\/li>\n<li class=\"tech-specs-items-description-list\"><span class=\"tech-specs-items-description__title\">D\u00eda Y Noche<\/span><span class=\"tech-specs-items-description__title-details\"><span>Im\u00e1genes en color 24\/7<\/span><\/span><\/li>\n<li class=\"tech-specs-items-description-list\"><span class=\"tech-specs-items-description__title\">Ajuste De \u00c1ngulo<\/span><span class=\"tech-specs-items-description__title-details\"><span>Panor\u00e1mica: 0\u00b0 a 360\u00b0, Inclinaci\u00f3n: 0\u00b0 a 75\u00b0, Rotaci\u00f3n: 0\u00b0 a 360\u00b0<\/span><\/span><\/li>\n<li class=\"tech-specs-items-description-list\"><span class=\"tech-specs-items-description__title\">Se\u00f1al Del Sistema<\/span><span class=\"tech-specs-items-description__title-details\"><span>PAL\/NTSC<\/span><\/span><\/li>\n<li class=\"tech-specs-items-description-list\"><span class=\"tech-specs-items-description__title\">Obturador Lento<\/span><span class=\"tech-specs-items-description__title-details\"><span>m\u00e1x.\u00a016 veces<\/span><\/span><\/li>\n<li class=\"tech-specs-items-description-list\"><span class=\"tech-specs-items-description__title\">Alarma Luminosa<\/span><span class=\"tech-specs-items-description__title-details\"><span>Alarma de luz s\u00f3lida (luz blanca)<\/span><\/span><\/li>\n<\/ul>\n<p><span class=\"tech-specs-items-description__title--heading\">Lente<\/span><\/p>\n<ul class=\"tech-specs-items-description\" data-target=\"Lens\">\n<li class=\"tech-specs-items-description-list\"><span class=\"tech-specs-items-description__title\"><span>Lente<\/span><\/span><span class=\"tech-specs-items-description__title-details\"><span>Lente focal fija de 2,8 mm, 3,6 mm, 6 mm<\/span><\/span><\/li>\n<li class=\"tech-specs-items-description-list\"><span class=\"tech-specs-items-description__title\"><span>Distancia Focal Y Campo De Visi\u00f3n<\/span><\/span>\n<p class=\"mb-p\"><span>2,8 mm, FOV horizontal: 98\u00b0, FOV vertical: 52\u00b0, FOV diagonal: 116\u00b0<\/span><\/p>\n<p class=\"mb-p\"><span>3,6 mm, FOV horizontal: 77\u00b0, FOV vertical: 42\u00b0, FOV diagonal: 91\u00b0<\/span><\/p>\n<p class=\"mb-p\"><span>6 mm, FOV horizontal: 51\u00b0, FOV vertical: 28\u00b0, FOV diagonal: 59\u00b0<\/span><\/p>\n<\/li>\n<li class=\"tech-specs-items-description-list\"><span class=\"tech-specs-items-description__title\">Montura Del Lente<\/span><span class=\"tech-specs-items-description__title-details\"><span>M12<\/span><\/span><\/li>\n<\/ul>\n<p><span class=\"tech-specs-items-description__title--heading\">Iluminador<\/span><\/p>\n<ul class=\"tech-specs-items-description\" data-target=\"Illuminator\">\n<li class=\"tech-specs-items-description-list\"><span class=\"tech-specs-items-description__title\">Rango De Luz Suplementaria<\/span><span class=\"tech-specs-items-description__title-details\"><span>hasta 20m<\/span><\/span><\/li>\n<li class=\"tech-specs-items-description-list\"><span class=\"tech-specs-items-description__title\">Luz De Suplemento Inteligente<\/span><span class=\"tech-specs-items-description__title-details\"><span>S\u00ed<\/span><\/span><\/li>\n<li class=\"tech-specs-items-description-list\"><span class=\"tech-specs-items-description__title\">Tipo De Luz Suplementaria<\/span><span class=\"tech-specs-items-description__title-details\"><span>Luz blanca<\/span><\/span><\/li>\n<\/ul>\n<p><span class=\"tech-specs-items-description__title--heading\">Imagen<\/span><\/p>\n<ul class=\"tech-specs-items-description\" data-target=\"Image\">\n<li class=\"tech-specs-items-description-list\"><span class=\"tech-specs-items-description__title\">Interruptor De Par\u00e1metros De Imagen<\/span><span class=\"tech-specs-items-description__title-details\"><span>STD\/HIGH-SAT\/HIGHLIGHT<\/span><\/span><\/li>\n<li class=\"tech-specs-items-description-list\"><span class=\"tech-specs-items-description__title\">Configuraci\u00f3n De Imagen<\/span><span class=\"tech-specs-items-description__title-details\"><span>Brillo, contraste, espejo, correcci\u00f3n de p\u00edxeles defectuosos, nitidez, antibandas, AGC<\/span><\/span><\/li>\n<li class=\"tech-specs-items-description-list\"><span class=\"tech-specs-items-description__title\"><span>Cuadros Por Segundo<\/span><\/span>\n<p class=\"mb-p\"><span>TVI: 1080p@25fps\/30fps<\/span><\/p>\n<p class=\"mb-p\"><span>CVI: 1080p@25fps\/30fps<\/span><\/p>\n<p class=\"mb-p\"><span>AHD: 1080p a 25 fps\/30 fps<\/span><\/p>\n<p class=\"mb-p\"><span>CVBS: PAL\/NTSC<\/span><\/p>\n<\/li>\n<li class=\"tech-specs-items-description-list\"><span class=\"tech-specs-items-description__title\">Modo D\u00eda\/Noche<\/span><span class=\"tech-specs-items-description__title-details\"><span>Color<\/span><\/span><\/li>\n<li class=\"tech-specs-items-description-list\"><span class=\"tech-specs-items-description__title\"><span>Amplio Rango Din\u00e1mico (WDR)<\/span><\/span><span class=\"tech-specs-items-description__title-details\"><span>\u2265130dB<\/span><\/span><\/li>\n<li class=\"tech-specs-items-description-list\"><span class=\"tech-specs-items-description__title\">Mejora De La Imagen<\/span><span class=\"tech-specs-items-description__title-details\"><span>WDR, BLC, LLC, Global, HLS<\/span><\/span><\/li>\n<li class=\"tech-specs-items-description-list\"><span class=\"tech-specs-items-description__title\">M\u00e1scara De Privacidad<\/span><span class=\"tech-specs-items-description__title-details\"><span>4 m\u00e1scaras de privacidad programables<\/span><\/span><\/li>\n<li class=\"tech-specs-items-description-list\"><span class=\"tech-specs-items-description__title\">Reducci\u00f3n De Ruido<\/span><span class=\"tech-specs-items-description__title-details\"><span>DNR 3D\/DNR 2D<\/span><\/span><\/li>\n<li class=\"tech-specs-items-description-list\"><span class=\"tech-specs-items-description__title\">Balance De Blancos<\/span><span class=\"tech-specs-items-description__title-details\"><span>Manual de auto<\/span><\/span><\/li>\n<\/ul>\n<p><span class=\"tech-specs-items-description__title--heading\">Interfaz<\/span><\/p>\n<ul class=\"tech-specs-items-description\" data-target=\"Interface\">\n<li class=\"tech-specs-items-description-list\"><span class=\"tech-specs-items-description__title\">Salida De V\u00eddeo<\/span><span class=\"tech-specs-items-description__title-details\"><span>Conmutable TVI\/AHD\/CVI\/CVBS<\/span><\/span><\/li>\n<\/ul>\n<p><span class=\"tech-specs-items-description__title--heading\">Evento<\/span><\/p>\n<ul class=\"tech-specs-items-description\" data-target=\"Event\">\n<li class=\"tech-specs-items-description-list\"><span class=\"tech-specs-items-description__title\">Detecci\u00f3n De Movimiento<\/span><span class=\"tech-specs-items-description__title-details\"><span>4 \u00e1reas de movimiento programables<\/span><\/span><\/li>\n<\/ul>\n<p><span class=\"tech-specs-items-description__title--heading\"><span>General<\/span><\/span><\/p>\n<ul class=\"tech-specs-items-description\" data-target=\"General\">\n<li class=\"tech-specs-items-description-list\"><span class=\"tech-specs-items-description__title\"><span>Material<\/span><\/span><span class=\"tech-specs-items-description__title-details\"><span>El plastico<\/span><\/span><\/li>\n<li class=\"tech-specs-items-description-list\"><span class=\"tech-specs-items-description__title\">Dimensi\u00f3n<\/span><span class=\"tech-specs-items-description__title-details\"><span>\u03a6 85,02 mm \u00d7 81,25 mm (\u03a6 3,35&#8243; \u00d7 3,2&#8243;)<\/span><\/span><\/li>\n<li class=\"tech-specs-items-description-list\"><span class=\"tech-specs-items-description__title-details\"><span>Aprox.\u00a0163 g (0,36 libras)<\/span><\/span><\/li>\n<li class=\"tech-specs-items-description-list\"><span class=\"tech-specs-items-description__title\"><span>Condici\u00f3n De Uso<\/span><\/span><span class=\"tech-specs-items-description__title-details\"><span>-40 \u00b0C a 60 \u00b0C (-40 \u00b0F a 140 \u00b0F), Humedad: 90 % o menos (sin condensaci\u00f3n)<\/span><\/span><\/li>\n<li class=\"tech-specs-items-description-list\"><span class=\"tech-specs-items-description__title\">Comunicaci\u00f3n<\/span><span class=\"tech-specs-items-description__title-details\"><span>HIKVISION-C<\/span><\/span><\/li>\n<li class=\"tech-specs-items-description-list\"><span class=\"tech-specs-items-description__title\">Idioma<\/span><span class=\"tech-specs-items-description__title-details\"><span>Ingl\u00e9s<\/span><\/span><\/li>\n<\/ul>\n<p><span class=\"tech-specs-items-description__title\">Alimentaci\u00f3n<\/span><\/p>\n<ul>\n<li class=\"mb-p\"><span>12 V CC \u00b1 25 %, m\u00e1x.\u00a02,9 vatios<\/span><\/li>\n<li class=\"mb-p\"><span>*Se recomienda utilizar un adaptador de corriente para suministrar energ\u00eda a una c\u00e1mara.<\/span><\/li>\n<\/ul>\n<\/div>\n","protected":false},"excerpt":{"rendered":"<p>Im\u00e1genes de alta calidad con resoluci\u00f3n de 2 MP, 1920 \u00d7 1080<br \/>\nIm\u00e1genes en color 24\/7 con apertura F1.0<br \/>\nIm\u00e1genes claras contra la luz de fondo fuerte gracias a la tecnolog\u00eda WDR real de 130 dB<br \/>\nLa tecnolog\u00eda 3D DNR ofrece im\u00e1genes limpias y n\u00edtidas<br \/>\nLente focal fija de 2,8 mm, 3,6 mm, 6 mm<br \/>\nDistancia de luz blanca de hasta 20 m para im\u00e1genes nocturnas brillantes<br \/>\nUn puerto para cuatro se\u00f1ales conmutables (TVI\/AHD\/CVI\/CVBS)<\/p>\n","protected":false},"featured_media":13200,"comment_status":"open","ping_status":"closed","template":"","meta":{"jetpack_publicize_message":"","jetpack_publicize_feature_enabled":true,"jetpack_social_post_already_shared":true,"jetpack_social_options":{"image_generator_settings":{"template":"highway","default_image_id":0,"font":"","enabled":false},"version":2}},"pwb-brand":[403,113],"product_brand":[],"product_cat":[397],"product_tag":[],"class_list":{"0":"post-13196","1":"product","2":"type-product","3":"status-publish","4":"has-post-thumbnail","6":"pwb-brand-color-vu","7":"pwb-brand-hikvision","8":"product_cat-camara-domo","10":"first","11":"instock","12":"taxable","13":"shipping-taxable","14":"purchasable","15":"product-type-simple"},"yoast_head":"<!-- This site is optimized with the Yoast SEO Premium plugin v25.7.1 (Yoast SEO v26.8) - https:\/\/yoast.com\/product\/yoast-seo-premium-wordpress\/ -->\n<title>C\u00e1mara Domo Turbo HD Fija 2MP IR 20m ColorVu Hikvision - Mivoot<\/title>\n<meta name=\"robots\" content=\"index, follow, max-snippet:-1, max-image-preview:large, max-video-preview:-1\" \/>\n<link rel=\"canonical\" href=\"https:\/\/mivoot.com\/gt\/producto\/camara-domo-turbo-hd-fija-2mp-ir-20m-colorvu-hikvision\/\" \/>\n<meta property=\"og:locale\" content=\"es_ES\" \/>\n<meta property=\"og:type\" content=\"article\" \/>\n<meta property=\"og:title\" content=\"C\u00e1mara Domo Turbo HD Fija 2MP IR 20m ColorVu Hikvision\" \/>\n<meta property=\"og:description\" content=\"Im\u00e1genes de alta calidad con resoluci\u00f3n de 2 MP, 1920 \u00d7 1080 Im\u00e1genes en color 24\/7 con apertura F1.0 Im\u00e1genes claras contra la luz de fondo fuerte gracias a la tecnolog\u00eda WDR real de 130 dB La tecnolog\u00eda 3D DNR ofrece im\u00e1genes limpias y n\u00edtidas Lente focal fija de 2,8 mm, 3,6 mm, 6 mm Distancia de luz blanca de hasta 20 m para im\u00e1genes nocturnas brillantes Un puerto para cuatro se\u00f1ales conmutables (TVI\/AHD\/CVI\/CVBS)\" \/>\n<meta property=\"og:url\" content=\"https:\/\/mivoot.com\/gt\/producto\/camara-domo-turbo-hd-fija-2mp-ir-20m-colorvu-hikvision\/\" \/>\n<meta property=\"og:site_name\" content=\"Mivoot\" \/>\n<meta property=\"article:publisher\" content=\"https:\/\/www.facebook.com\/mivootgt\" \/>\n<meta property=\"article:modified_time\" content=\"2023-03-26T21:37:07+00:00\" \/>\n<meta property=\"og:image\" content=\"https:\/\/mivoot.com\/gt\/wp-content\/uploads\/2023\/03\/DS-2CE70DF3T-PF.jpg\" \/>\n\t<meta property=\"og:image:width\" content=\"1000\" \/>\n\t<meta property=\"og:image:height\" content=\"1000\" \/>\n\t<meta property=\"og:image:type\" content=\"image\/jpeg\" \/>\n<meta name=\"twitter:card\" content=\"summary_large_image\" \/>\n<meta name=\"twitter:label1\" content=\"Est. reading time\" \/>\n\t<meta name=\"twitter:data1\" content=\"2 minutos\" \/>\n<script type=\"application\/ld+json\" class=\"yoast-schema-graph\">{\"@context\":\"https:\/\/schema.org\",\"@graph\":[{\"@type\":\"WebPage\",\"@id\":\"https:\/\/mivoot.com\/gt\/producto\/camara-domo-turbo-hd-fija-2mp-ir-20m-colorvu-hikvision\/\",\"url\":\"https:\/\/mivoot.com\/gt\/producto\/camara-domo-turbo-hd-fija-2mp-ir-20m-colorvu-hikvision\/\",\"name\":\"C\u00e1mara Domo Turbo HD Fija 2MP IR 20m ColorVu Hikvision - Mivoot\",\"isPartOf\":{\"@id\":\"https:\/\/mivoot.com\/gt\/#website\"},\"primaryImageOfPage\":{\"@id\":\"https:\/\/mivoot.com\/gt\/producto\/camara-domo-turbo-hd-fija-2mp-ir-20m-colorvu-hikvision\/#primaryimage\"},\"image\":{\"@id\":\"https:\/\/mivoot.com\/gt\/producto\/camara-domo-turbo-hd-fija-2mp-ir-20m-colorvu-hikvision\/#primaryimage\"},\"thumbnailUrl\":\"https:\/\/mivoot.com\/gt\/wp-content\/uploads\/2023\/03\/DS-2CE70DF3T-PF.jpg\",\"datePublished\":\"2023-03-26T21:37:05+00:00\",\"dateModified\":\"2023-03-26T21:37:07+00:00\",\"breadcrumb\":{\"@id\":\"https:\/\/mivoot.com\/gt\/producto\/camara-domo-turbo-hd-fija-2mp-ir-20m-colorvu-hikvision\/#breadcrumb\"},\"inLanguage\":\"es\",\"potentialAction\":[{\"@type\":\"ReadAction\",\"target\":[\"https:\/\/mivoot.com\/gt\/producto\/camara-domo-turbo-hd-fija-2mp-ir-20m-colorvu-hikvision\/\"]}]},{\"@type\":\"ImageObject\",\"inLanguage\":\"es\",\"@id\":\"https:\/\/mivoot.com\/gt\/producto\/camara-domo-turbo-hd-fija-2mp-ir-20m-colorvu-hikvision\/#primaryimage\",\"url\":\"https:\/\/mivoot.com\/gt\/wp-content\/uploads\/2023\/03\/DS-2CE70DF3T-PF.jpg\",\"contentUrl\":\"https:\/\/mivoot.com\/gt\/wp-content\/uploads\/2023\/03\/DS-2CE70DF3T-PF.jpg\",\"width\":1000,\"height\":1000},{\"@type\":\"BreadcrumbList\",\"@id\":\"https:\/\/mivoot.com\/gt\/producto\/camara-domo-turbo-hd-fija-2mp-ir-20m-colorvu-hikvision\/#breadcrumb\",\"itemListElement\":[{\"@type\":\"ListItem\",\"position\":1,\"name\":\"Inicio\",\"item\":\"https:\/\/mivoot.com\/gt\/\"},{\"@type\":\"ListItem\",\"position\":2,\"name\":\"Productos\",\"item\":\"https:\/\/mivoot.com\/gt\/producto\/\"},{\"@type\":\"ListItem\",\"position\":3,\"name\":\"Hikvision\",\"item\":\"https:\/\/mivoot.com\/gt\/marca\/hikvision\/\"},{\"@type\":\"ListItem\",\"position\":4,\"name\":\"C\u00e1mara Domo Turbo HD Fija 2MP IR 20m ColorVu Hikvision\"}]},{\"@type\":\"WebSite\",\"@id\":\"https:\/\/mivoot.com\/gt\/#website\",\"url\":\"https:\/\/mivoot.com\/gt\/\",\"name\":\"Mivoot\",\"description\":\"Mivoot Guatemala | Tienda Online\",\"publisher\":{\"@id\":\"https:\/\/mivoot.com\/gt\/#organization\"},\"alternateName\":\"mivoot\",\"potentialAction\":[{\"@type\":\"SearchAction\",\"target\":{\"@type\":\"EntryPoint\",\"urlTemplate\":\"https:\/\/mivoot.com\/gt\/?s={search_term_string}\"},\"query-input\":{\"@type\":\"PropertyValueSpecification\",\"valueRequired\":true,\"valueName\":\"search_term_string\"}}],\"inLanguage\":\"es\"},{\"@type\":\"Organization\",\"@id\":\"https:\/\/mivoot.com\/gt\/#organization\",\"name\":\"Mivoot Guatemala\",\"alternateName\":\"mivoot.com\",\"url\":\"https:\/\/mivoot.com\/gt\/\",\"logo\":{\"@type\":\"ImageObject\",\"inLanguage\":\"es\",\"@id\":\"https:\/\/mivoot.com\/gt\/#\/schema\/logo\/image\/\",\"url\":\"https:\/\/mivoot.com\/gt\/wp-content\/uploads\/2023\/03\/cropped-icon.png\",\"contentUrl\":\"https:\/\/mivoot.com\/gt\/wp-content\/uploads\/2023\/03\/cropped-icon.png\",\"width\":512,\"height\":512,\"caption\":\"Mivoot Guatemala\"},\"image\":{\"@id\":\"https:\/\/mivoot.com\/gt\/#\/schema\/logo\/image\/\"},\"sameAs\":[\"https:\/\/www.facebook.com\/mivootgt\",\"https:\/\/instagram.com\/mivoot\"]}]}<\/script>\n<!-- \/ Yoast SEO Premium plugin. -->","yoast_head_json":{"title":"C\u00e1mara Domo Turbo HD Fija 2MP IR 20m ColorVu Hikvision - Mivoot","robots":{"index":"index","follow":"follow","max-snippet":"max-snippet:-1","max-image-preview":"max-image-preview:large","max-video-preview":"max-video-preview:-1"},"canonical":"https:\/\/mivoot.com\/gt\/producto\/camara-domo-turbo-hd-fija-2mp-ir-20m-colorvu-hikvision\/","og_locale":"es_ES","og_type":"article","og_title":"C\u00e1mara Domo Turbo HD Fija 2MP IR 20m ColorVu Hikvision","og_description":"Im\u00e1genes de alta calidad con resoluci\u00f3n de 2 MP, 1920 \u00d7 1080 Im\u00e1genes en color 24\/7 con apertura F1.0 Im\u00e1genes claras contra la luz de fondo fuerte gracias a la tecnolog\u00eda WDR real de 130 dB La tecnolog\u00eda 3D DNR ofrece im\u00e1genes limpias y n\u00edtidas Lente focal fija de 2,8 mm, 3,6 mm, 6 mm Distancia de luz blanca de hasta 20 m para im\u00e1genes nocturnas brillantes Un puerto para cuatro se\u00f1ales conmutables (TVI\/AHD\/CVI\/CVBS)","og_url":"https:\/\/mivoot.com\/gt\/producto\/camara-domo-turbo-hd-fija-2mp-ir-20m-colorvu-hikvision\/","og_site_name":"Mivoot","article_publisher":"https:\/\/www.facebook.com\/mivootgt","article_modified_time":"2023-03-26T21:37:07+00:00","og_image":[{"url":"https:\/\/mivoot.com\/gt\/wp-content\/uploads\/2023\/03\/DS-2CE70DF3T-PF.jpg","width":1000,"height":1000,"type":"image\/jpeg"}],"twitter_card":"summary_large_image","twitter_misc":{"Est. reading time":"2 minutos"},"schema":{"@context":"https:\/\/schema.org","@graph":[{"@type":"WebPage","@id":"https:\/\/mivoot.com\/gt\/producto\/camara-domo-turbo-hd-fija-2mp-ir-20m-colorvu-hikvision\/","url":"https:\/\/mivoot.com\/gt\/producto\/camara-domo-turbo-hd-fija-2mp-ir-20m-colorvu-hikvision\/","name":"C\u00e1mara Domo Turbo HD Fija 2MP IR 20m ColorVu Hikvision - Mivoot","isPartOf":{"@id":"https:\/\/mivoot.com\/gt\/#website"},"primaryImageOfPage":{"@id":"https:\/\/mivoot.com\/gt\/producto\/camara-domo-turbo-hd-fija-2mp-ir-20m-colorvu-hikvision\/#primaryimage"},"image":{"@id":"https:\/\/mivoot.com\/gt\/producto\/camara-domo-turbo-hd-fija-2mp-ir-20m-colorvu-hikvision\/#primaryimage"},"thumbnailUrl":"https:\/\/mivoot.com\/gt\/wp-content\/uploads\/2023\/03\/DS-2CE70DF3T-PF.jpg","datePublished":"2023-03-26T21:37:05+00:00","dateModified":"2023-03-26T21:37:07+00:00","breadcrumb":{"@id":"https:\/\/mivoot.com\/gt\/producto\/camara-domo-turbo-hd-fija-2mp-ir-20m-colorvu-hikvision\/#breadcrumb"},"inLanguage":"es","potentialAction":[{"@type":"ReadAction","target":["https:\/\/mivoot.com\/gt\/producto\/camara-domo-turbo-hd-fija-2mp-ir-20m-colorvu-hikvision\/"]}]},{"@type":"ImageObject","inLanguage":"es","@id":"https:\/\/mivoot.com\/gt\/producto\/camara-domo-turbo-hd-fija-2mp-ir-20m-colorvu-hikvision\/#primaryimage","url":"https:\/\/mivoot.com\/gt\/wp-content\/uploads\/2023\/03\/DS-2CE70DF3T-PF.jpg","contentUrl":"https:\/\/mivoot.com\/gt\/wp-content\/uploads\/2023\/03\/DS-2CE70DF3T-PF.jpg","width":1000,"height":1000},{"@type":"BreadcrumbList","@id":"https:\/\/mivoot.com\/gt\/producto\/camara-domo-turbo-hd-fija-2mp-ir-20m-colorvu-hikvision\/#breadcrumb","itemListElement":[{"@type":"ListItem","position":1,"name":"Inicio","item":"https:\/\/mivoot.com\/gt\/"},{"@type":"ListItem","position":2,"name":"Productos","item":"https:\/\/mivoot.com\/gt\/producto\/"},{"@type":"ListItem","position":3,"name":"Hikvision","item":"https:\/\/mivoot.com\/gt\/marca\/hikvision\/"},{"@type":"ListItem","position":4,"name":"C\u00e1mara Domo Turbo HD Fija 2MP IR 20m ColorVu Hikvision"}]},{"@type":"WebSite","@id":"https:\/\/mivoot.com\/gt\/#website","url":"https:\/\/mivoot.com\/gt\/","name":"Mivoot","description":"Mivoot Guatemala | Tienda Online","publisher":{"@id":"https:\/\/mivoot.com\/gt\/#organization"},"alternateName":"mivoot","potentialAction":[{"@type":"SearchAction","target":{"@type":"EntryPoint","urlTemplate":"https:\/\/mivoot.com\/gt\/?s={search_term_string}"},"query-input":{"@type":"PropertyValueSpecification","valueRequired":true,"valueName":"search_term_string"}}],"inLanguage":"es"},{"@type":"Organization","@id":"https:\/\/mivoot.com\/gt\/#organization","name":"Mivoot Guatemala","alternateName":"mivoot.com","url":"https:\/\/mivoot.com\/gt\/","logo":{"@type":"ImageObject","inLanguage":"es","@id":"https:\/\/mivoot.com\/gt\/#\/schema\/logo\/image\/","url":"https:\/\/mivoot.com\/gt\/wp-content\/uploads\/2023\/03\/cropped-icon.png","contentUrl":"https:\/\/mivoot.com\/gt\/wp-content\/uploads\/2023\/03\/cropped-icon.png","width":512,"height":512,"caption":"Mivoot Guatemala"},"image":{"@id":"https:\/\/mivoot.com\/gt\/#\/schema\/logo\/image\/"},"sameAs":["https:\/\/www.facebook.com\/mivootgt","https:\/\/instagram.com\/mivoot"]}]}},"jetpack_publicize_connections":[],"jetpack_sharing_enabled":true,"brands":[{"id":403,"name":"Color Vu","slug":"color-vu"},{"id":113,"name":"Hikvision","slug":"hikvision"}],"_links":{"self":[{"href":"https:\/\/mivoot.com\/gt\/wp-json\/wp\/v2\/product\/13196","targetHints":{"allow":["GET"]}}],"collection":[{"href":"https:\/\/mivoot.com\/gt\/wp-json\/wp\/v2\/product"}],"about":[{"href":"https:\/\/mivoot.com\/gt\/wp-json\/wp\/v2\/types\/product"}],"replies":[{"embeddable":true,"href":"https:\/\/mivoot.com\/gt\/wp-json\/wp\/v2\/comments?post=13196"}],"version-history":[{"count":1,"href":"https:\/\/mivoot.com\/gt\/wp-json\/wp\/v2\/product\/13196\/revisions"}],"predecessor-version":[{"id":13202,"href":"https:\/\/mivoot.com\/gt\/wp-json\/wp\/v2\/product\/13196\/revisions\/13202"}],"wp:featuredmedia":[{"embeddable":true,"href":"https:\/\/mivoot.com\/gt\/wp-json\/wp\/v2\/media\/13200"}],"wp:attachment":[{"href":"https:\/\/mivoot.com\/gt\/wp-json\/wp\/v2\/media?parent=13196"}],"wp:term":[{"taxonomy":"pwb-brand","embeddable":true,"href":"https:\/\/mivoot.com\/gt\/wp-json\/wp\/v2\/pwb-brand?post=13196"},{"taxonomy":"product_brand","embeddable":true,"href":"https:\/\/mivoot.com\/gt\/wp-json\/wp\/v2\/product_brand?post=13196"},{"taxonomy":"product_cat","embeddable":true,"href":"https:\/\/mivoot.com\/gt\/wp-json\/wp\/v2\/product_cat?post=13196"},{"taxonomy":"product_tag","embeddable":true,"href":"https:\/\/mivoot.com\/gt\/wp-json\/wp\/v2\/product_tag?post=13196"}],"curies":[{"name":"wp","href":"https:\/\/api.w.org\/{rel}","templated":true}]}}