{"id":13262,"date":"2023-03-26T17:41:32","date_gmt":"2023-03-26T23:41:32","guid":{"rendered":"https:\/\/mivoot.com\/gt\/?post_type=product&#038;p=13262"},"modified":"2023-03-26T17:41:34","modified_gmt":"2023-03-26T23:41:34","slug":"router-repetidor-wi-fi-300mbps-n301-tenda","status":"publish","type":"product","link":"https:\/\/mivoot.com\/gt\/producto\/router-repetidor-wi-fi-300mbps-n301-tenda\/","title":{"rendered":"Router Repetidor Wi-Fi 300Mbps N301 Tenda"},"content":{"rendered":"<h1 class=\"a-size-large a-spacing-none\"><span class=\"a-size-large\">Router Inal\u00e1mbrico Compacto\u00a0<\/span><span id=\"productTitle\" class=\"a-size-large\">Tenda N301\u00a0<\/span><span id=\"productTitle\" class=\"a-size-large\">con Repetidor 300 Mbps<\/span><\/h1>\n<p><span class=\"a-size-large\">El router inal\u00e1mbrico N300 con configuraci\u00f3n sencilla N301 est\u00e1 dise\u00f1ado para hacer que el proceso de configuraci\u00f3n resulte muy intuitivo para el usuario. Cumple con el est\u00e1ndar IEEE 802.11n y ofrece una velocidad inal\u00e1mbrica de hasta 300 Mbps, lo cual hace que sea perfecto para actividades cotidianas, como correo electr\u00f3nico, chat, transmisi\u00f3n de v\u00eddeo, juegos en l\u00ednea y m\u00e1s. El N301 puede funcionar tambi\u00e9n como Router cliente para conectar de forma inal\u00e1mbrica con la red del ISP o como punto de acceso (AP) para llevar la se\u00f1al de Internet a todos los rincones y evitar puntos muertos.<\/span><\/p>\n<h2>Control parental<\/h2>\n<p>Admite las funciones de filtro de cliente, filtro de MAC y filtro de sitios web. Permite definir controles parentales como el tiempo de uso o el bloqueo de dominios.<\/p>\n<h3 class=\"td_h3\">WiFi segura con tan solo pulsar el bot\u00f3n WPS<\/h3>\n<div class=\"td_des\">El modelo N301 cuenta con Wi-Fi Protected Setup\u2122 (WPS), lo cual permite al usuario configurar la seguridad de forma casi instant\u00e1nea. Basta con pulsar el bot\u00f3n WPS y se establecer\u00e1 una conexi\u00f3n segura autom\u00e1ticamente. Este m\u00e9todo no solo es m\u00e1s r\u00e1pido que los m\u00e9todos de configuraci\u00f3n de seguridad convencionales, sino que adem\u00e1s es m\u00e1s conveniente, ya que no es necesario recordar una contrase\u00f1a.<\/div>\n<div><\/div>\n<h2>Seguridad avanzada<\/h2>\n<p>El modelo N301 ofrece opciones de cifrado inal\u00e1mbrico multinivel para evitar accesos no autorizados y proteger los datos importantes.<br \/>\n1. WEP de 64\/128 bits, WPA-PSK, WPA2-PSK<br \/>\n2. Control de acceso inal\u00e1mbrico basado en la direcci\u00f3n MAC del adaptador inal\u00e1mbrico<\/p>\n<h2><strong>Especificaciones<\/strong><\/h2>\n<ul>\n<li><strong>Est\u00e1ndar y protocolo<\/strong>: IEEE 802.3\/3U, IEEE 802.11n\/g\/b<\/li>\n<li><strong>Interfaz:<\/strong>\n<ul>\n<li>1 puerto WAN de 10\/100 Mbps<\/li>\n<li>3 puertos LAN de 10\/100 Mbps<\/li>\n<\/ul>\n<\/li>\n<li><strong>Antena:\u00a0<\/strong>2 antenas fijas omnidireccionales de 5 dBi<\/li>\n<li><strong>Dimensiones:\u00a0<\/strong>127,4 x 90,5 x 26 mm (L x An x Al)<\/li>\n<li><strong>Velocidad de vinculaci\u00f3n inal\u00e1mbrica:\u00a0<\/strong>\n<ul>\n<li>IEEE 802.11n: hasta 300 Mbps<\/li>\n<li>IEEE 802.11g: hasta 54 Mbps<\/li>\n<li>IEEE 802.11b: hasta 11 Mbps<\/li>\n<\/ul>\n<\/li>\n<li><strong>Rango de frecuencia:\u00a0<\/strong>2,412 \u2013 2,472 GHz<\/li>\n<li><strong>Modo de funcionamiento:\u00a0<\/strong>\n<ul>\n<li>Repetidor universal<\/li>\n<li>punto de acceso<\/li>\n<li>WISP<\/li>\n<li>puente WDS<\/li>\n<\/ul>\n<\/li>\n<li><strong>Seguridad inal\u00e1mbrica:\u00a0<\/strong>\n<ul>\n<li>WEP de 64\/128 bits<\/li>\n<li>WPA-PSK<\/li>\n<li>WPA2-PSK<\/li>\n<li>Compatibilidad con WPS<\/li>\n<\/ul>\n<\/li>\n<li><strong>Tipo de conexi\u00f3n a Internet:<\/strong>\u00a0IP din\u00e1mica, PPPoE, IP est\u00e1tica, L2TP, PPTP<\/li>\n<li><strong>Servidor DHCP:\u00a0<\/strong>Servidor DHCP incorporado\n<ul>\n<li>Lista de clientes DHCP<\/li>\n<li>Reserva de direcciones<\/li>\n<\/ul>\n<\/li>\n<li><strong>Servidor virtual:\u00a0<\/strong>\n<ul>\n<li>Enrutamiento de puertos<\/li>\n<li>Host DMZ<\/li>\n<\/ul>\n<\/li>\n<li><strong>Control parental:\u00a0<\/strong>\n<ul>\n<li>Filtro de clientes<\/li>\n<li>Filtro MAC<\/li>\n<li>Filtro de sitios web<\/li>\n<\/ul>\n<\/li>\n<\/ul>\n","protected":false},"excerpt":{"rendered":"<p>Dise\u00f1o ultra compacto, casi invisible<br \/>\nSoporte de la funci\u00f3n Soft AP<br \/>\nCifrado de seguridad inal\u00e1mbrica con tan solo pulsar el bot\u00f3n WPS<br \/>\nPuede funcionar como cliente para conectar con la red del ISP y compartir la se\u00f1al de Internet<br \/>\nVelocidad inal\u00e1mbrica de 300 Mbps, ideal para aplicaciones sensibles a las interrupciones<br \/>\nWPA \/ WPA2 proporciona mejores conexiones de seguridad<\/p>\n","protected":false},"featured_media":13266,"comment_status":"open","ping_status":"closed","template":"","meta":{"jetpack_publicize_message":"","jetpack_publicize_feature_enabled":true,"jetpack_social_post_already_shared":true,"jetpack_social_options":{"image_generator_settings":{"template":"highway","default_image_id":0,"font":"","enabled":false},"version":2}},"pwb-brand":[318],"product_brand":[],"product_cat":[17],"product_tag":[],"class_list":{"0":"post-13262","1":"product","2":"type-product","3":"status-publish","4":"has-post-thumbnail","6":"pwb-brand-tenda","7":"product_cat-redes-e-internet","9":"first","10":"instock","11":"taxable","12":"shipping-taxable","13":"purchasable","14":"product-type-simple"},"yoast_head":"<!-- This site is optimized with the Yoast SEO Premium plugin v25.7.1 (Yoast SEO v26.8) - https:\/\/yoast.com\/product\/yoast-seo-premium-wordpress\/ -->\n<title>Router Repetidor Wi-Fi 300Mbps N301 Tenda - Mivoot<\/title>\n<meta name=\"robots\" content=\"index, follow, max-snippet:-1, max-image-preview:large, max-video-preview:-1\" \/>\n<link rel=\"canonical\" href=\"https:\/\/mivoot.com\/gt\/producto\/router-repetidor-wi-fi-300mbps-n301-tenda\/\" \/>\n<meta property=\"og:locale\" content=\"es_ES\" \/>\n<meta property=\"og:type\" content=\"article\" \/>\n<meta property=\"og:title\" content=\"Router Repetidor Wi-Fi 300Mbps N301 Tenda\" \/>\n<meta property=\"og:description\" content=\"Dise\u00f1o ultra compacto, casi invisible Soporte de la funci\u00f3n Soft AP Cifrado de seguridad inal\u00e1mbrica con tan solo pulsar el bot\u00f3n WPS Puede funcionar como cliente para conectar con la red del ISP y compartir la se\u00f1al de Internet Velocidad inal\u00e1mbrica de 300 Mbps, ideal para aplicaciones sensibles a las interrupciones WPA \/ WPA2 proporciona mejores conexiones de seguridad\" \/>\n<meta property=\"og:url\" content=\"https:\/\/mivoot.com\/gt\/producto\/router-repetidor-wi-fi-300mbps-n301-tenda\/\" \/>\n<meta property=\"og:site_name\" content=\"Mivoot\" \/>\n<meta property=\"article:publisher\" content=\"https:\/\/www.facebook.com\/mivootgt\" \/>\n<meta property=\"article:modified_time\" content=\"2023-03-26T23:41:34+00:00\" \/>\n<meta property=\"og:image\" content=\"https:\/\/mivoot.com\/gt\/wp-content\/uploads\/2023\/03\/N301-3-768x768-768x768-1.jpg\" \/>\n\t<meta property=\"og:image:width\" content=\"768\" \/>\n\t<meta property=\"og:image:height\" content=\"768\" \/>\n\t<meta property=\"og:image:type\" content=\"image\/jpeg\" \/>\n<meta name=\"twitter:card\" content=\"summary_large_image\" \/>\n<meta name=\"twitter:label1\" content=\"Est. reading time\" \/>\n\t<meta name=\"twitter:data1\" content=\"2 minutos\" \/>\n<script type=\"application\/ld+json\" class=\"yoast-schema-graph\">{\"@context\":\"https:\/\/schema.org\",\"@graph\":[{\"@type\":\"WebPage\",\"@id\":\"https:\/\/mivoot.com\/gt\/producto\/router-repetidor-wi-fi-300mbps-n301-tenda\/\",\"url\":\"https:\/\/mivoot.com\/gt\/producto\/router-repetidor-wi-fi-300mbps-n301-tenda\/\",\"name\":\"Router Repetidor Wi-Fi 300Mbps N301 Tenda - Mivoot\",\"isPartOf\":{\"@id\":\"https:\/\/mivoot.com\/gt\/#website\"},\"primaryImageOfPage\":{\"@id\":\"https:\/\/mivoot.com\/gt\/producto\/router-repetidor-wi-fi-300mbps-n301-tenda\/#primaryimage\"},\"image\":{\"@id\":\"https:\/\/mivoot.com\/gt\/producto\/router-repetidor-wi-fi-300mbps-n301-tenda\/#primaryimage\"},\"thumbnailUrl\":\"https:\/\/mivoot.com\/gt\/wp-content\/uploads\/2023\/03\/N301-3-768x768-768x768-1.jpg\",\"datePublished\":\"2023-03-26T23:41:32+00:00\",\"dateModified\":\"2023-03-26T23:41:34+00:00\",\"breadcrumb\":{\"@id\":\"https:\/\/mivoot.com\/gt\/producto\/router-repetidor-wi-fi-300mbps-n301-tenda\/#breadcrumb\"},\"inLanguage\":\"es\",\"potentialAction\":[{\"@type\":\"ReadAction\",\"target\":[\"https:\/\/mivoot.com\/gt\/producto\/router-repetidor-wi-fi-300mbps-n301-tenda\/\"]}]},{\"@type\":\"ImageObject\",\"inLanguage\":\"es\",\"@id\":\"https:\/\/mivoot.com\/gt\/producto\/router-repetidor-wi-fi-300mbps-n301-tenda\/#primaryimage\",\"url\":\"https:\/\/mivoot.com\/gt\/wp-content\/uploads\/2023\/03\/N301-3-768x768-768x768-1.jpg\",\"contentUrl\":\"https:\/\/mivoot.com\/gt\/wp-content\/uploads\/2023\/03\/N301-3-768x768-768x768-1.jpg\",\"width\":768,\"height\":768},{\"@type\":\"BreadcrumbList\",\"@id\":\"https:\/\/mivoot.com\/gt\/producto\/router-repetidor-wi-fi-300mbps-n301-tenda\/#breadcrumb\",\"itemListElement\":[{\"@type\":\"ListItem\",\"position\":1,\"name\":\"Inicio\",\"item\":\"https:\/\/mivoot.com\/gt\/\"},{\"@type\":\"ListItem\",\"position\":2,\"name\":\"Productos\",\"item\":\"https:\/\/mivoot.com\/gt\/producto\/\"},{\"@type\":\"ListItem\",\"position\":3,\"name\":\"Tenda\",\"item\":\"https:\/\/mivoot.com\/gt\/marca\/tenda\/\"},{\"@type\":\"ListItem\",\"position\":4,\"name\":\"Router Repetidor Wi-Fi 300Mbps N301 Tenda\"}]},{\"@type\":\"WebSite\",\"@id\":\"https:\/\/mivoot.com\/gt\/#website\",\"url\":\"https:\/\/mivoot.com\/gt\/\",\"name\":\"Mivoot\",\"description\":\"Mivoot Guatemala | Tienda Online\",\"publisher\":{\"@id\":\"https:\/\/mivoot.com\/gt\/#organization\"},\"alternateName\":\"mivoot\",\"potentialAction\":[{\"@type\":\"SearchAction\",\"target\":{\"@type\":\"EntryPoint\",\"urlTemplate\":\"https:\/\/mivoot.com\/gt\/?s={search_term_string}\"},\"query-input\":{\"@type\":\"PropertyValueSpecification\",\"valueRequired\":true,\"valueName\":\"search_term_string\"}}],\"inLanguage\":\"es\"},{\"@type\":\"Organization\",\"@id\":\"https:\/\/mivoot.com\/gt\/#organization\",\"name\":\"Mivoot Guatemala\",\"alternateName\":\"mivoot.com\",\"url\":\"https:\/\/mivoot.com\/gt\/\",\"logo\":{\"@type\":\"ImageObject\",\"inLanguage\":\"es\",\"@id\":\"https:\/\/mivoot.com\/gt\/#\/schema\/logo\/image\/\",\"url\":\"https:\/\/mivoot.com\/gt\/wp-content\/uploads\/2023\/03\/cropped-icon.png\",\"contentUrl\":\"https:\/\/mivoot.com\/gt\/wp-content\/uploads\/2023\/03\/cropped-icon.png\",\"width\":512,\"height\":512,\"caption\":\"Mivoot Guatemala\"},\"image\":{\"@id\":\"https:\/\/mivoot.com\/gt\/#\/schema\/logo\/image\/\"},\"sameAs\":[\"https:\/\/www.facebook.com\/mivootgt\",\"https:\/\/instagram.com\/mivoot\"]}]}<\/script>\n<!-- \/ Yoast SEO Premium plugin. -->","yoast_head_json":{"title":"Router Repetidor Wi-Fi 300Mbps N301 Tenda - Mivoot","robots":{"index":"index","follow":"follow","max-snippet":"max-snippet:-1","max-image-preview":"max-image-preview:large","max-video-preview":"max-video-preview:-1"},"canonical":"https:\/\/mivoot.com\/gt\/producto\/router-repetidor-wi-fi-300mbps-n301-tenda\/","og_locale":"es_ES","og_type":"article","og_title":"Router Repetidor Wi-Fi 300Mbps N301 Tenda","og_description":"Dise\u00f1o ultra compacto, casi invisible Soporte de la funci\u00f3n Soft AP Cifrado de seguridad inal\u00e1mbrica con tan solo pulsar el bot\u00f3n WPS Puede funcionar como cliente para conectar con la red del ISP y compartir la se\u00f1al de Internet Velocidad inal\u00e1mbrica de 300 Mbps, ideal para aplicaciones sensibles a las interrupciones WPA \/ WPA2 proporciona mejores conexiones de seguridad","og_url":"https:\/\/mivoot.com\/gt\/producto\/router-repetidor-wi-fi-300mbps-n301-tenda\/","og_site_name":"Mivoot","article_publisher":"https:\/\/www.facebook.com\/mivootgt","article_modified_time":"2023-03-26T23:41:34+00:00","og_image":[{"width":768,"height":768,"url":"https:\/\/mivoot.com\/gt\/wp-content\/uploads\/2023\/03\/N301-3-768x768-768x768-1.jpg","type":"image\/jpeg"}],"twitter_card":"summary_large_image","twitter_misc":{"Est. reading time":"2 minutos"},"schema":{"@context":"https:\/\/schema.org","@graph":[{"@type":"WebPage","@id":"https:\/\/mivoot.com\/gt\/producto\/router-repetidor-wi-fi-300mbps-n301-tenda\/","url":"https:\/\/mivoot.com\/gt\/producto\/router-repetidor-wi-fi-300mbps-n301-tenda\/","name":"Router Repetidor Wi-Fi 300Mbps N301 Tenda - Mivoot","isPartOf":{"@id":"https:\/\/mivoot.com\/gt\/#website"},"primaryImageOfPage":{"@id":"https:\/\/mivoot.com\/gt\/producto\/router-repetidor-wi-fi-300mbps-n301-tenda\/#primaryimage"},"image":{"@id":"https:\/\/mivoot.com\/gt\/producto\/router-repetidor-wi-fi-300mbps-n301-tenda\/#primaryimage"},"thumbnailUrl":"https:\/\/mivoot.com\/gt\/wp-content\/uploads\/2023\/03\/N301-3-768x768-768x768-1.jpg","datePublished":"2023-03-26T23:41:32+00:00","dateModified":"2023-03-26T23:41:34+00:00","breadcrumb":{"@id":"https:\/\/mivoot.com\/gt\/producto\/router-repetidor-wi-fi-300mbps-n301-tenda\/#breadcrumb"},"inLanguage":"es","potentialAction":[{"@type":"ReadAction","target":["https:\/\/mivoot.com\/gt\/producto\/router-repetidor-wi-fi-300mbps-n301-tenda\/"]}]},{"@type":"ImageObject","inLanguage":"es","@id":"https:\/\/mivoot.com\/gt\/producto\/router-repetidor-wi-fi-300mbps-n301-tenda\/#primaryimage","url":"https:\/\/mivoot.com\/gt\/wp-content\/uploads\/2023\/03\/N301-3-768x768-768x768-1.jpg","contentUrl":"https:\/\/mivoot.com\/gt\/wp-content\/uploads\/2023\/03\/N301-3-768x768-768x768-1.jpg","width":768,"height":768},{"@type":"BreadcrumbList","@id":"https:\/\/mivoot.com\/gt\/producto\/router-repetidor-wi-fi-300mbps-n301-tenda\/#breadcrumb","itemListElement":[{"@type":"ListItem","position":1,"name":"Inicio","item":"https:\/\/mivoot.com\/gt\/"},{"@type":"ListItem","position":2,"name":"Productos","item":"https:\/\/mivoot.com\/gt\/producto\/"},{"@type":"ListItem","position":3,"name":"Tenda","item":"https:\/\/mivoot.com\/gt\/marca\/tenda\/"},{"@type":"ListItem","position":4,"name":"Router Repetidor Wi-Fi 300Mbps N301 Tenda"}]},{"@type":"WebSite","@id":"https:\/\/mivoot.com\/gt\/#website","url":"https:\/\/mivoot.com\/gt\/","name":"Mivoot","description":"Mivoot Guatemala | Tienda Online","publisher":{"@id":"https:\/\/mivoot.com\/gt\/#organization"},"alternateName":"mivoot","potentialAction":[{"@type":"SearchAction","target":{"@type":"EntryPoint","urlTemplate":"https:\/\/mivoot.com\/gt\/?s={search_term_string}"},"query-input":{"@type":"PropertyValueSpecification","valueRequired":true,"valueName":"search_term_string"}}],"inLanguage":"es"},{"@type":"Organization","@id":"https:\/\/mivoot.com\/gt\/#organization","name":"Mivoot Guatemala","alternateName":"mivoot.com","url":"https:\/\/mivoot.com\/gt\/","logo":{"@type":"ImageObject","inLanguage":"es","@id":"https:\/\/mivoot.com\/gt\/#\/schema\/logo\/image\/","url":"https:\/\/mivoot.com\/gt\/wp-content\/uploads\/2023\/03\/cropped-icon.png","contentUrl":"https:\/\/mivoot.com\/gt\/wp-content\/uploads\/2023\/03\/cropped-icon.png","width":512,"height":512,"caption":"Mivoot Guatemala"},"image":{"@id":"https:\/\/mivoot.com\/gt\/#\/schema\/logo\/image\/"},"sameAs":["https:\/\/www.facebook.com\/mivootgt","https:\/\/instagram.com\/mivoot"]}]}},"jetpack_publicize_connections":[],"jetpack_sharing_enabled":true,"brands":[{"id":318,"name":"Tenda","slug":"tenda"}],"_links":{"self":[{"href":"https:\/\/mivoot.com\/gt\/wp-json\/wp\/v2\/product\/13262","targetHints":{"allow":["GET"]}}],"collection":[{"href":"https:\/\/mivoot.com\/gt\/wp-json\/wp\/v2\/product"}],"about":[{"href":"https:\/\/mivoot.com\/gt\/wp-json\/wp\/v2\/types\/product"}],"replies":[{"embeddable":true,"href":"https:\/\/mivoot.com\/gt\/wp-json\/wp\/v2\/comments?post=13262"}],"version-history":[{"count":1,"href":"https:\/\/mivoot.com\/gt\/wp-json\/wp\/v2\/product\/13262\/revisions"}],"predecessor-version":[{"id":13268,"href":"https:\/\/mivoot.com\/gt\/wp-json\/wp\/v2\/product\/13262\/revisions\/13268"}],"wp:featuredmedia":[{"embeddable":true,"href":"https:\/\/mivoot.com\/gt\/wp-json\/wp\/v2\/media\/13266"}],"wp:attachment":[{"href":"https:\/\/mivoot.com\/gt\/wp-json\/wp\/v2\/media?parent=13262"}],"wp:term":[{"taxonomy":"pwb-brand","embeddable":true,"href":"https:\/\/mivoot.com\/gt\/wp-json\/wp\/v2\/pwb-brand?post=13262"},{"taxonomy":"product_brand","embeddable":true,"href":"https:\/\/mivoot.com\/gt\/wp-json\/wp\/v2\/product_brand?post=13262"},{"taxonomy":"product_cat","embeddable":true,"href":"https:\/\/mivoot.com\/gt\/wp-json\/wp\/v2\/product_cat?post=13262"},{"taxonomy":"product_tag","embeddable":true,"href":"https:\/\/mivoot.com\/gt\/wp-json\/wp\/v2\/product_tag?post=13262"}],"curies":[{"name":"wp","href":"https:\/\/api.w.org\/{rel}","templated":true}]}}