{"id":13382,"date":"2023-04-07T13:35:33","date_gmt":"2023-04-07T19:35:33","guid":{"rendered":"https:\/\/mivoot.com\/gt\/?post_type=product&#038;p=13382"},"modified":"2024-05-30T11:43:04","modified_gmt":"2024-05-30T17:43:04","slug":"camara-2k-wi-fi-con-proyector-de-luz-1000-lumenes-nexxt","status":"publish","type":"product","link":"https:\/\/mivoot.com\/gt\/producto\/camara-2k-wi-fi-con-proyector-de-luz-1000-lumenes-nexxt\/","title":{"rendered":"C\u00e1mara 2K Wi-Fi con Proyector de Luz 1000 L\u00famenes Nexxt"},"content":{"rendered":"<h2 class=\"h3 mb-4\"><span class=\"mr-2\">C\u00e1mara inteligente Wi-Fi con proyector<\/span><\/h2>\n<p>Mini c\u00e1mara con reflector wifi inteligente, esta c\u00e1mara se activa por movimiento con reflector que proyecta un total de 1000 l\u00famenes, presenta una resoluci\u00f3n de 2k, para una calidad de imagen y precisi\u00f3n de color sorprendentes, sirena de 90db incorporada, funciona como un disuasivo efectivo contra intrusos.<\/p>\n<ul>\n<li>C\u00e1mara activada por detecci\u00f3n movimiento con proyector que emite un total de 1000 l\u00famenes<\/li>\n<li>Resoluci\u00f3n de 2K garantiza una calidad de imagen y precisi\u00f3n crom\u00e1tica impresionantes<\/li>\n<li>Accesibilidad a la nube: incrementa la capacidad de almacenamiento mediante la subscripci\u00f3n a un plan de servicios<\/li>\n<li>Grabaci\u00f3n activada por movimiento con notificaciones instant\u00e1neas a tu dispositivo m\u00f3vil<\/li>\n<li>Algoritmo inteligente para la detecci\u00f3n del cuerpo humano minimiza las falsas alarmas<\/li>\n<li>Sirena integrada de 90dB constituye un m\u00e9todo efectivo para disuadir a intrusos<\/li>\n<li>Clasificaci\u00f3n de protecci\u00f3n IP de 65 contra la intemperie ofrece \u00f3ptima protecci\u00f3n y un funcionamiento fiable en cualquier \u00e9poca del a\u00f1o<\/li>\n<li>Almacenamiento a trav\u00e9s de una tarjeta de memoria local microSD\u2122 de hasta 128GB*<\/li>\n<li>Automatizaci\u00f3n de d\u00eda y de noche: olvidarse apagar o encender el proyector es cosa del pasado<\/li>\n<li>Grabaci\u00f3n de videos las 24 horas, los 7 d\u00edas de la semana<\/li>\n<li>Aplicaci\u00f3n gratis, para controlar la c\u00e1mara, luces y la sirena<\/li>\n<li>Admite la visualizaci\u00f3n remota a trav\u00e9s de plataformas iOS y Android\u2122<\/li>\n<li>Luces LED infrarrojas para visi\u00f3n nocturna de hasta 10m de distancia<\/li>\n<\/ul>\n<p>* No incluye tel\u00e9fono inteligente ni tarjeta microSD\u2122<\/p>\n<table class=\"table mb-0 p-info-specification-table\">\n<thead>\n<tr>\n<th colspan=\"2\">\n<h5 class=\"mb-0 pt-4 h6\">C\u00e1mara<\/h5>\n<\/th>\n<\/tr>\n<\/thead>\n<tbody>\n<tr class=\"border-bottom\">\n<th class=\"bg-light font-weight-normal text-dark\" width=\"40%\">Interior\/Exterior<\/th>\n<td width=\"60%\">Interiores \/ Exteriores<\/td>\n<\/tr>\n<tr class=\"border-bottom\">\n<th class=\"bg-light font-weight-normal text-dark\" width=\"40%\">Foco<\/th>\n<td width=\"60%\">Fijo<\/td>\n<\/tr>\n<tr class=\"border-bottom\">\n<th class=\"bg-light font-weight-normal text-dark\" width=\"40%\">Resoluci\u00f3n M\u00e1xima<\/th>\n<td width=\"60%\">3MP<\/td>\n<\/tr>\n<tr class=\"border-bottom\">\n<th class=\"bg-light font-weight-normal text-dark\" width=\"40%\">Sensor de Imagen<\/th>\n<td width=\"60%\">CMOS en color de 1\/2,8 pulgadas<\/td>\n<\/tr>\n<tr class=\"border-bottom\">\n<th class=\"bg-light font-weight-normal text-dark\" width=\"40%\">Interfaces<\/th>\n<td width=\"60%\">WiFi<\/td>\n<\/tr>\n<tr class=\"border-bottom\">\n<th class=\"bg-light font-weight-normal text-dark\" width=\"40%\">Angulo de Ajuste<\/th>\n<td width=\"60%\">100 grados<\/td>\n<\/tr>\n<tr class=\"border-bottom\">\n<th class=\"bg-light font-weight-normal text-dark\" width=\"40%\">Lente y Campo de Visi\u00f3n<\/th>\n<td width=\"60%\">Fijo de 4mm<\/td>\n<\/tr>\n<\/tbody>\n<thead>\n<tr>\n<th colspan=\"2\">\n<h5 class=\"mb-0 pt-4 h6\">Video<\/h5>\n<\/th>\n<\/tr>\n<\/thead>\n<tbody>\n<tr class=\"border-bottom\">\n<th class=\"bg-light font-weight-normal text-dark\" width=\"40%\">Cuadros por Segundo<\/th>\n<td width=\"60%\">20fps<\/td>\n<\/tr>\n<tr class=\"border-bottom\">\n<th class=\"bg-light font-weight-normal text-dark\" width=\"40%\">Compresi\u00f3n<\/th>\n<td width=\"60%\">H.265<\/td>\n<\/tr>\n<\/tbody>\n<thead>\n<tr>\n<th colspan=\"2\">\n<h5 class=\"mb-0 pt-4 h6\">General<\/h5>\n<\/th>\n<\/tr>\n<\/thead>\n<tbody>\n<tr class=\"border-bottom\">\n<th class=\"bg-light font-weight-normal text-dark\" width=\"40%\">Energ\u00eda<\/th>\n<td width=\"60%\">&#8211; Tensi\u00f3n: 100-240VAC at 50\/60Hz<\/td>\n<\/tr>\n<tr class=\"border-bottom\">\n<th class=\"bg-light font-weight-normal text-dark\" width=\"40%\">Dimensiones(cm)<\/th>\n<td width=\"60%\">18.5 x 5.5 x 4.5cm<\/td>\n<\/tr>\n<tr class=\"border-bottom\">\n<th class=\"bg-light font-weight-normal text-dark\" width=\"40%\">Peso<\/th>\n<td width=\"60%\">0.25kg<\/td>\n<\/tr>\n<\/tbody>\n<\/table>\n<p><img decoding=\"async\" src=\"https:\/\/nexxt-connectivity-frontend.s3.amazonaws.com\/media\/img\/nhc-f410_inf_dk.jpg\" \/><\/p>\n<p><img fetchpriority=\"high\" decoding=\"async\" class=\"alignnone size-full wp-image-13384\" src=\"https:\/\/mivoot.com\/gt\/wp-content\/uploads\/2023\/04\/Captura.png\" alt=\"\" width=\"1166\" height=\"542\" srcset=\"https:\/\/mivoot.com\/gt\/wp-content\/uploads\/2023\/04\/Captura.png 1166w, https:\/\/mivoot.com\/gt\/wp-content\/uploads\/2023\/04\/Captura-410x191.png 410w, https:\/\/mivoot.com\/gt\/wp-content\/uploads\/2023\/04\/Captura-64x30.png 64w, https:\/\/mivoot.com\/gt\/wp-content\/uploads\/2023\/04\/Captura-300x139.png 300w, https:\/\/mivoot.com\/gt\/wp-content\/uploads\/2023\/04\/Captura-768x357.png 768w\" sizes=\"(max-width: 1166px) 100vw, 1166px\" \/><\/p>\n","protected":false},"excerpt":{"rendered":"<p>C\u00e1mara activada por detecci\u00f3n movimiento con proyector que emite un total de 1000 l\u00famenes<br \/>\nResoluci\u00f3n de 2K garantiza una calidad de imagen y precisi\u00f3n crom\u00e1tica impresionantes<br \/>\nAccesibilidad a la nube: incrementa la capacidad de almacenamiento mediante la subscripci\u00f3n a un plan de servicios<br \/>\nInterior\/Exterior Interiores \/ Exteriores<br \/>\nFoco Fijo<br \/>\nResoluci\u00f3n M\u00e1xima 3MP<br \/>\nSensor de Imagen CMOS en color de 1\/2,8 pulgadas<br \/>\nInterfaces WiFi<br \/>\nAngulo de Ajuste 100 grados<br \/>\nLente y Campo de Visi\u00f3n Fijo de 4mm<\/p>\n","protected":false},"featured_media":13392,"comment_status":"open","ping_status":"closed","template":"","meta":{"jetpack_publicize_message":"","jetpack_publicize_feature_enabled":true,"jetpack_social_post_already_shared":true,"jetpack_social_options":{"image_generator_settings":{"template":"highway","default_image_id":0,"font":"","enabled":false},"version":2}},"pwb-brand":[72],"product_brand":[],"product_cat":[401,28],"product_tag":[],"class_list":{"0":"post-13382","1":"product","2":"type-product","3":"status-publish","4":"has-post-thumbnail","6":"pwb-brand-nexxt","7":"product_cat-camaras-wi-fi-inalambricas","8":"product_cat-smart-home","10":"first","11":"instock","12":"sale","13":"taxable","14":"shipping-taxable","15":"purchasable","16":"product-type-simple"},"yoast_head":"<!-- This site is optimized with the Yoast SEO Premium plugin v25.7.1 (Yoast SEO v26.8) - https:\/\/yoast.com\/product\/yoast-seo-premium-wordpress\/ -->\n<title>C\u00e1mara 2K Wi-Fi con Proyector de Luz 1000 L\u00famenes Nexxt - Mivoot<\/title>\n<meta name=\"robots\" content=\"index, follow, max-snippet:-1, max-image-preview:large, max-video-preview:-1\" \/>\n<link rel=\"canonical\" href=\"https:\/\/mivoot.com\/gt\/producto\/camara-2k-wi-fi-con-proyector-de-luz-1000-lumenes-nexxt\/\" \/>\n<meta property=\"og:locale\" content=\"es_ES\" \/>\n<meta property=\"og:type\" content=\"article\" \/>\n<meta property=\"og:title\" content=\"C\u00e1mara 2K Wi-Fi con Proyector de Luz 1000 L\u00famenes Nexxt\" \/>\n<meta property=\"og:description\" content=\"C\u00e1mara activada por detecci\u00f3n movimiento con proyector que emite un total de 1000 l\u00famenes Resoluci\u00f3n de 2K garantiza una calidad de imagen y precisi\u00f3n crom\u00e1tica impresionantes Accesibilidad a la nube: incrementa la capacidad de almacenamiento mediante la subscripci\u00f3n a un plan de servicios Interior\/Exterior Interiores \/ Exteriores Foco Fijo Resoluci\u00f3n M\u00e1xima 3MP Sensor de Imagen CMOS en color de 1\/2,8 pulgadas Interfaces WiFi Angulo de Ajuste 100 grados Lente y Campo de Visi\u00f3n Fijo de 4mm\" \/>\n<meta property=\"og:url\" content=\"https:\/\/mivoot.com\/gt\/producto\/camara-2k-wi-fi-con-proyector-de-luz-1000-lumenes-nexxt\/\" \/>\n<meta property=\"og:site_name\" content=\"Mivoot\" \/>\n<meta property=\"article:publisher\" content=\"https:\/\/www.facebook.com\/mivootgt\" \/>\n<meta property=\"article:modified_time\" content=\"2024-05-30T17:43:04+00:00\" \/>\n<meta property=\"og:image\" content=\"https:\/\/mivoot.com\/gt\/wp-content\/uploads\/2023\/04\/nhc-f410_land.jpg\" \/>\n\t<meta property=\"og:image:width\" content=\"800\" \/>\n\t<meta property=\"og:image:height\" content=\"800\" \/>\n\t<meta property=\"og:image:type\" content=\"image\/jpeg\" \/>\n<meta name=\"twitter:card\" content=\"summary_large_image\" \/>\n<meta name=\"twitter:label1\" content=\"Est. reading time\" \/>\n\t<meta name=\"twitter:data1\" content=\"2 minutos\" \/>\n<script type=\"application\/ld+json\" class=\"yoast-schema-graph\">{\"@context\":\"https:\/\/schema.org\",\"@graph\":[{\"@type\":\"WebPage\",\"@id\":\"https:\/\/mivoot.com\/gt\/producto\/camara-2k-wi-fi-con-proyector-de-luz-1000-lumenes-nexxt\/\",\"url\":\"https:\/\/mivoot.com\/gt\/producto\/camara-2k-wi-fi-con-proyector-de-luz-1000-lumenes-nexxt\/\",\"name\":\"C\u00e1mara 2K Wi-Fi con Proyector de Luz 1000 L\u00famenes Nexxt - Mivoot\",\"isPartOf\":{\"@id\":\"https:\/\/mivoot.com\/gt\/#website\"},\"primaryImageOfPage\":{\"@id\":\"https:\/\/mivoot.com\/gt\/producto\/camara-2k-wi-fi-con-proyector-de-luz-1000-lumenes-nexxt\/#primaryimage\"},\"image\":{\"@id\":\"https:\/\/mivoot.com\/gt\/producto\/camara-2k-wi-fi-con-proyector-de-luz-1000-lumenes-nexxt\/#primaryimage\"},\"thumbnailUrl\":\"https:\/\/mivoot.com\/gt\/wp-content\/uploads\/2023\/04\/nhc-f410_land.jpg\",\"datePublished\":\"2023-04-07T19:35:33+00:00\",\"dateModified\":\"2024-05-30T17:43:04+00:00\",\"breadcrumb\":{\"@id\":\"https:\/\/mivoot.com\/gt\/producto\/camara-2k-wi-fi-con-proyector-de-luz-1000-lumenes-nexxt\/#breadcrumb\"},\"inLanguage\":\"es\",\"potentialAction\":[{\"@type\":\"ReadAction\",\"target\":[\"https:\/\/mivoot.com\/gt\/producto\/camara-2k-wi-fi-con-proyector-de-luz-1000-lumenes-nexxt\/\"]}]},{\"@type\":\"ImageObject\",\"inLanguage\":\"es\",\"@id\":\"https:\/\/mivoot.com\/gt\/producto\/camara-2k-wi-fi-con-proyector-de-luz-1000-lumenes-nexxt\/#primaryimage\",\"url\":\"https:\/\/mivoot.com\/gt\/wp-content\/uploads\/2023\/04\/nhc-f410_land.jpg\",\"contentUrl\":\"https:\/\/mivoot.com\/gt\/wp-content\/uploads\/2023\/04\/nhc-f410_land.jpg\",\"width\":800,\"height\":800},{\"@type\":\"BreadcrumbList\",\"@id\":\"https:\/\/mivoot.com\/gt\/producto\/camara-2k-wi-fi-con-proyector-de-luz-1000-lumenes-nexxt\/#breadcrumb\",\"itemListElement\":[{\"@type\":\"ListItem\",\"position\":1,\"name\":\"Inicio\",\"item\":\"https:\/\/mivoot.com\/gt\/\"},{\"@type\":\"ListItem\",\"position\":2,\"name\":\"Productos\",\"item\":\"https:\/\/mivoot.com\/gt\/producto\/\"},{\"@type\":\"ListItem\",\"position\":3,\"name\":\"Nexxt\",\"item\":\"https:\/\/mivoot.com\/gt\/marca\/nexxt\/\"},{\"@type\":\"ListItem\",\"position\":4,\"name\":\"C\u00e1mara 2K Wi-Fi con Proyector de Luz 1000 L\u00famenes Nexxt\"}]},{\"@type\":\"WebSite\",\"@id\":\"https:\/\/mivoot.com\/gt\/#website\",\"url\":\"https:\/\/mivoot.com\/gt\/\",\"name\":\"Mivoot\",\"description\":\"Mivoot Guatemala | Tienda Online\",\"publisher\":{\"@id\":\"https:\/\/mivoot.com\/gt\/#organization\"},\"alternateName\":\"mivoot\",\"potentialAction\":[{\"@type\":\"SearchAction\",\"target\":{\"@type\":\"EntryPoint\",\"urlTemplate\":\"https:\/\/mivoot.com\/gt\/?s={search_term_string}\"},\"query-input\":{\"@type\":\"PropertyValueSpecification\",\"valueRequired\":true,\"valueName\":\"search_term_string\"}}],\"inLanguage\":\"es\"},{\"@type\":\"Organization\",\"@id\":\"https:\/\/mivoot.com\/gt\/#organization\",\"name\":\"Mivoot Guatemala\",\"alternateName\":\"mivoot.com\",\"url\":\"https:\/\/mivoot.com\/gt\/\",\"logo\":{\"@type\":\"ImageObject\",\"inLanguage\":\"es\",\"@id\":\"https:\/\/mivoot.com\/gt\/#\/schema\/logo\/image\/\",\"url\":\"https:\/\/mivoot.com\/gt\/wp-content\/uploads\/2023\/03\/cropped-icon.png\",\"contentUrl\":\"https:\/\/mivoot.com\/gt\/wp-content\/uploads\/2023\/03\/cropped-icon.png\",\"width\":512,\"height\":512,\"caption\":\"Mivoot Guatemala\"},\"image\":{\"@id\":\"https:\/\/mivoot.com\/gt\/#\/schema\/logo\/image\/\"},\"sameAs\":[\"https:\/\/www.facebook.com\/mivootgt\",\"https:\/\/instagram.com\/mivoot\"]}]}<\/script>\n<!-- \/ Yoast SEO Premium plugin. -->","yoast_head_json":{"title":"C\u00e1mara 2K Wi-Fi con Proyector de Luz 1000 L\u00famenes Nexxt - Mivoot","robots":{"index":"index","follow":"follow","max-snippet":"max-snippet:-1","max-image-preview":"max-image-preview:large","max-video-preview":"max-video-preview:-1"},"canonical":"https:\/\/mivoot.com\/gt\/producto\/camara-2k-wi-fi-con-proyector-de-luz-1000-lumenes-nexxt\/","og_locale":"es_ES","og_type":"article","og_title":"C\u00e1mara 2K Wi-Fi con Proyector de Luz 1000 L\u00famenes Nexxt","og_description":"C\u00e1mara activada por detecci\u00f3n movimiento con proyector que emite un total de 1000 l\u00famenes Resoluci\u00f3n de 2K garantiza una calidad de imagen y precisi\u00f3n crom\u00e1tica impresionantes Accesibilidad a la nube: incrementa la capacidad de almacenamiento mediante la subscripci\u00f3n a un plan de servicios Interior\/Exterior Interiores \/ Exteriores Foco Fijo Resoluci\u00f3n M\u00e1xima 3MP Sensor de Imagen CMOS en color de 1\/2,8 pulgadas Interfaces WiFi Angulo de Ajuste 100 grados Lente y Campo de Visi\u00f3n Fijo de 4mm","og_url":"https:\/\/mivoot.com\/gt\/producto\/camara-2k-wi-fi-con-proyector-de-luz-1000-lumenes-nexxt\/","og_site_name":"Mivoot","article_publisher":"https:\/\/www.facebook.com\/mivootgt","article_modified_time":"2024-05-30T17:43:04+00:00","og_image":[{"width":800,"height":800,"url":"https:\/\/mivoot.com\/gt\/wp-content\/uploads\/2023\/04\/nhc-f410_land.jpg","type":"image\/jpeg"}],"twitter_card":"summary_large_image","twitter_misc":{"Est. reading time":"2 minutos"},"schema":{"@context":"https:\/\/schema.org","@graph":[{"@type":"WebPage","@id":"https:\/\/mivoot.com\/gt\/producto\/camara-2k-wi-fi-con-proyector-de-luz-1000-lumenes-nexxt\/","url":"https:\/\/mivoot.com\/gt\/producto\/camara-2k-wi-fi-con-proyector-de-luz-1000-lumenes-nexxt\/","name":"C\u00e1mara 2K Wi-Fi con Proyector de Luz 1000 L\u00famenes Nexxt - Mivoot","isPartOf":{"@id":"https:\/\/mivoot.com\/gt\/#website"},"primaryImageOfPage":{"@id":"https:\/\/mivoot.com\/gt\/producto\/camara-2k-wi-fi-con-proyector-de-luz-1000-lumenes-nexxt\/#primaryimage"},"image":{"@id":"https:\/\/mivoot.com\/gt\/producto\/camara-2k-wi-fi-con-proyector-de-luz-1000-lumenes-nexxt\/#primaryimage"},"thumbnailUrl":"https:\/\/mivoot.com\/gt\/wp-content\/uploads\/2023\/04\/nhc-f410_land.jpg","datePublished":"2023-04-07T19:35:33+00:00","dateModified":"2024-05-30T17:43:04+00:00","breadcrumb":{"@id":"https:\/\/mivoot.com\/gt\/producto\/camara-2k-wi-fi-con-proyector-de-luz-1000-lumenes-nexxt\/#breadcrumb"},"inLanguage":"es","potentialAction":[{"@type":"ReadAction","target":["https:\/\/mivoot.com\/gt\/producto\/camara-2k-wi-fi-con-proyector-de-luz-1000-lumenes-nexxt\/"]}]},{"@type":"ImageObject","inLanguage":"es","@id":"https:\/\/mivoot.com\/gt\/producto\/camara-2k-wi-fi-con-proyector-de-luz-1000-lumenes-nexxt\/#primaryimage","url":"https:\/\/mivoot.com\/gt\/wp-content\/uploads\/2023\/04\/nhc-f410_land.jpg","contentUrl":"https:\/\/mivoot.com\/gt\/wp-content\/uploads\/2023\/04\/nhc-f410_land.jpg","width":800,"height":800},{"@type":"BreadcrumbList","@id":"https:\/\/mivoot.com\/gt\/producto\/camara-2k-wi-fi-con-proyector-de-luz-1000-lumenes-nexxt\/#breadcrumb","itemListElement":[{"@type":"ListItem","position":1,"name":"Inicio","item":"https:\/\/mivoot.com\/gt\/"},{"@type":"ListItem","position":2,"name":"Productos","item":"https:\/\/mivoot.com\/gt\/producto\/"},{"@type":"ListItem","position":3,"name":"Nexxt","item":"https:\/\/mivoot.com\/gt\/marca\/nexxt\/"},{"@type":"ListItem","position":4,"name":"C\u00e1mara 2K Wi-Fi con Proyector de Luz 1000 L\u00famenes Nexxt"}]},{"@type":"WebSite","@id":"https:\/\/mivoot.com\/gt\/#website","url":"https:\/\/mivoot.com\/gt\/","name":"Mivoot","description":"Mivoot Guatemala | Tienda Online","publisher":{"@id":"https:\/\/mivoot.com\/gt\/#organization"},"alternateName":"mivoot","potentialAction":[{"@type":"SearchAction","target":{"@type":"EntryPoint","urlTemplate":"https:\/\/mivoot.com\/gt\/?s={search_term_string}"},"query-input":{"@type":"PropertyValueSpecification","valueRequired":true,"valueName":"search_term_string"}}],"inLanguage":"es"},{"@type":"Organization","@id":"https:\/\/mivoot.com\/gt\/#organization","name":"Mivoot Guatemala","alternateName":"mivoot.com","url":"https:\/\/mivoot.com\/gt\/","logo":{"@type":"ImageObject","inLanguage":"es","@id":"https:\/\/mivoot.com\/gt\/#\/schema\/logo\/image\/","url":"https:\/\/mivoot.com\/gt\/wp-content\/uploads\/2023\/03\/cropped-icon.png","contentUrl":"https:\/\/mivoot.com\/gt\/wp-content\/uploads\/2023\/03\/cropped-icon.png","width":512,"height":512,"caption":"Mivoot Guatemala"},"image":{"@id":"https:\/\/mivoot.com\/gt\/#\/schema\/logo\/image\/"},"sameAs":["https:\/\/www.facebook.com\/mivootgt","https:\/\/instagram.com\/mivoot"]}]}},"jetpack_publicize_connections":[],"jetpack_sharing_enabled":true,"brands":[{"id":72,"name":"Nexxt","slug":"nexxt"}],"_links":{"self":[{"href":"https:\/\/mivoot.com\/gt\/wp-json\/wp\/v2\/product\/13382","targetHints":{"allow":["GET"]}}],"collection":[{"href":"https:\/\/mivoot.com\/gt\/wp-json\/wp\/v2\/product"}],"about":[{"href":"https:\/\/mivoot.com\/gt\/wp-json\/wp\/v2\/types\/product"}],"replies":[{"embeddable":true,"href":"https:\/\/mivoot.com\/gt\/wp-json\/wp\/v2\/comments?post=13382"}],"version-history":[{"count":2,"href":"https:\/\/mivoot.com\/gt\/wp-json\/wp\/v2\/product\/13382\/revisions"}],"predecessor-version":[{"id":13394,"href":"https:\/\/mivoot.com\/gt\/wp-json\/wp\/v2\/product\/13382\/revisions\/13394"}],"wp:featuredmedia":[{"embeddable":true,"href":"https:\/\/mivoot.com\/gt\/wp-json\/wp\/v2\/media\/13392"}],"wp:attachment":[{"href":"https:\/\/mivoot.com\/gt\/wp-json\/wp\/v2\/media?parent=13382"}],"wp:term":[{"taxonomy":"pwb-brand","embeddable":true,"href":"https:\/\/mivoot.com\/gt\/wp-json\/wp\/v2\/pwb-brand?post=13382"},{"taxonomy":"product_brand","embeddable":true,"href":"https:\/\/mivoot.com\/gt\/wp-json\/wp\/v2\/product_brand?post=13382"},{"taxonomy":"product_cat","embeddable":true,"href":"https:\/\/mivoot.com\/gt\/wp-json\/wp\/v2\/product_cat?post=13382"},{"taxonomy":"product_tag","embeddable":true,"href":"https:\/\/mivoot.com\/gt\/wp-json\/wp\/v2\/product_tag?post=13382"}],"curies":[{"name":"wp","href":"https:\/\/api.w.org\/{rel}","templated":true}]}}