{"id":13404,"date":"2023-04-07T13:53:14","date_gmt":"2023-04-07T19:53:14","guid":{"rendered":"https:\/\/mivoot.com\/gt\/?post_type=product&#038;p=13404"},"modified":"2024-05-30T11:37:21","modified_gmt":"2024-05-30T17:37:21","slug":"timbre-inteligente-con-camara-wi-fi-nexxt","status":"publish","type":"product","link":"https:\/\/mivoot.com\/gt\/producto\/timbre-inteligente-con-camara-wi-fi-nexxt\/","title":{"rendered":"Timbre Inteligente con C\u00e1mara Wi-Fi Nexxt"},"content":{"rendered":"<h1 class=\"product_title entry-title wd-entities-title\">Nexxt Home Smart Timbre inteligente con Camara \u2013 NHC-D100<\/h1>\n<p>Recibe notificaciones instant\u00e1neas cada vez que alguien se acerca al umbral de tu puerta<br \/>\nGrabaci\u00f3n de video por detecci\u00f3n de movimiento con alertas autom\u00e1ticas para que nunca m\u00e1s te pierdas un momento importante<br \/>\nVigilancia en alta definici\u00f3n: la resoluci\u00f3n de 1080p garantiza im\u00e1genes n\u00edtidas en tiempo real aun en condiciones m\u00ednimas de luminosidad<br \/>\nAvanzada visi\u00f3n nocturna<br \/>\nVers\u00e1til: pr\u00e1ctica instalaci\u00f3n sin cables para funcionar con bater\u00eda o conectada a la red el\u00e9ctrica para un suministro continuo de energ\u00eda<br \/>\nLa campanilla enchufable dispone de 52 tonos para escoger<br \/>\nAmplio espectro visual de 110\u00b0<\/p>\n<div class=\"accTitle flex justify-between align-items-center\">\n<h5>En la Caja<\/h5>\n<\/div>\n<div class=\"accContent\">\n<ul>\n<li>1x Timbre inteligente<\/li>\n<li>1x Campanilla enchufable<\/li>\n<li>1x Placa resistente a la manipulaci\u00f3n<\/li>\n<li>1x Soporte en \u00e1ngulo para timbre<\/li>\n<li>1x Autoadhesivo 3 M con plantilla de montaje<\/li>\n<li>1x Gu\u00eda de configuraci\u00f3n r\u00e1pida<\/li>\n<li>1x Cable USB<\/li>\n<li>1x Herramienta para tornillo de seguridad<\/li>\n<li>5x Tornillos<\/li>\n<li>2x Tarugo de pl\u00e1stico<\/li>\n<li>2x Conector de rosca para cable<\/li>\n<li>2x Alambre para conexi\u00f3n el\u00e9ctrica<\/li>\n<\/ul>\n<p><img decoding=\"async\" src=\"https:\/\/cdn.shopify.com\/s\/files\/1\/1161\/3498\/files\/13.png?v=1679510807\" \/><\/p>\n<\/div>\n","protected":false},"excerpt":{"rendered":"<p>Timbre inteligente con c\u00e1mara<br \/>\nPermite ver a la persona que est\u00e1 tocando tu puerta y hablar con ella, incluso cuando no te encuentras en casa<br \/>\nSistema avanzado de detecci\u00f3n de cuerpo humano que disminuye las notificaciones innecesarias generadas por la ca\u00edda de ramas, animales peque\u00f1os o el paso de veh\u00edculos<br \/>\nCuenta con 52 tonos diferentes de timbrado<br \/>\nVolumen ajustable<br \/>\nC\u00e1mara con resoluci\u00f3n de 1080p que garantiza im\u00e1genes n\u00edtidas y claras en tiempo real, incluso en condiciones de baja luminosidad<br \/>\nVisi\u00f3n nocturna<br \/>\nAmplio espectro visual de 110\u00b0<\/p>\n","protected":false},"featured_media":13413,"comment_status":"open","ping_status":"closed","template":"","meta":{"jetpack_publicize_message":"","jetpack_publicize_feature_enabled":true,"jetpack_social_post_already_shared":true,"jetpack_social_options":{"image_generator_settings":{"template":"highway","default_image_id":0,"font":"","enabled":false},"version":2}},"pwb-brand":[72],"product_brand":[],"product_cat":[401,28,356],"product_tag":[],"class_list":{"0":"post-13404","1":"product","2":"type-product","3":"status-publish","4":"has-post-thumbnail","6":"pwb-brand-nexxt","7":"product_cat-camaras-wi-fi-inalambricas","8":"product_cat-smart-home","9":"product_cat-video-portero","11":"first","12":"instock","13":"taxable","14":"shipping-taxable","15":"purchasable","16":"product-type-simple"},"yoast_head":"<!-- This site is optimized with the Yoast SEO Premium plugin v25.7.1 (Yoast SEO v26.8) - https:\/\/yoast.com\/product\/yoast-seo-premium-wordpress\/ -->\n<title>Timbre Inteligente con C\u00e1mara Wi-Fi Nexxt - Mivoot<\/title>\n<meta name=\"robots\" content=\"index, follow, max-snippet:-1, max-image-preview:large, max-video-preview:-1\" \/>\n<link rel=\"canonical\" href=\"https:\/\/mivoot.com\/gt\/producto\/timbre-inteligente-con-camara-wi-fi-nexxt\/\" \/>\n<meta property=\"og:locale\" content=\"es_ES\" \/>\n<meta property=\"og:type\" content=\"article\" \/>\n<meta property=\"og:title\" content=\"Timbre Inteligente con C\u00e1mara Wi-Fi Nexxt\" \/>\n<meta property=\"og:description\" content=\"Timbre inteligente con c\u00e1mara Permite ver a la persona que est\u00e1 tocando tu puerta y hablar con ella, incluso cuando no te encuentras en casa Sistema avanzado de detecci\u00f3n de cuerpo humano que disminuye las notificaciones innecesarias generadas por la ca\u00edda de ramas, animales peque\u00f1os o el paso de veh\u00edculos Cuenta con 52 tonos diferentes de timbrado Volumen ajustable C\u00e1mara con resoluci\u00f3n de 1080p que garantiza im\u00e1genes n\u00edtidas y claras en tiempo real, incluso en condiciones de baja luminosidad Visi\u00f3n nocturna Amplio espectro visual de 110\u00b0\" \/>\n<meta property=\"og:url\" content=\"https:\/\/mivoot.com\/gt\/producto\/timbre-inteligente-con-camara-wi-fi-nexxt\/\" \/>\n<meta property=\"og:site_name\" content=\"Mivoot\" \/>\n<meta property=\"article:publisher\" content=\"https:\/\/www.facebook.com\/mivootgt\" \/>\n<meta property=\"article:modified_time\" content=\"2024-05-30T17:37:21+00:00\" \/>\n<meta property=\"og:image\" content=\"https:\/\/mivoot.com\/gt\/wp-content\/uploads\/2023\/04\/NHC-D100-Nexxt-Solutions-Connectivity-Incluye-sirena.jpg\" \/>\n\t<meta property=\"og:image:width\" content=\"500\" \/>\n\t<meta property=\"og:image:height\" content=\"500\" \/>\n\t<meta property=\"og:image:type\" content=\"image\/jpeg\" \/>\n<meta name=\"twitter:card\" content=\"summary_large_image\" \/>\n<meta name=\"twitter:label1\" content=\"Est. reading time\" \/>\n\t<meta name=\"twitter:data1\" content=\"1 minuto\" \/>\n<script type=\"application\/ld+json\" class=\"yoast-schema-graph\">{\"@context\":\"https:\/\/schema.org\",\"@graph\":[{\"@type\":\"WebPage\",\"@id\":\"https:\/\/mivoot.com\/gt\/producto\/timbre-inteligente-con-camara-wi-fi-nexxt\/\",\"url\":\"https:\/\/mivoot.com\/gt\/producto\/timbre-inteligente-con-camara-wi-fi-nexxt\/\",\"name\":\"Timbre Inteligente con C\u00e1mara Wi-Fi Nexxt - Mivoot\",\"isPartOf\":{\"@id\":\"https:\/\/mivoot.com\/gt\/#website\"},\"primaryImageOfPage\":{\"@id\":\"https:\/\/mivoot.com\/gt\/producto\/timbre-inteligente-con-camara-wi-fi-nexxt\/#primaryimage\"},\"image\":{\"@id\":\"https:\/\/mivoot.com\/gt\/producto\/timbre-inteligente-con-camara-wi-fi-nexxt\/#primaryimage\"},\"thumbnailUrl\":\"https:\/\/mivoot.com\/gt\/wp-content\/uploads\/2023\/04\/NHC-D100-Nexxt-Solutions-Connectivity-Incluye-sirena.jpg\",\"datePublished\":\"2023-04-07T19:53:14+00:00\",\"dateModified\":\"2024-05-30T17:37:21+00:00\",\"breadcrumb\":{\"@id\":\"https:\/\/mivoot.com\/gt\/producto\/timbre-inteligente-con-camara-wi-fi-nexxt\/#breadcrumb\"},\"inLanguage\":\"es\",\"potentialAction\":[{\"@type\":\"ReadAction\",\"target\":[\"https:\/\/mivoot.com\/gt\/producto\/timbre-inteligente-con-camara-wi-fi-nexxt\/\"]}]},{\"@type\":\"ImageObject\",\"inLanguage\":\"es\",\"@id\":\"https:\/\/mivoot.com\/gt\/producto\/timbre-inteligente-con-camara-wi-fi-nexxt\/#primaryimage\",\"url\":\"https:\/\/mivoot.com\/gt\/wp-content\/uploads\/2023\/04\/NHC-D100-Nexxt-Solutions-Connectivity-Incluye-sirena.jpg\",\"contentUrl\":\"https:\/\/mivoot.com\/gt\/wp-content\/uploads\/2023\/04\/NHC-D100-Nexxt-Solutions-Connectivity-Incluye-sirena.jpg\",\"width\":500,\"height\":500},{\"@type\":\"BreadcrumbList\",\"@id\":\"https:\/\/mivoot.com\/gt\/producto\/timbre-inteligente-con-camara-wi-fi-nexxt\/#breadcrumb\",\"itemListElement\":[{\"@type\":\"ListItem\",\"position\":1,\"name\":\"Inicio\",\"item\":\"https:\/\/mivoot.com\/gt\/\"},{\"@type\":\"ListItem\",\"position\":2,\"name\":\"Productos\",\"item\":\"https:\/\/mivoot.com\/gt\/producto\/\"},{\"@type\":\"ListItem\",\"position\":3,\"name\":\"Nexxt\",\"item\":\"https:\/\/mivoot.com\/gt\/marca\/nexxt\/\"},{\"@type\":\"ListItem\",\"position\":4,\"name\":\"Timbre Inteligente con C\u00e1mara Wi-Fi Nexxt\"}]},{\"@type\":\"WebSite\",\"@id\":\"https:\/\/mivoot.com\/gt\/#website\",\"url\":\"https:\/\/mivoot.com\/gt\/\",\"name\":\"Mivoot\",\"description\":\"Mivoot Guatemala | Tienda Online\",\"publisher\":{\"@id\":\"https:\/\/mivoot.com\/gt\/#organization\"},\"alternateName\":\"mivoot\",\"potentialAction\":[{\"@type\":\"SearchAction\",\"target\":{\"@type\":\"EntryPoint\",\"urlTemplate\":\"https:\/\/mivoot.com\/gt\/?s={search_term_string}\"},\"query-input\":{\"@type\":\"PropertyValueSpecification\",\"valueRequired\":true,\"valueName\":\"search_term_string\"}}],\"inLanguage\":\"es\"},{\"@type\":\"Organization\",\"@id\":\"https:\/\/mivoot.com\/gt\/#organization\",\"name\":\"Mivoot Guatemala\",\"alternateName\":\"mivoot.com\",\"url\":\"https:\/\/mivoot.com\/gt\/\",\"logo\":{\"@type\":\"ImageObject\",\"inLanguage\":\"es\",\"@id\":\"https:\/\/mivoot.com\/gt\/#\/schema\/logo\/image\/\",\"url\":\"https:\/\/mivoot.com\/gt\/wp-content\/uploads\/2023\/03\/cropped-icon.png\",\"contentUrl\":\"https:\/\/mivoot.com\/gt\/wp-content\/uploads\/2023\/03\/cropped-icon.png\",\"width\":512,\"height\":512,\"caption\":\"Mivoot Guatemala\"},\"image\":{\"@id\":\"https:\/\/mivoot.com\/gt\/#\/schema\/logo\/image\/\"},\"sameAs\":[\"https:\/\/www.facebook.com\/mivootgt\",\"https:\/\/instagram.com\/mivoot\"]}]}<\/script>\n<!-- \/ Yoast SEO Premium plugin. -->","yoast_head_json":{"title":"Timbre Inteligente con C\u00e1mara Wi-Fi Nexxt - Mivoot","robots":{"index":"index","follow":"follow","max-snippet":"max-snippet:-1","max-image-preview":"max-image-preview:large","max-video-preview":"max-video-preview:-1"},"canonical":"https:\/\/mivoot.com\/gt\/producto\/timbre-inteligente-con-camara-wi-fi-nexxt\/","og_locale":"es_ES","og_type":"article","og_title":"Timbre Inteligente con C\u00e1mara Wi-Fi Nexxt","og_description":"Timbre inteligente con c\u00e1mara Permite ver a la persona que est\u00e1 tocando tu puerta y hablar con ella, incluso cuando no te encuentras en casa Sistema avanzado de detecci\u00f3n de cuerpo humano que disminuye las notificaciones innecesarias generadas por la ca\u00edda de ramas, animales peque\u00f1os o el paso de veh\u00edculos Cuenta con 52 tonos diferentes de timbrado Volumen ajustable C\u00e1mara con resoluci\u00f3n de 1080p que garantiza im\u00e1genes n\u00edtidas y claras en tiempo real, incluso en condiciones de baja luminosidad Visi\u00f3n nocturna Amplio espectro visual de 110\u00b0","og_url":"https:\/\/mivoot.com\/gt\/producto\/timbre-inteligente-con-camara-wi-fi-nexxt\/","og_site_name":"Mivoot","article_publisher":"https:\/\/www.facebook.com\/mivootgt","article_modified_time":"2024-05-30T17:37:21+00:00","og_image":[{"width":500,"height":500,"url":"https:\/\/mivoot.com\/gt\/wp-content\/uploads\/2023\/04\/NHC-D100-Nexxt-Solutions-Connectivity-Incluye-sirena.jpg","type":"image\/jpeg"}],"twitter_card":"summary_large_image","twitter_misc":{"Est. reading time":"1 minuto"},"schema":{"@context":"https:\/\/schema.org","@graph":[{"@type":"WebPage","@id":"https:\/\/mivoot.com\/gt\/producto\/timbre-inteligente-con-camara-wi-fi-nexxt\/","url":"https:\/\/mivoot.com\/gt\/producto\/timbre-inteligente-con-camara-wi-fi-nexxt\/","name":"Timbre Inteligente con C\u00e1mara Wi-Fi Nexxt - Mivoot","isPartOf":{"@id":"https:\/\/mivoot.com\/gt\/#website"},"primaryImageOfPage":{"@id":"https:\/\/mivoot.com\/gt\/producto\/timbre-inteligente-con-camara-wi-fi-nexxt\/#primaryimage"},"image":{"@id":"https:\/\/mivoot.com\/gt\/producto\/timbre-inteligente-con-camara-wi-fi-nexxt\/#primaryimage"},"thumbnailUrl":"https:\/\/mivoot.com\/gt\/wp-content\/uploads\/2023\/04\/NHC-D100-Nexxt-Solutions-Connectivity-Incluye-sirena.jpg","datePublished":"2023-04-07T19:53:14+00:00","dateModified":"2024-05-30T17:37:21+00:00","breadcrumb":{"@id":"https:\/\/mivoot.com\/gt\/producto\/timbre-inteligente-con-camara-wi-fi-nexxt\/#breadcrumb"},"inLanguage":"es","potentialAction":[{"@type":"ReadAction","target":["https:\/\/mivoot.com\/gt\/producto\/timbre-inteligente-con-camara-wi-fi-nexxt\/"]}]},{"@type":"ImageObject","inLanguage":"es","@id":"https:\/\/mivoot.com\/gt\/producto\/timbre-inteligente-con-camara-wi-fi-nexxt\/#primaryimage","url":"https:\/\/mivoot.com\/gt\/wp-content\/uploads\/2023\/04\/NHC-D100-Nexxt-Solutions-Connectivity-Incluye-sirena.jpg","contentUrl":"https:\/\/mivoot.com\/gt\/wp-content\/uploads\/2023\/04\/NHC-D100-Nexxt-Solutions-Connectivity-Incluye-sirena.jpg","width":500,"height":500},{"@type":"BreadcrumbList","@id":"https:\/\/mivoot.com\/gt\/producto\/timbre-inteligente-con-camara-wi-fi-nexxt\/#breadcrumb","itemListElement":[{"@type":"ListItem","position":1,"name":"Inicio","item":"https:\/\/mivoot.com\/gt\/"},{"@type":"ListItem","position":2,"name":"Productos","item":"https:\/\/mivoot.com\/gt\/producto\/"},{"@type":"ListItem","position":3,"name":"Nexxt","item":"https:\/\/mivoot.com\/gt\/marca\/nexxt\/"},{"@type":"ListItem","position":4,"name":"Timbre Inteligente con C\u00e1mara Wi-Fi Nexxt"}]},{"@type":"WebSite","@id":"https:\/\/mivoot.com\/gt\/#website","url":"https:\/\/mivoot.com\/gt\/","name":"Mivoot","description":"Mivoot Guatemala | Tienda Online","publisher":{"@id":"https:\/\/mivoot.com\/gt\/#organization"},"alternateName":"mivoot","potentialAction":[{"@type":"SearchAction","target":{"@type":"EntryPoint","urlTemplate":"https:\/\/mivoot.com\/gt\/?s={search_term_string}"},"query-input":{"@type":"PropertyValueSpecification","valueRequired":true,"valueName":"search_term_string"}}],"inLanguage":"es"},{"@type":"Organization","@id":"https:\/\/mivoot.com\/gt\/#organization","name":"Mivoot Guatemala","alternateName":"mivoot.com","url":"https:\/\/mivoot.com\/gt\/","logo":{"@type":"ImageObject","inLanguage":"es","@id":"https:\/\/mivoot.com\/gt\/#\/schema\/logo\/image\/","url":"https:\/\/mivoot.com\/gt\/wp-content\/uploads\/2023\/03\/cropped-icon.png","contentUrl":"https:\/\/mivoot.com\/gt\/wp-content\/uploads\/2023\/03\/cropped-icon.png","width":512,"height":512,"caption":"Mivoot Guatemala"},"image":{"@id":"https:\/\/mivoot.com\/gt\/#\/schema\/logo\/image\/"},"sameAs":["https:\/\/www.facebook.com\/mivootgt","https:\/\/instagram.com\/mivoot"]}]}},"jetpack_publicize_connections":[],"jetpack_sharing_enabled":true,"brands":[{"id":72,"name":"Nexxt","slug":"nexxt"}],"_links":{"self":[{"href":"https:\/\/mivoot.com\/gt\/wp-json\/wp\/v2\/product\/13404","targetHints":{"allow":["GET"]}}],"collection":[{"href":"https:\/\/mivoot.com\/gt\/wp-json\/wp\/v2\/product"}],"about":[{"href":"https:\/\/mivoot.com\/gt\/wp-json\/wp\/v2\/types\/product"}],"replies":[{"embeddable":true,"href":"https:\/\/mivoot.com\/gt\/wp-json\/wp\/v2\/comments?post=13404"}],"version-history":[{"count":1,"href":"https:\/\/mivoot.com\/gt\/wp-json\/wp\/v2\/product\/13404\/revisions"}],"predecessor-version":[{"id":13414,"href":"https:\/\/mivoot.com\/gt\/wp-json\/wp\/v2\/product\/13404\/revisions\/13414"}],"wp:featuredmedia":[{"embeddable":true,"href":"https:\/\/mivoot.com\/gt\/wp-json\/wp\/v2\/media\/13413"}],"wp:attachment":[{"href":"https:\/\/mivoot.com\/gt\/wp-json\/wp\/v2\/media?parent=13404"}],"wp:term":[{"taxonomy":"pwb-brand","embeddable":true,"href":"https:\/\/mivoot.com\/gt\/wp-json\/wp\/v2\/pwb-brand?post=13404"},{"taxonomy":"product_brand","embeddable":true,"href":"https:\/\/mivoot.com\/gt\/wp-json\/wp\/v2\/product_brand?post=13404"},{"taxonomy":"product_cat","embeddable":true,"href":"https:\/\/mivoot.com\/gt\/wp-json\/wp\/v2\/product_cat?post=13404"},{"taxonomy":"product_tag","embeddable":true,"href":"https:\/\/mivoot.com\/gt\/wp-json\/wp\/v2\/product_tag?post=13404"}],"curies":[{"name":"wp","href":"https:\/\/api.w.org\/{rel}","templated":true}]}}