{"id":13558,"date":"2023-05-18T20:23:36","date_gmt":"2023-05-19T02:23:36","guid":{"rendered":"https:\/\/mivoot.com\/gt\/?post_type=product&#038;p=13558"},"modified":"2023-05-18T20:39:40","modified_gmt":"2023-05-19T02:39:40","slug":"generador-portatil-de-1200w-pulsar","status":"publish","type":"product","link":"https:\/\/mivoot.com\/gt\/producto\/generador-portatil-de-1200w-pulsar\/","title":{"rendered":"Generador Port\u00e1til de 1200W Pulsar"},"content":{"rendered":"<p>El generador port\u00e1til PG1202SA utiliza un motor de 72 cc, 2.2 HP para producir 1200 vatios de pico y proporcionarle suficiente energ\u00eda para esos proyectos DYI dom\u00e9sticos. El modesto dep\u00f3sito de combustible de 1.1 galones te brinda hasta 8.5 horas de funcionamiento con media carga y su dise\u00f1o compacto de 35 lb con manija de transporte, lo que convierte a este generador en el compa\u00f1ero perfecto para viajes de camping y otras salidas recreativas.<\/p>\n<p>Completado con un arranque de retroceso y con dos salidas de 120V y una salida de DC de 12V, el PG1202SA es definici\u00f3n de comodidad y portabilidad.<\/p>\n<div class=\"celwidget aplus-module module-8 aplus-standard\" data-csa-c-id=\"5ae174-pmns8z-5zxq2y-i0a5t9\" data-cel-widget=\"aplus-module-8\">\n<div class=\"aplus-module-wrapper apm-fixed-width\">\n<div class=\"apm-spacing\">\n<div class=\"apm-lefttwothirdswrap apm-floatleft\">\n<div class=\"apm-centerthirdcol\">\n<h3 class=\"a-spacing-mini\">Pulsar 1200W generador port\u00e1til a gas<\/h3>\n<p class=\"a-spacing-base\">El generador port\u00e1til PG1202S utiliza un motor de 72 cc y 2,2 HP para producir 1200 picos de vatios y proporcionar suficiente energ\u00eda para aquellos proyectos dom\u00e9sticos DYI. El modesto dep\u00f3sito de combustible de 1.1 galones te da hasta 8,5 horas de funcionamiento con media carga y su dise\u00f1o compacto de 35.0 lbs con asa de transporte, hacen de este generador el compa\u00f1ero perfecto en viajes de camping y otras salidas recreativas. Completo con un arranque de retroceso y con dos salidas de CA de 120 V y una salida de 12 V CC, el PG1202S es una definici\u00f3n de comodidad y portabilidad.<\/p>\n<\/div>\n<\/div>\n<div class=\"apm-rightthirdcol\">\n<div class=\"apm-rightthirdcol-inner\">\n<h4>Especificaciones:<\/h4>\n<div class=\"a-box a-spacing-small a-color-alternate-background apm-listbox\">\n<div class=\"a-box-inner\">\n<ul class=\"a-unordered-list a-vertical\">\n<li><span class=\"a-list-item\"><span class=\"a-size-base\">1200 picos vatios\/900 vatios de funcionamiento.<\/span><\/span><\/li>\n<li><span class=\"a-list-item\"><span class=\"a-size-base\">Motor de 2 tiempos de 72 cc, 2,2 CV.<\/span><\/span><\/li>\n<li><span class=\"a-list-item\"><span class=\"a-size-base\">Hasta 8,5 horas de funcionamiento a 1\u20442 de carga<\/span><\/span><\/li>\n<li><span class=\"a-list-item\"><span class=\"a-size-base\">Dep\u00f3sito de combustible de 1.1 galones<\/span><\/span><\/li>\n<li><span class=\"a-list-item\"><span class=\"a-size-base\">Dise\u00f1o compacto de 35.0 lbs con asa de transporte.<\/span><\/span><\/li>\n<li><span class=\"a-list-item\"><span class=\"a-size-base\">(2) salidas de 120 V CA, (1) salida de 12 V CC.<\/span><\/span><\/li>\n<li><span class=\"a-list-item\"><span class=\"a-size-base\">Inicio de retroceso<\/span><\/span><\/li>\n<\/ul>\n<\/div>\n<\/div>\n<\/div>\n<\/div>\n<\/div>\n<\/div>\n<\/div>\n<div class=\"celwidget aplus-module module-9 aplus-standard\" data-csa-c-id=\"xioiq6-dna8qb-u4gc6u-vzth0f\" data-cel-widget=\"aplus-module-9\">\n<div class=\"aplus-module-wrapper apm-fixed-width\">\n<div class=\"apm-spacing apm-fixed-width\">\n<h3 class=\"a-spacing-small\">Caracter\u00edsticas:<\/h3>\n<table class=\"apm-fixed-width apm-eventhirdcol-table\">\n<tbody>\n<tr>\n<th class=\"apm-center\">\n<div class=\"apm-eventhirdcol apm-floatleft\">\n<p><img decoding=\"async\" class=\"a-spacing-mini\" src=\"https:\/\/m.media-amazon.com\/images\/S\/aplus-media\/vc\/df0dad0e-d7ab-4308-be33-6e3189d467d9._SL300__.jpg\" alt=\"\" data-src=\"https:\/\/m.media-amazon.com\/images\/S\/aplus-media\/vc\/df0dad0e-d7ab-4308-be33-6e3189d467d9._SL300__.jpg\" \/><\/p>\n<\/div>\n<\/th>\n<th class=\"apm-center\">\n<div class=\"apm-eventhirdcol apm-floatleft\">\n<p><img decoding=\"async\" class=\"a-spacing-mini\" src=\"https:\/\/m.media-amazon.com\/images\/S\/aplus-media\/vc\/19dca6e0-5575-42ad-9a55-74af46a6549b._SL300__.jpg\" alt=\"\" data-src=\"https:\/\/m.media-amazon.com\/images\/S\/aplus-media\/vc\/19dca6e0-5575-42ad-9a55-74af46a6549b._SL300__.jpg\" \/><\/p>\n<\/div>\n<\/th>\n<th class=\"apm-center\">\n<div class=\"apm-eventhirdcol apm-floatleft\">\n<p><img decoding=\"async\" class=\"a-spacing-mini\" src=\"https:\/\/m.media-amazon.com\/images\/S\/aplus-media\/vc\/0d39bcc9-d7bf-4aed-8ea0-97ad7dfcb929._SL300__.jpg\" alt=\"\" data-src=\"https:\/\/m.media-amazon.com\/images\/S\/aplus-media\/vc\/0d39bcc9-d7bf-4aed-8ea0-97ad7dfcb929._SL300__.jpg\" \/><\/p>\n<\/div>\n<\/th>\n<\/tr>\n<tr>\n<td class=\"apm-top\">\n<div class=\"apm-eventhirdcol apm-floatleft\">\n<h4 class=\"a-spacing-mini\">Compacto y ligero.<\/h4>\n<p>F\u00e1cil de transportar y solo 35 libras, el PG1202S es perfecto para llevar contigo a cualquier lugar.<\/p>\n<\/div>\n<\/td>\n<td class=\"apm-top\">\n<div class=\"apm-eventhirdcol apm-floatleft\">\n<h4 class=\"a-spacing-mini\">Tomas de corriente<\/h4>\n<p>Dos salidas de CA de 120 V y una salida de 12 V CC te dan la capacidad de cargar y alimentar varios dispositivos.<\/p>\n<\/div>\n<\/td>\n<td class=\"apm-top\">\n<div class=\"apm-eventhirdcol apm-floatleft\">\n<h4 class=\"a-spacing-mini\">8.5 Horas de funcionamiento<\/h4>\n<p>Disfrute de hasta 8,5 horas de funcionamiento continuo a media carga con tan solo 1.1 galones de combustible.<\/p>\n<\/div>\n<\/td>\n<\/tr>\n<\/tbody>\n<\/table>\n<\/div>\n<\/div>\n<\/div>\n","protected":false},"excerpt":{"rendered":"<p>Generador port\u00e1til Pulsar de 1200W.<br \/>\nPotencia de funcionamiento de 900W. Motor de 69 cc.<br \/>\n2 tiempos.<br \/>\nTanque de combustible de 1.1g.<br \/>\nsalidas de 2x120v y 1x12v. 17.1<br \/>\npulgadas de longitud x 16 pulgadas de ancho x 15.4 pulgadas de alto.<br \/>\n1200 picos vatios\/900 vatios de funcionamiento.<br \/>\nMotor de 2 tiempos de 72 cc, 2,2 CV.<br \/>\nHasta 8,5 horas de funcionamiento a 1\u20442 de carga<br \/>\nDep\u00f3sito de combustible de 1.1 galones<br \/>\nDise\u00f1o compacto de 35.0 lbs con asa de transporte.<br \/>\n(2) salidas de 120 V CA, (1) salida de 12 V CC.<br \/>\nInicio de retroceso<br \/>\nPeso: 35 lbs<\/p>\n","protected":false},"featured_media":13564,"comment_status":"open","ping_status":"closed","template":"","meta":{"jetpack_publicize_message":"","jetpack_publicize_feature_enabled":true,"jetpack_social_post_already_shared":true,"jetpack_social_options":{"image_generator_settings":{"template":"highway","default_image_id":0,"font":"","enabled":false},"version":2}},"pwb-brand":[411],"product_brand":[],"product_cat":[409,195],"product_tag":[],"class_list":{"0":"post-13558","1":"product","2":"type-product","3":"status-publish","4":"has-post-thumbnail","6":"pwb-brand-pulsar","7":"product_cat-generador","8":"product_cat-camping","10":"first","11":"instock","12":"taxable","13":"shipping-taxable","14":"purchasable","15":"product-type-simple"},"yoast_head":"<!-- This site is optimized with the Yoast SEO Premium plugin v25.7.1 (Yoast SEO v26.8) - https:\/\/yoast.com\/product\/yoast-seo-premium-wordpress\/ -->\n<title>Generador Port\u00e1til de 1200W Pulsar - Mivoot<\/title>\n<meta name=\"robots\" content=\"index, follow, max-snippet:-1, max-image-preview:large, max-video-preview:-1\" \/>\n<link rel=\"canonical\" href=\"https:\/\/mivoot.com\/gt\/producto\/generador-portatil-de-1200w-pulsar\/\" \/>\n<meta property=\"og:locale\" content=\"es_ES\" \/>\n<meta property=\"og:type\" content=\"article\" \/>\n<meta property=\"og:title\" content=\"Generador Port\u00e1til de 1200W Pulsar\" \/>\n<meta property=\"og:description\" content=\"Generador port\u00e1til Pulsar de 1200W. Potencia de funcionamiento de 900W. Motor de 69 cc. 2 tiempos. Tanque de combustible de 1.1g. salidas de 2x120v y 1x12v. 17.1 pulgadas de longitud x 16 pulgadas de ancho x 15.4 pulgadas de alto. 1200 picos vatios\/900 vatios de funcionamiento. Motor de 2 tiempos de 72 cc, 2,2 CV. Hasta 8,5 horas de funcionamiento a 1\u20442 de carga Dep\u00f3sito de combustible de 1.1 galones Dise\u00f1o compacto de 35.0 lbs con asa de transporte. (2) salidas de 120 V CA, (1) salida de 12 V CC. Inicio de retroceso Peso: 35 lbs\" \/>\n<meta property=\"og:url\" content=\"https:\/\/mivoot.com\/gt\/producto\/generador-portatil-de-1200w-pulsar\/\" \/>\n<meta property=\"og:site_name\" content=\"Mivoot\" \/>\n<meta property=\"article:publisher\" content=\"https:\/\/www.facebook.com\/mivootgt\" \/>\n<meta property=\"article:modified_time\" content=\"2023-05-19T02:39:40+00:00\" \/>\n<meta property=\"og:image\" content=\"https:\/\/mivoot.com\/gt\/wp-content\/uploads\/2023\/05\/Pulsar-1.jpg\" \/>\n\t<meta property=\"og:image:width\" content=\"500\" \/>\n\t<meta property=\"og:image:height\" content=\"454\" \/>\n\t<meta property=\"og:image:type\" content=\"image\/jpeg\" \/>\n<meta name=\"twitter:card\" content=\"summary_large_image\" \/>\n<meta name=\"twitter:label1\" content=\"Est. reading time\" \/>\n\t<meta name=\"twitter:data1\" content=\"1 minuto\" \/>\n<script type=\"application\/ld+json\" class=\"yoast-schema-graph\">{\"@context\":\"https:\/\/schema.org\",\"@graph\":[{\"@type\":\"WebPage\",\"@id\":\"https:\/\/mivoot.com\/gt\/producto\/generador-portatil-de-1200w-pulsar\/\",\"url\":\"https:\/\/mivoot.com\/gt\/producto\/generador-portatil-de-1200w-pulsar\/\",\"name\":\"Generador Port\u00e1til de 1200W Pulsar - Mivoot\",\"isPartOf\":{\"@id\":\"https:\/\/mivoot.com\/gt\/#website\"},\"primaryImageOfPage\":{\"@id\":\"https:\/\/mivoot.com\/gt\/producto\/generador-portatil-de-1200w-pulsar\/#primaryimage\"},\"image\":{\"@id\":\"https:\/\/mivoot.com\/gt\/producto\/generador-portatil-de-1200w-pulsar\/#primaryimage\"},\"thumbnailUrl\":\"https:\/\/mivoot.com\/gt\/wp-content\/uploads\/2023\/05\/Pulsar-1.jpg\",\"datePublished\":\"2023-05-19T02:23:36+00:00\",\"dateModified\":\"2023-05-19T02:39:40+00:00\",\"breadcrumb\":{\"@id\":\"https:\/\/mivoot.com\/gt\/producto\/generador-portatil-de-1200w-pulsar\/#breadcrumb\"},\"inLanguage\":\"es\",\"potentialAction\":[{\"@type\":\"ReadAction\",\"target\":[\"https:\/\/mivoot.com\/gt\/producto\/generador-portatil-de-1200w-pulsar\/\"]}]},{\"@type\":\"ImageObject\",\"inLanguage\":\"es\",\"@id\":\"https:\/\/mivoot.com\/gt\/producto\/generador-portatil-de-1200w-pulsar\/#primaryimage\",\"url\":\"https:\/\/mivoot.com\/gt\/wp-content\/uploads\/2023\/05\/Pulsar-1.jpg\",\"contentUrl\":\"https:\/\/mivoot.com\/gt\/wp-content\/uploads\/2023\/05\/Pulsar-1.jpg\",\"width\":500,\"height\":454},{\"@type\":\"BreadcrumbList\",\"@id\":\"https:\/\/mivoot.com\/gt\/producto\/generador-portatil-de-1200w-pulsar\/#breadcrumb\",\"itemListElement\":[{\"@type\":\"ListItem\",\"position\":1,\"name\":\"Inicio\",\"item\":\"https:\/\/mivoot.com\/gt\/\"},{\"@type\":\"ListItem\",\"position\":2,\"name\":\"Productos\",\"item\":\"https:\/\/mivoot.com\/gt\/producto\/\"},{\"@type\":\"ListItem\",\"position\":3,\"name\":\"Pulsar\",\"item\":\"https:\/\/mivoot.com\/gt\/marca\/pulsar\/\"},{\"@type\":\"ListItem\",\"position\":4,\"name\":\"Generador Port\u00e1til de 1200W Pulsar\"}]},{\"@type\":\"WebSite\",\"@id\":\"https:\/\/mivoot.com\/gt\/#website\",\"url\":\"https:\/\/mivoot.com\/gt\/\",\"name\":\"Mivoot\",\"description\":\"Mivoot Guatemala | Tienda Online\",\"publisher\":{\"@id\":\"https:\/\/mivoot.com\/gt\/#organization\"},\"alternateName\":\"mivoot\",\"potentialAction\":[{\"@type\":\"SearchAction\",\"target\":{\"@type\":\"EntryPoint\",\"urlTemplate\":\"https:\/\/mivoot.com\/gt\/?s={search_term_string}\"},\"query-input\":{\"@type\":\"PropertyValueSpecification\",\"valueRequired\":true,\"valueName\":\"search_term_string\"}}],\"inLanguage\":\"es\"},{\"@type\":\"Organization\",\"@id\":\"https:\/\/mivoot.com\/gt\/#organization\",\"name\":\"Mivoot Guatemala\",\"alternateName\":\"mivoot.com\",\"url\":\"https:\/\/mivoot.com\/gt\/\",\"logo\":{\"@type\":\"ImageObject\",\"inLanguage\":\"es\",\"@id\":\"https:\/\/mivoot.com\/gt\/#\/schema\/logo\/image\/\",\"url\":\"https:\/\/mivoot.com\/gt\/wp-content\/uploads\/2023\/03\/cropped-icon.png\",\"contentUrl\":\"https:\/\/mivoot.com\/gt\/wp-content\/uploads\/2023\/03\/cropped-icon.png\",\"width\":512,\"height\":512,\"caption\":\"Mivoot Guatemala\"},\"image\":{\"@id\":\"https:\/\/mivoot.com\/gt\/#\/schema\/logo\/image\/\"},\"sameAs\":[\"https:\/\/www.facebook.com\/mivootgt\",\"https:\/\/instagram.com\/mivoot\"]}]}<\/script>\n<!-- \/ Yoast SEO Premium plugin. -->","yoast_head_json":{"title":"Generador Port\u00e1til de 1200W Pulsar - Mivoot","robots":{"index":"index","follow":"follow","max-snippet":"max-snippet:-1","max-image-preview":"max-image-preview:large","max-video-preview":"max-video-preview:-1"},"canonical":"https:\/\/mivoot.com\/gt\/producto\/generador-portatil-de-1200w-pulsar\/","og_locale":"es_ES","og_type":"article","og_title":"Generador Port\u00e1til de 1200W Pulsar","og_description":"Generador port\u00e1til Pulsar de 1200W. Potencia de funcionamiento de 900W. Motor de 69 cc. 2 tiempos. Tanque de combustible de 1.1g. salidas de 2x120v y 1x12v. 17.1 pulgadas de longitud x 16 pulgadas de ancho x 15.4 pulgadas de alto. 1200 picos vatios\/900 vatios de funcionamiento. Motor de 2 tiempos de 72 cc, 2,2 CV. Hasta 8,5 horas de funcionamiento a 1\u20442 de carga Dep\u00f3sito de combustible de 1.1 galones Dise\u00f1o compacto de 35.0 lbs con asa de transporte. (2) salidas de 120 V CA, (1) salida de 12 V CC. Inicio de retroceso Peso: 35 lbs","og_url":"https:\/\/mivoot.com\/gt\/producto\/generador-portatil-de-1200w-pulsar\/","og_site_name":"Mivoot","article_publisher":"https:\/\/www.facebook.com\/mivootgt","article_modified_time":"2023-05-19T02:39:40+00:00","og_image":[{"width":500,"height":454,"url":"https:\/\/mivoot.com\/gt\/wp-content\/uploads\/2023\/05\/Pulsar-1.jpg","type":"image\/jpeg"}],"twitter_card":"summary_large_image","twitter_misc":{"Est. reading time":"1 minuto"},"schema":{"@context":"https:\/\/schema.org","@graph":[{"@type":"WebPage","@id":"https:\/\/mivoot.com\/gt\/producto\/generador-portatil-de-1200w-pulsar\/","url":"https:\/\/mivoot.com\/gt\/producto\/generador-portatil-de-1200w-pulsar\/","name":"Generador Port\u00e1til de 1200W Pulsar - Mivoot","isPartOf":{"@id":"https:\/\/mivoot.com\/gt\/#website"},"primaryImageOfPage":{"@id":"https:\/\/mivoot.com\/gt\/producto\/generador-portatil-de-1200w-pulsar\/#primaryimage"},"image":{"@id":"https:\/\/mivoot.com\/gt\/producto\/generador-portatil-de-1200w-pulsar\/#primaryimage"},"thumbnailUrl":"https:\/\/mivoot.com\/gt\/wp-content\/uploads\/2023\/05\/Pulsar-1.jpg","datePublished":"2023-05-19T02:23:36+00:00","dateModified":"2023-05-19T02:39:40+00:00","breadcrumb":{"@id":"https:\/\/mivoot.com\/gt\/producto\/generador-portatil-de-1200w-pulsar\/#breadcrumb"},"inLanguage":"es","potentialAction":[{"@type":"ReadAction","target":["https:\/\/mivoot.com\/gt\/producto\/generador-portatil-de-1200w-pulsar\/"]}]},{"@type":"ImageObject","inLanguage":"es","@id":"https:\/\/mivoot.com\/gt\/producto\/generador-portatil-de-1200w-pulsar\/#primaryimage","url":"https:\/\/mivoot.com\/gt\/wp-content\/uploads\/2023\/05\/Pulsar-1.jpg","contentUrl":"https:\/\/mivoot.com\/gt\/wp-content\/uploads\/2023\/05\/Pulsar-1.jpg","width":500,"height":454},{"@type":"BreadcrumbList","@id":"https:\/\/mivoot.com\/gt\/producto\/generador-portatil-de-1200w-pulsar\/#breadcrumb","itemListElement":[{"@type":"ListItem","position":1,"name":"Inicio","item":"https:\/\/mivoot.com\/gt\/"},{"@type":"ListItem","position":2,"name":"Productos","item":"https:\/\/mivoot.com\/gt\/producto\/"},{"@type":"ListItem","position":3,"name":"Pulsar","item":"https:\/\/mivoot.com\/gt\/marca\/pulsar\/"},{"@type":"ListItem","position":4,"name":"Generador Port\u00e1til de 1200W Pulsar"}]},{"@type":"WebSite","@id":"https:\/\/mivoot.com\/gt\/#website","url":"https:\/\/mivoot.com\/gt\/","name":"Mivoot","description":"Mivoot Guatemala | Tienda Online","publisher":{"@id":"https:\/\/mivoot.com\/gt\/#organization"},"alternateName":"mivoot","potentialAction":[{"@type":"SearchAction","target":{"@type":"EntryPoint","urlTemplate":"https:\/\/mivoot.com\/gt\/?s={search_term_string}"},"query-input":{"@type":"PropertyValueSpecification","valueRequired":true,"valueName":"search_term_string"}}],"inLanguage":"es"},{"@type":"Organization","@id":"https:\/\/mivoot.com\/gt\/#organization","name":"Mivoot Guatemala","alternateName":"mivoot.com","url":"https:\/\/mivoot.com\/gt\/","logo":{"@type":"ImageObject","inLanguage":"es","@id":"https:\/\/mivoot.com\/gt\/#\/schema\/logo\/image\/","url":"https:\/\/mivoot.com\/gt\/wp-content\/uploads\/2023\/03\/cropped-icon.png","contentUrl":"https:\/\/mivoot.com\/gt\/wp-content\/uploads\/2023\/03\/cropped-icon.png","width":512,"height":512,"caption":"Mivoot Guatemala"},"image":{"@id":"https:\/\/mivoot.com\/gt\/#\/schema\/logo\/image\/"},"sameAs":["https:\/\/www.facebook.com\/mivootgt","https:\/\/instagram.com\/mivoot"]}]}},"jetpack_publicize_connections":[],"jetpack_sharing_enabled":true,"brands":[{"id":411,"name":"Pulsar","slug":"pulsar"}],"_links":{"self":[{"href":"https:\/\/mivoot.com\/gt\/wp-json\/wp\/v2\/product\/13558","targetHints":{"allow":["GET"]}}],"collection":[{"href":"https:\/\/mivoot.com\/gt\/wp-json\/wp\/v2\/product"}],"about":[{"href":"https:\/\/mivoot.com\/gt\/wp-json\/wp\/v2\/types\/product"}],"replies":[{"embeddable":true,"href":"https:\/\/mivoot.com\/gt\/wp-json\/wp\/v2\/comments?post=13558"}],"version-history":[{"count":4,"href":"https:\/\/mivoot.com\/gt\/wp-json\/wp\/v2\/product\/13558\/revisions"}],"predecessor-version":[{"id":13568,"href":"https:\/\/mivoot.com\/gt\/wp-json\/wp\/v2\/product\/13558\/revisions\/13568"}],"wp:featuredmedia":[{"embeddable":true,"href":"https:\/\/mivoot.com\/gt\/wp-json\/wp\/v2\/media\/13564"}],"wp:attachment":[{"href":"https:\/\/mivoot.com\/gt\/wp-json\/wp\/v2\/media?parent=13558"}],"wp:term":[{"taxonomy":"pwb-brand","embeddable":true,"href":"https:\/\/mivoot.com\/gt\/wp-json\/wp\/v2\/pwb-brand?post=13558"},{"taxonomy":"product_brand","embeddable":true,"href":"https:\/\/mivoot.com\/gt\/wp-json\/wp\/v2\/product_brand?post=13558"},{"taxonomy":"product_cat","embeddable":true,"href":"https:\/\/mivoot.com\/gt\/wp-json\/wp\/v2\/product_cat?post=13558"},{"taxonomy":"product_tag","embeddable":true,"href":"https:\/\/mivoot.com\/gt\/wp-json\/wp\/v2\/product_tag?post=13558"}],"curies":[{"name":"wp","href":"https:\/\/api.w.org\/{rel}","templated":true}]}}