{"id":13570,"date":"2023-05-19T13:04:50","date_gmt":"2023-05-19T19:04:50","guid":{"rendered":"https:\/\/mivoot.com\/gt\/?post_type=product&#038;p=13570"},"modified":"2023-05-19T13:04:54","modified_gmt":"2023-05-19T19:04:54","slug":"proyector-hd-teatro-portatil-con-pantalla-pegable-120-pht","status":"publish","type":"product","link":"https:\/\/mivoot.com\/gt\/producto\/proyector-hd-teatro-portatil-con-pantalla-pegable-120-pht\/","title":{"rendered":"Proyector HD Teatro Port\u00e1til con Pantalla Pegable 120&#8243; PHT"},"content":{"rendered":"<div class=\"celwidget aplus-module 3p-module-b aplus-standard\" data-csa-c-id=\"tasws5-g47bzn-3907ua-rfw76j\" data-cel-widget=\"aplus-3p-module-b\">\n<div class=\"aplus-module-wrapper aplus-3p-fixed-width\">\n<p class=\"a-spacing-base\">La pantalla del proyector manual de ProHT es una soluci\u00f3n asequible para necesidades de proyecci\u00f3n profesionales o personales. Material de alta calidad que proporciona 1.1 ganancia. 4K Ultra HD y proyecci\u00f3n 3D activa lista. Cuenta con \u00e1ngulo de visi\u00f3n de 160 grados con material de pantalla de proyecci\u00f3n frontal totalmente negro. El sistema de retracci\u00f3n lenta especialmente dise\u00f1ado, se basa en dispositivos de amortiguaci\u00f3n para ralentizar la pantalla entre 2 y 4 veces la velocidad durante la subida. Es ampliamente utilizado en un lugar de trabajo, escuela u oficina, ense\u00f1anza, o se utiliza como equipo de entretenimiento, como ver pel\u00edculas, cine en casa, jugar, karaoke, etc.<\/p>\n<p class=\"a-spacing-base\">Pantalla de proyecci\u00f3n de 100 pulgadas &#8211; Adecuado para montaje en pared o techo, y ofrece un \u00e1rea de visualizaci\u00f3n de 104 x 59 pulgadas. Perfecto para ver eventos deportivos, pel\u00edculas, televisi\u00f3n y presentaciones. Relaci\u00f3n de aspecto 16:9: adecuada para proyectores LED, LCD y DLP. Superficie blanca mate con marco negro de cuatro lados. Superficie de visualizaci\u00f3n blanca mate que difunde la luz proyectada de manera uniforme; el material de la pantalla con respaldo negro elimina la penetraci\u00f3n de la luz. Deslizamiento manual con sistema de bloqueo &#8211; Funci\u00f3n de retracci\u00f3n lenta. Carcasa de acero y cuadrada. Crea la experiencia perfecta de cine en casa, cine y deportes en vivo o pantalla de presentaci\u00f3n de oficina.<\/p>\n<\/div>\n<\/div>\n<div class=\"celwidget aplus-module module-4 aplus-standard\" data-csa-c-id=\"8yvzbn-2lh3fb-y0xeu0-8euz17\" data-cel-widget=\"aplus-module-4\">\n<div class=\"aplus-module-wrapper apm-fixed-width\">\n<div class=\"apm-spacing\">\n<div class=\"apm-floatleft apm-fixed-width\">\n<div class=\"apm-spacing\">\n<table class=\"apm-fixed-width apm-fourthcol-table\">\n<tbody>\n<tr>\n<th class=\"apm-center\">\n<div class=\"apm-fourthcol\">\n<p><img decoding=\"async\" class=\"\" src=\"https:\/\/m.media-amazon.com\/images\/S\/aplus-media-library-service-media\/e460b965-4596-46ab-874c-e96821c127a0.__CR0,0,300,300_PT0_SX220_V1___.jpg\" alt=\"INICIO\" data-src=\"https:\/\/m.media-amazon.com\/images\/S\/aplus-media-library-service-media\/e460b965-4596-46ab-874c-e96821c127a0.__CR0,0,300,300_PT0_SX220_V1___.jpg\" \/><\/p>\n<\/div>\n<\/th>\n<th class=\"apm-center\">\n<div class=\"apm-fourthcol\">\n<p><img decoding=\"async\" class=\"\" src=\"https:\/\/m.media-amazon.com\/images\/S\/aplus-media-library-service-media\/274dd27f-d511-4c88-be76-51015a06cd9f.__CR0,0,300,300_PT0_SX220_V1___.jpg\" alt=\"EXTERIOR\" data-src=\"https:\/\/m.media-amazon.com\/images\/S\/aplus-media-library-service-media\/274dd27f-d511-4c88-be76-51015a06cd9f.__CR0,0,300,300_PT0_SX220_V1___.jpg\" \/><\/p>\n<\/div>\n<\/th>\n<th class=\"apm-center\">\n<div class=\"apm-fourthcol\">\n<p><img decoding=\"async\" class=\"\" src=\"https:\/\/m.media-amazon.com\/images\/S\/aplus-media-library-service-media\/b9621d8b-b3f6-41d1-8344-e5e42debf271.__CR0,0,300,300_PT0_SX220_V1___.jpg\" alt=\"OFICINA\" data-src=\"https:\/\/m.media-amazon.com\/images\/S\/aplus-media-library-service-media\/b9621d8b-b3f6-41d1-8344-e5e42debf271.__CR0,0,300,300_PT0_SX220_V1___.jpg\" \/><\/p>\n<\/div>\n<\/th>\n<th class=\"apm-center\">\n<div class=\"apm-fourthcol\">\n<p><img decoding=\"async\" class=\"\" src=\"https:\/\/m.media-amazon.com\/images\/S\/aplus-media-library-service-media\/8483472c-c3fc-4b1f-acbe-2574d061d834.__CR0,0,300,300_PT0_SX220_V1___.jpg\" alt=\"INICIO\" data-src=\"https:\/\/m.media-amazon.com\/images\/S\/aplus-media-library-service-media\/8483472c-c3fc-4b1f-acbe-2574d061d834.__CR0,0,300,300_PT0_SX220_V1___.jpg\" \/><\/p>\n<\/div>\n<\/th>\n<\/tr>\n<tr>\n<td class=\"apm-top\">\n<div class=\"apm-fourthcol\"><\/div>\n<\/td>\n<td class=\"apm-top\">\n<div class=\"apm-fourthcol\"><\/div>\n<\/td>\n<td class=\"apm-top\">\n<div class=\"apm-fourthcol\"><\/div>\n<\/td>\n<td class=\"apm-top\">\n<div class=\"apm-fourthcol\"><\/div>\n<\/td>\n<\/tr>\n<\/tbody>\n<\/table>\n<\/div>\n<\/div>\n<\/div>\n<\/div>\n<div><\/div>\n<\/div>\n<div class=\"celwidget aplus-module module-9 aplus-standard\" data-csa-c-id=\"bgafff-mr7s23-zgi8l4-bxvx1r\" data-cel-widget=\"aplus-module-9\">\n<div class=\"aplus-module-wrapper apm-fixed-width\">\n<div class=\"apm-spacing apm-fixed-width\">\n<table class=\"apm-fixed-width apm-eventhirdcol-table\">\n<tbody>\n<tr>\n<th class=\"apm-center\">\n<div class=\"apm-eventhirdcol apm-floatleft\">\n<p><img decoding=\"async\" class=\"a-spacing-mini\" src=\"https:\/\/m.media-amazon.com\/images\/S\/aplus-media-library-service-media\/949bf5e3-3b00-4bbe-a910-4e55f8ebfa8a.__CR0,0,3000,3000_PT0_SX300_V1___.jpg\" alt=\"34 ES\" data-src=\"https:\/\/m.media-amazon.com\/images\/S\/aplus-media-library-service-media\/949bf5e3-3b00-4bbe-a910-4e55f8ebfa8a.__CR0,0,3000,3000_PT0_SX300_V1___.jpg\" \/><\/p>\n<\/div>\n<\/th>\n<th class=\"apm-center\">\n<div class=\"apm-eventhirdcol apm-floatleft\">\n<p><img decoding=\"async\" class=\"a-spacing-mini\" src=\"https:\/\/m.media-amazon.com\/images\/S\/aplus-media-library-service-media\/2965905c-ec3e-45ea-ad2a-76655e0ba241.__CR0,0,2000,2000_PT0_SX300_V1___.jpg\" alt=\"34 ES\" data-src=\"https:\/\/m.media-amazon.com\/images\/S\/aplus-media-library-service-media\/2965905c-ec3e-45ea-ad2a-76655e0ba241.__CR0,0,2000,2000_PT0_SX300_V1___.jpg\" \/><\/p>\n<\/div>\n<\/th>\n<th class=\"apm-center\">\n<div class=\"apm-eventhirdcol apm-floatleft\">\n<p><img decoding=\"async\" class=\"a-spacing-mini\" src=\"https:\/\/m.media-amazon.com\/images\/S\/aplus-media-library-service-media\/4d7c1778-3e48-4ff1-9dad-d0a5e51df42a.__CR0,0,300,300_PT0_SX300_V1___.jpg\" alt=\"EXTERIOR\" data-src=\"https:\/\/m.media-amazon.com\/images\/S\/aplus-media-library-service-media\/4d7c1778-3e48-4ff1-9dad-d0a5e51df42a.__CR0,0,300,300_PT0_SX300_V1___.jpg\" \/><\/p>\n<\/div>\n<\/th>\n<\/tr>\n<tr>\n<td class=\"apm-top\">\n<div class=\"apm-eventhirdcol apm-floatleft\"><\/div>\n<\/td>\n<td class=\"apm-top\">\n<div class=\"apm-eventhirdcol apm-floatleft\"><\/div>\n<\/td>\n<td class=\"apm-top\">\n<div class=\"apm-eventhirdcol apm-floatleft\"><\/div>\n<\/td>\n<\/tr>\n<\/tbody>\n<\/table>\n<\/div>\n<\/div>\n<div><\/div>\n<\/div>\n<div class=\"celwidget aplus-module module-4 aplus-standard\" data-csa-c-id=\"6nh9qe-jqimmg-blwlbl-saaej9\" data-cel-widget=\"aplus-module-4\">\n<div class=\"aplus-module-wrapper apm-fixed-width\">\n<div class=\"apm-spacing\">\n<div class=\"apm-floatleft apm-fixed-width\">\n<div class=\"apm-spacing\">\n<table class=\"apm-fixed-width apm-fourthcol-table\">\n<tbody>\n<tr>\n<th class=\"apm-center\">\n<div class=\"apm-fourthcol\">\n<p><img decoding=\"async\" class=\"\" src=\"https:\/\/m.media-amazon.com\/images\/S\/aplus-media-library-service-media\/dc97a6d2-87fa-4f21-9776-bc369df77a20.__CR0,0,2000,2000_PT0_SX220_V1___.jpg\" alt=\"34 ES\" data-src=\"https:\/\/m.media-amazon.com\/images\/S\/aplus-media-library-service-media\/dc97a6d2-87fa-4f21-9776-bc369df77a20.__CR0,0,2000,2000_PT0_SX220_V1___.jpg\" \/><\/p>\n<\/div>\n<\/th>\n<th class=\"apm-center\">\n<div class=\"apm-fourthcol\">\n<p><img decoding=\"async\" class=\"\" src=\"https:\/\/m.media-amazon.com\/images\/S\/aplus-media-library-service-media\/f3772d87-dee0-4d5a-9a56-18711cd1740f.__CR0,0,2000,2000_PT0_SX220_V1___.jpg\" alt=\"34 ES\" data-src=\"https:\/\/m.media-amazon.com\/images\/S\/aplus-media-library-service-media\/f3772d87-dee0-4d5a-9a56-18711cd1740f.__CR0,0,2000,2000_PT0_SX220_V1___.jpg\" \/><\/p>\n<\/div>\n<\/th>\n<th class=\"apm-center\">\n<div class=\"apm-fourthcol\">\n<p><img decoding=\"async\" class=\"\" src=\"https:\/\/m.media-amazon.com\/images\/S\/aplus-media-library-service-media\/8db157a7-28fb-4572-add5-4f5dfa3fff05.__CR0,0,2000,2000_PT0_SX220_V1___.jpg\" alt=\"36 ES\" data-src=\"https:\/\/m.media-amazon.com\/images\/S\/aplus-media-library-service-media\/8db157a7-28fb-4572-add5-4f5dfa3fff05.__CR0,0,2000,2000_PT0_SX220_V1___.jpg\" \/><\/p>\n<\/div>\n<\/th>\n<th class=\"apm-center\">\n<div class=\"apm-fourthcol\">\n<p><img decoding=\"async\" class=\"\" src=\"https:\/\/m.media-amazon.com\/images\/S\/aplus-media-library-service-media\/c79dc056-61e8-45c9-ace8-2d661557f68f.__CR0,0,2000,2000_PT0_SX220_V1___.jpg\" alt=\"36 ES\" data-src=\"https:\/\/m.media-amazon.com\/images\/S\/aplus-media-library-service-media\/c79dc056-61e8-45c9-ace8-2d661557f68f.__CR0,0,2000,2000_PT0_SX220_V1___.jpg\" \/><\/p>\n<\/div>\n<\/th>\n<\/tr>\n<\/tbody>\n<\/table>\n<\/div>\n<\/div>\n<\/div>\n<\/div>\n<\/div>\n","protected":false},"excerpt":{"rendered":"<p>&#8211; Proyector HD + pantalla de proyector plegable<br \/>\n&#8211; Soporta 3D y 1080p<br \/>\n&#8211; Tama\u00f1o m\u00e1ximo de proyecci\u00f3n de 170&#8243;<br \/>\n&#8211; Pantalla de proyecci\u00f3n plegable simple 120&#8243; 16:9<br \/>\n&#8211; Dise\u00f1o de consumo de baja energ\u00eda<br \/>\n&#8211; F\u00e1cil instalaci\u00f3n, almacenamiento y transporte<br \/>\n&#8211; Relaci\u00f3n de aspecto 16:9: adecuado para proyectores LED, LCD y DLP.<br \/>\n&#8211; Superficie blanca mate con marco negro de cuatro lados.<br \/>\n&#8211; Superficie de visualizaci\u00f3n blanca mate que difunde la luz proyectada uniformemente; material de pantalla con respaldo negro que elimina la penetraci\u00f3n de la luz.<br \/>\n&#8211; Tirable manual con sistema de bloqueo, funci\u00f3n de retracci\u00f3n lenta. Acero y carcasa cuadrada.<br \/>\n&#8211; Crea la experiencia perfecta de cine en casa, cine y deportes en vivo o pantalla de presentaci\u00f3n de oficina.<br \/>\n&#8211; Dimensiones del art\u00edculo: 12.6&#8243; x 6.3&#8243; x 8.46&#8243; (32 cm x 16 cm x 21.5 cm)<br \/>\n&#8211; Peso: 4.91 lb (2.23 Kg) |<\/p>\n","protected":false},"featured_media":13573,"comment_status":"open","ping_status":"closed","template":"","meta":{"jetpack_publicize_message":"","jetpack_publicize_feature_enabled":true,"jetpack_social_post_already_shared":true,"jetpack_social_options":{"image_generator_settings":{"template":"highway","default_image_id":0,"font":"","enabled":false},"version":2}},"pwb-brand":[335],"product_brand":[],"product_cat":[274],"product_tag":[],"class_list":{"0":"post-13570","1":"product","2":"type-product","3":"status-publish","4":"has-post-thumbnail","6":"pwb-brand-proht","7":"product_cat-poyectores","9":"first","10":"instock","11":"taxable","12":"shipping-taxable","13":"purchasable","14":"product-type-simple"},"yoast_head":"<!-- This site is optimized with the Yoast SEO Premium plugin v25.7.1 (Yoast SEO v26.8) - https:\/\/yoast.com\/product\/yoast-seo-premium-wordpress\/ -->\n<title>Proyector HD Teatro Port\u00e1til con Pantalla Pegable 120&quot; PHT - Mivoot<\/title>\n<meta name=\"robots\" content=\"index, follow, max-snippet:-1, max-image-preview:large, max-video-preview:-1\" \/>\n<link rel=\"canonical\" href=\"https:\/\/mivoot.com\/gt\/producto\/proyector-hd-teatro-portatil-con-pantalla-pegable-120-pht\/\" \/>\n<meta property=\"og:locale\" content=\"es_ES\" \/>\n<meta property=\"og:type\" content=\"article\" \/>\n<meta property=\"og:title\" content=\"Proyector HD Teatro Port\u00e1til con Pantalla Pegable 120&quot; PHT\" \/>\n<meta property=\"og:description\" content=\"- Proyector HD + pantalla de proyector plegable - Soporta 3D y 1080p - Tama\u00f1o m\u00e1ximo de proyecci\u00f3n de 170&quot; - Pantalla de proyecci\u00f3n plegable simple 120&quot; 16:9 - Dise\u00f1o de consumo de baja energ\u00eda - F\u00e1cil instalaci\u00f3n, almacenamiento y transporte - Relaci\u00f3n de aspecto 16:9: adecuado para proyectores LED, LCD y DLP. - Superficie blanca mate con marco negro de cuatro lados.  - Superficie de visualizaci\u00f3n blanca mate que difunde la luz proyectada uniformemente; material de pantalla con respaldo negro que elimina la penetraci\u00f3n de la luz. - Tirable manual con sistema de bloqueo, funci\u00f3n de retracci\u00f3n lenta. Acero y carcasa cuadrada. - Crea la experiencia perfecta de cine en casa, cine y deportes en vivo o pantalla de presentaci\u00f3n de oficina. - Dimensiones del art\u00edculo: 12.6&quot; x 6.3&quot; x 8.46&quot; (32 cm x 16 cm x 21.5 cm) - Peso: 4.91 lb (2.23 Kg) |\" \/>\n<meta property=\"og:url\" content=\"https:\/\/mivoot.com\/gt\/producto\/proyector-hd-teatro-portatil-con-pantalla-pegable-120-pht\/\" \/>\n<meta property=\"og:site_name\" content=\"Mivoot\" \/>\n<meta property=\"article:publisher\" content=\"https:\/\/www.facebook.com\/mivootgt\" \/>\n<meta property=\"article:modified_time\" content=\"2023-05-19T19:04:54+00:00\" \/>\n<meta property=\"og:image\" content=\"https:\/\/mivoot.com\/gt\/wp-content\/uploads\/2023\/05\/447869_2.jpg\" \/>\n\t<meta property=\"og:image:width\" content=\"500\" \/>\n\t<meta property=\"og:image:height\" content=\"500\" \/>\n\t<meta property=\"og:image:type\" content=\"image\/jpeg\" \/>\n<meta name=\"twitter:card\" content=\"summary_large_image\" \/>\n<meta name=\"twitter:label1\" content=\"Est. reading time\" \/>\n\t<meta name=\"twitter:data1\" content=\"4 minutos\" \/>\n<script type=\"application\/ld+json\" class=\"yoast-schema-graph\">{\"@context\":\"https:\/\/schema.org\",\"@graph\":[{\"@type\":\"WebPage\",\"@id\":\"https:\/\/mivoot.com\/gt\/producto\/proyector-hd-teatro-portatil-con-pantalla-pegable-120-pht\/\",\"url\":\"https:\/\/mivoot.com\/gt\/producto\/proyector-hd-teatro-portatil-con-pantalla-pegable-120-pht\/\",\"name\":\"Proyector HD Teatro Port\u00e1til con Pantalla Pegable 120\\\" PHT - Mivoot\",\"isPartOf\":{\"@id\":\"https:\/\/mivoot.com\/gt\/#website\"},\"primaryImageOfPage\":{\"@id\":\"https:\/\/mivoot.com\/gt\/producto\/proyector-hd-teatro-portatil-con-pantalla-pegable-120-pht\/#primaryimage\"},\"image\":{\"@id\":\"https:\/\/mivoot.com\/gt\/producto\/proyector-hd-teatro-portatil-con-pantalla-pegable-120-pht\/#primaryimage\"},\"thumbnailUrl\":\"https:\/\/mivoot.com\/gt\/wp-content\/uploads\/2023\/05\/447869_2.jpg\",\"datePublished\":\"2023-05-19T19:04:50+00:00\",\"dateModified\":\"2023-05-19T19:04:54+00:00\",\"breadcrumb\":{\"@id\":\"https:\/\/mivoot.com\/gt\/producto\/proyector-hd-teatro-portatil-con-pantalla-pegable-120-pht\/#breadcrumb\"},\"inLanguage\":\"es\",\"potentialAction\":[{\"@type\":\"ReadAction\",\"target\":[\"https:\/\/mivoot.com\/gt\/producto\/proyector-hd-teatro-portatil-con-pantalla-pegable-120-pht\/\"]}]},{\"@type\":\"ImageObject\",\"inLanguage\":\"es\",\"@id\":\"https:\/\/mivoot.com\/gt\/producto\/proyector-hd-teatro-portatil-con-pantalla-pegable-120-pht\/#primaryimage\",\"url\":\"https:\/\/mivoot.com\/gt\/wp-content\/uploads\/2023\/05\/447869_2.jpg\",\"contentUrl\":\"https:\/\/mivoot.com\/gt\/wp-content\/uploads\/2023\/05\/447869_2.jpg\",\"width\":500,\"height\":500},{\"@type\":\"BreadcrumbList\",\"@id\":\"https:\/\/mivoot.com\/gt\/producto\/proyector-hd-teatro-portatil-con-pantalla-pegable-120-pht\/#breadcrumb\",\"itemListElement\":[{\"@type\":\"ListItem\",\"position\":1,\"name\":\"Inicio\",\"item\":\"https:\/\/mivoot.com\/gt\/\"},{\"@type\":\"ListItem\",\"position\":2,\"name\":\"Productos\",\"item\":\"https:\/\/mivoot.com\/gt\/producto\/\"},{\"@type\":\"ListItem\",\"position\":3,\"name\":\"ProHT\",\"item\":\"https:\/\/mivoot.com\/gt\/marca\/proht\/\"},{\"@type\":\"ListItem\",\"position\":4,\"name\":\"Proyector HD Teatro Port\u00e1til con Pantalla Pegable 120&#8243; PHT\"}]},{\"@type\":\"WebSite\",\"@id\":\"https:\/\/mivoot.com\/gt\/#website\",\"url\":\"https:\/\/mivoot.com\/gt\/\",\"name\":\"Mivoot\",\"description\":\"Mivoot Guatemala | Tienda Online\",\"publisher\":{\"@id\":\"https:\/\/mivoot.com\/gt\/#organization\"},\"alternateName\":\"mivoot\",\"potentialAction\":[{\"@type\":\"SearchAction\",\"target\":{\"@type\":\"EntryPoint\",\"urlTemplate\":\"https:\/\/mivoot.com\/gt\/?s={search_term_string}\"},\"query-input\":{\"@type\":\"PropertyValueSpecification\",\"valueRequired\":true,\"valueName\":\"search_term_string\"}}],\"inLanguage\":\"es\"},{\"@type\":\"Organization\",\"@id\":\"https:\/\/mivoot.com\/gt\/#organization\",\"name\":\"Mivoot Guatemala\",\"alternateName\":\"mivoot.com\",\"url\":\"https:\/\/mivoot.com\/gt\/\",\"logo\":{\"@type\":\"ImageObject\",\"inLanguage\":\"es\",\"@id\":\"https:\/\/mivoot.com\/gt\/#\/schema\/logo\/image\/\",\"url\":\"https:\/\/mivoot.com\/gt\/wp-content\/uploads\/2023\/03\/cropped-icon.png\",\"contentUrl\":\"https:\/\/mivoot.com\/gt\/wp-content\/uploads\/2023\/03\/cropped-icon.png\",\"width\":512,\"height\":512,\"caption\":\"Mivoot Guatemala\"},\"image\":{\"@id\":\"https:\/\/mivoot.com\/gt\/#\/schema\/logo\/image\/\"},\"sameAs\":[\"https:\/\/www.facebook.com\/mivootgt\",\"https:\/\/instagram.com\/mivoot\"]}]}<\/script>\n<!-- \/ Yoast SEO Premium plugin. -->","yoast_head_json":{"title":"Proyector HD Teatro Port\u00e1til con Pantalla Pegable 120\" PHT - Mivoot","robots":{"index":"index","follow":"follow","max-snippet":"max-snippet:-1","max-image-preview":"max-image-preview:large","max-video-preview":"max-video-preview:-1"},"canonical":"https:\/\/mivoot.com\/gt\/producto\/proyector-hd-teatro-portatil-con-pantalla-pegable-120-pht\/","og_locale":"es_ES","og_type":"article","og_title":"Proyector HD Teatro Port\u00e1til con Pantalla Pegable 120\" PHT","og_description":"- Proyector HD + pantalla de proyector plegable - Soporta 3D y 1080p - Tama\u00f1o m\u00e1ximo de proyecci\u00f3n de 170\" - Pantalla de proyecci\u00f3n plegable simple 120\" 16:9 - Dise\u00f1o de consumo de baja energ\u00eda - F\u00e1cil instalaci\u00f3n, almacenamiento y transporte - Relaci\u00f3n de aspecto 16:9: adecuado para proyectores LED, LCD y DLP. - Superficie blanca mate con marco negro de cuatro lados.  - Superficie de visualizaci\u00f3n blanca mate que difunde la luz proyectada uniformemente; material de pantalla con respaldo negro que elimina la penetraci\u00f3n de la luz. - Tirable manual con sistema de bloqueo, funci\u00f3n de retracci\u00f3n lenta. Acero y carcasa cuadrada. - Crea la experiencia perfecta de cine en casa, cine y deportes en vivo o pantalla de presentaci\u00f3n de oficina. - Dimensiones del art\u00edculo: 12.6\" x 6.3\" x 8.46\" (32 cm x 16 cm x 21.5 cm) - Peso: 4.91 lb (2.23 Kg) |","og_url":"https:\/\/mivoot.com\/gt\/producto\/proyector-hd-teatro-portatil-con-pantalla-pegable-120-pht\/","og_site_name":"Mivoot","article_publisher":"https:\/\/www.facebook.com\/mivootgt","article_modified_time":"2023-05-19T19:04:54+00:00","og_image":[{"width":500,"height":500,"url":"https:\/\/mivoot.com\/gt\/wp-content\/uploads\/2023\/05\/447869_2.jpg","type":"image\/jpeg"}],"twitter_card":"summary_large_image","twitter_misc":{"Est. reading time":"4 minutos"},"schema":{"@context":"https:\/\/schema.org","@graph":[{"@type":"WebPage","@id":"https:\/\/mivoot.com\/gt\/producto\/proyector-hd-teatro-portatil-con-pantalla-pegable-120-pht\/","url":"https:\/\/mivoot.com\/gt\/producto\/proyector-hd-teatro-portatil-con-pantalla-pegable-120-pht\/","name":"Proyector HD Teatro Port\u00e1til con Pantalla Pegable 120\" PHT - Mivoot","isPartOf":{"@id":"https:\/\/mivoot.com\/gt\/#website"},"primaryImageOfPage":{"@id":"https:\/\/mivoot.com\/gt\/producto\/proyector-hd-teatro-portatil-con-pantalla-pegable-120-pht\/#primaryimage"},"image":{"@id":"https:\/\/mivoot.com\/gt\/producto\/proyector-hd-teatro-portatil-con-pantalla-pegable-120-pht\/#primaryimage"},"thumbnailUrl":"https:\/\/mivoot.com\/gt\/wp-content\/uploads\/2023\/05\/447869_2.jpg","datePublished":"2023-05-19T19:04:50+00:00","dateModified":"2023-05-19T19:04:54+00:00","breadcrumb":{"@id":"https:\/\/mivoot.com\/gt\/producto\/proyector-hd-teatro-portatil-con-pantalla-pegable-120-pht\/#breadcrumb"},"inLanguage":"es","potentialAction":[{"@type":"ReadAction","target":["https:\/\/mivoot.com\/gt\/producto\/proyector-hd-teatro-portatil-con-pantalla-pegable-120-pht\/"]}]},{"@type":"ImageObject","inLanguage":"es","@id":"https:\/\/mivoot.com\/gt\/producto\/proyector-hd-teatro-portatil-con-pantalla-pegable-120-pht\/#primaryimage","url":"https:\/\/mivoot.com\/gt\/wp-content\/uploads\/2023\/05\/447869_2.jpg","contentUrl":"https:\/\/mivoot.com\/gt\/wp-content\/uploads\/2023\/05\/447869_2.jpg","width":500,"height":500},{"@type":"BreadcrumbList","@id":"https:\/\/mivoot.com\/gt\/producto\/proyector-hd-teatro-portatil-con-pantalla-pegable-120-pht\/#breadcrumb","itemListElement":[{"@type":"ListItem","position":1,"name":"Inicio","item":"https:\/\/mivoot.com\/gt\/"},{"@type":"ListItem","position":2,"name":"Productos","item":"https:\/\/mivoot.com\/gt\/producto\/"},{"@type":"ListItem","position":3,"name":"ProHT","item":"https:\/\/mivoot.com\/gt\/marca\/proht\/"},{"@type":"ListItem","position":4,"name":"Proyector HD Teatro Port\u00e1til con Pantalla Pegable 120&#8243; PHT"}]},{"@type":"WebSite","@id":"https:\/\/mivoot.com\/gt\/#website","url":"https:\/\/mivoot.com\/gt\/","name":"Mivoot","description":"Mivoot Guatemala | Tienda Online","publisher":{"@id":"https:\/\/mivoot.com\/gt\/#organization"},"alternateName":"mivoot","potentialAction":[{"@type":"SearchAction","target":{"@type":"EntryPoint","urlTemplate":"https:\/\/mivoot.com\/gt\/?s={search_term_string}"},"query-input":{"@type":"PropertyValueSpecification","valueRequired":true,"valueName":"search_term_string"}}],"inLanguage":"es"},{"@type":"Organization","@id":"https:\/\/mivoot.com\/gt\/#organization","name":"Mivoot Guatemala","alternateName":"mivoot.com","url":"https:\/\/mivoot.com\/gt\/","logo":{"@type":"ImageObject","inLanguage":"es","@id":"https:\/\/mivoot.com\/gt\/#\/schema\/logo\/image\/","url":"https:\/\/mivoot.com\/gt\/wp-content\/uploads\/2023\/03\/cropped-icon.png","contentUrl":"https:\/\/mivoot.com\/gt\/wp-content\/uploads\/2023\/03\/cropped-icon.png","width":512,"height":512,"caption":"Mivoot Guatemala"},"image":{"@id":"https:\/\/mivoot.com\/gt\/#\/schema\/logo\/image\/"},"sameAs":["https:\/\/www.facebook.com\/mivootgt","https:\/\/instagram.com\/mivoot"]}]}},"jetpack_publicize_connections":[],"jetpack_sharing_enabled":true,"brands":[{"id":335,"name":"ProHT","slug":"proht"}],"_links":{"self":[{"href":"https:\/\/mivoot.com\/gt\/wp-json\/wp\/v2\/product\/13570","targetHints":{"allow":["GET"]}}],"collection":[{"href":"https:\/\/mivoot.com\/gt\/wp-json\/wp\/v2\/product"}],"about":[{"href":"https:\/\/mivoot.com\/gt\/wp-json\/wp\/v2\/types\/product"}],"replies":[{"embeddable":true,"href":"https:\/\/mivoot.com\/gt\/wp-json\/wp\/v2\/comments?post=13570"}],"version-history":[{"count":2,"href":"https:\/\/mivoot.com\/gt\/wp-json\/wp\/v2\/product\/13570\/revisions"}],"predecessor-version":[{"id":13578,"href":"https:\/\/mivoot.com\/gt\/wp-json\/wp\/v2\/product\/13570\/revisions\/13578"}],"wp:featuredmedia":[{"embeddable":true,"href":"https:\/\/mivoot.com\/gt\/wp-json\/wp\/v2\/media\/13573"}],"wp:attachment":[{"href":"https:\/\/mivoot.com\/gt\/wp-json\/wp\/v2\/media?parent=13570"}],"wp:term":[{"taxonomy":"pwb-brand","embeddable":true,"href":"https:\/\/mivoot.com\/gt\/wp-json\/wp\/v2\/pwb-brand?post=13570"},{"taxonomy":"product_brand","embeddable":true,"href":"https:\/\/mivoot.com\/gt\/wp-json\/wp\/v2\/product_brand?post=13570"},{"taxonomy":"product_cat","embeddable":true,"href":"https:\/\/mivoot.com\/gt\/wp-json\/wp\/v2\/product_cat?post=13570"},{"taxonomy":"product_tag","embeddable":true,"href":"https:\/\/mivoot.com\/gt\/wp-json\/wp\/v2\/product_tag?post=13570"}],"curies":[{"name":"wp","href":"https:\/\/api.w.org\/{rel}","templated":true}]}}