{"id":13607,"date":"2023-05-20T00:04:42","date_gmt":"2023-05-20T06:04:42","guid":{"rendered":"https:\/\/mivoot.com\/gt\/?post_type=product&#038;p=13607"},"modified":"2024-03-21T13:07:38","modified_gmt":"2024-03-21T19:07:38","slug":"sistema-pos-all-in-one-j4125-pte0110-3nstar","status":"publish","type":"product","link":"https:\/\/mivoot.com\/gt\/producto\/sistema-pos-all-in-one-j4125-pte0110-3nstar\/","title":{"rendered":"Sistema POS All-in-One 15&#8243; Intel Celeron J4125 4GBRam120GB SSD NO OS WiFi BT PTE0110 3nStar"},"content":{"rendered":"<h3 class=\"fusion-woocommerce-tab-title fusion-responsive-typography-calculated\" data-fontsize=\"20\" data-lineheight=\"37.6px\">Descripci\u00f3n<\/h3>\n<p>El Sistema para punto de venta 3nStar PTE0110 All-In-One 3nStar no es solo f\u00edsicamente rudo, sino tambi\u00e9n manejar\u00e1 sus aplicaciones m\u00e1s demandantes, asegurando que cualquiera sea su necesidad, esta ser\u00e1 provista r\u00e1pida y eficientemente.<br \/>\nEs resistente al polvo y a derrames de liquido, permiti\u00e9ndole suministrar una experiencia \u00fanica a sus clientes con el moderno y vers\u00e1til sistema de Punto de Venta 3nStar PTE0110.<\/p>\n<p><strong>Caracteristicas:<\/strong><\/p>\n<ul>\n<li>Pantalla t\u00e1ctil de 15 \u201c10 puntos capacitivos<\/li>\n<li>Placa madre industrial Intel Celeron J4125 Quad Core 2.0GHz<\/li>\n<li>4 GB de RAM expansible a 8 GB<\/li>\n<li>Disco duro de 120 GB SSD (unidad de estado s\u00f3lido) expandible a 1TB.<\/li>\n<li>Wi-Fi banda dual 802.11ac, a \/ b \/ g, n y Bluetooth 4.0\u00a0 (Opcional)<\/li>\n<li>Puerto Ethernet RJ45 10\/100\/1000M<\/li>\n<li>6 puertos USB, 2 puertos RS232 y 1 VGA<\/li>\n<li>Opciones de Visor VFD o un segundo Monitor LCD 9.7\u2033<\/li>\n<li>Soporta PXE (Preboot Execution Environment) el cual permite al administrador de la red la configuraci\u00f3n y el encendido remoto del equipo.<\/li>\n<li>Compatible con la mayor\u00eda de las versiones de Windows y Linux<\/li>\n<\/ul>\n","protected":false},"excerpt":{"rendered":"<p>Pantalla t\u00e1ctil de 15 \u201c10 puntos capacitivos<br \/>\nPlaca madre industrial Intel Celeron J4125 Quad Core 2.0GHz<br \/>\n4 GB de RAM expansible a 8 GB<br \/>\nDisco duro de 120 GB SSD (unidad de estado s\u00f3lido) expandible a 1TB.<br \/>\nPuerto Ethernet RJ45 10\/100\/1000M<br \/>\n6 puertos USB, 2 puertos RS232 y 1 VGA<br \/>\nOpciones de Visor VFD o un segundo Monitor LCD 9.7\u2033<br \/>\nCompatible con Windows 8.1 8 32-bit\/64-bit, Windows 7 32-bit\/64-bit, Windows ES 7\/8, Windows 10, Linux (No incluye sistema operativo)<\/p>\n","protected":false},"featured_media":13613,"comment_status":"open","ping_status":"closed","template":"","meta":{"jetpack_publicize_message":"","jetpack_publicize_feature_enabled":true,"jetpack_social_post_already_shared":true,"jetpack_social_options":{"image_generator_settings":{"template":"highway","default_image_id":0,"font":"","enabled":false},"version":2}},"pwb-brand":[312],"product_brand":[],"product_cat":[309],"product_tag":[],"class_list":{"0":"post-13607","1":"product","2":"type-product","3":"status-publish","4":"has-post-thumbnail","6":"pwb-brand-3nstar","7":"product_cat-monitoresallinone","9":"first","10":"instock","11":"sale","12":"taxable","13":"shipping-taxable","14":"purchasable","15":"product-type-simple"},"yoast_head":"<!-- This site is optimized with the Yoast SEO Premium plugin v25.7.1 (Yoast SEO v26.8) - https:\/\/yoast.com\/product\/yoast-seo-premium-wordpress\/ -->\n<title>Sistema POS All-in-One 15&quot; Intel Celeron J4125 4GBRam120GB SSD NO OS WiFi BT PTE0110 3nStar - Mivoot<\/title>\n<meta name=\"robots\" content=\"index, follow, max-snippet:-1, max-image-preview:large, max-video-preview:-1\" \/>\n<link rel=\"canonical\" href=\"https:\/\/mivoot.com\/gt\/producto\/sistema-pos-all-in-one-j4125-pte0110-3nstar\/\" \/>\n<meta property=\"og:locale\" content=\"es_ES\" \/>\n<meta property=\"og:type\" content=\"article\" \/>\n<meta property=\"og:title\" content=\"Sistema POS All-in-One 15&quot; Intel Celeron J4125 4GBRam120GB SSD NO OS WiFi BT PTE0110 3nStar\" \/>\n<meta property=\"og:description\" content=\"Pantalla t\u00e1ctil de 15 \u201c10 puntos capacitivos Placa madre industrial Intel Celeron J4125 Quad Core 2.0GHz 4 GB de RAM expansible a 8 GB Disco duro de 120 GB SSD (unidad de estado s\u00f3lido) expandible a 1TB. Puerto Ethernet RJ45 10\/100\/1000M 6 puertos USB, 2 puertos RS232 y 1 VGA Opciones de Visor VFD o un segundo Monitor LCD 9.7\u2033 Compatible con Windows 8.1 8 32-bit\/64-bit, Windows 7 32-bit\/64-bit, Windows ES 7\/8, Windows 10, Linux (No incluye sistema operativo)\" \/>\n<meta property=\"og:url\" content=\"https:\/\/mivoot.com\/gt\/producto\/sistema-pos-all-in-one-j4125-pte0110-3nstar\/\" \/>\n<meta property=\"og:site_name\" content=\"Mivoot\" \/>\n<meta property=\"article:publisher\" content=\"https:\/\/www.facebook.com\/mivootgt\" \/>\n<meta property=\"article:modified_time\" content=\"2024-03-21T19:07:38+00:00\" \/>\n<meta property=\"og:image\" content=\"https:\/\/mivoot.com\/gt\/wp-content\/uploads\/2023\/05\/PTE0105W-4-120-1000X1000-1-768x768-1.jpg\" \/>\n\t<meta property=\"og:image:width\" content=\"768\" \/>\n\t<meta property=\"og:image:height\" content=\"768\" \/>\n\t<meta property=\"og:image:type\" content=\"image\/jpeg\" \/>\n<meta name=\"twitter:card\" content=\"summary_large_image\" \/>\n<meta name=\"twitter:label1\" content=\"Est. reading time\" \/>\n\t<meta name=\"twitter:data1\" content=\"1 minuto\" \/>\n<script type=\"application\/ld+json\" class=\"yoast-schema-graph\">{\"@context\":\"https:\/\/schema.org\",\"@graph\":[{\"@type\":\"WebPage\",\"@id\":\"https:\/\/mivoot.com\/gt\/producto\/sistema-pos-all-in-one-j4125-pte0110-3nstar\/\",\"url\":\"https:\/\/mivoot.com\/gt\/producto\/sistema-pos-all-in-one-j4125-pte0110-3nstar\/\",\"name\":\"Sistema POS All-in-One 15\\\" Intel Celeron J4125 4GBRam120GB SSD NO OS WiFi BT PTE0110 3nStar - Mivoot\",\"isPartOf\":{\"@id\":\"https:\/\/mivoot.com\/gt\/#website\"},\"primaryImageOfPage\":{\"@id\":\"https:\/\/mivoot.com\/gt\/producto\/sistema-pos-all-in-one-j4125-pte0110-3nstar\/#primaryimage\"},\"image\":{\"@id\":\"https:\/\/mivoot.com\/gt\/producto\/sistema-pos-all-in-one-j4125-pte0110-3nstar\/#primaryimage\"},\"thumbnailUrl\":\"https:\/\/mivoot.com\/gt\/wp-content\/uploads\/2023\/05\/PTE0105W-4-120-1000X1000-1-768x768-1.jpg\",\"datePublished\":\"2023-05-20T06:04:42+00:00\",\"dateModified\":\"2024-03-21T19:07:38+00:00\",\"breadcrumb\":{\"@id\":\"https:\/\/mivoot.com\/gt\/producto\/sistema-pos-all-in-one-j4125-pte0110-3nstar\/#breadcrumb\"},\"inLanguage\":\"es\",\"potentialAction\":[{\"@type\":\"ReadAction\",\"target\":[\"https:\/\/mivoot.com\/gt\/producto\/sistema-pos-all-in-one-j4125-pte0110-3nstar\/\"]}]},{\"@type\":\"ImageObject\",\"inLanguage\":\"es\",\"@id\":\"https:\/\/mivoot.com\/gt\/producto\/sistema-pos-all-in-one-j4125-pte0110-3nstar\/#primaryimage\",\"url\":\"https:\/\/mivoot.com\/gt\/wp-content\/uploads\/2023\/05\/PTE0105W-4-120-1000X1000-1-768x768-1.jpg\",\"contentUrl\":\"https:\/\/mivoot.com\/gt\/wp-content\/uploads\/2023\/05\/PTE0105W-4-120-1000X1000-1-768x768-1.jpg\",\"width\":768,\"height\":768},{\"@type\":\"BreadcrumbList\",\"@id\":\"https:\/\/mivoot.com\/gt\/producto\/sistema-pos-all-in-one-j4125-pte0110-3nstar\/#breadcrumb\",\"itemListElement\":[{\"@type\":\"ListItem\",\"position\":1,\"name\":\"Inicio\",\"item\":\"https:\/\/mivoot.com\/gt\/\"},{\"@type\":\"ListItem\",\"position\":2,\"name\":\"Productos\",\"item\":\"https:\/\/mivoot.com\/gt\/producto\/\"},{\"@type\":\"ListItem\",\"position\":3,\"name\":\"3nStar\",\"item\":\"https:\/\/mivoot.com\/gt\/marca\/3nstar\/\"},{\"@type\":\"ListItem\",\"position\":4,\"name\":\"Sistema POS All-in-One 15&#8243; Intel Celeron J4125 4GBRam120GB SSD NO OS WiFi BT PTE0110 3nStar\"}]},{\"@type\":\"WebSite\",\"@id\":\"https:\/\/mivoot.com\/gt\/#website\",\"url\":\"https:\/\/mivoot.com\/gt\/\",\"name\":\"Mivoot\",\"description\":\"Mivoot Guatemala | Tienda Online\",\"publisher\":{\"@id\":\"https:\/\/mivoot.com\/gt\/#organization\"},\"alternateName\":\"mivoot\",\"potentialAction\":[{\"@type\":\"SearchAction\",\"target\":{\"@type\":\"EntryPoint\",\"urlTemplate\":\"https:\/\/mivoot.com\/gt\/?s={search_term_string}\"},\"query-input\":{\"@type\":\"PropertyValueSpecification\",\"valueRequired\":true,\"valueName\":\"search_term_string\"}}],\"inLanguage\":\"es\"},{\"@type\":\"Organization\",\"@id\":\"https:\/\/mivoot.com\/gt\/#organization\",\"name\":\"Mivoot Guatemala\",\"alternateName\":\"mivoot.com\",\"url\":\"https:\/\/mivoot.com\/gt\/\",\"logo\":{\"@type\":\"ImageObject\",\"inLanguage\":\"es\",\"@id\":\"https:\/\/mivoot.com\/gt\/#\/schema\/logo\/image\/\",\"url\":\"https:\/\/mivoot.com\/gt\/wp-content\/uploads\/2023\/03\/cropped-icon.png\",\"contentUrl\":\"https:\/\/mivoot.com\/gt\/wp-content\/uploads\/2023\/03\/cropped-icon.png\",\"width\":512,\"height\":512,\"caption\":\"Mivoot Guatemala\"},\"image\":{\"@id\":\"https:\/\/mivoot.com\/gt\/#\/schema\/logo\/image\/\"},\"sameAs\":[\"https:\/\/www.facebook.com\/mivootgt\",\"https:\/\/instagram.com\/mivoot\"]}]}<\/script>\n<!-- \/ Yoast SEO Premium plugin. -->","yoast_head_json":{"title":"Sistema POS All-in-One 15\" Intel Celeron J4125 4GBRam120GB SSD NO OS WiFi BT PTE0110 3nStar - Mivoot","robots":{"index":"index","follow":"follow","max-snippet":"max-snippet:-1","max-image-preview":"max-image-preview:large","max-video-preview":"max-video-preview:-1"},"canonical":"https:\/\/mivoot.com\/gt\/producto\/sistema-pos-all-in-one-j4125-pte0110-3nstar\/","og_locale":"es_ES","og_type":"article","og_title":"Sistema POS All-in-One 15\" Intel Celeron J4125 4GBRam120GB SSD NO OS WiFi BT PTE0110 3nStar","og_description":"Pantalla t\u00e1ctil de 15 \u201c10 puntos capacitivos Placa madre industrial Intel Celeron J4125 Quad Core 2.0GHz 4 GB de RAM expansible a 8 GB Disco duro de 120 GB SSD (unidad de estado s\u00f3lido) expandible a 1TB. Puerto Ethernet RJ45 10\/100\/1000M 6 puertos USB, 2 puertos RS232 y 1 VGA Opciones de Visor VFD o un segundo Monitor LCD 9.7\u2033 Compatible con Windows 8.1 8 32-bit\/64-bit, Windows 7 32-bit\/64-bit, Windows ES 7\/8, Windows 10, Linux (No incluye sistema operativo)","og_url":"https:\/\/mivoot.com\/gt\/producto\/sistema-pos-all-in-one-j4125-pte0110-3nstar\/","og_site_name":"Mivoot","article_publisher":"https:\/\/www.facebook.com\/mivootgt","article_modified_time":"2024-03-21T19:07:38+00:00","og_image":[{"width":768,"height":768,"url":"https:\/\/mivoot.com\/gt\/wp-content\/uploads\/2023\/05\/PTE0105W-4-120-1000X1000-1-768x768-1.jpg","type":"image\/jpeg"}],"twitter_card":"summary_large_image","twitter_misc":{"Est. reading time":"1 minuto"},"schema":{"@context":"https:\/\/schema.org","@graph":[{"@type":"WebPage","@id":"https:\/\/mivoot.com\/gt\/producto\/sistema-pos-all-in-one-j4125-pte0110-3nstar\/","url":"https:\/\/mivoot.com\/gt\/producto\/sistema-pos-all-in-one-j4125-pte0110-3nstar\/","name":"Sistema POS All-in-One 15\" Intel Celeron J4125 4GBRam120GB SSD NO OS WiFi BT PTE0110 3nStar - Mivoot","isPartOf":{"@id":"https:\/\/mivoot.com\/gt\/#website"},"primaryImageOfPage":{"@id":"https:\/\/mivoot.com\/gt\/producto\/sistema-pos-all-in-one-j4125-pte0110-3nstar\/#primaryimage"},"image":{"@id":"https:\/\/mivoot.com\/gt\/producto\/sistema-pos-all-in-one-j4125-pte0110-3nstar\/#primaryimage"},"thumbnailUrl":"https:\/\/mivoot.com\/gt\/wp-content\/uploads\/2023\/05\/PTE0105W-4-120-1000X1000-1-768x768-1.jpg","datePublished":"2023-05-20T06:04:42+00:00","dateModified":"2024-03-21T19:07:38+00:00","breadcrumb":{"@id":"https:\/\/mivoot.com\/gt\/producto\/sistema-pos-all-in-one-j4125-pte0110-3nstar\/#breadcrumb"},"inLanguage":"es","potentialAction":[{"@type":"ReadAction","target":["https:\/\/mivoot.com\/gt\/producto\/sistema-pos-all-in-one-j4125-pte0110-3nstar\/"]}]},{"@type":"ImageObject","inLanguage":"es","@id":"https:\/\/mivoot.com\/gt\/producto\/sistema-pos-all-in-one-j4125-pte0110-3nstar\/#primaryimage","url":"https:\/\/mivoot.com\/gt\/wp-content\/uploads\/2023\/05\/PTE0105W-4-120-1000X1000-1-768x768-1.jpg","contentUrl":"https:\/\/mivoot.com\/gt\/wp-content\/uploads\/2023\/05\/PTE0105W-4-120-1000X1000-1-768x768-1.jpg","width":768,"height":768},{"@type":"BreadcrumbList","@id":"https:\/\/mivoot.com\/gt\/producto\/sistema-pos-all-in-one-j4125-pte0110-3nstar\/#breadcrumb","itemListElement":[{"@type":"ListItem","position":1,"name":"Inicio","item":"https:\/\/mivoot.com\/gt\/"},{"@type":"ListItem","position":2,"name":"Productos","item":"https:\/\/mivoot.com\/gt\/producto\/"},{"@type":"ListItem","position":3,"name":"3nStar","item":"https:\/\/mivoot.com\/gt\/marca\/3nstar\/"},{"@type":"ListItem","position":4,"name":"Sistema POS All-in-One 15&#8243; Intel Celeron J4125 4GBRam120GB SSD NO OS WiFi BT PTE0110 3nStar"}]},{"@type":"WebSite","@id":"https:\/\/mivoot.com\/gt\/#website","url":"https:\/\/mivoot.com\/gt\/","name":"Mivoot","description":"Mivoot Guatemala | Tienda Online","publisher":{"@id":"https:\/\/mivoot.com\/gt\/#organization"},"alternateName":"mivoot","potentialAction":[{"@type":"SearchAction","target":{"@type":"EntryPoint","urlTemplate":"https:\/\/mivoot.com\/gt\/?s={search_term_string}"},"query-input":{"@type":"PropertyValueSpecification","valueRequired":true,"valueName":"search_term_string"}}],"inLanguage":"es"},{"@type":"Organization","@id":"https:\/\/mivoot.com\/gt\/#organization","name":"Mivoot Guatemala","alternateName":"mivoot.com","url":"https:\/\/mivoot.com\/gt\/","logo":{"@type":"ImageObject","inLanguage":"es","@id":"https:\/\/mivoot.com\/gt\/#\/schema\/logo\/image\/","url":"https:\/\/mivoot.com\/gt\/wp-content\/uploads\/2023\/03\/cropped-icon.png","contentUrl":"https:\/\/mivoot.com\/gt\/wp-content\/uploads\/2023\/03\/cropped-icon.png","width":512,"height":512,"caption":"Mivoot Guatemala"},"image":{"@id":"https:\/\/mivoot.com\/gt\/#\/schema\/logo\/image\/"},"sameAs":["https:\/\/www.facebook.com\/mivootgt","https:\/\/instagram.com\/mivoot"]}]}},"jetpack_publicize_connections":[],"jetpack_sharing_enabled":true,"brands":[{"id":312,"name":"3nStar","slug":"3nstar"}],"_links":{"self":[{"href":"https:\/\/mivoot.com\/gt\/wp-json\/wp\/v2\/product\/13607","targetHints":{"allow":["GET"]}}],"collection":[{"href":"https:\/\/mivoot.com\/gt\/wp-json\/wp\/v2\/product"}],"about":[{"href":"https:\/\/mivoot.com\/gt\/wp-json\/wp\/v2\/types\/product"}],"replies":[{"embeddable":true,"href":"https:\/\/mivoot.com\/gt\/wp-json\/wp\/v2\/comments?post=13607"}],"version-history":[{"count":4,"href":"https:\/\/mivoot.com\/gt\/wp-json\/wp\/v2\/product\/13607\/revisions"}],"predecessor-version":[{"id":13617,"href":"https:\/\/mivoot.com\/gt\/wp-json\/wp\/v2\/product\/13607\/revisions\/13617"}],"wp:featuredmedia":[{"embeddable":true,"href":"https:\/\/mivoot.com\/gt\/wp-json\/wp\/v2\/media\/13613"}],"wp:attachment":[{"href":"https:\/\/mivoot.com\/gt\/wp-json\/wp\/v2\/media?parent=13607"}],"wp:term":[{"taxonomy":"pwb-brand","embeddable":true,"href":"https:\/\/mivoot.com\/gt\/wp-json\/wp\/v2\/pwb-brand?post=13607"},{"taxonomy":"product_brand","embeddable":true,"href":"https:\/\/mivoot.com\/gt\/wp-json\/wp\/v2\/product_brand?post=13607"},{"taxonomy":"product_cat","embeddable":true,"href":"https:\/\/mivoot.com\/gt\/wp-json\/wp\/v2\/product_cat?post=13607"},{"taxonomy":"product_tag","embeddable":true,"href":"https:\/\/mivoot.com\/gt\/wp-json\/wp\/v2\/product_tag?post=13607"}],"curies":[{"name":"wp","href":"https:\/\/api.w.org\/{rel}","templated":true}]}}