{"id":13618,"date":"2023-05-20T00:18:21","date_gmt":"2023-05-20T06:18:21","guid":{"rendered":"https:\/\/mivoot.com\/gt\/?post_type=product&#038;p=13618"},"modified":"2023-05-20T00:19:56","modified_gmt":"2023-05-20T06:19:56","slug":"sistema-pos-todo-en-uno-atlas-15-touch-dynamic","status":"publish","type":"product","link":"https:\/\/mivoot.com\/gt\/producto\/sistema-pos-todo-en-uno-atlas-15-touch-dynamic\/","title":{"rendered":"Sistema POS Todo en Uno 15&#8243; Quad Core J1900 128SSD 4GB NO OS Atlas 15 Touch Dynamic"},"content":{"rendered":"<div class=\"wpb_text_column wpb_content_element vc_custom_1616438644235\">\n<div class=\"wpb_wrapper\">\n<h2 class=\"td-h2\">El Atlas Todo-en-Uno de terminales con pantalla t\u00e1ctil ofrece una velocidad y fiabilidad sin igual en un dise\u00f1o elegante, paquete asequible.<\/h2>\n<\/div>\n<\/div>\n<div class=\"wpb_text_column wpb_content_element \">\n<div class=\"wpb_wrapper\">\n<p>El Atlas All-in-One POS est\u00e1 dise\u00f1ada para mejorar la productividad y aumentar la satisfacci\u00f3n del cliente. La 15 LCD LED proyectada pantalla capacitiva ofrece f\u00e1cil, operaci\u00f3n flexible, una durabilidad mejorada, y la entrada m\u00e1s precisa, mientras que el procesador Intel Celeron Quad Core J1900 proporciona la energ\u00eda que necesita para mantener las operaciones funcionando sin problemas.<\/p>\n<p>Hasta 8 GB de memoria RAM est\u00e1 disponible para un rendimiento \u00f3ptimo, y el agua IP64- y la protecci\u00f3n del panel frontal a prueba de polvo para asegura su POS es capaz de funcionar de forma fiable en los entornos m\u00e1s agitados. Con m\u00faltiples opciones de perif\u00e9ricos, incluyendo un USB MSR, pantalla del cliente, esc\u00e1ner de c\u00f3digo de barras, montaje pin pad, y montaje VESA para pared \/, usted puede personalizar su soluci\u00f3n para adaptarse a cualquier necesidad que tenga.<\/p>\n<\/div>\n<\/div>\n","protected":false},"excerpt":{"rendered":"<p>15 LCD Pantalla LED capacitiva proyectada<br \/>\nDise\u00f1o elegante<br \/>\nOpciones de base m\u00faltiples<br \/>\nProcesador Intel Celeron Quad Core J1900 2.42 GHZ<br \/>\nMemoria RAM 4GB<br \/>\nAlmacenamiento 128GB SSD<br \/>\nSin Sistema, compatible con Windows 10 IOT &amp; Pro, Linux<br \/>\nPuertos 5 USB, 2 Serial, LAN, Ethernet RJ11, 1 VGA, 1 Audio<br \/>\npuertos m\u00faltiples, incluyendo USB, vga, Desarrollado y COM<\/p>\n","protected":false},"featured_media":13622,"comment_status":"open","ping_status":"closed","template":"","meta":{"jetpack_publicize_message":"","jetpack_publicize_feature_enabled":true,"jetpack_social_post_already_shared":true,"jetpack_social_options":{"image_generator_settings":{"template":"highway","default_image_id":0,"font":"","enabled":false},"version":2}},"pwb-brand":[415],"product_brand":[],"product_cat":[309],"product_tag":[],"class_list":{"0":"post-13618","1":"product","2":"type-product","3":"status-publish","4":"has-post-thumbnail","6":"pwb-brand-touch-dynamic","7":"product_cat-monitoresallinone","9":"first","10":"instock","11":"taxable","12":"shipping-taxable","13":"purchasable","14":"product-type-simple"},"yoast_head":"<!-- This site is optimized with the Yoast SEO Premium plugin v25.7.1 (Yoast SEO v26.8) - https:\/\/yoast.com\/product\/yoast-seo-premium-wordpress\/ -->\n<title>Sistema POS Todo en Uno 15&quot; Quad Core J1900 128SSD 4GB NO OS Atlas 15 Touch Dynamic - Mivoot<\/title>\n<meta name=\"robots\" content=\"index, follow, max-snippet:-1, max-image-preview:large, max-video-preview:-1\" \/>\n<link rel=\"canonical\" href=\"https:\/\/mivoot.com\/gt\/producto\/sistema-pos-todo-en-uno-atlas-15-touch-dynamic\/\" \/>\n<meta property=\"og:locale\" content=\"es_ES\" \/>\n<meta property=\"og:type\" content=\"article\" \/>\n<meta property=\"og:title\" content=\"Sistema POS Todo en Uno 15&quot; Quad Core J1900 128SSD 4GB NO OS Atlas 15 Touch Dynamic\" \/>\n<meta property=\"og:description\" content=\"15 LCD Pantalla LED capacitiva proyectada Dise\u00f1o elegante Opciones de base m\u00faltiples Procesador Intel Celeron Quad Core J1900 2.42 GHZ Memoria RAM 4GB Almacenamiento 128GB SSD Sin Sistema, compatible con Windows 10 IOT &amp; Pro, Linux Puertos 5 USB, 2 Serial, LAN, Ethernet RJ11, 1 VGA, 1 Audio puertos m\u00faltiples, incluyendo USB, vga, Desarrollado y COM\" \/>\n<meta property=\"og:url\" content=\"https:\/\/mivoot.com\/gt\/producto\/sistema-pos-todo-en-uno-atlas-15-touch-dynamic\/\" \/>\n<meta property=\"og:site_name\" content=\"Mivoot\" \/>\n<meta property=\"article:publisher\" content=\"https:\/\/www.facebook.com\/mivootgt\" \/>\n<meta property=\"article:modified_time\" content=\"2023-05-20T06:19:56+00:00\" \/>\n<meta property=\"og:image\" content=\"https:\/\/mivoot.com\/gt\/wp-content\/uploads\/2023\/05\/pots.jpg\" \/>\n\t<meta property=\"og:image:width\" content=\"800\" \/>\n\t<meta property=\"og:image:height\" content=\"600\" \/>\n\t<meta property=\"og:image:type\" content=\"image\/jpeg\" \/>\n<meta name=\"twitter:card\" content=\"summary_large_image\" \/>\n<meta name=\"twitter:label1\" content=\"Est. reading time\" \/>\n\t<meta name=\"twitter:data1\" content=\"1 minuto\" \/>\n<script type=\"application\/ld+json\" class=\"yoast-schema-graph\">{\"@context\":\"https:\/\/schema.org\",\"@graph\":[{\"@type\":\"WebPage\",\"@id\":\"https:\/\/mivoot.com\/gt\/producto\/sistema-pos-todo-en-uno-atlas-15-touch-dynamic\/\",\"url\":\"https:\/\/mivoot.com\/gt\/producto\/sistema-pos-todo-en-uno-atlas-15-touch-dynamic\/\",\"name\":\"Sistema POS Todo en Uno 15\\\" Quad Core J1900 128SSD 4GB NO OS Atlas 15 Touch Dynamic - Mivoot\",\"isPartOf\":{\"@id\":\"https:\/\/mivoot.com\/gt\/#website\"},\"primaryImageOfPage\":{\"@id\":\"https:\/\/mivoot.com\/gt\/producto\/sistema-pos-todo-en-uno-atlas-15-touch-dynamic\/#primaryimage\"},\"image\":{\"@id\":\"https:\/\/mivoot.com\/gt\/producto\/sistema-pos-todo-en-uno-atlas-15-touch-dynamic\/#primaryimage\"},\"thumbnailUrl\":\"https:\/\/mivoot.com\/gt\/wp-content\/uploads\/2023\/05\/pots.jpg\",\"datePublished\":\"2023-05-20T06:18:21+00:00\",\"dateModified\":\"2023-05-20T06:19:56+00:00\",\"breadcrumb\":{\"@id\":\"https:\/\/mivoot.com\/gt\/producto\/sistema-pos-todo-en-uno-atlas-15-touch-dynamic\/#breadcrumb\"},\"inLanguage\":\"es\",\"potentialAction\":[{\"@type\":\"ReadAction\",\"target\":[\"https:\/\/mivoot.com\/gt\/producto\/sistema-pos-todo-en-uno-atlas-15-touch-dynamic\/\"]}]},{\"@type\":\"ImageObject\",\"inLanguage\":\"es\",\"@id\":\"https:\/\/mivoot.com\/gt\/producto\/sistema-pos-todo-en-uno-atlas-15-touch-dynamic\/#primaryimage\",\"url\":\"https:\/\/mivoot.com\/gt\/wp-content\/uploads\/2023\/05\/pots.jpg\",\"contentUrl\":\"https:\/\/mivoot.com\/gt\/wp-content\/uploads\/2023\/05\/pots.jpg\",\"width\":800,\"height\":600},{\"@type\":\"BreadcrumbList\",\"@id\":\"https:\/\/mivoot.com\/gt\/producto\/sistema-pos-todo-en-uno-atlas-15-touch-dynamic\/#breadcrumb\",\"itemListElement\":[{\"@type\":\"ListItem\",\"position\":1,\"name\":\"Inicio\",\"item\":\"https:\/\/mivoot.com\/gt\/\"},{\"@type\":\"ListItem\",\"position\":2,\"name\":\"Productos\",\"item\":\"https:\/\/mivoot.com\/gt\/producto\/\"},{\"@type\":\"ListItem\",\"position\":3,\"name\":\"Touch Dynamic\",\"item\":\"https:\/\/mivoot.com\/gt\/marca\/touch-dynamic\/\"},{\"@type\":\"ListItem\",\"position\":4,\"name\":\"Sistema POS Todo en Uno 15&#8243; Quad Core J1900 128SSD 4GB NO OS Atlas 15 Touch Dynamic\"}]},{\"@type\":\"WebSite\",\"@id\":\"https:\/\/mivoot.com\/gt\/#website\",\"url\":\"https:\/\/mivoot.com\/gt\/\",\"name\":\"Mivoot\",\"description\":\"Mivoot Guatemala | Tienda Online\",\"publisher\":{\"@id\":\"https:\/\/mivoot.com\/gt\/#organization\"},\"alternateName\":\"mivoot\",\"potentialAction\":[{\"@type\":\"SearchAction\",\"target\":{\"@type\":\"EntryPoint\",\"urlTemplate\":\"https:\/\/mivoot.com\/gt\/?s={search_term_string}\"},\"query-input\":{\"@type\":\"PropertyValueSpecification\",\"valueRequired\":true,\"valueName\":\"search_term_string\"}}],\"inLanguage\":\"es\"},{\"@type\":\"Organization\",\"@id\":\"https:\/\/mivoot.com\/gt\/#organization\",\"name\":\"Mivoot Guatemala\",\"alternateName\":\"mivoot.com\",\"url\":\"https:\/\/mivoot.com\/gt\/\",\"logo\":{\"@type\":\"ImageObject\",\"inLanguage\":\"es\",\"@id\":\"https:\/\/mivoot.com\/gt\/#\/schema\/logo\/image\/\",\"url\":\"https:\/\/mivoot.com\/gt\/wp-content\/uploads\/2023\/03\/cropped-icon.png\",\"contentUrl\":\"https:\/\/mivoot.com\/gt\/wp-content\/uploads\/2023\/03\/cropped-icon.png\",\"width\":512,\"height\":512,\"caption\":\"Mivoot Guatemala\"},\"image\":{\"@id\":\"https:\/\/mivoot.com\/gt\/#\/schema\/logo\/image\/\"},\"sameAs\":[\"https:\/\/www.facebook.com\/mivootgt\",\"https:\/\/instagram.com\/mivoot\"]}]}<\/script>\n<!-- \/ Yoast SEO Premium plugin. -->","yoast_head_json":{"title":"Sistema POS Todo en Uno 15\" Quad Core J1900 128SSD 4GB NO OS Atlas 15 Touch Dynamic - Mivoot","robots":{"index":"index","follow":"follow","max-snippet":"max-snippet:-1","max-image-preview":"max-image-preview:large","max-video-preview":"max-video-preview:-1"},"canonical":"https:\/\/mivoot.com\/gt\/producto\/sistema-pos-todo-en-uno-atlas-15-touch-dynamic\/","og_locale":"es_ES","og_type":"article","og_title":"Sistema POS Todo en Uno 15\" Quad Core J1900 128SSD 4GB NO OS Atlas 15 Touch Dynamic","og_description":"15 LCD Pantalla LED capacitiva proyectada Dise\u00f1o elegante Opciones de base m\u00faltiples Procesador Intel Celeron Quad Core J1900 2.42 GHZ Memoria RAM 4GB Almacenamiento 128GB SSD Sin Sistema, compatible con Windows 10 IOT &amp; Pro, Linux Puertos 5 USB, 2 Serial, LAN, Ethernet RJ11, 1 VGA, 1 Audio puertos m\u00faltiples, incluyendo USB, vga, Desarrollado y COM","og_url":"https:\/\/mivoot.com\/gt\/producto\/sistema-pos-todo-en-uno-atlas-15-touch-dynamic\/","og_site_name":"Mivoot","article_publisher":"https:\/\/www.facebook.com\/mivootgt","article_modified_time":"2023-05-20T06:19:56+00:00","og_image":[{"width":800,"height":600,"url":"https:\/\/mivoot.com\/gt\/wp-content\/uploads\/2023\/05\/pots.jpg","type":"image\/jpeg"}],"twitter_card":"summary_large_image","twitter_misc":{"Est. reading time":"1 minuto"},"schema":{"@context":"https:\/\/schema.org","@graph":[{"@type":"WebPage","@id":"https:\/\/mivoot.com\/gt\/producto\/sistema-pos-todo-en-uno-atlas-15-touch-dynamic\/","url":"https:\/\/mivoot.com\/gt\/producto\/sistema-pos-todo-en-uno-atlas-15-touch-dynamic\/","name":"Sistema POS Todo en Uno 15\" Quad Core J1900 128SSD 4GB NO OS Atlas 15 Touch Dynamic - Mivoot","isPartOf":{"@id":"https:\/\/mivoot.com\/gt\/#website"},"primaryImageOfPage":{"@id":"https:\/\/mivoot.com\/gt\/producto\/sistema-pos-todo-en-uno-atlas-15-touch-dynamic\/#primaryimage"},"image":{"@id":"https:\/\/mivoot.com\/gt\/producto\/sistema-pos-todo-en-uno-atlas-15-touch-dynamic\/#primaryimage"},"thumbnailUrl":"https:\/\/mivoot.com\/gt\/wp-content\/uploads\/2023\/05\/pots.jpg","datePublished":"2023-05-20T06:18:21+00:00","dateModified":"2023-05-20T06:19:56+00:00","breadcrumb":{"@id":"https:\/\/mivoot.com\/gt\/producto\/sistema-pos-todo-en-uno-atlas-15-touch-dynamic\/#breadcrumb"},"inLanguage":"es","potentialAction":[{"@type":"ReadAction","target":["https:\/\/mivoot.com\/gt\/producto\/sistema-pos-todo-en-uno-atlas-15-touch-dynamic\/"]}]},{"@type":"ImageObject","inLanguage":"es","@id":"https:\/\/mivoot.com\/gt\/producto\/sistema-pos-todo-en-uno-atlas-15-touch-dynamic\/#primaryimage","url":"https:\/\/mivoot.com\/gt\/wp-content\/uploads\/2023\/05\/pots.jpg","contentUrl":"https:\/\/mivoot.com\/gt\/wp-content\/uploads\/2023\/05\/pots.jpg","width":800,"height":600},{"@type":"BreadcrumbList","@id":"https:\/\/mivoot.com\/gt\/producto\/sistema-pos-todo-en-uno-atlas-15-touch-dynamic\/#breadcrumb","itemListElement":[{"@type":"ListItem","position":1,"name":"Inicio","item":"https:\/\/mivoot.com\/gt\/"},{"@type":"ListItem","position":2,"name":"Productos","item":"https:\/\/mivoot.com\/gt\/producto\/"},{"@type":"ListItem","position":3,"name":"Touch Dynamic","item":"https:\/\/mivoot.com\/gt\/marca\/touch-dynamic\/"},{"@type":"ListItem","position":4,"name":"Sistema POS Todo en Uno 15&#8243; Quad Core J1900 128SSD 4GB NO OS Atlas 15 Touch Dynamic"}]},{"@type":"WebSite","@id":"https:\/\/mivoot.com\/gt\/#website","url":"https:\/\/mivoot.com\/gt\/","name":"Mivoot","description":"Mivoot Guatemala | Tienda Online","publisher":{"@id":"https:\/\/mivoot.com\/gt\/#organization"},"alternateName":"mivoot","potentialAction":[{"@type":"SearchAction","target":{"@type":"EntryPoint","urlTemplate":"https:\/\/mivoot.com\/gt\/?s={search_term_string}"},"query-input":{"@type":"PropertyValueSpecification","valueRequired":true,"valueName":"search_term_string"}}],"inLanguage":"es"},{"@type":"Organization","@id":"https:\/\/mivoot.com\/gt\/#organization","name":"Mivoot Guatemala","alternateName":"mivoot.com","url":"https:\/\/mivoot.com\/gt\/","logo":{"@type":"ImageObject","inLanguage":"es","@id":"https:\/\/mivoot.com\/gt\/#\/schema\/logo\/image\/","url":"https:\/\/mivoot.com\/gt\/wp-content\/uploads\/2023\/03\/cropped-icon.png","contentUrl":"https:\/\/mivoot.com\/gt\/wp-content\/uploads\/2023\/03\/cropped-icon.png","width":512,"height":512,"caption":"Mivoot Guatemala"},"image":{"@id":"https:\/\/mivoot.com\/gt\/#\/schema\/logo\/image\/"},"sameAs":["https:\/\/www.facebook.com\/mivootgt","https:\/\/instagram.com\/mivoot"]}]}},"jetpack_publicize_connections":[],"jetpack_sharing_enabled":true,"brands":[{"id":415,"name":"Touch Dynamic","slug":"touch-dynamic"}],"_links":{"self":[{"href":"https:\/\/mivoot.com\/gt\/wp-json\/wp\/v2\/product\/13618","targetHints":{"allow":["GET"]}}],"collection":[{"href":"https:\/\/mivoot.com\/gt\/wp-json\/wp\/v2\/product"}],"about":[{"href":"https:\/\/mivoot.com\/gt\/wp-json\/wp\/v2\/types\/product"}],"replies":[{"embeddable":true,"href":"https:\/\/mivoot.com\/gt\/wp-json\/wp\/v2\/comments?post=13618"}],"version-history":[{"count":3,"href":"https:\/\/mivoot.com\/gt\/wp-json\/wp\/v2\/product\/13618\/revisions"}],"predecessor-version":[{"id":13624,"href":"https:\/\/mivoot.com\/gt\/wp-json\/wp\/v2\/product\/13618\/revisions\/13624"}],"wp:featuredmedia":[{"embeddable":true,"href":"https:\/\/mivoot.com\/gt\/wp-json\/wp\/v2\/media\/13622"}],"wp:attachment":[{"href":"https:\/\/mivoot.com\/gt\/wp-json\/wp\/v2\/media?parent=13618"}],"wp:term":[{"taxonomy":"pwb-brand","embeddable":true,"href":"https:\/\/mivoot.com\/gt\/wp-json\/wp\/v2\/pwb-brand?post=13618"},{"taxonomy":"product_brand","embeddable":true,"href":"https:\/\/mivoot.com\/gt\/wp-json\/wp\/v2\/product_brand?post=13618"},{"taxonomy":"product_cat","embeddable":true,"href":"https:\/\/mivoot.com\/gt\/wp-json\/wp\/v2\/product_cat?post=13618"},{"taxonomy":"product_tag","embeddable":true,"href":"https:\/\/mivoot.com\/gt\/wp-json\/wp\/v2\/product_tag?post=13618"}],"curies":[{"name":"wp","href":"https:\/\/api.w.org\/{rel}","templated":true}]}}