{"id":13677,"date":"2023-05-26T12:13:47","date_gmt":"2023-05-26T18:13:47","guid":{"rendered":"https:\/\/mivoot.com\/gt\/?post_type=product&#038;p=13677"},"modified":"2023-05-26T12:14:54","modified_gmt":"2023-05-26T18:14:54","slug":"ventilador-de-piso-45cm-3-velocidades-con-control-remoto-lasko","status":"publish","type":"product","link":"https:\/\/mivoot.com\/gt\/producto\/ventilador-de-piso-45cm-3-velocidades-con-control-remoto-lasko\/","title":{"rendered":"Ventilador de Piso 45Cm 3 Velocidades con Control Remoto Lasko"},"content":{"rendered":"<p>Un ventilador de pedestal de 45 cm. Cuenta con 3 velocidades, control electr\u00f3nico frontal y ajustes de velocidad, oscilaci\u00f3n y una funci\u00f3n de temporizador de 4 horas. Adem\u00e1s, podr\u00e1s manejar c\u00f3modamente el ventilador desde tu cama o asiento con el mando a distancia multifunci\u00f3n.<\/p>\n","protected":false},"excerpt":{"rendered":"<p>&#8211; Pedestal de 45 cm<br \/>\n&#8211; 3 velocidades<br \/>\n&#8211; Control electr\u00f3nico frontal y ajustes de velocidad oscilaci\u00f3n<br \/>\n&#8211; Temporizador de 4 horas<br \/>\n&#8211; 5 hojas<br \/>\n&#8211; Altura totalmente ajustable que se inclina y un elegante dise\u00f1o ayudan a llevar el flujo de aire de refrigeraci\u00f3n incluso a las \u00e1reas m\u00e1s grandes.<\/p>\n","protected":false},"featured_media":13680,"comment_status":"open","ping_status":"closed","template":"","meta":{"jetpack_publicize_message":"","jetpack_publicize_feature_enabled":true,"jetpack_social_post_already_shared":true,"jetpack_social_options":{"image_generator_settings":{"template":"highway","default_image_id":0,"font":"","enabled":false},"version":2}},"pwb-brand":[293],"product_brand":[],"product_cat":[289],"product_tag":[],"class_list":{"0":"post-13677","1":"product","2":"type-product","3":"status-publish","4":"has-post-thumbnail","6":"pwb-brand-lasko","7":"product_cat-ventiladores-2","9":"first","10":"instock","11":"taxable","12":"shipping-taxable","13":"purchasable","14":"product-type-simple"},"yoast_head":"<!-- This site is optimized with the Yoast SEO Premium plugin v25.7.1 (Yoast SEO v26.8) - https:\/\/yoast.com\/product\/yoast-seo-premium-wordpress\/ -->\n<title>Ventilador de Piso 45Cm 3 Velocidades con Control Remoto Lasko - Mivoot<\/title>\n<meta name=\"robots\" content=\"index, follow, max-snippet:-1, max-image-preview:large, max-video-preview:-1\" \/>\n<link rel=\"canonical\" href=\"https:\/\/mivoot.com\/gt\/producto\/ventilador-de-piso-45cm-3-velocidades-con-control-remoto-lasko\/\" \/>\n<meta property=\"og:locale\" content=\"es_ES\" \/>\n<meta property=\"og:type\" content=\"article\" \/>\n<meta property=\"og:title\" content=\"Ventilador de Piso 45Cm 3 Velocidades con Control Remoto Lasko\" \/>\n<meta property=\"og:description\" content=\"- Pedestal de 45 cm - 3 velocidades - Control electr\u00f3nico frontal y ajustes de velocidad oscilaci\u00f3n  - Temporizador de 4 horas - 5 hojas - Altura totalmente ajustable que se inclina y un elegante dise\u00f1o ayudan a llevar el flujo de aire de refrigeraci\u00f3n incluso a las \u00e1reas m\u00e1s grandes.\" \/>\n<meta property=\"og:url\" content=\"https:\/\/mivoot.com\/gt\/producto\/ventilador-de-piso-45cm-3-velocidades-con-control-remoto-lasko\/\" \/>\n<meta property=\"og:site_name\" content=\"Mivoot\" \/>\n<meta property=\"article:publisher\" content=\"https:\/\/www.facebook.com\/mivootgt\" \/>\n<meta property=\"article:modified_time\" content=\"2023-05-26T18:14:54+00:00\" \/>\n<meta property=\"og:image\" content=\"https:\/\/mivoot.com\/gt\/wp-content\/uploads\/2023\/05\/lask1.jpg\" \/>\n\t<meta property=\"og:image:width\" content=\"500\" \/>\n\t<meta property=\"og:image:height\" content=\"500\" \/>\n\t<meta property=\"og:image:type\" content=\"image\/jpeg\" \/>\n<meta name=\"twitter:card\" content=\"summary_large_image\" \/>\n<meta name=\"twitter:label1\" content=\"Est. reading time\" \/>\n\t<meta name=\"twitter:data1\" content=\"1 minuto\" \/>\n<script type=\"application\/ld+json\" class=\"yoast-schema-graph\">{\"@context\":\"https:\/\/schema.org\",\"@graph\":[{\"@type\":\"WebPage\",\"@id\":\"https:\/\/mivoot.com\/gt\/producto\/ventilador-de-piso-45cm-3-velocidades-con-control-remoto-lasko\/\",\"url\":\"https:\/\/mivoot.com\/gt\/producto\/ventilador-de-piso-45cm-3-velocidades-con-control-remoto-lasko\/\",\"name\":\"Ventilador de Piso 45Cm 3 Velocidades con Control Remoto Lasko - Mivoot\",\"isPartOf\":{\"@id\":\"https:\/\/mivoot.com\/gt\/#website\"},\"primaryImageOfPage\":{\"@id\":\"https:\/\/mivoot.com\/gt\/producto\/ventilador-de-piso-45cm-3-velocidades-con-control-remoto-lasko\/#primaryimage\"},\"image\":{\"@id\":\"https:\/\/mivoot.com\/gt\/producto\/ventilador-de-piso-45cm-3-velocidades-con-control-remoto-lasko\/#primaryimage\"},\"thumbnailUrl\":\"https:\/\/mivoot.com\/gt\/wp-content\/uploads\/2023\/05\/lask1.jpg\",\"datePublished\":\"2023-05-26T18:13:47+00:00\",\"dateModified\":\"2023-05-26T18:14:54+00:00\",\"breadcrumb\":{\"@id\":\"https:\/\/mivoot.com\/gt\/producto\/ventilador-de-piso-45cm-3-velocidades-con-control-remoto-lasko\/#breadcrumb\"},\"inLanguage\":\"es\",\"potentialAction\":[{\"@type\":\"ReadAction\",\"target\":[\"https:\/\/mivoot.com\/gt\/producto\/ventilador-de-piso-45cm-3-velocidades-con-control-remoto-lasko\/\"]}]},{\"@type\":\"ImageObject\",\"inLanguage\":\"es\",\"@id\":\"https:\/\/mivoot.com\/gt\/producto\/ventilador-de-piso-45cm-3-velocidades-con-control-remoto-lasko\/#primaryimage\",\"url\":\"https:\/\/mivoot.com\/gt\/wp-content\/uploads\/2023\/05\/lask1.jpg\",\"contentUrl\":\"https:\/\/mivoot.com\/gt\/wp-content\/uploads\/2023\/05\/lask1.jpg\",\"width\":500,\"height\":500},{\"@type\":\"BreadcrumbList\",\"@id\":\"https:\/\/mivoot.com\/gt\/producto\/ventilador-de-piso-45cm-3-velocidades-con-control-remoto-lasko\/#breadcrumb\",\"itemListElement\":[{\"@type\":\"ListItem\",\"position\":1,\"name\":\"Inicio\",\"item\":\"https:\/\/mivoot.com\/gt\/\"},{\"@type\":\"ListItem\",\"position\":2,\"name\":\"Productos\",\"item\":\"https:\/\/mivoot.com\/gt\/producto\/\"},{\"@type\":\"ListItem\",\"position\":3,\"name\":\"Lasko\",\"item\":\"https:\/\/mivoot.com\/gt\/marca\/lasko\/\"},{\"@type\":\"ListItem\",\"position\":4,\"name\":\"Ventilador de Piso 45Cm 3 Velocidades con Control Remoto Lasko\"}]},{\"@type\":\"WebSite\",\"@id\":\"https:\/\/mivoot.com\/gt\/#website\",\"url\":\"https:\/\/mivoot.com\/gt\/\",\"name\":\"Mivoot\",\"description\":\"Mivoot Guatemala | Tienda Online\",\"publisher\":{\"@id\":\"https:\/\/mivoot.com\/gt\/#organization\"},\"alternateName\":\"mivoot\",\"potentialAction\":[{\"@type\":\"SearchAction\",\"target\":{\"@type\":\"EntryPoint\",\"urlTemplate\":\"https:\/\/mivoot.com\/gt\/?s={search_term_string}\"},\"query-input\":{\"@type\":\"PropertyValueSpecification\",\"valueRequired\":true,\"valueName\":\"search_term_string\"}}],\"inLanguage\":\"es\"},{\"@type\":\"Organization\",\"@id\":\"https:\/\/mivoot.com\/gt\/#organization\",\"name\":\"Mivoot Guatemala\",\"alternateName\":\"mivoot.com\",\"url\":\"https:\/\/mivoot.com\/gt\/\",\"logo\":{\"@type\":\"ImageObject\",\"inLanguage\":\"es\",\"@id\":\"https:\/\/mivoot.com\/gt\/#\/schema\/logo\/image\/\",\"url\":\"https:\/\/mivoot.com\/gt\/wp-content\/uploads\/2023\/03\/cropped-icon.png\",\"contentUrl\":\"https:\/\/mivoot.com\/gt\/wp-content\/uploads\/2023\/03\/cropped-icon.png\",\"width\":512,\"height\":512,\"caption\":\"Mivoot Guatemala\"},\"image\":{\"@id\":\"https:\/\/mivoot.com\/gt\/#\/schema\/logo\/image\/\"},\"sameAs\":[\"https:\/\/www.facebook.com\/mivootgt\",\"https:\/\/instagram.com\/mivoot\"]}]}<\/script>\n<!-- \/ Yoast SEO Premium plugin. -->","yoast_head_json":{"title":"Ventilador de Piso 45Cm 3 Velocidades con Control Remoto Lasko - Mivoot","robots":{"index":"index","follow":"follow","max-snippet":"max-snippet:-1","max-image-preview":"max-image-preview:large","max-video-preview":"max-video-preview:-1"},"canonical":"https:\/\/mivoot.com\/gt\/producto\/ventilador-de-piso-45cm-3-velocidades-con-control-remoto-lasko\/","og_locale":"es_ES","og_type":"article","og_title":"Ventilador de Piso 45Cm 3 Velocidades con Control Remoto Lasko","og_description":"- Pedestal de 45 cm - 3 velocidades - Control electr\u00f3nico frontal y ajustes de velocidad oscilaci\u00f3n  - Temporizador de 4 horas - 5 hojas - Altura totalmente ajustable que se inclina y un elegante dise\u00f1o ayudan a llevar el flujo de aire de refrigeraci\u00f3n incluso a las \u00e1reas m\u00e1s grandes.","og_url":"https:\/\/mivoot.com\/gt\/producto\/ventilador-de-piso-45cm-3-velocidades-con-control-remoto-lasko\/","og_site_name":"Mivoot","article_publisher":"https:\/\/www.facebook.com\/mivootgt","article_modified_time":"2023-05-26T18:14:54+00:00","og_image":[{"width":500,"height":500,"url":"https:\/\/mivoot.com\/gt\/wp-content\/uploads\/2023\/05\/lask1.jpg","type":"image\/jpeg"}],"twitter_card":"summary_large_image","twitter_misc":{"Est. reading time":"1 minuto"},"schema":{"@context":"https:\/\/schema.org","@graph":[{"@type":"WebPage","@id":"https:\/\/mivoot.com\/gt\/producto\/ventilador-de-piso-45cm-3-velocidades-con-control-remoto-lasko\/","url":"https:\/\/mivoot.com\/gt\/producto\/ventilador-de-piso-45cm-3-velocidades-con-control-remoto-lasko\/","name":"Ventilador de Piso 45Cm 3 Velocidades con Control Remoto Lasko - Mivoot","isPartOf":{"@id":"https:\/\/mivoot.com\/gt\/#website"},"primaryImageOfPage":{"@id":"https:\/\/mivoot.com\/gt\/producto\/ventilador-de-piso-45cm-3-velocidades-con-control-remoto-lasko\/#primaryimage"},"image":{"@id":"https:\/\/mivoot.com\/gt\/producto\/ventilador-de-piso-45cm-3-velocidades-con-control-remoto-lasko\/#primaryimage"},"thumbnailUrl":"https:\/\/mivoot.com\/gt\/wp-content\/uploads\/2023\/05\/lask1.jpg","datePublished":"2023-05-26T18:13:47+00:00","dateModified":"2023-05-26T18:14:54+00:00","breadcrumb":{"@id":"https:\/\/mivoot.com\/gt\/producto\/ventilador-de-piso-45cm-3-velocidades-con-control-remoto-lasko\/#breadcrumb"},"inLanguage":"es","potentialAction":[{"@type":"ReadAction","target":["https:\/\/mivoot.com\/gt\/producto\/ventilador-de-piso-45cm-3-velocidades-con-control-remoto-lasko\/"]}]},{"@type":"ImageObject","inLanguage":"es","@id":"https:\/\/mivoot.com\/gt\/producto\/ventilador-de-piso-45cm-3-velocidades-con-control-remoto-lasko\/#primaryimage","url":"https:\/\/mivoot.com\/gt\/wp-content\/uploads\/2023\/05\/lask1.jpg","contentUrl":"https:\/\/mivoot.com\/gt\/wp-content\/uploads\/2023\/05\/lask1.jpg","width":500,"height":500},{"@type":"BreadcrumbList","@id":"https:\/\/mivoot.com\/gt\/producto\/ventilador-de-piso-45cm-3-velocidades-con-control-remoto-lasko\/#breadcrumb","itemListElement":[{"@type":"ListItem","position":1,"name":"Inicio","item":"https:\/\/mivoot.com\/gt\/"},{"@type":"ListItem","position":2,"name":"Productos","item":"https:\/\/mivoot.com\/gt\/producto\/"},{"@type":"ListItem","position":3,"name":"Lasko","item":"https:\/\/mivoot.com\/gt\/marca\/lasko\/"},{"@type":"ListItem","position":4,"name":"Ventilador de Piso 45Cm 3 Velocidades con Control Remoto Lasko"}]},{"@type":"WebSite","@id":"https:\/\/mivoot.com\/gt\/#website","url":"https:\/\/mivoot.com\/gt\/","name":"Mivoot","description":"Mivoot Guatemala | Tienda Online","publisher":{"@id":"https:\/\/mivoot.com\/gt\/#organization"},"alternateName":"mivoot","potentialAction":[{"@type":"SearchAction","target":{"@type":"EntryPoint","urlTemplate":"https:\/\/mivoot.com\/gt\/?s={search_term_string}"},"query-input":{"@type":"PropertyValueSpecification","valueRequired":true,"valueName":"search_term_string"}}],"inLanguage":"es"},{"@type":"Organization","@id":"https:\/\/mivoot.com\/gt\/#organization","name":"Mivoot Guatemala","alternateName":"mivoot.com","url":"https:\/\/mivoot.com\/gt\/","logo":{"@type":"ImageObject","inLanguage":"es","@id":"https:\/\/mivoot.com\/gt\/#\/schema\/logo\/image\/","url":"https:\/\/mivoot.com\/gt\/wp-content\/uploads\/2023\/03\/cropped-icon.png","contentUrl":"https:\/\/mivoot.com\/gt\/wp-content\/uploads\/2023\/03\/cropped-icon.png","width":512,"height":512,"caption":"Mivoot Guatemala"},"image":{"@id":"https:\/\/mivoot.com\/gt\/#\/schema\/logo\/image\/"},"sameAs":["https:\/\/www.facebook.com\/mivootgt","https:\/\/instagram.com\/mivoot"]}]}},"jetpack_publicize_connections":[],"jetpack_sharing_enabled":true,"brands":[{"id":293,"name":"Lasko","slug":"lasko"}],"_links":{"self":[{"href":"https:\/\/mivoot.com\/gt\/wp-json\/wp\/v2\/product\/13677","targetHints":{"allow":["GET"]}}],"collection":[{"href":"https:\/\/mivoot.com\/gt\/wp-json\/wp\/v2\/product"}],"about":[{"href":"https:\/\/mivoot.com\/gt\/wp-json\/wp\/v2\/types\/product"}],"replies":[{"embeddable":true,"href":"https:\/\/mivoot.com\/gt\/wp-json\/wp\/v2\/comments?post=13677"}],"version-history":[{"count":1,"href":"https:\/\/mivoot.com\/gt\/wp-json\/wp\/v2\/product\/13677\/revisions"}],"predecessor-version":[{"id":13686,"href":"https:\/\/mivoot.com\/gt\/wp-json\/wp\/v2\/product\/13677\/revisions\/13686"}],"wp:featuredmedia":[{"embeddable":true,"href":"https:\/\/mivoot.com\/gt\/wp-json\/wp\/v2\/media\/13680"}],"wp:attachment":[{"href":"https:\/\/mivoot.com\/gt\/wp-json\/wp\/v2\/media?parent=13677"}],"wp:term":[{"taxonomy":"pwb-brand","embeddable":true,"href":"https:\/\/mivoot.com\/gt\/wp-json\/wp\/v2\/pwb-brand?post=13677"},{"taxonomy":"product_brand","embeddable":true,"href":"https:\/\/mivoot.com\/gt\/wp-json\/wp\/v2\/product_brand?post=13677"},{"taxonomy":"product_cat","embeddable":true,"href":"https:\/\/mivoot.com\/gt\/wp-json\/wp\/v2\/product_cat?post=13677"},{"taxonomy":"product_tag","embeddable":true,"href":"https:\/\/mivoot.com\/gt\/wp-json\/wp\/v2\/product_tag?post=13677"}],"curies":[{"name":"wp","href":"https:\/\/api.w.org\/{rel}","templated":true}]}}