{"id":13767,"date":"2023-06-09T10:42:36","date_gmt":"2023-06-09T16:42:36","guid":{"rendered":"https:\/\/mivoot.com\/gt\/?post_type=product&#038;p=13767"},"modified":"2026-03-25T11:25:59","modified_gmt":"2026-03-25T17:25:59","slug":"lector-de-tarjetas-de-chip-3021-usb-smart-card-reader-hid","status":"publish","type":"product","link":"https:\/\/mivoot.com\/gt\/producto\/lector-de-tarjetas-de-chip-3021-usb-smart-card-reader-hid\/","title":{"rendered":"Lector de Tarjetas de Chip 3021 USB Smart Card Reader HID"},"content":{"rendered":"<p>Lector de Tarjetas DPI Dispositivo <strong>port\u00e1til, atractivo<\/strong>\u00a0y\u00a0<strong>elegantemente dise\u00f1ado, adecuado para todas las operaciones de tarjetas inteligentes de contacto, como la banca en l\u00ednea o las aplicaciones de firma digital.\u00a0 \u00a0<\/strong>\u00a1Ideal para lectura de DPI en Guatemala el 3021 USB Smart Card Reader Es tan <strong>peque\u00f1o<\/strong> que cabe dentro de un sobre ! HID OMNIKEY 3021<\/p>\n<p><strong>Beneficios clave<\/strong><\/p>\n<ul>\n<li><strong>Compatible con cualquier tarjeta inteligente:<\/strong>\u00a0se puede distribuir f\u00e1cilmente junto con cualquier tarjeta inteligente, incluidas tarjetas de cr\u00e9dito, tarjetas de identificaci\u00f3n electr\u00f3nicas o software para otras aplicaciones relacionadas con la banca en l\u00ednea.<\/li>\n<li><strong>F\u00e1cil de instalar<\/strong>\u00a0: con la compatibilidad con USB CCID, puede integrarlo f\u00e1cilmente en un sistema existente conectando el host y el lector de tarjetas inteligentes.\u00a0\u00a1No hay necesidad de controladores adicionales!<\/li>\n<li><strong>F\u00e1cilmente compatible<\/strong>\u00a0: se puede integrar sin problemas en un entorno de PC, ya que est\u00e1 equipado para cumplir con todos los est\u00e1ndares relevantes de la industria.<\/li>\n<li><strong>Factor de forma port\u00e1til<\/strong>\u00a0: el tama\u00f1o \u00fanico lo convierte en un lector ideal para implementaciones a gran escala y distribuci\u00f3n masiva<\/li>\n<li><strong>Se adapta a cualquier aplicaci\u00f3n<\/strong>\u00a0: es compatible con pr\u00e1cticamente cualquier tipo de tarjeta inteligente de contacto, software de aplicaci\u00f3n y los principales sistemas operativos de PC.<\/li>\n<\/ul>\n","protected":false},"excerpt":{"rendered":"<p>Dimensiones del paquete: 0.9 in de largo x 3.9 in de ancho x 0.9 in de alto<br \/>\nTipo de producto: lector de memoria<br \/>\nConexi\u00f3n USB<br \/>\nCompatible con DPI (Guatemala)<br \/>\nAlto rendimiento<br \/>\nCantidad en el paquete: 1 unidad<br \/>\nTransmission speed 12 Mbps (USB 2.0 full speed)<br \/>\nStatus indicator Blue LED<br \/>\nColor Transparent\/Silver<\/p>\n","protected":false},"featured_media":13770,"comment_status":"open","ping_status":"closed","template":"","meta":{"jetpack_publicize_message":"","jetpack_publicize_feature_enabled":true,"jetpack_social_post_already_shared":true,"jetpack_social_options":{"image_generator_settings":{"template":"highway","default_image_id":0,"font":"","enabled":false},"version":2}},"pwb-brand":[420],"product_brand":[],"product_cat":[306,300],"product_tag":[],"class_list":{"0":"post-13767","1":"product","2":"type-product","3":"status-publish","4":"has-post-thumbnail","6":"pwb-brand-hid","7":"product_cat-posmovil","8":"product_cat-codigobarras","10":"first","11":"instock","12":"taxable","13":"shipping-taxable","14":"purchasable","15":"product-type-simple"},"yoast_head":"<!-- This site is optimized with the Yoast SEO Premium plugin v25.7.1 (Yoast SEO v26.8) - https:\/\/yoast.com\/product\/yoast-seo-premium-wordpress\/ -->\n<title>Lector de Tarjetas de Chip 3021 USB Smart Card Reader HID - Mivoot<\/title>\n<meta name=\"robots\" content=\"index, follow, max-snippet:-1, max-image-preview:large, max-video-preview:-1\" \/>\n<link rel=\"canonical\" href=\"https:\/\/mivoot.com\/gt\/producto\/lector-de-tarjetas-de-chip-3021-usb-smart-card-reader-hid\/\" \/>\n<meta property=\"og:locale\" content=\"es_ES\" \/>\n<meta property=\"og:type\" content=\"article\" \/>\n<meta property=\"og:title\" content=\"Lector de Tarjetas de Chip 3021 USB Smart Card Reader HID\" \/>\n<meta property=\"og:description\" content=\"Dimensiones del paquete: 0.9 in de largo x 3.9 in de ancho x 0.9 in de alto Tipo de producto: lector de memoria Conexi\u00f3n USB Compatible con DPI (Guatemala) Alto rendimiento Cantidad en el paquete: 1 unidad Transmission speed 12 Mbps (USB 2.0 full speed) Status indicator Blue LED Color Transparent\/Silver\" \/>\n<meta property=\"og:url\" content=\"https:\/\/mivoot.com\/gt\/producto\/lector-de-tarjetas-de-chip-3021-usb-smart-card-reader-hid\/\" \/>\n<meta property=\"og:site_name\" content=\"Mivoot\" \/>\n<meta property=\"article:publisher\" content=\"https:\/\/www.facebook.com\/mivootgt\" \/>\n<meta property=\"article:modified_time\" content=\"2026-03-25T17:25:59+00:00\" \/>\n<meta property=\"og:image\" content=\"https:\/\/mivoot.com\/gt\/wp-content\/uploads\/2023\/06\/Omnikey-Desktop-3021_USB.jpg\" \/>\n\t<meta property=\"og:image:width\" content=\"280\" \/>\n\t<meta property=\"og:image:height\" content=\"240\" \/>\n\t<meta property=\"og:image:type\" content=\"image\/jpeg\" \/>\n<meta name=\"twitter:card\" content=\"summary_large_image\" \/>\n<meta name=\"twitter:label1\" content=\"Est. reading time\" \/>\n\t<meta name=\"twitter:data1\" content=\"1 minuto\" \/>\n<script type=\"application\/ld+json\" class=\"yoast-schema-graph\">{\"@context\":\"https:\/\/schema.org\",\"@graph\":[{\"@type\":\"WebPage\",\"@id\":\"https:\/\/mivoot.com\/gt\/producto\/lector-de-tarjetas-de-chip-3021-usb-smart-card-reader-hid\/\",\"url\":\"https:\/\/mivoot.com\/gt\/producto\/lector-de-tarjetas-de-chip-3021-usb-smart-card-reader-hid\/\",\"name\":\"Lector de Tarjetas de Chip 3021 USB Smart Card Reader HID - Mivoot\",\"isPartOf\":{\"@id\":\"https:\/\/mivoot.com\/gt\/#website\"},\"primaryImageOfPage\":{\"@id\":\"https:\/\/mivoot.com\/gt\/producto\/lector-de-tarjetas-de-chip-3021-usb-smart-card-reader-hid\/#primaryimage\"},\"image\":{\"@id\":\"https:\/\/mivoot.com\/gt\/producto\/lector-de-tarjetas-de-chip-3021-usb-smart-card-reader-hid\/#primaryimage\"},\"thumbnailUrl\":\"https:\/\/mivoot.com\/gt\/wp-content\/uploads\/2023\/06\/Omnikey-Desktop-3021_USB.jpg\",\"datePublished\":\"2023-06-09T16:42:36+00:00\",\"dateModified\":\"2026-03-25T17:25:59+00:00\",\"breadcrumb\":{\"@id\":\"https:\/\/mivoot.com\/gt\/producto\/lector-de-tarjetas-de-chip-3021-usb-smart-card-reader-hid\/#breadcrumb\"},\"inLanguage\":\"es\",\"potentialAction\":[{\"@type\":\"ReadAction\",\"target\":[\"https:\/\/mivoot.com\/gt\/producto\/lector-de-tarjetas-de-chip-3021-usb-smart-card-reader-hid\/\"]}]},{\"@type\":\"ImageObject\",\"inLanguage\":\"es\",\"@id\":\"https:\/\/mivoot.com\/gt\/producto\/lector-de-tarjetas-de-chip-3021-usb-smart-card-reader-hid\/#primaryimage\",\"url\":\"https:\/\/mivoot.com\/gt\/wp-content\/uploads\/2023\/06\/Omnikey-Desktop-3021_USB.jpg\",\"contentUrl\":\"https:\/\/mivoot.com\/gt\/wp-content\/uploads\/2023\/06\/Omnikey-Desktop-3021_USB.jpg\",\"width\":280,\"height\":240},{\"@type\":\"BreadcrumbList\",\"@id\":\"https:\/\/mivoot.com\/gt\/producto\/lector-de-tarjetas-de-chip-3021-usb-smart-card-reader-hid\/#breadcrumb\",\"itemListElement\":[{\"@type\":\"ListItem\",\"position\":1,\"name\":\"Inicio\",\"item\":\"https:\/\/mivoot.com\/gt\/\"},{\"@type\":\"ListItem\",\"position\":2,\"name\":\"Productos\",\"item\":\"https:\/\/mivoot.com\/gt\/producto\/\"},{\"@type\":\"ListItem\",\"position\":3,\"name\":\"HID\",\"item\":\"https:\/\/mivoot.com\/gt\/marca\/hid\/\"},{\"@type\":\"ListItem\",\"position\":4,\"name\":\"Lector de Tarjetas de Chip 3021 USB Smart Card Reader HID\"}]},{\"@type\":\"WebSite\",\"@id\":\"https:\/\/mivoot.com\/gt\/#website\",\"url\":\"https:\/\/mivoot.com\/gt\/\",\"name\":\"Mivoot\",\"description\":\"Mivoot Guatemala | Tienda Online\",\"publisher\":{\"@id\":\"https:\/\/mivoot.com\/gt\/#organization\"},\"alternateName\":\"mivoot\",\"potentialAction\":[{\"@type\":\"SearchAction\",\"target\":{\"@type\":\"EntryPoint\",\"urlTemplate\":\"https:\/\/mivoot.com\/gt\/?s={search_term_string}\"},\"query-input\":{\"@type\":\"PropertyValueSpecification\",\"valueRequired\":true,\"valueName\":\"search_term_string\"}}],\"inLanguage\":\"es\"},{\"@type\":\"Organization\",\"@id\":\"https:\/\/mivoot.com\/gt\/#organization\",\"name\":\"Mivoot Guatemala\",\"alternateName\":\"mivoot.com\",\"url\":\"https:\/\/mivoot.com\/gt\/\",\"logo\":{\"@type\":\"ImageObject\",\"inLanguage\":\"es\",\"@id\":\"https:\/\/mivoot.com\/gt\/#\/schema\/logo\/image\/\",\"url\":\"https:\/\/mivoot.com\/gt\/wp-content\/uploads\/2023\/03\/cropped-icon.png\",\"contentUrl\":\"https:\/\/mivoot.com\/gt\/wp-content\/uploads\/2023\/03\/cropped-icon.png\",\"width\":512,\"height\":512,\"caption\":\"Mivoot Guatemala\"},\"image\":{\"@id\":\"https:\/\/mivoot.com\/gt\/#\/schema\/logo\/image\/\"},\"sameAs\":[\"https:\/\/www.facebook.com\/mivootgt\",\"https:\/\/instagram.com\/mivoot\"]}]}<\/script>\n<!-- \/ Yoast SEO Premium plugin. -->","yoast_head_json":{"title":"Lector de Tarjetas de Chip 3021 USB Smart Card Reader HID - Mivoot","robots":{"index":"index","follow":"follow","max-snippet":"max-snippet:-1","max-image-preview":"max-image-preview:large","max-video-preview":"max-video-preview:-1"},"canonical":"https:\/\/mivoot.com\/gt\/producto\/lector-de-tarjetas-de-chip-3021-usb-smart-card-reader-hid\/","og_locale":"es_ES","og_type":"article","og_title":"Lector de Tarjetas de Chip 3021 USB Smart Card Reader HID","og_description":"Dimensiones del paquete: 0.9 in de largo x 3.9 in de ancho x 0.9 in de alto Tipo de producto: lector de memoria Conexi\u00f3n USB Compatible con DPI (Guatemala) Alto rendimiento Cantidad en el paquete: 1 unidad Transmission speed 12 Mbps (USB 2.0 full speed) Status indicator Blue LED Color Transparent\/Silver","og_url":"https:\/\/mivoot.com\/gt\/producto\/lector-de-tarjetas-de-chip-3021-usb-smart-card-reader-hid\/","og_site_name":"Mivoot","article_publisher":"https:\/\/www.facebook.com\/mivootgt","article_modified_time":"2026-03-25T17:25:59+00:00","og_image":[{"width":280,"height":240,"url":"https:\/\/mivoot.com\/gt\/wp-content\/uploads\/2023\/06\/Omnikey-Desktop-3021_USB.jpg","type":"image\/jpeg"}],"twitter_card":"summary_large_image","twitter_misc":{"Est. reading time":"1 minuto"},"schema":{"@context":"https:\/\/schema.org","@graph":[{"@type":"WebPage","@id":"https:\/\/mivoot.com\/gt\/producto\/lector-de-tarjetas-de-chip-3021-usb-smart-card-reader-hid\/","url":"https:\/\/mivoot.com\/gt\/producto\/lector-de-tarjetas-de-chip-3021-usb-smart-card-reader-hid\/","name":"Lector de Tarjetas de Chip 3021 USB Smart Card Reader HID - Mivoot","isPartOf":{"@id":"https:\/\/mivoot.com\/gt\/#website"},"primaryImageOfPage":{"@id":"https:\/\/mivoot.com\/gt\/producto\/lector-de-tarjetas-de-chip-3021-usb-smart-card-reader-hid\/#primaryimage"},"image":{"@id":"https:\/\/mivoot.com\/gt\/producto\/lector-de-tarjetas-de-chip-3021-usb-smart-card-reader-hid\/#primaryimage"},"thumbnailUrl":"https:\/\/mivoot.com\/gt\/wp-content\/uploads\/2023\/06\/Omnikey-Desktop-3021_USB.jpg","datePublished":"2023-06-09T16:42:36+00:00","dateModified":"2026-03-25T17:25:59+00:00","breadcrumb":{"@id":"https:\/\/mivoot.com\/gt\/producto\/lector-de-tarjetas-de-chip-3021-usb-smart-card-reader-hid\/#breadcrumb"},"inLanguage":"es","potentialAction":[{"@type":"ReadAction","target":["https:\/\/mivoot.com\/gt\/producto\/lector-de-tarjetas-de-chip-3021-usb-smart-card-reader-hid\/"]}]},{"@type":"ImageObject","inLanguage":"es","@id":"https:\/\/mivoot.com\/gt\/producto\/lector-de-tarjetas-de-chip-3021-usb-smart-card-reader-hid\/#primaryimage","url":"https:\/\/mivoot.com\/gt\/wp-content\/uploads\/2023\/06\/Omnikey-Desktop-3021_USB.jpg","contentUrl":"https:\/\/mivoot.com\/gt\/wp-content\/uploads\/2023\/06\/Omnikey-Desktop-3021_USB.jpg","width":280,"height":240},{"@type":"BreadcrumbList","@id":"https:\/\/mivoot.com\/gt\/producto\/lector-de-tarjetas-de-chip-3021-usb-smart-card-reader-hid\/#breadcrumb","itemListElement":[{"@type":"ListItem","position":1,"name":"Inicio","item":"https:\/\/mivoot.com\/gt\/"},{"@type":"ListItem","position":2,"name":"Productos","item":"https:\/\/mivoot.com\/gt\/producto\/"},{"@type":"ListItem","position":3,"name":"HID","item":"https:\/\/mivoot.com\/gt\/marca\/hid\/"},{"@type":"ListItem","position":4,"name":"Lector de Tarjetas de Chip 3021 USB Smart Card Reader HID"}]},{"@type":"WebSite","@id":"https:\/\/mivoot.com\/gt\/#website","url":"https:\/\/mivoot.com\/gt\/","name":"Mivoot","description":"Mivoot Guatemala | Tienda Online","publisher":{"@id":"https:\/\/mivoot.com\/gt\/#organization"},"alternateName":"mivoot","potentialAction":[{"@type":"SearchAction","target":{"@type":"EntryPoint","urlTemplate":"https:\/\/mivoot.com\/gt\/?s={search_term_string}"},"query-input":{"@type":"PropertyValueSpecification","valueRequired":true,"valueName":"search_term_string"}}],"inLanguage":"es"},{"@type":"Organization","@id":"https:\/\/mivoot.com\/gt\/#organization","name":"Mivoot Guatemala","alternateName":"mivoot.com","url":"https:\/\/mivoot.com\/gt\/","logo":{"@type":"ImageObject","inLanguage":"es","@id":"https:\/\/mivoot.com\/gt\/#\/schema\/logo\/image\/","url":"https:\/\/mivoot.com\/gt\/wp-content\/uploads\/2023\/03\/cropped-icon.png","contentUrl":"https:\/\/mivoot.com\/gt\/wp-content\/uploads\/2023\/03\/cropped-icon.png","width":512,"height":512,"caption":"Mivoot Guatemala"},"image":{"@id":"https:\/\/mivoot.com\/gt\/#\/schema\/logo\/image\/"},"sameAs":["https:\/\/www.facebook.com\/mivootgt","https:\/\/instagram.com\/mivoot"]}]}},"jetpack_publicize_connections":[],"jetpack_sharing_enabled":true,"brands":[{"id":420,"name":"HID","slug":"hid"}],"_links":{"self":[{"href":"https:\/\/mivoot.com\/gt\/wp-json\/wp\/v2\/product\/13767","targetHints":{"allow":["GET"]}}],"collection":[{"href":"https:\/\/mivoot.com\/gt\/wp-json\/wp\/v2\/product"}],"about":[{"href":"https:\/\/mivoot.com\/gt\/wp-json\/wp\/v2\/types\/product"}],"replies":[{"embeddable":true,"href":"https:\/\/mivoot.com\/gt\/wp-json\/wp\/v2\/comments?post=13767"}],"version-history":[{"count":2,"href":"https:\/\/mivoot.com\/gt\/wp-json\/wp\/v2\/product\/13767\/revisions"}],"predecessor-version":[{"id":15255,"href":"https:\/\/mivoot.com\/gt\/wp-json\/wp\/v2\/product\/13767\/revisions\/15255"}],"wp:featuredmedia":[{"embeddable":true,"href":"https:\/\/mivoot.com\/gt\/wp-json\/wp\/v2\/media\/13770"}],"wp:attachment":[{"href":"https:\/\/mivoot.com\/gt\/wp-json\/wp\/v2\/media?parent=13767"}],"wp:term":[{"taxonomy":"pwb-brand","embeddable":true,"href":"https:\/\/mivoot.com\/gt\/wp-json\/wp\/v2\/pwb-brand?post=13767"},{"taxonomy":"product_brand","embeddable":true,"href":"https:\/\/mivoot.com\/gt\/wp-json\/wp\/v2\/product_brand?post=13767"},{"taxonomy":"product_cat","embeddable":true,"href":"https:\/\/mivoot.com\/gt\/wp-json\/wp\/v2\/product_cat?post=13767"},{"taxonomy":"product_tag","embeddable":true,"href":"https:\/\/mivoot.com\/gt\/wp-json\/wp\/v2\/product_tag?post=13767"}],"curies":[{"name":"wp","href":"https:\/\/api.w.org\/{rel}","templated":true}]}}