{"id":13816,"date":"2023-06-09T17:32:14","date_gmt":"2023-06-09T23:32:14","guid":{"rendered":"https:\/\/mivoot.com\/gt\/?post_type=product&#038;p=13816"},"modified":"2023-06-09T17:32:15","modified_gmt":"2023-06-09T23:32:15","slug":"control-de-acceso-ip-con-lector-rfid-scr100-zkteco","status":"publish","type":"product","link":"https:\/\/mivoot.com\/gt\/producto\/control-de-acceso-ip-con-lector-rfid-scr100-zkteco\/","title":{"rendered":"Control de Acceso IP con Lector RFID SCR100 ZKTeco"},"content":{"rendered":"<p><img decoding=\"async\" src=\"https:\/\/tvc.mx\/media\/46491\/Pincipal-scr100.jpg\" \/><\/p>\n<p>SCR100 es un innovador sistema de control de acceso con un elegante y moderno dise\u00f1o que integra un lector RFID para veri\ufb01caci\u00f3n con tarjetas.<\/p>\n<p>Cuenta con un indicador audiovisual para acceso concedido o denegado y soporta la conexi\u00f3n de una cerradura el\u00e9ctrica, bot\u00f3n de salida, sensor de puerta y salida de alarma para utilizarse como un sistema aut\u00f3momo.<\/p>\n<p>Soporta la entrada y salida de datos Wiegand, ofreciendo la \ufb02exibilidad para ser utilizado como dispositivo maestro conectando un lector externo o como lector esclavo para conectarse a un panel de acceso.<\/p>\n<p>Se administra por red a trav\u00e9s de TCP\/IP o por conexi\u00f3n RS232\/485 utilizando el software de gesti\u00f3n o directamente con un navegador mediante su interfaz webserver.<\/p>\n<h2>Principales Caracteristicas<\/h2>\n<ul>\n<li>Dise\u00f1o Elegante y Moderno.<\/li>\n<li>Lector de Tarjetas RFID 125 Khz<\/li>\n<li>Indicador Audiovisual para Acceso Concedido o Denegado.<\/li>\n<li>Programaci\u00f3n por Software o Interfaz Webserver.<\/li>\n<li>Comunicaci\u00f3n TCP\/IP, RS232\/485.<\/li>\n<li>Entrada y Salida de Datos Wiegand.<\/li>\n<li>Puede Operar como Dispositivo Maestro o Lector Esclavo .<\/li>\n<li>Sencilla Instalaci\u00f3n y Operaci\u00f3n.<\/li>\n<li>Compatible con Sistema Zk Access 3.5 y Acceso Titanium<\/li>\n<\/ul>\n<h2>Especificaciones T\u00e9cnicas<\/h2>\n<ul>\n<li>Lector de Tarjetas: 30,000<\/li>\n<li>Capacidad de Eventos: 50,000<\/li>\n<li>Comunicaci\u00f3n: TCP\/IP, RS232\/485, USB-Host<\/li>\n<li>Wiegand Entrada y Salida<\/li>\n<li>Funciones Est\u00e1ndar: Lector RFID, Anti-Passback, Webserver, ID de 9 D\u00edgitos<\/li>\n<li>Funciones Opcionales: MIFARE<\/li>\n<li>Interfaz de Control de Acceso: Cerradura El\u00e9ctrica, Bot\u00f3n de Salida, Sensor de Puerta, Salida de Alarma<\/li>\n<li>Rango de Lectura de Tarjetas: 10 a 15 cm<\/li>\n<li>Fuente de Alimentaci\u00f3n: DC 12V<\/li>\n<li>Indice de Protecci\u00f3n: 0\u00b0c a 45\u00b0c<\/li>\n<li>Humedad de Operaci\u00f3n: 20% a 80%<\/li>\n<li>Dimensiones: 153 x 95.5 x 35.5 mm<\/li>\n<li>Peso Total: 0.8 kg<\/li>\n<\/ul>\n","protected":false},"excerpt":{"rendered":"<p>Dise\u00f1o Elegante y Moderno.<br \/>\nLector de Tarjetas RFID (MIFARE Opcional).<br \/>\nIndicador Audiovisual para Acceso Concedido o Denegado.<br \/>\nProgramaci\u00f3n por Software o Interfaz Webserver.<br \/>\nComunicaci\u00f3n TCP\/IP, RS232\/485.<br \/>\nEntrada y Salida de Datos Wiegand.<br \/>\nPuede Operar como Dispositivo Maestro o Lector Esclavo .<br \/>\nSencilla Instalaci\u00f3n y Operaci\u00f3n.<\/p>\n","protected":false},"featured_media":13822,"comment_status":"open","ping_status":"closed","template":"","meta":{"jetpack_publicize_message":"","jetpack_publicize_feature_enabled":true,"jetpack_social_post_already_shared":true,"jetpack_social_options":{"image_generator_settings":{"template":"highway","default_image_id":0,"font":"","enabled":false},"version":2}},"pwb-brand":[101],"product_brand":[],"product_cat":[371],"product_tag":[],"class_list":{"0":"post-13816","1":"product","2":"type-product","3":"status-publish","4":"has-post-thumbnail","6":"pwb-brand-zkteco-guatemala","7":"product_cat-control-de-acceso-accesorios","9":"first","10":"instock","11":"taxable","12":"shipping-taxable","13":"purchasable","14":"product-type-simple"},"yoast_head":"<!-- This site is optimized with the Yoast SEO Premium plugin v25.7.1 (Yoast SEO v26.8) - https:\/\/yoast.com\/product\/yoast-seo-premium-wordpress\/ -->\n<title>Control de Acceso IP con Lector RFID SCR100 ZKTeco - Mivoot<\/title>\n<meta name=\"robots\" content=\"index, follow, max-snippet:-1, max-image-preview:large, max-video-preview:-1\" \/>\n<link rel=\"canonical\" href=\"https:\/\/mivoot.com\/gt\/producto\/control-de-acceso-ip-con-lector-rfid-scr100-zkteco\/\" \/>\n<meta property=\"og:locale\" content=\"es_ES\" \/>\n<meta property=\"og:type\" content=\"article\" \/>\n<meta property=\"og:title\" content=\"Control de Acceso IP con Lector RFID SCR100 ZKTeco\" \/>\n<meta property=\"og:description\" content=\"Dise\u00f1o Elegante y Moderno. Lector de Tarjetas RFID (MIFARE Opcional). Indicador Audiovisual para Acceso Concedido o Denegado. Programaci\u00f3n por Software o Interfaz Webserver. Comunicaci\u00f3n TCP\/IP, RS232\/485. Entrada y Salida de Datos Wiegand. Puede Operar como Dispositivo Maestro o Lector Esclavo . Sencilla Instalaci\u00f3n y Operaci\u00f3n.\" \/>\n<meta property=\"og:url\" content=\"https:\/\/mivoot.com\/gt\/producto\/control-de-acceso-ip-con-lector-rfid-scr100-zkteco\/\" \/>\n<meta property=\"og:site_name\" content=\"Mivoot\" \/>\n<meta property=\"article:publisher\" content=\"https:\/\/www.facebook.com\/mivootgt\" \/>\n<meta property=\"article:modified_time\" content=\"2023-06-09T23:32:15+00:00\" \/>\n<meta property=\"og:image\" content=\"https:\/\/mivoot.com\/gt\/wp-content\/uploads\/2023\/06\/ZKTeco-Colombia-Control-de-Acceso-RFID-SCR100-2.webp\" \/>\n\t<meta property=\"og:image:width\" content=\"1000\" \/>\n\t<meta property=\"og:image:height\" content=\"1000\" \/>\n\t<meta property=\"og:image:type\" content=\"image\/webp\" \/>\n<meta name=\"twitter:card\" content=\"summary_large_image\" \/>\n<meta name=\"twitter:label1\" content=\"Est. reading time\" \/>\n\t<meta name=\"twitter:data1\" content=\"2 minutos\" \/>\n<script type=\"application\/ld+json\" class=\"yoast-schema-graph\">{\"@context\":\"https:\/\/schema.org\",\"@graph\":[{\"@type\":\"WebPage\",\"@id\":\"https:\/\/mivoot.com\/gt\/producto\/control-de-acceso-ip-con-lector-rfid-scr100-zkteco\/\",\"url\":\"https:\/\/mivoot.com\/gt\/producto\/control-de-acceso-ip-con-lector-rfid-scr100-zkteco\/\",\"name\":\"Control de Acceso IP con Lector RFID SCR100 ZKTeco - Mivoot\",\"isPartOf\":{\"@id\":\"https:\/\/mivoot.com\/gt\/#website\"},\"primaryImageOfPage\":{\"@id\":\"https:\/\/mivoot.com\/gt\/producto\/control-de-acceso-ip-con-lector-rfid-scr100-zkteco\/#primaryimage\"},\"image\":{\"@id\":\"https:\/\/mivoot.com\/gt\/producto\/control-de-acceso-ip-con-lector-rfid-scr100-zkteco\/#primaryimage\"},\"thumbnailUrl\":\"https:\/\/mivoot.com\/gt\/wp-content\/uploads\/2023\/06\/ZKTeco-Colombia-Control-de-Acceso-RFID-SCR100-2.webp\",\"datePublished\":\"2023-06-09T23:32:14+00:00\",\"dateModified\":\"2023-06-09T23:32:15+00:00\",\"breadcrumb\":{\"@id\":\"https:\/\/mivoot.com\/gt\/producto\/control-de-acceso-ip-con-lector-rfid-scr100-zkteco\/#breadcrumb\"},\"inLanguage\":\"es\",\"potentialAction\":[{\"@type\":\"ReadAction\",\"target\":[\"https:\/\/mivoot.com\/gt\/producto\/control-de-acceso-ip-con-lector-rfid-scr100-zkteco\/\"]}]},{\"@type\":\"ImageObject\",\"inLanguage\":\"es\",\"@id\":\"https:\/\/mivoot.com\/gt\/producto\/control-de-acceso-ip-con-lector-rfid-scr100-zkteco\/#primaryimage\",\"url\":\"https:\/\/mivoot.com\/gt\/wp-content\/uploads\/2023\/06\/ZKTeco-Colombia-Control-de-Acceso-RFID-SCR100-2.webp\",\"contentUrl\":\"https:\/\/mivoot.com\/gt\/wp-content\/uploads\/2023\/06\/ZKTeco-Colombia-Control-de-Acceso-RFID-SCR100-2.webp\",\"width\":1000,\"height\":1000},{\"@type\":\"BreadcrumbList\",\"@id\":\"https:\/\/mivoot.com\/gt\/producto\/control-de-acceso-ip-con-lector-rfid-scr100-zkteco\/#breadcrumb\",\"itemListElement\":[{\"@type\":\"ListItem\",\"position\":1,\"name\":\"Inicio\",\"item\":\"https:\/\/mivoot.com\/gt\/\"},{\"@type\":\"ListItem\",\"position\":2,\"name\":\"Productos\",\"item\":\"https:\/\/mivoot.com\/gt\/producto\/\"},{\"@type\":\"ListItem\",\"position\":3,\"name\":\"ZKTeco\",\"item\":\"https:\/\/mivoot.com\/gt\/marca\/zkteco-guatemala\/\"},{\"@type\":\"ListItem\",\"position\":4,\"name\":\"Control de Acceso IP con Lector RFID SCR100 ZKTeco\"}]},{\"@type\":\"WebSite\",\"@id\":\"https:\/\/mivoot.com\/gt\/#website\",\"url\":\"https:\/\/mivoot.com\/gt\/\",\"name\":\"Mivoot\",\"description\":\"Mivoot Guatemala | Tienda Online\",\"publisher\":{\"@id\":\"https:\/\/mivoot.com\/gt\/#organization\"},\"alternateName\":\"mivoot\",\"potentialAction\":[{\"@type\":\"SearchAction\",\"target\":{\"@type\":\"EntryPoint\",\"urlTemplate\":\"https:\/\/mivoot.com\/gt\/?s={search_term_string}\"},\"query-input\":{\"@type\":\"PropertyValueSpecification\",\"valueRequired\":true,\"valueName\":\"search_term_string\"}}],\"inLanguage\":\"es\"},{\"@type\":\"Organization\",\"@id\":\"https:\/\/mivoot.com\/gt\/#organization\",\"name\":\"Mivoot Guatemala\",\"alternateName\":\"mivoot.com\",\"url\":\"https:\/\/mivoot.com\/gt\/\",\"logo\":{\"@type\":\"ImageObject\",\"inLanguage\":\"es\",\"@id\":\"https:\/\/mivoot.com\/gt\/#\/schema\/logo\/image\/\",\"url\":\"https:\/\/mivoot.com\/gt\/wp-content\/uploads\/2023\/03\/cropped-icon.png\",\"contentUrl\":\"https:\/\/mivoot.com\/gt\/wp-content\/uploads\/2023\/03\/cropped-icon.png\",\"width\":512,\"height\":512,\"caption\":\"Mivoot Guatemala\"},\"image\":{\"@id\":\"https:\/\/mivoot.com\/gt\/#\/schema\/logo\/image\/\"},\"sameAs\":[\"https:\/\/www.facebook.com\/mivootgt\",\"https:\/\/instagram.com\/mivoot\"]}]}<\/script>\n<!-- \/ Yoast SEO Premium plugin. -->","yoast_head_json":{"title":"Control de Acceso IP con Lector RFID SCR100 ZKTeco - Mivoot","robots":{"index":"index","follow":"follow","max-snippet":"max-snippet:-1","max-image-preview":"max-image-preview:large","max-video-preview":"max-video-preview:-1"},"canonical":"https:\/\/mivoot.com\/gt\/producto\/control-de-acceso-ip-con-lector-rfid-scr100-zkteco\/","og_locale":"es_ES","og_type":"article","og_title":"Control de Acceso IP con Lector RFID SCR100 ZKTeco","og_description":"Dise\u00f1o Elegante y Moderno. Lector de Tarjetas RFID (MIFARE Opcional). Indicador Audiovisual para Acceso Concedido o Denegado. Programaci\u00f3n por Software o Interfaz Webserver. Comunicaci\u00f3n TCP\/IP, RS232\/485. Entrada y Salida de Datos Wiegand. Puede Operar como Dispositivo Maestro o Lector Esclavo . Sencilla Instalaci\u00f3n y Operaci\u00f3n.","og_url":"https:\/\/mivoot.com\/gt\/producto\/control-de-acceso-ip-con-lector-rfid-scr100-zkteco\/","og_site_name":"Mivoot","article_publisher":"https:\/\/www.facebook.com\/mivootgt","article_modified_time":"2023-06-09T23:32:15+00:00","og_image":[{"width":1000,"height":1000,"url":"https:\/\/mivoot.com\/gt\/wp-content\/uploads\/2023\/06\/ZKTeco-Colombia-Control-de-Acceso-RFID-SCR100-2.webp","type":"image\/webp"}],"twitter_card":"summary_large_image","twitter_misc":{"Est. reading time":"2 minutos"},"schema":{"@context":"https:\/\/schema.org","@graph":[{"@type":"WebPage","@id":"https:\/\/mivoot.com\/gt\/producto\/control-de-acceso-ip-con-lector-rfid-scr100-zkteco\/","url":"https:\/\/mivoot.com\/gt\/producto\/control-de-acceso-ip-con-lector-rfid-scr100-zkteco\/","name":"Control de Acceso IP con Lector RFID SCR100 ZKTeco - Mivoot","isPartOf":{"@id":"https:\/\/mivoot.com\/gt\/#website"},"primaryImageOfPage":{"@id":"https:\/\/mivoot.com\/gt\/producto\/control-de-acceso-ip-con-lector-rfid-scr100-zkteco\/#primaryimage"},"image":{"@id":"https:\/\/mivoot.com\/gt\/producto\/control-de-acceso-ip-con-lector-rfid-scr100-zkteco\/#primaryimage"},"thumbnailUrl":"https:\/\/mivoot.com\/gt\/wp-content\/uploads\/2023\/06\/ZKTeco-Colombia-Control-de-Acceso-RFID-SCR100-2.webp","datePublished":"2023-06-09T23:32:14+00:00","dateModified":"2023-06-09T23:32:15+00:00","breadcrumb":{"@id":"https:\/\/mivoot.com\/gt\/producto\/control-de-acceso-ip-con-lector-rfid-scr100-zkteco\/#breadcrumb"},"inLanguage":"es","potentialAction":[{"@type":"ReadAction","target":["https:\/\/mivoot.com\/gt\/producto\/control-de-acceso-ip-con-lector-rfid-scr100-zkteco\/"]}]},{"@type":"ImageObject","inLanguage":"es","@id":"https:\/\/mivoot.com\/gt\/producto\/control-de-acceso-ip-con-lector-rfid-scr100-zkteco\/#primaryimage","url":"https:\/\/mivoot.com\/gt\/wp-content\/uploads\/2023\/06\/ZKTeco-Colombia-Control-de-Acceso-RFID-SCR100-2.webp","contentUrl":"https:\/\/mivoot.com\/gt\/wp-content\/uploads\/2023\/06\/ZKTeco-Colombia-Control-de-Acceso-RFID-SCR100-2.webp","width":1000,"height":1000},{"@type":"BreadcrumbList","@id":"https:\/\/mivoot.com\/gt\/producto\/control-de-acceso-ip-con-lector-rfid-scr100-zkteco\/#breadcrumb","itemListElement":[{"@type":"ListItem","position":1,"name":"Inicio","item":"https:\/\/mivoot.com\/gt\/"},{"@type":"ListItem","position":2,"name":"Productos","item":"https:\/\/mivoot.com\/gt\/producto\/"},{"@type":"ListItem","position":3,"name":"ZKTeco","item":"https:\/\/mivoot.com\/gt\/marca\/zkteco-guatemala\/"},{"@type":"ListItem","position":4,"name":"Control de Acceso IP con Lector RFID SCR100 ZKTeco"}]},{"@type":"WebSite","@id":"https:\/\/mivoot.com\/gt\/#website","url":"https:\/\/mivoot.com\/gt\/","name":"Mivoot","description":"Mivoot Guatemala | Tienda Online","publisher":{"@id":"https:\/\/mivoot.com\/gt\/#organization"},"alternateName":"mivoot","potentialAction":[{"@type":"SearchAction","target":{"@type":"EntryPoint","urlTemplate":"https:\/\/mivoot.com\/gt\/?s={search_term_string}"},"query-input":{"@type":"PropertyValueSpecification","valueRequired":true,"valueName":"search_term_string"}}],"inLanguage":"es"},{"@type":"Organization","@id":"https:\/\/mivoot.com\/gt\/#organization","name":"Mivoot Guatemala","alternateName":"mivoot.com","url":"https:\/\/mivoot.com\/gt\/","logo":{"@type":"ImageObject","inLanguage":"es","@id":"https:\/\/mivoot.com\/gt\/#\/schema\/logo\/image\/","url":"https:\/\/mivoot.com\/gt\/wp-content\/uploads\/2023\/03\/cropped-icon.png","contentUrl":"https:\/\/mivoot.com\/gt\/wp-content\/uploads\/2023\/03\/cropped-icon.png","width":512,"height":512,"caption":"Mivoot Guatemala"},"image":{"@id":"https:\/\/mivoot.com\/gt\/#\/schema\/logo\/image\/"},"sameAs":["https:\/\/www.facebook.com\/mivootgt","https:\/\/instagram.com\/mivoot"]}]}},"jetpack_publicize_connections":[],"jetpack_sharing_enabled":true,"brands":[{"id":101,"name":"ZKTeco","slug":"zkteco-guatemala"}],"_links":{"self":[{"href":"https:\/\/mivoot.com\/gt\/wp-json\/wp\/v2\/product\/13816","targetHints":{"allow":["GET"]}}],"collection":[{"href":"https:\/\/mivoot.com\/gt\/wp-json\/wp\/v2\/product"}],"about":[{"href":"https:\/\/mivoot.com\/gt\/wp-json\/wp\/v2\/types\/product"}],"replies":[{"embeddable":true,"href":"https:\/\/mivoot.com\/gt\/wp-json\/wp\/v2\/comments?post=13816"}],"version-history":[{"count":1,"href":"https:\/\/mivoot.com\/gt\/wp-json\/wp\/v2\/product\/13816\/revisions"}],"predecessor-version":[{"id":13823,"href":"https:\/\/mivoot.com\/gt\/wp-json\/wp\/v2\/product\/13816\/revisions\/13823"}],"wp:featuredmedia":[{"embeddable":true,"href":"https:\/\/mivoot.com\/gt\/wp-json\/wp\/v2\/media\/13822"}],"wp:attachment":[{"href":"https:\/\/mivoot.com\/gt\/wp-json\/wp\/v2\/media?parent=13816"}],"wp:term":[{"taxonomy":"pwb-brand","embeddable":true,"href":"https:\/\/mivoot.com\/gt\/wp-json\/wp\/v2\/pwb-brand?post=13816"},{"taxonomy":"product_brand","embeddable":true,"href":"https:\/\/mivoot.com\/gt\/wp-json\/wp\/v2\/product_brand?post=13816"},{"taxonomy":"product_cat","embeddable":true,"href":"https:\/\/mivoot.com\/gt\/wp-json\/wp\/v2\/product_cat?post=13816"},{"taxonomy":"product_tag","embeddable":true,"href":"https:\/\/mivoot.com\/gt\/wp-json\/wp\/v2\/product_tag?post=13816"}],"curies":[{"name":"wp","href":"https:\/\/api.w.org\/{rel}","templated":true}]}}