{"id":13862,"date":"2023-06-13T15:49:16","date_gmt":"2023-06-13T21:49:16","guid":{"rendered":"https:\/\/mivoot.com\/gt\/?post_type=product&#038;p=13862"},"modified":"2024-10-24T11:52:51","modified_gmt":"2024-10-24T17:52:51","slug":"audifonos-alambricos-deportivos-jbl-endurance-run-azul","status":"publish","type":"product","link":"https:\/\/mivoot.com\/gt\/producto\/audifonos-alambricos-deportivos-jbl-endurance-run-azul\/","title":{"rendered":"Aud\u00edfonos Al\u00e1mbricos Deportivos JBL Endurance Run Azul"},"content":{"rendered":"\t\t<div data-elementor-type=\"product-post\" data-elementor-id=\"13862\" class=\"elementor elementor-13862\">\n\t\t\t\t\t\t<section class=\"elementor-section elementor-top-section elementor-element elementor-element-73c895d elementor-section-boxed elementor-section-height-default elementor-section-height-default\" data-id=\"73c895d\" data-element_type=\"section\">\n\t\t\t\t\t\t<div class=\"elementor-container elementor-column-gap-default\">\n\t\t\t\t\t<div class=\"elementor-column elementor-col-100 elementor-top-column elementor-element elementor-element-4dc1f73\" data-id=\"4dc1f73\" data-element_type=\"column\">\n\t\t\t<div class=\"elementor-widget-wrap elementor-element-populated\">\n\t\t\t\t\t\t<div class=\"elementor-element elementor-element-888ac52 elementor-widget elementor-widget-text-editor\" data-id=\"888ac52\" data-element_type=\"widget\" data-widget_type=\"text-editor.default\">\n\t\t\t\t<div class=\"elementor-widget-container\">\n\t\t\t\t\t\t\t\t\t<h2>Descripci\u00f3n del producto<\/h2><p><br \/>Los resultados importan y, con los auriculares perfectos, ya no hay nada que se interponga entre tu entrenamiento y t\u00fa. Gracias a su dise\u00f1o con tecnolog\u00eda FlipHook\u2122, los auriculares se adaptan a una colocaci\u00f3n tanto dentro del o\u00eddo como detr\u00e1s de la oreja para una comodidad adicional. La combinaci\u00f3n de las c\u00f3modas almohadillas FlexSoft\u2122 y la tecnolog\u00eda TwistLock\u2122 garantiza una sujeci\u00f3n segura y sin dolor de los auriculares. Y si pensabas que un poco de sudor o de lluvia iba a arruinarte la carrera, pi\u00e9nsalo de nuevo. Los auriculares JBL Endurance RUN te acompa\u00f1an en todos y cada uno de tus pasos gracias a su resistencia al sudor IPX5, mientras que su micr\u00f3fono y un mando integrados evitan que tengas que rebuscar en tu bolsillo para responder llamadas.<\/p>\t\t\t\t\t\t\t\t<\/div>\n\t\t\t\t<\/div>\n\t\t\t\t\t<\/div>\n\t\t<\/div>\n\t\t\t\t\t<\/div>\n\t\t<\/section>\n\t\t\t\t<section class=\"elementor-section elementor-top-section elementor-element elementor-element-471e72f elementor-section-boxed elementor-section-height-default elementor-section-height-default\" data-id=\"471e72f\" data-element_type=\"section\">\n\t\t\t\t\t\t<div class=\"elementor-container elementor-column-gap-default\">\n\t\t\t\t\t<div class=\"elementor-column elementor-col-50 elementor-top-column elementor-element elementor-element-f904d72\" data-id=\"f904d72\" data-element_type=\"column\">\n\t\t\t<div class=\"elementor-widget-wrap elementor-element-populated\">\n\t\t\t\t\t\t<div class=\"elementor-element elementor-element-28d57bd elementor-widget elementor-widget-text-editor\" data-id=\"28d57bd\" data-element_type=\"widget\" data-widget_type=\"text-editor.default\">\n\t\t\t\t<div class=\"elementor-widget-container\">\n\t\t\t\t\t\t\t\t\t<h2 style=\"text-align: center\"><span style=\"font-size: 150%\"><strong>\u00a0<\/strong><\/span><\/h2><h2 style=\"text-align: center\"><span style=\"font-size: 150%\"><strong>Fliphook\u2122<\/strong><\/span><\/h2><p style=\"text-align: center\">Su dise\u00f1o flexible te permite llevar los auriculares tanto dentro del o\u00eddo como detr\u00e1s de la oreja.<\/p>\t\t\t\t\t\t\t\t<\/div>\n\t\t\t\t<\/div>\n\t\t\t\t\t<\/div>\n\t\t<\/div>\n\t\t\t\t<div class=\"elementor-column elementor-col-50 elementor-top-column elementor-element elementor-element-c0eb7f7\" data-id=\"c0eb7f7\" data-element_type=\"column\">\n\t\t\t<div class=\"elementor-widget-wrap elementor-element-populated\">\n\t\t\t\t\t\t<div class=\"elementor-element elementor-element-3a3b95c elementor-widget elementor-widget-text-editor\" data-id=\"3a3b95c\" data-element_type=\"widget\" data-widget_type=\"text-editor.default\">\n\t\t\t\t<div class=\"elementor-widget-container\">\n\t\t\t\t\t\t\t\t\t<p><img decoding=\"async\" src=\"https:\/\/www.jbl.com.gt\/on\/demandware.static\/-\/Sites-masterCatalog_Harman\/default\/dwc314dfa9\/pdp\/JBL_Endurance_Run_Lifestyle_f01.jpg\" alt=\"Fliphook\u2122\" \/><\/p>\t\t\t\t\t\t\t\t<\/div>\n\t\t\t\t<\/div>\n\t\t\t\t\t<\/div>\n\t\t<\/div>\n\t\t\t\t\t<\/div>\n\t\t<\/section>\n\t\t\t\t<section class=\"elementor-section elementor-top-section elementor-element elementor-element-ad3b89a elementor-section-boxed elementor-section-height-default elementor-section-height-default\" data-id=\"ad3b89a\" data-element_type=\"section\">\n\t\t\t\t\t\t<div class=\"elementor-container elementor-column-gap-default\">\n\t\t\t\t\t<div class=\"elementor-column elementor-col-50 elementor-top-column elementor-element elementor-element-4377f4a\" data-id=\"4377f4a\" data-element_type=\"column\">\n\t\t\t<div class=\"elementor-widget-wrap elementor-element-populated\">\n\t\t\t\t\t\t<div class=\"elementor-element elementor-element-1c0b101 elementor-widget elementor-widget-text-editor\" data-id=\"1c0b101\" data-element_type=\"widget\" data-widget_type=\"text-editor.default\">\n\t\t\t\t<div class=\"elementor-widget-container\">\n\t\t\t\t\t\t\t\t\t<p><img decoding=\"async\" src=\"https:\/\/www.jbl.com.gt\/on\/demandware.static\/-\/Sites-masterCatalog_Harman\/default\/dw1d2c069f\/pdp\/JBL_Endurance_RUN_Lifestlye02.png\" alt=\"Sujeci\u00f3n c\u00f3moda. Sujeci\u00f3n segura.\" \/><\/p>\t\t\t\t\t\t\t\t<\/div>\n\t\t\t\t<\/div>\n\t\t\t\t\t<\/div>\n\t\t<\/div>\n\t\t\t\t<div class=\"elementor-column elementor-col-50 elementor-top-column elementor-element elementor-element-266c56f\" data-id=\"266c56f\" data-element_type=\"column\">\n\t\t\t<div class=\"elementor-widget-wrap elementor-element-populated\">\n\t\t\t\t\t\t<div class=\"elementor-element elementor-element-5d5a861 elementor-widget elementor-widget-text-editor\" data-id=\"5d5a861\" data-element_type=\"widget\" data-widget_type=\"text-editor.default\">\n\t\t\t\t<div class=\"elementor-widget-container\">\n\t\t\t\t\t\t\t\t\t<h3>\u00a0<\/h3><h3 style=\"text-align: center\"><span style=\"font-size: 150%\">Sujeci\u00f3n c\u00f3moda. Sujeci\u00f3n segura.<\/span><\/h3><p style=\"text-align: center\">Gracias a las tecnolog\u00edas TwistLock\u2122 y FlexSoft\u2122, los auriculares son ligeros y cuentan con un dise\u00f1o ergon\u00f3mico para garantizar la comodidad y estabilidad sin importar el tipo de entrenamiento.<\/p>\t\t\t\t\t\t\t\t<\/div>\n\t\t\t\t<\/div>\n\t\t\t\t\t<\/div>\n\t\t<\/div>\n\t\t\t\t\t<\/div>\n\t\t<\/section>\n\t\t\t\t<section class=\"elementor-section elementor-top-section elementor-element elementor-element-c19734c elementor-section-boxed elementor-section-height-default elementor-section-height-default\" data-id=\"c19734c\" data-element_type=\"section\">\n\t\t\t\t\t\t<div class=\"elementor-container elementor-column-gap-default\">\n\t\t\t\t\t<div class=\"elementor-column elementor-col-50 elementor-top-column elementor-element elementor-element-a04ce5c\" data-id=\"a04ce5c\" data-element_type=\"column\">\n\t\t\t<div class=\"elementor-widget-wrap elementor-element-populated\">\n\t\t\t\t\t\t<div class=\"elementor-element elementor-element-c65e6b9 elementor-widget elementor-widget-text-editor\" data-id=\"c65e6b9\" data-element_type=\"widget\" data-widget_type=\"text-editor.default\">\n\t\t\t\t<div class=\"elementor-widget-container\">\n\t\t\t\t\t\t\t\t\t<h3>\u00a0<\/h3><h3 style=\"text-align: center\"><span style=\"font-size: 150%\">Resistentes al sudor<\/span><\/h3><p style=\"text-align: center\"><br \/>Dise\u00f1ados para resistir y aguantar durante entrenamientos de alta intensidad tanto a cubierto como al aire libre y en cualquier condici\u00f3n meteorol\u00f3gica<\/p>\t\t\t\t\t\t\t\t<\/div>\n\t\t\t\t<\/div>\n\t\t\t\t\t<\/div>\n\t\t<\/div>\n\t\t\t\t<div class=\"elementor-column elementor-col-50 elementor-top-column elementor-element elementor-element-26c41e0\" data-id=\"26c41e0\" data-element_type=\"column\">\n\t\t\t<div class=\"elementor-widget-wrap elementor-element-populated\">\n\t\t\t\t\t\t<div class=\"elementor-element elementor-element-c222b58 elementor-widget elementor-widget-text-editor\" data-id=\"c222b58\" data-element_type=\"widget\" data-widget_type=\"text-editor.default\">\n\t\t\t\t<div class=\"elementor-widget-container\">\n\t\t\t\t\t\t\t\t\t<p><img decoding=\"async\" src=\"https:\/\/www.jbl.com.gt\/on\/demandware.static\/-\/Sites-masterCatalog_Harman\/default\/dwf40e93fd\/pdp\/JBL_Endurance_RUN_Lifestlye03.png\" alt=\"Resistentes al sudor\" \/><\/p>\t\t\t\t\t\t\t\t<\/div>\n\t\t\t\t<\/div>\n\t\t\t\t\t<\/div>\n\t\t<\/div>\n\t\t\t\t\t<\/div>\n\t\t<\/section>\n\t\t\t\t<section class=\"elementor-section elementor-top-section elementor-element elementor-element-4bf8fb6 elementor-section-boxed elementor-section-height-default elementor-section-height-default\" data-id=\"4bf8fb6\" data-element_type=\"section\">\n\t\t\t\t\t\t<div class=\"elementor-container elementor-column-gap-default\">\n\t\t\t\t\t<div class=\"elementor-column elementor-col-100 elementor-top-column elementor-element elementor-element-6863f3c\" data-id=\"6863f3c\" data-element_type=\"column\">\n\t\t\t<div class=\"elementor-widget-wrap elementor-element-populated\">\n\t\t\t\t\t\t<div class=\"elementor-element elementor-element-ef33678 elementor-widget elementor-widget-image\" data-id=\"ef33678\" data-element_type=\"widget\" data-widget_type=\"image.default\">\n\t\t\t\t<div class=\"elementor-widget-container\">\n\t\t\t\t\t\t\t\t\t\t\t\t\t\t\t<img decoding=\"async\" src=\"https:\/\/mivoot.com\/gt\/wp-content\/uploads\/2023\/06\/2023-06-12-16.44.51-www.jbl_.com_.gt-0d69e70fc9a0-1.png\" title=\"\" alt=\"\" loading=\"lazy\" \/>\t\t\t\t\t\t\t\t\t\t\t\t\t\t\t<\/div>\n\t\t\t\t<\/div>\n\t\t\t\t\t<\/div>\n\t\t<\/div>\n\t\t\t\t\t<\/div>\n\t\t<\/section>\n\t\t\t\t<section class=\"elementor-section elementor-top-section elementor-element elementor-element-d34fd7c elementor-section-boxed elementor-section-height-default elementor-section-height-default\" data-id=\"d34fd7c\" data-element_type=\"section\">\n\t\t\t\t\t\t<div class=\"elementor-container elementor-column-gap-default\">\n\t\t\t\t\t<div class=\"elementor-column elementor-col-50 elementor-top-column elementor-element elementor-element-b98c8c3\" data-id=\"b98c8c3\" data-element_type=\"column\">\n\t\t\t<div class=\"elementor-widget-wrap elementor-element-populated\">\n\t\t\t\t\t\t<div class=\"elementor-element elementor-element-e531704 elementor-widget elementor-widget-text-editor\" data-id=\"e531704\" data-element_type=\"widget\" data-widget_type=\"text-editor.default\">\n\t\t\t\t<div class=\"elementor-widget-container\">\n\t\t\t\t\t\t\t\t\t<h3><span style=\"font-size: 150%\">Contenido de la caja<\/span><\/h3><ul><li>Auriculares<\/li><li>3 tama\u00f1os de almohadillas<\/li><li>1 aler\u00f3n<\/li><li>1 hoja de seguridad\/gu\u00eda de inicio r\u00e1pido<\/li><\/ul>\t\t\t\t\t\t\t\t<\/div>\n\t\t\t\t<\/div>\n\t\t\t\t\t<\/div>\n\t\t<\/div>\n\t\t\t\t<div class=\"elementor-column elementor-col-50 elementor-top-column elementor-element elementor-element-b1f9321\" data-id=\"b1f9321\" data-element_type=\"column\">\n\t\t\t<div class=\"elementor-widget-wrap elementor-element-populated\">\n\t\t\t\t\t\t<div class=\"elementor-element elementor-element-6874189 elementor-widget elementor-widget-text-editor\" data-id=\"6874189\" data-element_type=\"widget\" data-widget_type=\"text-editor.default\">\n\t\t\t\t<div class=\"elementor-widget-container\">\n\t\t\t\t\t\t\t\t\t<p><img decoding=\"async\" src=\"https:\/\/www.jbl.com.gt\/dw\/image\/v2\/AAUJ_PRD\/on\/demandware.static\/-\/Sites-masterCatalog_Harman\/default\/dwabbed86c\/pdp\/\/JBL_Endurance-RUN_Black_Box-Images_Global-1605x1605px.png?sw=590&amp;sfrm=png\" alt=\"JBL CLub One Box visual\" \/><\/p>\t\t\t\t\t\t\t\t<\/div>\n\t\t\t\t<\/div>\n\t\t\t\t\t<\/div>\n\t\t<\/div>\n\t\t\t\t\t<\/div>\n\t\t<\/section>\n\t\t\t\t<\/div>\n\t\t","protected":false},"excerpt":{"rendered":"<p>-Dise\u00f1o flexible Fliphook que permite llevar los aud\u00edfonos tanto dentro del o\u00eddo como detr\u00e1s de la oreja.<br \/>\n-Compatible con dispositivos: Android, iOS.<br \/>\n-Respuesta de frecuencia din\u00e1mica 20Hz \u2013 20kHz<br \/>\n-Tipo de conector para auriculares 3.5 mm<br \/>\n-Resistentes al sudor con protecci\u00f3n IPX5.<br \/>\n-Driver 8.2 mm<br \/>\n-Sujeci\u00f3n segura y c\u00f3moda.<br \/>\n-Llamadas manos libres.<br \/>\n-N\u00famero de drivers por auricular 1.0<br \/>\n-Control remoto de 1 bot\u00f3n.<br \/>\n-Sujeci\u00f3n c\u00f3moda, Sujeci\u00f3n segura.<\/p>\n","protected":false},"featured_media":23382,"comment_status":"open","ping_status":"closed","template":"","meta":{"jetpack_publicize_message":"","jetpack_publicize_feature_enabled":true,"jetpack_social_post_already_shared":true,"jetpack_social_options":{"image_generator_settings":{"template":"highway","default_image_id":0,"font":"","enabled":false},"version":2}},"pwb-brand":[75],"product_brand":[],"product_cat":[25],"product_tag":[],"class_list":{"0":"post-13862","1":"product","2":"type-product","3":"status-publish","4":"has-post-thumbnail","6":"pwb-brand-jbl","7":"product_cat-audifonos-alambricos","9":"first","10":"instock","11":"taxable","12":"shipping-taxable","13":"purchasable","14":"product-type-simple"},"yoast_head":"<!-- This site is optimized with the Yoast SEO Premium plugin v25.7.1 (Yoast SEO v26.8) - https:\/\/yoast.com\/product\/yoast-seo-premium-wordpress\/ -->\n<title>Aud\u00edfonos Al\u00e1mbricos Deportivos JBL Endurance Run Azul - Mivoot<\/title>\n<meta name=\"robots\" content=\"index, follow, max-snippet:-1, max-image-preview:large, max-video-preview:-1\" \/>\n<link rel=\"canonical\" href=\"https:\/\/mivoot.com\/gt\/producto\/audifonos-alambricos-deportivos-jbl-endurance-run-azul\/\" \/>\n<meta property=\"og:locale\" content=\"es_ES\" \/>\n<meta property=\"og:type\" content=\"article\" \/>\n<meta property=\"og:title\" content=\"Aud\u00edfonos Al\u00e1mbricos Deportivos JBL Endurance Run Azul\" \/>\n<meta property=\"og:description\" content=\"-Dise\u00f1o flexible Fliphook que permite llevar los aud\u00edfonos tanto dentro del o\u00eddo como detr\u00e1s de la oreja. -Compatible con dispositivos: Android, iOS. -Respuesta de frecuencia din\u00e1mica 20Hz \u2013 20kHz -Tipo de conector para auriculares 3.5 mm -Resistentes al sudor con protecci\u00f3n IPX5. -Driver 8.2 mm -Sujeci\u00f3n segura y c\u00f3moda. -Llamadas manos libres. -N\u00famero de drivers por auricular 1.0 -Control remoto de 1 bot\u00f3n. -Sujeci\u00f3n c\u00f3moda, Sujeci\u00f3n segura.\" \/>\n<meta property=\"og:url\" content=\"https:\/\/mivoot.com\/gt\/producto\/audifonos-alambricos-deportivos-jbl-endurance-run-azul\/\" \/>\n<meta property=\"og:site_name\" content=\"Mivoot\" \/>\n<meta property=\"article:publisher\" content=\"https:\/\/www.facebook.com\/mivootgt\" \/>\n<meta property=\"article:modified_time\" content=\"2024-10-24T17:52:51+00:00\" \/>\n<meta property=\"og:image\" content=\"https:\/\/mivoot.com\/gt\/wp-content\/uploads\/2023\/06\/M2EwYTA4ZD_1-1000x1000-1.jpg\" \/>\n\t<meta property=\"og:image:width\" content=\"400\" \/>\n\t<meta property=\"og:image:height\" content=\"400\" \/>\n\t<meta property=\"og:image:type\" content=\"image\/jpeg\" \/>\n<meta name=\"twitter:card\" content=\"summary_large_image\" \/>\n<meta name=\"twitter:label1\" content=\"Est. reading time\" \/>\n\t<meta name=\"twitter:data1\" content=\"3 minutos\" \/>\n<script type=\"application\/ld+json\" class=\"yoast-schema-graph\">{\"@context\":\"https:\/\/schema.org\",\"@graph\":[{\"@type\":\"WebPage\",\"@id\":\"https:\/\/mivoot.com\/gt\/producto\/audifonos-alambricos-deportivos-jbl-endurance-run-azul\/\",\"url\":\"https:\/\/mivoot.com\/gt\/producto\/audifonos-alambricos-deportivos-jbl-endurance-run-azul\/\",\"name\":\"Aud\u00edfonos Al\u00e1mbricos Deportivos JBL Endurance Run Azul - Mivoot\",\"isPartOf\":{\"@id\":\"https:\/\/mivoot.com\/gt\/#website\"},\"primaryImageOfPage\":{\"@id\":\"https:\/\/mivoot.com\/gt\/producto\/audifonos-alambricos-deportivos-jbl-endurance-run-azul\/#primaryimage\"},\"image\":{\"@id\":\"https:\/\/mivoot.com\/gt\/producto\/audifonos-alambricos-deportivos-jbl-endurance-run-azul\/#primaryimage\"},\"thumbnailUrl\":\"https:\/\/mivoot.com\/gt\/wp-content\/uploads\/2023\/06\/M2EwYTA4ZD_1-1000x1000-1.jpg\",\"datePublished\":\"2023-06-13T21:49:16+00:00\",\"dateModified\":\"2024-10-24T17:52:51+00:00\",\"breadcrumb\":{\"@id\":\"https:\/\/mivoot.com\/gt\/producto\/audifonos-alambricos-deportivos-jbl-endurance-run-azul\/#breadcrumb\"},\"inLanguage\":\"es\",\"potentialAction\":[{\"@type\":\"ReadAction\",\"target\":[\"https:\/\/mivoot.com\/gt\/producto\/audifonos-alambricos-deportivos-jbl-endurance-run-azul\/\"]}]},{\"@type\":\"ImageObject\",\"inLanguage\":\"es\",\"@id\":\"https:\/\/mivoot.com\/gt\/producto\/audifonos-alambricos-deportivos-jbl-endurance-run-azul\/#primaryimage\",\"url\":\"https:\/\/mivoot.com\/gt\/wp-content\/uploads\/2023\/06\/M2EwYTA4ZD_1-1000x1000-1.jpg\",\"contentUrl\":\"https:\/\/mivoot.com\/gt\/wp-content\/uploads\/2023\/06\/M2EwYTA4ZD_1-1000x1000-1.jpg\",\"width\":400,\"height\":400},{\"@type\":\"BreadcrumbList\",\"@id\":\"https:\/\/mivoot.com\/gt\/producto\/audifonos-alambricos-deportivos-jbl-endurance-run-azul\/#breadcrumb\",\"itemListElement\":[{\"@type\":\"ListItem\",\"position\":1,\"name\":\"Inicio\",\"item\":\"https:\/\/mivoot.com\/gt\/\"},{\"@type\":\"ListItem\",\"position\":2,\"name\":\"Productos\",\"item\":\"https:\/\/mivoot.com\/gt\/producto\/\"},{\"@type\":\"ListItem\",\"position\":3,\"name\":\"JBL\",\"item\":\"https:\/\/mivoot.com\/gt\/marca\/jbl\/\"},{\"@type\":\"ListItem\",\"position\":4,\"name\":\"Aud\u00edfonos Al\u00e1mbricos Deportivos JBL Endurance Run Azul\"}]},{\"@type\":\"WebSite\",\"@id\":\"https:\/\/mivoot.com\/gt\/#website\",\"url\":\"https:\/\/mivoot.com\/gt\/\",\"name\":\"Mivoot\",\"description\":\"Mivoot Guatemala | Tienda Online\",\"publisher\":{\"@id\":\"https:\/\/mivoot.com\/gt\/#organization\"},\"alternateName\":\"mivoot\",\"potentialAction\":[{\"@type\":\"SearchAction\",\"target\":{\"@type\":\"EntryPoint\",\"urlTemplate\":\"https:\/\/mivoot.com\/gt\/?s={search_term_string}\"},\"query-input\":{\"@type\":\"PropertyValueSpecification\",\"valueRequired\":true,\"valueName\":\"search_term_string\"}}],\"inLanguage\":\"es\"},{\"@type\":\"Organization\",\"@id\":\"https:\/\/mivoot.com\/gt\/#organization\",\"name\":\"Mivoot Guatemala\",\"alternateName\":\"mivoot.com\",\"url\":\"https:\/\/mivoot.com\/gt\/\",\"logo\":{\"@type\":\"ImageObject\",\"inLanguage\":\"es\",\"@id\":\"https:\/\/mivoot.com\/gt\/#\/schema\/logo\/image\/\",\"url\":\"https:\/\/mivoot.com\/gt\/wp-content\/uploads\/2023\/03\/cropped-icon.png\",\"contentUrl\":\"https:\/\/mivoot.com\/gt\/wp-content\/uploads\/2023\/03\/cropped-icon.png\",\"width\":512,\"height\":512,\"caption\":\"Mivoot Guatemala\"},\"image\":{\"@id\":\"https:\/\/mivoot.com\/gt\/#\/schema\/logo\/image\/\"},\"sameAs\":[\"https:\/\/www.facebook.com\/mivootgt\",\"https:\/\/instagram.com\/mivoot\"]}]}<\/script>\n<!-- \/ Yoast SEO Premium plugin. -->","yoast_head_json":{"title":"Aud\u00edfonos Al\u00e1mbricos Deportivos JBL Endurance Run Azul - Mivoot","robots":{"index":"index","follow":"follow","max-snippet":"max-snippet:-1","max-image-preview":"max-image-preview:large","max-video-preview":"max-video-preview:-1"},"canonical":"https:\/\/mivoot.com\/gt\/producto\/audifonos-alambricos-deportivos-jbl-endurance-run-azul\/","og_locale":"es_ES","og_type":"article","og_title":"Aud\u00edfonos Al\u00e1mbricos Deportivos JBL Endurance Run Azul","og_description":"-Dise\u00f1o flexible Fliphook que permite llevar los aud\u00edfonos tanto dentro del o\u00eddo como detr\u00e1s de la oreja. -Compatible con dispositivos: Android, iOS. -Respuesta de frecuencia din\u00e1mica 20Hz \u2013 20kHz -Tipo de conector para auriculares 3.5 mm -Resistentes al sudor con protecci\u00f3n IPX5. -Driver 8.2 mm -Sujeci\u00f3n segura y c\u00f3moda. -Llamadas manos libres. -N\u00famero de drivers por auricular 1.0 -Control remoto de 1 bot\u00f3n. -Sujeci\u00f3n c\u00f3moda, Sujeci\u00f3n segura.","og_url":"https:\/\/mivoot.com\/gt\/producto\/audifonos-alambricos-deportivos-jbl-endurance-run-azul\/","og_site_name":"Mivoot","article_publisher":"https:\/\/www.facebook.com\/mivootgt","article_modified_time":"2024-10-24T17:52:51+00:00","og_image":[{"width":400,"height":400,"url":"https:\/\/mivoot.com\/gt\/wp-content\/uploads\/2023\/06\/M2EwYTA4ZD_1-1000x1000-1.jpg","type":"image\/jpeg"}],"twitter_card":"summary_large_image","twitter_misc":{"Est. reading time":"3 minutos"},"schema":{"@context":"https:\/\/schema.org","@graph":[{"@type":"WebPage","@id":"https:\/\/mivoot.com\/gt\/producto\/audifonos-alambricos-deportivos-jbl-endurance-run-azul\/","url":"https:\/\/mivoot.com\/gt\/producto\/audifonos-alambricos-deportivos-jbl-endurance-run-azul\/","name":"Aud\u00edfonos Al\u00e1mbricos Deportivos JBL Endurance Run Azul - Mivoot","isPartOf":{"@id":"https:\/\/mivoot.com\/gt\/#website"},"primaryImageOfPage":{"@id":"https:\/\/mivoot.com\/gt\/producto\/audifonos-alambricos-deportivos-jbl-endurance-run-azul\/#primaryimage"},"image":{"@id":"https:\/\/mivoot.com\/gt\/producto\/audifonos-alambricos-deportivos-jbl-endurance-run-azul\/#primaryimage"},"thumbnailUrl":"https:\/\/mivoot.com\/gt\/wp-content\/uploads\/2023\/06\/M2EwYTA4ZD_1-1000x1000-1.jpg","datePublished":"2023-06-13T21:49:16+00:00","dateModified":"2024-10-24T17:52:51+00:00","breadcrumb":{"@id":"https:\/\/mivoot.com\/gt\/producto\/audifonos-alambricos-deportivos-jbl-endurance-run-azul\/#breadcrumb"},"inLanguage":"es","potentialAction":[{"@type":"ReadAction","target":["https:\/\/mivoot.com\/gt\/producto\/audifonos-alambricos-deportivos-jbl-endurance-run-azul\/"]}]},{"@type":"ImageObject","inLanguage":"es","@id":"https:\/\/mivoot.com\/gt\/producto\/audifonos-alambricos-deportivos-jbl-endurance-run-azul\/#primaryimage","url":"https:\/\/mivoot.com\/gt\/wp-content\/uploads\/2023\/06\/M2EwYTA4ZD_1-1000x1000-1.jpg","contentUrl":"https:\/\/mivoot.com\/gt\/wp-content\/uploads\/2023\/06\/M2EwYTA4ZD_1-1000x1000-1.jpg","width":400,"height":400},{"@type":"BreadcrumbList","@id":"https:\/\/mivoot.com\/gt\/producto\/audifonos-alambricos-deportivos-jbl-endurance-run-azul\/#breadcrumb","itemListElement":[{"@type":"ListItem","position":1,"name":"Inicio","item":"https:\/\/mivoot.com\/gt\/"},{"@type":"ListItem","position":2,"name":"Productos","item":"https:\/\/mivoot.com\/gt\/producto\/"},{"@type":"ListItem","position":3,"name":"JBL","item":"https:\/\/mivoot.com\/gt\/marca\/jbl\/"},{"@type":"ListItem","position":4,"name":"Aud\u00edfonos Al\u00e1mbricos Deportivos JBL Endurance Run Azul"}]},{"@type":"WebSite","@id":"https:\/\/mivoot.com\/gt\/#website","url":"https:\/\/mivoot.com\/gt\/","name":"Mivoot","description":"Mivoot Guatemala | Tienda Online","publisher":{"@id":"https:\/\/mivoot.com\/gt\/#organization"},"alternateName":"mivoot","potentialAction":[{"@type":"SearchAction","target":{"@type":"EntryPoint","urlTemplate":"https:\/\/mivoot.com\/gt\/?s={search_term_string}"},"query-input":{"@type":"PropertyValueSpecification","valueRequired":true,"valueName":"search_term_string"}}],"inLanguage":"es"},{"@type":"Organization","@id":"https:\/\/mivoot.com\/gt\/#organization","name":"Mivoot Guatemala","alternateName":"mivoot.com","url":"https:\/\/mivoot.com\/gt\/","logo":{"@type":"ImageObject","inLanguage":"es","@id":"https:\/\/mivoot.com\/gt\/#\/schema\/logo\/image\/","url":"https:\/\/mivoot.com\/gt\/wp-content\/uploads\/2023\/03\/cropped-icon.png","contentUrl":"https:\/\/mivoot.com\/gt\/wp-content\/uploads\/2023\/03\/cropped-icon.png","width":512,"height":512,"caption":"Mivoot Guatemala"},"image":{"@id":"https:\/\/mivoot.com\/gt\/#\/schema\/logo\/image\/"},"sameAs":["https:\/\/www.facebook.com\/mivootgt","https:\/\/instagram.com\/mivoot"]}]}},"jetpack_publicize_connections":[],"jetpack_sharing_enabled":true,"brands":[{"id":75,"name":"JBL","slug":"jbl"}],"_links":{"self":[{"href":"https:\/\/mivoot.com\/gt\/wp-json\/wp\/v2\/product\/13862","targetHints":{"allow":["GET"]}}],"collection":[{"href":"https:\/\/mivoot.com\/gt\/wp-json\/wp\/v2\/product"}],"about":[{"href":"https:\/\/mivoot.com\/gt\/wp-json\/wp\/v2\/types\/product"}],"replies":[{"embeddable":true,"href":"https:\/\/mivoot.com\/gt\/wp-json\/wp\/v2\/comments?post=13862"}],"version-history":[{"count":1,"href":"https:\/\/mivoot.com\/gt\/wp-json\/wp\/v2\/product\/13862\/revisions"}],"predecessor-version":[{"id":23384,"href":"https:\/\/mivoot.com\/gt\/wp-json\/wp\/v2\/product\/13862\/revisions\/23384"}],"wp:featuredmedia":[{"embeddable":true,"href":"https:\/\/mivoot.com\/gt\/wp-json\/wp\/v2\/media\/23382"}],"wp:attachment":[{"href":"https:\/\/mivoot.com\/gt\/wp-json\/wp\/v2\/media?parent=13862"}],"wp:term":[{"taxonomy":"pwb-brand","embeddable":true,"href":"https:\/\/mivoot.com\/gt\/wp-json\/wp\/v2\/pwb-brand?post=13862"},{"taxonomy":"product_brand","embeddable":true,"href":"https:\/\/mivoot.com\/gt\/wp-json\/wp\/v2\/product_brand?post=13862"},{"taxonomy":"product_cat","embeddable":true,"href":"https:\/\/mivoot.com\/gt\/wp-json\/wp\/v2\/product_cat?post=13862"},{"taxonomy":"product_tag","embeddable":true,"href":"https:\/\/mivoot.com\/gt\/wp-json\/wp\/v2\/product_tag?post=13862"}],"curies":[{"name":"wp","href":"https:\/\/api.w.org\/{rel}","templated":true}]}}