{"id":14318,"date":"2023-06-26T22:46:33","date_gmt":"2023-06-27T04:46:33","guid":{"rendered":"https:\/\/mivoot.com\/gt\/?post_type=product&#038;p=14318"},"modified":"2025-03-25T11:44:10","modified_gmt":"2025-03-25T17:44:10","slug":"estabilizador-de-3-ejes-para-celular-smooth-q3-combo-zhiyun","status":"publish","type":"product","link":"https:\/\/mivoot.com\/gt\/producto\/estabilizador-de-3-ejes-para-celular-smooth-q3-combo-zhiyun\/","title":{"rendered":"Estabilizador de 3 Ejes para Celular Smooth Q3 Combo Zhiyun"},"content":{"rendered":"<div class=\"celwidget aplus-module 3p-module-b aplus-standard\" data-cel-widget=\"aplus-3p-module-b\" data-csa-c-id=\"i20yyi-momkca-1ns1jr-16xr33\">\n<div class=\"aplus-module-wrapper aplus-3p-fixed-width\">\n<h3 class=\"a-spacing-mini\">Zhiyun Smooth Q3 &#8211; Ilumina para crear<\/h3>\n<p class=\"a-spacing-base\">Impulsado por el fascinante arte y la interacci\u00f3n inteligente avanzada, SMOOTH-Q3 anuncia el regreso de un cl\u00e1sico, ofreciendo una experiencia m\u00e1s inteligente en el rodaje. Con SMOOTH-Q3, un tel\u00e9fono inteligente es todo lo que necesitas para hacer una gran obra de arte con efectos sorprendentes.<\/p>\n<p class=\"a-spacing-base\">Estructura de tres ejes para un material de archivo sorprendentemente estable y suave. Dise\u00f1o de bot\u00f3n m\u00e1s claro que se adapta mejor cuando se utiliza con una sola mano. Dise\u00f1o deslizante cl\u00e1sico para que puedas disparar y empacar en cualquier momento mientras avanzas. Tornillo de bloqueo a\u00f1adido para mejorar la suavidad del deslizamiento.<\/p>\n<p><img decoding=\"async\" src=\"https:\/\/m.media-amazon.com\/images\/S\/aplus-media-library-service-media\/96ebb7e8-71da-4bda-8c43-c1415ad3c310.__CR0,0,970,600_PT0_SX970_V1___.jpg\" alt=\"Smooth Q3\" \/><\/p>\n<\/div>\n<\/div>\n<div class=\"celwidget aplus-module module-4 aplus-standard\" data-cel-widget=\"aplus-module-4\" data-csa-c-id=\"kuhrho-prmztk-o4sj27-zcsmxi\">\n<div class=\"aplus-module-wrapper apm-fixed-width\">\n<div class=\"apm-spacing\">\n<div class=\"apm-floatleft apm-fixed-width\">\n<div class=\"apm-spacing\">\n<table class=\"apm-fixed-width apm-fourthcol-table\">\n<tbody>\n<tr>\n<th class=\"apm-center\">\n<div class=\"apm-fourthcol\">\n<p><img decoding=\"async\" class=\"\" src=\"https:\/\/m.media-amazon.com\/images\/S\/aplus-media-library-service-media\/6c3a47cf-0e48-46a8-aab5-83bcc108d4a2.__CR0,0,220,220_PT0_SX220_V1___.jpg\" alt=\"Gimbal de 3 ejes elimina la sacudida\" data-src=\"https:\/\/m.media-amazon.com\/images\/S\/aplus-media-library-service-media\/6c3a47cf-0e48-46a8-aab5-83bcc108d4a2.__CR0,0,220,220_PT0_SX220_V1___.jpg\" \/><\/p>\n<\/div>\n<\/th>\n<th class=\"apm-center\">\n<div class=\"apm-fourthcol\">\n<p><img decoding=\"async\" class=\"\" src=\"https:\/\/m.media-amazon.com\/images\/S\/aplus-media-library-service-media\/766f4133-5af4-4294-a576-a1cc752ce82f.__CR0,0,220,220_PT0_SX220_V1___.jpg\" alt=\"M\u00faltiples &quot;t\u00fa&quot;, diversi\u00f3n m\u00faltiple\" data-src=\"https:\/\/m.media-amazon.com\/images\/S\/aplus-media-library-service-media\/766f4133-5af4-4294-a576-a1cc752ce82f.__CR0,0,220,220_PT0_SX220_V1___.jpg\" \/><\/p>\n<\/div>\n<\/th>\n<th class=\"apm-center\">\n<div class=\"apm-fourthcol\">\n<p><img decoding=\"async\" class=\"\" src=\"https:\/\/m.media-amazon.com\/images\/S\/aplus-media-library-service-media\/5991ad79-1a42-4eea-94d6-3cdaeb6e6729.__CR0,0,220,220_PT0_SX220_V1___.jpg\" alt=\"Zoom amplio. Y m\u00e1s amplio\" data-src=\"https:\/\/m.media-amazon.com\/images\/S\/aplus-media-library-service-media\/5991ad79-1a42-4eea-94d6-3cdaeb6e6729.__CR0,0,220,220_PT0_SX220_V1___.jpg\" \/><\/p>\n<\/div>\n<\/th>\n<th class=\"apm-center\">\n<div class=\"apm-fourthcol\">\n<p><img decoding=\"async\" class=\"\" src=\"https:\/\/m.media-amazon.com\/images\/S\/aplus-media-library-service-media\/a5c1cb39-b696-4015-85f7-fc442d2eeca0.__CR0,0,220,220_PT0_SX220_V1___.jpg\" alt=\"Zoom instant\u00e1neo de Dolly\" data-src=\"https:\/\/m.media-amazon.com\/images\/S\/aplus-media-library-service-media\/a5c1cb39-b696-4015-85f7-fc442d2eeca0.__CR0,0,220,220_PT0_SX220_V1___.jpg\" \/><\/p>\n<\/div>\n<\/th>\n<\/tr>\n<tr>\n<td class=\"apm-top\">\n<div class=\"apm-fourthcol\">\n<h4 class=\"a-spacing-mini\">Disparo antivibraciones<\/h4>\n<p class=\"a-size-small\">Equipado con un sistema de control de estabilidad de 3 ejes que mejora la estabilidad del card\u00e1n, asegurando la estabilidad de grabaci\u00f3n y transmisi\u00f3n en vivo sin sacudidas.<\/p>\n<\/div>\n<\/td>\n<td class=\"apm-top\">\n<div class=\"apm-fourthcol\">\n<h4 class=\"a-spacing-mini\">M\u00faltiples &#8220;t\u00fa&#8221;, diversi\u00f3n m\u00faltiple<\/h4>\n<p class=\"a-size-small\">Clonar en la misma pantalla con MagicClone Pano para mostrar diferentes lados de usted.<\/p>\n<\/div>\n<\/td>\n<td class=\"apm-top\">\n<div class=\"apm-fourthcol\">\n<h4 class=\"a-spacing-mini\">Zoom amplio. Y m\u00e1s amplio<\/h4>\n<p class=\"a-size-small\">Te mereces un mundo m\u00e1s amplio en tu mano. Dispara con ultra gran angular para tus vastos paisajes o \u00e1ngulos bajos.<\/p>\n<\/div>\n<\/td>\n<td class=\"apm-top\">\n<div class=\"apm-fourthcol\">\n<h4 class=\"a-spacing-mini\">Zoom instant\u00e1neo de Dolly<\/h4>\n<p class=\"a-size-small\">Obt\u00e9n Dolly Zoom instant\u00e1neo y crea cortometrajes cinematogr\u00e1ficos con solo unos sencillos pasos en la aplicaci\u00f3n.<\/p>\n<\/div>\n<\/td>\n<\/tr>\n<\/tbody>\n<\/table>\n<\/div>\n<\/div>\n<\/div>\n<\/div>\n<div><\/div>\n<\/div>\n<div class=\"celwidget aplus-module module-4 aplus-standard\" data-cel-widget=\"aplus-module-4\" data-csa-c-id=\"d7dqp-5uzaqz-fkj2jr-1nxhv3\">\n<div class=\"aplus-module-wrapper apm-fixed-width\">\n<div class=\"apm-spacing\">\n<div class=\"apm-floatleft apm-fixed-width\">\n<div class=\"apm-spacing\">\n<table class=\"apm-fixed-width apm-fourthcol-table\">\n<tbody>\n<tr>\n<th class=\"apm-center\">\n<div class=\"apm-fourthcol\">\n<p><img decoding=\"async\" class=\"\" src=\"https:\/\/m.media-amazon.com\/images\/S\/aplus-media-library-service-media\/4a447ef3-ae97-4594-9d74-81c462d9be22.__CR0,0,220,220_PT0_SX220_V1___.jpg\" alt=\"Control de gestos\" data-src=\"https:\/\/m.media-amazon.com\/images\/S\/aplus-media-library-service-media\/4a447ef3-ae97-4594-9d74-81c462d9be22.__CR0,0,220,220_PT0_SX220_V1___.jpg\" \/><\/p>\n<\/div>\n<\/th>\n<th class=\"apm-center\">\n<div class=\"apm-fourthcol\">\n<p><img decoding=\"async\" class=\"\" src=\"https:\/\/m.media-amazon.com\/images\/S\/aplus-media-library-service-media\/b40483c1-a2e5-4915-929b-6d993409f5eb.__CR0,0,220,220_PT0_SX220_V1___.jpg\" alt=\"Modo Retrato F\u00e1cil\" data-src=\"https:\/\/m.media-amazon.com\/images\/S\/aplus-media-library-service-media\/b40483c1-a2e5-4915-929b-6d993409f5eb.__CR0,0,220,220_PT0_SX220_V1___.jpg\" \/><\/p>\n<\/div>\n<\/th>\n<th class=\"apm-center\">\n<div class=\"apm-fourthcol\">\n<p><img decoding=\"async\" class=\"\" src=\"https:\/\/m.media-amazon.com\/images\/S\/aplus-media-library-service-media\/49e3e6cb-2785-4421-81ce-247337a7102f.__CR0,0,220,220_PT0_SX220_V1___.jpg\" alt=\"SmartFollow 3.0\" data-src=\"https:\/\/m.media-amazon.com\/images\/S\/aplus-media-library-service-media\/49e3e6cb-2785-4421-81ce-247337a7102f.__CR0,0,220,220_PT0_SX220_V1___.jpg\" \/><\/p>\n<\/div>\n<\/th>\n<th class=\"apm-center\">\n<div class=\"apm-fourthcol\">\n<p><img decoding=\"async\" class=\"\" src=\"https:\/\/m.media-amazon.com\/images\/S\/aplus-media-library-service-media\/e63ebdc9-08c3-4eff-b51b-25b9b0c9929e.__CR0,0,220,220_PT0_SX220_V1___.jpg\" alt=\"Aplicaci\u00f3n ZY Cami\" data-src=\"https:\/\/m.media-amazon.com\/images\/S\/aplus-media-library-service-media\/e63ebdc9-08c3-4eff-b51b-25b9b0c9929e.__CR0,0,220,220_PT0_SX220_V1___.jpg\" \/><\/p>\n<\/div>\n<\/th>\n<\/tr>\n<tr>\n<td class=\"apm-top\">\n<div class=\"apm-fourthcol\">\n<h4 class=\"a-spacing-mini\">Control de gestos<\/h4>\n<p class=\"a-size-small\">Ya sea que est\u00e9s tomando una selfie o una foto grupal, manos libres es el camino a seguir. Usa un gesto para controlar el disparo mientras puedes ser t\u00fa mismo.<\/p>\n<\/div>\n<\/td>\n<td class=\"apm-top\">\n<div class=\"apm-fourthcol\">\n<h4 class=\"a-spacing-mini\">Modo vertical f\u00e1cil<\/h4>\n<p class=\"a-size-small\">Modo vertical transferido con 2 toques simples en el bot\u00f3n. M\u00e1s conveniente para disparar en Youtube\/transmisi\u00f3n en vivo.<\/p>\n<\/div>\n<\/td>\n<td class=\"apm-top\">\n<div class=\"apm-fourthcol\">\n<h4 class=\"a-spacing-mini\">SmartFollow 3.0<\/h4>\n<p class=\"a-size-small\">Permanezca siempre en el centro de atenci\u00f3n. Active SmartFollow 3.0 con un solo toque a trav\u00e9s de la aplicaci\u00f3n. Necesita ser utilizado con la aplicaci\u00f3n ZY Cami.<\/p>\n<\/div>\n<\/td>\n<td class=\"apm-top\">\n<div class=\"apm-fourthcol\">\n<h4 class=\"a-spacing-mini\">Aplicaci\u00f3n ZY Cami<\/h4>\n<p class=\"a-size-small\">Desbloquea m\u00e1s diversi\u00f3n usando Smooth Q3 con ZY Cami, que es compatible tanto para tel\u00e9fonos iOS como Android.<\/p>\n<\/div>\n<\/td>\n<\/tr>\n<\/tbody>\n<\/table>\n<p><img decoding=\"async\" src=\"https:\/\/m.media-amazon.com\/images\/S\/aplus-media-library-service-media\/9f08d9bb-a4d9-440a-a3e6-6e23940941dd.__CR0,0,970,600_PT0_SX970_V1___.jpg\" alt=\"transmisi\u00f3n en vivo\" \/><\/p>\n<\/div>\n<\/div>\n<\/div>\n<\/div>\n<\/div>\n","protected":false},"excerpt":{"rendered":"<p>El Smooth Q3 cuenta con un LED orientable en 180 grados para que puedas usarlo con la c\u00e1mara trasera y frontal de tu m\u00f3vil. Una luz c\u00e1lida cuya intensidad puedes regular en hasta tres niveles<br \/>\nControl gestual activa la grabaci\u00f3n con tu mano y Modo vertical con presionar un bot\u00f3n.<br \/>\nLa tecnolog\u00eda SmartFollow 3.0 de Zhiyun te garantiza el seguimiento del sujeto durante toda la grabaci\u00f3n.<br \/>\nCapacidad de la bater\u00eda 1300 mAh<br \/>\nDuraci\u00f3n de la bater\u00eda Est\u00e1ndar 7h; Max 15h<br \/>\nVoltaje de carga 4.5 V ~ 5.5 V<br \/>\nCorriente de carga M\u00e1ximo 1200 mA<br \/>\nBater\u00eda: Integrada<br \/>\nAutonom\u00eda m\u00e1xima: 15 horas<br \/>\nTiempo de carga: 3 horas<br \/>\nTemperatura operacional: M\u00e1xima: 45 \u00b0C | Est\u00e1ndar: 25 \u00b0C | M\u00ednima: -10 \u00b0C<br \/>\nDimensiones: 45 x 154 x 180 mil\u00edmetros<br \/>\nPeso: 340 gramos<\/p>\n","protected":false},"featured_media":14320,"comment_status":"open","ping_status":"closed","template":"","meta":{"jetpack_publicize_message":"","jetpack_publicize_feature_enabled":true,"jetpack_social_post_already_shared":true,"jetpack_social_options":{"image_generator_settings":{"template":"highway","default_image_id":0,"font":"","enabled":false},"version":2}},"pwb-brand":[426],"product_brand":[],"product_cat":[424],"product_tag":[],"class_list":{"0":"post-14318","1":"product","2":"type-product","3":"status-publish","4":"has-post-thumbnail","6":"pwb-brand-zhiyun","7":"product_cat-estabilizadores","9":"first","10":"instock","11":"sale","12":"taxable","13":"shipping-taxable","14":"purchasable","15":"product-type-simple"},"yoast_head":"<!-- This site is optimized with the Yoast SEO Premium plugin v25.7.1 (Yoast SEO v26.8) - https:\/\/yoast.com\/product\/yoast-seo-premium-wordpress\/ -->\n<title>Estabilizador de 3 Ejes para Celular Smooth Q3 Combo Zhiyun - Mivoot<\/title>\n<meta name=\"robots\" content=\"index, follow, max-snippet:-1, max-image-preview:large, max-video-preview:-1\" \/>\n<link rel=\"canonical\" href=\"https:\/\/mivoot.com\/gt\/producto\/estabilizador-de-3-ejes-para-celular-smooth-q3-combo-zhiyun\/\" \/>\n<meta property=\"og:locale\" content=\"es_ES\" \/>\n<meta property=\"og:type\" content=\"article\" \/>\n<meta property=\"og:title\" content=\"Estabilizador de 3 Ejes para Celular Smooth Q3 Combo Zhiyun\" \/>\n<meta property=\"og:description\" content=\"El Smooth Q3 cuenta con un LED orientable en 180 grados para que puedas usarlo con la c\u00e1mara trasera y frontal de tu m\u00f3vil. Una luz c\u00e1lida cuya intensidad puedes regular en hasta tres niveles Control gestual activa la grabaci\u00f3n con tu mano y Modo vertical con presionar un bot\u00f3n. La tecnolog\u00eda SmartFollow 3.0 de Zhiyun te garantiza el seguimiento del sujeto durante toda la grabaci\u00f3n. Capacidad de la bater\u00eda 1300 mAh Duraci\u00f3n de la bater\u00eda Est\u00e1ndar 7h; Max 15h Voltaje de carga 4.5 V ~ 5.5 V Corriente de carga M\u00e1ximo 1200 mA Bater\u00eda: Integrada Autonom\u00eda m\u00e1xima: 15 horas Tiempo de carga: 3 horas Temperatura operacional: M\u00e1xima: 45 \u00b0C | Est\u00e1ndar: 25 \u00b0C | M\u00ednima: -10 \u00b0C Dimensiones: 45 x 154 x 180 mil\u00edmetros Peso: 340 gramos\" \/>\n<meta property=\"og:url\" content=\"https:\/\/mivoot.com\/gt\/producto\/estabilizador-de-3-ejes-para-celular-smooth-q3-combo-zhiyun\/\" \/>\n<meta property=\"og:site_name\" content=\"Mivoot\" \/>\n<meta property=\"article:publisher\" content=\"https:\/\/www.facebook.com\/mivootgt\" \/>\n<meta property=\"article:modified_time\" content=\"2025-03-25T17:44:10+00:00\" \/>\n<meta property=\"og:image\" content=\"https:\/\/mivoot.com\/gt\/wp-content\/uploads\/2023\/06\/Zhiyun20Smooth20Q320Combo-Estabilizador-1200x1200-1-768x768-1.jpg\" \/>\n\t<meta property=\"og:image:width\" content=\"768\" \/>\n\t<meta property=\"og:image:height\" content=\"768\" \/>\n\t<meta property=\"og:image:type\" content=\"image\/jpeg\" \/>\n<meta name=\"twitter:card\" content=\"summary_large_image\" \/>\n<meta name=\"twitter:label1\" content=\"Est. reading time\" \/>\n\t<meta name=\"twitter:data1\" content=\"4 minutos\" \/>\n<script type=\"application\/ld+json\" class=\"yoast-schema-graph\">{\"@context\":\"https:\/\/schema.org\",\"@graph\":[{\"@type\":\"WebPage\",\"@id\":\"https:\/\/mivoot.com\/gt\/producto\/estabilizador-de-3-ejes-para-celular-smooth-q3-combo-zhiyun\/\",\"url\":\"https:\/\/mivoot.com\/gt\/producto\/estabilizador-de-3-ejes-para-celular-smooth-q3-combo-zhiyun\/\",\"name\":\"Estabilizador de 3 Ejes para Celular Smooth Q3 Combo Zhiyun - Mivoot\",\"isPartOf\":{\"@id\":\"https:\/\/mivoot.com\/gt\/#website\"},\"primaryImageOfPage\":{\"@id\":\"https:\/\/mivoot.com\/gt\/producto\/estabilizador-de-3-ejes-para-celular-smooth-q3-combo-zhiyun\/#primaryimage\"},\"image\":{\"@id\":\"https:\/\/mivoot.com\/gt\/producto\/estabilizador-de-3-ejes-para-celular-smooth-q3-combo-zhiyun\/#primaryimage\"},\"thumbnailUrl\":\"https:\/\/mivoot.com\/gt\/wp-content\/uploads\/2023\/06\/Zhiyun20Smooth20Q320Combo-Estabilizador-1200x1200-1-768x768-1.jpg\",\"datePublished\":\"2023-06-27T04:46:33+00:00\",\"dateModified\":\"2025-03-25T17:44:10+00:00\",\"breadcrumb\":{\"@id\":\"https:\/\/mivoot.com\/gt\/producto\/estabilizador-de-3-ejes-para-celular-smooth-q3-combo-zhiyun\/#breadcrumb\"},\"inLanguage\":\"es\",\"potentialAction\":[{\"@type\":\"ReadAction\",\"target\":[\"https:\/\/mivoot.com\/gt\/producto\/estabilizador-de-3-ejes-para-celular-smooth-q3-combo-zhiyun\/\"]}]},{\"@type\":\"ImageObject\",\"inLanguage\":\"es\",\"@id\":\"https:\/\/mivoot.com\/gt\/producto\/estabilizador-de-3-ejes-para-celular-smooth-q3-combo-zhiyun\/#primaryimage\",\"url\":\"https:\/\/mivoot.com\/gt\/wp-content\/uploads\/2023\/06\/Zhiyun20Smooth20Q320Combo-Estabilizador-1200x1200-1-768x768-1.jpg\",\"contentUrl\":\"https:\/\/mivoot.com\/gt\/wp-content\/uploads\/2023\/06\/Zhiyun20Smooth20Q320Combo-Estabilizador-1200x1200-1-768x768-1.jpg\",\"width\":768,\"height\":768},{\"@type\":\"BreadcrumbList\",\"@id\":\"https:\/\/mivoot.com\/gt\/producto\/estabilizador-de-3-ejes-para-celular-smooth-q3-combo-zhiyun\/#breadcrumb\",\"itemListElement\":[{\"@type\":\"ListItem\",\"position\":1,\"name\":\"Inicio\",\"item\":\"https:\/\/mivoot.com\/gt\/\"},{\"@type\":\"ListItem\",\"position\":2,\"name\":\"Productos\",\"item\":\"https:\/\/mivoot.com\/gt\/producto\/\"},{\"@type\":\"ListItem\",\"position\":3,\"name\":\"Zhiyun\",\"item\":\"https:\/\/mivoot.com\/gt\/marca\/zhiyun\/\"},{\"@type\":\"ListItem\",\"position\":4,\"name\":\"Estabilizador de 3 Ejes para Celular Smooth Q3 Combo Zhiyun\"}]},{\"@type\":\"WebSite\",\"@id\":\"https:\/\/mivoot.com\/gt\/#website\",\"url\":\"https:\/\/mivoot.com\/gt\/\",\"name\":\"Mivoot\",\"description\":\"Mivoot Guatemala | Tienda Online\",\"publisher\":{\"@id\":\"https:\/\/mivoot.com\/gt\/#organization\"},\"alternateName\":\"mivoot\",\"potentialAction\":[{\"@type\":\"SearchAction\",\"target\":{\"@type\":\"EntryPoint\",\"urlTemplate\":\"https:\/\/mivoot.com\/gt\/?s={search_term_string}\"},\"query-input\":{\"@type\":\"PropertyValueSpecification\",\"valueRequired\":true,\"valueName\":\"search_term_string\"}}],\"inLanguage\":\"es\"},{\"@type\":\"Organization\",\"@id\":\"https:\/\/mivoot.com\/gt\/#organization\",\"name\":\"Mivoot Guatemala\",\"alternateName\":\"mivoot.com\",\"url\":\"https:\/\/mivoot.com\/gt\/\",\"logo\":{\"@type\":\"ImageObject\",\"inLanguage\":\"es\",\"@id\":\"https:\/\/mivoot.com\/gt\/#\/schema\/logo\/image\/\",\"url\":\"https:\/\/mivoot.com\/gt\/wp-content\/uploads\/2023\/03\/cropped-icon.png\",\"contentUrl\":\"https:\/\/mivoot.com\/gt\/wp-content\/uploads\/2023\/03\/cropped-icon.png\",\"width\":512,\"height\":512,\"caption\":\"Mivoot Guatemala\"},\"image\":{\"@id\":\"https:\/\/mivoot.com\/gt\/#\/schema\/logo\/image\/\"},\"sameAs\":[\"https:\/\/www.facebook.com\/mivootgt\",\"https:\/\/instagram.com\/mivoot\"]}]}<\/script>\n<!-- \/ Yoast SEO Premium plugin. -->","yoast_head_json":{"title":"Estabilizador de 3 Ejes para Celular Smooth Q3 Combo Zhiyun - Mivoot","robots":{"index":"index","follow":"follow","max-snippet":"max-snippet:-1","max-image-preview":"max-image-preview:large","max-video-preview":"max-video-preview:-1"},"canonical":"https:\/\/mivoot.com\/gt\/producto\/estabilizador-de-3-ejes-para-celular-smooth-q3-combo-zhiyun\/","og_locale":"es_ES","og_type":"article","og_title":"Estabilizador de 3 Ejes para Celular Smooth Q3 Combo Zhiyun","og_description":"El Smooth Q3 cuenta con un LED orientable en 180 grados para que puedas usarlo con la c\u00e1mara trasera y frontal de tu m\u00f3vil. Una luz c\u00e1lida cuya intensidad puedes regular en hasta tres niveles Control gestual activa la grabaci\u00f3n con tu mano y Modo vertical con presionar un bot\u00f3n. La tecnolog\u00eda SmartFollow 3.0 de Zhiyun te garantiza el seguimiento del sujeto durante toda la grabaci\u00f3n. Capacidad de la bater\u00eda 1300 mAh Duraci\u00f3n de la bater\u00eda Est\u00e1ndar 7h; Max 15h Voltaje de carga 4.5 V ~ 5.5 V Corriente de carga M\u00e1ximo 1200 mA Bater\u00eda: Integrada Autonom\u00eda m\u00e1xima: 15 horas Tiempo de carga: 3 horas Temperatura operacional: M\u00e1xima: 45 \u00b0C | Est\u00e1ndar: 25 \u00b0C | M\u00ednima: -10 \u00b0C Dimensiones: 45 x 154 x 180 mil\u00edmetros Peso: 340 gramos","og_url":"https:\/\/mivoot.com\/gt\/producto\/estabilizador-de-3-ejes-para-celular-smooth-q3-combo-zhiyun\/","og_site_name":"Mivoot","article_publisher":"https:\/\/www.facebook.com\/mivootgt","article_modified_time":"2025-03-25T17:44:10+00:00","og_image":[{"width":768,"height":768,"url":"https:\/\/mivoot.com\/gt\/wp-content\/uploads\/2023\/06\/Zhiyun20Smooth20Q320Combo-Estabilizador-1200x1200-1-768x768-1.jpg","type":"image\/jpeg"}],"twitter_card":"summary_large_image","twitter_misc":{"Est. reading time":"4 minutos"},"schema":{"@context":"https:\/\/schema.org","@graph":[{"@type":"WebPage","@id":"https:\/\/mivoot.com\/gt\/producto\/estabilizador-de-3-ejes-para-celular-smooth-q3-combo-zhiyun\/","url":"https:\/\/mivoot.com\/gt\/producto\/estabilizador-de-3-ejes-para-celular-smooth-q3-combo-zhiyun\/","name":"Estabilizador de 3 Ejes para Celular Smooth Q3 Combo Zhiyun - Mivoot","isPartOf":{"@id":"https:\/\/mivoot.com\/gt\/#website"},"primaryImageOfPage":{"@id":"https:\/\/mivoot.com\/gt\/producto\/estabilizador-de-3-ejes-para-celular-smooth-q3-combo-zhiyun\/#primaryimage"},"image":{"@id":"https:\/\/mivoot.com\/gt\/producto\/estabilizador-de-3-ejes-para-celular-smooth-q3-combo-zhiyun\/#primaryimage"},"thumbnailUrl":"https:\/\/mivoot.com\/gt\/wp-content\/uploads\/2023\/06\/Zhiyun20Smooth20Q320Combo-Estabilizador-1200x1200-1-768x768-1.jpg","datePublished":"2023-06-27T04:46:33+00:00","dateModified":"2025-03-25T17:44:10+00:00","breadcrumb":{"@id":"https:\/\/mivoot.com\/gt\/producto\/estabilizador-de-3-ejes-para-celular-smooth-q3-combo-zhiyun\/#breadcrumb"},"inLanguage":"es","potentialAction":[{"@type":"ReadAction","target":["https:\/\/mivoot.com\/gt\/producto\/estabilizador-de-3-ejes-para-celular-smooth-q3-combo-zhiyun\/"]}]},{"@type":"ImageObject","inLanguage":"es","@id":"https:\/\/mivoot.com\/gt\/producto\/estabilizador-de-3-ejes-para-celular-smooth-q3-combo-zhiyun\/#primaryimage","url":"https:\/\/mivoot.com\/gt\/wp-content\/uploads\/2023\/06\/Zhiyun20Smooth20Q320Combo-Estabilizador-1200x1200-1-768x768-1.jpg","contentUrl":"https:\/\/mivoot.com\/gt\/wp-content\/uploads\/2023\/06\/Zhiyun20Smooth20Q320Combo-Estabilizador-1200x1200-1-768x768-1.jpg","width":768,"height":768},{"@type":"BreadcrumbList","@id":"https:\/\/mivoot.com\/gt\/producto\/estabilizador-de-3-ejes-para-celular-smooth-q3-combo-zhiyun\/#breadcrumb","itemListElement":[{"@type":"ListItem","position":1,"name":"Inicio","item":"https:\/\/mivoot.com\/gt\/"},{"@type":"ListItem","position":2,"name":"Productos","item":"https:\/\/mivoot.com\/gt\/producto\/"},{"@type":"ListItem","position":3,"name":"Zhiyun","item":"https:\/\/mivoot.com\/gt\/marca\/zhiyun\/"},{"@type":"ListItem","position":4,"name":"Estabilizador de 3 Ejes para Celular Smooth Q3 Combo Zhiyun"}]},{"@type":"WebSite","@id":"https:\/\/mivoot.com\/gt\/#website","url":"https:\/\/mivoot.com\/gt\/","name":"Mivoot","description":"Mivoot Guatemala | Tienda Online","publisher":{"@id":"https:\/\/mivoot.com\/gt\/#organization"},"alternateName":"mivoot","potentialAction":[{"@type":"SearchAction","target":{"@type":"EntryPoint","urlTemplate":"https:\/\/mivoot.com\/gt\/?s={search_term_string}"},"query-input":{"@type":"PropertyValueSpecification","valueRequired":true,"valueName":"search_term_string"}}],"inLanguage":"es"},{"@type":"Organization","@id":"https:\/\/mivoot.com\/gt\/#organization","name":"Mivoot Guatemala","alternateName":"mivoot.com","url":"https:\/\/mivoot.com\/gt\/","logo":{"@type":"ImageObject","inLanguage":"es","@id":"https:\/\/mivoot.com\/gt\/#\/schema\/logo\/image\/","url":"https:\/\/mivoot.com\/gt\/wp-content\/uploads\/2023\/03\/cropped-icon.png","contentUrl":"https:\/\/mivoot.com\/gt\/wp-content\/uploads\/2023\/03\/cropped-icon.png","width":512,"height":512,"caption":"Mivoot Guatemala"},"image":{"@id":"https:\/\/mivoot.com\/gt\/#\/schema\/logo\/image\/"},"sameAs":["https:\/\/www.facebook.com\/mivootgt","https:\/\/instagram.com\/mivoot"]}]}},"jetpack_publicize_connections":[],"jetpack_sharing_enabled":true,"brands":[{"id":426,"name":"Zhiyun","slug":"zhiyun"}],"_links":{"self":[{"href":"https:\/\/mivoot.com\/gt\/wp-json\/wp\/v2\/product\/14318","targetHints":{"allow":["GET"]}}],"collection":[{"href":"https:\/\/mivoot.com\/gt\/wp-json\/wp\/v2\/product"}],"about":[{"href":"https:\/\/mivoot.com\/gt\/wp-json\/wp\/v2\/types\/product"}],"replies":[{"embeddable":true,"href":"https:\/\/mivoot.com\/gt\/wp-json\/wp\/v2\/comments?post=14318"}],"version-history":[{"count":1,"href":"https:\/\/mivoot.com\/gt\/wp-json\/wp\/v2\/product\/14318\/revisions"}],"predecessor-version":[{"id":14324,"href":"https:\/\/mivoot.com\/gt\/wp-json\/wp\/v2\/product\/14318\/revisions\/14324"}],"wp:featuredmedia":[{"embeddable":true,"href":"https:\/\/mivoot.com\/gt\/wp-json\/wp\/v2\/media\/14320"}],"wp:attachment":[{"href":"https:\/\/mivoot.com\/gt\/wp-json\/wp\/v2\/media?parent=14318"}],"wp:term":[{"taxonomy":"pwb-brand","embeddable":true,"href":"https:\/\/mivoot.com\/gt\/wp-json\/wp\/v2\/pwb-brand?post=14318"},{"taxonomy":"product_brand","embeddable":true,"href":"https:\/\/mivoot.com\/gt\/wp-json\/wp\/v2\/product_brand?post=14318"},{"taxonomy":"product_cat","embeddable":true,"href":"https:\/\/mivoot.com\/gt\/wp-json\/wp\/v2\/product_cat?post=14318"},{"taxonomy":"product_tag","embeddable":true,"href":"https:\/\/mivoot.com\/gt\/wp-json\/wp\/v2\/product_tag?post=14318"}],"curies":[{"name":"wp","href":"https:\/\/api.w.org\/{rel}","templated":true}]}}