{"id":14422,"date":"2023-06-29T16:40:22","date_gmt":"2023-06-29T22:40:22","guid":{"rendered":"https:\/\/mivoot.com\/gt\/?post_type=product&#038;p=14422"},"modified":"2024-10-23T10:42:14","modified_gmt":"2024-10-23T16:42:14","slug":"monitor-gaming-32-checkpoint-mox-350-curvo-165-hz-hdmi","status":"publish","type":"product","link":"https:\/\/mivoot.com\/gt\/producto\/monitor-gaming-32-checkpoint-mox-350-curvo-165-hz-hdmi\/","title":{"rendered":"Monitor Gaming 32&#8221; CheckPoint MOX-350 Curvo 165 Hz HDMI"},"content":{"rendered":"<h2>Esp<span style=\"font-size: 23.04px;color: #333333\">ecificaciones<\/span><\/h2>\n<ul>\n<li>\n<p style=\"font-size: 14.4px\"><img fetchpriority=\"high\" decoding=\"async\" class=\" wp-image-14427 alignright\" style=\"font-size: 16.56px\" src=\"https:\/\/mivoot.com\/gt\/wp-content\/uploads\/2023\/06\/image-300x300.jpeg\" alt=\"\" width=\"357\" height=\"357\" \/><\/p>\n<p class=\"mb16\"><span style=\"font-size: 115%\">Tama\u00f1o del Panel: 31.5\u201d<\/span><\/p>\n<\/li>\n<\/ul>\n<ul>\n<li>\n<p class=\"mb16\"><span style=\"font-size: 115%\">Panel: Panel VA\u00a0<\/span><\/p>\n<\/li>\n<\/ul>\n<ul>\n<li>\n<p class=\"mb16\"><span style=\"font-size: 115%\">Frecuencia de actualizaci\u00f3n: 165 Hz ultra alta velocidad<\/span><\/p>\n<\/li>\n<\/ul>\n<ul>\n<li>\n<p class=\"mb16\"><span style=\"font-size: 115%\">Resoluci\u00f3n: 1920x1080p FHD (alta definici\u00f3n completa)<\/span><\/p>\n<\/li>\n<\/ul>\n<ul>\n<li>\n<p class=\"mb16\"><span style=\"font-size: 115%\">Resoluci\u00f3n de trabajo \u00f3ptima: 1920 \u00d7 1080 a 165 Hz<\/span><\/p>\n<\/li>\n<\/ul>\n<ul>\n<li>\n<p class=\"mb16\"><span style=\"font-size: 115%\">Admite G-sync\/Freesync\u00a0<\/span><\/p>\n<\/li>\n<\/ul>\n<ul>\n<li>\n<p class=\"mb16\"><span style=\"font-size: 115%\">Tiempo de respuesta: 1ms<\/span><\/p>\n<\/li>\n<\/ul>\n<ul>\n<li>\n<p class=\"mb16\"><span style=\"font-size: 115%\">Pantalla curva<\/span><\/p>\n<\/li>\n<\/ul>\n<ul>\n<li>\n<p class=\"mb16\"><span style=\"font-size: 115%\">Compatible con filtrado de luz azul<\/span><\/p>\n<\/li>\n<\/ul>\n<ul>\n<li>\n<p class=\"mb16\"><span style=\"font-size: 115%\">C<\/span><span style=\"font-size: 115%\">apacidades sin parpadeo admitidas<\/span><\/p>\n<\/li>\n<\/ul>\n<ul>\n<li>\n<p class=\"mb16\"><span style=\"font-size: 115%\">Iluminaci\u00f3n RGB en la parte posterior del monitor (controlada en la configuraci\u00f3n)<\/span><span style=\"font-size: 115%\"><br \/>\n<\/span><\/p>\n<\/li>\n<\/ul>\n<ul>\n<li><img decoding=\"async\" class=\" wp-image-14424 alignright\" style=\"color: #555555;font-size: 16.56px\" src=\"https:\/\/mivoot.com\/gt\/wp-content\/uploads\/2023\/06\/image-1-1-300x300.jpeg\" alt=\"\" width=\"315\" height=\"315\" \/>\n<p class=\"mb16\"><span style=\"font-size: 115%\">Base: ajustable (altura, \u00e1ngulo, rotaci\u00f3n y la base es DESMONTABLE)<\/span><\/p>\n<\/li>\n<\/ul>\n<ul>\n<li>\n<p class=\"mb16\"><span style=\"font-size: 115%\">Entradas: DP (x2), HDMI (x2), Auriculares<\/span><\/p>\n<\/li>\n<\/ul>\n<ul>\n<li>\n<p class=\"mb16\"><span style=\"font-size: 115%\">Entrada de energ\u00eda: CC 19v\/3.42A<\/span><\/p>\n<\/li>\n<\/ul>\n<ul>\n<li>\n<p class=\"mb16\"><span style=\"font-size: 115%\">Consumo de energ\u00eda: normal ( \u226465 W), en espera ( \u22640,5 W)<\/span><\/p>\n<\/li>\n<\/ul>\n<ul>\n<li>\n<p class=\"mb16\"><span style=\"font-size: 115%\">Dimensiones del paquete: 890x215x555mm<\/span><\/p>\n<\/li>\n<\/ul>\n<ul>\n<li>\n<p class=\"mb16\"><span style=\"font-size: 115%\">Peso neto: 6,2 kg<\/span><\/p>\n<\/li>\n<li>\n<p class=\"mb16\"><span style=\"font-size: 115%\">Peso bruto: 8,2 kg<\/span><\/p>\n<\/li>\n<\/ul>\n","protected":false},"excerpt":{"rendered":"<p>\u25b6 Ultra alta velocidad de 165 Hz<br \/>\n\u25b6 Tiempo de respuesta: 1ms<br \/>\n\u25b6 Pantalla curva<br \/>\n\u25b6 Admite G-sync\/Freesync<br \/>\n\u25b6 1920x1080p FHD (alta definici\u00f3n completa)<br \/>\n\u25b6 Base desmontable para facilitar el transporte<\/p>\n","protected":false},"featured_media":23347,"comment_status":"open","ping_status":"closed","template":"","meta":{"jetpack_publicize_message":"","jetpack_publicize_feature_enabled":true,"jetpack_social_post_already_shared":true,"jetpack_social_options":{"image_generator_settings":{"template":"highway","default_image_id":0,"font":"","enabled":false},"version":2}},"pwb-brand":[433],"product_brand":[],"product_cat":[39],"product_tag":[],"class_list":{"0":"post-14422","1":"product","2":"type-product","3":"status-publish","4":"has-post-thumbnail","6":"pwb-brand-checkpoint","7":"product_cat-monitores","9":"first","10":"instock","11":"sale","12":"taxable","13":"shipping-taxable","14":"purchasable","15":"product-type-simple"},"yoast_head":"<!-- This site is optimized with the Yoast SEO Premium plugin v25.7.1 (Yoast SEO v26.8) - https:\/\/yoast.com\/product\/yoast-seo-premium-wordpress\/ -->\n<title>Monitor Gaming 32&#039;&#039; CheckPoint MOX-350 Curvo 165 Hz HDMI - Mivoot<\/title>\n<meta name=\"robots\" content=\"index, follow, max-snippet:-1, max-image-preview:large, max-video-preview:-1\" \/>\n<link rel=\"canonical\" href=\"https:\/\/mivoot.com\/gt\/producto\/monitor-gaming-32-checkpoint-mox-350-curvo-165-hz-hdmi\/\" \/>\n<meta property=\"og:locale\" content=\"es_ES\" \/>\n<meta property=\"og:type\" content=\"article\" \/>\n<meta property=\"og:title\" content=\"Monitor Gaming 32&#039;&#039; CheckPoint MOX-350 Curvo 165 Hz HDMI\" \/>\n<meta property=\"og:description\" content=\"\u25b6 Ultra alta velocidad de 165 Hz \u25b6 Tiempo de respuesta: 1ms \u25b6 Pantalla curva \u25b6 Admite G-sync\/Freesync \u25b6 1920x1080p FHD (alta definici\u00f3n completa) \u25b6 Base desmontable para facilitar el transporte\" \/>\n<meta property=\"og:url\" content=\"https:\/\/mivoot.com\/gt\/producto\/monitor-gaming-32-checkpoint-mox-350-curvo-165-hz-hdmi\/\" \/>\n<meta property=\"og:site_name\" content=\"Mivoot\" \/>\n<meta property=\"article:publisher\" content=\"https:\/\/www.facebook.com\/mivootgt\" \/>\n<meta property=\"article:modified_time\" content=\"2024-10-23T16:42:14+00:00\" \/>\n<meta property=\"og:image\" content=\"https:\/\/mivoot.com\/gt\/wp-content\/uploads\/2023\/06\/Monitor-Checkpoint-MOX-350-32_-Curvo-165HZ-1MS-CP-MO-1002.jpeg\" \/>\n\t<meta property=\"og:image:width\" content=\"800\" \/>\n\t<meta property=\"og:image:height\" content=\"800\" \/>\n\t<meta property=\"og:image:type\" content=\"image\/jpeg\" \/>\n<meta name=\"twitter:card\" content=\"summary_large_image\" \/>\n<meta name=\"twitter:label1\" content=\"Est. reading time\" \/>\n\t<meta name=\"twitter:data1\" content=\"1 minuto\" \/>\n<script type=\"application\/ld+json\" class=\"yoast-schema-graph\">{\"@context\":\"https:\/\/schema.org\",\"@graph\":[{\"@type\":\"WebPage\",\"@id\":\"https:\/\/mivoot.com\/gt\/producto\/monitor-gaming-32-checkpoint-mox-350-curvo-165-hz-hdmi\/\",\"url\":\"https:\/\/mivoot.com\/gt\/producto\/monitor-gaming-32-checkpoint-mox-350-curvo-165-hz-hdmi\/\",\"name\":\"Monitor Gaming 32'' CheckPoint MOX-350 Curvo 165 Hz HDMI - Mivoot\",\"isPartOf\":{\"@id\":\"https:\/\/mivoot.com\/gt\/#website\"},\"primaryImageOfPage\":{\"@id\":\"https:\/\/mivoot.com\/gt\/producto\/monitor-gaming-32-checkpoint-mox-350-curvo-165-hz-hdmi\/#primaryimage\"},\"image\":{\"@id\":\"https:\/\/mivoot.com\/gt\/producto\/monitor-gaming-32-checkpoint-mox-350-curvo-165-hz-hdmi\/#primaryimage\"},\"thumbnailUrl\":\"https:\/\/mivoot.com\/gt\/wp-content\/uploads\/2023\/06\/Monitor-Checkpoint-MOX-350-32_-Curvo-165HZ-1MS-CP-MO-1002.jpeg\",\"datePublished\":\"2023-06-29T22:40:22+00:00\",\"dateModified\":\"2024-10-23T16:42:14+00:00\",\"breadcrumb\":{\"@id\":\"https:\/\/mivoot.com\/gt\/producto\/monitor-gaming-32-checkpoint-mox-350-curvo-165-hz-hdmi\/#breadcrumb\"},\"inLanguage\":\"es\",\"potentialAction\":[{\"@type\":\"ReadAction\",\"target\":[\"https:\/\/mivoot.com\/gt\/producto\/monitor-gaming-32-checkpoint-mox-350-curvo-165-hz-hdmi\/\"]}]},{\"@type\":\"ImageObject\",\"inLanguage\":\"es\",\"@id\":\"https:\/\/mivoot.com\/gt\/producto\/monitor-gaming-32-checkpoint-mox-350-curvo-165-hz-hdmi\/#primaryimage\",\"url\":\"https:\/\/mivoot.com\/gt\/wp-content\/uploads\/2023\/06\/Monitor-Checkpoint-MOX-350-32_-Curvo-165HZ-1MS-CP-MO-1002.jpeg\",\"contentUrl\":\"https:\/\/mivoot.com\/gt\/wp-content\/uploads\/2023\/06\/Monitor-Checkpoint-MOX-350-32_-Curvo-165HZ-1MS-CP-MO-1002.jpeg\",\"width\":800,\"height\":800},{\"@type\":\"BreadcrumbList\",\"@id\":\"https:\/\/mivoot.com\/gt\/producto\/monitor-gaming-32-checkpoint-mox-350-curvo-165-hz-hdmi\/#breadcrumb\",\"itemListElement\":[{\"@type\":\"ListItem\",\"position\":1,\"name\":\"Inicio\",\"item\":\"https:\/\/mivoot.com\/gt\/\"},{\"@type\":\"ListItem\",\"position\":2,\"name\":\"Productos\",\"item\":\"https:\/\/mivoot.com\/gt\/producto\/\"},{\"@type\":\"ListItem\",\"position\":3,\"name\":\"CheckPoint\",\"item\":\"https:\/\/mivoot.com\/gt\/marca\/checkpoint\/\"},{\"@type\":\"ListItem\",\"position\":4,\"name\":\"Monitor Gaming 32&#8221; CheckPoint MOX-350 Curvo 165 Hz HDMI\"}]},{\"@type\":\"WebSite\",\"@id\":\"https:\/\/mivoot.com\/gt\/#website\",\"url\":\"https:\/\/mivoot.com\/gt\/\",\"name\":\"Mivoot\",\"description\":\"Mivoot Guatemala | Tienda Online\",\"publisher\":{\"@id\":\"https:\/\/mivoot.com\/gt\/#organization\"},\"alternateName\":\"mivoot\",\"potentialAction\":[{\"@type\":\"SearchAction\",\"target\":{\"@type\":\"EntryPoint\",\"urlTemplate\":\"https:\/\/mivoot.com\/gt\/?s={search_term_string}\"},\"query-input\":{\"@type\":\"PropertyValueSpecification\",\"valueRequired\":true,\"valueName\":\"search_term_string\"}}],\"inLanguage\":\"es\"},{\"@type\":\"Organization\",\"@id\":\"https:\/\/mivoot.com\/gt\/#organization\",\"name\":\"Mivoot Guatemala\",\"alternateName\":\"mivoot.com\",\"url\":\"https:\/\/mivoot.com\/gt\/\",\"logo\":{\"@type\":\"ImageObject\",\"inLanguage\":\"es\",\"@id\":\"https:\/\/mivoot.com\/gt\/#\/schema\/logo\/image\/\",\"url\":\"https:\/\/mivoot.com\/gt\/wp-content\/uploads\/2023\/03\/cropped-icon.png\",\"contentUrl\":\"https:\/\/mivoot.com\/gt\/wp-content\/uploads\/2023\/03\/cropped-icon.png\",\"width\":512,\"height\":512,\"caption\":\"Mivoot Guatemala\"},\"image\":{\"@id\":\"https:\/\/mivoot.com\/gt\/#\/schema\/logo\/image\/\"},\"sameAs\":[\"https:\/\/www.facebook.com\/mivootgt\",\"https:\/\/instagram.com\/mivoot\"]}]}<\/script>\n<!-- \/ Yoast SEO Premium plugin. -->","yoast_head_json":{"title":"Monitor Gaming 32'' CheckPoint MOX-350 Curvo 165 Hz HDMI - Mivoot","robots":{"index":"index","follow":"follow","max-snippet":"max-snippet:-1","max-image-preview":"max-image-preview:large","max-video-preview":"max-video-preview:-1"},"canonical":"https:\/\/mivoot.com\/gt\/producto\/monitor-gaming-32-checkpoint-mox-350-curvo-165-hz-hdmi\/","og_locale":"es_ES","og_type":"article","og_title":"Monitor Gaming 32'' CheckPoint MOX-350 Curvo 165 Hz HDMI","og_description":"\u25b6 Ultra alta velocidad de 165 Hz \u25b6 Tiempo de respuesta: 1ms \u25b6 Pantalla curva \u25b6 Admite G-sync\/Freesync \u25b6 1920x1080p FHD (alta definici\u00f3n completa) \u25b6 Base desmontable para facilitar el transporte","og_url":"https:\/\/mivoot.com\/gt\/producto\/monitor-gaming-32-checkpoint-mox-350-curvo-165-hz-hdmi\/","og_site_name":"Mivoot","article_publisher":"https:\/\/www.facebook.com\/mivootgt","article_modified_time":"2024-10-23T16:42:14+00:00","og_image":[{"width":800,"height":800,"url":"https:\/\/mivoot.com\/gt\/wp-content\/uploads\/2023\/06\/Monitor-Checkpoint-MOX-350-32_-Curvo-165HZ-1MS-CP-MO-1002.jpeg","type":"image\/jpeg"}],"twitter_card":"summary_large_image","twitter_misc":{"Est. reading time":"1 minuto"},"schema":{"@context":"https:\/\/schema.org","@graph":[{"@type":"WebPage","@id":"https:\/\/mivoot.com\/gt\/producto\/monitor-gaming-32-checkpoint-mox-350-curvo-165-hz-hdmi\/","url":"https:\/\/mivoot.com\/gt\/producto\/monitor-gaming-32-checkpoint-mox-350-curvo-165-hz-hdmi\/","name":"Monitor Gaming 32'' CheckPoint MOX-350 Curvo 165 Hz HDMI - Mivoot","isPartOf":{"@id":"https:\/\/mivoot.com\/gt\/#website"},"primaryImageOfPage":{"@id":"https:\/\/mivoot.com\/gt\/producto\/monitor-gaming-32-checkpoint-mox-350-curvo-165-hz-hdmi\/#primaryimage"},"image":{"@id":"https:\/\/mivoot.com\/gt\/producto\/monitor-gaming-32-checkpoint-mox-350-curvo-165-hz-hdmi\/#primaryimage"},"thumbnailUrl":"https:\/\/mivoot.com\/gt\/wp-content\/uploads\/2023\/06\/Monitor-Checkpoint-MOX-350-32_-Curvo-165HZ-1MS-CP-MO-1002.jpeg","datePublished":"2023-06-29T22:40:22+00:00","dateModified":"2024-10-23T16:42:14+00:00","breadcrumb":{"@id":"https:\/\/mivoot.com\/gt\/producto\/monitor-gaming-32-checkpoint-mox-350-curvo-165-hz-hdmi\/#breadcrumb"},"inLanguage":"es","potentialAction":[{"@type":"ReadAction","target":["https:\/\/mivoot.com\/gt\/producto\/monitor-gaming-32-checkpoint-mox-350-curvo-165-hz-hdmi\/"]}]},{"@type":"ImageObject","inLanguage":"es","@id":"https:\/\/mivoot.com\/gt\/producto\/monitor-gaming-32-checkpoint-mox-350-curvo-165-hz-hdmi\/#primaryimage","url":"https:\/\/mivoot.com\/gt\/wp-content\/uploads\/2023\/06\/Monitor-Checkpoint-MOX-350-32_-Curvo-165HZ-1MS-CP-MO-1002.jpeg","contentUrl":"https:\/\/mivoot.com\/gt\/wp-content\/uploads\/2023\/06\/Monitor-Checkpoint-MOX-350-32_-Curvo-165HZ-1MS-CP-MO-1002.jpeg","width":800,"height":800},{"@type":"BreadcrumbList","@id":"https:\/\/mivoot.com\/gt\/producto\/monitor-gaming-32-checkpoint-mox-350-curvo-165-hz-hdmi\/#breadcrumb","itemListElement":[{"@type":"ListItem","position":1,"name":"Inicio","item":"https:\/\/mivoot.com\/gt\/"},{"@type":"ListItem","position":2,"name":"Productos","item":"https:\/\/mivoot.com\/gt\/producto\/"},{"@type":"ListItem","position":3,"name":"CheckPoint","item":"https:\/\/mivoot.com\/gt\/marca\/checkpoint\/"},{"@type":"ListItem","position":4,"name":"Monitor Gaming 32&#8221; CheckPoint MOX-350 Curvo 165 Hz HDMI"}]},{"@type":"WebSite","@id":"https:\/\/mivoot.com\/gt\/#website","url":"https:\/\/mivoot.com\/gt\/","name":"Mivoot","description":"Mivoot Guatemala | Tienda Online","publisher":{"@id":"https:\/\/mivoot.com\/gt\/#organization"},"alternateName":"mivoot","potentialAction":[{"@type":"SearchAction","target":{"@type":"EntryPoint","urlTemplate":"https:\/\/mivoot.com\/gt\/?s={search_term_string}"},"query-input":{"@type":"PropertyValueSpecification","valueRequired":true,"valueName":"search_term_string"}}],"inLanguage":"es"},{"@type":"Organization","@id":"https:\/\/mivoot.com\/gt\/#organization","name":"Mivoot Guatemala","alternateName":"mivoot.com","url":"https:\/\/mivoot.com\/gt\/","logo":{"@type":"ImageObject","inLanguage":"es","@id":"https:\/\/mivoot.com\/gt\/#\/schema\/logo\/image\/","url":"https:\/\/mivoot.com\/gt\/wp-content\/uploads\/2023\/03\/cropped-icon.png","contentUrl":"https:\/\/mivoot.com\/gt\/wp-content\/uploads\/2023\/03\/cropped-icon.png","width":512,"height":512,"caption":"Mivoot Guatemala"},"image":{"@id":"https:\/\/mivoot.com\/gt\/#\/schema\/logo\/image\/"},"sameAs":["https:\/\/www.facebook.com\/mivootgt","https:\/\/instagram.com\/mivoot"]}]}},"jetpack_publicize_connections":[],"jetpack_sharing_enabled":true,"brands":[{"id":433,"name":"CheckPoint","slug":"checkpoint"}],"_links":{"self":[{"href":"https:\/\/mivoot.com\/gt\/wp-json\/wp\/v2\/product\/14422","targetHints":{"allow":["GET"]}}],"collection":[{"href":"https:\/\/mivoot.com\/gt\/wp-json\/wp\/v2\/product"}],"about":[{"href":"https:\/\/mivoot.com\/gt\/wp-json\/wp\/v2\/types\/product"}],"replies":[{"embeddable":true,"href":"https:\/\/mivoot.com\/gt\/wp-json\/wp\/v2\/comments?post=14422"}],"version-history":[{"count":2,"href":"https:\/\/mivoot.com\/gt\/wp-json\/wp\/v2\/product\/14422\/revisions"}],"predecessor-version":[{"id":23348,"href":"https:\/\/mivoot.com\/gt\/wp-json\/wp\/v2\/product\/14422\/revisions\/23348"}],"wp:featuredmedia":[{"embeddable":true,"href":"https:\/\/mivoot.com\/gt\/wp-json\/wp\/v2\/media\/23347"}],"wp:attachment":[{"href":"https:\/\/mivoot.com\/gt\/wp-json\/wp\/v2\/media?parent=14422"}],"wp:term":[{"taxonomy":"pwb-brand","embeddable":true,"href":"https:\/\/mivoot.com\/gt\/wp-json\/wp\/v2\/pwb-brand?post=14422"},{"taxonomy":"product_brand","embeddable":true,"href":"https:\/\/mivoot.com\/gt\/wp-json\/wp\/v2\/product_brand?post=14422"},{"taxonomy":"product_cat","embeddable":true,"href":"https:\/\/mivoot.com\/gt\/wp-json\/wp\/v2\/product_cat?post=14422"},{"taxonomy":"product_tag","embeddable":true,"href":"https:\/\/mivoot.com\/gt\/wp-json\/wp\/v2\/product_tag?post=14422"}],"curies":[{"name":"wp","href":"https:\/\/api.w.org\/{rel}","templated":true}]}}